{"id":51700,"date":"2025-09-02T12:03:49","date_gmt":"2025-09-02T12:03:49","guid":{"rendered":"https:\/\/swiftlifts.com\/build-your-lift\/"},"modified":"2026-03-03T05:35:50","modified_gmt":"2026-03-03T05:35:50","slug":"build-your-lift","status":"publish","type":"page","link":"https:\/\/swiftlifts.com\/vn\/build-your-lift\/","title":{"rendered":"Nh\u1eadn b\u00e1o gi\u00e1"},"content":{"rendered":"\n\t<section class=\"section build-your-lift-sec\" id=\"section_1902474145\">\n\t\t<div class=\"section-bg fill\" >\n\t\t\t\t\t\t\t\t\t\n\t\t\t\n\n\t\t<\/div>\n\n\t\t\n\n\t\t<div class=\"section-content relative\">\n\t\t\t\n<div class=\"row align-bottom align-center\" style=\"max-width:80%\" id=\"row-1032696067\">\n\n\t<div id=\"col-1890625712\" class=\"col medium-12 small-12 large-12\"  >\n\t\t\t\t<div class=\"col-inner text-center\"  >\n\t\t\t\n\t\t\t\n\t<div id=\"text-3346616676\" class=\"text\">\n\t\t\n<h1>Ch\u1ecdn m\u1eabu c\u1ee7a b\u1ea1n<\/h1>\n\t\t\n<style>\n#text-3346616676 {\n  font-size: 1.5rem;\n  color: rgb(0,0,0);\n}\n#text-3346616676 > * {\n  color: rgb(0,0,0);\n}\n<\/style>\n\t<\/div>\n\t\n\t\t<\/div>\n\t\t\t\t\n<style>\n#col-1890625712 > .col-inner {\n  padding: 0px 0px 0px 0px;\n  margin: 0px 0px -30px 0px;\n}\n<\/style>\n\t<\/div>\n\n\t\n\n<style>\n#row-1032696067 > .col > .col-inner {\n  padding: 20px 0px 0px 0px;\n  background-color: rgb(250, 245, 242);\n}\n<\/style>\n<\/div>\n<div class=\"row row-full-width\"  id=\"row-85224189\">\n\n\t<div id=\"col-659504264\" class=\"col medium-2 small-12 large-2\"  >\n\t\t\t\t<div class=\"col-inner\"  >\n\t\t\t\n\t\t\t\n\t\t<\/div>\n\t\t\t\t\t<\/div>\n\n\t\n\n\t<div id=\"col-147114066\" class=\"col medium-4 small-12 large-4\"  >\n\t\t\t\t<div class=\"col-inner text-center\"  >\n\t\t\t\n\t\t\t\n<p><img loading=\"lazy\" decoding=\"async\" class=\"alignnone size-medium wp-image-43181\" src=\"https:\/\/swiftlifts.com\/wp-content\/uploads\/2025\/03\/SWIFT_Pro-345x400.jpg\" alt=\"SWIFT Pro\" width=\"345\" height=\"400\" srcset=\"https:\/\/swiftlifts.com\/wp-content\/uploads\/2025\/03\/SWIFT_Pro-345x400.jpg 345w, https:\/\/swiftlifts.com\/wp-content\/uploads\/2025\/03\/SWIFT_Pro-689x800.jpg 689w, https:\/\/swiftlifts.com\/wp-content\/uploads\/2025\/03\/SWIFT_Pro-768x891.jpg 768w, https:\/\/swiftlifts.com\/wp-content\/uploads\/2025\/03\/SWIFT_Pro.jpg 896w\" sizes=\"auto, (max-width: 345px) 100vw, 345px\" \/><\/p>\n\t<div id=\"text-2091831312\" class=\"text\">\n\t\t\n<h2>M\u1eabu ti\u00ean ti\u1ebfn nh\u1ea5t c\u1ee7a ch\u00fang t\u00f4i<\/h2>\n\t\t\n<style>\n#text-2091831312 {\n  font-size: 1rem;\n  text-align: center;\n  color: #ff9196;\n}\n#text-2091831312 > * {\n  color: #ff9196;\n}\n<\/style>\n\t<\/div>\n\t\n\t<div id=\"text-3262992212\" class=\"text\">\n\t\t\n<p>m\u00e0n h\u00ecnh c\u1ea3m \u1ee9ng v\u00e0 t\u00edch h\u1ee3p nhi\u1ec1u t\u00ednh n\u0103ng th\u00f4ng minh cho m\u1ecdi th\u00e0nh vi\u00ean trong gia \u0111\u00ecnh<\/p>\n\t\t\n<style>\n#text-3262992212 {\n  text-align: center;\n  color: #ff9196;\n}\n#text-3262992212 > * {\n  color: #ff9196;\n}\n<\/style>\n\t<\/div>\n\t\n<a href=\"https:\/\/build.swiftlifts.com\/start?productTabId=5daaa054-50ac-41cd-84b4-3ce4ed07dc58&#038;productId=m7b4cc9f375947aba75e49c3431856c0&#038;market=vn&#038;language=vi&#038;state=eyJzdGVwMCI6eyJBRE1JTl9GVUxMX0JPTSI6IjAifSwiU3RlcDEiOnsiQ09VTlRSWV9PRl9JTlNUQUxMQVRJT05fdHlwZV9maWVsZCI6IklOU1RfVk5NIiwiTElGVF9NT0RFTF90eXBlX2ZpZWxkIjoiU1dJRlRfUFJPIn19\" class=\"button primary lowercase arrow-icon-button-nordic-sunset\" >\n\t\t<span>C\u1ea5u h\u00ecnh SWIFT Pro<\/span>\n\t<\/a>\n\n\t<div id=\"text-83374496\" class=\"text hidden\">\n\t\t\n<h2>SWIFT Pro<\/h2>\n<p class=\"swift-comparison-pro-text\">SWIFT Pro adalah lift rumah tercanggih kami dengan beberapa opsi untuk pengaturan yang dipersonalisasi. Available in 4 sizes and 5 different colours with a capacity of 250kg \u2013 400kg. Different floor options by Danish design company Ege Carpets, one of Europe\u2019s leading manufacturer of sustainable high-quality carpets.   <\/p>\n\t\t\n<style>\n#text-83374496 {\n  text-align: left;\n}\n<\/style>\n\t<\/div>\n\t\n\t<div id=\"text-3335514965\" class=\"text\">\n\t\t\n<p><img decoding=\"async\" src=\"https:\/\/swiftlifts.com\/wp-content\/uploads\/2024\/04\/ecodrive_2024_ns.png\" class=\"build-lift-icon\" title=\"EcoDrive 48V battery bank dynamically charged: \u2022 When traveling down \u2022 By battery charger \u2022 By solar panels (optional)\"> <img decoding=\"async\" src=\"https:\/\/swiftlifts.com\/wp-content\/uploads\/2024\/04\/touch_display_2024_ns.png\" class=\"build-lift-icon\" title=\"Touch display Intuitive design. Name your floors. Set user profiles.\"> <img decoding=\"async\" src=\"https:\/\/swiftlifts.com\/wp-content\/uploads\/2024\/04\/user-profiles_2024_ns.png\" class=\"build-lift-icon\" title=\"User profiles Set lift and door speed based on family member preferences. Kids, visitors and grandparents.\"> <img decoding=\"async\" src=\"https:\/\/swiftlifts.com\/wp-content\/uploads\/2024\/04\/customise_2024_ns.png\" class=\"build-lift-icon\" title=\"Customisable Carefully selected ArtWalls, colours, light features and flooring options to make it fit any personal preferences.\"> <img decoding=\"async\" src=\"https:\/\/swiftlifts.com\/wp-content\/uploads\/2024\/04\/sounds_2024_ns.png\" class=\"build-lift-icon\" title=\"Sound system\"> <img decoding=\"async\" src=\"https:\/\/swiftlifts.com\/wp-content\/uploads\/2024\/04\/swift_remote_2024_ns.png\" class=\"build-lift-icon\" title=\"SWIFT Remote (Option) Always connected and remotely monitored to minimize maintenance and service costs and to optimize functionality.\"> <img decoding=\"async\" src=\"https:\/\/swiftlifts.com\/wp-content\/uploads\/2024\/04\/anti-trap_2024_ns.png\" class=\"build-lift-icon\" title=\"Anti-trap system Full operation if external power failure. No need to be anxious.\"> <img decoding=\"async\" src=\"https:\/\/swiftlifts.com\/wp-content\/uploads\/2024\/04\/screwnutmotor_2024_ns.png\" class=\"build-lift-icon\" title=\"Patented (pending) drive system Most modern screw and nut system. Machine room less. State of the art 48V battery driven IPM-SynRM motor with next generation motor control technology.\"> <img decoding=\"async\" src=\"https:\/\/swiftlifts.com\/wp-content\/uploads\/2024\/04\/ce_2024_ns.png\" class=\"build-lift-icon\" title=\"Technical compliance Complies with Europe\u2019s strictest safety requirements European Machinery Directive 2006\/42\/EC. Warranty 10 years of screw and nut drive system. 5 years for the lift (requires a Support and Maintenance package).\"> <img decoding=\"async\" src=\"https:\/\/swiftlifts.com\/wp-content\/uploads\/2024\/04\/a_rated_2024_ns.png\" class=\"build-lift-icon\" title=\"A-rated energy consumption At full operation, energy consumption is similar to an A-rated dishwasher (according to VDI 4707). The market\u2019s lowest maintenance cost thanks to the EcoDrive which regenerates energy when lift goes down.\"><\/p>\n\t\t\n<style>\n#text-3335514965 {\n  text-align: center;\n}\n<\/style>\n\t<\/div>\n\t\n<div class=\"is-divider divider clearfix\" style=\"max-width:100%;height:1px;background-color:rgb(255, 145, 150);\"><\/div>\n\t\t<\/div>\n\t\t\t\t\t<\/div>\n\n\t\n\n\t<div id=\"col-2114191995\" class=\"col medium-4 small-12 large-4\"  >\n\t\t\t\t<div class=\"col-inner text-center\"  >\n\t\t\t\n\t\t\t\n<p><img loading=\"lazy\" decoding=\"async\" class=\"alignnone size-medium wp-image-43202\" src=\"https:\/\/swiftlifts.com\/wp-content\/uploads\/2025\/03\/SWIFT_Lite-345x400.jpg\" alt=\"SWIFT Lite\" width=\"345\" height=\"400\" srcset=\"https:\/\/swiftlifts.com\/wp-content\/uploads\/2025\/03\/SWIFT_Lite-345x400.jpg 345w, https:\/\/swiftlifts.com\/wp-content\/uploads\/2025\/03\/SWIFT_Lite-689x800.jpg 689w, https:\/\/swiftlifts.com\/wp-content\/uploads\/2025\/03\/SWIFT_Lite-768x891.jpg 768w, https:\/\/swiftlifts.com\/wp-content\/uploads\/2025\/03\/SWIFT_Lite.jpg 896w\" sizes=\"auto, (max-width: 345px) 100vw, 345px\" \/><\/p>\n\t<div id=\"text-2425653993\" class=\"text\">\n\t\t\n<h2>M\u1ed9t m\u1eabu ti\u1ebft ki\u1ec7m chi ph\u00ed<\/h2>\n\t\t\n<style>\n#text-2425653993 {\n  font-size: 1rem;\n  text-align: center;\n  color: rgb(30, 98, 122);\n}\n#text-2425653993 > * {\n  color: rgb(30, 98, 122);\n}\n<\/style>\n\t<\/div>\n\t\n\t<div id=\"text-926144053\" class=\"text\">\n\t\t\n<p>\u0110\u00e1p \u1ee9ng m\u1ecdi y\u00eau c\u1ea7u v\u1ec1 s\u1ef1 tho\u1ea3i m\u00e1i v\u00e0 an to\u00e0n, mang l\u1ea1i tr\u1ea3i nghi\u1ec7m s\u1eed d\u1ee5ng d\u1ec5 ch\u1ecbu v\u00e0 tin c\u1eady.<\/p>\n\t\t\n<style>\n#text-926144053 {\n  text-align: center;\n  color: rgb(30, 98, 122);\n}\n#text-926144053 > * {\n  color: rgb(30, 98, 122);\n}\n<\/style>\n\t<\/div>\n\t\n<a href=\"https:\/\/build.swiftlifts.com\/start?productTabId=5daaa054-50ac-41cd-84b4-3ce4ed07dc58&#038;productId=m7b4cc9f375947aba75e49c3431856c0&#038;market=vn&#038;language=vi&#038;state=eyJzdGVwMCI6eyJBRE1JTl9GVUxMX0JPTSI6IjAifSwiU3RlcDEiOnsiQ09VTlRSWV9PRl9JTlNUQUxMQVRJT05fdHlwZV9maWVsZCI6IklOU1RfVk5NIiwiTElGVF9NT0RFTF90eXBlX2ZpZWxkIjoiU1dJRlRfQlVER0VUIiwiQURNSU5fQ1VTVE9NQ09MT1VSIjoiTm8ifX0=\" class=\"button alert lowercase arrow-icon-button-teal\" >\n\t\t<span>C\u1ea5u h\u00ecnh SWIFT Lite<\/span>\n\t<\/a>\n\n\t<div id=\"text-3855073\" class=\"text hidden\">\n\t\t\n<h2 class=\"swift-comparison-lite-header\">SWIFT Lite<\/h2>\n<p>SWIFT Lite adalah lift rumah standar kami yang dirancang untuk memenuhi kebutuhan dengan budget yang terbatas tanpa mengorbankan gaya dan kenyamanan. Available in 4 sizes and 3 different colours with a capacity of 250kg \u2013 400kg.  <\/p>\n\t\t\n<style>\n#text-3855073 {\n  text-align: left;\n}\n<\/style>\n\t<\/div>\n\t\n\t<div id=\"text-1043495270\" class=\"text\">\n\t\t\n<p><img decoding=\"async\" src=\"https:\/\/swiftlifts.com\/wp-content\/uploads\/2024\/04\/ecodrive_2024_mt.png\" class=\"build-lift-icon\" title=\"EcoDrive 48V battery bank dynamically charged: \u2022 When traveling down \u2022 By battery charger \u2022 By solar panels (optional)\"> <img decoding=\"async\" src=\"https:\/\/swiftlifts.com\/wp-content\/uploads\/2024\/04\/swift_remote_2024_mt.png\" class=\"build-lift-icon\" title=\"SWIFT Remote (Option) Always connected and remotely monitored to minimize maintenance and service costs and to optimize functionality.\"> <img decoding=\"async\" src=\"https:\/\/swiftlifts.com\/wp-content\/uploads\/2024\/04\/anti-trap_2024_mt.png\" class=\"build-lift-icon\" title=\"Anti-trap system Full operation if external power failure. No need to be anxious.\"> <img decoding=\"async\" src=\"https:\/\/swiftlifts.com\/wp-content\/uploads\/2024\/04\/screwnutmotor_2024_mt.png\" class=\"build-lift-icon\" title=\"Patented (pending) drive system Most modern screw and nut system. Machine room less. State of the art 48V battery driven IPM-SynRM motor with next generation motor control technology.\"> <img decoding=\"async\" src=\"https:\/\/swiftlifts.com\/wp-content\/uploads\/2024\/04\/ce_2024_mt.png\" class=\"build-lift-icon\" title=\"Technical compliance Complies with Europe\u2019s strictest safety requirements European Machinery Directive 2006\/42\/EC.\"> <img decoding=\"async\" src=\"https:\/\/swiftlifts.com\/wp-content\/uploads\/2024\/04\/a_rated_2024_mt.png\" class=\"build-lift-icon\" title=\"A-rated energy consumption At full operation, energy consumption is similar to an A-rated dishwasher (according to VDI 4707). The market\u2019s lowest maintenance cost thanks to the EcoDrive which regenerates energy when lift goes down.\"><\/p>\n\t\t\n<style>\n#text-1043495270 {\n  text-align: center;\n}\n<\/style>\n\t<\/div>\n\t\n<div class=\"is-divider divider clearfix\" style=\"max-width:100%;height:1px;background-color:rgb(30, 98, 122);\"><\/div>\n\t\t<\/div>\n\t\t\t\t\t<\/div>\n\n\t\n<\/div>\n\t\t<\/div>\n\n\t\t\n<style>\n#section_1902474145 {\n  padding-top: 0px;\n  padding-bottom: 0px;\n  margin-bottom: 0px;\n  background-color: rgb(250, 245, 242);\n}\n<\/style>\n\t<\/section>\n\t\n\n","protected":false},"excerpt":{"rendered":"","protected":false},"author":1,"featured_media":0,"parent":0,"menu_order":0,"comment_status":"closed","ping_status":"closed","template":"page-blank-landingpage.php","meta":{"_acf_changed":false,"content-type":"","footnotes":""},"class_list":["post-51700","page","type-page","status-publish","hentry"],"acf":[],"yoast_head":"<!-- This site is optimized with the Yoast SEO Premium plugin v27.3 (Yoast SEO v27.4) - https:\/\/yoast.com\/product\/yoast-seo-premium-wordpress\/ -->\n<title>Nh\u1eadn b\u00e1o gi\u00e1 - SWIFT - 100% battery driven home lifts<\/title>\n<meta name=\"robots\" content=\"index, follow, max-snippet:-1, max-image-preview:large, max-video-preview:-1\" \/>\n<link rel=\"canonical\" href=\"https:\/\/swiftlifts.com\/vn\/build-your-lift\/\" \/>\n<meta property=\"og:locale\" content=\"en_US\" \/>\n<meta property=\"og:type\" content=\"article\" \/>\n<meta property=\"og:title\" content=\"Nh\u1eadn b\u00e1o gi\u00e1\" \/>\n<meta property=\"og:url\" content=\"https:\/\/swiftlifts.com\/vn\/build-your-lift\/\" \/>\n<meta property=\"og:site_name\" content=\"SWIFT - 100% battery driven home lifts\" \/>\n<meta property=\"article:publisher\" content=\"https:\/\/www.facebook.com\/swifthomelifts\" \/>\n<meta property=\"article:modified_time\" content=\"2026-03-03T05:35:50+00:00\" \/>\n<meta property=\"og:image\" content=\"https:\/\/swiftlifts.com\/wp-content\/uploads\/2025\/03\/SWIFT_Pro-345x400.jpg\" \/>\n<meta name=\"twitter:card\" content=\"summary_large_image\" \/>\n<meta name=\"twitter:label1\" content=\"Est. reading time\" \/>\n\t<meta name=\"twitter:data1\" content=\"6 minutes\" \/>\n<script type=\"application\/ld+json\" class=\"yoast-schema-graph\">{\"@context\":\"https:\\\/\\\/schema.org\",\"@graph\":[{\"@type\":\"WebPage\",\"@id\":\"https:\\\/\\\/swiftlifts.com\\\/vn\\\/build-your-lift\\\/\",\"url\":\"https:\\\/\\\/swiftlifts.com\\\/vn\\\/build-your-lift\\\/\",\"name\":\"Nh\u1eadn b\u00e1o gi\u00e1 - SWIFT - 100% battery driven home lifts\",\"isPartOf\":{\"@id\":\"https:\\\/\\\/swiftlifts.com\\\/vn\\\/#website\"},\"primaryImageOfPage\":{\"@id\":\"https:\\\/\\\/swiftlifts.com\\\/vn\\\/build-your-lift\\\/#primaryimage\"},\"image\":{\"@id\":\"https:\\\/\\\/swiftlifts.com\\\/vn\\\/build-your-lift\\\/#primaryimage\"},\"thumbnailUrl\":\"https:\\\/\\\/swiftlifts.com\\\/wp-content\\\/uploads\\\/2025\\\/03\\\/SWIFT_Pro-345x400.jpg\",\"datePublished\":\"2025-09-02T12:03:49+00:00\",\"dateModified\":\"2026-03-03T05:35:50+00:00\",\"breadcrumb\":{\"@id\":\"https:\\\/\\\/swiftlifts.com\\\/vn\\\/build-your-lift\\\/#breadcrumb\"},\"inLanguage\":\"vn-VN\",\"potentialAction\":[{\"@type\":\"ReadAction\",\"target\":[\"https:\\\/\\\/swiftlifts.com\\\/vn\\\/build-your-lift\\\/\"]}]},{\"@type\":\"ImageObject\",\"inLanguage\":\"vn-VN\",\"@id\":\"https:\\\/\\\/swiftlifts.com\\\/vn\\\/build-your-lift\\\/#primaryimage\",\"url\":\"https:\\\/\\\/swiftlifts.com\\\/wp-content\\\/uploads\\\/2025\\\/03\\\/SWIFT_Pro-345x400.jpg\",\"contentUrl\":\"https:\\\/\\\/swiftlifts.com\\\/wp-content\\\/uploads\\\/2025\\\/03\\\/SWIFT_Pro-345x400.jpg\"},{\"@type\":\"BreadcrumbList\",\"@id\":\"https:\\\/\\\/swiftlifts.com\\\/vn\\\/build-your-lift\\\/#breadcrumb\",\"itemListElement\":[{\"@type\":\"ListItem\",\"position\":1,\"name\":\"Home\",\"item\":\"https:\\\/\\\/swiftlifts.com\\\/vn\\\/\"},{\"@type\":\"ListItem\",\"position\":2,\"name\":\"Nh\u1eadn b\u00e1o gi\u00e1\"}]},{\"@type\":\"WebSite\",\"@id\":\"https:\\\/\\\/swiftlifts.com\\\/vn\\\/#website\",\"url\":\"https:\\\/\\\/swiftlifts.com\\\/vn\\\/\",\"name\":\"SWIFT - 100% battery driven home lifts\",\"description\":\"NEW WAYS TO MOVE\",\"publisher\":{\"@id\":\"https:\\\/\\\/swiftlifts.com\\\/vn\\\/#organization\"},\"potentialAction\":[{\"@type\":\"SearchAction\",\"target\":{\"@type\":\"EntryPoint\",\"urlTemplate\":\"https:\\\/\\\/swiftlifts.com\\\/vn\\\/?s={search_term_string}\"},\"query-input\":{\"@type\":\"PropertyValueSpecification\",\"valueRequired\":true,\"valueName\":\"search_term_string\"}}],\"inLanguage\":\"vn-VN\"},{\"@type\":\"Organization\",\"@id\":\"https:\\\/\\\/swiftlifts.com\\\/vn\\\/#organization\",\"name\":\"SWIFT Home Lifts\",\"url\":\"https:\\\/\\\/swiftlifts.com\\\/vn\\\/\",\"logo\":{\"@type\":\"ImageObject\",\"inLanguage\":\"vn-VN\",\"@id\":\"https:\\\/\\\/swiftlifts.com\\\/vn\\\/#\\\/schema\\\/logo\\\/image\\\/\",\"url\":\"https:\\\/\\\/swiftlifts.com\\\/wp-content\\\/uploads\\\/2025\\\/03\\\/cropped-SWIFT-Logo-Google.jpg\",\"contentUrl\":\"https:\\\/\\\/swiftlifts.com\\\/wp-content\\\/uploads\\\/2025\\\/03\\\/cropped-SWIFT-Logo-Google.jpg\",\"width\":512,\"height\":512,\"caption\":\"SWIFT Home Lifts\"},\"image\":{\"@id\":\"https:\\\/\\\/swiftlifts.com\\\/vn\\\/#\\\/schema\\\/logo\\\/image\\\/\"},\"sameAs\":[\"https:\\\/\\\/www.facebook.com\\\/swifthomelifts\",\"https:\\\/\\\/www.instagram.com\\\/swifthomelifts\\\/\",\"https:\\\/\\\/www.linkedin.com\\\/company\\\/swifthomelifts\\\/\",\"https:\\\/\\\/www.pinterest.se\\\/swifthomelifts\\\/\",\"https:\\\/\\\/www.youtube.com\\\/@swift5669\"]}]}<\/script>\n<!-- \/ Yoast SEO Premium plugin. -->","yoast_head_json":{"title":"Nh\u1eadn b\u00e1o gi\u00e1 - SWIFT - 100% battery driven home lifts","robots":{"index":"index","follow":"follow","max-snippet":"max-snippet:-1","max-image-preview":"max-image-preview:large","max-video-preview":"max-video-preview:-1"},"canonical":"https:\/\/swiftlifts.com\/vn\/build-your-lift\/","og_locale":"en_US","og_type":"article","og_title":"Nh\u1eadn b\u00e1o gi\u00e1","og_url":"https:\/\/swiftlifts.com\/vn\/build-your-lift\/","og_site_name":"SWIFT - 100% battery driven home lifts","article_publisher":"https:\/\/www.facebook.com\/swifthomelifts","article_modified_time":"2026-03-03T05:35:50+00:00","og_image":[{"url":"https:\/\/swiftlifts.com\/wp-content\/uploads\/2025\/03\/SWIFT_Pro-345x400.jpg","type":"","width":"","height":""}],"twitter_card":"summary_large_image","twitter_misc":{"Est. reading time":"6 minutes"},"schema":{"@context":"https:\/\/schema.org","@graph":[{"@type":"WebPage","@id":"https:\/\/swiftlifts.com\/vn\/build-your-lift\/","url":"https:\/\/swiftlifts.com\/vn\/build-your-lift\/","name":"Nh\u1eadn b\u00e1o gi\u00e1 - SWIFT - 100% battery driven home lifts","isPartOf":{"@id":"https:\/\/swiftlifts.com\/vn\/#website"},"primaryImageOfPage":{"@id":"https:\/\/swiftlifts.com\/vn\/build-your-lift\/#primaryimage"},"image":{"@id":"https:\/\/swiftlifts.com\/vn\/build-your-lift\/#primaryimage"},"thumbnailUrl":"https:\/\/swiftlifts.com\/wp-content\/uploads\/2025\/03\/SWIFT_Pro-345x400.jpg","datePublished":"2025-09-02T12:03:49+00:00","dateModified":"2026-03-03T05:35:50+00:00","breadcrumb":{"@id":"https:\/\/swiftlifts.com\/vn\/build-your-lift\/#breadcrumb"},"inLanguage":"vn-VN","potentialAction":[{"@type":"ReadAction","target":["https:\/\/swiftlifts.com\/vn\/build-your-lift\/"]}]},{"@type":"ImageObject","inLanguage":"vn-VN","@id":"https:\/\/swiftlifts.com\/vn\/build-your-lift\/#primaryimage","url":"https:\/\/swiftlifts.com\/wp-content\/uploads\/2025\/03\/SWIFT_Pro-345x400.jpg","contentUrl":"https:\/\/swiftlifts.com\/wp-content\/uploads\/2025\/03\/SWIFT_Pro-345x400.jpg"},{"@type":"BreadcrumbList","@id":"https:\/\/swiftlifts.com\/vn\/build-your-lift\/#breadcrumb","itemListElement":[{"@type":"ListItem","position":1,"name":"Home","item":"https:\/\/swiftlifts.com\/vn\/"},{"@type":"ListItem","position":2,"name":"Nh\u1eadn b\u00e1o gi\u00e1"}]},{"@type":"WebSite","@id":"https:\/\/swiftlifts.com\/vn\/#website","url":"https:\/\/swiftlifts.com\/vn\/","name":"SWIFT - 100% battery driven home lifts","description":"NEW WAYS TO MOVE","publisher":{"@id":"https:\/\/swiftlifts.com\/vn\/#organization"},"potentialAction":[{"@type":"SearchAction","target":{"@type":"EntryPoint","urlTemplate":"https:\/\/swiftlifts.com\/vn\/?s={search_term_string}"},"query-input":{"@type":"PropertyValueSpecification","valueRequired":true,"valueName":"search_term_string"}}],"inLanguage":"vn-VN"},{"@type":"Organization","@id":"https:\/\/swiftlifts.com\/vn\/#organization","name":"SWIFT Home Lifts","url":"https:\/\/swiftlifts.com\/vn\/","logo":{"@type":"ImageObject","inLanguage":"vn-VN","@id":"https:\/\/swiftlifts.com\/vn\/#\/schema\/logo\/image\/","url":"https:\/\/swiftlifts.com\/wp-content\/uploads\/2025\/03\/cropped-SWIFT-Logo-Google.jpg","contentUrl":"https:\/\/swiftlifts.com\/wp-content\/uploads\/2025\/03\/cropped-SWIFT-Logo-Google.jpg","width":512,"height":512,"caption":"SWIFT Home Lifts"},"image":{"@id":"https:\/\/swiftlifts.com\/vn\/#\/schema\/logo\/image\/"},"sameAs":["https:\/\/www.facebook.com\/swifthomelifts","https:\/\/www.instagram.com\/swifthomelifts\/","https:\/\/www.linkedin.com\/company\/swifthomelifts\/","https:\/\/www.pinterest.se\/swifthomelifts\/","https:\/\/www.youtube.com\/@swift5669"]}]}},"_links":{"self":[{"href":"https:\/\/swiftlifts.com\/vn\/wp-json\/wp\/v2\/pages\/51700","targetHints":{"allow":["GET"]}}],"collection":[{"href":"https:\/\/swiftlifts.com\/vn\/wp-json\/wp\/v2\/pages"}],"about":[{"href":"https:\/\/swiftlifts.com\/vn\/wp-json\/wp\/v2\/types\/page"}],"author":[{"embeddable":true,"href":"https:\/\/swiftlifts.com\/vn\/wp-json\/wp\/v2\/users\/1"}],"replies":[{"embeddable":true,"href":"https:\/\/swiftlifts.com\/vn\/wp-json\/wp\/v2\/comments?post=51700"}],"version-history":[{"count":2,"href":"https:\/\/swiftlifts.com\/vn\/wp-json\/wp\/v2\/pages\/51700\/revisions"}],"predecessor-version":[{"id":56891,"href":"https:\/\/swiftlifts.com\/vn\/wp-json\/wp\/v2\/pages\/51700\/revisions\/56891"}],"wp:attachment":[{"href":"https:\/\/swiftlifts.com\/vn\/wp-json\/wp\/v2\/media?parent=51700"}],"curies":[{"name":"wp","href":"https:\/\/api.w.org\/{rel}","templated":true}]}}