{"id":45116,"date":"2025-04-17T13:29:07","date_gmt":"2025-04-17T13:29:07","guid":{"rendered":"https:\/\/swiftlifts.com\/thank-you-build-your-lift\/"},"modified":"2025-04-17T14:06:29","modified_gmt":"2025-04-17T14:06:29","slug":"thank-you-build-your-lift","status":"publish","type":"page","link":"https:\/\/swiftlifts.com\/vn\/thank-you-build-your-lift\/","title":{"rendered":"Thank you &#8211; Build Your Lift"},"content":{"rendered":"<div class=\"row\"  id=\"row-1536949389\">\n\n\t<div id=\"col-72161645\" class=\"col medium-4 small-12 large-4\"  >\n\t\t\t\t<div class=\"col-inner\"  >\n\t\t\t\n\t\t\t\n\t\t<\/div>\n\t\t\t\t\t<\/div>\n\n\t\n\n\t<div id=\"col-205720556\" class=\"col medium-4 small-12 large-4\"  >\n\t\t\t\t<div class=\"col-inner\"  >\n\t\t\t\n\t\t\t\n\t\t<\/div>\n\t\t\t\t\t<\/div>\n\n\t\n\n\t<div id=\"col-1668761436\" class=\"col medium-4 small-12 large-4\"  >\n\t\t\t\t<div class=\"col-inner\"  >\n\t\t\t\n\t\t\t\n\t\t<\/div>\n\t\t\t\t\t<\/div>\n\n\t\n<\/div>\n<div class=\"container section-title-container\" ><h1 class=\"section-title section-title-center\"><b aria-hidden=\"true\"><\/b><span class=\"section-title-main\" >C\u1ea3m \u01a1n b\u1ea1n \u0111\u00e3 c\u1ea5u h\u00ecnh m\u1ed9t thang m\u00e1y SWIFT!<\/span><b aria-hidden=\"true\"><\/b><\/h1><\/div>\n\t<div id=\"text-267138876\" class=\"text\">\n\t\t\n<p>C\u1ea3m \u01a1n b\u1ea1n \u0111\u00e3 quan t\u00e2m \u0111\u1ebfn s\u1ea3n ph\u1ea9m c\u1ee7a ch\u00fang t\u00f4i v\u00e0 \u0111\u00e3 c\u1ea5u h\u00ecnh m\u1ed9t thang m\u00e1y gia \u0111\u00ecnh SWIFT!<\/p>\n<p>Chuy\u00ean gia thang m\u00e1y s\u1ebd s\u1edbm li\u00ean h\u1ec7 l\u1ea1i v\u1edbi b\u1ea1n.<\/p>\n\t\t\n<style>\n#text-267138876 {\n  font-size: 0.95rem;\n  text-align: center;\n}\n<\/style>\n\t<\/div>\n\t\n\n\t<section class=\"section\" id=\"section_2066950538\">\n\t\t<div class=\"section-bg fill\" >\n\t\t\t\t\t\t\t\t\t\n\t\t\t\n\n\t\t<\/div>\n\n\t\t\n\n\t\t<div class=\"section-content relative\">\n\t\t\t\n<div class=\"row\"  id=\"row-897419393\">\n\n\t<div id=\"col-675138569\" class=\"col medium-4 small-12 large-4\"  >\n\t\t\t\t<div class=\"col-inner\"  >\n\t\t\t\n\t\t\t\n<a href=\"https:\/\/swiftlifts.com\/vn\/thang-may-gia-dinh\/\" class=\"button primary lowercase arrow-icon-button-nordic-sunset\" >\n\t\t<span>T\u00ecm hi\u1ec3u th\u00eam<\/span>\n\t<\/a>\n\n\t\t<\/div>\n\t\t\t\t\t<\/div>\n\n\t\n\n\t<div id=\"col-476028597\" class=\"col medium-4 small-12 large-4\"  >\n\t\t\t\t<div class=\"col-inner\"  >\n\t\t\t\n\t\t\t\n<a href=\"https:\/\/swiftlifts.com\/en\/build-your-lift\/\" class=\"button primary lowercase arrow-icon-button-mineral-earth\" >\n\t\t<span>T\u1ea1o m\u1ed9t thang m\u00e1y m\u1edbi<\/span>\n\t<\/a>\n\n\t\t<\/div>\n\t\t\t\t\t<\/div>\n\n\t\n\n\t<div id=\"col-2087630644\" class=\"col medium-4 small-12 large-4\"  >\n\t\t\t\t<div class=\"col-inner\"  >\n\t\t\t\n\t\t\t\n<a href=\"https:\/\/swiftlifts.com\/vn\/product-catalogue\/\" class=\"button primary lowercase download-icon-button-mineral\" >\n\t\t<span>T\u1ea3i xu\u1ed1ng catalog<\/span>\n\t<\/a>\n\n\t\t<\/div>\n\t\t\t\t\t<\/div>\n\n\t\n<\/div>\n\t\t<\/div>\n\n\t\t\n<style>\n#section_2066950538 {\n  padding-top: 30px;\n  padding-bottom: 30px;\n}\n<\/style>\n\t<\/section>\n\t\n","protected":false},"excerpt":{"rendered":"","protected":false},"author":9,"featured_media":0,"parent":0,"menu_order":0,"comment_status":"closed","ping_status":"closed","template":"","meta":{"_acf_changed":false,"content-type":"","footnotes":""},"class_list":["post-45116","page","type-page","status-publish","hentry"],"acf":[],"yoast_head":"<!-- This site is optimized with the Yoast SEO Premium plugin v27.3 (Yoast SEO v27.4) - https:\/\/yoast.com\/product\/yoast-seo-premium-wordpress\/ -->\n<title>Thank you - Build Your Lift - SWIFT - 100% battery driven home lifts<\/title>\n<meta name=\"robots\" content=\"noindex, nofollow\" \/>\n<meta property=\"og:locale\" content=\"en_US\" \/>\n<meta property=\"og:type\" content=\"article\" \/>\n<meta property=\"og:title\" content=\"Thank you - Build Your Lift\" \/>\n<meta property=\"og:url\" content=\"https:\/\/swiftlifts.com\/vn\/thank-you-build-your-lift\/\" \/>\n<meta property=\"og:site_name\" content=\"SWIFT - 100% battery driven home lifts\" \/>\n<meta property=\"article:publisher\" content=\"https:\/\/www.facebook.com\/swifthomelifts\" \/>\n<meta property=\"article:modified_time\" content=\"2025-04-17T14:06:29+00:00\" \/>\n<meta name=\"twitter:card\" content=\"summary_large_image\" \/>\n<meta name=\"twitter:label1\" content=\"Est. reading time\" \/>\n\t<meta name=\"twitter:data1\" content=\"1 minute\" \/>\n<script type=\"application\/ld+json\" class=\"yoast-schema-graph\">{\"@context\":\"https:\\\/\\\/schema.org\",\"@graph\":[{\"@type\":\"WebPage\",\"@id\":\"https:\\\/\\\/swiftlifts.com\\\/vn\\\/thank-you-build-your-lift\\\/\",\"url\":\"https:\\\/\\\/swiftlifts.com\\\/vn\\\/thank-you-build-your-lift\\\/\",\"name\":\"Thank you - Build Your Lift - SWIFT - 100% battery driven home lifts\",\"isPartOf\":{\"@id\":\"https:\\\/\\\/swiftlifts.com\\\/vn\\\/#website\"},\"datePublished\":\"2025-04-17T13:29:07+00:00\",\"dateModified\":\"2025-04-17T14:06:29+00:00\",\"breadcrumb\":{\"@id\":\"https:\\\/\\\/swiftlifts.com\\\/vn\\\/thank-you-build-your-lift\\\/#breadcrumb\"},\"inLanguage\":\"vn-VN\",\"potentialAction\":[{\"@type\":\"ReadAction\",\"target\":[\"https:\\\/\\\/swiftlifts.com\\\/vn\\\/thank-you-build-your-lift\\\/\"]}]},{\"@type\":\"BreadcrumbList\",\"@id\":\"https:\\\/\\\/swiftlifts.com\\\/vn\\\/thank-you-build-your-lift\\\/#breadcrumb\",\"itemListElement\":[{\"@type\":\"ListItem\",\"position\":1,\"name\":\"Home\",\"item\":\"https:\\\/\\\/swiftlifts.com\\\/vn\\\/\"},{\"@type\":\"ListItem\",\"position\":2,\"name\":\"Thank you &#8211; Build Your Lift\"}]},{\"@type\":\"WebSite\",\"@id\":\"https:\\\/\\\/swiftlifts.com\\\/vn\\\/#website\",\"url\":\"https:\\\/\\\/swiftlifts.com\\\/vn\\\/\",\"name\":\"SWIFT - 100% battery driven home lifts\",\"description\":\"NEW WAYS TO MOVE\",\"publisher\":{\"@id\":\"https:\\\/\\\/swiftlifts.com\\\/vn\\\/#organization\"},\"potentialAction\":[{\"@type\":\"SearchAction\",\"target\":{\"@type\":\"EntryPoint\",\"urlTemplate\":\"https:\\\/\\\/swiftlifts.com\\\/vn\\\/?s={search_term_string}\"},\"query-input\":{\"@type\":\"PropertyValueSpecification\",\"valueRequired\":true,\"valueName\":\"search_term_string\"}}],\"inLanguage\":\"vn-VN\"},{\"@type\":\"Organization\",\"@id\":\"https:\\\/\\\/swiftlifts.com\\\/vn\\\/#organization\",\"name\":\"SWIFT Home Lifts\",\"url\":\"https:\\\/\\\/swiftlifts.com\\\/vn\\\/\",\"logo\":{\"@type\":\"ImageObject\",\"inLanguage\":\"vn-VN\",\"@id\":\"https:\\\/\\\/swiftlifts.com\\\/vn\\\/#\\\/schema\\\/logo\\\/image\\\/\",\"url\":\"https:\\\/\\\/swiftlifts.com\\\/wp-content\\\/uploads\\\/2025\\\/03\\\/cropped-SWIFT-Logo-Google.jpg\",\"contentUrl\":\"https:\\\/\\\/swiftlifts.com\\\/wp-content\\\/uploads\\\/2025\\\/03\\\/cropped-SWIFT-Logo-Google.jpg\",\"width\":512,\"height\":512,\"caption\":\"SWIFT Home Lifts\"},\"image\":{\"@id\":\"https:\\\/\\\/swiftlifts.com\\\/vn\\\/#\\\/schema\\\/logo\\\/image\\\/\"},\"sameAs\":[\"https:\\\/\\\/www.facebook.com\\\/swifthomelifts\",\"https:\\\/\\\/www.instagram.com\\\/swifthomelifts\\\/\",\"https:\\\/\\\/www.linkedin.com\\\/company\\\/swifthomelifts\\\/\",\"https:\\\/\\\/www.pinterest.se\\\/swifthomelifts\\\/\",\"https:\\\/\\\/www.youtube.com\\\/@swift5669\"]}]}<\/script>\n<!-- \/ Yoast SEO Premium plugin. -->","yoast_head_json":{"title":"Thank you - Build Your Lift - SWIFT - 100% battery driven home lifts","robots":{"index":"noindex","follow":"nofollow"},"og_locale":"en_US","og_type":"article","og_title":"Thank you - Build Your Lift","og_url":"https:\/\/swiftlifts.com\/vn\/thank-you-build-your-lift\/","og_site_name":"SWIFT - 100% battery driven home lifts","article_publisher":"https:\/\/www.facebook.com\/swifthomelifts","article_modified_time":"2025-04-17T14:06:29+00:00","twitter_card":"summary_large_image","twitter_misc":{"Est. reading time":"1 minute"},"schema":{"@context":"https:\/\/schema.org","@graph":[{"@type":"WebPage","@id":"https:\/\/swiftlifts.com\/vn\/thank-you-build-your-lift\/","url":"https:\/\/swiftlifts.com\/vn\/thank-you-build-your-lift\/","name":"Thank you - Build Your Lift - SWIFT - 100% battery driven home lifts","isPartOf":{"@id":"https:\/\/swiftlifts.com\/vn\/#website"},"datePublished":"2025-04-17T13:29:07+00:00","dateModified":"2025-04-17T14:06:29+00:00","breadcrumb":{"@id":"https:\/\/swiftlifts.com\/vn\/thank-you-build-your-lift\/#breadcrumb"},"inLanguage":"vn-VN","potentialAction":[{"@type":"ReadAction","target":["https:\/\/swiftlifts.com\/vn\/thank-you-build-your-lift\/"]}]},{"@type":"BreadcrumbList","@id":"https:\/\/swiftlifts.com\/vn\/thank-you-build-your-lift\/#breadcrumb","itemListElement":[{"@type":"ListItem","position":1,"name":"Home","item":"https:\/\/swiftlifts.com\/vn\/"},{"@type":"ListItem","position":2,"name":"Thank you &#8211; Build Your Lift"}]},{"@type":"WebSite","@id":"https:\/\/swiftlifts.com\/vn\/#website","url":"https:\/\/swiftlifts.com\/vn\/","name":"SWIFT - 100% battery driven home lifts","description":"NEW WAYS TO MOVE","publisher":{"@id":"https:\/\/swiftlifts.com\/vn\/#organization"},"potentialAction":[{"@type":"SearchAction","target":{"@type":"EntryPoint","urlTemplate":"https:\/\/swiftlifts.com\/vn\/?s={search_term_string}"},"query-input":{"@type":"PropertyValueSpecification","valueRequired":true,"valueName":"search_term_string"}}],"inLanguage":"vn-VN"},{"@type":"Organization","@id":"https:\/\/swiftlifts.com\/vn\/#organization","name":"SWIFT Home Lifts","url":"https:\/\/swiftlifts.com\/vn\/","logo":{"@type":"ImageObject","inLanguage":"vn-VN","@id":"https:\/\/swiftlifts.com\/vn\/#\/schema\/logo\/image\/","url":"https:\/\/swiftlifts.com\/wp-content\/uploads\/2025\/03\/cropped-SWIFT-Logo-Google.jpg","contentUrl":"https:\/\/swiftlifts.com\/wp-content\/uploads\/2025\/03\/cropped-SWIFT-Logo-Google.jpg","width":512,"height":512,"caption":"SWIFT Home Lifts"},"image":{"@id":"https:\/\/swiftlifts.com\/vn\/#\/schema\/logo\/image\/"},"sameAs":["https:\/\/www.facebook.com\/swifthomelifts","https:\/\/www.instagram.com\/swifthomelifts\/","https:\/\/www.linkedin.com\/company\/swifthomelifts\/","https:\/\/www.pinterest.se\/swifthomelifts\/","https:\/\/www.youtube.com\/@swift5669"]}]}},"_links":{"self":[{"href":"https:\/\/swiftlifts.com\/vn\/wp-json\/wp\/v2\/pages\/45116","targetHints":{"allow":["GET"]}}],"collection":[{"href":"https:\/\/swiftlifts.com\/vn\/wp-json\/wp\/v2\/pages"}],"about":[{"href":"https:\/\/swiftlifts.com\/vn\/wp-json\/wp\/v2\/types\/page"}],"author":[{"embeddable":true,"href":"https:\/\/swiftlifts.com\/vn\/wp-json\/wp\/v2\/users\/9"}],"replies":[{"embeddable":true,"href":"https:\/\/swiftlifts.com\/vn\/wp-json\/wp\/v2\/comments?post=45116"}],"version-history":[{"count":4,"href":"https:\/\/swiftlifts.com\/vn\/wp-json\/wp\/v2\/pages\/45116\/revisions"}],"predecessor-version":[{"id":45127,"href":"https:\/\/swiftlifts.com\/vn\/wp-json\/wp\/v2\/pages\/45116\/revisions\/45127"}],"wp:attachment":[{"href":"https:\/\/swiftlifts.com\/vn\/wp-json\/wp\/v2\/media?parent=45116"}],"curies":[{"name":"wp","href":"https:\/\/api.w.org\/{rel}","templated":true}]}}