{"id":37343,"date":"2024-11-26T12:26:55","date_gmt":"2024-11-26T12:26:55","guid":{"rendered":"https:\/\/swiftlifts.com\/?page_id=37343"},"modified":"2025-07-28T18:44:49","modified_gmt":"2025-07-28T18:44:49","slug":"sitemap","status":"publish","type":"page","link":"https:\/\/swiftlifts.com\/vn\/sitemap\/","title":{"rendered":"Sitemap"},"content":{"rendered":"<div class=\"dhswp-html-sitemap-wrapper\">\n<h2 class=\"dhswp-html-sitemap-post-title dhswp-page-title\">Pages<\/h2>\n<ul class=\"dhswp-html-sitemap-post-list dhswp-page-list\">\n<li><a href=\"https:\/\/swiftlifts.com\/vn\/\">Home<\/a><\/li>\n<li><a href=\"https:\/\/swiftlifts.com\/vn\/lam-sao-de-mua\/\" target=\"_blank\" rel=\"noopener\">How to buy<\/a><\/li>\n<li><a href=\"https:\/\/swiftlifts.com\/vn\/our-story\/\">Our story<\/a><\/li>\n<li><a href=\"https:\/\/swiftlifts.com\/vn\/request-a-quote\/\">Request a quote<\/a><\/li>\n<li><a href=\"https:\/\/swiftlifts.com\/vn\/support\/\">Support<\/a><\/li>\n<li><a href=\"https:\/\/swiftlifts.com\/vn\/swift-cookie-policy\/\">SWIFT Cookie Policy<\/a><\/li>\n<li><a href=\"https:\/\/swiftlifts.com\/vn\/swift-people\/\">SWIFT People<\/a><\/li>\n<li><a href=\"https:\/\/swiftlifts.com\/vn\/swift-privacy-policy\/\">SWIFT Privacy Policy<\/a><\/li>\n<li><a href=\"https:\/\/swiftlifts.com\/vn\/100-chay-bang-pin\/\" target=\"_blank\" rel=\"noopener\">100% Battery driven<\/a><\/li>\n<li><a href=\"https:\/\/swiftlifts.com\/vn\/bao-hanh-va-bao-tri\/\" target=\"_blank\" rel=\"noopener\">Warranty and Maintenance<\/a><\/li>\n<li><a href=\"https:\/\/swiftlifts.com\/vn\/test-can-you-have-a-home-lift\/\">Test &#8211; can you have a home lift?<\/a><\/li>\n<li><a href=\"https:\/\/swiftlifts.com\/vn\/about\/\">About<\/a><\/li>\n<li><a href=\"https:\/\/swiftlifts.com\/vn\/lien-he-chung-toi\/\" target=\"_blank\" rel=\"noopener\">Contact us<\/a><\/li>\n<li><a href=\"https:\/\/swiftlifts.com\/vn\/thang-may-gia-dinh\/\" target=\"_blank\" rel=\"noopener\">Domestic lifts<\/a><\/li>\n<li><a href=\"https:\/\/swiftlifts.com\/vn\/product-catalogue\/\">Product catalogue<\/a><\/li>\n<li><a href=\"https:\/\/swiftlifts.com\/vn\/products\/\">Products<\/a>\n<ul>\n<li><a href=\"https:\/\/swiftlifts.com\/vn\/products\/swift-pro-thang-may-gia-dinh-sang-trong\/\">SWIFT Pro<\/a><\/li>\n<li><a href=\"https:\/\/swiftlifts.com\/vn\/products\/swift-lite-thang-may-mini-cho-gia-dinh\/\">SWIFT Lite<\/a><\/li>\n<\/ul>\n<\/li>\n<li><a href=\"https:\/\/swiftlifts.com\/vn\/projects\/\">Projects<\/a>\n<ul>\n<li><a href=\"https:\/\/swiftlifts.com\/vn\/projects\/projects-townhouse-classia-khang-dien\/\">Projects &#8211; Townhouse Classia Khang Dien<\/a><\/li>\n<li><a href=\"https:\/\/swiftlifts.com\/vn\/projects\/projects-villa-taman-gelugor\/\">Projects &#8211; Villa Taman Gelugor<\/a><\/li>\n<li><a href=\"https:\/\/swiftlifts.com\/vn\/projects\/projects-district-5-detached-villa\/\">Projects &#8211; District 5 Detached Villa<\/a><\/li>\n<li><a href=\"https:\/\/swiftlifts.com\/vn\/projects\/projects-bay-suites-residence\/\">Projects &#8211; Bay Suites Residence<\/a><\/li>\n<li><a href=\"https:\/\/swiftlifts.com\/vn\/projects\/projects-lagenda-house\/\">Projects &#8211; Lagenda house<\/a><\/li>\n<li><a href=\"https:\/\/swiftlifts.com\/vn\/projects\/projects-townhouse-hua-lamphong\/\">Projects &#8211; Townhouse Hua Lamphong<\/a><\/li>\n<li><a href=\"https:\/\/swiftlifts.com\/vn\/projects\/projects-villa-al-hamra\/\">Projects &#8211; Villa Al Hamra<\/a><\/li>\n<li><a href=\"https:\/\/swiftlifts.com\/vn\/projects\/projects-villa-al-rabwah\/\">Projects &#8211; Villa Al Rabwah<\/a><\/li>\n<li><a href=\"https:\/\/swiftlifts.com\/vn\/projects\/projects-villa-annabel\/\">Projects &#8211; Villa Annabel<\/a><\/li>\n<li><a href=\"https:\/\/swiftlifts.com\/vn\/projects\/projects-villa-golden-mile\/\">Projects &#8211; Villa Golden Mile<\/a><\/li>\n<li><a href=\"https:\/\/swiftlifts.com\/vn\/projects\/projects-villa-ivory-tower\/\">Projects &#8211; Villa Ivory Tower<\/a><\/li>\n<li><a href=\"https:\/\/swiftlifts.com\/vn\/projects\/projects-villa-lyskulle\/\">Projects &#8211; Villa Lyskulle<\/a><\/li>\n<li><a href=\"https:\/\/swiftlifts.com\/vn\/projects\/projects-villa-vidablick\/\">Projects &#8211; Villa Vidablick<\/a><\/li>\n<li><a href=\"https:\/\/swiftlifts.com\/vn\/projects\/projects-villa-meijendel\/\">Projects &#8211; Villa Meijendel<\/a><\/li>\n<\/ul>\n<\/li>\n<\/ul>\n<\/div>\n","protected":false},"excerpt":{"rendered":"<p>Pages Home How to buy Our story Request a quote Support SWIFT Cookie Policy SWIFT People SWIFT Privacy Policy 100% Battery driven Warranty and Maintenance Test &#8211; can you have a home lift? About Contact us Domestic lifts Product catalogue Products SWIFT Pro SWIFT Lite Projects Projects &#8211; Townhouse Classia Khang Dien Projects &#8211; Villa [&#8230;]\n","protected":false},"author":9,"featured_media":0,"parent":0,"menu_order":0,"comment_status":"closed","ping_status":"closed","template":"","meta":{"_acf_changed":false,"content-type":"","footnotes":""},"class_list":["post-37343","page","type-page","status-publish","hentry"],"acf":[],"yoast_head":"<!-- This site is optimized with the Yoast SEO Premium plugin v27.3 (Yoast SEO v27.4) - https:\/\/yoast.com\/product\/yoast-seo-premium-wordpress\/ -->\n<title>S\u01a1 \u0111\u1ed3 trang web SWIFT \u2013 \u0110i\u1ec1u h\u01b0\u1edbng d\u1ec5 d\u00e0ng v\u00e0 nhanh<\/title>\n<meta name=\"description\" content=\"Truy c\u1eadp nhanh c\u00e1c d\u1ecbch v\u1ee5, gi\u1ea3i ph\u00e1p v\u00e0 th\u00f4ng tin h\u1ed7 tr\u1ee3 t\u1ea1i Vi\u1ec7t Nam qua s\u01a1 \u0111\u1ed3 trang web ch\u00ednh th\u1ee9c c\u1ee7a SWIFT Lifts.\" \/>\n<meta name=\"robots\" content=\"index, follow, max-snippet:-1, max-image-preview:large, max-video-preview:-1\" \/>\n<link rel=\"canonical\" href=\"https:\/\/swiftlifts.com\/vn\/sitemap\/\" \/>\n<meta property=\"og:locale\" content=\"en_US\" \/>\n<meta property=\"og:type\" content=\"article\" \/>\n<meta property=\"og:title\" content=\"Sitemap\" \/>\n<meta property=\"og:description\" content=\"Truy c\u1eadp nhanh c\u00e1c d\u1ecbch v\u1ee5, gi\u1ea3i ph\u00e1p v\u00e0 th\u00f4ng tin h\u1ed7 tr\u1ee3 t\u1ea1i Vi\u1ec7t Nam qua s\u01a1 \u0111\u1ed3 trang web ch\u00ednh th\u1ee9c c\u1ee7a SWIFT Lifts.\" \/>\n<meta property=\"og:url\" content=\"https:\/\/swiftlifts.com\/vn\/sitemap\/\" \/>\n<meta property=\"og:site_name\" content=\"SWIFT - 100% battery driven home lifts\" \/>\n<meta property=\"article:publisher\" content=\"https:\/\/www.facebook.com\/swifthomelifts\" \/>\n<meta property=\"article:modified_time\" content=\"2025-07-28T18:44:49+00:00\" \/>\n<meta name=\"twitter:card\" content=\"summary_large_image\" \/>\n<meta name=\"twitter:label1\" content=\"Est. reading time\" \/>\n\t<meta name=\"twitter:data1\" content=\"1 minute\" \/>\n<script type=\"application\/ld+json\" class=\"yoast-schema-graph\">{\"@context\":\"https:\\\/\\\/schema.org\",\"@graph\":[{\"@type\":\"WebPage\",\"@id\":\"https:\\\/\\\/swiftlifts.com\\\/vn\\\/sitemap\\\/\",\"url\":\"https:\\\/\\\/swiftlifts.com\\\/vn\\\/sitemap\\\/\",\"name\":\"S\u01a1 \u0111\u1ed3 trang web SWIFT \u2013 \u0110i\u1ec1u h\u01b0\u1edbng d\u1ec5 d\u00e0ng v\u00e0 nhanh\",\"isPartOf\":{\"@id\":\"https:\\\/\\\/swiftlifts.com\\\/vn\\\/#website\"},\"datePublished\":\"2024-11-26T12:26:55+00:00\",\"dateModified\":\"2025-07-28T18:44:49+00:00\",\"description\":\"Truy c\u1eadp nhanh c\u00e1c d\u1ecbch v\u1ee5, gi\u1ea3i ph\u00e1p v\u00e0 th\u00f4ng tin h\u1ed7 tr\u1ee3 t\u1ea1i Vi\u1ec7t Nam qua s\u01a1 \u0111\u1ed3 trang web ch\u00ednh th\u1ee9c c\u1ee7a SWIFT Lifts.\",\"breadcrumb\":{\"@id\":\"https:\\\/\\\/swiftlifts.com\\\/vn\\\/sitemap\\\/#breadcrumb\"},\"inLanguage\":\"vn-VN\",\"potentialAction\":[{\"@type\":\"ReadAction\",\"target\":[\"https:\\\/\\\/swiftlifts.com\\\/vn\\\/sitemap\\\/\"]}]},{\"@type\":\"BreadcrumbList\",\"@id\":\"https:\\\/\\\/swiftlifts.com\\\/vn\\\/sitemap\\\/#breadcrumb\",\"itemListElement\":[{\"@type\":\"ListItem\",\"position\":1,\"name\":\"Home\",\"item\":\"https:\\\/\\\/swiftlifts.com\\\/vn\\\/\"},{\"@type\":\"ListItem\",\"position\":2,\"name\":\"Sitemap\"}]},{\"@type\":\"WebSite\",\"@id\":\"https:\\\/\\\/swiftlifts.com\\\/vn\\\/#website\",\"url\":\"https:\\\/\\\/swiftlifts.com\\\/vn\\\/\",\"name\":\"SWIFT - 100% battery driven home lifts\",\"description\":\"NEW WAYS TO MOVE\",\"publisher\":{\"@id\":\"https:\\\/\\\/swiftlifts.com\\\/vn\\\/#organization\"},\"potentialAction\":[{\"@type\":\"SearchAction\",\"target\":{\"@type\":\"EntryPoint\",\"urlTemplate\":\"https:\\\/\\\/swiftlifts.com\\\/vn\\\/?s={search_term_string}\"},\"query-input\":{\"@type\":\"PropertyValueSpecification\",\"valueRequired\":true,\"valueName\":\"search_term_string\"}}],\"inLanguage\":\"vn-VN\"},{\"@type\":\"Organization\",\"@id\":\"https:\\\/\\\/swiftlifts.com\\\/vn\\\/#organization\",\"name\":\"SWIFT Home Lifts\",\"url\":\"https:\\\/\\\/swiftlifts.com\\\/vn\\\/\",\"logo\":{\"@type\":\"ImageObject\",\"inLanguage\":\"vn-VN\",\"@id\":\"https:\\\/\\\/swiftlifts.com\\\/vn\\\/#\\\/schema\\\/logo\\\/image\\\/\",\"url\":\"https:\\\/\\\/swiftlifts.com\\\/wp-content\\\/uploads\\\/2025\\\/03\\\/cropped-SWIFT-Logo-Google.jpg\",\"contentUrl\":\"https:\\\/\\\/swiftlifts.com\\\/wp-content\\\/uploads\\\/2025\\\/03\\\/cropped-SWIFT-Logo-Google.jpg\",\"width\":512,\"height\":512,\"caption\":\"SWIFT Home Lifts\"},\"image\":{\"@id\":\"https:\\\/\\\/swiftlifts.com\\\/vn\\\/#\\\/schema\\\/logo\\\/image\\\/\"},\"sameAs\":[\"https:\\\/\\\/www.facebook.com\\\/swifthomelifts\",\"https:\\\/\\\/www.instagram.com\\\/swifthomelifts\\\/\",\"https:\\\/\\\/www.linkedin.com\\\/company\\\/swifthomelifts\\\/\",\"https:\\\/\\\/www.pinterest.se\\\/swifthomelifts\\\/\",\"https:\\\/\\\/www.youtube.com\\\/@swift5669\"]}]}<\/script>\n<!-- \/ Yoast SEO Premium plugin. -->","yoast_head_json":{"title":"S\u01a1 \u0111\u1ed3 trang web SWIFT \u2013 \u0110i\u1ec1u h\u01b0\u1edbng d\u1ec5 d\u00e0ng v\u00e0 nhanh","description":"Truy c\u1eadp nhanh c\u00e1c d\u1ecbch v\u1ee5, gi\u1ea3i ph\u00e1p v\u00e0 th\u00f4ng tin h\u1ed7 tr\u1ee3 t\u1ea1i Vi\u1ec7t Nam qua s\u01a1 \u0111\u1ed3 trang web ch\u00ednh th\u1ee9c c\u1ee7a SWIFT Lifts.","robots":{"index":"index","follow":"follow","max-snippet":"max-snippet:-1","max-image-preview":"max-image-preview:large","max-video-preview":"max-video-preview:-1"},"canonical":"https:\/\/swiftlifts.com\/vn\/sitemap\/","og_locale":"en_US","og_type":"article","og_title":"Sitemap","og_description":"Truy c\u1eadp nhanh c\u00e1c d\u1ecbch v\u1ee5, gi\u1ea3i ph\u00e1p v\u00e0 th\u00f4ng tin h\u1ed7 tr\u1ee3 t\u1ea1i Vi\u1ec7t Nam qua s\u01a1 \u0111\u1ed3 trang web ch\u00ednh th\u1ee9c c\u1ee7a SWIFT Lifts.","og_url":"https:\/\/swiftlifts.com\/vn\/sitemap\/","og_site_name":"SWIFT - 100% battery driven home lifts","article_publisher":"https:\/\/www.facebook.com\/swifthomelifts","article_modified_time":"2025-07-28T18:44:49+00:00","twitter_card":"summary_large_image","twitter_misc":{"Est. reading time":"1 minute"},"schema":{"@context":"https:\/\/schema.org","@graph":[{"@type":"WebPage","@id":"https:\/\/swiftlifts.com\/vn\/sitemap\/","url":"https:\/\/swiftlifts.com\/vn\/sitemap\/","name":"S\u01a1 \u0111\u1ed3 trang web SWIFT \u2013 \u0110i\u1ec1u h\u01b0\u1edbng d\u1ec5 d\u00e0ng v\u00e0 nhanh","isPartOf":{"@id":"https:\/\/swiftlifts.com\/vn\/#website"},"datePublished":"2024-11-26T12:26:55+00:00","dateModified":"2025-07-28T18:44:49+00:00","description":"Truy c\u1eadp nhanh c\u00e1c d\u1ecbch v\u1ee5, gi\u1ea3i ph\u00e1p v\u00e0 th\u00f4ng tin h\u1ed7 tr\u1ee3 t\u1ea1i Vi\u1ec7t Nam qua s\u01a1 \u0111\u1ed3 trang web ch\u00ednh th\u1ee9c c\u1ee7a SWIFT Lifts.","breadcrumb":{"@id":"https:\/\/swiftlifts.com\/vn\/sitemap\/#breadcrumb"},"inLanguage":"vn-VN","potentialAction":[{"@type":"ReadAction","target":["https:\/\/swiftlifts.com\/vn\/sitemap\/"]}]},{"@type":"BreadcrumbList","@id":"https:\/\/swiftlifts.com\/vn\/sitemap\/#breadcrumb","itemListElement":[{"@type":"ListItem","position":1,"name":"Home","item":"https:\/\/swiftlifts.com\/vn\/"},{"@type":"ListItem","position":2,"name":"Sitemap"}]},{"@type":"WebSite","@id":"https:\/\/swiftlifts.com\/vn\/#website","url":"https:\/\/swiftlifts.com\/vn\/","name":"SWIFT - 100% battery driven home lifts","description":"NEW WAYS TO MOVE","publisher":{"@id":"https:\/\/swiftlifts.com\/vn\/#organization"},"potentialAction":[{"@type":"SearchAction","target":{"@type":"EntryPoint","urlTemplate":"https:\/\/swiftlifts.com\/vn\/?s={search_term_string}"},"query-input":{"@type":"PropertyValueSpecification","valueRequired":true,"valueName":"search_term_string"}}],"inLanguage":"vn-VN"},{"@type":"Organization","@id":"https:\/\/swiftlifts.com\/vn\/#organization","name":"SWIFT Home Lifts","url":"https:\/\/swiftlifts.com\/vn\/","logo":{"@type":"ImageObject","inLanguage":"vn-VN","@id":"https:\/\/swiftlifts.com\/vn\/#\/schema\/logo\/image\/","url":"https:\/\/swiftlifts.com\/wp-content\/uploads\/2025\/03\/cropped-SWIFT-Logo-Google.jpg","contentUrl":"https:\/\/swiftlifts.com\/wp-content\/uploads\/2025\/03\/cropped-SWIFT-Logo-Google.jpg","width":512,"height":512,"caption":"SWIFT Home Lifts"},"image":{"@id":"https:\/\/swiftlifts.com\/vn\/#\/schema\/logo\/image\/"},"sameAs":["https:\/\/www.facebook.com\/swifthomelifts","https:\/\/www.instagram.com\/swifthomelifts\/","https:\/\/www.linkedin.com\/company\/swifthomelifts\/","https:\/\/www.pinterest.se\/swifthomelifts\/","https:\/\/www.youtube.com\/@swift5669"]}]}},"_links":{"self":[{"href":"https:\/\/swiftlifts.com\/vn\/wp-json\/wp\/v2\/pages\/37343","targetHints":{"allow":["GET"]}}],"collection":[{"href":"https:\/\/swiftlifts.com\/vn\/wp-json\/wp\/v2\/pages"}],"about":[{"href":"https:\/\/swiftlifts.com\/vn\/wp-json\/wp\/v2\/types\/page"}],"author":[{"embeddable":true,"href":"https:\/\/swiftlifts.com\/vn\/wp-json\/wp\/v2\/users\/9"}],"replies":[{"embeddable":true,"href":"https:\/\/swiftlifts.com\/vn\/wp-json\/wp\/v2\/comments?post=37343"}],"version-history":[{"count":11,"href":"https:\/\/swiftlifts.com\/vn\/wp-json\/wp\/v2\/pages\/37343\/revisions"}],"predecessor-version":[{"id":51113,"href":"https:\/\/swiftlifts.com\/vn\/wp-json\/wp\/v2\/pages\/37343\/revisions\/51113"}],"wp:attachment":[{"href":"https:\/\/swiftlifts.com\/vn\/wp-json\/wp\/v2\/media?parent=37343"}],"curies":[{"name":"wp","href":"https:\/\/api.w.org\/{rel}","templated":true}]}}