{"id":37242,"date":"2024-11-26T02:28:36","date_gmt":"2024-11-26T02:28:36","guid":{"rendered":"https:\/\/swiftlifts.com\/projects\/projects-villa-ivory-tower\/"},"modified":"2025-07-28T18:50:56","modified_gmt":"2025-07-28T18:50:56","slug":"projects-villa-ivory-tower","status":"publish","type":"page","link":"https:\/\/swiftlifts.com\/vn\/projects\/projects-villa-ivory-tower\/","title":{"rendered":"Projects &#8211; Villa Ivory Tower"},"content":{"rendered":"\n\t<section class=\"section why_a_home_lift\" id=\"section_2073018736\">\n\t\t<div class=\"section-bg fill\" >\n\t\t\t<img loading=\"lazy\" decoding=\"async\" width=\"2560\" height=\"633\" src=\"https:\/\/swiftlifts.com\/wp-content\/uploads\/2024\/03\/project_hero_sw104xxx.jpg\" class=\"bg attachment- size-\" alt=\"project hero\" \/>\t\t\t\t\t\t\n\t\t\t\n\n\t\t<\/div>\n\n\t\t\n\n\t\t<div class=\"section-content relative\">\n\t\t\t\n<div class=\"row\" style=\"max-width:90%\" id=\"row-1241384870\">\n\n\t<div id=\"col-1256746491\" class=\"col small-12 large-12\"  >\n\t\t\t\t<div class=\"col-inner text-center\"  >\n\t\t\t\n\t\t\t\n\t<div id=\"text-1889355291\" class=\"text\">\n\t\t\n<h1>Villa Ivory Tower<\/h1>\n\t\t\n<style>\n#text-1889355291 {\n  font-size: 2rem;\n  color: rgb(255, 255, 255);\n}\n#text-1889355291 > * {\n  color: rgb(255, 255, 255);\n}\n<\/style>\n\t<\/div>\n\t\n\t\t<\/div>\n\t\t\t\t\n<style>\n#col-1256746491 > .col-inner {\n  margin: 200px 0px 0px 0px;\n}\n<\/style>\n\t<\/div>\n\n\t\n<\/div>\n\t\t<\/div>\n\n\t\t\n<style>\n#section_2073018736 {\n  padding-top: 30px;\n  padding-bottom: 30px;\n  background-color: #dbe0d1;\n}\n<\/style>\n\t<\/section>\n\t\n\n\t<section class=\"section\" id=\"section_1343162728\">\n\t\t<div class=\"section-bg fill\" >\n\t\t\t\t\t\t\t\t\t\n\t\t\t\n\n\t\t<\/div>\n\n\t\t\n\n\t\t<div class=\"section-content relative\">\n\t\t\t\n<div class=\"row row-full-width align-middle\"  id=\"row-449863922\">\n\n\t<div id=\"col-1461561745\" class=\"col medium-6 small-12 large-6\"  >\n\t\t\t\t<div class=\"col-inner\"  >\n\t\t\t\n\t\t\t\n\t<div class=\"img has-hover x md-x lg-x y md-y lg-y\" id=\"image_1806260656\">\n\t\t\t\t\t\t\t\t<div class=\"img-inner dark\" >\n\t\t\t<img loading=\"lazy\" decoding=\"async\" width=\"600\" height=\"800\" src=\"https:\/\/swiftlifts.com\/wp-content\/uploads\/2024\/03\/project_portrait_sw104xxx_04-600x800.jpg\" class=\"attachment-large size-large\" alt=\"\" srcset=\"https:\/\/swiftlifts.com\/wp-content\/uploads\/2024\/03\/project_portrait_sw104xxx_04-600x800.jpg 600w, https:\/\/swiftlifts.com\/wp-content\/uploads\/2024\/03\/project_portrait_sw104xxx_04-300x400.jpg 300w, https:\/\/swiftlifts.com\/wp-content\/uploads\/2024\/03\/project_portrait_sw104xxx_04-768x1024.jpg 768w, https:\/\/swiftlifts.com\/wp-content\/uploads\/2024\/03\/project_portrait_sw104xxx_04-1152x1536.jpg 1152w, https:\/\/swiftlifts.com\/wp-content\/uploads\/2024\/03\/project_portrait_sw104xxx_04.jpg 1200w\" sizes=\"auto, (max-width: 600px) 100vw, 600px\" \/>\t\t\t\t\t\t\n\t\t\t\t\t<\/div>\n\t\t\t\t\t\t\t\t\n<style>\n#image_1806260656 {\n  width: 100%;\n}\n<\/style>\n\t<\/div>\n\t\n\t\t<\/div>\n\t\t\t\t\n<style>\n#col-1461561745 > .col-inner {\n  padding: 0px 0px 0px 0px;\n}\n@media (min-width:550px) {\n  #col-1461561745 > .col-inner {\n    padding: 0px 0px 0px 30%;\n  }\n}\n<\/style>\n\t<\/div>\n\n\t\n\n\t<div id=\"col-1373729886\" class=\"col medium-6 small-12 large-6\"  >\n\t\t\t\t<div class=\"col-inner\"  >\n\t\t\t\n\t\t\t\n\t<div id=\"text-673950906\" class=\"text\">\n\t\t\n<h2>Villa Ivory Tower<\/h2>\n\t\t\n<style>\n#text-673950906 {\n  font-size: 1rem;\n  color: rgb(255, 145, 150);\n}\n#text-673950906 > * {\n  color: rgb(255, 145, 150);\n}\n<\/style>\n\t<\/div>\n\t\n\t<div id=\"text-584115856\" class=\"text\">\n\t\t\n<p>Ch\u00e0o m\u1eebng b\u1ea1n \u0111\u1ebfn v\u1edbi ng\u00f4i nh\u00e0 m\u01a1 \u01b0\u1edbc \u0111\u01b0\u1ee3c trang tr\u00ed theo phong c\u00e1ch T\u00e2n Trung Hoa! T\u1ea1i \u0111\u00e2y, b\u1ea1n s\u1ebd \u0111\u01b0\u1ee3c bao quanh b\u1edfi m\u1ed9t th\u1ea9m m\u1ef9 thi\u1ebft k\u1ebf k\u1ebft h\u1ee3p c\u00e1c y\u1ebfu t\u1ed1 truy\u1ec1n th\u1ed1ng c\u1ee7a Trung Hoa v\u1edbi \u1ea3nh h\u01b0\u1edfng t\u1eeb phong c\u00e1ch c\u1ed5 \u0111i\u1ec3n ph\u01b0\u01a1ng T\u00e2y.<\/p>\n<p>\u0110\u00e2y l\u00e0 m\u1ed9t c\u00e1ch di\u1ec5n gi\u1ea3i hi\u1ec7n \u0111\u1ea1i v\u1ec1 ki\u1ebfn tr\u00fac v\u00e0 thi\u1ebft k\u1ebf c\u1ed5 \u0111i\u1ec3n Trung Hoa, h\u00f2a quy\u1ec7n gi\u1eefa c\u00e1c v\u1eadt li\u1ec7u truy\u1ec1n th\u1ed1ng v\u00e0 k\u1ef9 thu\u1eadt x\u00e2y d\u1ef1ng hi\u1ec7n \u0111\u1ea1i c\u00f9ng nh\u1eefng nguy\u00ean t\u1eafc thi\u1ebft k\u1ebf ti\u00ean ti\u1ebfn. M\u1ed9t s\u1ef1 pha tr\u1ed9n phong c\u00e1ch gi\u1eefa l\u1ecbch s\u1eed v\u00e0 hi\u1ec7n \u0111\u1ea1i (v\u1edbi SWIFT Pro \u0111\u1ea1i di\u1ec7n cho y\u1ebfu t\u1ed1 hi\u1ec7n \u0111\u1ea1i v\u00e0 t\u01b0\u01a1ng lai), n\u01a1i gia \u0111\u00ecnh c\u1ee7a Villa Ivory Tower \u0111\u00e3 th\u00e0nh c\u00f4ng trong vi\u1ec7c t\u1ea1o ra n\u00e9t thi\u1ebft k\u1ebf ri\u00eang c\u1ee7a h\u1ecd.<\/p>\n<p><b>Model:<\/b> SWIFT Pro<br \/>\n<b>Floors:<\/b> 3<br \/>\n<b>Lift Size: <\/b>Large<br \/>\n<b>Lift Colour:<\/b> Traffic White<br \/>\n<b>ArtWall:<\/b> Electrical Opal<br \/>\n<b>Lift Carpet:<\/b> Stitch Black<br \/>\n<b>Location:<\/b> China<br \/>\n\t\t\n<style>\n#text-584115856 {\n  font-size: 1rem;\n  color: rgb(255, 145, 150);\n}\n#text-584115856 > * {\n  color: rgb(255, 145, 150);\n}\n<\/style>\n\t<\/div>\n\t\n<div class=\"text-right\"><div class=\"is-divider divider clearfix\" style=\"max-width:100%;background-color:rgb(255, 145, 150);\"><\/div><\/div>\n\t\t<\/div>\n\t\t\t\t\n<style>\n#col-1373729886 > .col-inner {\n  padding: 0px 0px 0px 0px;\n}\n@media (min-width:550px) {\n  #col-1373729886 > .col-inner {\n    padding: 0px 30% 0px 0px;\n  }\n}\n<\/style>\n\t<\/div>\n\n\t\n<\/div>\n\t\t<\/div>\n\n\t\t\n<style>\n#section_1343162728 {\n  padding-top: 30px;\n  padding-bottom: 30px;\n}\n<\/style>\n\t<\/section>\n\t\n\n\t<section class=\"section\" id=\"section_1196285963\">\n\t\t<div class=\"section-bg fill\" >\n\t\t\t\t\t\t\t\t\t\n\t\t\t\n\n\t\t<\/div>\n\n\t\t\n\n\t\t<div class=\"section-content relative\">\n\t\t\t\n<div class=\"row row-full-width\"  id=\"row-689992038\">\n\n\t<div id=\"col-969928141\" class=\"col small-12 large-12\"  >\n\t\t\t\t<div class=\"col-inner\"  >\n\t\t\t\n\t\t\t\n\t<div class=\"img has-hover x md-x lg-x y md-y lg-y\" id=\"image_494686093\">\n\t\t\t\t\t\t\t\t<div class=\"img-inner dark\" >\n\t\t\t<img loading=\"lazy\" decoding=\"async\" width=\"1020\" height=\"538\" src=\"https:\/\/swiftlifts.com\/wp-content\/uploads\/2024\/03\/project_landscape_sw104xxx_01-1400x738.jpg\" class=\"attachment-large size-large\" alt=\"\" srcset=\"https:\/\/swiftlifts.com\/wp-content\/uploads\/2024\/03\/project_landscape_sw104xxx_01-1400x738.jpg 1400w, https:\/\/swiftlifts.com\/wp-content\/uploads\/2024\/03\/project_landscape_sw104xxx_01-759x400.jpg 759w, https:\/\/swiftlifts.com\/wp-content\/uploads\/2024\/03\/project_landscape_sw104xxx_01-768x405.jpg 768w, https:\/\/swiftlifts.com\/wp-content\/uploads\/2024\/03\/project_landscape_sw104xxx_01-1536x809.jpg 1536w, https:\/\/swiftlifts.com\/wp-content\/uploads\/2024\/03\/project_landscape_sw104xxx_01.jpg 2000w\" sizes=\"auto, (max-width: 1020px) 100vw, 1020px\" \/>\t\t\t\t\t\t\n\t\t\t\t\t<\/div>\n\t\t\t\t\t\t\t\t\n<style>\n#image_494686093 {\n  width: 100%;\n}\n<\/style>\n\t<\/div>\n\t\n\t<div id=\"text-3413840486\" class=\"text\">\n\t\t\n<p>C\u1eeda s\u1ed5, c\u1eeda s\u1ed5 tr\u00ean t\u01b0\u1eddng, ai l\u00e0 ng\u01b0\u1eddi \u0111\u1eb9p nh\u1ea5t trong mu\u00f4n v\u00e0n? Ch\u00ednh l\u00e0 SWIFT Pro.<br \/>\n\t\t\n<style>\n#text-3413840486 {\n  font-size: 1rem;\n  color: rgb(255, 145, 150);\n}\n#text-3413840486 > * {\n  color: rgb(255, 145, 150);\n}\n<\/style>\n\t<\/div>\n\t\n\t\t<\/div>\n\t\t\t\t\n<style>\n#col-969928141 > .col-inner {\n  padding: 0px 0px 0px 0px;\n}\n@media (min-width:550px) {\n  #col-969928141 > .col-inner {\n    padding: 0px 15% 0px 15%;\n  }\n}\n<\/style>\n\t<\/div>\n\n\t\n<\/div>\n\t\t<\/div>\n\n\t\t\n<style>\n#section_1196285963 {\n  padding-top: 30px;\n  padding-bottom: 30px;\n}\n<\/style>\n\t<\/section>\n\t\n\n\t<section class=\"section\" id=\"section_250702391\">\n\t\t<div class=\"section-bg fill\" >\n\t\t\t\t\t\t\t\t\t\n\t\t\t\n\n\t\t<\/div>\n\n\t\t\n\n\t\t<div class=\"section-content relative\">\n\t\t\t\n<div class=\"row row-full-width\"  id=\"row-1066231837\">\n\n\t<div id=\"col-596113582\" class=\"col medium-6 small-12 large-6\"  >\n\t\t\t\t<div class=\"col-inner\"  >\n\t\t\t\n\t\t\t\n\t<div class=\"img has-hover x md-x lg-x y md-y lg-y\" id=\"image_880875332\">\n\t\t\t\t\t\t\t\t<div class=\"img-inner dark\" >\n\t\t\t<img loading=\"lazy\" decoding=\"async\" width=\"600\" height=\"800\" src=\"https:\/\/swiftlifts.com\/wp-content\/uploads\/2024\/03\/project_portrait_sw104xxx_01-600x800.jpg\" class=\"attachment-large size-large\" alt=\"\" srcset=\"https:\/\/swiftlifts.com\/wp-content\/uploads\/2024\/03\/project_portrait_sw104xxx_01-600x800.jpg 600w, https:\/\/swiftlifts.com\/wp-content\/uploads\/2024\/03\/project_portrait_sw104xxx_01-300x400.jpg 300w, https:\/\/swiftlifts.com\/wp-content\/uploads\/2024\/03\/project_portrait_sw104xxx_01-768x1024.jpg 768w, https:\/\/swiftlifts.com\/wp-content\/uploads\/2024\/03\/project_portrait_sw104xxx_01-1152x1536.jpg 1152w, https:\/\/swiftlifts.com\/wp-content\/uploads\/2024\/03\/project_portrait_sw104xxx_01.jpg 1200w\" sizes=\"auto, (max-width: 600px) 100vw, 600px\" \/>\t\t\t\t\t\t\n\t\t\t\t\t<\/div>\n\t\t\t\t\t\t\t\t\n<style>\n#image_880875332 {\n  width: 100%;\n}\n<\/style>\n\t<\/div>\n\t\n\t<div id=\"text-1034054491\" class=\"text\">\n\t\t\n<p>H\u01b0\u1edbng t\u1edbi nh\u1eefng v\u00ec sao v\u00e0 b\u1ea1n s\u1ebd ch\u1ea1m \u0111\u1ebfn tr\u1ea7n SWIFT Pro tuy\u1ec7t \u0111\u1ec9nh n\u00e0y.<br \/>\n\t\t\n<style>\n#text-1034054491 {\n  font-size: 1rem;\n  color: #ff9196;\n}\n#text-1034054491 > * {\n  color: #ff9196;\n}\n<\/style>\n\t<\/div>\n\t\n\t\t<\/div>\n\t\t\t\t\n<style>\n#col-596113582 > .col-inner {\n  padding: 0px 0px 0px 0px;\n}\n@media (min-width:550px) {\n  #col-596113582 > .col-inner {\n    padding: 0px 0px 0px 30%;\n  }\n}\n<\/style>\n\t<\/div>\n\n\t\n\n\t<div id=\"col-1760917281\" class=\"col medium-6 small-12 large-6\"  >\n\t\t\t\t<div class=\"col-inner\"  >\n\t\t\t\n\t\t\t\n\t<div class=\"img has-hover x md-x lg-x y md-y lg-y\" id=\"image_782721468\">\n\t\t\t\t\t\t\t\t<div class=\"img-inner dark\" >\n\t\t\t<img loading=\"lazy\" decoding=\"async\" width=\"600\" height=\"800\" src=\"https:\/\/swiftlifts.com\/wp-content\/uploads\/2024\/03\/project_portrait_sw104xxx_05-600x800.jpg\" class=\"attachment-large size-large\" alt=\"\" srcset=\"https:\/\/swiftlifts.com\/wp-content\/uploads\/2024\/03\/project_portrait_sw104xxx_05-600x800.jpg 600w, https:\/\/swiftlifts.com\/wp-content\/uploads\/2024\/03\/project_portrait_sw104xxx_05-300x400.jpg 300w, https:\/\/swiftlifts.com\/wp-content\/uploads\/2024\/03\/project_portrait_sw104xxx_05-768x1024.jpg 768w, https:\/\/swiftlifts.com\/wp-content\/uploads\/2024\/03\/project_portrait_sw104xxx_05-1152x1536.jpg 1152w, https:\/\/swiftlifts.com\/wp-content\/uploads\/2024\/03\/project_portrait_sw104xxx_05.jpg 1200w\" sizes=\"auto, (max-width: 600px) 100vw, 600px\" \/>\t\t\t\t\t\t\n\t\t\t\t\t<\/div>\n\t\t\t\t\t\t\t\t\n<style>\n#image_782721468 {\n  width: 100%;\n}\n<\/style>\n\t<\/div>\n\t\n\t<div id=\"text-2880017965\" class=\"text\">\n\t\t\n<p>S\u00e0n g\u1ed7, c\u00e1c s\u1eafc th\u00e1i kh\u00e1c nhau c\u1ee7a m\u00e0u tr\u1eafng v\u00e0 nhi\u1ec1u k\u00ednh mang l\u1ea1i c\u1ea3m gi\u00e1c s\u00e1ng s\u1ee7a v\u00e0 y\u00ean b\u00ecnh.<br \/>\n\t\t\n<style>\n#text-2880017965 {\n  font-size: 1rem;\n  color: #ff9196;\n}\n#text-2880017965 > * {\n  color: #ff9196;\n}\n<\/style>\n\t<\/div>\n\t\n\t\t<\/div>\n\t\t\t\t\n<style>\n#col-1760917281 > .col-inner {\n  padding: 0px 0px 0px 0px;\n}\n@media (min-width:550px) {\n  #col-1760917281 > .col-inner {\n    padding: 0px 30% 0px 0px;\n  }\n}\n<\/style>\n\t<\/div>\n\n\t\n<\/div>\n\t\t<\/div>\n\n\t\t\n<style>\n#section_250702391 {\n  padding-top: 30px;\n  padding-bottom: 30px;\n}\n<\/style>\n\t<\/section>\n\t\n\n\t<section class=\"section\" id=\"section_20423185\">\n\t\t<div class=\"section-bg fill\" >\n\t\t\t\t\t\t\t\t\t\n\t\t\t\n\n\t\t<\/div>\n\n\t\t\n\n\t\t<div class=\"section-content relative\">\n\t\t\t\n<div class=\"row row-full-width\"  id=\"row-1977425001\">\n\n\t<div id=\"col-817015372\" class=\"col small-12 large-12\"  >\n\t\t\t\t<div class=\"col-inner\"  >\n\t\t\t\n\t\t\t\n\t<div class=\"img has-hover x md-x lg-x y md-y lg-y\" id=\"image_13527042\">\n\t\t\t\t\t\t\t\t<div class=\"img-inner dark\" >\n\t\t\t<img loading=\"lazy\" decoding=\"async\" width=\"1020\" height=\"538\" src=\"https:\/\/swiftlifts.com\/wp-content\/uploads\/2024\/03\/project_landscape_sw104xxx_03-1400x738.jpg\" class=\"attachment-large size-large\" alt=\"\" srcset=\"https:\/\/swiftlifts.com\/wp-content\/uploads\/2024\/03\/project_landscape_sw104xxx_03-1400x738.jpg 1400w, https:\/\/swiftlifts.com\/wp-content\/uploads\/2024\/03\/project_landscape_sw104xxx_03-759x400.jpg 759w, https:\/\/swiftlifts.com\/wp-content\/uploads\/2024\/03\/project_landscape_sw104xxx_03-768x405.jpg 768w, https:\/\/swiftlifts.com\/wp-content\/uploads\/2024\/03\/project_landscape_sw104xxx_03-1536x809.jpg 1536w, https:\/\/swiftlifts.com\/wp-content\/uploads\/2024\/03\/project_landscape_sw104xxx_03.jpg 2000w\" sizes=\"auto, (max-width: 1020px) 100vw, 1020px\" \/>\t\t\t\t\t\t\n\t\t\t\t\t<\/div>\n\t\t\t\t\t\t\t\t\n<style>\n#image_13527042 {\n  width: 100%;\n}\n<\/style>\n\t<\/div>\n\t\n\t<div id=\"text-3488839074\" class=\"text\">\n\t\t\n<p>C\u1ea7u thang hay thang m\u00e1y? Gia \u0111\u00ecnh t\u1ea1i Villa Ivory Tower \u0111\u00e3 ch\u1ecdn c\u00f3 m\u1ed9t c\u1ea7u thang g\u1ed7 v\u00e0 m\u1ed9t SWIFT Pro \u0111\u1eb7t c\u1ea1nh nhau.<br \/>\n\t\t\n<style>\n#text-3488839074 {\n  font-size: 1rem;\n  color: rgb(255, 145, 150);\n}\n#text-3488839074 > * {\n  color: rgb(255, 145, 150);\n}\n<\/style>\n\t<\/div>\n\t\n\t\t<\/div>\n\t\t\t\t\n<style>\n#col-817015372 > .col-inner {\n  padding: 0px 0px 0px 0px;\n}\n@media (min-width:550px) {\n  #col-817015372 > .col-inner {\n    padding: 0px 15% 0px 15%;\n  }\n}\n<\/style>\n\t<\/div>\n\n\t\n<\/div>\n\t\t<\/div>\n\n\t\t\n<style>\n#section_20423185 {\n  padding-top: 30px;\n  padding-bottom: 30px;\n}\n<\/style>\n\t<\/section>\n\t\n\n\t<section class=\"section\" id=\"section_1966968206\">\n\t\t<div class=\"section-bg fill\" >\n\t\t\t\t\t\t\t\t\t\n\t\t\t\n\n\t\t<\/div>\n\n\t\t\n\n\t\t<div class=\"section-content relative\">\n\t\t\t\n<div class=\"row row-full-width\"  id=\"row-1832547986\">\n\n\t<div id=\"col-1077825186\" class=\"col medium-6 small-12 large-6\"  >\n\t\t\t\t<div class=\"col-inner text-center\"  >\n\t\t\t\n\t\t\t\n<a href=\"https:\/\/swiftlifts.com\/vn\/projects\/\" class=\"button alert lowercase\" >\n\t\t<span>Click here to see more projects<\/span>\n\t<\/a>\n\n\t\t<\/div>\n\t\t\t\t\n<style>\n#col-1077825186 > .col-inner {\n  padding: 0px 0px 0px 0px;\n}\n@media (min-width:550px) {\n  #col-1077825186 > .col-inner {\n    padding: 0px 0px 0px 30%;\n  }\n}\n<\/style>\n\t<\/div>\n\n\t\n\n\t<div id=\"col-337045725\" class=\"col medium-6 small-12 large-6\"  >\n\t\t\t\t<div class=\"col-inner text-center\"  >\n\t\t\t\n\t\t\t\n<a href=\"https:\/\/swiftlifts.com\/vn\/products\/swift-pro-thang-may-gia-dinh-sang-trong\/\" class=\"button primary lowercase\" >\n\t\t<span>SWIFT Pro product page<\/span>\n\t<\/a>\n\n\t\t<\/div>\n\t\t\t\t\n<style>\n#col-337045725 > .col-inner {\n  padding: 0px 0px 0px 0px;\n}\n@media (min-width:550px) {\n  #col-337045725 > .col-inner {\n    padding: 0px 30% 0px 0%;\n  }\n}\n<\/style>\n\t<\/div>\n\n\t\n<\/div>\n\t\t<\/div>\n\n\t\t\n<style>\n#section_1966968206 {\n  padding-top: 30px;\n  padding-bottom: 30px;\n}\n<\/style>\n\t<\/section>\n\t\n","protected":false},"excerpt":{"rendered":"","protected":false},"author":9,"featured_media":0,"parent":34667,"menu_order":0,"comment_status":"closed","ping_status":"closed","template":"page-transparent-header.php","meta":{"_acf_changed":false,"content-type":"","footnotes":""},"class_list":["post-37242","page","type-page","status-publish","hentry"],"acf":[],"yoast_head":"<!-- This site is optimized with the Yoast SEO Premium plugin v27.3 (Yoast SEO v27.4) - https:\/\/yoast.com\/product\/yoast-seo-premium-wordpress\/ -->\n<title>Thang m\u00e1y SWIFT t\u1ea1i d\u1ef1 \u00e1n Villa Ivory Tower cao c\u1ea5p<\/title>\n<meta name=\"description\" content=\"Villa Ivory Tower k\u1ebft h\u1ee3p ki\u1ebfn tr\u00fac Trung Hoa hi\u1ec7n \u0111\u1ea1i v\u00e0 truy\u1ec1n th\u1ed1ng, c\u00f3 t\u00edch h\u1ee3p thang m\u00e1y SWIFT \u0111\u1ea7y tinh t\u1ebf.\" \/>\n<meta name=\"robots\" content=\"index, follow, max-snippet:-1, max-image-preview:large, max-video-preview:-1\" \/>\n<link rel=\"canonical\" href=\"https:\/\/swiftlifts.com\/vn\/projects\/projects-villa-ivory-tower\/\" \/>\n<meta property=\"og:locale\" content=\"en_US\" \/>\n<meta property=\"og:type\" content=\"article\" \/>\n<meta property=\"og:title\" content=\"Projects - Villa Ivory Tower\" \/>\n<meta property=\"og:description\" content=\"Villa Ivory Tower k\u1ebft h\u1ee3p ki\u1ebfn tr\u00fac Trung Hoa hi\u1ec7n \u0111\u1ea1i v\u00e0 truy\u1ec1n th\u1ed1ng, c\u00f3 t\u00edch h\u1ee3p thang m\u00e1y SWIFT \u0111\u1ea7y tinh t\u1ebf.\" \/>\n<meta property=\"og:url\" content=\"https:\/\/swiftlifts.com\/vn\/projects\/projects-villa-ivory-tower\/\" \/>\n<meta property=\"og:site_name\" content=\"SWIFT - 100% battery driven home lifts\" \/>\n<meta property=\"article:publisher\" content=\"https:\/\/www.facebook.com\/swifthomelifts\" \/>\n<meta property=\"article:modified_time\" content=\"2025-07-28T18:50:56+00:00\" \/>\n<meta name=\"twitter:card\" content=\"summary_large_image\" \/>\n<meta name=\"twitter:label1\" content=\"Est. reading time\" \/>\n\t<meta name=\"twitter:data1\" content=\"3 minutes\" \/>\n<script type=\"application\/ld+json\" class=\"yoast-schema-graph\">{\"@context\":\"https:\\\/\\\/schema.org\",\"@graph\":[{\"@type\":\"WebPage\",\"@id\":\"https:\\\/\\\/swiftlifts.com\\\/vn\\\/projects\\\/projects-villa-ivory-tower\\\/\",\"url\":\"https:\\\/\\\/swiftlifts.com\\\/vn\\\/projects\\\/projects-villa-ivory-tower\\\/\",\"name\":\"Thang m\u00e1y SWIFT t\u1ea1i d\u1ef1 \u00e1n Villa Ivory Tower cao c\u1ea5p\",\"isPartOf\":{\"@id\":\"https:\\\/\\\/swiftlifts.com\\\/vn\\\/#website\"},\"datePublished\":\"2024-11-26T02:28:36+00:00\",\"dateModified\":\"2025-07-28T18:50:56+00:00\",\"description\":\"Villa Ivory Tower k\u1ebft h\u1ee3p ki\u1ebfn tr\u00fac Trung Hoa hi\u1ec7n \u0111\u1ea1i v\u00e0 truy\u1ec1n th\u1ed1ng, c\u00f3 t\u00edch h\u1ee3p thang m\u00e1y SWIFT \u0111\u1ea7y tinh t\u1ebf.\",\"breadcrumb\":{\"@id\":\"https:\\\/\\\/swiftlifts.com\\\/vn\\\/projects\\\/projects-villa-ivory-tower\\\/#breadcrumb\"},\"inLanguage\":\"vn-VN\",\"potentialAction\":[{\"@type\":\"ReadAction\",\"target\":[\"https:\\\/\\\/swiftlifts.com\\\/vn\\\/projects\\\/projects-villa-ivory-tower\\\/\"]}]},{\"@type\":\"BreadcrumbList\",\"@id\":\"https:\\\/\\\/swiftlifts.com\\\/vn\\\/projects\\\/projects-villa-ivory-tower\\\/#breadcrumb\",\"itemListElement\":[{\"@type\":\"ListItem\",\"position\":1,\"name\":\"Home\",\"item\":\"https:\\\/\\\/swiftlifts.com\\\/vn\\\/\"},{\"@type\":\"ListItem\",\"position\":2,\"name\":\"Projects\",\"item\":\"https:\\\/\\\/swiftlifts.com\\\/vn\\\/projects\\\/\"},{\"@type\":\"ListItem\",\"position\":3,\"name\":\"Projects &#8211; Villa Ivory Tower\"}]},{\"@type\":\"WebSite\",\"@id\":\"https:\\\/\\\/swiftlifts.com\\\/vn\\\/#website\",\"url\":\"https:\\\/\\\/swiftlifts.com\\\/vn\\\/\",\"name\":\"SWIFT - 100% battery driven home lifts\",\"description\":\"NEW WAYS TO MOVE\",\"publisher\":{\"@id\":\"https:\\\/\\\/swiftlifts.com\\\/vn\\\/#organization\"},\"potentialAction\":[{\"@type\":\"SearchAction\",\"target\":{\"@type\":\"EntryPoint\",\"urlTemplate\":\"https:\\\/\\\/swiftlifts.com\\\/vn\\\/?s={search_term_string}\"},\"query-input\":{\"@type\":\"PropertyValueSpecification\",\"valueRequired\":true,\"valueName\":\"search_term_string\"}}],\"inLanguage\":\"vn-VN\"},{\"@type\":\"Organization\",\"@id\":\"https:\\\/\\\/swiftlifts.com\\\/vn\\\/#organization\",\"name\":\"SWIFT Home Lifts\",\"url\":\"https:\\\/\\\/swiftlifts.com\\\/vn\\\/\",\"logo\":{\"@type\":\"ImageObject\",\"inLanguage\":\"vn-VN\",\"@id\":\"https:\\\/\\\/swiftlifts.com\\\/vn\\\/#\\\/schema\\\/logo\\\/image\\\/\",\"url\":\"https:\\\/\\\/swiftlifts.com\\\/wp-content\\\/uploads\\\/2025\\\/03\\\/cropped-SWIFT-Logo-Google.jpg\",\"contentUrl\":\"https:\\\/\\\/swiftlifts.com\\\/wp-content\\\/uploads\\\/2025\\\/03\\\/cropped-SWIFT-Logo-Google.jpg\",\"width\":512,\"height\":512,\"caption\":\"SWIFT Home Lifts\"},\"image\":{\"@id\":\"https:\\\/\\\/swiftlifts.com\\\/vn\\\/#\\\/schema\\\/logo\\\/image\\\/\"},\"sameAs\":[\"https:\\\/\\\/www.facebook.com\\\/swifthomelifts\",\"https:\\\/\\\/www.instagram.com\\\/swifthomelifts\\\/\",\"https:\\\/\\\/www.linkedin.com\\\/company\\\/swifthomelifts\\\/\",\"https:\\\/\\\/www.pinterest.se\\\/swifthomelifts\\\/\",\"https:\\\/\\\/www.youtube.com\\\/@swift5669\"]}]}<\/script>\n<!-- \/ Yoast SEO Premium plugin. -->","yoast_head_json":{"title":"Thang m\u00e1y SWIFT t\u1ea1i d\u1ef1 \u00e1n Villa Ivory Tower cao c\u1ea5p","description":"Villa Ivory Tower k\u1ebft h\u1ee3p ki\u1ebfn tr\u00fac Trung Hoa hi\u1ec7n \u0111\u1ea1i v\u00e0 truy\u1ec1n th\u1ed1ng, c\u00f3 t\u00edch h\u1ee3p thang m\u00e1y SWIFT \u0111\u1ea7y tinh t\u1ebf.","robots":{"index":"index","follow":"follow","max-snippet":"max-snippet:-1","max-image-preview":"max-image-preview:large","max-video-preview":"max-video-preview:-1"},"canonical":"https:\/\/swiftlifts.com\/vn\/projects\/projects-villa-ivory-tower\/","og_locale":"en_US","og_type":"article","og_title":"Projects - Villa Ivory Tower","og_description":"Villa Ivory Tower k\u1ebft h\u1ee3p ki\u1ebfn tr\u00fac Trung Hoa hi\u1ec7n \u0111\u1ea1i v\u00e0 truy\u1ec1n th\u1ed1ng, c\u00f3 t\u00edch h\u1ee3p thang m\u00e1y SWIFT \u0111\u1ea7y tinh t\u1ebf.","og_url":"https:\/\/swiftlifts.com\/vn\/projects\/projects-villa-ivory-tower\/","og_site_name":"SWIFT - 100% battery driven home lifts","article_publisher":"https:\/\/www.facebook.com\/swifthomelifts","article_modified_time":"2025-07-28T18:50:56+00:00","twitter_card":"summary_large_image","twitter_misc":{"Est. reading time":"3 minutes"},"schema":{"@context":"https:\/\/schema.org","@graph":[{"@type":"WebPage","@id":"https:\/\/swiftlifts.com\/vn\/projects\/projects-villa-ivory-tower\/","url":"https:\/\/swiftlifts.com\/vn\/projects\/projects-villa-ivory-tower\/","name":"Thang m\u00e1y SWIFT t\u1ea1i d\u1ef1 \u00e1n Villa Ivory Tower cao c\u1ea5p","isPartOf":{"@id":"https:\/\/swiftlifts.com\/vn\/#website"},"datePublished":"2024-11-26T02:28:36+00:00","dateModified":"2025-07-28T18:50:56+00:00","description":"Villa Ivory Tower k\u1ebft h\u1ee3p ki\u1ebfn tr\u00fac Trung Hoa hi\u1ec7n \u0111\u1ea1i v\u00e0 truy\u1ec1n th\u1ed1ng, c\u00f3 t\u00edch h\u1ee3p thang m\u00e1y SWIFT \u0111\u1ea7y tinh t\u1ebf.","breadcrumb":{"@id":"https:\/\/swiftlifts.com\/vn\/projects\/projects-villa-ivory-tower\/#breadcrumb"},"inLanguage":"vn-VN","potentialAction":[{"@type":"ReadAction","target":["https:\/\/swiftlifts.com\/vn\/projects\/projects-villa-ivory-tower\/"]}]},{"@type":"BreadcrumbList","@id":"https:\/\/swiftlifts.com\/vn\/projects\/projects-villa-ivory-tower\/#breadcrumb","itemListElement":[{"@type":"ListItem","position":1,"name":"Home","item":"https:\/\/swiftlifts.com\/vn\/"},{"@type":"ListItem","position":2,"name":"Projects","item":"https:\/\/swiftlifts.com\/vn\/projects\/"},{"@type":"ListItem","position":3,"name":"Projects &#8211; Villa Ivory Tower"}]},{"@type":"WebSite","@id":"https:\/\/swiftlifts.com\/vn\/#website","url":"https:\/\/swiftlifts.com\/vn\/","name":"SWIFT - 100% battery driven home lifts","description":"NEW WAYS TO MOVE","publisher":{"@id":"https:\/\/swiftlifts.com\/vn\/#organization"},"potentialAction":[{"@type":"SearchAction","target":{"@type":"EntryPoint","urlTemplate":"https:\/\/swiftlifts.com\/vn\/?s={search_term_string}"},"query-input":{"@type":"PropertyValueSpecification","valueRequired":true,"valueName":"search_term_string"}}],"inLanguage":"vn-VN"},{"@type":"Organization","@id":"https:\/\/swiftlifts.com\/vn\/#organization","name":"SWIFT Home Lifts","url":"https:\/\/swiftlifts.com\/vn\/","logo":{"@type":"ImageObject","inLanguage":"vn-VN","@id":"https:\/\/swiftlifts.com\/vn\/#\/schema\/logo\/image\/","url":"https:\/\/swiftlifts.com\/wp-content\/uploads\/2025\/03\/cropped-SWIFT-Logo-Google.jpg","contentUrl":"https:\/\/swiftlifts.com\/wp-content\/uploads\/2025\/03\/cropped-SWIFT-Logo-Google.jpg","width":512,"height":512,"caption":"SWIFT Home Lifts"},"image":{"@id":"https:\/\/swiftlifts.com\/vn\/#\/schema\/logo\/image\/"},"sameAs":["https:\/\/www.facebook.com\/swifthomelifts","https:\/\/www.instagram.com\/swifthomelifts\/","https:\/\/www.linkedin.com\/company\/swifthomelifts\/","https:\/\/www.pinterest.se\/swifthomelifts\/","https:\/\/www.youtube.com\/@swift5669"]}]}},"_links":{"self":[{"href":"https:\/\/swiftlifts.com\/vn\/wp-json\/wp\/v2\/pages\/37242","targetHints":{"allow":["GET"]}}],"collection":[{"href":"https:\/\/swiftlifts.com\/vn\/wp-json\/wp\/v2\/pages"}],"about":[{"href":"https:\/\/swiftlifts.com\/vn\/wp-json\/wp\/v2\/types\/page"}],"author":[{"embeddable":true,"href":"https:\/\/swiftlifts.com\/vn\/wp-json\/wp\/v2\/users\/9"}],"replies":[{"embeddable":true,"href":"https:\/\/swiftlifts.com\/vn\/wp-json\/wp\/v2\/comments?post=37242"}],"version-history":[{"count":9,"href":"https:\/\/swiftlifts.com\/vn\/wp-json\/wp\/v2\/pages\/37242\/revisions"}],"predecessor-version":[{"id":51147,"href":"https:\/\/swiftlifts.com\/vn\/wp-json\/wp\/v2\/pages\/37242\/revisions\/51147"}],"up":[{"embeddable":true,"href":"https:\/\/swiftlifts.com\/vn\/wp-json\/wp\/v2\/pages\/34667"}],"wp:attachment":[{"href":"https:\/\/swiftlifts.com\/vn\/wp-json\/wp\/v2\/media?parent=37242"}],"curies":[{"name":"wp","href":"https:\/\/api.w.org\/{rel}","templated":true}]}}