{"id":37183,"date":"2024-11-26T01:45:59","date_gmt":"2024-11-26T01:45:59","guid":{"rendered":"https:\/\/swiftlifts.com\/projects\/projects-lagenda-house\/"},"modified":"2025-07-28T18:13:12","modified_gmt":"2025-07-28T18:13:12","slug":"projects-lagenda-house","status":"publish","type":"page","link":"https:\/\/swiftlifts.com\/vn\/projects\/projects-lagenda-house\/","title":{"rendered":"Projects &#8211; Lagenda house"},"content":{"rendered":"\n\t<section class=\"section why_a_home_lift\" id=\"section_1956202842\">\n\t\t<div class=\"section-bg fill\" >\n\t\t\t<img loading=\"lazy\" decoding=\"async\" width=\"2560\" height=\"633\" src=\"https:\/\/swiftlifts.com\/wp-content\/uploads\/2023\/11\/project_hero_lagenda.jpg\" class=\"bg attachment- size-\" alt=\"project hero lagenda\" \/>\t\t\t\t\t\t\n\t\t\t\n\n\t\t<\/div>\n\n\t\t\n\n\t\t<div class=\"section-content relative\">\n\t\t\t\n<div class=\"row\" style=\"max-width:90%\" id=\"row-1213480520\">\n\n\t<div id=\"col-1313145122\" class=\"col small-12 large-12\"  >\n\t\t\t\t<div class=\"col-inner text-center\"  >\n\t\t\t\n\t\t\t\n\t<div id=\"text-2804881756\" class=\"text\">\n\t\t\n<h1>Villa Lagenda<\/h1>\n\t\t\n<style>\n#text-2804881756 {\n  font-size: 2rem;\n  color: rgb(255, 255, 255);\n}\n#text-2804881756 > * {\n  color: rgb(255, 255, 255);\n}\n<\/style>\n\t<\/div>\n\t\n\t\t<\/div>\n\t\t\t\t\n<style>\n#col-1313145122 > .col-inner {\n  margin: 200px 0px 0px 0px;\n}\n<\/style>\n\t<\/div>\n\n\t\n<\/div>\n\t\t<\/div>\n\n\t\t\n<style>\n#section_1956202842 {\n  padding-top: 30px;\n  padding-bottom: 30px;\n  background-color: #dbe0d1;\n}\n<\/style>\n\t<\/section>\n\t\n\n\t<section class=\"section\" id=\"section_712084773\">\n\t\t<div class=\"section-bg fill\" >\n\t\t\t\t\t\t\t\t\t\n\t\t\t\n\n\t\t<\/div>\n\n\t\t\n\n\t\t<div class=\"section-content relative\">\n\t\t\t\n<div class=\"row row-full-width align-middle\"  id=\"row-2095038706\">\n\n\t<div id=\"col-2037278911\" class=\"col medium-6 small-12 large-6\"  >\n\t\t\t\t<div class=\"col-inner\"  >\n\t\t\t\n\t\t\t\n\t<div class=\"img has-hover x md-x lg-x y md-y lg-y\" id=\"image_1647901038\">\n\t\t\t\t\t\t\t\t<div class=\"img-inner dark\" >\n\t\t\t<img loading=\"lazy\" decoding=\"async\" width=\"600\" height=\"800\" src=\"https:\/\/swiftlifts.com\/wp-content\/uploads\/2023\/11\/project_portrait_lagenda_01-600x800.jpg\" class=\"attachment-large size-large\" alt=\"\" srcset=\"https:\/\/swiftlifts.com\/wp-content\/uploads\/2023\/11\/project_portrait_lagenda_01-600x800.jpg 600w, https:\/\/swiftlifts.com\/wp-content\/uploads\/2023\/11\/project_portrait_lagenda_01-300x400.jpg 300w, https:\/\/swiftlifts.com\/wp-content\/uploads\/2023\/11\/project_portrait_lagenda_01-768x1024.jpg 768w, https:\/\/swiftlifts.com\/wp-content\/uploads\/2023\/11\/project_portrait_lagenda_01-1152x1536.jpg 1152w, https:\/\/swiftlifts.com\/wp-content\/uploads\/2023\/11\/project_portrait_lagenda_01.jpg 1200w\" sizes=\"auto, (max-width: 600px) 100vw, 600px\" \/>\t\t\t\t\t\t\n\t\t\t\t\t<\/div>\n\t\t\t\t\t\t\t\t\n<style>\n#image_1647901038 {\n  width: 100%;\n}\n<\/style>\n\t<\/div>\n\t\n\t\t<\/div>\n\t\t\t\t\n<style>\n#col-2037278911 > .col-inner {\n  padding: 0px 0px 0px 0px;\n}\n@media (min-width:550px) {\n  #col-2037278911 > .col-inner {\n    padding: 0px 0px 0px 30%;\n  }\n}\n<\/style>\n\t<\/div>\n\n\t\n\n\t<div id=\"col-2050166571\" class=\"col medium-6 small-12 large-6\"  >\n\t\t\t\t<div class=\"col-inner\"  >\n\t\t\t\n\t\t\t\n\t<div id=\"text-2966423277\" class=\"text\">\n\t\t\n<h2>Villa Lagenda<\/h2>\n\t\t\n<style>\n#text-2966423277 {\n  font-size: 1rem;\n  color: rgb(255, 145, 150);\n}\n#text-2966423277 > * {\n  color: rgb(255, 145, 150);\n}\n<\/style>\n\t<\/div>\n\t\n\t<div id=\"text-2014436750\" class=\"text\">\n\t\t\n<p>M\u1ed9t d\u1ef1 \u00e1n b\u1ed1n t\u1ea7ng v\u1edbi SWIFT Pro, mang \u0111\u1ebfn t\u1ea7m nh\u00ecn ngo\u1ea1n m\u1ee5c ra Kuala Lumpur v\u00e0 bi\u1ec3u t\u01b0\u1ee3ng Genting tr\u00ean d\u00e3y n\u00fai Titiwangsa. Lagenda k\u1ebft h\u1ee3p h\u00e0i h\u00f2a gi\u1eefa l\u1ecbch s\u1eed v\u00e0 s\u1ef1 sang tr\u1ecdng hi\u1ec7n \u0111\u1ea1i, phong c\u00e1ch t\u1ed1i gi\u1ea3n B\u1eafc \u00c2u v\u00e0 nh\u1eefng rung c\u1ea3m \u0111\u1ecba ph\u01b0\u01a1ng m\u00e1t m\u1ebb c\u1ee7a Malaysia. N\u1ec1n t\u1ea3ng ngh\u1ec7 thu\u1eadt c\u1ee7a gia \u0111\u00ecnh c\u00f9ng vai tr\u00f2 trong ng\u00e0nh qu\u1ea3ng c\u00e1o \u0111\u01b0\u1ee3c th\u1ec3 hi\u1ec7n r\u00f5 trong m\u1ecdi quy\u1ebft \u0111\u1ecbnh, s\u1ef1 l\u1ef1a ch\u1ecdn v\u1eadt li\u1ec7u, v\u00e0 s\u1ef1 h\u00f2a quy\u1ec7n gi\u1eefa ki\u1ebfn tr\u00fac, ngh\u1ec7 thu\u1eadt v\u00e0 thi\u1ebft k\u1ebf.<\/p>\n<p><b>Model:<\/b> SWIFT Pro<br \/>\n<b>Floors:<\/b> 4<br \/>\n<b>Lift Size: <\/b>L<br \/>\n<b>Lift Colour:<\/b> Traffic White<br \/>\n<b>ArtWall:<\/b> Electric Opal<br \/>\n<b>Lift Carpet:<\/b> Stitch Black<br \/>\n<b>Location:<\/b> Cheras &#8211; vibrant suburb to Kuala Lumpur, Malaysia<br \/>\n\t\t\n<style>\n#text-2014436750 {\n  font-size: 1rem;\n  color: rgb(255, 145, 150);\n}\n#text-2014436750 > * {\n  color: rgb(255, 145, 150);\n}\n<\/style>\n\t<\/div>\n\t\n<div class=\"text-right\"><div class=\"is-divider divider clearfix\" style=\"max-width:100%;background-color:rgb(255, 145, 150);\"><\/div><\/div>\n\t\t<\/div>\n\t\t\t\t\n<style>\n#col-2050166571 > .col-inner {\n  padding: 0px 0px 0px 0px;\n}\n@media (min-width:550px) {\n  #col-2050166571 > .col-inner {\n    padding: 0px 30% 0px 0px;\n  }\n}\n<\/style>\n\t<\/div>\n\n\t\n<\/div>\n\t\t<\/div>\n\n\t\t\n<style>\n#section_712084773 {\n  padding-top: 30px;\n  padding-bottom: 30px;\n}\n<\/style>\n\t<\/section>\n\t\n\n\t<section class=\"section\" id=\"section_1654813125\">\n\t\t<div class=\"section-bg fill\" >\n\t\t\t\t\t\t\t\t\t\n\t\t\t\n\n\t\t<\/div>\n\n\t\t\n\n\t\t<div class=\"section-content relative\">\n\t\t\t\n<div class=\"row row-full-width\"  id=\"row-608695097\">\n\n\t<div id=\"col-1697043441\" class=\"col small-12 large-12\"  >\n\t\t\t\t<div class=\"col-inner\"  >\n\t\t\t\n\t\t\t\n\t<div class=\"img has-hover x md-x lg-x y md-y lg-y\" id=\"image_908362572\">\n\t\t\t\t\t\t\t\t<div class=\"img-inner dark\" >\n\t\t\t<img loading=\"lazy\" decoding=\"async\" width=\"1020\" height=\"538\" src=\"https:\/\/swiftlifts.com\/wp-content\/uploads\/2023\/11\/project_landscape_lagenda_01-1400x738.jpg\" class=\"attachment-large size-large\" alt=\"\" srcset=\"https:\/\/swiftlifts.com\/wp-content\/uploads\/2023\/11\/project_landscape_lagenda_01-1400x738.jpg 1400w, https:\/\/swiftlifts.com\/wp-content\/uploads\/2023\/11\/project_landscape_lagenda_01-759x400.jpg 759w, https:\/\/swiftlifts.com\/wp-content\/uploads\/2023\/11\/project_landscape_lagenda_01-768x405.jpg 768w, https:\/\/swiftlifts.com\/wp-content\/uploads\/2023\/11\/project_landscape_lagenda_01-1536x809.jpg 1536w, https:\/\/swiftlifts.com\/wp-content\/uploads\/2023\/11\/project_landscape_lagenda_01.jpg 2000w\" sizes=\"auto, (max-width: 1020px) 100vw, 1020px\" \/>\t\t\t\t\t\t\n\t\t\t\t\t<\/div>\n\t\t\t\t\t\t\t\t\n<style>\n#image_908362572 {\n  width: 100%;\n}\n<\/style>\n\t<\/div>\n\t\n\t<div id=\"text-932161858\" class=\"text\">\n\t\t\n<p>\u0110\u1eb7c tr\u01b0ng b\u1edfi kh\u00f4ng gian m\u1edf, nhi\u1ec1u k\u00ednh, \u00e1nh s\u00e1ng t\u1ef1 nhi\u00ean v\u00e0 c\u00e1c v\u1eadt li\u1ec7u t\u1ef1 nhi\u00ean nh\u01b0 g\u1ed7 b\u1ec1n v\u1eefng c\u1ee7a Malaysia.<br \/>\n\t\t\n<style>\n#text-932161858 {\n  font-size: 1rem;\n  color: rgb(255, 145, 150);\n}\n#text-932161858 > * {\n  color: rgb(255, 145, 150);\n}\n<\/style>\n\t<\/div>\n\t\n\t\t<\/div>\n\t\t\t\t\n<style>\n#col-1697043441 > .col-inner {\n  padding: 0px 0px 0px 0px;\n}\n@media (min-width:550px) {\n  #col-1697043441 > .col-inner {\n    padding: 0px 15% 0px 15%;\n  }\n}\n<\/style>\n\t<\/div>\n\n\t\n<\/div>\n\t\t<\/div>\n\n\t\t\n<style>\n#section_1654813125 {\n  padding-top: 30px;\n  padding-bottom: 30px;\n}\n<\/style>\n\t<\/section>\n\t\n\n\t<section class=\"section\" id=\"section_1380772945\">\n\t\t<div class=\"section-bg fill\" >\n\t\t\t\t\t\t\t\t\t\n\t\t\t\n\n\t\t<\/div>\n\n\t\t\n\n\t\t<div class=\"section-content relative\">\n\t\t\t\n<div class=\"row row-full-width\"  id=\"row-798017433\">\n\n\t<div id=\"col-1295254948\" class=\"col medium-6 small-12 large-6\"  >\n\t\t\t\t<div class=\"col-inner\"  >\n\t\t\t\n\t\t\t\n\t<div class=\"img has-hover x md-x lg-x y md-y lg-y\" id=\"image_293535712\">\n\t\t\t\t\t\t\t\t<div class=\"img-inner dark\" >\n\t\t\t<img loading=\"lazy\" decoding=\"async\" width=\"600\" height=\"800\" src=\"https:\/\/swiftlifts.com\/wp-content\/uploads\/2023\/11\/project_portrait_lagenda_02-600x800.jpg\" class=\"attachment-large size-large\" alt=\"\" srcset=\"https:\/\/swiftlifts.com\/wp-content\/uploads\/2023\/11\/project_portrait_lagenda_02-600x800.jpg 600w, https:\/\/swiftlifts.com\/wp-content\/uploads\/2023\/11\/project_portrait_lagenda_02-300x400.jpg 300w, https:\/\/swiftlifts.com\/wp-content\/uploads\/2023\/11\/project_portrait_lagenda_02-768x1024.jpg 768w, https:\/\/swiftlifts.com\/wp-content\/uploads\/2023\/11\/project_portrait_lagenda_02-1152x1536.jpg 1152w, https:\/\/swiftlifts.com\/wp-content\/uploads\/2023\/11\/project_portrait_lagenda_02.jpg 1200w\" sizes=\"auto, (max-width: 600px) 100vw, 600px\" \/>\t\t\t\t\t\t\n\t\t\t\t\t<\/div>\n\t\t\t\t\t\t\t\t\n<style>\n#image_293535712 {\n  width: 100%;\n}\n<\/style>\n\t<\/div>\n\t\n\t<div id=\"text-2580594069\" class=\"text\">\n\t\t\n<p>SWIFT v\u1edbi t\u1ea7m nh\u00ecn ra th\u00e0nh ph\u1ed1 t\u1eeb Villa Lagenda.<br \/>\n\t\t\n<style>\n#text-2580594069 {\n  font-size: 1rem;\n  color: #ff9196;\n}\n#text-2580594069 > * {\n  color: #ff9196;\n}\n<\/style>\n\t<\/div>\n\t\n\t\t<\/div>\n\t\t\t\t\n<style>\n#col-1295254948 > .col-inner {\n  padding: 0px 0px 0px 0px;\n}\n@media (min-width:550px) {\n  #col-1295254948 > .col-inner {\n    padding: 0px 0px 0px 30%;\n  }\n}\n<\/style>\n\t<\/div>\n\n\t\n\n\t<div id=\"col-926856834\" class=\"col medium-6 small-12 large-6\"  >\n\t\t\t\t<div class=\"col-inner\"  >\n\t\t\t\n\t\t\t\n\t<div class=\"img has-hover x md-x lg-x y md-y lg-y\" id=\"image_123955182\">\n\t\t\t\t\t\t\t\t<div class=\"img-inner dark\" >\n\t\t\t<img loading=\"lazy\" decoding=\"async\" width=\"600\" height=\"800\" src=\"https:\/\/swiftlifts.com\/wp-content\/uploads\/2023\/11\/project_portrait_lagenda_03-600x800.jpg\" class=\"attachment-large size-large\" alt=\"\" srcset=\"https:\/\/swiftlifts.com\/wp-content\/uploads\/2023\/11\/project_portrait_lagenda_03-600x800.jpg 600w, https:\/\/swiftlifts.com\/wp-content\/uploads\/2023\/11\/project_portrait_lagenda_03-300x400.jpg 300w, https:\/\/swiftlifts.com\/wp-content\/uploads\/2023\/11\/project_portrait_lagenda_03-768x1024.jpg 768w, https:\/\/swiftlifts.com\/wp-content\/uploads\/2023\/11\/project_portrait_lagenda_03-1152x1536.jpg 1152w, https:\/\/swiftlifts.com\/wp-content\/uploads\/2023\/11\/project_portrait_lagenda_03.jpg 1200w\" sizes=\"auto, (max-width: 600px) 100vw, 600px\" \/>\t\t\t\t\t\t\n\t\t\t\t\t<\/div>\n\t\t\t\t\t\t\t\t\n<style>\n#image_123955182 {\n  width: 100%;\n}\n<\/style>\n\t<\/div>\n\t\n\t<div id=\"text-2178474779\" class=\"text\">\n\t\t\n<p>H\u1ed3 b\u01a1i hay thang m\u00e1y t\u1ea1i nh\u00e0? Gia \u0111\u00ecnh t\u1ea1i Villa Lagenda kh\u00f4ng mu\u1ed1n th\u1ecfa hi\u1ec7p, n\u00ean \u0111\u00e3 ch\u1ecdn c\u1ea3 hai.<br \/>\n\t\t\n<style>\n#text-2178474779 {\n  font-size: 1rem;\n  color: #ff9196;\n}\n#text-2178474779 > * {\n  color: #ff9196;\n}\n<\/style>\n\t<\/div>\n\t\n\t\t<\/div>\n\t\t\t\t\n<style>\n#col-926856834 > .col-inner {\n  padding: 0px 0px 0px 0px;\n}\n@media (min-width:550px) {\n  #col-926856834 > .col-inner {\n    padding: 0px 30% 0px 0px;\n  }\n}\n<\/style>\n\t<\/div>\n\n\t\n<\/div>\n\t\t<\/div>\n\n\t\t\n<style>\n#section_1380772945 {\n  padding-top: 30px;\n  padding-bottom: 30px;\n}\n<\/style>\n\t<\/section>\n\t\n\n\t<section class=\"section\" id=\"section_618241993\">\n\t\t<div class=\"section-bg fill\" >\n\t\t\t\t\t\t\t\t\t\n\t\t\t\n\n\t\t<\/div>\n\n\t\t\n\n\t\t<div class=\"section-content relative\">\n\t\t\t\n<div class=\"row row-full-width\"  id=\"row-1565920410\">\n\n\t<div id=\"col-85937082\" class=\"col small-12 large-12\"  >\n\t\t\t\t<div class=\"col-inner\"  >\n\t\t\t\n\t\t\t\n\t<div class=\"img has-hover x md-x lg-x y md-y lg-y\" id=\"image_1024388613\">\n\t\t\t\t\t\t\t\t<div class=\"img-inner dark\" >\n\t\t\t<img loading=\"lazy\" decoding=\"async\" width=\"1020\" height=\"538\" src=\"https:\/\/swiftlifts.com\/wp-content\/uploads\/2023\/11\/project_landscape_lagenda_02-1400x738.jpg\" class=\"attachment-large size-large\" alt=\"\" srcset=\"https:\/\/swiftlifts.com\/wp-content\/uploads\/2023\/11\/project_landscape_lagenda_02-1400x738.jpg 1400w, https:\/\/swiftlifts.com\/wp-content\/uploads\/2023\/11\/project_landscape_lagenda_02-759x400.jpg 759w, https:\/\/swiftlifts.com\/wp-content\/uploads\/2023\/11\/project_landscape_lagenda_02-768x405.jpg 768w, https:\/\/swiftlifts.com\/wp-content\/uploads\/2023\/11\/project_landscape_lagenda_02-1536x809.jpg 1536w, https:\/\/swiftlifts.com\/wp-content\/uploads\/2023\/11\/project_landscape_lagenda_02.jpg 2000w\" sizes=\"auto, (max-width: 1020px) 100vw, 1020px\" \/>\t\t\t\t\t\t\n\t\t\t\t\t<\/div>\n\t\t\t\t\t\t\t\t\n<style>\n#image_1024388613 {\n  width: 100%;\n}\n<\/style>\n\t<\/div>\n\t\n\t<div id=\"text-3162970128\" class=\"text\">\n\t\t\n<p>M\u00f4i tr\u01b0\u1eddng xanh t\u01b0\u01a1i, h\u1ed3 b\u01a1i v\u00f4 c\u1ef1c, v\u00e0 SWIFT Pro \u2013 t\u1ea5t c\u1ea3 nh\u01b0 nh\u1eefng \u0111i\u1ec3m nh\u1ea5n \u1ea5n t\u01b0\u1ee3ng t\u1ea1i Villa Lagenda.<br \/>\n\t\t\n<style>\n#text-3162970128 {\n  font-size: 1rem;\n  color: #ff9196;\n}\n#text-3162970128 > * {\n  color: #ff9196;\n}\n<\/style>\n\t<\/div>\n\t\n\t\t<\/div>\n\t\t\t\t\n<style>\n#col-85937082 > .col-inner {\n  padding: 0px 0px 0px 0px;\n}\n@media (min-width:550px) {\n  #col-85937082 > .col-inner {\n    padding: 0px 15% 0px 15%;\n  }\n}\n<\/style>\n\t<\/div>\n\n\t\n\n\t<div id=\"col-1019308411\" class=\"col medium-6 small-12 large-6\"  >\n\t\t\t\t<div class=\"col-inner text-center\"  >\n\t\t\t\n\t\t\t\n<a href=\"https:\/\/swiftlifts.com\/vn\/projects\/\" class=\"button alert lowercase\" >\n\t\t<span>Click here to see more projects<\/span>\n\t<\/a>\n\n\t\t<\/div>\n\t\t\t\t\n<style>\n#col-1019308411 > .col-inner {\n  padding: 0px 0px 0px 0px;\n}\n@media (min-width:550px) {\n  #col-1019308411 > .col-inner {\n    padding: 0px 0px 0px 30%;\n  }\n}\n<\/style>\n\t<\/div>\n\n\t\n\n\t<div id=\"col-364351616\" class=\"col medium-6 small-12 large-6\"  >\n\t\t\t\t<div class=\"col-inner text-center\"  >\n\t\t\t\n\t\t\t\n<a href=\"https:\/\/swiftlifts.com\/vn\/products\/swift-pro-thang-may-gia-dinh-sang-trong\/\" class=\"button primary lowercase\" >\n\t\t<span>SWIFT Pro product page<\/span>\n\t<\/a>\n\n\t\t<\/div>\n\t\t\t\t\n<style>\n#col-364351616 > .col-inner {\n  padding: 0px 0px 0px 0px;\n}\n@media (min-width:550px) {\n  #col-364351616 > .col-inner {\n    padding: 0px 30% 0px 0%;\n  }\n}\n<\/style>\n\t<\/div>\n\n\t\n<\/div>\n\t\t<\/div>\n\n\t\t\n<style>\n#section_618241993 {\n  padding-top: 30px;\n  padding-bottom: 30px;\n}\n<\/style>\n\t<\/section>\n\t\n","protected":false},"excerpt":{"rendered":"","protected":false},"author":1,"featured_media":0,"parent":34667,"menu_order":0,"comment_status":"closed","ping_status":"closed","template":"page-transparent-header.php","meta":{"_acf_changed":false,"content-type":"","footnotes":""},"class_list":["post-37183","page","type-page","status-publish","hentry"],"acf":[],"yoast_head":"<!-- This site is optimized with the Yoast SEO Premium plugin v27.3 (Yoast SEO v27.3) - https:\/\/yoast.com\/product\/yoast-seo-premium-wordpress\/ -->\n<title>Lagenda House v\u00e0 gi\u1ea3i ph\u00e1p thang m\u00e1y SWIFT ti\u1ec7n nghi<\/title>\n<meta name=\"description\" content=\"SWIFT Lifts gi\u1edbi thi\u1ec7u d\u1ef1 \u00e1n thang m\u00e1y Lagenda Villa, cung c\u1ea5p c\u00e1c gi\u1ea3i ph\u00e1p thang m\u00e1y ti\u00ean ti\u1ebfn v\u1ec1 hi\u1ec7u qu\u1ea3, an to\u00e0n v\u00e0 thi\u1ebft k\u1ebf hi\u1ec7n \u0111\u1ea1i.\" \/>\n<meta name=\"robots\" content=\"index, follow, max-snippet:-1, max-image-preview:large, max-video-preview:-1\" \/>\n<link rel=\"canonical\" href=\"https:\/\/swiftlifts.com\/vn\/projects\/projects-lagenda-house\/\" \/>\n<meta property=\"og:locale\" content=\"en_US\" \/>\n<meta property=\"og:type\" content=\"article\" \/>\n<meta property=\"og:title\" content=\"Projects - Lagenda house\" \/>\n<meta property=\"og:description\" content=\"SWIFT Lifts gi\u1edbi thi\u1ec7u d\u1ef1 \u00e1n thang m\u00e1y Lagenda Villa, cung c\u1ea5p c\u00e1c gi\u1ea3i ph\u00e1p thang m\u00e1y ti\u00ean ti\u1ebfn v\u1ec1 hi\u1ec7u qu\u1ea3, an to\u00e0n v\u00e0 thi\u1ebft k\u1ebf hi\u1ec7n \u0111\u1ea1i.\" \/>\n<meta property=\"og:url\" content=\"https:\/\/swiftlifts.com\/vn\/projects\/projects-lagenda-house\/\" \/>\n<meta property=\"og:site_name\" content=\"SWIFT - 100% battery driven home lifts\" \/>\n<meta property=\"article:publisher\" content=\"https:\/\/www.facebook.com\/swifthomelifts\" \/>\n<meta property=\"article:modified_time\" content=\"2025-07-28T18:13:12+00:00\" \/>\n<meta name=\"twitter:card\" content=\"summary_large_image\" \/>\n<meta name=\"twitter:label1\" content=\"Est. reading time\" \/>\n\t<meta name=\"twitter:data1\" content=\"3 minutes\" \/>\n<script type=\"application\/ld+json\" class=\"yoast-schema-graph\">{\"@context\":\"https:\\\/\\\/schema.org\",\"@graph\":[{\"@type\":\"WebPage\",\"@id\":\"https:\\\/\\\/swiftlifts.com\\\/vn\\\/projects\\\/projects-lagenda-house\\\/\",\"url\":\"https:\\\/\\\/swiftlifts.com\\\/vn\\\/projects\\\/projects-lagenda-house\\\/\",\"name\":\"Lagenda House v\u00e0 gi\u1ea3i ph\u00e1p thang m\u00e1y SWIFT ti\u1ec7n nghi\",\"isPartOf\":{\"@id\":\"https:\\\/\\\/swiftlifts.com\\\/vn\\\/#website\"},\"datePublished\":\"2024-11-26T01:45:59+00:00\",\"dateModified\":\"2025-07-28T18:13:12+00:00\",\"description\":\"SWIFT Lifts gi\u1edbi thi\u1ec7u d\u1ef1 \u00e1n thang m\u00e1y Lagenda Villa, cung c\u1ea5p c\u00e1c gi\u1ea3i ph\u00e1p thang m\u00e1y ti\u00ean ti\u1ebfn v\u1ec1 hi\u1ec7u qu\u1ea3, an to\u00e0n v\u00e0 thi\u1ebft k\u1ebf hi\u1ec7n \u0111\u1ea1i.\",\"breadcrumb\":{\"@id\":\"https:\\\/\\\/swiftlifts.com\\\/vn\\\/projects\\\/projects-lagenda-house\\\/#breadcrumb\"},\"inLanguage\":\"vn-VN\",\"potentialAction\":[{\"@type\":\"ReadAction\",\"target\":[\"https:\\\/\\\/swiftlifts.com\\\/vn\\\/projects\\\/projects-lagenda-house\\\/\"]}]},{\"@type\":\"BreadcrumbList\",\"@id\":\"https:\\\/\\\/swiftlifts.com\\\/vn\\\/projects\\\/projects-lagenda-house\\\/#breadcrumb\",\"itemListElement\":[{\"@type\":\"ListItem\",\"position\":1,\"name\":\"Home\",\"item\":\"https:\\\/\\\/swiftlifts.com\\\/vn\\\/\"},{\"@type\":\"ListItem\",\"position\":2,\"name\":\"Projects\",\"item\":\"https:\\\/\\\/swiftlifts.com\\\/vn\\\/projects\\\/\"},{\"@type\":\"ListItem\",\"position\":3,\"name\":\"Projects &#8211; Lagenda house\"}]},{\"@type\":\"WebSite\",\"@id\":\"https:\\\/\\\/swiftlifts.com\\\/vn\\\/#website\",\"url\":\"https:\\\/\\\/swiftlifts.com\\\/vn\\\/\",\"name\":\"SWIFT - 100% battery driven home lifts\",\"description\":\"NEW WAYS TO MOVE\",\"publisher\":{\"@id\":\"https:\\\/\\\/swiftlifts.com\\\/vn\\\/#organization\"},\"potentialAction\":[{\"@type\":\"SearchAction\",\"target\":{\"@type\":\"EntryPoint\",\"urlTemplate\":\"https:\\\/\\\/swiftlifts.com\\\/vn\\\/?s={search_term_string}\"},\"query-input\":{\"@type\":\"PropertyValueSpecification\",\"valueRequired\":true,\"valueName\":\"search_term_string\"}}],\"inLanguage\":\"vn-VN\"},{\"@type\":\"Organization\",\"@id\":\"https:\\\/\\\/swiftlifts.com\\\/vn\\\/#organization\",\"name\":\"SWIFT Home Lifts\",\"url\":\"https:\\\/\\\/swiftlifts.com\\\/vn\\\/\",\"logo\":{\"@type\":\"ImageObject\",\"inLanguage\":\"vn-VN\",\"@id\":\"https:\\\/\\\/swiftlifts.com\\\/vn\\\/#\\\/schema\\\/logo\\\/image\\\/\",\"url\":\"https:\\\/\\\/swiftlifts.com\\\/wp-content\\\/uploads\\\/2025\\\/03\\\/cropped-SWIFT-Logo-Google.jpg\",\"contentUrl\":\"https:\\\/\\\/swiftlifts.com\\\/wp-content\\\/uploads\\\/2025\\\/03\\\/cropped-SWIFT-Logo-Google.jpg\",\"width\":512,\"height\":512,\"caption\":\"SWIFT Home Lifts\"},\"image\":{\"@id\":\"https:\\\/\\\/swiftlifts.com\\\/vn\\\/#\\\/schema\\\/logo\\\/image\\\/\"},\"sameAs\":[\"https:\\\/\\\/www.facebook.com\\\/swifthomelifts\",\"https:\\\/\\\/www.instagram.com\\\/swifthomelifts\\\/\",\"https:\\\/\\\/www.linkedin.com\\\/company\\\/swifthomelifts\\\/\",\"https:\\\/\\\/www.pinterest.se\\\/swifthomelifts\\\/\",\"https:\\\/\\\/www.youtube.com\\\/@swift5669\"]}]}<\/script>\n<!-- \/ Yoast SEO Premium plugin. -->","yoast_head_json":{"title":"Lagenda House v\u00e0 gi\u1ea3i ph\u00e1p thang m\u00e1y SWIFT ti\u1ec7n nghi","description":"SWIFT Lifts gi\u1edbi thi\u1ec7u d\u1ef1 \u00e1n thang m\u00e1y Lagenda Villa, cung c\u1ea5p c\u00e1c gi\u1ea3i ph\u00e1p thang m\u00e1y ti\u00ean ti\u1ebfn v\u1ec1 hi\u1ec7u qu\u1ea3, an to\u00e0n v\u00e0 thi\u1ebft k\u1ebf hi\u1ec7n \u0111\u1ea1i.","robots":{"index":"index","follow":"follow","max-snippet":"max-snippet:-1","max-image-preview":"max-image-preview:large","max-video-preview":"max-video-preview:-1"},"canonical":"https:\/\/swiftlifts.com\/vn\/projects\/projects-lagenda-house\/","og_locale":"en_US","og_type":"article","og_title":"Projects - Lagenda house","og_description":"SWIFT Lifts gi\u1edbi thi\u1ec7u d\u1ef1 \u00e1n thang m\u00e1y Lagenda Villa, cung c\u1ea5p c\u00e1c gi\u1ea3i ph\u00e1p thang m\u00e1y ti\u00ean ti\u1ebfn v\u1ec1 hi\u1ec7u qu\u1ea3, an to\u00e0n v\u00e0 thi\u1ebft k\u1ebf hi\u1ec7n \u0111\u1ea1i.","og_url":"https:\/\/swiftlifts.com\/vn\/projects\/projects-lagenda-house\/","og_site_name":"SWIFT - 100% battery driven home lifts","article_publisher":"https:\/\/www.facebook.com\/swifthomelifts","article_modified_time":"2025-07-28T18:13:12+00:00","twitter_card":"summary_large_image","twitter_misc":{"Est. reading time":"3 minutes"},"schema":{"@context":"https:\/\/schema.org","@graph":[{"@type":"WebPage","@id":"https:\/\/swiftlifts.com\/vn\/projects\/projects-lagenda-house\/","url":"https:\/\/swiftlifts.com\/vn\/projects\/projects-lagenda-house\/","name":"Lagenda House v\u00e0 gi\u1ea3i ph\u00e1p thang m\u00e1y SWIFT ti\u1ec7n nghi","isPartOf":{"@id":"https:\/\/swiftlifts.com\/vn\/#website"},"datePublished":"2024-11-26T01:45:59+00:00","dateModified":"2025-07-28T18:13:12+00:00","description":"SWIFT Lifts gi\u1edbi thi\u1ec7u d\u1ef1 \u00e1n thang m\u00e1y Lagenda Villa, cung c\u1ea5p c\u00e1c gi\u1ea3i ph\u00e1p thang m\u00e1y ti\u00ean ti\u1ebfn v\u1ec1 hi\u1ec7u qu\u1ea3, an to\u00e0n v\u00e0 thi\u1ebft k\u1ebf hi\u1ec7n \u0111\u1ea1i.","breadcrumb":{"@id":"https:\/\/swiftlifts.com\/vn\/projects\/projects-lagenda-house\/#breadcrumb"},"inLanguage":"vn-VN","potentialAction":[{"@type":"ReadAction","target":["https:\/\/swiftlifts.com\/vn\/projects\/projects-lagenda-house\/"]}]},{"@type":"BreadcrumbList","@id":"https:\/\/swiftlifts.com\/vn\/projects\/projects-lagenda-house\/#breadcrumb","itemListElement":[{"@type":"ListItem","position":1,"name":"Home","item":"https:\/\/swiftlifts.com\/vn\/"},{"@type":"ListItem","position":2,"name":"Projects","item":"https:\/\/swiftlifts.com\/vn\/projects\/"},{"@type":"ListItem","position":3,"name":"Projects &#8211; Lagenda house"}]},{"@type":"WebSite","@id":"https:\/\/swiftlifts.com\/vn\/#website","url":"https:\/\/swiftlifts.com\/vn\/","name":"SWIFT - 100% battery driven home lifts","description":"NEW WAYS TO MOVE","publisher":{"@id":"https:\/\/swiftlifts.com\/vn\/#organization"},"potentialAction":[{"@type":"SearchAction","target":{"@type":"EntryPoint","urlTemplate":"https:\/\/swiftlifts.com\/vn\/?s={search_term_string}"},"query-input":{"@type":"PropertyValueSpecification","valueRequired":true,"valueName":"search_term_string"}}],"inLanguage":"vn-VN"},{"@type":"Organization","@id":"https:\/\/swiftlifts.com\/vn\/#organization","name":"SWIFT Home Lifts","url":"https:\/\/swiftlifts.com\/vn\/","logo":{"@type":"ImageObject","inLanguage":"vn-VN","@id":"https:\/\/swiftlifts.com\/vn\/#\/schema\/logo\/image\/","url":"https:\/\/swiftlifts.com\/wp-content\/uploads\/2025\/03\/cropped-SWIFT-Logo-Google.jpg","contentUrl":"https:\/\/swiftlifts.com\/wp-content\/uploads\/2025\/03\/cropped-SWIFT-Logo-Google.jpg","width":512,"height":512,"caption":"SWIFT Home Lifts"},"image":{"@id":"https:\/\/swiftlifts.com\/vn\/#\/schema\/logo\/image\/"},"sameAs":["https:\/\/www.facebook.com\/swifthomelifts","https:\/\/www.instagram.com\/swifthomelifts\/","https:\/\/www.linkedin.com\/company\/swifthomelifts\/","https:\/\/www.pinterest.se\/swifthomelifts\/","https:\/\/www.youtube.com\/@swift5669"]}]}},"_links":{"self":[{"href":"https:\/\/swiftlifts.com\/vn\/wp-json\/wp\/v2\/pages\/37183","targetHints":{"allow":["GET"]}}],"collection":[{"href":"https:\/\/swiftlifts.com\/vn\/wp-json\/wp\/v2\/pages"}],"about":[{"href":"https:\/\/swiftlifts.com\/vn\/wp-json\/wp\/v2\/types\/page"}],"author":[{"embeddable":true,"href":"https:\/\/swiftlifts.com\/vn\/wp-json\/wp\/v2\/users\/1"}],"replies":[{"embeddable":true,"href":"https:\/\/swiftlifts.com\/vn\/wp-json\/wp\/v2\/comments?post=37183"}],"version-history":[{"count":8,"href":"https:\/\/swiftlifts.com\/vn\/wp-json\/wp\/v2\/pages\/37183\/revisions"}],"predecessor-version":[{"id":38903,"href":"https:\/\/swiftlifts.com\/vn\/wp-json\/wp\/v2\/pages\/37183\/revisions\/38903"}],"up":[{"embeddable":true,"href":"https:\/\/swiftlifts.com\/vn\/wp-json\/wp\/v2\/pages\/34667"}],"wp:attachment":[{"href":"https:\/\/swiftlifts.com\/vn\/wp-json\/wp\/v2\/media?parent=37183"}],"curies":[{"name":"wp","href":"https:\/\/api.w.org\/{rel}","templated":true}]}}