{"id":34696,"date":"2024-10-23T08:02:00","date_gmt":"2024-10-23T08:02:00","guid":{"rendered":"https:\/\/swiftlifts.com\/100-battery-driven\/"},"modified":"2025-07-28T18:45:52","modified_gmt":"2025-07-28T18:45:52","slug":"100-chay-bang-pin","status":"publish","type":"page","link":"https:\/\/swiftlifts.com\/vn\/100-chay-bang-pin\/","title":{"rendered":"100% Battery driven"},"content":{"rendered":"\n\t<section class=\"section\" id=\"section_948893607\">\n\t\t<div class=\"section-bg fill\" >\n\t\t\t\t\t\t\t\t\t\n\t\t\t\n\n\t\t<\/div>\n\n\t\t\n\n\t\t<div class=\"section-content relative\">\n\t\t\t\n<div class=\"row row-full-width align-center\"  id=\"row-687507093\">\n\n\t<div id=\"col-394245158\" class=\"col small-12 large-12\"  >\n\t\t\t\t<div class=\"col-inner text-center\"  >\n\t\t\t\n\t\t\t\n\t<div id=\"text-894437848\" class=\"text\">\n\t\t\n\t\t\n<style>\n#text-894437848 {\n  font-size: 2rem;\n  color: rgb(255, 255, 255);\n}\n#text-894437848 > * {\n  color: rgb(255, 255, 255);\n}\n<\/style>\n\t<\/div>\n\t\n\t\t<\/div>\n\t\t\t\t\n<style>\n#col-394245158 > .col-inner {\n  padding: 0px 0px 0px 0px;\n  margin: 0px 0px 0px 0px;\n}\n<\/style>\n\t<\/div>\n\n\t\n\n<style>\n#row-687507093 > .col > .col-inner {\n  padding: 0px 0px 0px 0px;\n}\n<\/style>\n<\/div>\n\t\t<\/div>\n\n\t\t\n<style>\n#section_948893607 {\n  padding-top: 30px;\n  padding-bottom: 30px;\n  background-color: rgb(0,0,0);\n}\n<\/style>\n\t<\/section>\n\t\n\n\t<section class=\"section battery-video\" id=\"section_1852573015\">\n\t\t<div class=\"section-bg fill\" >\n\t\t\t\t\t\t\t\t\t\n\t\t\t\n\n\t\t<\/div>\n\n\t\t\n\n\t\t<div class=\"section-content relative\">\n\t\t\t\n<div class=\"row row-collapse row-full-width\"  id=\"row-1482889428\">\n\n\t<div id=\"col-1172258373\" class=\"col small-12 large-12\"  >\n\t\t\t\t<div class=\"col-inner\"  >\n\t\t\t\n\t\t\t\n<div class=\"battery-video-container\">\n<div class=\"video-section active\">\n<p><video src=\"https:\/\/swiftlifts.com\/wp-content\/uploads\/2024\/04\/100_battery_driven-grafisk_svart_1.mp4\" preload=\"auto\" autoplay=\"autoplay\" loop=\"loop\" muted=\"\" width=\"300\" height=\"150\"><\/video><\/p>\n<div class=\"battery-overlay\">\n<h1>Ho\u1ea1t \u0111\u1ed9ng ho\u00e0n to\u00e0n b\u1eb1ng pin<\/h1>\n<h2>SWIFT l\u1ea5y c\u1ea3m h\u1ee9ng t\u1eeb Tesla<br \/>\nH\u1ec7 th\u1ed1ng pin \u0111\u01b0\u1ee3c d\u1ef1a tr\u00ean<br \/>\n3 th\u00e0nh ph\u1ea7n:<\/h2>\n<h2 id=\"changeVideoButton\">T\u00ecm hi\u1ec3u th\u00eam<\/h2>\n<p><img decoding=\"async\" src=\"https:\/\/swiftlifts.com\/wp-content\/uploads\/2024\/03\/arrow-right.png\" width=\"100\" \/><\/p>\n<\/div>\n<\/div>\n<div class=\"video-section\">\n<p><video src=\"https:\/\/swiftlifts.com\/wp-content\/uploads\/2024\/04\/100_battery_driven-grafisk_svart_2.mp4\" preload=\"auto\" autoplay=\"autoplay\" loop=\"loop\" muted=\"\" width=\"300\" height=\"150\"><\/video><\/p>\n<div class=\"battery-overlay\">\n<h2>1. An advanced IPM SynRM Motor<\/h2>\n<h2 id=\"changeVideoButton2\">Next (1\/3)<\/h2>\n<p><img decoding=\"async\" src=\"https:\/\/swiftlifts.com\/wp-content\/uploads\/2024\/03\/arrow-right.png\" width=\"100\" \/><\/p>\n<\/div>\n<\/div>\n<div class=\"video-section\">\n<p><video src=\"https:\/\/swiftlifts.com\/wp-content\/uploads\/2024\/04\/100_battery_driven-grafisk_svart_3.mp4\" preload=\"auto\" autoplay=\"autoplay\" loop=\"loop\" muted=\"\" width=\"300\" height=\"150\"><\/video><\/p>\n<div class=\"battery-overlay\">\n<h2>2. A unique SWIFT Motor controller<\/h2>\n<h2 id=\"changeVideoButton3\">Next (2\/3)<\/h2>\n<p><img decoding=\"async\" src=\"https:\/\/swiftlifts.com\/wp-content\/uploads\/2024\/03\/arrow-right.png\" width=\"100\" \/><\/p>\n<\/div>\n<\/div>\n<div class=\"video-section\">\n<p><video src=\"https:\/\/swiftlifts.com\/wp-content\/uploads\/2024\/04\/100_battery_driven-grafisk_svart_4.mp4\" preload=\"auto\" autoplay=\"autoplay\" loop=\"loop\" muted=\"\" width=\"300\" height=\"150\"><\/video><\/p>\n<div class=\"battery-overlay\">\n<h2>3. A special SWIFT Battery Pack<\/h2>\n<h2 id=\"changeVideoButton4\">Next (3\/3)<\/h2>\n<p><img decoding=\"async\" src=\"https:\/\/swiftlifts.com\/wp-content\/uploads\/2024\/03\/arrow-right.png\" width=\"100\" \/><\/p>\n<\/div>\n<\/div>\n<\/div>\n\t\t<\/div>\n\t\t\t\t\n<style>\n#col-1172258373 > .col-inner {\n  padding: 0px 0px 0px 0px;\n  margin: 0px 0px 0px 0px;\n}\n<\/style>\n\t<\/div>\n\n\t\n\n<style>\n#row-1482889428 > .col > .col-inner {\n  padding: 0px 0px 0px 0px;\n}\n<\/style>\n<\/div>\n\t\t<\/div>\n\n\t\t\n<style>\n#section_1852573015 {\n  padding-top: 30px;\n  padding-bottom: 30px;\n  background-color: rgb(0, 0, 0);\n}\n<\/style>\n\t<\/section>\n\t\n\n\t<section class=\"section why_a_home_lift\" id=\"section_50726981\">\n\t\t<div class=\"section-bg fill\" >\n\t\t\t\t\t\t\t\t\t\n\t\t\t\n\n\t\t<\/div>\n\n\t\t\n\n\t\t<div class=\"section-content relative\">\n\t\t\t\n<div class=\"row\" style=\"max-width:100%\" id=\"row-1326883397\">\n\n\t<div id=\"col-1720242515\" class=\"col hide-for-medium medium-2 small-12 large-2\"  >\n\t\t\t\t<div class=\"col-inner\"  >\n\t\t\t\n\t\t\t\n\t\t<\/div>\n\t\t\t\t\t<\/div>\n\n\t\n\n\t<div id=\"col-944939613\" class=\"col medium-4 small-12 large-4\"  >\n\t\t\t\t<div class=\"col-inner text-center\"  >\n\t\t\t\n\t\t\t\n\t<div class=\"img has-hover x md-x lg-x y md-y lg-y\" id=\"image_22846409\">\n\t\t\t\t\t\t\t\t<div class=\"img-inner dark\" >\n\t\t\t<img loading=\"lazy\" decoding=\"async\" width=\"300\" height=\"250\" src=\"https:\/\/swiftlifts.com\/wp-content\/uploads\/2024\/03\/IPMSynRM-1.gif\" class=\"attachment-original size-original\" alt=\"\" \/>\t\t\t\t\t\t\n\t\t\t\t\t<\/div>\n\t\t\t\t\t\t\t\t\n<style>\n#image_22846409 {\n  width: 60%;\n}\n<\/style>\n\t<\/div>\n\t\n\t\t<\/div>\n\t\t\t\t\n<style>\n#col-944939613 > .col-inner {\n  margin: 70px 0px 0px 0px;\n}\n@media (min-width:550px) {\n  #col-944939613 > .col-inner {\n    margin: 70px 0px 0px 0px;\n  }\n}\n<\/style>\n\t<\/div>\n\n\t\n\n\t<div id=\"col-1395484772\" class=\"col medium-4 small-12 large-4\"  >\n\t\t\t\t<div class=\"col-inner text-center\"  >\n\t\t\t\n\t\t\t\n\t<div id=\"text-2345917915\" class=\"text\">\n\t\t\n<h2>1. IPM SynRM Motor<\/h2>\n\t\t\n<style>\n#text-2345917915 {\n  font-size: 1.5rem;\n  text-align: left;\n  color: rgb(255, 255, 255);\n}\n#text-2345917915 > * {\n  color: rgb(255, 255, 255);\n}\n<\/style>\n\t<\/div>\n\t\n\t<div id=\"text-2175221130\" class=\"text\">\n\t\t\n<p>SWIFT s\u1eed d\u1ee5ng c\u00f9ng lo\u1ea1i \u0111\u1ed9ng c\u01a1 truy\u1ec1n \u0111\u1ed9ng nh\u01b0 Tesla v\u00e0 c\u00e1c d\u00f2ng xe \u0111i\u1ec7n kh\u00e1c \u2013 m\u1ed9t \u0111\u1ed9ng c\u01a1 IPMSynRM. N\u00f3 ti\u00ean ti\u1ebfn h\u01a1n so v\u1edbi \u0111\u1ed9ng c\u01a1 c\u1ea3m \u1ee9ng th\u00f4ng th\u01b0\u1eddng v\u00e0 n\u1ed5i b\u1eadt nh\u1edd hi\u1ec7u su\u1ea5t, kh\u1ea3 n\u0103ng v\u1eadn h\u00e0nh, ki\u1ec3m so\u00e1t v\u00e0 \u0111\u1ed9 tin c\u1eady.<\/p>\n\t\t\n<style>\n#text-2175221130 {\n  font-size: 1.2rem;\n  text-align: left;\n  color: rgb(255, 201, 189);\n}\n#text-2175221130 > * {\n  color: rgb(255, 201, 189);\n}\n<\/style>\n\t<\/div>\n\t\n\t\t<\/div>\n\t\t\t\t\n<style>\n#col-1395484772 > .col-inner {\n  margin: 0px 0px 0px 0px;\n}\n@media (min-width:550px) {\n  #col-1395484772 > .col-inner {\n    margin: 70px 0px 0px 0px;\n  }\n}\n<\/style>\n\t<\/div>\n\n\t\n<\/div>\n\t\t<\/div>\n\n\t\t\n<style>\n#section_50726981 {\n  padding-top: 30px;\n  padding-bottom: 30px;\n  background-color: rgb(0,0,0);\n}\n<\/style>\n\t<\/section>\n\t\n\n\t<section class=\"section why_a_home_lift\" id=\"section_1112178779\">\n\t\t<div class=\"section-bg fill\" >\n\t\t\t\t\t\t\t\t\t\n\t\t\t\n\n\t\t<\/div>\n\n\t\t\n\n\t\t<div class=\"section-content relative\">\n\t\t\t\n<div class=\"row\" style=\"max-width:100%\" id=\"row-391107550\">\n\n\t<div id=\"col-998715868\" class=\"col hide-for-medium medium-2 small-12 large-2\"  >\n\t\t\t\t<div class=\"col-inner\"  >\n\t\t\t\n\t\t\t\n\t\t<\/div>\n\t\t\t\t\t<\/div>\n\n\t\n\n\t<div id=\"col-1797028101\" class=\"col medium-4 small-12 large-4\"  >\n\t\t\t\t<div class=\"col-inner text-center\"  >\n\t\t\t\n\t\t\t\n\t<div class=\"img has-hover x md-x lg-x y md-y lg-y\" id=\"image_2035480625\">\n\t\t\t\t\t\t\t\t<div class=\"img-inner dark\" >\n\t\t\t<img loading=\"lazy\" decoding=\"async\" width=\"300\" height=\"250\" src=\"https:\/\/swiftlifts.com\/wp-content\/uploads\/2024\/03\/motor-controller.gif\" class=\"attachment-original size-original\" alt=\"\" \/>\t\t\t\t\t\t\n\t\t\t\t\t<\/div>\n\t\t\t\t\t\t\t\t\n<style>\n#image_2035480625 {\n  width: 60%;\n}\n<\/style>\n\t<\/div>\n\t\n\t\t<\/div>\n\t\t\t\t\n<style>\n#col-1797028101 > .col-inner {\n  margin: 0px 0px 0px 0px;\n}\n@media (min-width:550px) {\n  #col-1797028101 > .col-inner {\n    margin: 70px 0px 0px 0px;\n  }\n}\n<\/style>\n\t<\/div>\n\n\t\n\n\t<div id=\"col-351531366\" class=\"col medium-4 small-12 large-4\"  >\n\t\t\t\t<div class=\"col-inner text-center\"  >\n\t\t\t\n\t\t\t\n\t<div id=\"text-3851592882\" class=\"text\">\n\t\t\n<h2>2. SWIFT Motor controller<\/h2>\n\t\t\n<style>\n#text-3851592882 {\n  font-size: 1.5rem;\n  text-align: left;\n  color: rgb(255, 255, 255);\n}\n#text-3851592882 > * {\n  color: rgb(255, 255, 255);\n}\n<\/style>\n\t<\/div>\n\t\n\t<div id=\"text-1112812388\" class=\"text\">\n\t\t\n<p>K\u1ebft h\u1ee3p \u0111\u1ed9ng c\u01a1 IPMSynRM c\u1ee7a ch\u00fang t\u00f4i v\u1edbi B\u1ed9 \u0111i\u1ec1u khi\u1ec3n \u0111\u1ed9ng c\u01a1 SWIFT \u0111\u1ed9c \u0111\u00e1o mang l\u1ea1i nhi\u1ec1u l\u1ee3i th\u1ebf:<\/p>\n<ul>\n<li><strong>T\u0103ng t\u1ed1c m\u01b0\u1ee3t m\u00e0<\/strong><\/li>\n<li><strong>T\u1ed1c \u0111\u1ed9 ch\u00ednh x\u00e1c<\/strong><\/li>\n<li><strong>H\u1ea1 c\u00e1nh \u00eam \u00e1i<\/strong><\/li>\n<\/ul>\n\t\t\n<style>\n#text-1112812388 {\n  font-size: 1.2rem;\n  text-align: left;\n  color: rgb(255, 201, 189);\n}\n#text-1112812388 > * {\n  color: rgb(255, 201, 189);\n}\n<\/style>\n\t<\/div>\n\t\n\t\t<\/div>\n\t\t\t\t\n<style>\n#col-351531366 > .col-inner {\n  margin: 0px 0px 0px 0px;\n}\n@media (min-width:550px) {\n  #col-351531366 > .col-inner {\n    margin: 70px 0px 0px 0px;\n  }\n}\n<\/style>\n\t<\/div>\n\n\t\n<\/div>\n\t\t<\/div>\n\n\t\t\n<style>\n#section_1112178779 {\n  padding-top: 30px;\n  padding-bottom: 30px;\n  background-color: rgb(0,0,0);\n}\n<\/style>\n\t<\/section>\n\t\n\n\t<section class=\"section why_a_home_lift\" id=\"section_653781542\">\n\t\t<div class=\"section-bg fill\" >\n\t\t\t\t\t\t\t\t\t\n\t\t\t\n\n\t\t<\/div>\n\n\t\t\n\n\t\t<div class=\"section-content relative\">\n\t\t\t\n<div class=\"row\" style=\"max-width:100%\" id=\"row-1852243841\">\n\n\t<div id=\"col-664960666\" class=\"col hide-for-medium medium-2 small-12 large-2\"  >\n\t\t\t\t<div class=\"col-inner\"  >\n\t\t\t\n\t\t\t\n\t\t<\/div>\n\t\t\t\t\t<\/div>\n\n\t\n\n\t<div id=\"col-1811408092\" class=\"col medium-4 small-12 large-4\"  >\n\t\t\t\t<div class=\"col-inner text-center\"  >\n\t\t\t\n\t\t\t\n\t<div class=\"img has-hover x md-x lg-x y md-y lg-y\" id=\"image_524797965\">\n\t\t\t\t\t\t\t\t<div class=\"img-inner dark\" >\n\t\t\t<img loading=\"lazy\" decoding=\"async\" width=\"300\" height=\"250\" src=\"https:\/\/swiftlifts.com\/wp-content\/uploads\/2024\/03\/battery-pack.gif\" class=\"attachment-original size-original\" alt=\"\" \/>\t\t\t\t\t\t\n\t\t\t\t\t<\/div>\n\t\t\t\t\t\t\t\t\n<style>\n#image_524797965 {\n  width: 60%;\n}\n<\/style>\n\t<\/div>\n\t\n\t\t<\/div>\n\t\t\t\t\n<style>\n#col-1811408092 > .col-inner {\n  margin: 0px 0px 0px 0px;\n}\n@media (min-width:550px) {\n  #col-1811408092 > .col-inner {\n    margin: 70px 0px 0px 0px;\n  }\n}\n<\/style>\n\t<\/div>\n\n\t\n\n\t<div id=\"col-1352427910\" class=\"col medium-4 small-12 large-4\"  >\n\t\t\t\t<div class=\"col-inner text-center\"  >\n\t\t\t\n\t\t\t\n\t<div id=\"text-2586104475\" class=\"text\">\n\t\t\n<h2>3. SWIFT Battery Pack<\/h2>\n\t\t\n<style>\n#text-2586104475 {\n  font-size: 1.5rem;\n  text-align: left;\n  color: rgb(255, 255, 255);\n}\n#text-2586104475 > * {\n  color: rgb(255, 255, 255);\n}\n<\/style>\n\t<\/div>\n\t\n\t<div id=\"text-1544259384\" class=\"text\">\n\t\t\n<p>K\u1ebft h\u1ee3p SWIFT Motor + B\u1ed9 \u0111i\u1ec1u khi\u1ec3n \u0111\u1ed9ng c\u01a1 v\u1edbi B\u1ed9 pin axit ch\u00ec SWIFT, ho\u00e0n thi\u1ec7n s\u1ef1 \u0111\u1ed5i m\u1edbi v\u00e0 mang l\u1ea1i nhi\u1ec1u t\u00ednh n\u0103ng \u0111\u1ed9c \u0111\u00e1o h\u01a1n:<\/p>\n<ul>\n<li><strong>Ti\u1ebft ki\u1ec7m n\u0103ng l\u01b0\u1ee3ng<\/strong> \u2013 B\u1eb1ng c\u00e1ch h\u1ea5p th\u1ee5 n\u0103ng l\u01b0\u1ee3ng phanh v\u00e0o c\u00e1c vi\u00ean pin khi thang m\u00e1y \u0111i xu\u1ed1ng, ch\u00fang t\u00f4i t\u00e1i s\u1eed d\u1ee5ng n\u0103ng l\u01b0\u1ee3ng. C\u01a1 b\u1ea3n m\u1ed7i chuy\u1ebfn \u0111i th\u1ee9 4 s\u1ebd l\u00e0 &#8216;mi\u1ec5n ph\u00ed&#8217;. Ch\u00fang t\u00f4i g\u1ecdi \u0111\u00f3 l\u00e0 SWIFT EcoDrive.<\/li>\n<li><strong>\u0110i\u1ec7n 1 pha<\/strong> \u2013 S\u1eed d\u1ee5ng b\u1ed9 pin gi\u00fap gi\u1ea3m c\u00f4ng su\u1ea5t c\u1ef1c \u0111\u1ea1i, t\u1eeb \u0111\u00f3 cho ph\u00e9p thang m\u00e1y \u0111\u01b0\u1ee3c s\u1ea1c b\u1eb1ng \u0111i\u1ec7n 1 pha ti\u00eau chu\u1ea9n.<\/li>\n<li><strong>Ch\u1ed1ng k\u1eb9t<\/strong> \u2013 B\u1ed9 pin cho ph\u00e9p thang m\u00e1y ho\u1ea1t \u0111\u1ed9ng li\u00ean t\u1ee5c ngay c\u1ea3 khi nh\u00e0 b\u1ea1n m\u1ea5t \u0111i\u1ec7n l\u01b0\u1edbi.<\/li>\n<\/ul>\n\t\t\n<style>\n#text-1544259384 {\n  font-size: 1.2rem;\n  text-align: left;\n  color: rgb(255, 201, 189);\n}\n#text-1544259384 > * {\n  color: rgb(255, 201, 189);\n}\n<\/style>\n\t<\/div>\n\t\n\t\t<\/div>\n\t\t\t\t\n<style>\n#col-1352427910 > .col-inner {\n  margin: 0px 0px 0px 0px;\n}\n@media (min-width:550px) {\n  #col-1352427910 > .col-inner {\n    margin: 70px 0px 0px 0px;\n  }\n}\n<\/style>\n\t<\/div>\n\n\t\n<\/div>\n\t\t<\/div>\n\n\t\t\n<style>\n#section_653781542 {\n  padding-top: 30px;\n  padding-bottom: 30px;\n  background-color: rgb(0,0,0);\n}\n<\/style>\n\t<\/section>\n\t\n","protected":false},"excerpt":{"rendered":"","protected":false},"author":1,"featured_media":0,"parent":0,"menu_order":0,"comment_status":"closed","ping_status":"closed","template":"page-transparent-header.php","meta":{"_acf_changed":false,"content-type":"","footnotes":""},"class_list":["post-34696","page","type-page","status-publish","hentry"],"acf":[],"yoast_head":"<!-- This site is optimized with the Yoast SEO Premium plugin v27.3 (Yoast SEO v27.3) - https:\/\/yoast.com\/product\/yoast-seo-premium-wordpress\/ -->\n<title>Thang m\u00e1y SWIFT ch\u1ea1y b\u1eb1ng pin 100% ti\u1ebft ki\u1ec7m \u0111i\u1ec7n<\/title>\n<meta name=\"description\" content=\"Gi\u1ea3i ph\u00e1p thang m\u00e1y ch\u1ea1y b\u1eb1ng pin 100% c\u1ee7a SWIFT gi\u00fap ti\u1ebft ki\u1ec7m n\u0103ng l\u01b0\u1ee3ng, b\u1ea3o v\u1ec7 m\u00f4i tr\u01b0\u1eddng v\u00e0 v\u1eadn h\u00e0nh \u1ed5n \u0111\u1ecbnh.\" \/>\n<meta name=\"robots\" content=\"index, follow, max-snippet:-1, max-image-preview:large, max-video-preview:-1\" \/>\n<link rel=\"canonical\" href=\"https:\/\/swiftlifts.com\/vn\/100-chay-bang-pin\/\" \/>\n<meta property=\"og:locale\" content=\"en_US\" \/>\n<meta property=\"og:type\" content=\"article\" \/>\n<meta property=\"og:title\" content=\"100% Battery driven\" \/>\n<meta property=\"og:description\" content=\"Gi\u1ea3i ph\u00e1p thang m\u00e1y ch\u1ea1y b\u1eb1ng pin 100% c\u1ee7a SWIFT gi\u00fap ti\u1ebft ki\u1ec7m n\u0103ng l\u01b0\u1ee3ng, b\u1ea3o v\u1ec7 m\u00f4i tr\u01b0\u1eddng v\u00e0 v\u1eadn h\u00e0nh \u1ed5n \u0111\u1ecbnh.\" \/>\n<meta property=\"og:url\" content=\"https:\/\/swiftlifts.com\/vn\/100-chay-bang-pin\/\" \/>\n<meta property=\"og:site_name\" content=\"SWIFT - 100% battery driven home lifts\" \/>\n<meta property=\"article:publisher\" content=\"https:\/\/www.facebook.com\/swifthomelifts\" \/>\n<meta property=\"article:modified_time\" content=\"2025-07-28T18:45:52+00:00\" \/>\n<meta property=\"og:image\" content=\"https:\/\/swiftlifts.com\/wp-content\/uploads\/2024\/03\/arrow-right.png\" \/>\n<meta name=\"twitter:card\" content=\"summary_large_image\" \/>\n<meta name=\"twitter:label1\" content=\"Est. reading time\" \/>\n\t<meta name=\"twitter:data1\" content=\"4 minutes\" \/>\n<script type=\"application\/ld+json\" class=\"yoast-schema-graph\">{\"@context\":\"https:\\\/\\\/schema.org\",\"@graph\":[{\"@type\":\"WebPage\",\"@id\":\"https:\\\/\\\/swiftlifts.com\\\/vn\\\/100-chay-bang-pin\\\/\",\"url\":\"https:\\\/\\\/swiftlifts.com\\\/vn\\\/100-chay-bang-pin\\\/\",\"name\":\"Thang m\u00e1y SWIFT ch\u1ea1y b\u1eb1ng pin 100% ti\u1ebft ki\u1ec7m \u0111i\u1ec7n\",\"isPartOf\":{\"@id\":\"https:\\\/\\\/swiftlifts.com\\\/vn\\\/#website\"},\"primaryImageOfPage\":{\"@id\":\"https:\\\/\\\/swiftlifts.com\\\/vn\\\/100-chay-bang-pin\\\/#primaryimage\"},\"image\":{\"@id\":\"https:\\\/\\\/swiftlifts.com\\\/vn\\\/100-chay-bang-pin\\\/#primaryimage\"},\"thumbnailUrl\":\"https:\\\/\\\/swiftlifts.com\\\/wp-content\\\/uploads\\\/2024\\\/03\\\/arrow-right.png\",\"datePublished\":\"2024-10-23T08:02:00+00:00\",\"dateModified\":\"2025-07-28T18:45:52+00:00\",\"description\":\"Gi\u1ea3i ph\u00e1p thang m\u00e1y ch\u1ea1y b\u1eb1ng pin 100% c\u1ee7a SWIFT gi\u00fap ti\u1ebft ki\u1ec7m n\u0103ng l\u01b0\u1ee3ng, b\u1ea3o v\u1ec7 m\u00f4i tr\u01b0\u1eddng v\u00e0 v\u1eadn h\u00e0nh \u1ed5n \u0111\u1ecbnh.\",\"breadcrumb\":{\"@id\":\"https:\\\/\\\/swiftlifts.com\\\/vn\\\/100-chay-bang-pin\\\/#breadcrumb\"},\"inLanguage\":\"vn-VN\",\"potentialAction\":[{\"@type\":\"ReadAction\",\"target\":[\"https:\\\/\\\/swiftlifts.com\\\/vn\\\/100-chay-bang-pin\\\/\"]}]},{\"@type\":\"ImageObject\",\"inLanguage\":\"vn-VN\",\"@id\":\"https:\\\/\\\/swiftlifts.com\\\/vn\\\/100-chay-bang-pin\\\/#primaryimage\",\"url\":\"https:\\\/\\\/swiftlifts.com\\\/wp-content\\\/uploads\\\/2024\\\/03\\\/arrow-right.png\",\"contentUrl\":\"https:\\\/\\\/swiftlifts.com\\\/wp-content\\\/uploads\\\/2024\\\/03\\\/arrow-right.png\"},{\"@type\":\"BreadcrumbList\",\"@id\":\"https:\\\/\\\/swiftlifts.com\\\/vn\\\/100-chay-bang-pin\\\/#breadcrumb\",\"itemListElement\":[{\"@type\":\"ListItem\",\"position\":1,\"name\":\"Home\",\"item\":\"https:\\\/\\\/swiftlifts.com\\\/vn\\\/\"},{\"@type\":\"ListItem\",\"position\":2,\"name\":\"100% Battery driven\"}]},{\"@type\":\"WebSite\",\"@id\":\"https:\\\/\\\/swiftlifts.com\\\/vn\\\/#website\",\"url\":\"https:\\\/\\\/swiftlifts.com\\\/vn\\\/\",\"name\":\"SWIFT - 100% battery driven home lifts\",\"description\":\"NEW WAYS TO MOVE\",\"publisher\":{\"@id\":\"https:\\\/\\\/swiftlifts.com\\\/vn\\\/#organization\"},\"potentialAction\":[{\"@type\":\"SearchAction\",\"target\":{\"@type\":\"EntryPoint\",\"urlTemplate\":\"https:\\\/\\\/swiftlifts.com\\\/vn\\\/?s={search_term_string}\"},\"query-input\":{\"@type\":\"PropertyValueSpecification\",\"valueRequired\":true,\"valueName\":\"search_term_string\"}}],\"inLanguage\":\"vn-VN\"},{\"@type\":\"Organization\",\"@id\":\"https:\\\/\\\/swiftlifts.com\\\/vn\\\/#organization\",\"name\":\"SWIFT Home Lifts\",\"url\":\"https:\\\/\\\/swiftlifts.com\\\/vn\\\/\",\"logo\":{\"@type\":\"ImageObject\",\"inLanguage\":\"vn-VN\",\"@id\":\"https:\\\/\\\/swiftlifts.com\\\/vn\\\/#\\\/schema\\\/logo\\\/image\\\/\",\"url\":\"https:\\\/\\\/swiftlifts.com\\\/wp-content\\\/uploads\\\/2025\\\/03\\\/cropped-SWIFT-Logo-Google.jpg\",\"contentUrl\":\"https:\\\/\\\/swiftlifts.com\\\/wp-content\\\/uploads\\\/2025\\\/03\\\/cropped-SWIFT-Logo-Google.jpg\",\"width\":512,\"height\":512,\"caption\":\"SWIFT Home Lifts\"},\"image\":{\"@id\":\"https:\\\/\\\/swiftlifts.com\\\/vn\\\/#\\\/schema\\\/logo\\\/image\\\/\"},\"sameAs\":[\"https:\\\/\\\/www.facebook.com\\\/swifthomelifts\",\"https:\\\/\\\/www.instagram.com\\\/swifthomelifts\\\/\",\"https:\\\/\\\/www.linkedin.com\\\/company\\\/swifthomelifts\\\/\",\"https:\\\/\\\/www.pinterest.se\\\/swifthomelifts\\\/\",\"https:\\\/\\\/www.youtube.com\\\/@swift5669\"]}]}<\/script>\n<!-- \/ Yoast SEO Premium plugin. -->","yoast_head_json":{"title":"Thang m\u00e1y SWIFT ch\u1ea1y b\u1eb1ng pin 100% ti\u1ebft ki\u1ec7m \u0111i\u1ec7n","description":"Gi\u1ea3i ph\u00e1p thang m\u00e1y ch\u1ea1y b\u1eb1ng pin 100% c\u1ee7a SWIFT gi\u00fap ti\u1ebft ki\u1ec7m n\u0103ng l\u01b0\u1ee3ng, b\u1ea3o v\u1ec7 m\u00f4i tr\u01b0\u1eddng v\u00e0 v\u1eadn h\u00e0nh \u1ed5n \u0111\u1ecbnh.","robots":{"index":"index","follow":"follow","max-snippet":"max-snippet:-1","max-image-preview":"max-image-preview:large","max-video-preview":"max-video-preview:-1"},"canonical":"https:\/\/swiftlifts.com\/vn\/100-chay-bang-pin\/","og_locale":"en_US","og_type":"article","og_title":"100% Battery driven","og_description":"Gi\u1ea3i ph\u00e1p thang m\u00e1y ch\u1ea1y b\u1eb1ng pin 100% c\u1ee7a SWIFT gi\u00fap ti\u1ebft ki\u1ec7m n\u0103ng l\u01b0\u1ee3ng, b\u1ea3o v\u1ec7 m\u00f4i tr\u01b0\u1eddng v\u00e0 v\u1eadn h\u00e0nh \u1ed5n \u0111\u1ecbnh.","og_url":"https:\/\/swiftlifts.com\/vn\/100-chay-bang-pin\/","og_site_name":"SWIFT - 100% battery driven home lifts","article_publisher":"https:\/\/www.facebook.com\/swifthomelifts","article_modified_time":"2025-07-28T18:45:52+00:00","og_image":[{"url":"https:\/\/swiftlifts.com\/wp-content\/uploads\/2024\/03\/arrow-right.png","type":"","width":"","height":""}],"twitter_card":"summary_large_image","twitter_misc":{"Est. reading time":"4 minutes"},"schema":{"@context":"https:\/\/schema.org","@graph":[{"@type":"WebPage","@id":"https:\/\/swiftlifts.com\/vn\/100-chay-bang-pin\/","url":"https:\/\/swiftlifts.com\/vn\/100-chay-bang-pin\/","name":"Thang m\u00e1y SWIFT ch\u1ea1y b\u1eb1ng pin 100% ti\u1ebft ki\u1ec7m \u0111i\u1ec7n","isPartOf":{"@id":"https:\/\/swiftlifts.com\/vn\/#website"},"primaryImageOfPage":{"@id":"https:\/\/swiftlifts.com\/vn\/100-chay-bang-pin\/#primaryimage"},"image":{"@id":"https:\/\/swiftlifts.com\/vn\/100-chay-bang-pin\/#primaryimage"},"thumbnailUrl":"https:\/\/swiftlifts.com\/wp-content\/uploads\/2024\/03\/arrow-right.png","datePublished":"2024-10-23T08:02:00+00:00","dateModified":"2025-07-28T18:45:52+00:00","description":"Gi\u1ea3i ph\u00e1p thang m\u00e1y ch\u1ea1y b\u1eb1ng pin 100% c\u1ee7a SWIFT gi\u00fap ti\u1ebft ki\u1ec7m n\u0103ng l\u01b0\u1ee3ng, b\u1ea3o v\u1ec7 m\u00f4i tr\u01b0\u1eddng v\u00e0 v\u1eadn h\u00e0nh \u1ed5n \u0111\u1ecbnh.","breadcrumb":{"@id":"https:\/\/swiftlifts.com\/vn\/100-chay-bang-pin\/#breadcrumb"},"inLanguage":"vn-VN","potentialAction":[{"@type":"ReadAction","target":["https:\/\/swiftlifts.com\/vn\/100-chay-bang-pin\/"]}]},{"@type":"ImageObject","inLanguage":"vn-VN","@id":"https:\/\/swiftlifts.com\/vn\/100-chay-bang-pin\/#primaryimage","url":"https:\/\/swiftlifts.com\/wp-content\/uploads\/2024\/03\/arrow-right.png","contentUrl":"https:\/\/swiftlifts.com\/wp-content\/uploads\/2024\/03\/arrow-right.png"},{"@type":"BreadcrumbList","@id":"https:\/\/swiftlifts.com\/vn\/100-chay-bang-pin\/#breadcrumb","itemListElement":[{"@type":"ListItem","position":1,"name":"Home","item":"https:\/\/swiftlifts.com\/vn\/"},{"@type":"ListItem","position":2,"name":"100% Battery driven"}]},{"@type":"WebSite","@id":"https:\/\/swiftlifts.com\/vn\/#website","url":"https:\/\/swiftlifts.com\/vn\/","name":"SWIFT - 100% battery driven home lifts","description":"NEW WAYS TO MOVE","publisher":{"@id":"https:\/\/swiftlifts.com\/vn\/#organization"},"potentialAction":[{"@type":"SearchAction","target":{"@type":"EntryPoint","urlTemplate":"https:\/\/swiftlifts.com\/vn\/?s={search_term_string}"},"query-input":{"@type":"PropertyValueSpecification","valueRequired":true,"valueName":"search_term_string"}}],"inLanguage":"vn-VN"},{"@type":"Organization","@id":"https:\/\/swiftlifts.com\/vn\/#organization","name":"SWIFT Home Lifts","url":"https:\/\/swiftlifts.com\/vn\/","logo":{"@type":"ImageObject","inLanguage":"vn-VN","@id":"https:\/\/swiftlifts.com\/vn\/#\/schema\/logo\/image\/","url":"https:\/\/swiftlifts.com\/wp-content\/uploads\/2025\/03\/cropped-SWIFT-Logo-Google.jpg","contentUrl":"https:\/\/swiftlifts.com\/wp-content\/uploads\/2025\/03\/cropped-SWIFT-Logo-Google.jpg","width":512,"height":512,"caption":"SWIFT Home Lifts"},"image":{"@id":"https:\/\/swiftlifts.com\/vn\/#\/schema\/logo\/image\/"},"sameAs":["https:\/\/www.facebook.com\/swifthomelifts","https:\/\/www.instagram.com\/swifthomelifts\/","https:\/\/www.linkedin.com\/company\/swifthomelifts\/","https:\/\/www.pinterest.se\/swifthomelifts\/","https:\/\/www.youtube.com\/@swift5669"]}]}},"_links":{"self":[{"href":"https:\/\/swiftlifts.com\/vn\/wp-json\/wp\/v2\/pages\/34696","targetHints":{"allow":["GET"]}}],"collection":[{"href":"https:\/\/swiftlifts.com\/vn\/wp-json\/wp\/v2\/pages"}],"about":[{"href":"https:\/\/swiftlifts.com\/vn\/wp-json\/wp\/v2\/types\/page"}],"author":[{"embeddable":true,"href":"https:\/\/swiftlifts.com\/vn\/wp-json\/wp\/v2\/users\/1"}],"replies":[{"embeddable":true,"href":"https:\/\/swiftlifts.com\/vn\/wp-json\/wp\/v2\/comments?post=34696"}],"version-history":[{"count":8,"href":"https:\/\/swiftlifts.com\/vn\/wp-json\/wp\/v2\/pages\/34696\/revisions"}],"predecessor-version":[{"id":44093,"href":"https:\/\/swiftlifts.com\/vn\/wp-json\/wp\/v2\/pages\/34696\/revisions\/44093"}],"wp:attachment":[{"href":"https:\/\/swiftlifts.com\/vn\/wp-json\/wp\/v2\/media?parent=34696"}],"curies":[{"name":"wp","href":"https:\/\/api.w.org\/{rel}","templated":true}]}}