{"id":34693,"date":"2024-10-28T05:44:41","date_gmt":"2024-10-28T05:44:41","guid":{"rendered":"https:\/\/swiftlifts.com\/warranty-and-maintenance\/"},"modified":"2025-12-08T05:22:09","modified_gmt":"2025-12-08T05:22:09","slug":"bao-hanh-va-bao-tri","status":"publish","type":"page","link":"https:\/\/swiftlifts.com\/vn\/bao-hanh-va-bao-tri\/","title":{"rendered":"Bao hanh va bao tri"},"content":{"rendered":"\n\t<section class=\"section dark has-parallax\" id=\"section_1863467573\">\n\t\t<div class=\"section-bg fill\" data-parallax-container=\".section\" data-parallax-background data-parallax=\"-5\">\n\t\t\t<img loading=\"lazy\" decoding=\"async\" width=\"1635\" height=\"2048\" src=\"https:\/\/swiftlifts.com\/wp-content\/uploads\/2022\/10\/SWIFT_Carrier_Tech_view_W-1635x2048.jpg\" class=\"bg attachment-2048x2048 size-2048x2048\" alt=\"electricity needed for a domestic lift from SWIFT\" \/>\t\t\t\t\t\t\n\t\t\t\n\n\t\t<\/div>\n\n\t\t\n\n\t\t<div class=\"section-content relative\">\n\t\t\t\n<div class=\"row row-full-width\"  id=\"row-2084505899\">\n\n\t<div id=\"col-526370906\" class=\"col small-12 large-12\"  >\n\t\t\t\t<div class=\"col-inner text-center\"  >\n\t\t\t\n\t\t\t\n\t\t<\/div>\n\t\t\t\t\n<style>\n#col-526370906 > .col-inner {\n  padding: 200px 0px 0px 0px;\n}\n<\/style>\n\t<\/div>\n\n\t\n<\/div>\n<div class=\"row row-collapse row-full-width align-equal\"  id=\"row-1574280225\">\n\n\t<div id=\"col-1278077492\" class=\"col medium-4 small-12 large-4\"  >\n\t\t\t\t<div class=\"col-inner text-center\"  >\n\t\t\t\n\t\t\t\n\t\t<\/div>\n\t\t\t\t\n<style>\n#col-1278077492 > .col-inner {\n  padding: 60px 0px 0px 0px;\n  margin: 0px 0px 0px 0px;\n}\n<\/style>\n\t<\/div>\n\n\t\n\n\t<div id=\"col-1477015281\" class=\"col medium-4 small-12 large-4\"  >\n\t\t\t\t<div class=\"col-inner text-center\"  >\n\t\t\t\n\t\t\t\n\t<div id=\"text-1343276053\" class=\"text\">\n\t\t\n<h1>B\u1ea3o h\u00e0nh v\u00e0 B\u1ea3o tr\u00ec<\/h1>\n\t\t\n<style>\n#text-1343276053 {\n  font-size: 1.5rem;\n  color: #dbe0d1;\n}\n#text-1343276053 > * {\n  color: #dbe0d1;\n}\n<\/style>\n\t<\/div>\n\t\n\t\t<\/div>\n\t\t\t\t\n<style>\n#col-1477015281 > .col-inner {\n  padding: 50px 15px 0px 15px;\n}\n@media (min-width:550px) {\n  #col-1477015281 > .col-inner {\n    padding: 50px 0px 0px 0px;\n  }\n}\n<\/style>\n\t<\/div>\n\n\t\n\n\t<div id=\"col-513881990\" class=\"col medium-4 small-12 large-4\"  >\n\t\t\t\t<div class=\"col-inner\"  >\n\t\t\t\n\t\t\t\n\t\t<\/div>\n\t\t\t\t\n<style>\n#col-513881990 > .col-inner {\n  padding: 20px 15px 0px 15px;\n}\n<\/style>\n\t<\/div>\n\n\t\n\n<style>\n#row-1574280225 > .col > .col-inner {\n  background-color: rgba(131, 175, 175, 0.8);\n}\n<\/style>\n<\/div>\n<div class=\"row row-collapse row-full-width align-equal\"  id=\"row-1275910080\">\n\n\t<div id=\"col-1907895145\" class=\"col medium-4 small-12 large-4\"  >\n\t\t\t\t<div class=\"col-inner text-center\" style=\"background-color:rgba(131, 175, 175, 0.8);\" >\n\t\t\t\n\t\t\t\n\t<div class=\"img has-hover x md-x lg-x y md-y lg-y\" id=\"image_1487108060\">\n\t\t\t\t\t\t\t\t<div class=\"img-inner dark\" >\n\t\t\t<img loading=\"lazy\" decoding=\"async\" width=\"462\" height=\"462\" src=\"https:\/\/swiftlifts.com\/wp-content\/uploads\/2022\/10\/SWIFT-Remote_2022_NM.png\" class=\"attachment-large size-large\" alt=\"SWIFT Remote 2022\" srcset=\"https:\/\/swiftlifts.com\/wp-content\/uploads\/2022\/10\/SWIFT-Remote_2022_NM.png 462w, https:\/\/swiftlifts.com\/wp-content\/uploads\/2022\/10\/SWIFT-Remote_2022_NM-400x400.png 400w, https:\/\/swiftlifts.com\/wp-content\/uploads\/2022\/10\/SWIFT-Remote_2022_NM-280x280.png 280w\" sizes=\"auto, (max-width: 462px) 100vw, 462px\" \/>\t\t\t\t\t\t\n\t\t\t\t\t<\/div>\n\t\t\t\t\t\t\t\t\n<style>\n#image_1487108060 {\n  width: 30%;\n}\n<\/style>\n\t<\/div>\n\t\n\t<div id=\"text-3022864634\" class=\"text\">\n\t\t\n<h2>D\u1ecaCH V\u1ee4 KH\u00d4NG THO\u1ea2 HI\u1ec6P<\/h2>\n\t\t\n<style>\n#text-3022864634 {\n  color: rgb(219, 224, 209);\n}\n#text-3022864634 > * {\n  color: rgb(219, 224, 209);\n}\n<\/style>\n\t<\/div>\n\t\n\t\t<\/div>\n\t\t\t\t\n<style>\n#col-1907895145 > .col-inner {\n  padding: 60px 0px 0px 0px;\n  margin: 0px 0px 0px 0px;\n}\n@media (min-width:550px) {\n  #col-1907895145 > .col-inner {\n    padding: 200px 0px 100px 0px;\n  }\n}\n<\/style>\n\t<\/div>\n\n\t\n\n\t<div id=\"col-446069856\" class=\"col medium-4 small-12 large-4\"  >\n\t\t\t\t<div class=\"col-inner text-left\"  >\n\t\t\t\n\t\t\t\n\t<div id=\"text-89345677\" class=\"text\">\n\t\t\n<p><b>C\u00e1ch ch\u00fang t\u00f4i l\u1eafp \u0111\u1eb7t v\u00e0 b\u1ea3o tr\u00ec thang m\u00e1y gia \u0111\u00ecnh SWIFT tu\u00e2n theo nh\u1eefng nguy\u00ean t\u1eafc v\u1eefng ch\u1eafc gi\u1ed1ng nh\u01b0 nh\u1eefng g\u00ec ch\u00fang t\u00f4i s\u1eed d\u1ee5ng \u0111\u1ec3 thi\u1ebft k\u1ebf v\u00e0 s\u1ea3n xu\u1ea5t ch\u00fang. Ch\u00fang t\u00f4i l\u00e0m vi\u1ec7c v\u1edbi \u0111\u1ed9i ng\u0169 k\u1ef9 thu\u1eadt c\u1ee7a ri\u00eang m\u00ecnh c\u0169ng nh\u01b0 h\u1ee3p t\u00e1c v\u1edbi c\u00e1c chuy\u00ean gia \u0111\u1ecba ph\u01b0\u01a1ng \u0111\u1ec3 \u0111\u1ea3m b\u1ea3o c\u00f3 s\u1ef1 h\u1ed7 tr\u1ee3 \u0111\u1ea7y \u0111\u1ee7 tr\u00ean to\u00e0n qu\u1ed1c Vi\u1ec7t Nam <\/b><\/p>\n\t\t\n<style>\n#text-89345677 {\n  font-size: 1.5rem;\n}\n<\/style>\n\t<\/div>\n\t\n\t\t<\/div>\n\t\t\t\t\n<style>\n#col-446069856 > .col-inner {\n  padding: 50px 15px 0px 15px;\n}\n@media (min-width:550px) {\n  #col-446069856 > .col-inner {\n    padding: 200px 50px 100px 50px;\n  }\n}\n<\/style>\n\t<\/div>\n\n\t\n\n\t<div id=\"col-632750624\" class=\"col medium-4 small-12 large-4\"  >\n\t\t\t\t<div class=\"col-inner\"  >\n\t\t\t\n\t\t\t\n\t<div id=\"text-4008177917\" class=\"text\">\n\t\t\n<p><b>T\u1ea5t c\u1ea3 h\u1ec7 th\u1ed1ng ph\u1ea7n m\u1ec1m c\u1ee7a thang m\u00e1y gia \u0111\u00ecnh \u0111\u1ec1u c\u00f3 th\u1ec3 \u0111\u01b0\u1ee3c k\u1ebft n\u1ed1i kh\u00f4ng d\u00e2y v\u1edbi trung t\u00e2m h\u1ed7 tr\u1ee3 k\u1ef9 thu\u1eadt trung \u01b0\u01a1ng c\u1ee7a ch\u00fang t\u00f4i, cho ph\u00e9p c\u00e1c k\u1ef9 thu\u1eadt vi\u00ean c\u1ee7a ch\u00fang t\u00f4i truy c\u1eadp t\u1eeb xa n\u1ebfu c\u1ea7n thi\u1ebft \u0111\u1ec3 ki\u1ec3m tra t\u00ecnh tr\u1ea1ng v\u00e0 \u0111\u1ec1 xu\u1ea5t n\u00e2ng c\u1ea5p ph\u1ea7n m\u1ec1m ho\u1eb7c c\u00e1c d\u1ecbch v\u1ee5 li\u00ean quan<\/b><\/p>\n\t\t\n<style>\n#text-4008177917 {\n  font-size: 1.5rem;\n}\n<\/style>\n\t<\/div>\n\t\n\t\t<\/div>\n\t\t\t\t\n<style>\n#col-632750624 > .col-inner {\n  padding: 20px 15px 0px 15px;\n}\n@media (min-width:550px) {\n  #col-632750624 > .col-inner {\n    padding: 200px 100px 100px 50px;\n  }\n}\n<\/style>\n\t<\/div>\n\n\t\n\n<style>\n#row-1275910080 > .col > .col-inner {\n  background-color: rgba(131, 175, 175, 0.8);\n}\n<\/style>\n<\/div>\n<div class=\"row hide-for-medium\"  id=\"row-618226217\">\n\n\t<div id=\"col-2110998651\" class=\"col small-12 large-12\"  >\n\t\t\t\t<div class=\"col-inner\"  >\n\t\t\t\n\t\t\t\n\t\t<\/div>\n\t\t\t\t\t<\/div>\n\n\t\n\n<style>\n#row-618226217 > .col > .col-inner {\n  padding: 50px 0px 0px 0px;\n}\n@media (min-width:550px) {\n  #row-618226217 > .col > .col-inner {\n    padding: 50px 0px 0px 0px;\n  }\n}\n<\/style>\n<\/div>\n<div class=\"row row-collapse row-full-width align-equal\"  id=\"row-1542073999\">\n\n\t<div id=\"col-1695245517\" class=\"col medium-4 small-12 large-4\"  >\n\t\t\t\t<div class=\"col-inner text-center\"  >\n\t\t\t\n\t\t\t\n\t<div class=\"img has-hover x md-x lg-x y md-y lg-y\" id=\"image_1575901526\">\n\t\t\t\t\t\t\t\t<div class=\"img-inner dark\" >\n\t\t\t<img loading=\"lazy\" decoding=\"async\" width=\"462\" height=\"462\" src=\"https:\/\/swiftlifts.com\/wp-content\/uploads\/2022\/10\/Warranty-2022_S.png\" class=\"attachment-large size-large\" alt=\"Warranty 2022\" srcset=\"https:\/\/swiftlifts.com\/wp-content\/uploads\/2022\/10\/Warranty-2022_S.png 462w, https:\/\/swiftlifts.com\/wp-content\/uploads\/2022\/10\/Warranty-2022_S-400x400.png 400w, https:\/\/swiftlifts.com\/wp-content\/uploads\/2022\/10\/Warranty-2022_S-280x280.png 280w\" sizes=\"auto, (max-width: 462px) 100vw, 462px\" \/>\t\t\t\t\t\t\n\t\t\t\t\t<\/div>\n\t\t\t\t\t\t\t\t\n<style>\n#image_1575901526 {\n  width: 30%;\n}\n<\/style>\n\t<\/div>\n\t\n\t<div id=\"text-3926561946\" class=\"text\">\n\t\t\n<h2>B\u1ea2O H\u00c0NH<\/h2>\n\t\t\n<style>\n#text-3926561946 {\n  color: rgb(255, 201, 189);\n}\n#text-3926561946 > * {\n  color: rgb(255, 201, 189);\n}\n<\/style>\n\t<\/div>\n\t\n\t\t<\/div>\n\t\t\t\t\n<style>\n#col-1695245517 > .col-inner {\n  padding: 50px 0px 0px 0px;\n  margin: 0px 0px 0px 0px;\n}\n@media (min-width:550px) {\n  #col-1695245517 > .col-inner {\n    padding: 200px 0px 100px 0px;\n  }\n}\n<\/style>\n\t<\/div>\n\n\t\n\n\t<div id=\"col-2138554313\" class=\"col medium-4 small-12 large-4\"  >\n\t\t\t\t<div class=\"col-inner\"  >\n\t\t\t\n\t\t\t\n\t<div id=\"text-1160078788\" class=\"text warranties-color\">\n\t\t\n<p>Ch\u00fang t\u00f4i \u0111\u00e3 r\u1ea5t c\u1ea9n tr\u1ecdng khi ph\u00e1t tri\u1ec3n h\u1ec7 th\u1ed1ng v\u00edt v\u00e0 \u0111ai \u1ed1c \u0111\u00e3 \u0111\u01b0\u1ee3c c\u1ea5p b\u1eb1ng s\u00e1ng ch\u1ebf c\u1ee7a m\u00ecnh. B\u1ea1n s\u1ebd vui m\u1eebng bi\u1ebft r\u1eb1ng \u0111\u1ed1i v\u1edbi th\u1ecb tr\u01b0\u1eddng Vi\u1ec7t Nam, b\u1ea5t k\u1ef3 l\u1ed7i v\u1eadt li\u1ec7u n\u00e0o c\u1ee7a h\u1ec7 th\u1ed1ng v\u00edt v\u00e0 \u0111ai \u1ed1c s\u1ebd \u0111\u01b0\u1ee3c b\u1ea3o h\u00e0nh trong 10 n\u0103m.<\/p>\n<p>N\u1ebfu b\u1ea5t k\u1ef3 b\u1ed9 ph\u1eadn n\u00e0o kh\u00e1c c\u1ee7a SWIFT g\u1eb7p s\u1ef1 c\u1ed1 do v\u1eadt li\u1ec7u k\u00e9m ch\u1ea5t l\u01b0\u1ee3ng ho\u1eb7c v\u1ea5n \u0111\u1ec1 trong s\u1ea3n xu\u1ea5t, ch\u00fang s\u1ebd \u0111\u01b0\u1ee3c b\u1ea3o h\u00e0nh trong 5 n\u0103m. C\u00e1c l\u1ed7i v\u00e0 sai l\u1ec7ch tr\u00ean b\u1ec1 m\u1eb7t s\u01a1n c\u1ee7a thang m\u00e1y ph\u00e1t sinh do l\u1ed7i trong v\u1eadt li\u1ec7u ho\u1eb7c quy tr\u00ecnh s\u01a1n t\u1eeb nh\u00e0 m\u00e1y c\u0169ng \u0111\u01b0\u1ee3c b\u1ea3o h\u00e0nh.<\/p>\n\t\t\n<style>\n#text-1160078788 {\n  font-size: 1.5rem;\n  color: rgb(255, 201, 189);\n}\n#text-1160078788 > * {\n  color: rgb(255, 201, 189);\n}\n<\/style>\n\t<\/div>\n\t\n\t\t<\/div>\n\t\t\t\t\n<style>\n#col-2138554313 > .col-inner {\n  padding: 50px 15px 0px 15px;\n}\n@media (min-width:550px) {\n  #col-2138554313 > .col-inner {\n    padding: 100px 50px 100px 50px;\n  }\n}\n<\/style>\n\t<\/div>\n\n\t\n\n\t<div id=\"col-1917113709\" class=\"col medium-4 small-12 large-4\"  >\n\t\t\t\t<div class=\"col-inner\"  >\n\t\t\t\n\t\t\t\n\t<div id=\"text-3547736857\" class=\"text warranties-color\">\n\t\t\n<p>B\u1ed9 pin l\u00e0 m\u1ed9t ph\u1ea7n thi\u1ebft y\u1ebfu c\u1ee7a thang m\u00e1y gia \u0111\u00ecnh SWIFT \u0111\u01b0\u1ee3c s\u1ea1c \u0111\u1ed9ng. Kh\u00e1c v\u1edbi m\u1ed9t s\u1ed1 thang m\u00e1y gia \u0111\u00ecnh kh\u00e1c ch\u1ec9 c\u00f3 th\u1ec3 t\u1eeb t\u1eeb \u0111\u01b0a b\u1ea1n \u0111\u1ebfn t\u1ea7ng g\u1ea7n nh\u1ea5t trong tr\u01b0\u1eddng h\u1ee3p m\u1ea5t \u0111i\u1ec7n, SWIFT s\u1ebd v\u1eabn ho\u1ea1t \u0111\u1ed9ng b\u00ecnh th\u01b0\u1eddng. M\u1ea5t m\u1ed9t ch\u00fat dung l\u01b0\u1ee3ng pin theo th\u1eddi gian l\u00e0 \u0111i\u1ec1u b\u00ecnh th\u01b0\u1eddng; tuy nhi\u00ean, n\u1ebfu dung l\u01b0\u1ee3ng pin gi\u1ea3m xu\u1ed1ng d\u01b0\u1edbi 70% so v\u1edbi dung l\u01b0\u1ee3ng ban \u0111\u1ea7u trong th\u1eddi gian b\u1ea3o h\u00e0nh thang m\u00e1y, ch\u00fang t\u00f4i s\u1ebd thay pin mi\u1ec5n ph\u00ed cho b\u1ea1n.<\/p>\n<p>B\u1ea3o h\u00e0nh h\u1ec7 th\u1ed1ng V\u00edt v\u00e0 \u0110ai \u1ed0c c\u00f9ng v\u1edbi B\u1ea3o h\u00e0nh Thang M\u00e1y y\u00eau c\u1ea7u thang m\u00e1y ph\u1ea3i \u0111\u01b0\u1ee3c b\u1ea3o tr\u00ec v\u00e0 b\u1ea3o d\u01b0\u1ee1ng b\u1edfi SWIFT ho\u1eb7c b\u1ea5t k\u1ef3 chuy\u00ean gia \u0111\u1ecba ph\u01b0\u01a1ng n\u00e0o m\u00e0 ch\u00fang t\u00f4i ch\u1ec9 \u0111\u1ecbnh t\u1ea1i Vi\u1ec7t Nam.<\/p>\n\t\t\n<style>\n#text-3547736857 {\n  font-size: 1.5rem;\n}\n<\/style>\n\t<\/div>\n\t\n\t\t<\/div>\n\t\t\t\t\n<style>\n#col-1917113709 > .col-inner {\n  padding: 20px 15px 0px 15px;\n}\n@media (min-width:550px) {\n  #col-1917113709 > .col-inner {\n    padding: 100px 100px 100px 50px;\n  }\n}\n<\/style>\n\t<\/div>\n\n\t\n\n<style>\n#row-1542073999 > .col > .col-inner {\n  background-color: rgba(30, 98, 122, 0.9);\n}\n<\/style>\n<\/div>\n<div class=\"row hide-for-medium\"  id=\"row-1887235725\">\n\n\t<div id=\"col-1389359463\" class=\"col small-12 large-12\"  >\n\t\t\t\t<div class=\"col-inner\"  >\n\t\t\t\n\t\t\t\n\t\t<\/div>\n\t\t\t\t\t<\/div>\n\n\t\n\n<style>\n#row-1887235725 > .col > .col-inner {\n  padding: 50px 0px 0px 0px;\n}\n<\/style>\n<\/div>\n<div class=\"row row-collapse row-full-width align-equal\"  id=\"row-1688215221\">\n\n\t<div id=\"col-1600260724\" class=\"col medium-4 small-12 large-4\"  >\n\t\t\t\t<div class=\"col-inner text-center\"  >\n\t\t\t\n\t\t\t\n\t<div class=\"img has-hover x md-x lg-x y md-y lg-y\" id=\"image_1822042455\">\n\t\t\t\t\t\t\t\t<div class=\"img-inner dark\" >\n\t\t\t<img loading=\"lazy\" decoding=\"async\" width=\"462\" height=\"462\" src=\"https:\/\/swiftlifts.com\/wp-content\/uploads\/2022\/10\/Service-2022_M.png\" class=\"attachment-large size-large\" alt=\"Service frequency of a SWIFT domestic lift\" srcset=\"https:\/\/swiftlifts.com\/wp-content\/uploads\/2022\/10\/Service-2022_M.png 462w, https:\/\/swiftlifts.com\/wp-content\/uploads\/2022\/10\/Service-2022_M-400x400.png 400w, https:\/\/swiftlifts.com\/wp-content\/uploads\/2022\/10\/Service-2022_M-280x280.png 280w\" sizes=\"auto, (max-width: 462px) 100vw, 462px\" \/>\t\t\t\t\t\t\n\t\t\t\t\t<\/div>\n\t\t\t\t\t\t\t\t\n<style>\n#image_1822042455 {\n  width: 30%;\n}\n<\/style>\n\t<\/div>\n\t\n\t<div id=\"text-57987965\" class=\"text\">\n\t\t\n<h2>B\u1ea2O TR\u00cc<\/h2>\n\t\t\n<style>\n#text-57987965 {\n  color: rgb(131, 175, 175);\n}\n#text-57987965 > * {\n  color: rgb(131, 175, 175);\n}\n<\/style>\n\t<\/div>\n\t\n\t\t<\/div>\n\t\t\t\t\n<style>\n#col-1600260724 > .col-inner {\n  padding: 50px 0px 0px 0px;\n  margin: 0px 0px 0px 0px;\n}\n@media (min-width:550px) {\n  #col-1600260724 > .col-inner {\n    padding: 200px 0px 100px 0px;\n  }\n}\n<\/style>\n\t<\/div>\n\n\t\n\n\t<div id=\"col-1071919100\" class=\"col medium-4 small-12 large-4\"  >\n\t\t\t\t<div class=\"col-inner\"  >\n\t\t\t\n\t\t\t\n\t<div id=\"text-2048720986\" class=\"text maintenance-color\">\n\t\t\n<p>T\u1ea7n su\u1ea5t b\u1ea3o tr\u00ec th\u01b0\u1eddng l\u00e0 1-2 l\u1ea7n m\u1ed7i n\u0103m. Khi \u0111\u1ebfn th\u1eddi gian b\u1ea3o tr\u00ec, m\u1ed9t k\u1ef9 thu\u1eadt vi\u00ean c\u1ee7a SWIFT s\u1ebd \u0111\u1ebfn t\u1eadn nh\u00e0 b\u1ea1n v\u00e0 ki\u1ec3m tra thang m\u00e1y. K\u1ef9 thu\u1eadt vi\u00ean s\u1ebd \u0111\u1ea3m b\u1ea3o thang m\u00e1y c\u1ee7a b\u1ea1n \u0111\u01b0\u1ee3c ho\u00e0n th\u00e0nh v\u1edbi ti\u00eau chu\u1ea9n cao nh\u1ea5t tr\u01b0\u1edbc khi r\u1eddi kh\u1ecfi nh\u00e0. \u0110\u1ed1i v\u1edbi b\u1ea3o tr\u00ec v\u00e0 s\u1eeda ch\u1eefa, ch\u00fang t\u00f4i ch\u1ec9 s\u1eed d\u1ee5ng c\u00e1c linh ki\u1ec7n ch\u00ednh h\u00e3ng c\u1ee7a SWIFT \u0111\u1ec3 \u0111\u1ea3m b\u1ea3o b\u1ea1n c\u00f3 th\u1ec3 t\u1eadn h\u01b0\u1edfng nhi\u1ec1u n\u0103m s\u1eed d\u1ee5ng an to\u00e0n v\u00e0 tho\u1ea3i m\u00e1i.<\/p>\n<p>H\u1ec7 th\u1ed1ng \u201cSWIFT Remote\u201d c\u1ee7a ch\u00fang t\u00f4i v\u1edbi ch\u1ee9c n\u0103ng ch\u1ea9n \u0111o\u00e1n kh\u00f4ng d\u00e2y s\u1ebd \u0111\u1ea3m b\u1ea3o h\u1ed7 tr\u1ee3 nhanh ch\u00f3ng v\u00e0 th\u00f4ng b\u00e1o cho b\u1ea1n n\u1ebfu c\u1ea7n th\u00eam d\u1ecbch v\u1ee5.<\/p>\n\t\t\n<style>\n#text-2048720986 {\n  font-size: 1.5rem;\n}\n<\/style>\n\t<\/div>\n\t\n\t\t<\/div>\n\t\t\t\t\n<style>\n#col-1071919100 > .col-inner {\n  padding: 50px 15px 0px 15px;\n}\n@media (min-width:550px) {\n  #col-1071919100 > .col-inner {\n    padding: 100px 50px 100px 50px;\n  }\n}\n<\/style>\n\t<\/div>\n\n\t\n\n\t<div id=\"col-1020645108\" class=\"col medium-4 small-12 large-4\"  >\n\t\t\t\t<div class=\"col-inner\"  >\n\t\t\t\n\t\t\t\n\t<div id=\"text-2337307901\" class=\"text maintenance-color\">\n\t\t\n<p>C\u00e1c b\u1ea3n c\u1eadp nh\u1eadt ph\u1ea7n m\u1ec1m \u0111\u1ecbnh k\u1ef3 c\u0169ng s\u1ebd \u0111\u1ea3m b\u1ea3o r\u1eb1ng thang m\u00e1y gia \u0111\u00ecnh c\u1ee7a b\u1ea1n kh\u00f4ng ch\u1ec9 an to\u00e0n v\u00e0 tho\u1ea3i m\u00e1i nh\u01b0 l\u1ea7n \u0111\u1ea7u ti\u00ean, m\u00e0 c\u00f2n ng\u00e0y c\u00e0ng c\u1ea3i thi\u1ec7n h\u01a1n theo th\u1eddi gian s\u1eed d\u1ee5ng.<\/p>\n<p>SWIFT c\u00f3 ba c\u1ea5p \u0111\u1ed9 G\u00f3i B\u1ea3o tr\u00ec v\u00e0 D\u1ecbch v\u1ee5 t\u00f9y thu\u1ed9c v\u00e0o m\u1ee9c \u0111\u1ed9 s\u1eed d\u1ee5ng v\u00e0 nhu c\u1ea7u. \u0110\u1ecdc th\u00eam v\u1ec1 c\u00e1c G\u00f3i D\u1ecbch v\u1ee5 v\u00e0 B\u1ea3o tr\u00ec c\u1ee7a ch\u00fang t\u00f4i.<\/p>\n\t\t\n<style>\n#text-2337307901 {\n  font-size: 1.5rem;\n}\n<\/style>\n\t<\/div>\n\t\n\t\t<\/div>\n\t\t\t\t\n<style>\n#col-1020645108 > .col-inner {\n  padding: 20px 15px 0px 15px;\n}\n@media (min-width:550px) {\n  #col-1020645108 > .col-inner {\n    padding: 100px 100px 100px 50px;\n  }\n}\n<\/style>\n\t<\/div>\n\n\t\n\n<style>\n#row-1688215221 > .col > .col-inner {\n  background-color: rgba(0, 10, 54, 0.8);\n}\n<\/style>\n<\/div>\n<div class=\"row hide-for-medium\"  id=\"row-1219188506\">\n\n\t<div id=\"col-213623174\" class=\"col small-12 large-12\"  >\n\t\t\t\t<div class=\"col-inner\"  >\n\t\t\t\n\t\t\t\n\t\t<\/div>\n\t\t\t\t\t<\/div>\n\n\t\n\n<style>\n#row-1219188506 > .col > .col-inner {\n  padding: 1500px 0px 0px 0px;\n}\n<\/style>\n<\/div>\n\t\t<\/div>\n\n\t\t\n<style>\n#section_1863467573 {\n  padding-top: 0px;\n  padding-bottom: 0px;\n}\n<\/style>\n\t<\/section>\n\t\n","protected":false},"excerpt":{"rendered":"","protected":false},"author":1,"featured_media":0,"parent":0,"menu_order":0,"comment_status":"closed","ping_status":"closed","template":"page-transparent-header.php","meta":{"_acf_changed":false,"content-type":"","footnotes":""},"class_list":["post-34693","page","type-page","status-publish","hentry"],"acf":[],"yoast_head":"<!-- This site is optimized with the Yoast SEO Premium plugin v27.3 (Yoast SEO v27.3) - https:\/\/yoast.com\/product\/yoast-seo-premium-wordpress\/ -->\n<title>D\u1ecbch v\u1ee5 b\u1ea3o h\u00e0nh v\u00e0 b\u1ea3o tr\u00ec thang m\u00e1y t\u1ea1i SWIFT<\/title>\n<meta name=\"description\" content=\"SWIFT Lifts cung c\u1ea5p d\u1ecbch v\u1ee5 b\u1ea3o h\u00e0nh v\u00e0 b\u1ea3o tr\u00ec tr\u1ecdn g\u00f3i, \u0111\u1ea3m b\u1ea3o hi\u1ec7u su\u1ea5t v\u00e0 \u0111\u1ed9 tin c\u1eady t\u1ed1i \u01b0u cho thi\u1ebft b\u1ecb c\u1ee7a b\u1ea1n tr\u00ean kh\u1eafp Vi\u1ec7t Nam.\" \/>\n<meta name=\"robots\" content=\"index, follow, max-snippet:-1, max-image-preview:large, max-video-preview:-1\" \/>\n<link rel=\"canonical\" href=\"https:\/\/swiftlifts.com\/vn\/bao-hanh-va-bao-tri\/\" \/>\n<meta property=\"og:locale\" content=\"en_US\" \/>\n<meta property=\"og:type\" content=\"article\" \/>\n<meta property=\"og:title\" content=\"Bao hanh va bao tri\" \/>\n<meta property=\"og:description\" content=\"SWIFT Lifts cung c\u1ea5p d\u1ecbch v\u1ee5 b\u1ea3o h\u00e0nh v\u00e0 b\u1ea3o tr\u00ec tr\u1ecdn g\u00f3i, \u0111\u1ea3m b\u1ea3o hi\u1ec7u su\u1ea5t v\u00e0 \u0111\u1ed9 tin c\u1eady t\u1ed1i \u01b0u cho thi\u1ebft b\u1ecb c\u1ee7a b\u1ea1n tr\u00ean kh\u1eafp Vi\u1ec7t Nam.\" \/>\n<meta property=\"og:url\" content=\"https:\/\/swiftlifts.com\/vn\/bao-hanh-va-bao-tri\/\" \/>\n<meta property=\"og:site_name\" content=\"SWIFT - 100% battery driven home lifts\" \/>\n<meta property=\"article:publisher\" content=\"https:\/\/www.facebook.com\/swifthomelifts\" \/>\n<meta property=\"article:modified_time\" content=\"2025-12-08T05:22:09+00:00\" \/>\n<meta name=\"twitter:card\" content=\"summary_large_image\" \/>\n<meta name=\"twitter:label1\" content=\"Est. reading time\" \/>\n\t<meta name=\"twitter:data1\" content=\"5 minutes\" \/>\n<script type=\"application\/ld+json\" class=\"yoast-schema-graph\">{\"@context\":\"https:\\\/\\\/schema.org\",\"@graph\":[{\"@type\":\"WebPage\",\"@id\":\"https:\\\/\\\/swiftlifts.com\\\/vn\\\/bao-hanh-va-bao-tri\\\/\",\"url\":\"https:\\\/\\\/swiftlifts.com\\\/vn\\\/bao-hanh-va-bao-tri\\\/\",\"name\":\"D\u1ecbch v\u1ee5 b\u1ea3o h\u00e0nh v\u00e0 b\u1ea3o tr\u00ec thang m\u00e1y t\u1ea1i SWIFT\",\"isPartOf\":{\"@id\":\"https:\\\/\\\/swiftlifts.com\\\/vn\\\/#website\"},\"datePublished\":\"2024-10-28T05:44:41+00:00\",\"dateModified\":\"2025-12-08T05:22:09+00:00\",\"description\":\"SWIFT Lifts cung c\u1ea5p d\u1ecbch v\u1ee5 b\u1ea3o h\u00e0nh v\u00e0 b\u1ea3o tr\u00ec tr\u1ecdn g\u00f3i, \u0111\u1ea3m b\u1ea3o hi\u1ec7u su\u1ea5t v\u00e0 \u0111\u1ed9 tin c\u1eady t\u1ed1i \u01b0u cho thi\u1ebft b\u1ecb c\u1ee7a b\u1ea1n tr\u00ean kh\u1eafp Vi\u1ec7t Nam.\",\"breadcrumb\":{\"@id\":\"https:\\\/\\\/swiftlifts.com\\\/vn\\\/bao-hanh-va-bao-tri\\\/#breadcrumb\"},\"inLanguage\":\"vn-VN\",\"potentialAction\":[{\"@type\":\"ReadAction\",\"target\":[\"https:\\\/\\\/swiftlifts.com\\\/vn\\\/bao-hanh-va-bao-tri\\\/\"]}]},{\"@type\":\"BreadcrumbList\",\"@id\":\"https:\\\/\\\/swiftlifts.com\\\/vn\\\/bao-hanh-va-bao-tri\\\/#breadcrumb\",\"itemListElement\":[{\"@type\":\"ListItem\",\"position\":1,\"name\":\"Home\",\"item\":\"https:\\\/\\\/swiftlifts.com\\\/vn\\\/\"},{\"@type\":\"ListItem\",\"position\":2,\"name\":\"Bao hanh va bao tri\"}]},{\"@type\":\"WebSite\",\"@id\":\"https:\\\/\\\/swiftlifts.com\\\/vn\\\/#website\",\"url\":\"https:\\\/\\\/swiftlifts.com\\\/vn\\\/\",\"name\":\"SWIFT - 100% battery driven home lifts\",\"description\":\"NEW WAYS TO MOVE\",\"publisher\":{\"@id\":\"https:\\\/\\\/swiftlifts.com\\\/vn\\\/#organization\"},\"potentialAction\":[{\"@type\":\"SearchAction\",\"target\":{\"@type\":\"EntryPoint\",\"urlTemplate\":\"https:\\\/\\\/swiftlifts.com\\\/vn\\\/?s={search_term_string}\"},\"query-input\":{\"@type\":\"PropertyValueSpecification\",\"valueRequired\":true,\"valueName\":\"search_term_string\"}}],\"inLanguage\":\"vn-VN\"},{\"@type\":\"Organization\",\"@id\":\"https:\\\/\\\/swiftlifts.com\\\/vn\\\/#organization\",\"name\":\"SWIFT Home Lifts\",\"url\":\"https:\\\/\\\/swiftlifts.com\\\/vn\\\/\",\"logo\":{\"@type\":\"ImageObject\",\"inLanguage\":\"vn-VN\",\"@id\":\"https:\\\/\\\/swiftlifts.com\\\/vn\\\/#\\\/schema\\\/logo\\\/image\\\/\",\"url\":\"https:\\\/\\\/swiftlifts.com\\\/wp-content\\\/uploads\\\/2025\\\/03\\\/cropped-SWIFT-Logo-Google.jpg\",\"contentUrl\":\"https:\\\/\\\/swiftlifts.com\\\/wp-content\\\/uploads\\\/2025\\\/03\\\/cropped-SWIFT-Logo-Google.jpg\",\"width\":512,\"height\":512,\"caption\":\"SWIFT Home Lifts\"},\"image\":{\"@id\":\"https:\\\/\\\/swiftlifts.com\\\/vn\\\/#\\\/schema\\\/logo\\\/image\\\/\"},\"sameAs\":[\"https:\\\/\\\/www.facebook.com\\\/swifthomelifts\",\"https:\\\/\\\/www.instagram.com\\\/swifthomelifts\\\/\",\"https:\\\/\\\/www.linkedin.com\\\/company\\\/swifthomelifts\\\/\",\"https:\\\/\\\/www.pinterest.se\\\/swifthomelifts\\\/\",\"https:\\\/\\\/www.youtube.com\\\/@swift5669\"]}]}<\/script>\n<!-- \/ Yoast SEO Premium plugin. -->","yoast_head_json":{"title":"D\u1ecbch v\u1ee5 b\u1ea3o h\u00e0nh v\u00e0 b\u1ea3o tr\u00ec thang m\u00e1y t\u1ea1i SWIFT","description":"SWIFT Lifts cung c\u1ea5p d\u1ecbch v\u1ee5 b\u1ea3o h\u00e0nh v\u00e0 b\u1ea3o tr\u00ec tr\u1ecdn g\u00f3i, \u0111\u1ea3m b\u1ea3o hi\u1ec7u su\u1ea5t v\u00e0 \u0111\u1ed9 tin c\u1eady t\u1ed1i \u01b0u cho thi\u1ebft b\u1ecb c\u1ee7a b\u1ea1n tr\u00ean kh\u1eafp Vi\u1ec7t Nam.","robots":{"index":"index","follow":"follow","max-snippet":"max-snippet:-1","max-image-preview":"max-image-preview:large","max-video-preview":"max-video-preview:-1"},"canonical":"https:\/\/swiftlifts.com\/vn\/bao-hanh-va-bao-tri\/","og_locale":"en_US","og_type":"article","og_title":"Bao hanh va bao tri","og_description":"SWIFT Lifts cung c\u1ea5p d\u1ecbch v\u1ee5 b\u1ea3o h\u00e0nh v\u00e0 b\u1ea3o tr\u00ec tr\u1ecdn g\u00f3i, \u0111\u1ea3m b\u1ea3o hi\u1ec7u su\u1ea5t v\u00e0 \u0111\u1ed9 tin c\u1eady t\u1ed1i \u01b0u cho thi\u1ebft b\u1ecb c\u1ee7a b\u1ea1n tr\u00ean kh\u1eafp Vi\u1ec7t Nam.","og_url":"https:\/\/swiftlifts.com\/vn\/bao-hanh-va-bao-tri\/","og_site_name":"SWIFT - 100% battery driven home lifts","article_publisher":"https:\/\/www.facebook.com\/swifthomelifts","article_modified_time":"2025-12-08T05:22:09+00:00","twitter_card":"summary_large_image","twitter_misc":{"Est. reading time":"5 minutes"},"schema":{"@context":"https:\/\/schema.org","@graph":[{"@type":"WebPage","@id":"https:\/\/swiftlifts.com\/vn\/bao-hanh-va-bao-tri\/","url":"https:\/\/swiftlifts.com\/vn\/bao-hanh-va-bao-tri\/","name":"D\u1ecbch v\u1ee5 b\u1ea3o h\u00e0nh v\u00e0 b\u1ea3o tr\u00ec thang m\u00e1y t\u1ea1i SWIFT","isPartOf":{"@id":"https:\/\/swiftlifts.com\/vn\/#website"},"datePublished":"2024-10-28T05:44:41+00:00","dateModified":"2025-12-08T05:22:09+00:00","description":"SWIFT Lifts cung c\u1ea5p d\u1ecbch v\u1ee5 b\u1ea3o h\u00e0nh v\u00e0 b\u1ea3o tr\u00ec tr\u1ecdn g\u00f3i, \u0111\u1ea3m b\u1ea3o hi\u1ec7u su\u1ea5t v\u00e0 \u0111\u1ed9 tin c\u1eady t\u1ed1i \u01b0u cho thi\u1ebft b\u1ecb c\u1ee7a b\u1ea1n tr\u00ean kh\u1eafp Vi\u1ec7t Nam.","breadcrumb":{"@id":"https:\/\/swiftlifts.com\/vn\/bao-hanh-va-bao-tri\/#breadcrumb"},"inLanguage":"vn-VN","potentialAction":[{"@type":"ReadAction","target":["https:\/\/swiftlifts.com\/vn\/bao-hanh-va-bao-tri\/"]}]},{"@type":"BreadcrumbList","@id":"https:\/\/swiftlifts.com\/vn\/bao-hanh-va-bao-tri\/#breadcrumb","itemListElement":[{"@type":"ListItem","position":1,"name":"Home","item":"https:\/\/swiftlifts.com\/vn\/"},{"@type":"ListItem","position":2,"name":"Bao hanh va bao tri"}]},{"@type":"WebSite","@id":"https:\/\/swiftlifts.com\/vn\/#website","url":"https:\/\/swiftlifts.com\/vn\/","name":"SWIFT - 100% battery driven home lifts","description":"NEW WAYS TO MOVE","publisher":{"@id":"https:\/\/swiftlifts.com\/vn\/#organization"},"potentialAction":[{"@type":"SearchAction","target":{"@type":"EntryPoint","urlTemplate":"https:\/\/swiftlifts.com\/vn\/?s={search_term_string}"},"query-input":{"@type":"PropertyValueSpecification","valueRequired":true,"valueName":"search_term_string"}}],"inLanguage":"vn-VN"},{"@type":"Organization","@id":"https:\/\/swiftlifts.com\/vn\/#organization","name":"SWIFT Home Lifts","url":"https:\/\/swiftlifts.com\/vn\/","logo":{"@type":"ImageObject","inLanguage":"vn-VN","@id":"https:\/\/swiftlifts.com\/vn\/#\/schema\/logo\/image\/","url":"https:\/\/swiftlifts.com\/wp-content\/uploads\/2025\/03\/cropped-SWIFT-Logo-Google.jpg","contentUrl":"https:\/\/swiftlifts.com\/wp-content\/uploads\/2025\/03\/cropped-SWIFT-Logo-Google.jpg","width":512,"height":512,"caption":"SWIFT Home Lifts"},"image":{"@id":"https:\/\/swiftlifts.com\/vn\/#\/schema\/logo\/image\/"},"sameAs":["https:\/\/www.facebook.com\/swifthomelifts","https:\/\/www.instagram.com\/swifthomelifts\/","https:\/\/www.linkedin.com\/company\/swifthomelifts\/","https:\/\/www.pinterest.se\/swifthomelifts\/","https:\/\/www.youtube.com\/@swift5669"]}]}},"_links":{"self":[{"href":"https:\/\/swiftlifts.com\/vn\/wp-json\/wp\/v2\/pages\/34693","targetHints":{"allow":["GET"]}}],"collection":[{"href":"https:\/\/swiftlifts.com\/vn\/wp-json\/wp\/v2\/pages"}],"about":[{"href":"https:\/\/swiftlifts.com\/vn\/wp-json\/wp\/v2\/types\/page"}],"author":[{"embeddable":true,"href":"https:\/\/swiftlifts.com\/vn\/wp-json\/wp\/v2\/users\/1"}],"replies":[{"embeddable":true,"href":"https:\/\/swiftlifts.com\/vn\/wp-json\/wp\/v2\/comments?post=34693"}],"version-history":[{"count":7,"href":"https:\/\/swiftlifts.com\/vn\/wp-json\/wp\/v2\/pages\/34693\/revisions"}],"predecessor-version":[{"id":38891,"href":"https:\/\/swiftlifts.com\/vn\/wp-json\/wp\/v2\/pages\/34693\/revisions\/38891"}],"wp:attachment":[{"href":"https:\/\/swiftlifts.com\/vn\/wp-json\/wp\/v2\/media?parent=34693"}],"curies":[{"name":"wp","href":"https:\/\/api.w.org\/{rel}","templated":true}]}}