{"id":34686,"date":"2024-10-28T13:51:22","date_gmt":"2024-10-28T13:51:22","guid":{"rendered":"https:\/\/swiftlifts.com\/about\/"},"modified":"2025-12-08T07:31:28","modified_gmt":"2025-12-08T07:31:28","slug":"about","status":"publish","type":"page","link":"https:\/\/swiftlifts.com\/vn\/about\/","title":{"rendered":"Gi\u1edbi thi\u1ec7u"},"content":{"rendered":"\n\t<section class=\"section has-parallax\" id=\"section_416895888\">\n\t\t<div class=\"section-bg fill\" data-parallax-container=\".section\" data-parallax-background data-parallax=\"-10\">\n\t\t\t<img loading=\"lazy\" decoding=\"async\" width=\"2560\" height=\"1708\" src=\"https:\/\/swiftlifts.com\/wp-content\/uploads\/2024\/02\/swift_about_us_bg-2.jpg\" class=\"bg attachment-original size-original\" alt=\"\" \/>\t\t\t\t\t\t\n\t\t\t\n\n\t\t<\/div>\n\n\t\t\n\n\t\t<div class=\"section-content relative\">\n\t\t\t\n<div class=\"row row-full-width align-center\"  id=\"row-1881152241\">\n\n\t<div id=\"col-1502406372\" class=\"col hide-for-medium medium-4 small-12 large-4\"  >\n\t\t\t\t<div class=\"col-inner\"  >\n\t\t\t\n\t\t\t\n\t\t<\/div>\n\t\t\t\t\t<\/div>\n\n\t\n\n\t<div id=\"col-1488609747\" class=\"col medium-3 small-9 large-3\"  >\n\t\t\t\t<div class=\"col-inner text-left\"  >\n\t\t\t\n\t\t\t\n\t<div id=\"text-3276708450\" class=\"text\">\n\t\t\n<h1>C\u00e2u chuy\u1ec7n c\u1ee7a ch\u00fang t\u00f4i<\/h1>\n\t\t\n<style>\n#text-3276708450 {\n  font-size: 1.5rem;\n  text-align: left;\n  color: rgb(255, 201, 189);\n}\n#text-3276708450 > * {\n  color: rgb(255, 201, 189);\n}\n<\/style>\n\t<\/div>\n\t\n\t<div id=\"text-1319735512\" class=\"text\">\n\t\t\n<p>SWIFT l\u00e0 m\u1ed9t c\u00f4ng ty c\u00f4ng ngh\u1ec7 gia \u0111\u00ecnh \u0111\u1ebfn t\u1eeb Th\u1ee5y \u0110i\u1ec3n, \u0111\u01b0\u1ee3c th\u00e0nh l\u1eadp b\u1edfi nh\u1eefng ng\u01b0\u1eddi ti\u00ean phong trong l\u0129nh v\u1ef1c thang m\u00e1y gia \u0111\u00ecnh, c\u00f9ng chung ni\u1ec1m \u0111am m\u00ea v\u1edbi c\u00e1c s\u1ea3n ph\u1ea9m c\u00f3 th\u1ec3 t\u1ea1o n\u00ean s\u1ef1 kh\u00e1c bi\u1ec7t..<\/p>\n\t\t\n<style>\n#text-1319735512 {\n  font-size: 1.2rem;\n  text-align: left;\n  color: rgb(255, 255, 255);\n}\n#text-1319735512 > * {\n  color: rgb(255, 255, 255);\n}\n@media (min-width:550px) {\n  #text-1319735512 {\n    font-size: 1.2rem;\n  }\n}\n<\/style>\n\t<\/div>\n\t\n<a href=\"https:\/\/swiftlifts.com\/vn\/our-story\/\" class=\"button primary lowercase\" >\n\t\t<span>\u0110\u1ecdc th\u00eam<\/span>\n\t<i class=\"icon-angle-right\" aria-hidden=\"true\"><\/i><\/a>\n\n\t\t<\/div>\n\t\t\t\t\n<style>\n#col-1488609747 > .col-inner {\n  padding: 0px 0px 0px 0px;\n  margin: 200px 0px 0px 15%;\n}\n@media (min-width:550px) {\n  #col-1488609747 > .col-inner {\n    padding: 0px 0px 0px 10%;\n    margin: 35% 0px 0px 0px;\n  }\n}\n<\/style>\n\t<\/div>\n\n\t\n<\/div>\n<div class=\"row row-full-width align-center\"  id=\"row-1669822323\">\n\n\t<div id=\"col-131184304\" class=\"col hide-for-medium medium-4 small-12 large-4\"  >\n\t\t\t\t<div class=\"col-inner\"  >\n\t\t\t\n\t\t\t\n\t\t<\/div>\n\t\t\t\t\t<\/div>\n\n\t\n\n\t<div id=\"col-531391136\" class=\"col medium-3 small-9 large-3\"  >\n\t\t\t\t<div class=\"col-inner text-left\"  >\n\t\t\t\n\t\t\t\n\t<div id=\"text-1006304876\" class=\"text\">\n\t\t\n<h2>Con ng\u01b0\u1eddi SWIFT<\/h2>\n\t\t\n<style>\n#text-1006304876 {\n  font-size: 1.5rem;\n  text-align: left;\n  color: rgb(255, 201, 189);\n}\n#text-1006304876 > * {\n  color: rgb(255, 201, 189);\n}\n<\/style>\n\t<\/div>\n\t\n\t<div id=\"text-2663129363\" class=\"text\">\n\t\t\n<p>T\u1ea1i SWIFT, ch\u00fang t\u00f4i h\u01b0\u1edbng \u0111\u1ebfn vi\u1ec7c c\u1ea3i thi\u1ec7n x\u00e3 h\u1ed9i b\u1eb1ng c\u00e1ch l\u00e0m cho cu\u1ed9c s\u1ed1ng tr\u1edf n\u00ean tho\u1ea3i m\u00e1i v\u00e0 b\u1ec1n v\u1eefng h\u01a1n. \u0110i\u1ec1u n\u00e0y \u0111\u01b0\u1ee3c th\u1ef1c hi\u1ec7n th\u00f4ng qua vi\u1ec7c gi\u1edbi thi\u1ec7u m\u1ed9t kh\u00e1i ni\u1ec7m thang m\u00e1y gia \u0111\u00ecnh v\u1edbi gi\u00e1 c\u1ea3 ph\u1ea3i ch\u0103ng, thi\u1ebft k\u1ebf \u0111\u1eb9p m\u1eaft v\u00e0 mang l\u1ea1i s\u1ef1 th\u00fa v\u1ecb khi s\u1eed d\u1ee5ng.<br \/>\n\t\t\n<style>\n#text-2663129363 {\n  font-size: 1.2rem;\n  text-align: left;\n  color: rgb(255, 255, 255);\n}\n#text-2663129363 > * {\n  color: rgb(255, 255, 255);\n}\n@media (min-width:550px) {\n  #text-2663129363 {\n    font-size: 1.2rem;\n  }\n}\n<\/style>\n\t<\/div>\n\t\n<a href=\"https:\/\/swiftlifts.com\/vn\/swift-people\/\" class=\"button primary lowercase\" >\n\t\t<span>\u0110\u1ecdc th\u00eam<\/span>\n\t<i class=\"icon-angle-right\" aria-hidden=\"true\"><\/i><\/a>\n\n\t\t<\/div>\n\t\t\t\t\n<style>\n#col-531391136 > .col-inner {\n  padding: 0px 0px 0px 0px;\n  margin: 200px 0px 0px 15%;\n}\n@media (min-width:550px) {\n  #col-531391136 > .col-inner {\n    padding: 0px 0px 0px 10%;\n    margin: 10% 0px 0px 0px;\n  }\n}\n<\/style>\n\t<\/div>\n\n\t\n<\/div>\n\t\t<\/div>\n\n\t\t\n<style>\n#section_416895888 {\n  padding-top: 0px;\n  padding-bottom: 0px;\n}\n<\/style>\n\t<\/section>\n\t\n","protected":false},"excerpt":{"rendered":"","protected":false},"author":1,"featured_media":0,"parent":0,"menu_order":0,"comment_status":"closed","ping_status":"closed","template":"page-transparent-header.php","meta":{"_acf_changed":false,"content-type":"","footnotes":""},"class_list":["post-34686","page","type-page","status-publish","hentry"],"acf":[],"yoast_head":"<!-- This site is optimized with the Yoast SEO Premium plugin v27.3 (Yoast SEO v27.3) - https:\/\/yoast.com\/product\/yoast-seo-premium-wordpress\/ -->\n<title>Gi\u1edbi thi\u1ec7u v\u1ec1 SWIFT \u2013 Nh\u00e0 cung c\u1ea5p thang m\u00e1y uy t\u00edn<\/title>\n<meta name=\"description\" content=\"SWIFT Lifts \u2013 thang m\u00e1y Th\u1ee5y \u0110i\u1ec3n mang \u0111\u1ebfn tr\u1ea3i nghi\u1ec7m s\u1ed1ng tho\u1ea3i m\u00e1i, b\u1ec1n v\u1eefng v\u00e0 hi\u1ec7n \u0111\u1ea1i cho c\u00e1c gia \u0111\u00ecnh Vi\u1ec7t Nam.\" \/>\n<meta name=\"robots\" content=\"index, follow, max-snippet:-1, max-image-preview:large, max-video-preview:-1\" \/>\n<link rel=\"canonical\" href=\"https:\/\/swiftlifts.com\/vn\/about\/\" \/>\n<meta property=\"og:locale\" content=\"en_US\" \/>\n<meta property=\"og:type\" content=\"article\" \/>\n<meta property=\"og:title\" content=\"Gi\u1edbi thi\u1ec7u\" \/>\n<meta property=\"og:description\" content=\"SWIFT Lifts \u2013 thang m\u00e1y Th\u1ee5y \u0110i\u1ec3n mang \u0111\u1ebfn tr\u1ea3i nghi\u1ec7m s\u1ed1ng tho\u1ea3i m\u00e1i, b\u1ec1n v\u1eefng v\u00e0 hi\u1ec7n \u0111\u1ea1i cho c\u00e1c gia \u0111\u00ecnh Vi\u1ec7t Nam.\" \/>\n<meta property=\"og:url\" content=\"https:\/\/swiftlifts.com\/vn\/about\/\" \/>\n<meta property=\"og:site_name\" content=\"SWIFT - 100% battery driven home lifts\" \/>\n<meta property=\"article:publisher\" content=\"https:\/\/www.facebook.com\/swifthomelifts\" \/>\n<meta property=\"article:modified_time\" content=\"2025-12-08T07:31:28+00:00\" \/>\n<meta name=\"twitter:card\" content=\"summary_large_image\" \/>\n<meta name=\"twitter:label1\" content=\"Est. reading time\" \/>\n\t<meta name=\"twitter:data1\" content=\"2 minutes\" \/>\n<script type=\"application\/ld+json\" class=\"yoast-schema-graph\">{\"@context\":\"https:\\\/\\\/schema.org\",\"@graph\":[{\"@type\":\"WebPage\",\"@id\":\"https:\\\/\\\/swiftlifts.com\\\/vn\\\/about\\\/\",\"url\":\"https:\\\/\\\/swiftlifts.com\\\/vn\\\/about\\\/\",\"name\":\"Gi\u1edbi thi\u1ec7u v\u1ec1 SWIFT \u2013 Nh\u00e0 cung c\u1ea5p thang m\u00e1y uy t\u00edn\",\"isPartOf\":{\"@id\":\"https:\\\/\\\/swiftlifts.com\\\/vn\\\/#website\"},\"datePublished\":\"2024-10-28T13:51:22+00:00\",\"dateModified\":\"2025-12-08T07:31:28+00:00\",\"description\":\"SWIFT Lifts \u2013 thang m\u00e1y Th\u1ee5y \u0110i\u1ec3n mang \u0111\u1ebfn tr\u1ea3i nghi\u1ec7m s\u1ed1ng tho\u1ea3i m\u00e1i, b\u1ec1n v\u1eefng v\u00e0 hi\u1ec7n \u0111\u1ea1i cho c\u00e1c gia \u0111\u00ecnh Vi\u1ec7t Nam.\",\"breadcrumb\":{\"@id\":\"https:\\\/\\\/swiftlifts.com\\\/vn\\\/about\\\/#breadcrumb\"},\"inLanguage\":\"vn-VN\",\"potentialAction\":[{\"@type\":\"ReadAction\",\"target\":[\"https:\\\/\\\/swiftlifts.com\\\/vn\\\/about\\\/\"]}]},{\"@type\":\"BreadcrumbList\",\"@id\":\"https:\\\/\\\/swiftlifts.com\\\/vn\\\/about\\\/#breadcrumb\",\"itemListElement\":[{\"@type\":\"ListItem\",\"position\":1,\"name\":\"Home\",\"item\":\"https:\\\/\\\/swiftlifts.com\\\/vn\\\/\"},{\"@type\":\"ListItem\",\"position\":2,\"name\":\"Gi\u1edbi thi\u1ec7u\"}]},{\"@type\":\"WebSite\",\"@id\":\"https:\\\/\\\/swiftlifts.com\\\/vn\\\/#website\",\"url\":\"https:\\\/\\\/swiftlifts.com\\\/vn\\\/\",\"name\":\"SWIFT - 100% battery driven home lifts\",\"description\":\"NEW WAYS TO MOVE\",\"publisher\":{\"@id\":\"https:\\\/\\\/swiftlifts.com\\\/vn\\\/#organization\"},\"potentialAction\":[{\"@type\":\"SearchAction\",\"target\":{\"@type\":\"EntryPoint\",\"urlTemplate\":\"https:\\\/\\\/swiftlifts.com\\\/vn\\\/?s={search_term_string}\"},\"query-input\":{\"@type\":\"PropertyValueSpecification\",\"valueRequired\":true,\"valueName\":\"search_term_string\"}}],\"inLanguage\":\"vn-VN\"},{\"@type\":\"Organization\",\"@id\":\"https:\\\/\\\/swiftlifts.com\\\/vn\\\/#organization\",\"name\":\"SWIFT Home Lifts\",\"url\":\"https:\\\/\\\/swiftlifts.com\\\/vn\\\/\",\"logo\":{\"@type\":\"ImageObject\",\"inLanguage\":\"vn-VN\",\"@id\":\"https:\\\/\\\/swiftlifts.com\\\/vn\\\/#\\\/schema\\\/logo\\\/image\\\/\",\"url\":\"https:\\\/\\\/swiftlifts.com\\\/wp-content\\\/uploads\\\/2025\\\/03\\\/cropped-SWIFT-Logo-Google.jpg\",\"contentUrl\":\"https:\\\/\\\/swiftlifts.com\\\/wp-content\\\/uploads\\\/2025\\\/03\\\/cropped-SWIFT-Logo-Google.jpg\",\"width\":512,\"height\":512,\"caption\":\"SWIFT Home Lifts\"},\"image\":{\"@id\":\"https:\\\/\\\/swiftlifts.com\\\/vn\\\/#\\\/schema\\\/logo\\\/image\\\/\"},\"sameAs\":[\"https:\\\/\\\/www.facebook.com\\\/swifthomelifts\",\"https:\\\/\\\/www.instagram.com\\\/swifthomelifts\\\/\",\"https:\\\/\\\/www.linkedin.com\\\/company\\\/swifthomelifts\\\/\",\"https:\\\/\\\/www.pinterest.se\\\/swifthomelifts\\\/\",\"https:\\\/\\\/www.youtube.com\\\/@swift5669\"]}]}<\/script>\n<!-- \/ Yoast SEO Premium plugin. -->","yoast_head_json":{"title":"Gi\u1edbi thi\u1ec7u v\u1ec1 SWIFT \u2013 Nh\u00e0 cung c\u1ea5p thang m\u00e1y uy t\u00edn","description":"SWIFT Lifts \u2013 thang m\u00e1y Th\u1ee5y \u0110i\u1ec3n mang \u0111\u1ebfn tr\u1ea3i nghi\u1ec7m s\u1ed1ng tho\u1ea3i m\u00e1i, b\u1ec1n v\u1eefng v\u00e0 hi\u1ec7n \u0111\u1ea1i cho c\u00e1c gia \u0111\u00ecnh Vi\u1ec7t Nam.","robots":{"index":"index","follow":"follow","max-snippet":"max-snippet:-1","max-image-preview":"max-image-preview:large","max-video-preview":"max-video-preview:-1"},"canonical":"https:\/\/swiftlifts.com\/vn\/about\/","og_locale":"en_US","og_type":"article","og_title":"Gi\u1edbi thi\u1ec7u","og_description":"SWIFT Lifts \u2013 thang m\u00e1y Th\u1ee5y \u0110i\u1ec3n mang \u0111\u1ebfn tr\u1ea3i nghi\u1ec7m s\u1ed1ng tho\u1ea3i m\u00e1i, b\u1ec1n v\u1eefng v\u00e0 hi\u1ec7n \u0111\u1ea1i cho c\u00e1c gia \u0111\u00ecnh Vi\u1ec7t Nam.","og_url":"https:\/\/swiftlifts.com\/vn\/about\/","og_site_name":"SWIFT - 100% battery driven home lifts","article_publisher":"https:\/\/www.facebook.com\/swifthomelifts","article_modified_time":"2025-12-08T07:31:28+00:00","twitter_card":"summary_large_image","twitter_misc":{"Est. reading time":"2 minutes"},"schema":{"@context":"https:\/\/schema.org","@graph":[{"@type":"WebPage","@id":"https:\/\/swiftlifts.com\/vn\/about\/","url":"https:\/\/swiftlifts.com\/vn\/about\/","name":"Gi\u1edbi thi\u1ec7u v\u1ec1 SWIFT \u2013 Nh\u00e0 cung c\u1ea5p thang m\u00e1y uy t\u00edn","isPartOf":{"@id":"https:\/\/swiftlifts.com\/vn\/#website"},"datePublished":"2024-10-28T13:51:22+00:00","dateModified":"2025-12-08T07:31:28+00:00","description":"SWIFT Lifts \u2013 thang m\u00e1y Th\u1ee5y \u0110i\u1ec3n mang \u0111\u1ebfn tr\u1ea3i nghi\u1ec7m s\u1ed1ng tho\u1ea3i m\u00e1i, b\u1ec1n v\u1eefng v\u00e0 hi\u1ec7n \u0111\u1ea1i cho c\u00e1c gia \u0111\u00ecnh Vi\u1ec7t Nam.","breadcrumb":{"@id":"https:\/\/swiftlifts.com\/vn\/about\/#breadcrumb"},"inLanguage":"vn-VN","potentialAction":[{"@type":"ReadAction","target":["https:\/\/swiftlifts.com\/vn\/about\/"]}]},{"@type":"BreadcrumbList","@id":"https:\/\/swiftlifts.com\/vn\/about\/#breadcrumb","itemListElement":[{"@type":"ListItem","position":1,"name":"Home","item":"https:\/\/swiftlifts.com\/vn\/"},{"@type":"ListItem","position":2,"name":"Gi\u1edbi thi\u1ec7u"}]},{"@type":"WebSite","@id":"https:\/\/swiftlifts.com\/vn\/#website","url":"https:\/\/swiftlifts.com\/vn\/","name":"SWIFT - 100% battery driven home lifts","description":"NEW WAYS TO MOVE","publisher":{"@id":"https:\/\/swiftlifts.com\/vn\/#organization"},"potentialAction":[{"@type":"SearchAction","target":{"@type":"EntryPoint","urlTemplate":"https:\/\/swiftlifts.com\/vn\/?s={search_term_string}"},"query-input":{"@type":"PropertyValueSpecification","valueRequired":true,"valueName":"search_term_string"}}],"inLanguage":"vn-VN"},{"@type":"Organization","@id":"https:\/\/swiftlifts.com\/vn\/#organization","name":"SWIFT Home Lifts","url":"https:\/\/swiftlifts.com\/vn\/","logo":{"@type":"ImageObject","inLanguage":"vn-VN","@id":"https:\/\/swiftlifts.com\/vn\/#\/schema\/logo\/image\/","url":"https:\/\/swiftlifts.com\/wp-content\/uploads\/2025\/03\/cropped-SWIFT-Logo-Google.jpg","contentUrl":"https:\/\/swiftlifts.com\/wp-content\/uploads\/2025\/03\/cropped-SWIFT-Logo-Google.jpg","width":512,"height":512,"caption":"SWIFT Home Lifts"},"image":{"@id":"https:\/\/swiftlifts.com\/vn\/#\/schema\/logo\/image\/"},"sameAs":["https:\/\/www.facebook.com\/swifthomelifts","https:\/\/www.instagram.com\/swifthomelifts\/","https:\/\/www.linkedin.com\/company\/swifthomelifts\/","https:\/\/www.pinterest.se\/swifthomelifts\/","https:\/\/www.youtube.com\/@swift5669"]}]}},"_links":{"self":[{"href":"https:\/\/swiftlifts.com\/vn\/wp-json\/wp\/v2\/pages\/34686","targetHints":{"allow":["GET"]}}],"collection":[{"href":"https:\/\/swiftlifts.com\/vn\/wp-json\/wp\/v2\/pages"}],"about":[{"href":"https:\/\/swiftlifts.com\/vn\/wp-json\/wp\/v2\/types\/page"}],"author":[{"embeddable":true,"href":"https:\/\/swiftlifts.com\/vn\/wp-json\/wp\/v2\/users\/1"}],"replies":[{"embeddable":true,"href":"https:\/\/swiftlifts.com\/vn\/wp-json\/wp\/v2\/comments?post=34686"}],"version-history":[{"count":7,"href":"https:\/\/swiftlifts.com\/vn\/wp-json\/wp\/v2\/pages\/34686\/revisions"}],"predecessor-version":[{"id":51137,"href":"https:\/\/swiftlifts.com\/vn\/wp-json\/wp\/v2\/pages\/34686\/revisions\/51137"}],"wp:attachment":[{"href":"https:\/\/swiftlifts.com\/vn\/wp-json\/wp\/v2\/media?parent=34686"}],"curies":[{"name":"wp","href":"https:\/\/api.w.org\/{rel}","templated":true}]}}