{"id":34685,"date":"2024-10-28T13:56:29","date_gmt":"2024-10-28T13:56:29","guid":{"rendered":"https:\/\/swiftlifts.com\/contact-us\/"},"modified":"2025-12-22T05:16:42","modified_gmt":"2025-12-22T05:16:42","slug":"lien-he-chung-toi","status":"publish","type":"page","link":"https:\/\/swiftlifts.com\/vn\/lien-he-chung-toi\/","title":{"rendered":"Li\u00ean h\u1ec7"},"content":{"rendered":"<p><script>\n  dataLayer.push({\n    'event':'lead_form',\n    'enhanced_conversion_data': {\n      \"email\": 'your-email'\n      \"phone_number\": 'your-phone'\n  })\n<\/script><\/p>\n\n\t<section class=\"section swift_banner\" id=\"section_1234268144\">\n\t\t<div class=\"section-bg fill\" >\n\t\t\t<img loading=\"lazy\" decoding=\"async\" width=\"2560\" height=\"1440\" src=\"https:\/\/swiftlifts.com\/wp-content\/uploads\/2021\/09\/SWIFT_Sweden_Falkenberg_2560.jpg\" class=\"bg attachment- size-\" alt=\"Beach view through grass with windmill\" \/>\t\t\t\t\t\t\n\t\t\t\n\n\t\t<\/div>\n\n\t\t\n\n\t\t<div class=\"section-content relative\">\n\t\t\t\n<div class=\"row\" style=\"max-width:90%\" id=\"row-844589692\">\n\n\t<div id=\"col-727893323\" class=\"col medium-5 small-12 large-5\"  >\n\t\t\t\t<div class=\"col-inner\"  >\n\t\t\t\n\t\t\t\n<div class=\"container section-title-container\" ><h1 class=\"section-title section-title-normal\"><b aria-hidden=\"true\"><\/b><span class=\"section-title-main\" style=\"font-size:151%;color:rgb(250, 245, 242);\">Li\u00ean h\u1ec7 v\u1edbi ch\u00fang t\u00f4i<\/span><b aria-hidden=\"true\"><\/b><\/h1><\/div>\n\t\t<\/div>\n\t\t\t\t\n<style>\n#col-727893323 > .col-inner {\n  padding: 200px 0px 0px 0px;\n}\n<\/style>\n\t<\/div>\n\n\t\n\n\t<div id=\"col-774983382\" class=\"col medium-6 small-12 large-6\"  >\n\t\t\t\t<div class=\"col-inner\"  >\n\t\t\t\n\t\t\t\n\t\t<\/div>\n\t\t\t\t\n<style>\n#col-774983382 > .col-inner {\n  padding: 10% 0px 0px 10%;\n}\n<\/style>\n\t<\/div>\n\n\t\n<\/div>\n\t\t<\/div>\n\n\t\t\n<style>\n#section_1234268144 {\n  padding-top: 30px;\n  padding-bottom: 30px;\n  min-height: 10vh;\n}\n<\/style>\n\t<\/section>\n\t\n\n\t<section class=\"section architects_sec\" id=\"section_508449401\">\n\t\t<div class=\"section-bg fill\" >\n\t\t\t\t\t\t\t\t\t\n\t\t\t\n\n\t\t<\/div>\n\n\t\t\n\n\t\t<div class=\"section-content relative\">\n\t\t\t\n<div class=\"row align-middle align-center\" style=\"max-width:90%\" id=\"row-1631967189\">\n\n\t<div id=\"col-1673924494\" class=\"col small-12 large-12\"  >\n\t\t\t\t<div class=\"col-inner text-left\"  >\n\t\t\t\n\t\t\t\n<div class=\"row row-collapse row-full-width\"  id=\"row-1519004403\">\n\n\t<div id=\"col-1492917248\" class=\"col medium-5 large-5\"  >\n\t\t\t\t<div class=\"col-inner\"  >\n\t\t\t\n\t\t\t\n<div class=\"is-divider divider clearfix\" ><\/div>\n\t<div id=\"text-1268163503\" class=\"text\">\n\t\t\n<h2>Li\u00ean h\u1ec7 v\u1edbi ch\u00fang t\u00f4i<\/h2>\n\t\t\n<style>\n#text-1268163503 {\n  font-size: 1.5rem;\n  text-align: left;\n  color: rgb(0, 10, 54);\n}\n#text-1268163503 > * {\n  color: rgb(0, 10, 54);\n}\n<\/style>\n\t<\/div>\n\t\n<p>H\u00e3y c\u00f9ng nhau th\u1ef1c hi\u1ec7n b\u01b0\u1edbc \u0111\u1ea7u ti\u00ean \u0111\u1ec3 kh\u00e1m ph\u00e1 c\u00e1ch d\u1ecbch v\u1ee5 c\u1ee7a ch\u00fang t\u00f4i c\u00f3 th\u1ec3 \u0111\u00e1p \u1ee9ng nhu c\u1ea7u c\u1ee7a b\u1ea1n. Li\u00ean h\u1ec7 v\u1edbi ch\u00fang t\u00f4i v\u00e0 kh\u00e1m ph\u00e1 nh\u1eefng gi\u1ea3i ph\u00e1p m\u00e0 ch\u00fang t\u00f4i cung c\u1ea5p.<\/p>\n<p>\u00a0<\/p>\n<p>Phone:<br \/><a href=\"tele:+84392651174\"><span data-teams=\"true\"><span class=\"ui-provider a b c d e f g h i j k l m n o p q r s t u v w x y z ab ac ae af ag ah ai aj ak\" dir=\"ltr\">+84 39 2651174<\/span><\/span><\/a><\/p>\n<p>\u00a0<\/p>\n<p>Email:<\/p>\n<p><a style=\"color: #ff9196;\" href=\"mailto:vietnam@swiftlifts.com\">vietnam@swiftlifts.com<\/a><\/p>\n<p>\u00a0<\/p>\n<p>\u00a0<\/p>\n\t\t<\/div>\n\t\t\t\t\t<\/div>\n\n\t\n\n\t<div id=\"col-610754545\" class=\"col medium-1 large-1\"  >\n\t\t\t\t<div class=\"col-inner\"  >\n\t\t\t\n\t\t\t\n\t\t<\/div>\n\t\t\t\t\t<\/div>\n\n\t\n\n\t<div id=\"col-2142255462\" class=\"col medium-6 large-6\"  >\n\t\t\t\t<div class=\"col-inner\"  >\n\t\t\t\n\t\t\t\n\n<p><script charset=\"utf-8\" type=\"text\/javascript\" src=\"\/\/js.hsforms.net\/forms\/embed\/v2.js\"><\/script><br \/>\n<script>\n  hbspt.forms.create({\n    portalId: \"8887971\",\n    formId: \"75e2e35b-10ff-4255-8b6e-7af57032fccf\",\n    region: \"na1\"\n  });\n<\/script><br \/>\n\n\t\t<\/div>\n\t\t\t\t\t<\/div>\n\n\t\n<\/div>\n\t\t<\/div>\n\t\t\t\t\t<\/div>\n\n\t\n<\/div>\n<div class=\"row\" style=\"max-width:90%\" id=\"row-2114949857\">\n\n\t<div id=\"col-1936567408\" class=\"col small-12 large-12\"  >\n\t\t\t\t<div class=\"col-inner text-left\"  >\n\t\t\t\n\t\t\t\n\t<div id=\"text-3654016728\" class=\"text\">\n\t\t\n<h2>SWIFT Sales<\/h2>\n\t\t\n<style>\n#text-3654016728 {\n  font-size: 1.5rem;\n  text-align: left;\n  color: rgb(0, 10, 54);\n}\n#text-3654016728 > * {\n  color: rgb(0, 10, 54);\n}\n<\/style>\n\t<\/div>\n\t\n\t\t<\/div>\n\t\t\t\t\t<\/div>\n\n\t\n<\/div>\n<div class=\"row\"  id=\"row-675489487\">\n\n\t<div id=\"col-1128473432\" class=\"col medium-5 small-12 large-5\"  >\n\t\t\t\t<div class=\"col-inner\"  >\n\t\t\t\n\t\t\t\n<h2 style=\"text-align: left;\"><strong>Hanoi City<\/strong><\/h2>\n<p><span style=\"font-weight: 400;\">To\u00e0 nh\u00e0 Udic Westlake &#8211; Shophouse s\u1ed1 07,<\/span><\/p>\n<p><span style=\"font-weight: 400;\">K\u0110T Nam Th\u0103ng Long, \u0110\u01b0\u1eddng V\u00f5 Ch\u00ed C\u00f4ng,<\/span><\/p>\n<p><span style=\"font-weight: 400;\">Ph\u01b0\u1eddng Ph\u00fa Th\u01b0\u1ee3ng, TP H\u00e0 N\u1ed9i<\/span><\/p>\n<p>Hanoi City<\/p>\n<p><a href=\"tele:+84392651174\"><span data-teams=\"true\"><span class=\"ui-provider a b c d e f g h i j k l m n o p q r s t u v w x y z ab ac ae af ag ah ai aj ak\" dir=\"ltr\">+84 39 2651174<\/span><\/span><\/a><\/p>\n<p>\u00a0<\/p>\n\t\t<\/div>\n\t\t\t\t\t<\/div>\n\n\t\n\n\t<div id=\"col-1998450988\" class=\"col medium-5 small-12 large-5\"  >\n\t\t\t\t<div class=\"col-inner\"  >\n\t\t\t\n\t\t\t\n<h2 style=\"text-align: left;\"><strong>Ho Chi Minh City <b>(Nh\u00e0 ph\u00e2n ph\u1ed1i)<\/b><\/strong><\/h2>\n<p style=\"text-align: left;\"><span data-teams=\"true\"><span class=\"ui-provider a b c d e f g h i j k l m n o p q r s t u v w x y z ab ac ae af ag ah ai aj ak\" dir=\"ltr\">99\/30 Nguyen Thai Binh Street<\/span><\/span><\/p>\n<p style=\"text-align: left;\"><span data-teams=\"true\"><span class=\"ui-provider a b c d e f g h i j k l m n o p q r s t u v w x y z ab ac ae af ag ah ai aj ak\" dir=\"ltr\">Ward 4, Tan Binh District<\/span><\/span><\/p>\n<p>Ho Chi Minh City<\/p>\n<p><a href=\"tele:+84392651174\"><span data-teams=\"true\"><span class=\"ui-provider a b c d e f g h i j k l m n o p q r s t u v w x y z ab ac ae af ag ah ai aj ak\" dir=\"ltr\">+84 39 2651174<\/span><\/span><\/a><\/p>\n<p>\u00a0<\/p>\n\t\t<\/div>\n\t\t\t\t\t<\/div>\n\n\t\n<\/div>\n\t\t<\/div>\n\n\t\t\n<style>\n#section_508449401 {\n  padding-top: 30px;\n  padding-bottom: 30px;\n  min-height: 50vh;\n  background-color: rgb(250, 245, 242);\n}\n<\/style>\n\t<\/section>\n\t\n","protected":false},"excerpt":{"rendered":"","protected":false},"author":1,"featured_media":0,"parent":0,"menu_order":0,"comment_status":"closed","ping_status":"closed","template":"page-transparent-header.php","meta":{"_acf_changed":false,"content-type":"","footnotes":""},"class_list":["post-34685","page","type-page","status-publish","hentry"],"acf":[],"yoast_head":"<!-- This site is optimized with the Yoast SEO Premium plugin v27.3 (Yoast SEO v27.3) - https:\/\/yoast.com\/product\/yoast-seo-premium-wordpress\/ -->\n<title>Li\u00ean h\u1ec7 SWIFT Lifts \u2013 T\u01b0 v\u1ea5n thang m\u00e1y t\u1eadn t\u00e2m<\/title>\n<meta name=\"description\" content=\"Li\u00ean h\u1ec7 SWIFT Lifts \u0111\u1ec3 nh\u1eadn h\u1ed7 tr\u1ee3 nhanh, t\u01b0 v\u1ea5n mi\u1ec5n ph\u00ed v\u00e0 gi\u1ea3i ph\u00e1p ph\u00f9 h\u1ee3p nh\u1ea5t cho nhu c\u1ea7u n\u00e2ng h\u1ea1 c\u1ee7a b\u1ea1n.\" \/>\n<meta name=\"robots\" content=\"index, follow, max-snippet:-1, max-image-preview:large, max-video-preview:-1\" \/>\n<link rel=\"canonical\" href=\"https:\/\/swiftlifts.com\/vn\/lien-he-chung-toi\/\" \/>\n<meta property=\"og:locale\" content=\"en_US\" \/>\n<meta property=\"og:type\" content=\"article\" \/>\n<meta property=\"og:title\" content=\"Li\u00ean h\u1ec7\" \/>\n<meta property=\"og:description\" content=\"Li\u00ean h\u1ec7 SWIFT Lifts \u0111\u1ec3 nh\u1eadn h\u1ed7 tr\u1ee3 nhanh, t\u01b0 v\u1ea5n mi\u1ec5n ph\u00ed v\u00e0 gi\u1ea3i ph\u00e1p ph\u00f9 h\u1ee3p nh\u1ea5t cho nhu c\u1ea7u n\u00e2ng h\u1ea1 c\u1ee7a b\u1ea1n.\" \/>\n<meta property=\"og:url\" content=\"https:\/\/swiftlifts.com\/vn\/lien-he-chung-toi\/\" \/>\n<meta property=\"og:site_name\" content=\"SWIFT - 100% battery driven home lifts\" \/>\n<meta property=\"article:publisher\" content=\"https:\/\/www.facebook.com\/swifthomelifts\" \/>\n<meta property=\"article:modified_time\" content=\"2025-12-22T05:16:42+00:00\" \/>\n<meta name=\"twitter:card\" content=\"summary_large_image\" \/>\n<meta name=\"twitter:label1\" content=\"Est. reading time\" \/>\n\t<meta name=\"twitter:data1\" content=\"2 minutes\" \/>\n<script type=\"application\/ld+json\" class=\"yoast-schema-graph\">{\"@context\":\"https:\\\/\\\/schema.org\",\"@graph\":[{\"@type\":\"WebPage\",\"@id\":\"https:\\\/\\\/swiftlifts.com\\\/vn\\\/lien-he-chung-toi\\\/\",\"url\":\"https:\\\/\\\/swiftlifts.com\\\/vn\\\/lien-he-chung-toi\\\/\",\"name\":\"Li\u00ean h\u1ec7 SWIFT Lifts \u2013 T\u01b0 v\u1ea5n thang m\u00e1y t\u1eadn t\u00e2m\",\"isPartOf\":{\"@id\":\"https:\\\/\\\/swiftlifts.com\\\/vn\\\/#website\"},\"datePublished\":\"2024-10-28T13:56:29+00:00\",\"dateModified\":\"2025-12-22T05:16:42+00:00\",\"description\":\"Li\u00ean h\u1ec7 SWIFT Lifts \u0111\u1ec3 nh\u1eadn h\u1ed7 tr\u1ee3 nhanh, t\u01b0 v\u1ea5n mi\u1ec5n ph\u00ed v\u00e0 gi\u1ea3i ph\u00e1p ph\u00f9 h\u1ee3p nh\u1ea5t cho nhu c\u1ea7u n\u00e2ng h\u1ea1 c\u1ee7a b\u1ea1n.\",\"breadcrumb\":{\"@id\":\"https:\\\/\\\/swiftlifts.com\\\/vn\\\/lien-he-chung-toi\\\/#breadcrumb\"},\"inLanguage\":\"vn-VN\",\"potentialAction\":[{\"@type\":\"ReadAction\",\"target\":[\"https:\\\/\\\/swiftlifts.com\\\/vn\\\/lien-he-chung-toi\\\/\"]}]},{\"@type\":\"BreadcrumbList\",\"@id\":\"https:\\\/\\\/swiftlifts.com\\\/vn\\\/lien-he-chung-toi\\\/#breadcrumb\",\"itemListElement\":[{\"@type\":\"ListItem\",\"position\":1,\"name\":\"Home\",\"item\":\"https:\\\/\\\/swiftlifts.com\\\/vn\\\/\"},{\"@type\":\"ListItem\",\"position\":2,\"name\":\"Li\u00ean h\u1ec7\"}]},{\"@type\":\"WebSite\",\"@id\":\"https:\\\/\\\/swiftlifts.com\\\/vn\\\/#website\",\"url\":\"https:\\\/\\\/swiftlifts.com\\\/vn\\\/\",\"name\":\"SWIFT - 100% battery driven home lifts\",\"description\":\"NEW WAYS TO MOVE\",\"publisher\":{\"@id\":\"https:\\\/\\\/swiftlifts.com\\\/vn\\\/#organization\"},\"potentialAction\":[{\"@type\":\"SearchAction\",\"target\":{\"@type\":\"EntryPoint\",\"urlTemplate\":\"https:\\\/\\\/swiftlifts.com\\\/vn\\\/?s={search_term_string}\"},\"query-input\":{\"@type\":\"PropertyValueSpecification\",\"valueRequired\":true,\"valueName\":\"search_term_string\"}}],\"inLanguage\":\"vn-VN\"},{\"@type\":\"Organization\",\"@id\":\"https:\\\/\\\/swiftlifts.com\\\/vn\\\/#organization\",\"name\":\"SWIFT Home Lifts\",\"url\":\"https:\\\/\\\/swiftlifts.com\\\/vn\\\/\",\"logo\":{\"@type\":\"ImageObject\",\"inLanguage\":\"vn-VN\",\"@id\":\"https:\\\/\\\/swiftlifts.com\\\/vn\\\/#\\\/schema\\\/logo\\\/image\\\/\",\"url\":\"https:\\\/\\\/swiftlifts.com\\\/wp-content\\\/uploads\\\/2025\\\/03\\\/cropped-SWIFT-Logo-Google.jpg\",\"contentUrl\":\"https:\\\/\\\/swiftlifts.com\\\/wp-content\\\/uploads\\\/2025\\\/03\\\/cropped-SWIFT-Logo-Google.jpg\",\"width\":512,\"height\":512,\"caption\":\"SWIFT Home Lifts\"},\"image\":{\"@id\":\"https:\\\/\\\/swiftlifts.com\\\/vn\\\/#\\\/schema\\\/logo\\\/image\\\/\"},\"sameAs\":[\"https:\\\/\\\/www.facebook.com\\\/swifthomelifts\",\"https:\\\/\\\/www.instagram.com\\\/swifthomelifts\\\/\",\"https:\\\/\\\/www.linkedin.com\\\/company\\\/swifthomelifts\\\/\",\"https:\\\/\\\/www.pinterest.se\\\/swifthomelifts\\\/\",\"https:\\\/\\\/www.youtube.com\\\/@swift5669\"]}]}<\/script>\n<!-- \/ Yoast SEO Premium plugin. -->","yoast_head_json":{"title":"Li\u00ean h\u1ec7 SWIFT Lifts \u2013 T\u01b0 v\u1ea5n thang m\u00e1y t\u1eadn t\u00e2m","description":"Li\u00ean h\u1ec7 SWIFT Lifts \u0111\u1ec3 nh\u1eadn h\u1ed7 tr\u1ee3 nhanh, t\u01b0 v\u1ea5n mi\u1ec5n ph\u00ed v\u00e0 gi\u1ea3i ph\u00e1p ph\u00f9 h\u1ee3p nh\u1ea5t cho nhu c\u1ea7u n\u00e2ng h\u1ea1 c\u1ee7a b\u1ea1n.","robots":{"index":"index","follow":"follow","max-snippet":"max-snippet:-1","max-image-preview":"max-image-preview:large","max-video-preview":"max-video-preview:-1"},"canonical":"https:\/\/swiftlifts.com\/vn\/lien-he-chung-toi\/","og_locale":"en_US","og_type":"article","og_title":"Li\u00ean h\u1ec7","og_description":"Li\u00ean h\u1ec7 SWIFT Lifts \u0111\u1ec3 nh\u1eadn h\u1ed7 tr\u1ee3 nhanh, t\u01b0 v\u1ea5n mi\u1ec5n ph\u00ed v\u00e0 gi\u1ea3i ph\u00e1p ph\u00f9 h\u1ee3p nh\u1ea5t cho nhu c\u1ea7u n\u00e2ng h\u1ea1 c\u1ee7a b\u1ea1n.","og_url":"https:\/\/swiftlifts.com\/vn\/lien-he-chung-toi\/","og_site_name":"SWIFT - 100% battery driven home lifts","article_publisher":"https:\/\/www.facebook.com\/swifthomelifts","article_modified_time":"2025-12-22T05:16:42+00:00","twitter_card":"summary_large_image","twitter_misc":{"Est. reading time":"2 minutes"},"schema":{"@context":"https:\/\/schema.org","@graph":[{"@type":"WebPage","@id":"https:\/\/swiftlifts.com\/vn\/lien-he-chung-toi\/","url":"https:\/\/swiftlifts.com\/vn\/lien-he-chung-toi\/","name":"Li\u00ean h\u1ec7 SWIFT Lifts \u2013 T\u01b0 v\u1ea5n thang m\u00e1y t\u1eadn t\u00e2m","isPartOf":{"@id":"https:\/\/swiftlifts.com\/vn\/#website"},"datePublished":"2024-10-28T13:56:29+00:00","dateModified":"2025-12-22T05:16:42+00:00","description":"Li\u00ean h\u1ec7 SWIFT Lifts \u0111\u1ec3 nh\u1eadn h\u1ed7 tr\u1ee3 nhanh, t\u01b0 v\u1ea5n mi\u1ec5n ph\u00ed v\u00e0 gi\u1ea3i ph\u00e1p ph\u00f9 h\u1ee3p nh\u1ea5t cho nhu c\u1ea7u n\u00e2ng h\u1ea1 c\u1ee7a b\u1ea1n.","breadcrumb":{"@id":"https:\/\/swiftlifts.com\/vn\/lien-he-chung-toi\/#breadcrumb"},"inLanguage":"vn-VN","potentialAction":[{"@type":"ReadAction","target":["https:\/\/swiftlifts.com\/vn\/lien-he-chung-toi\/"]}]},{"@type":"BreadcrumbList","@id":"https:\/\/swiftlifts.com\/vn\/lien-he-chung-toi\/#breadcrumb","itemListElement":[{"@type":"ListItem","position":1,"name":"Home","item":"https:\/\/swiftlifts.com\/vn\/"},{"@type":"ListItem","position":2,"name":"Li\u00ean h\u1ec7"}]},{"@type":"WebSite","@id":"https:\/\/swiftlifts.com\/vn\/#website","url":"https:\/\/swiftlifts.com\/vn\/","name":"SWIFT - 100% battery driven home lifts","description":"NEW WAYS TO MOVE","publisher":{"@id":"https:\/\/swiftlifts.com\/vn\/#organization"},"potentialAction":[{"@type":"SearchAction","target":{"@type":"EntryPoint","urlTemplate":"https:\/\/swiftlifts.com\/vn\/?s={search_term_string}"},"query-input":{"@type":"PropertyValueSpecification","valueRequired":true,"valueName":"search_term_string"}}],"inLanguage":"vn-VN"},{"@type":"Organization","@id":"https:\/\/swiftlifts.com\/vn\/#organization","name":"SWIFT Home Lifts","url":"https:\/\/swiftlifts.com\/vn\/","logo":{"@type":"ImageObject","inLanguage":"vn-VN","@id":"https:\/\/swiftlifts.com\/vn\/#\/schema\/logo\/image\/","url":"https:\/\/swiftlifts.com\/wp-content\/uploads\/2025\/03\/cropped-SWIFT-Logo-Google.jpg","contentUrl":"https:\/\/swiftlifts.com\/wp-content\/uploads\/2025\/03\/cropped-SWIFT-Logo-Google.jpg","width":512,"height":512,"caption":"SWIFT Home Lifts"},"image":{"@id":"https:\/\/swiftlifts.com\/vn\/#\/schema\/logo\/image\/"},"sameAs":["https:\/\/www.facebook.com\/swifthomelifts","https:\/\/www.instagram.com\/swifthomelifts\/","https:\/\/www.linkedin.com\/company\/swifthomelifts\/","https:\/\/www.pinterest.se\/swifthomelifts\/","https:\/\/www.youtube.com\/@swift5669"]}]}},"_links":{"self":[{"href":"https:\/\/swiftlifts.com\/vn\/wp-json\/wp\/v2\/pages\/34685","targetHints":{"allow":["GET"]}}],"collection":[{"href":"https:\/\/swiftlifts.com\/vn\/wp-json\/wp\/v2\/pages"}],"about":[{"href":"https:\/\/swiftlifts.com\/vn\/wp-json\/wp\/v2\/types\/page"}],"author":[{"embeddable":true,"href":"https:\/\/swiftlifts.com\/vn\/wp-json\/wp\/v2\/users\/1"}],"replies":[{"embeddable":true,"href":"https:\/\/swiftlifts.com\/vn\/wp-json\/wp\/v2\/comments?post=34685"}],"version-history":[{"count":9,"href":"https:\/\/swiftlifts.com\/vn\/wp-json\/wp\/v2\/pages\/34685\/revisions"}],"predecessor-version":[{"id":53383,"href":"https:\/\/swiftlifts.com\/vn\/wp-json\/wp\/v2\/pages\/34685\/revisions\/53383"}],"wp:attachment":[{"href":"https:\/\/swiftlifts.com\/vn\/wp-json\/wp\/v2\/media?parent=34685"}],"curies":[{"name":"wp","href":"https:\/\/api.w.org\/{rel}","templated":true}]}}