{"id":34681,"date":"2024-10-28T14:00:49","date_gmt":"2024-10-28T14:00:49","guid":{"rendered":"https:\/\/swiftlifts.com\/product-catalogue\/"},"modified":"2025-12-31T07:52:09","modified_gmt":"2025-12-31T07:52:09","slug":"product-catalogue","status":"publish","type":"page","link":"https:\/\/swiftlifts.com\/vn\/product-catalogue\/","title":{"rendered":"Product catalogue"},"content":{"rendered":"\n\t<section class=\"section\" id=\"section_1558469578\">\n\t\t<div class=\"section-bg fill\" >\n\t\t\t\t\t\t\t\t\t\n\t\t\t\n\n\t\t<\/div>\n\n\t\t\n\n\t\t<div class=\"section-content relative\">\n\t\t\t\n\t\t<\/div>\n\n\t\t\n<style>\n#section_1558469578 {\n  padding-top: 30px;\n  padding-bottom: 30px;\n}\n<\/style>\n\t<\/section>\n\t\n\n\t<section class=\"section\" id=\"section_1585455191\">\n\t\t<div class=\"section-bg fill\" >\n\t\t\t\t\t\t\t\t\t\n\t\t\t\n\n\t\t<\/div>\n\n\t\t\n\n\t\t<div class=\"section-content relative\">\n\t\t\t\n<div class=\"row align-center\"  id=\"row-30017160\">\n\n\t<div id=\"col-1302056324\" class=\"col medium-6 small-12 large-6\"  >\n\t\t\t\t<div class=\"col-inner text-left\"  >\n\t\t\t\n\t\t\t\n<h1>T\u1ea3i xu\u1ed1ng danh m\u1ee5c s\u1ea3n ph\u1ea9m<\/h1>\n\n<p><script src=\"https:\/\/js.hsforms.net\/forms\/embed\/8887971.js\" defer><\/script><\/p>\n<div class=\"hs-form-frame\" data-region=\"na1\" data-form-id=\"00aa6d5c-6c05-4602-8194-1ecde85f7197\" data-portal-id=\"8887971\"><\/div>\n\n\t\t<\/div>\n\t\t\t\t\n<style>\n#col-1302056324 > .col-inner {\n  margin: 50px 0px 0px 0px;\n}\n<\/style>\n\t<\/div>\n\n\t\n<\/div>\n\t\t<\/div>\n\n\t\t\n<style>\n#section_1585455191 {\n  padding-top: 30px;\n  padding-bottom: 30px;\n}\n<\/style>\n\t<\/section>\n\t\n","protected":false},"excerpt":{"rendered":"","protected":false},"author":1,"featured_media":0,"parent":0,"menu_order":0,"comment_status":"closed","ping_status":"closed","template":"page-transparent-header.php","meta":{"_acf_changed":false,"content-type":"","footnotes":""},"class_list":["post-34681","page","type-page","status-publish","hentry"],"acf":[],"yoast_head":"<!-- This site is optimized with the Yoast SEO Premium plugin v27.3 (Yoast SEO v27.3) - https:\/\/yoast.com\/product\/yoast-seo-premium-wordpress\/ -->\n<title>Danh m\u1ee5c s\u1ea3n ph\u1ea9m thang m\u00e1y SWIFT \u0111\u1ea7y \u0111\u1ee7 2026<\/title>\n<meta name=\"description\" content=\"T\u1ea3i danh m\u1ee5c s\u1ea3n ph\u1ea9m SWIFT Lifts \u0111\u1ec3 xem c\u00e1c d\u00f2ng thang m\u00e1y hi\u1ec7u su\u1ea5t cao, b\u1ec1n b\u1ec9 v\u00e0 ph\u00f9 h\u1ee3p nhi\u1ec1u nhu c\u1ea7u d\u00e2n d\u1ee5ng &amp; c\u00f4ng nghi\u1ec7p.\" \/>\n<meta name=\"robots\" content=\"index, follow, max-snippet:-1, max-image-preview:large, max-video-preview:-1\" \/>\n<link rel=\"canonical\" href=\"https:\/\/swiftlifts.com\/vn\/product-catalogue\/\" \/>\n<meta property=\"og:locale\" content=\"en_US\" \/>\n<meta property=\"og:type\" content=\"article\" \/>\n<meta property=\"og:title\" content=\"Product catalogue\" \/>\n<meta property=\"og:description\" content=\"T\u1ea3i danh m\u1ee5c s\u1ea3n ph\u1ea9m SWIFT Lifts \u0111\u1ec3 xem c\u00e1c d\u00f2ng thang m\u00e1y hi\u1ec7u su\u1ea5t cao, b\u1ec1n b\u1ec9 v\u00e0 ph\u00f9 h\u1ee3p nhi\u1ec1u nhu c\u1ea7u d\u00e2n d\u1ee5ng &amp; c\u00f4ng nghi\u1ec7p.\" \/>\n<meta property=\"og:url\" content=\"https:\/\/swiftlifts.com\/vn\/product-catalogue\/\" \/>\n<meta property=\"og:site_name\" content=\"SWIFT - 100% battery driven home lifts\" \/>\n<meta property=\"article:publisher\" content=\"https:\/\/www.facebook.com\/swifthomelifts\" \/>\n<meta property=\"article:modified_time\" content=\"2025-12-31T07:52:09+00:00\" \/>\n<meta name=\"twitter:card\" content=\"summary_large_image\" \/>\n<meta name=\"twitter:label1\" content=\"Est. reading time\" \/>\n\t<meta name=\"twitter:data1\" content=\"1 minute\" \/>\n<script type=\"application\/ld+json\" class=\"yoast-schema-graph\">{\"@context\":\"https:\\\/\\\/schema.org\",\"@graph\":[{\"@type\":\"WebPage\",\"@id\":\"https:\\\/\\\/swiftlifts.com\\\/vn\\\/product-catalogue\\\/\",\"url\":\"https:\\\/\\\/swiftlifts.com\\\/vn\\\/product-catalogue\\\/\",\"name\":\"Danh m\u1ee5c s\u1ea3n ph\u1ea9m thang m\u00e1y SWIFT \u0111\u1ea7y \u0111\u1ee7 2026\",\"isPartOf\":{\"@id\":\"https:\\\/\\\/swiftlifts.com\\\/vn\\\/#website\"},\"datePublished\":\"2024-10-28T14:00:49+00:00\",\"dateModified\":\"2025-12-31T07:52:09+00:00\",\"description\":\"T\u1ea3i danh m\u1ee5c s\u1ea3n ph\u1ea9m SWIFT Lifts \u0111\u1ec3 xem c\u00e1c d\u00f2ng thang m\u00e1y hi\u1ec7u su\u1ea5t cao, b\u1ec1n b\u1ec9 v\u00e0 ph\u00f9 h\u1ee3p nhi\u1ec1u nhu c\u1ea7u d\u00e2n d\u1ee5ng & c\u00f4ng nghi\u1ec7p.\",\"breadcrumb\":{\"@id\":\"https:\\\/\\\/swiftlifts.com\\\/vn\\\/product-catalogue\\\/#breadcrumb\"},\"inLanguage\":\"vn-VN\",\"potentialAction\":[{\"@type\":\"ReadAction\",\"target\":[\"https:\\\/\\\/swiftlifts.com\\\/vn\\\/product-catalogue\\\/\"]}]},{\"@type\":\"BreadcrumbList\",\"@id\":\"https:\\\/\\\/swiftlifts.com\\\/vn\\\/product-catalogue\\\/#breadcrumb\",\"itemListElement\":[{\"@type\":\"ListItem\",\"position\":1,\"name\":\"Home\",\"item\":\"https:\\\/\\\/swiftlifts.com\\\/vn\\\/\"},{\"@type\":\"ListItem\",\"position\":2,\"name\":\"Product catalogue\"}]},{\"@type\":\"WebSite\",\"@id\":\"https:\\\/\\\/swiftlifts.com\\\/vn\\\/#website\",\"url\":\"https:\\\/\\\/swiftlifts.com\\\/vn\\\/\",\"name\":\"SWIFT - 100% battery driven home lifts\",\"description\":\"NEW WAYS TO MOVE\",\"publisher\":{\"@id\":\"https:\\\/\\\/swiftlifts.com\\\/vn\\\/#organization\"},\"potentialAction\":[{\"@type\":\"SearchAction\",\"target\":{\"@type\":\"EntryPoint\",\"urlTemplate\":\"https:\\\/\\\/swiftlifts.com\\\/vn\\\/?s={search_term_string}\"},\"query-input\":{\"@type\":\"PropertyValueSpecification\",\"valueRequired\":true,\"valueName\":\"search_term_string\"}}],\"inLanguage\":\"vn-VN\"},{\"@type\":\"Organization\",\"@id\":\"https:\\\/\\\/swiftlifts.com\\\/vn\\\/#organization\",\"name\":\"SWIFT Home Lifts\",\"url\":\"https:\\\/\\\/swiftlifts.com\\\/vn\\\/\",\"logo\":{\"@type\":\"ImageObject\",\"inLanguage\":\"vn-VN\",\"@id\":\"https:\\\/\\\/swiftlifts.com\\\/vn\\\/#\\\/schema\\\/logo\\\/image\\\/\",\"url\":\"https:\\\/\\\/swiftlifts.com\\\/wp-content\\\/uploads\\\/2025\\\/03\\\/cropped-SWIFT-Logo-Google.jpg\",\"contentUrl\":\"https:\\\/\\\/swiftlifts.com\\\/wp-content\\\/uploads\\\/2025\\\/03\\\/cropped-SWIFT-Logo-Google.jpg\",\"width\":512,\"height\":512,\"caption\":\"SWIFT Home Lifts\"},\"image\":{\"@id\":\"https:\\\/\\\/swiftlifts.com\\\/vn\\\/#\\\/schema\\\/logo\\\/image\\\/\"},\"sameAs\":[\"https:\\\/\\\/www.facebook.com\\\/swifthomelifts\",\"https:\\\/\\\/www.instagram.com\\\/swifthomelifts\\\/\",\"https:\\\/\\\/www.linkedin.com\\\/company\\\/swifthomelifts\\\/\",\"https:\\\/\\\/www.pinterest.se\\\/swifthomelifts\\\/\",\"https:\\\/\\\/www.youtube.com\\\/@swift5669\"]}]}<\/script>\n<!-- \/ Yoast SEO Premium plugin. -->","yoast_head_json":{"title":"Danh m\u1ee5c s\u1ea3n ph\u1ea9m thang m\u00e1y SWIFT \u0111\u1ea7y \u0111\u1ee7 2026","description":"T\u1ea3i danh m\u1ee5c s\u1ea3n ph\u1ea9m SWIFT Lifts \u0111\u1ec3 xem c\u00e1c d\u00f2ng thang m\u00e1y hi\u1ec7u su\u1ea5t cao, b\u1ec1n b\u1ec9 v\u00e0 ph\u00f9 h\u1ee3p nhi\u1ec1u nhu c\u1ea7u d\u00e2n d\u1ee5ng & c\u00f4ng nghi\u1ec7p.","robots":{"index":"index","follow":"follow","max-snippet":"max-snippet:-1","max-image-preview":"max-image-preview:large","max-video-preview":"max-video-preview:-1"},"canonical":"https:\/\/swiftlifts.com\/vn\/product-catalogue\/","og_locale":"en_US","og_type":"article","og_title":"Product catalogue","og_description":"T\u1ea3i danh m\u1ee5c s\u1ea3n ph\u1ea9m SWIFT Lifts \u0111\u1ec3 xem c\u00e1c d\u00f2ng thang m\u00e1y hi\u1ec7u su\u1ea5t cao, b\u1ec1n b\u1ec9 v\u00e0 ph\u00f9 h\u1ee3p nhi\u1ec1u nhu c\u1ea7u d\u00e2n d\u1ee5ng & c\u00f4ng nghi\u1ec7p.","og_url":"https:\/\/swiftlifts.com\/vn\/product-catalogue\/","og_site_name":"SWIFT - 100% battery driven home lifts","article_publisher":"https:\/\/www.facebook.com\/swifthomelifts","article_modified_time":"2025-12-31T07:52:09+00:00","twitter_card":"summary_large_image","twitter_misc":{"Est. reading time":"1 minute"},"schema":{"@context":"https:\/\/schema.org","@graph":[{"@type":"WebPage","@id":"https:\/\/swiftlifts.com\/vn\/product-catalogue\/","url":"https:\/\/swiftlifts.com\/vn\/product-catalogue\/","name":"Danh m\u1ee5c s\u1ea3n ph\u1ea9m thang m\u00e1y SWIFT \u0111\u1ea7y \u0111\u1ee7 2026","isPartOf":{"@id":"https:\/\/swiftlifts.com\/vn\/#website"},"datePublished":"2024-10-28T14:00:49+00:00","dateModified":"2025-12-31T07:52:09+00:00","description":"T\u1ea3i danh m\u1ee5c s\u1ea3n ph\u1ea9m SWIFT Lifts \u0111\u1ec3 xem c\u00e1c d\u00f2ng thang m\u00e1y hi\u1ec7u su\u1ea5t cao, b\u1ec1n b\u1ec9 v\u00e0 ph\u00f9 h\u1ee3p nhi\u1ec1u nhu c\u1ea7u d\u00e2n d\u1ee5ng & c\u00f4ng nghi\u1ec7p.","breadcrumb":{"@id":"https:\/\/swiftlifts.com\/vn\/product-catalogue\/#breadcrumb"},"inLanguage":"vn-VN","potentialAction":[{"@type":"ReadAction","target":["https:\/\/swiftlifts.com\/vn\/product-catalogue\/"]}]},{"@type":"BreadcrumbList","@id":"https:\/\/swiftlifts.com\/vn\/product-catalogue\/#breadcrumb","itemListElement":[{"@type":"ListItem","position":1,"name":"Home","item":"https:\/\/swiftlifts.com\/vn\/"},{"@type":"ListItem","position":2,"name":"Product catalogue"}]},{"@type":"WebSite","@id":"https:\/\/swiftlifts.com\/vn\/#website","url":"https:\/\/swiftlifts.com\/vn\/","name":"SWIFT - 100% battery driven home lifts","description":"NEW WAYS TO MOVE","publisher":{"@id":"https:\/\/swiftlifts.com\/vn\/#organization"},"potentialAction":[{"@type":"SearchAction","target":{"@type":"EntryPoint","urlTemplate":"https:\/\/swiftlifts.com\/vn\/?s={search_term_string}"},"query-input":{"@type":"PropertyValueSpecification","valueRequired":true,"valueName":"search_term_string"}}],"inLanguage":"vn-VN"},{"@type":"Organization","@id":"https:\/\/swiftlifts.com\/vn\/#organization","name":"SWIFT Home Lifts","url":"https:\/\/swiftlifts.com\/vn\/","logo":{"@type":"ImageObject","inLanguage":"vn-VN","@id":"https:\/\/swiftlifts.com\/vn\/#\/schema\/logo\/image\/","url":"https:\/\/swiftlifts.com\/wp-content\/uploads\/2025\/03\/cropped-SWIFT-Logo-Google.jpg","contentUrl":"https:\/\/swiftlifts.com\/wp-content\/uploads\/2025\/03\/cropped-SWIFT-Logo-Google.jpg","width":512,"height":512,"caption":"SWIFT Home Lifts"},"image":{"@id":"https:\/\/swiftlifts.com\/vn\/#\/schema\/logo\/image\/"},"sameAs":["https:\/\/www.facebook.com\/swifthomelifts","https:\/\/www.instagram.com\/swifthomelifts\/","https:\/\/www.linkedin.com\/company\/swifthomelifts\/","https:\/\/www.pinterest.se\/swifthomelifts\/","https:\/\/www.youtube.com\/@swift5669"]}]}},"_links":{"self":[{"href":"https:\/\/swiftlifts.com\/vn\/wp-json\/wp\/v2\/pages\/34681","targetHints":{"allow":["GET"]}}],"collection":[{"href":"https:\/\/swiftlifts.com\/vn\/wp-json\/wp\/v2\/pages"}],"about":[{"href":"https:\/\/swiftlifts.com\/vn\/wp-json\/wp\/v2\/types\/page"}],"author":[{"embeddable":true,"href":"https:\/\/swiftlifts.com\/vn\/wp-json\/wp\/v2\/users\/1"}],"replies":[{"embeddable":true,"href":"https:\/\/swiftlifts.com\/vn\/wp-json\/wp\/v2\/comments?post=34681"}],"version-history":[{"count":2,"href":"https:\/\/swiftlifts.com\/vn\/wp-json\/wp\/v2\/pages\/34681\/revisions"}],"predecessor-version":[{"id":47532,"href":"https:\/\/swiftlifts.com\/vn\/wp-json\/wp\/v2\/pages\/34681\/revisions\/47532"}],"wp:attachment":[{"href":"https:\/\/swiftlifts.com\/vn\/wp-json\/wp\/v2\/media?parent=34681"}],"curies":[{"name":"wp","href":"https:\/\/api.w.org\/{rel}","templated":true}]}}