{"id":34679,"date":"2024-10-29T05:48:06","date_gmt":"2024-10-29T05:48:06","guid":{"rendered":"https:\/\/swiftlifts.com\/support\/"},"modified":"2026-04-13T05:39:49","modified_gmt":"2026-04-13T05:39:49","slug":"support","status":"publish","type":"page","link":"https:\/\/swiftlifts.com\/vn\/support\/","title":{"rendered":"H\u1ed7 tr\u1ee3"},"content":{"rendered":"\n\t<section class=\"section is-full-height\" id=\"section_2089322974\">\n\t\t<div class=\"section-bg fill\" >\n\t\t\t<img loading=\"lazy\" decoding=\"async\" width=\"2560\" height=\"1844\" src=\"https:\/\/swiftlifts.com\/wp-content\/uploads\/2025\/06\/Support-and-FAQ_w3.jpg\" class=\"bg attachment- size-\" alt=\"\" \/>\t\t\t\t\t\t\n\t\t\t\n\n\t\t<\/div>\n\n\t\t\n\n\t\t<div class=\"section-content relative\">\n\t\t\t\n<div class=\"row row-collapse row-full-width\"  id=\"row-557696076\">\n\n\t<div id=\"col-1702562681\" class=\"col hide-for-medium medium-1 small-12 large-1\"  >\n\t\t\t\t<div class=\"col-inner\"  >\n\t\t\t\n\t\t\t\n\t\t<\/div>\n\t\t\t\t\t<\/div>\n\n\t\n\n\t<div id=\"col-1801307109\" class=\"col support-faq medium-4 small-12 large-3\"  >\n\t\t\t\t<div class=\"col-inner text-left\"  >\n\t\t\t\n\t\t\t\n\t<div id=\"text-1224769896\" class=\"text\">\n\t\t\n<h1>SWIFT support<\/h1>\n\t\t\n<style>\n#text-1224769896 {\n  font-size: 1.5rem;\n  color: #ff9196;\n}\n#text-1224769896 > * {\n  color: #ff9196;\n}\n@media (min-width:550px) {\n  #text-1224769896 {\n    font-size: 1.5rem;\n  }\n}\n<\/style>\n\t<\/div>\n\t\n\t<div id=\"text-1112555167\" class=\"text\">\n\t\t\n<p>C\u1ea7n h\u1ed7 tr\u1ee3? \u0110\u1ecdc m\u1ee5c C\u00e2u <strong><a href=\"https:\/\/swiftlifts.com\/vn\/swift-faq\/\">FAQ<\/a><\/strong> h\u1ecfi th\u01b0\u1eddng g\u1eb7p c\u1ee7a ch\u00fang t\u00f4i ho\u1eb7c \u0111\u1eb7t l\u1ecbch h\u1eb9n \u0111\u1ec3 \u0111\u01b0\u1ee3c tr\u00ecnh b\u00e0y v\u00e0 ki\u1ec3m tra nh\u00e0 c\u1ee7a b\u1ea1n tr\u1ef1c tuy\u1ebfn. Ho\u1eb7c ch\u1ec9 c\u1ea7n g\u1ecdi cho ch\u00fang t\u00f4i theo s\u1ed1 <strong><a href=\"https:\/\/zalo.me\/84392651174\">+84 39 265 1174<\/a><\/strong><\/p>\n\t\t\n<style>\n#text-1112555167 {\n  font-size: 1rem;\n  color: rgb(255,255,255);\n}\n#text-1112555167 > * {\n  color: rgb(255,255,255);\n}\n@media (min-width:550px) {\n  #text-1112555167 {\n    font-size: 1.5rem;\n  }\n}\n<\/style>\n\t<\/div>\n\t\n\t\t<\/div>\n\t\t\t\t\n<style>\n#col-1801307109 > .col-inner {\n  padding: 0px 0px 0px 0px;\n  margin: 0px 0px 0px 20px;\n}\n<\/style>\n\t<\/div>\n\n\t\n\n<style>\n#row-557696076 > .col > .col-inner {\n  padding: 30% 20px 0px 20px;\n}\n@media (min-width:550px) {\n  #row-557696076 > .col > .col-inner {\n    padding: 150% 0px 0px 0px;\n  }\n}\n<\/style>\n<\/div>\n\t\t<\/div>\n\n\t\t\n<style>\n#section_2089322974 {\n  padding-top: 30px;\n  padding-bottom: 30px;\n  min-height: 10vh;\n}\n#section_2089322974 .section-bg-overlay {\n  background-color: rgba(0,0,0,.5);\n}\n#section_2089322974 .section-bg img {\n  object-position: top;\n}\n@media (min-width:550px) {\n  #section_2089322974 {\n    min-height: 100vh;\n  }\n}\n<\/style>\n\t<\/section>\n\t\n\n\t<section class=\"section\" id=\"section_225941234\">\n\t\t<div class=\"section-bg fill\" >\n\t\t\t\t\t\t\t\t\t\n\t\t\t\n\n\t\t<\/div>\n\n\t\t\n\n\t\t<div class=\"section-content relative\">\n\t\t\t\n<div class=\"row row-collapse row-full-width\"  id=\"row-436184294\">\n\n\t<div id=\"col-1567638159\" class=\"col hide-for-medium medium-1 small-12 large-1\"  >\n\t\t\t\t<div class=\"col-inner\"  >\n\t\t\t\n\t\t\t\n\t\t<\/div>\n\t\t\t\t\t<\/div>\n\n\t\n\n\t<div id=\"col-1640647247\" class=\"col medium-4 small-12 large-4\"  >\n\t\t\t\t<div class=\"col-inner\"  >\n\t\t\t\n\t\t\t\n\t<div id=\"text-3547980236\" class=\"text\">\n\t\t\n<h3>C\u00e1ch mua<\/h3>\n\t\t\n<style>\n#text-3547980236 {\n  font-size: 1.3rem;\n  color: rgb(255, 201, 189);\n}\n#text-3547980236 > * {\n  color: rgb(255, 201, 189);\n}\n<\/style>\n\t<\/div>\n\t\n\t<div id=\"text-5126225\" class=\"text\">\n\t\t\n<p>Mua v\u00e0 l\u1eafp \u0111\u1eb7t thang m\u00e1y gia \u0111\u00ecnh c\u00f3 th\u1ec3 nghe c\u00f3 v\u1ebb ph\u1ee9c t\u1ea1p. Nh\u01b0ng th\u1ef1c ra kh\u00f4ng ph\u1ea3i v\u1eady! Ch\u00fang t\u00f4i \u0111\u00e3 c\u1ed1 g\u1eafng t\u00f3m t\u1eaft c\u00e1ch th\u1ee9c ho\u1ea1t \u0111\u1ed9ng v\u00e0 nh\u1eefng \u0111i\u1ec1u c\u1ea7n l\u01b0u \u00fd.<\/p>\n\t\t\n<style>\n#text-5126225 {\n  font-size: 1rem;\n  color: rgb(255, 255, 255);\n}\n#text-5126225 > * {\n  color: rgb(255, 255, 255);\n}\n<\/style>\n\t<\/div>\n\t\n<a href=\"https:\/\/swiftlifts.com\/vn\/lam-sao-de-mua\/\" class=\"button primary lowercase arrow-icon-button-sunset\" style=\"padding:0px 0px 0px 0px;\">\n\t\t<span>C\u00e1ch mua<\/span>\n\t<\/a>\n\n\t\t<\/div>\n\t\t\t\t\n<style>\n#col-1640647247 > .col-inner {\n  padding: 0px 10% 0px 0px;\n}\n<\/style>\n\t<\/div>\n\n\t\n\n\t<div id=\"col-1757142521\" class=\"col medium-4 small-12 large-4\"  >\n\t\t\t\t<div class=\"col-inner\"  >\n\t\t\t\n\t\t\t\n\t<div id=\"text-907269099\" class=\"text\">\n\t\t\n<h3>Li\u00ean h\u1ec7 v\u1edbi ch\u00fang t\u00f4i<\/h3>\n\t\t\n<style>\n#text-907269099 {\n  font-size: 1.3rem;\n  color: rgb(255, 201, 189);\n}\n#text-907269099 > * {\n  color: rgb(255, 201, 189);\n}\n<\/style>\n\t<\/div>\n\t\n\t<div id=\"text-567747843\" class=\"text\">\n\t\t\n<p>SWIFT l\u00e0 c\u00f4ng ty thang m\u00e1y gia \u0111\u00ecnh c\u1ee7a Th\u1ee5y \u0110i\u1ec3n v\u1edbi c\u00e1c showroom v\u00e0 d\u1ecbch v\u1ee5 b\u00e1n h\u00e0ng t\u1ea1i 34 qu\u1ed1c gia. T\u1ea1i Vi\u1ec7t Nam, ch\u00fang t\u00f4i c\u00f3 m\u1eb7t t\u1ea1i Th\u00e0nh ph\u1ed1 H\u1ed3 Ch\u00ed Minh v\u00e0 H\u00e0 N\u1ed9i.<\/p>\n\t\t\n<style>\n#text-567747843 {\n  font-size: 1rem;\n  color: rgb(255, 255, 255);\n}\n#text-567747843 > * {\n  color: rgb(255, 255, 255);\n}\n<\/style>\n\t<\/div>\n\t\n<a href=\"https:\/\/swiftlifts.com\/vn\/lien-he-chung-toi\/\" class=\"button primary lowercase arrow-icon-button-sunset\" style=\"padding:0px 0px 0px 0px;\">\n\t\t<span>Li\u00ean h\u1ec7<\/span>\n\t<\/a>\n\n\t\t<\/div>\n\t\t\t\t\n<style>\n#col-1757142521 > .col-inner {\n  padding: 0px 10% 0px 0px;\n}\n<\/style>\n\t<\/div>\n\n\t\n\n<style>\n#row-436184294 > .col > .col-inner {\n  padding: 10% 20px 0px 20px;\n}\n@media (min-width:550px) {\n  #row-436184294 > .col > .col-inner {\n    padding: 10% 15% 0px 0px;\n  }\n}\n<\/style>\n<\/div>\n<div class=\"row row-collapse row-full-width\"  id=\"row-2034078103\">\n\n\t<div id=\"col-745730911\" class=\"col hide-for-medium medium-1 small-12 large-1\"  >\n\t\t\t\t<div class=\"col-inner\"  >\n\t\t\t\n\t\t\t\n\t\t<\/div>\n\t\t\t\t\t<\/div>\n\n\t\n\n\t<div id=\"col-581248543\" class=\"col medium-4 small-12 large-4\"  >\n\t\t\t\t<div class=\"col-inner text-left\"  >\n\t\t\t\n\t\t\t\n\t<div id=\"text-2393318906\" class=\"text\">\n\t\t\n<h3>B\u1ea3o h\u00e0nh v\u00e0 b\u1ea3o d\u01b0\u1ee1ng<\/h3>\n\t\t\n<style>\n#text-2393318906 {\n  font-size: 1.3rem;\n  color: rgb(255, 201, 189);\n}\n#text-2393318906 > * {\n  color: rgb(255, 201, 189);\n}\n<\/style>\n\t<\/div>\n\t\n\t<div id=\"text-2281955038\" class=\"text\">\n\t\t\n<p>C\u00e1ch ch\u00fang t\u00f4i l\u1eafp \u0111\u1eb7t v\u00e0 b\u1ea3o tr\u00ec SWIFT tu\u00e2n theo nh\u1eefng nguy\u00ean t\u1eafc v\u1eefng ch\u1eafc nh\u01b0 khi ch\u00fang t\u00f4i thi\u1ebft k\u1ebf v\u00e0 s\u1ea3n xu\u1ea5t ch\u00fang. SWIFT Vi\u1ec7t Nam cung c\u1ea5p ch\u1ebf \u0111\u1ed9 b\u1ea3o h\u00e0nh h\u00e0o ph\u00f3ng v\u00e0 g\u00f3i d\u1ecbch v\u1ee5 b\u1ea3o tr\u00ec \u0111\u00e1ng tin c\u1eady.<\/p>\n\t\t\n<style>\n#text-2281955038 {\n  font-size: 1rem;\n  color: rgb(255,255,255);\n}\n#text-2281955038 > * {\n  color: rgb(255,255,255);\n}\n<\/style>\n\t<\/div>\n\t\n<a href=\"https:\/\/swiftlifts.com\/vn\/bao-hanh-va-bao-tri\/\" class=\"button primary lowercase arrow-icon-button-sunset\" style=\"padding:0px 0px 0px 0px;\">\n\t\t<span>\u0110\u1ecdc th\u00eam<\/span>\n\t<\/a>\n\n\t\t<\/div>\n\t\t\t\t\n<style>\n#col-581248543 > .col-inner {\n  padding: 0px 10% 0px 0px;\n}\n<\/style>\n\t<\/div>\n\n\t\n\n\t<div id=\"col-926524403\" class=\"col medium-4 small-12 large-4\"  >\n\t\t\t\t<div class=\"col-inner\"  >\n\t\t\t\n\t\t\t\n\t<div id=\"text-3629165662\" class=\"text\">\n\t\t\n<h3>FAQ<\/h3>\n\t\t\n<style>\n#text-3629165662 {\n  font-size: 1.4rem;\n  color: rgb(255, 201, 189);\n}\n#text-3629165662 > * {\n  color: rgb(255, 201, 189);\n}\n<\/style>\n\t<\/div>\n\t\n\t<div id=\"text-126148298\" class=\"text\">\n\t\t\n<p>M\u1ecdi th\u1ee9 b\u1ea1n c\u1ea7n bi\u1ebft. Duy\u1ec7t theo ch\u1ee7 \u0111\u1ec1 \u0111\u1ec3 t\u00ecm nh\u1eefng g\u00ec b\u1ea1n \u0111ang t\u00ecm ki\u1ebfm.<\/p>\n\t\t\n<style>\n#text-126148298 {\n  font-size: 1rem;\n  color: rgb(255,255,255);\n}\n#text-126148298 > * {\n  color: rgb(255,255,255);\n}\n<\/style>\n\t<\/div>\n\t\n<a href=\"https:\/\/swiftlifts.com\/vn\/swift-faq\/\" class=\"button primary lowercase arrow-icon-button-sunset\" style=\"padding:0px 0px 0px 0px;\">\n\t\t<span>FAQ<\/span>\n\t<\/a>\n\n\t\t<\/div>\n\t\t\t\t\n<style>\n#col-926524403 > .col-inner {\n  padding: 0px 10% 0px 0px;\n}\n<\/style>\n\t<\/div>\n\n\t\n\n<style>\n#row-2034078103 > .col > .col-inner {\n  padding: 10% 20px 10% 20px;\n}\n@media (min-width:550px) {\n  #row-2034078103 > .col > .col-inner {\n    padding: 20% 15% 20% 0px;\n  }\n}\n<\/style>\n<\/div>\n\t\t<\/div>\n\n\t\t\n<style>\n#section_225941234 {\n  padding-top: 30px;\n  padding-bottom: 30px;\n  background-color: rgb(137, 137, 137);\n}\n<\/style>\n\t<\/section>\n\t\n","protected":false},"excerpt":{"rendered":"","protected":false},"author":1,"featured_media":34680,"parent":0,"menu_order":0,"comment_status":"closed","ping_status":"closed","template":"page-transparent-header.php","meta":{"_acf_changed":false,"content-type":"","footnotes":""},"class_list":["post-34679","page","type-page","status-publish","has-post-thumbnail","hentry"],"acf":[],"yoast_head":"<!-- This site is optimized with the Yoast SEO Premium plugin v27.3 (Yoast SEO v27.4) - https:\/\/yoast.com\/product\/yoast-seo-premium-wordpress\/ -->\n<title>H\u1ed7 tr\u1ee3 v\u00e0 h\u01b0\u1edbng d\u1eabn thang m\u00e1y gia \u0111\u00ecnh - SWIFT Lifts<\/title>\n<meta name=\"description\" content=\"C\u1ea7n t\u01b0 v\u1ea5n thang m\u00e1y gia \u0111\u00ecnh? G\u1ecdi ngay SWIFT \u0111\u1ec3 \u0111\u01b0\u1ee3c h\u1ed7 tr\u1ee3 mi\u1ec5n ph\u00ed t\u1eadn n\u01a1i, gi\u1ea3i \u0111\u00e1p chi ti\u1ebft m\u1ecdi c\u00e2u h\u1ecfi c\u1ee7a b\u1ea1n.\" \/>\n<meta name=\"robots\" content=\"index, follow, max-snippet:-1, max-image-preview:large, max-video-preview:-1\" \/>\n<link rel=\"canonical\" href=\"https:\/\/swiftlifts.com\/vn\/support\/\" \/>\n<meta property=\"og:locale\" content=\"en_US\" \/>\n<meta property=\"og:type\" content=\"article\" \/>\n<meta property=\"og:title\" content=\"H\u1ed7 tr\u1ee3\" \/>\n<meta property=\"og:description\" content=\"If you need support when choosing your domestic lift, or if you have any questions about installation. Contact us. We offer free home visit.\" \/>\n<meta property=\"og:url\" content=\"https:\/\/swiftlifts.com\/vn\/support\/\" \/>\n<meta property=\"og:site_name\" content=\"SWIFT - 100% battery driven home lifts\" \/>\n<meta property=\"article:publisher\" content=\"https:\/\/www.facebook.com\/swifthomelifts\" \/>\n<meta property=\"article:modified_time\" content=\"2026-04-13T05:39:49+00:00\" \/>\n<meta property=\"og:image\" content=\"https:\/\/swiftlifts.com\/wp-content\/uploads\/2021\/07\/safe-home-2.png\" \/>\n\t<meta property=\"og:image:width\" content=\"400\" \/>\n\t<meta property=\"og:image:height\" content=\"400\" \/>\n\t<meta property=\"og:image:type\" content=\"image\/png\" \/>\n<meta name=\"twitter:card\" content=\"summary_large_image\" \/>\n<meta name=\"twitter:description\" content=\"If you need support when choosing your domestic lift, or if you have any questions about installation. Contact us. We offer free home visit.\" \/>\n<meta name=\"twitter:label1\" content=\"Est. reading time\" \/>\n\t<meta name=\"twitter:data1\" content=\"3 minutes\" \/>\n<script type=\"application\/ld+json\" class=\"yoast-schema-graph\">{\"@context\":\"https:\\\/\\\/schema.org\",\"@graph\":[{\"@type\":\"WebPage\",\"@id\":\"https:\\\/\\\/swiftlifts.com\\\/vn\\\/support\\\/\",\"url\":\"https:\\\/\\\/swiftlifts.com\\\/vn\\\/support\\\/\",\"name\":\"H\u1ed7 tr\u1ee3 v\u00e0 h\u01b0\u1edbng d\u1eabn thang m\u00e1y gia \u0111\u00ecnh - SWIFT Lifts\",\"isPartOf\":{\"@id\":\"https:\\\/\\\/swiftlifts.com\\\/vn\\\/#website\"},\"primaryImageOfPage\":{\"@id\":\"https:\\\/\\\/swiftlifts.com\\\/vn\\\/support\\\/#primaryimage\"},\"image\":{\"@id\":\"https:\\\/\\\/swiftlifts.com\\\/vn\\\/support\\\/#primaryimage\"},\"thumbnailUrl\":\"https:\\\/\\\/swiftlifts.com\\\/wp-content\\\/uploads\\\/2021\\\/07\\\/safe-home-2.png\",\"datePublished\":\"2024-10-29T05:48:06+00:00\",\"dateModified\":\"2026-04-13T05:39:49+00:00\",\"description\":\"C\u1ea7n t\u01b0 v\u1ea5n thang m\u00e1y gia \u0111\u00ecnh? G\u1ecdi ngay SWIFT \u0111\u1ec3 \u0111\u01b0\u1ee3c h\u1ed7 tr\u1ee3 mi\u1ec5n ph\u00ed t\u1eadn n\u01a1i, gi\u1ea3i \u0111\u00e1p chi ti\u1ebft m\u1ecdi c\u00e2u h\u1ecfi c\u1ee7a b\u1ea1n.\",\"breadcrumb\":{\"@id\":\"https:\\\/\\\/swiftlifts.com\\\/vn\\\/support\\\/#breadcrumb\"},\"inLanguage\":\"vn-VN\",\"potentialAction\":[{\"@type\":\"ReadAction\",\"target\":[\"https:\\\/\\\/swiftlifts.com\\\/vn\\\/support\\\/\"]}]},{\"@type\":\"ImageObject\",\"inLanguage\":\"vn-VN\",\"@id\":\"https:\\\/\\\/swiftlifts.com\\\/vn\\\/support\\\/#primaryimage\",\"url\":\"https:\\\/\\\/swiftlifts.com\\\/wp-content\\\/uploads\\\/2021\\\/07\\\/safe-home-2.png\",\"contentUrl\":\"https:\\\/\\\/swiftlifts.com\\\/wp-content\\\/uploads\\\/2021\\\/07\\\/safe-home-2.png\",\"width\":400,\"height\":400},{\"@type\":\"BreadcrumbList\",\"@id\":\"https:\\\/\\\/swiftlifts.com\\\/vn\\\/support\\\/#breadcrumb\",\"itemListElement\":[{\"@type\":\"ListItem\",\"position\":1,\"name\":\"Home\",\"item\":\"https:\\\/\\\/swiftlifts.com\\\/vn\\\/\"},{\"@type\":\"ListItem\",\"position\":2,\"name\":\"H\u1ed7 tr\u1ee3\"}]},{\"@type\":\"WebSite\",\"@id\":\"https:\\\/\\\/swiftlifts.com\\\/vn\\\/#website\",\"url\":\"https:\\\/\\\/swiftlifts.com\\\/vn\\\/\",\"name\":\"SWIFT - 100% battery driven home lifts\",\"description\":\"NEW WAYS TO MOVE\",\"publisher\":{\"@id\":\"https:\\\/\\\/swiftlifts.com\\\/vn\\\/#organization\"},\"potentialAction\":[{\"@type\":\"SearchAction\",\"target\":{\"@type\":\"EntryPoint\",\"urlTemplate\":\"https:\\\/\\\/swiftlifts.com\\\/vn\\\/?s={search_term_string}\"},\"query-input\":{\"@type\":\"PropertyValueSpecification\",\"valueRequired\":true,\"valueName\":\"search_term_string\"}}],\"inLanguage\":\"vn-VN\"},{\"@type\":\"Organization\",\"@id\":\"https:\\\/\\\/swiftlifts.com\\\/vn\\\/#organization\",\"name\":\"SWIFT Home Lifts\",\"url\":\"https:\\\/\\\/swiftlifts.com\\\/vn\\\/\",\"logo\":{\"@type\":\"ImageObject\",\"inLanguage\":\"vn-VN\",\"@id\":\"https:\\\/\\\/swiftlifts.com\\\/vn\\\/#\\\/schema\\\/logo\\\/image\\\/\",\"url\":\"https:\\\/\\\/swiftlifts.com\\\/wp-content\\\/uploads\\\/2025\\\/03\\\/cropped-SWIFT-Logo-Google.jpg\",\"contentUrl\":\"https:\\\/\\\/swiftlifts.com\\\/wp-content\\\/uploads\\\/2025\\\/03\\\/cropped-SWIFT-Logo-Google.jpg\",\"width\":512,\"height\":512,\"caption\":\"SWIFT Home Lifts\"},\"image\":{\"@id\":\"https:\\\/\\\/swiftlifts.com\\\/vn\\\/#\\\/schema\\\/logo\\\/image\\\/\"},\"sameAs\":[\"https:\\\/\\\/www.facebook.com\\\/swifthomelifts\",\"https:\\\/\\\/www.instagram.com\\\/swifthomelifts\\\/\",\"https:\\\/\\\/www.linkedin.com\\\/company\\\/swifthomelifts\\\/\",\"https:\\\/\\\/www.pinterest.se\\\/swifthomelifts\\\/\",\"https:\\\/\\\/www.youtube.com\\\/@swift5669\"]}]}<\/script>\n<!-- \/ Yoast SEO Premium plugin. -->","yoast_head_json":{"title":"H\u1ed7 tr\u1ee3 v\u00e0 h\u01b0\u1edbng d\u1eabn thang m\u00e1y gia \u0111\u00ecnh - SWIFT Lifts","description":"C\u1ea7n t\u01b0 v\u1ea5n thang m\u00e1y gia \u0111\u00ecnh? G\u1ecdi ngay SWIFT \u0111\u1ec3 \u0111\u01b0\u1ee3c h\u1ed7 tr\u1ee3 mi\u1ec5n ph\u00ed t\u1eadn n\u01a1i, gi\u1ea3i \u0111\u00e1p chi ti\u1ebft m\u1ecdi c\u00e2u h\u1ecfi c\u1ee7a b\u1ea1n.","robots":{"index":"index","follow":"follow","max-snippet":"max-snippet:-1","max-image-preview":"max-image-preview:large","max-video-preview":"max-video-preview:-1"},"canonical":"https:\/\/swiftlifts.com\/vn\/support\/","og_locale":"en_US","og_type":"article","og_title":"H\u1ed7 tr\u1ee3","og_description":"If you need support when choosing your domestic lift, or if you have any questions about installation. Contact us. We offer free home visit.","og_url":"https:\/\/swiftlifts.com\/vn\/support\/","og_site_name":"SWIFT - 100% battery driven home lifts","article_publisher":"https:\/\/www.facebook.com\/swifthomelifts","article_modified_time":"2026-04-13T05:39:49+00:00","og_image":[{"width":400,"height":400,"url":"https:\/\/swiftlifts.com\/wp-content\/uploads\/2021\/07\/safe-home-2.png","type":"image\/png"}],"twitter_card":"summary_large_image","twitter_description":"If you need support when choosing your domestic lift, or if you have any questions about installation. Contact us. We offer free home visit.","twitter_misc":{"Est. reading time":"3 minutes"},"schema":{"@context":"https:\/\/schema.org","@graph":[{"@type":"WebPage","@id":"https:\/\/swiftlifts.com\/vn\/support\/","url":"https:\/\/swiftlifts.com\/vn\/support\/","name":"H\u1ed7 tr\u1ee3 v\u00e0 h\u01b0\u1edbng d\u1eabn thang m\u00e1y gia \u0111\u00ecnh - SWIFT Lifts","isPartOf":{"@id":"https:\/\/swiftlifts.com\/vn\/#website"},"primaryImageOfPage":{"@id":"https:\/\/swiftlifts.com\/vn\/support\/#primaryimage"},"image":{"@id":"https:\/\/swiftlifts.com\/vn\/support\/#primaryimage"},"thumbnailUrl":"https:\/\/swiftlifts.com\/wp-content\/uploads\/2021\/07\/safe-home-2.png","datePublished":"2024-10-29T05:48:06+00:00","dateModified":"2026-04-13T05:39:49+00:00","description":"C\u1ea7n t\u01b0 v\u1ea5n thang m\u00e1y gia \u0111\u00ecnh? G\u1ecdi ngay SWIFT \u0111\u1ec3 \u0111\u01b0\u1ee3c h\u1ed7 tr\u1ee3 mi\u1ec5n ph\u00ed t\u1eadn n\u01a1i, gi\u1ea3i \u0111\u00e1p chi ti\u1ebft m\u1ecdi c\u00e2u h\u1ecfi c\u1ee7a b\u1ea1n.","breadcrumb":{"@id":"https:\/\/swiftlifts.com\/vn\/support\/#breadcrumb"},"inLanguage":"vn-VN","potentialAction":[{"@type":"ReadAction","target":["https:\/\/swiftlifts.com\/vn\/support\/"]}]},{"@type":"ImageObject","inLanguage":"vn-VN","@id":"https:\/\/swiftlifts.com\/vn\/support\/#primaryimage","url":"https:\/\/swiftlifts.com\/wp-content\/uploads\/2021\/07\/safe-home-2.png","contentUrl":"https:\/\/swiftlifts.com\/wp-content\/uploads\/2021\/07\/safe-home-2.png","width":400,"height":400},{"@type":"BreadcrumbList","@id":"https:\/\/swiftlifts.com\/vn\/support\/#breadcrumb","itemListElement":[{"@type":"ListItem","position":1,"name":"Home","item":"https:\/\/swiftlifts.com\/vn\/"},{"@type":"ListItem","position":2,"name":"H\u1ed7 tr\u1ee3"}]},{"@type":"WebSite","@id":"https:\/\/swiftlifts.com\/vn\/#website","url":"https:\/\/swiftlifts.com\/vn\/","name":"SWIFT - 100% battery driven home lifts","description":"NEW WAYS TO MOVE","publisher":{"@id":"https:\/\/swiftlifts.com\/vn\/#organization"},"potentialAction":[{"@type":"SearchAction","target":{"@type":"EntryPoint","urlTemplate":"https:\/\/swiftlifts.com\/vn\/?s={search_term_string}"},"query-input":{"@type":"PropertyValueSpecification","valueRequired":true,"valueName":"search_term_string"}}],"inLanguage":"vn-VN"},{"@type":"Organization","@id":"https:\/\/swiftlifts.com\/vn\/#organization","name":"SWIFT Home Lifts","url":"https:\/\/swiftlifts.com\/vn\/","logo":{"@type":"ImageObject","inLanguage":"vn-VN","@id":"https:\/\/swiftlifts.com\/vn\/#\/schema\/logo\/image\/","url":"https:\/\/swiftlifts.com\/wp-content\/uploads\/2025\/03\/cropped-SWIFT-Logo-Google.jpg","contentUrl":"https:\/\/swiftlifts.com\/wp-content\/uploads\/2025\/03\/cropped-SWIFT-Logo-Google.jpg","width":512,"height":512,"caption":"SWIFT Home Lifts"},"image":{"@id":"https:\/\/swiftlifts.com\/vn\/#\/schema\/logo\/image\/"},"sameAs":["https:\/\/www.facebook.com\/swifthomelifts","https:\/\/www.instagram.com\/swifthomelifts\/","https:\/\/www.linkedin.com\/company\/swifthomelifts\/","https:\/\/www.pinterest.se\/swifthomelifts\/","https:\/\/www.youtube.com\/@swift5669"]}]}},"_links":{"self":[{"href":"https:\/\/swiftlifts.com\/vn\/wp-json\/wp\/v2\/pages\/34679","targetHints":{"allow":["GET"]}}],"collection":[{"href":"https:\/\/swiftlifts.com\/vn\/wp-json\/wp\/v2\/pages"}],"about":[{"href":"https:\/\/swiftlifts.com\/vn\/wp-json\/wp\/v2\/types\/page"}],"author":[{"embeddable":true,"href":"https:\/\/swiftlifts.com\/vn\/wp-json\/wp\/v2\/users\/1"}],"replies":[{"embeddable":true,"href":"https:\/\/swiftlifts.com\/vn\/wp-json\/wp\/v2\/comments?post=34679"}],"version-history":[{"count":16,"href":"https:\/\/swiftlifts.com\/vn\/wp-json\/wp\/v2\/pages\/34679\/revisions"}],"predecessor-version":[{"id":62162,"href":"https:\/\/swiftlifts.com\/vn\/wp-json\/wp\/v2\/pages\/34679\/revisions\/62162"}],"wp:featuredmedia":[{"embeddable":true,"href":"https:\/\/swiftlifts.com\/vn\/wp-json\/wp\/v2\/media\/34680"}],"wp:attachment":[{"href":"https:\/\/swiftlifts.com\/vn\/wp-json\/wp\/v2\/media?parent=34679"}],"curies":[{"name":"wp","href":"https:\/\/api.w.org\/{rel}","templated":true}]}}