{"id":34674,"date":"2024-10-28T14:02:39","date_gmt":"2024-10-28T14:02:39","guid":{"rendered":"https:\/\/swiftlifts.com\/products\/"},"modified":"2025-07-28T18:50:36","modified_gmt":"2025-07-28T18:50:36","slug":"products","status":"publish","type":"page","link":"https:\/\/swiftlifts.com\/vn\/products\/","title":{"rendered":"Products"},"content":{"rendered":"\n\t<section class=\"section show-for-medium\" id=\"section_645537245\">\n\t\t<div class=\"section-bg fill\" >\n\t\t\t\t\t\t\t\t\t\n\t\t\t\n\n\t\t<\/div>\n\n\t\t\n\n\t\t<div class=\"section-content relative\">\n\t\t\t\n<div class=\"row\"  id=\"row-440359852\">\n\n\t<div id=\"col-425270508\" class=\"col medium-4 small-12 large-4\"  >\n\t\t\t\t<div class=\"col-inner\"  >\n\t\t\t\n\t\t\t\n\t\t<\/div>\n\t\t\t\t\n<style>\n#col-425270508 > .col-inner {\n  margin: 0px 0px 0px 0px;\n}\n<\/style>\n\t<\/div>\n\n\t\n<\/div>\n\t\t<\/div>\n\n\t\t\n<style>\n#section_645537245 {\n  padding-top: 30px;\n  padding-bottom: 30px;\n  background-color: rgb(250, 245, 242);\n}\n<\/style>\n\t<\/section>\n\t\n\n\t<section class=\"section products-page dark hide-for-medium is-full-height\" id=\"section_439005268\">\n\t\t<div class=\"section-bg fill\" >\n\t\t\t<img loading=\"lazy\" decoding=\"async\" width=\"1920\" height=\"1080\" src=\"https:\/\/swiftlifts.com\/wp-content\/uploads\/2022\/09\/Lotti_Cartoon_Seq_000001.jpeg\" class=\"bg attachment- size-\" alt=\"Lotti Cartoon Seq\" \/>\t\t\t\t\t\t\n\t\t\t\n\n\t\t<\/div>\n\n\t\t\n\n\t\t<div class=\"section-content relative\">\n\t\t\t\n<div class=\"row align-middle\" style=\"max-width:90%\" id=\"row-423361161\">\n\n\t<div id=\"col-331649494\" class=\"col medium-3 small-12 large-3\"  >\n\t\t\t\t<div class=\"col-inner text-left\"  >\n\t\t\t\n\t\t\t\n\t<div id=\"text-18431074\" class=\"text\">\n\t\t\n<h1>SWIFT Pro<\/h1>\n\t\t\n<style>\n#text-18431074 {\n  font-size: 1.9rem;\n  color: #ff9196;\n}\n#text-18431074 > * {\n  color: #ff9196;\n}\n<\/style>\n\t<\/div>\n\t\n\t<div id=\"text-146519778\" class=\"text\">\n\t\t\n\t\t\n<style>\n#text-146519778 {\n  font-size: 2.25rem;\n  color: rgb(255, 201, 189);\n}\n#text-146519778 > * {\n  color: rgb(255, 201, 189);\n}\n<\/style>\n\t<\/div>\n\t\n\t\t<\/div>\n\t\t\t\t\t<\/div>\n\n\t\n\n\t<div id=\"col-1560416798\" class=\"col medium-6 small-12 large-6\"  >\n\t\t\t\t<div class=\"col-inner text-left\"  >\n\t\t\t\n\t\t\t\n\t\t<\/div>\n\t\t\t\t\t<\/div>\n\n\t\n\n\t<div id=\"col-851581536\" class=\"col medium-3 small-12 large-3\"  >\n\t\t\t\t<div class=\"col-inner text-left\"  >\n\t\t\t\n\t\t\t\n\t<div id=\"text-3419242762\" class=\"text\">\n\t\t\n<h2>SWIFT Lite<\/h2>\n\t\t\n<style>\n#text-3419242762 {\n  font-size: 1.9rem;\n  color: #ff9196;\n}\n#text-3419242762 > * {\n  color: #ff9196;\n}\n<\/style>\n\t<\/div>\n\t\n\t<div id=\"text-4274163104\" class=\"text\">\n\t\t\n\t\t\n<style>\n#text-4274163104 {\n  font-size: 2.25rem;\n  color: rgb(255,255,255);\n}\n#text-4274163104 > * {\n  color: rgb(255,255,255);\n}\n<\/style>\n\t<\/div>\n\t\n\t\t<\/div>\n\t\t\t\t\n<style>\n#col-851581536 > .col-inner {\n  padding: 0px 0px 0px 30px;\n  margin: 0px 0px 0px 0;\n}\n<\/style>\n\t<\/div>\n\n\t\n<\/div>\n<div class=\"row align-middle\" style=\"max-width:90%\" id=\"row-1964187200\">\n\n\t<div id=\"col-1960199773\" class=\"col medium-3 small-12 large-3\"  >\n\t\t\t\t<div class=\"col-inner text-left\"  >\n\t\t\t\n\t\t\t\n\t<div id=\"text-3472055041\" class=\"text\">\n\t\t\n<h4>Thang m\u00e1y d\u00e2n d\u1ee5ng hi\u1ec7n \u0111\u1ea1i v\u00e0 ti\u00ean ti\u1ebfn nh\u1ea5t tr\u00ean th\u1ecb tr\u01b0\u1eddng.<\/h4>\n\t\t\n<style>\n#text-3472055041 {\n  font-size: 1.5rem;\n  color: rgb(255, 201, 189);\n}\n#text-3472055041 > * {\n  color: rgb(255, 201, 189);\n}\n<\/style>\n\t<\/div>\n\t\n\t\t<\/div>\n\t\t\t\t\t<\/div>\n\n\t\n\n\t<div id=\"col-392033323\" class=\"col medium-6 small-12 large-6\"  >\n\t\t\t\t<div class=\"col-inner text-left\"  >\n\t\t\t\n\t\t\t\n\t\t<\/div>\n\t\t\t\t\t<\/div>\n\n\t\n\n\t<div id=\"col-650121916\" class=\"col medium-3 small-12 large-3\"  >\n\t\t\t\t<div class=\"col-inner text-left\"  >\n\t\t\t\n\t\t\t\n\t<div id=\"text-2422408193\" class=\"text\">\n\t\t\n<h4>Thang m\u00e1y nh\u1ecf cho ng\u00f4i nh\u00e0 v\u1edbi ng\u00e2n s\u00e1ch h\u1ea1n ch\u1ebf.<\/h4>\n\t\t\n<style>\n#text-2422408193 {\n  font-size: 1.5rem;\n}\n<\/style>\n\t<\/div>\n\t\n\t\t<\/div>\n\t\t\t\t\n<style>\n#col-650121916 > .col-inner {\n  padding: 0px 0px 0px 30px;\n  margin: 0px 0px 0px 0;\n}\n<\/style>\n\t<\/div>\n\n\t\n<\/div>\n<div class=\"row align-middle\" style=\"max-width:90%\" id=\"row-838004297\">\n\n\t<div id=\"col-135669682\" class=\"col medium-3 small-12 large-3\"  >\n\t\t\t\t<div class=\"col-inner text-left\"  >\n\t\t\t\n\t\t\t\n<a href=\"https:\/\/swiftlifts.com\/vn\/products\/swift-pro-thang-may-gia-dinh-sang-trong\/\" class=\"button primary is-outline lowercase\" >\n\t\t<span>SWIFT Pro<\/span>\n\t<i class=\"icon-angle-right\" aria-hidden=\"true\"><\/i><\/a>\n\n\t\t<\/div>\n\t\t\t\t\t<\/div>\n\n\t\n\n\t<div id=\"col-547690351\" class=\"col medium-6 small-12 large-6\"  >\n\t\t\t\t<div class=\"col-inner text-left\"  >\n\t\t\t\n\t\t\t\n\t\t<\/div>\n\t\t\t\t\t<\/div>\n\n\t\n\n\t<div id=\"col-1375476948\" class=\"col medium-3 small-12 large-3\"  >\n\t\t\t\t<div class=\"col-inner text-left\"  >\n\t\t\t\n\t\t\t\n<a href=\"https:\/\/swiftlifts.com\/en\/products\/swift-lite-a-small-house-lift\/\" class=\"button primary is-outline lowercase\" >\n\t\t<span>SWIFT Lite<\/span>\n\t<i class=\"icon-angle-right\" aria-hidden=\"true\"><\/i><\/a>\n\n\t\t<\/div>\n\t\t\t\t\n<style>\n#col-1375476948 > .col-inner {\n  padding: 0px 0px 0px 30px;\n  margin: 0px 0px 0px 0px;\n}\n<\/style>\n\t<\/div>\n\n\t\n<\/div>\n\t\t<\/div>\n\n\t\t\n<style>\n#section_439005268 {\n  padding-top: 0px;\n  padding-bottom: 0px;\n  min-height: 100vh;\n  background-color: rgb(0, 0, 0);\n}\n<\/style>\n\t<\/section>\n\t\n\n\t<section class=\"section show-for-medium\" id=\"section_699952743\">\n\t\t<div class=\"section-bg fill\" >\n\t\t\t\t\t\t\t\t\t\n\t\t\t\n\n\t\t<\/div>\n\n\t\t\n\n\t\t<div class=\"section-content relative\">\n\t\t\t\n<div class=\"row\"  id=\"row-1543785156\">\n\n\t<div id=\"col-1861545275\" class=\"col medium-5 small-12 large-5\"  >\n\t\t\t\t<div class=\"col-inner text-left\"  >\n\t\t\t\n\t\t\t\n\t<div id=\"text-1411646617\" class=\"text\">\n\t\t\n<h2>SWIFT Pro<\/h2>\n\t\t\n<style>\n#text-1411646617 {\n  font-size: 3rem;\n  color: rgb(255, 145, 150);\n}\n#text-1411646617 > * {\n  color: rgb(255, 145, 150);\n}\n<\/style>\n\t<\/div>\n\t\n\t<div id=\"text-2887919018\" class=\"text\">\n\t\t\n<h4>Thang m\u00e1y d\u00e2n d\u1ee5ng hi\u1ec7n \u0111\u1ea1i v\u00e0 ti\u00ean ti\u1ebfn nh\u1ea5t tr\u00ean th\u1ecb tr\u01b0\u1eddng.<\/h4>\n\t\t\n<style>\n#text-2887919018 {\n  font-size: 2rem;\n  color: #ff9196;\n}\n#text-2887919018 > * {\n  color: #ff9196;\n}\n<\/style>\n\t<\/div>\n\t\n\t\t<\/div>\n\t\t\t\t\t<\/div>\n\n\t\n\n\t<div id=\"col-718837090\" class=\"col medium-2 small-12 large-2\"  >\n\t\t\t\t<div class=\"col-inner text-left\"  >\n\t\t\t\n\t\t\t\n<a href=\"https:\/\/swiftlifts.com\/swift-pro\/\" class=\"button primary is-outline lowercase\" >\n\t\t<span>SWIFT Pro<\/span>\n\t<i class=\"icon-angle-right\" aria-hidden=\"true\"><\/i><\/a>\n\n\t\t<\/div>\n\t\t\t\t\t<\/div>\n\n\t\n<\/div>\n\t\t<\/div>\n\n\t\t\n<style>\n#section_699952743 {\n  padding-top: 30px;\n  padding-bottom: 30px;\n  min-height: 500px;\n  background-color: rgb(250, 245, 242);\n}\n<\/style>\n\t<\/section>\n\t\n\n\t<section class=\"section show-for-medium\" id=\"section_928696028\">\n\t\t<div class=\"section-bg fill\" >\n\t\t\t<img loading=\"lazy\" decoding=\"async\" width=\"960\" height=\"1080\" src=\"https:\/\/swiftlifts.com\/wp-content\/uploads\/2022\/06\/pro.jpg\" class=\"bg attachment- size-\" alt=\"SWIFT Pro\" \/>\t\t\t\t\t\t\n\t\t\t\n\n\t\t<\/div>\n\n\t\t\n\n\t\t<div class=\"section-content relative\">\n\t\t\t\n\t\t<\/div>\n\n\t\t\n<style>\n#section_928696028 {\n  padding-top: 200px;\n  padding-bottom: 200px;\n}\n@media (min-width:550px) {\n  #section_928696028 {\n    padding-top: 30px;\n    padding-bottom: 30px;\n  }\n}\n<\/style>\n\t<\/section>\n\t\n\n\t<section class=\"section show-for-medium\" id=\"section_798624368\">\n\t\t<div class=\"section-bg fill\" >\n\t\t\t\t\t\t\t\t\t\n\t\t\t\n\n\t\t<\/div>\n\n\t\t\n\n\t\t<div class=\"section-content relative\">\n\t\t\t\n<div class=\"row\"  id=\"row-579076782\">\n\n\t<div id=\"col-1789963562\" class=\"col medium-5 small-12 large-5\"  >\n\t\t\t\t<div class=\"col-inner text-left\"  >\n\t\t\t\n\t\t\t\n\t<div id=\"text-2956081862\" class=\"text\">\n\t\t\n<h2>SWIFT Lite<\/h2>\n\t\t\n<style>\n#text-2956081862 {\n  font-size: 3rem;\n}\n<\/style>\n\t<\/div>\n\t\n\t<div id=\"text-2515829461\" class=\"text\">\n\t\t\n<h4>Thang m\u00e1y nh\u1ecf cho ng\u00f4i nh\u00e0 v\u1edbi ng\u00e2n s\u00e1ch h\u1ea1n ch\u1ebf.<\/h4>\n\t\t\n<style>\n#text-2515829461 {\n  font-size: 2rem;\n}\n<\/style>\n\t<\/div>\n\t\n\t\t<\/div>\n\t\t\t\t\n<style>\n#col-1789963562 > .col-inner {\n  margin: 50px 0px 0px 0px;\n}\n<\/style>\n\t<\/div>\n\n\t\n\n\t<div id=\"col-957261339\" class=\"col medium-2 small-12 large-2\"  >\n\t\t\t\t<div class=\"col-inner text-left\"  >\n\t\t\t\n\t\t\t\n<a href=\"https:\/\/swiftlifts.com\/swift-lite\/\" class=\"button primary is-outline lowercase\" >\n\t\t<span>SWIFT Lite<\/span>\n\t<i class=\"icon-angle-right\" aria-hidden=\"true\"><\/i><\/a>\n\n\t\t<\/div>\n\t\t\t\t\t<\/div>\n\n\t\n<\/div>\n\t\t<\/div>\n\n\t\t\n<style>\n#section_798624368 {\n  padding-top: 30px;\n  padding-bottom: 30px;\n  min-height: 500px;\n  background-color: rgb(250, 245, 242);\n}\n<\/style>\n\t<\/section>\n\t\n\n\t<section class=\"section show-for-medium\" id=\"section_128380729\">\n\t\t<div class=\"section-bg fill\" >\n\t\t\t<img loading=\"lazy\" decoding=\"async\" width=\"960\" height=\"1080\" src=\"https:\/\/swiftlifts.com\/wp-content\/uploads\/2022\/06\/lite.jpg\" class=\"bg attachment- size-\" alt=\"SWIFT Lite\" \/>\t\t\t\t\t\t\n\t\t\t\n\n\t\t<\/div>\n\n\t\t\n\n\t\t<div class=\"section-content relative\">\n\t\t\t\n\t\t<\/div>\n\n\t\t\n<style>\n#section_128380729 {\n  padding-top: 200px;\n  padding-bottom: 200px;\n}\n@media (min-width:550px) {\n  #section_128380729 {\n    padding-top: 30px;\n    padding-bottom: 30px;\n  }\n}\n<\/style>\n\t<\/section>\n\t\n","protected":false},"excerpt":{"rendered":"","protected":false},"author":6,"featured_media":34675,"parent":0,"menu_order":0,"comment_status":"closed","ping_status":"closed","template":"page-transparent-header.php","meta":{"_acf_changed":false,"content-type":"","footnotes":""},"class_list":["post-34674","page","type-page","status-publish","has-post-thumbnail","hentry"],"acf":[],"yoast_head":"<!-- This site is optimized with the Yoast SEO Premium plugin v27.3 (Yoast SEO v27.4) - https:\/\/yoast.com\/product\/yoast-seo-premium-wordpress\/ -->\n<title>Thang m\u00e1y c\u00e1 nh\u00e2n gia \u0111\u00ecnh SWIFT Pro &amp; Lite m\u1edbi nh\u1ea5t<\/title>\n<meta name=\"description\" content=\"Thang m\u00e1y c\u00e1 nh\u00e2n SWIFT \u2013 gi\u1ea3i ph\u00e1p s\u1ed1ng phong c\u00e1ch, tho\u1ea3i m\u00e1i. Kh\u00e1m ph\u00e1 c\u00e1c phi\u00ean b\u1ea3n Pro &amp; Lite v\u1edbi gi\u00e1 h\u1ee3p l\u00fd.\" \/>\n<meta name=\"robots\" content=\"index, follow, max-snippet:-1, max-image-preview:large, max-video-preview:-1\" \/>\n<link rel=\"canonical\" href=\"https:\/\/swiftlifts.com\/vn\/products\/\" \/>\n<meta property=\"og:locale\" content=\"en_US\" \/>\n<meta property=\"og:type\" content=\"article\" \/>\n<meta property=\"og:title\" content=\"Products\" \/>\n<meta property=\"og:description\" content=\"Thang m\u00e1y c\u00e1 nh\u00e2n SWIFT \u2013 gi\u1ea3i ph\u00e1p s\u1ed1ng phong c\u00e1ch, tho\u1ea3i m\u00e1i. Kh\u00e1m ph\u00e1 c\u00e1c phi\u00ean b\u1ea3n Pro &amp; Lite v\u1edbi gi\u00e1 h\u1ee3p l\u00fd.\" \/>\n<meta property=\"og:url\" content=\"https:\/\/swiftlifts.com\/vn\/products\/\" \/>\n<meta property=\"og:site_name\" content=\"SWIFT - 100% battery driven home lifts\" \/>\n<meta property=\"article:publisher\" content=\"https:\/\/www.facebook.com\/swifthomelifts\" \/>\n<meta property=\"article:modified_time\" content=\"2025-07-28T18:50:36+00:00\" \/>\n<meta property=\"og:image\" content=\"https:\/\/swiftlifts.com\/wp-content\/uploads\/2022\/06\/5-2.jpg\" \/>\n\t<meta property=\"og:image:width\" content=\"800\" \/>\n\t<meta property=\"og:image:height\" content=\"950\" \/>\n\t<meta property=\"og:image:type\" content=\"image\/jpeg\" \/>\n<meta name=\"twitter:card\" content=\"summary_large_image\" \/>\n<meta name=\"twitter:label1\" content=\"Est. reading time\" \/>\n\t<meta name=\"twitter:data1\" content=\"2 minutes\" \/>\n<script type=\"application\/ld+json\" class=\"yoast-schema-graph\">{\"@context\":\"https:\\\/\\\/schema.org\",\"@graph\":[{\"@type\":\"WebPage\",\"@id\":\"https:\\\/\\\/swiftlifts.com\\\/vn\\\/products\\\/\",\"url\":\"https:\\\/\\\/swiftlifts.com\\\/vn\\\/products\\\/\",\"name\":\"Thang m\u00e1y c\u00e1 nh\u00e2n gia \u0111\u00ecnh SWIFT Pro & Lite m\u1edbi nh\u1ea5t\",\"isPartOf\":{\"@id\":\"https:\\\/\\\/swiftlifts.com\\\/vn\\\/#website\"},\"primaryImageOfPage\":{\"@id\":\"https:\\\/\\\/swiftlifts.com\\\/vn\\\/products\\\/#primaryimage\"},\"image\":{\"@id\":\"https:\\\/\\\/swiftlifts.com\\\/vn\\\/products\\\/#primaryimage\"},\"thumbnailUrl\":\"https:\\\/\\\/swiftlifts.com\\\/wp-content\\\/uploads\\\/2022\\\/06\\\/5-2.jpg\",\"datePublished\":\"2024-10-28T14:02:39+00:00\",\"dateModified\":\"2025-07-28T18:50:36+00:00\",\"description\":\"Thang m\u00e1y c\u00e1 nh\u00e2n SWIFT \u2013 gi\u1ea3i ph\u00e1p s\u1ed1ng phong c\u00e1ch, tho\u1ea3i m\u00e1i. Kh\u00e1m ph\u00e1 c\u00e1c phi\u00ean b\u1ea3n Pro & Lite v\u1edbi gi\u00e1 h\u1ee3p l\u00fd.\",\"breadcrumb\":{\"@id\":\"https:\\\/\\\/swiftlifts.com\\\/vn\\\/products\\\/#breadcrumb\"},\"inLanguage\":\"vn-VN\",\"potentialAction\":[{\"@type\":\"ReadAction\",\"target\":[\"https:\\\/\\\/swiftlifts.com\\\/vn\\\/products\\\/\"]}]},{\"@type\":\"ImageObject\",\"inLanguage\":\"vn-VN\",\"@id\":\"https:\\\/\\\/swiftlifts.com\\\/vn\\\/products\\\/#primaryimage\",\"url\":\"https:\\\/\\\/swiftlifts.com\\\/wp-content\\\/uploads\\\/2022\\\/06\\\/5-2.jpg\",\"contentUrl\":\"https:\\\/\\\/swiftlifts.com\\\/wp-content\\\/uploads\\\/2022\\\/06\\\/5-2.jpg\",\"width\":800,\"height\":950},{\"@type\":\"BreadcrumbList\",\"@id\":\"https:\\\/\\\/swiftlifts.com\\\/vn\\\/products\\\/#breadcrumb\",\"itemListElement\":[{\"@type\":\"ListItem\",\"position\":1,\"name\":\"Home\",\"item\":\"https:\\\/\\\/swiftlifts.com\\\/vn\\\/\"},{\"@type\":\"ListItem\",\"position\":2,\"name\":\"Products\"}]},{\"@type\":\"WebSite\",\"@id\":\"https:\\\/\\\/swiftlifts.com\\\/vn\\\/#website\",\"url\":\"https:\\\/\\\/swiftlifts.com\\\/vn\\\/\",\"name\":\"SWIFT - 100% battery driven home lifts\",\"description\":\"NEW WAYS TO MOVE\",\"publisher\":{\"@id\":\"https:\\\/\\\/swiftlifts.com\\\/vn\\\/#organization\"},\"potentialAction\":[{\"@type\":\"SearchAction\",\"target\":{\"@type\":\"EntryPoint\",\"urlTemplate\":\"https:\\\/\\\/swiftlifts.com\\\/vn\\\/?s={search_term_string}\"},\"query-input\":{\"@type\":\"PropertyValueSpecification\",\"valueRequired\":true,\"valueName\":\"search_term_string\"}}],\"inLanguage\":\"vn-VN\"},{\"@type\":\"Organization\",\"@id\":\"https:\\\/\\\/swiftlifts.com\\\/vn\\\/#organization\",\"name\":\"SWIFT Home Lifts\",\"url\":\"https:\\\/\\\/swiftlifts.com\\\/vn\\\/\",\"logo\":{\"@type\":\"ImageObject\",\"inLanguage\":\"vn-VN\",\"@id\":\"https:\\\/\\\/swiftlifts.com\\\/vn\\\/#\\\/schema\\\/logo\\\/image\\\/\",\"url\":\"https:\\\/\\\/swiftlifts.com\\\/wp-content\\\/uploads\\\/2025\\\/03\\\/cropped-SWIFT-Logo-Google.jpg\",\"contentUrl\":\"https:\\\/\\\/swiftlifts.com\\\/wp-content\\\/uploads\\\/2025\\\/03\\\/cropped-SWIFT-Logo-Google.jpg\",\"width\":512,\"height\":512,\"caption\":\"SWIFT Home Lifts\"},\"image\":{\"@id\":\"https:\\\/\\\/swiftlifts.com\\\/vn\\\/#\\\/schema\\\/logo\\\/image\\\/\"},\"sameAs\":[\"https:\\\/\\\/www.facebook.com\\\/swifthomelifts\",\"https:\\\/\\\/www.instagram.com\\\/swifthomelifts\\\/\",\"https:\\\/\\\/www.linkedin.com\\\/company\\\/swifthomelifts\\\/\",\"https:\\\/\\\/www.pinterest.se\\\/swifthomelifts\\\/\",\"https:\\\/\\\/www.youtube.com\\\/@swift5669\"]}]}<\/script>\n<!-- \/ Yoast SEO Premium plugin. -->","yoast_head_json":{"title":"Thang m\u00e1y c\u00e1 nh\u00e2n gia \u0111\u00ecnh SWIFT Pro & Lite m\u1edbi nh\u1ea5t","description":"Thang m\u00e1y c\u00e1 nh\u00e2n SWIFT \u2013 gi\u1ea3i ph\u00e1p s\u1ed1ng phong c\u00e1ch, tho\u1ea3i m\u00e1i. Kh\u00e1m ph\u00e1 c\u00e1c phi\u00ean b\u1ea3n Pro & Lite v\u1edbi gi\u00e1 h\u1ee3p l\u00fd.","robots":{"index":"index","follow":"follow","max-snippet":"max-snippet:-1","max-image-preview":"max-image-preview:large","max-video-preview":"max-video-preview:-1"},"canonical":"https:\/\/swiftlifts.com\/vn\/products\/","og_locale":"en_US","og_type":"article","og_title":"Products","og_description":"Thang m\u00e1y c\u00e1 nh\u00e2n SWIFT \u2013 gi\u1ea3i ph\u00e1p s\u1ed1ng phong c\u00e1ch, tho\u1ea3i m\u00e1i. Kh\u00e1m ph\u00e1 c\u00e1c phi\u00ean b\u1ea3n Pro & Lite v\u1edbi gi\u00e1 h\u1ee3p l\u00fd.","og_url":"https:\/\/swiftlifts.com\/vn\/products\/","og_site_name":"SWIFT - 100% battery driven home lifts","article_publisher":"https:\/\/www.facebook.com\/swifthomelifts","article_modified_time":"2025-07-28T18:50:36+00:00","og_image":[{"width":800,"height":950,"url":"https:\/\/swiftlifts.com\/wp-content\/uploads\/2022\/06\/5-2.jpg","type":"image\/jpeg"}],"twitter_card":"summary_large_image","twitter_misc":{"Est. reading time":"2 minutes"},"schema":{"@context":"https:\/\/schema.org","@graph":[{"@type":"WebPage","@id":"https:\/\/swiftlifts.com\/vn\/products\/","url":"https:\/\/swiftlifts.com\/vn\/products\/","name":"Thang m\u00e1y c\u00e1 nh\u00e2n gia \u0111\u00ecnh SWIFT Pro & Lite m\u1edbi nh\u1ea5t","isPartOf":{"@id":"https:\/\/swiftlifts.com\/vn\/#website"},"primaryImageOfPage":{"@id":"https:\/\/swiftlifts.com\/vn\/products\/#primaryimage"},"image":{"@id":"https:\/\/swiftlifts.com\/vn\/products\/#primaryimage"},"thumbnailUrl":"https:\/\/swiftlifts.com\/wp-content\/uploads\/2022\/06\/5-2.jpg","datePublished":"2024-10-28T14:02:39+00:00","dateModified":"2025-07-28T18:50:36+00:00","description":"Thang m\u00e1y c\u00e1 nh\u00e2n SWIFT \u2013 gi\u1ea3i ph\u00e1p s\u1ed1ng phong c\u00e1ch, tho\u1ea3i m\u00e1i. Kh\u00e1m ph\u00e1 c\u00e1c phi\u00ean b\u1ea3n Pro & Lite v\u1edbi gi\u00e1 h\u1ee3p l\u00fd.","breadcrumb":{"@id":"https:\/\/swiftlifts.com\/vn\/products\/#breadcrumb"},"inLanguage":"vn-VN","potentialAction":[{"@type":"ReadAction","target":["https:\/\/swiftlifts.com\/vn\/products\/"]}]},{"@type":"ImageObject","inLanguage":"vn-VN","@id":"https:\/\/swiftlifts.com\/vn\/products\/#primaryimage","url":"https:\/\/swiftlifts.com\/wp-content\/uploads\/2022\/06\/5-2.jpg","contentUrl":"https:\/\/swiftlifts.com\/wp-content\/uploads\/2022\/06\/5-2.jpg","width":800,"height":950},{"@type":"BreadcrumbList","@id":"https:\/\/swiftlifts.com\/vn\/products\/#breadcrumb","itemListElement":[{"@type":"ListItem","position":1,"name":"Home","item":"https:\/\/swiftlifts.com\/vn\/"},{"@type":"ListItem","position":2,"name":"Products"}]},{"@type":"WebSite","@id":"https:\/\/swiftlifts.com\/vn\/#website","url":"https:\/\/swiftlifts.com\/vn\/","name":"SWIFT - 100% battery driven home lifts","description":"NEW WAYS TO MOVE","publisher":{"@id":"https:\/\/swiftlifts.com\/vn\/#organization"},"potentialAction":[{"@type":"SearchAction","target":{"@type":"EntryPoint","urlTemplate":"https:\/\/swiftlifts.com\/vn\/?s={search_term_string}"},"query-input":{"@type":"PropertyValueSpecification","valueRequired":true,"valueName":"search_term_string"}}],"inLanguage":"vn-VN"},{"@type":"Organization","@id":"https:\/\/swiftlifts.com\/vn\/#organization","name":"SWIFT Home Lifts","url":"https:\/\/swiftlifts.com\/vn\/","logo":{"@type":"ImageObject","inLanguage":"vn-VN","@id":"https:\/\/swiftlifts.com\/vn\/#\/schema\/logo\/image\/","url":"https:\/\/swiftlifts.com\/wp-content\/uploads\/2025\/03\/cropped-SWIFT-Logo-Google.jpg","contentUrl":"https:\/\/swiftlifts.com\/wp-content\/uploads\/2025\/03\/cropped-SWIFT-Logo-Google.jpg","width":512,"height":512,"caption":"SWIFT Home Lifts"},"image":{"@id":"https:\/\/swiftlifts.com\/vn\/#\/schema\/logo\/image\/"},"sameAs":["https:\/\/www.facebook.com\/swifthomelifts","https:\/\/www.instagram.com\/swifthomelifts\/","https:\/\/www.linkedin.com\/company\/swifthomelifts\/","https:\/\/www.pinterest.se\/swifthomelifts\/","https:\/\/www.youtube.com\/@swift5669"]}]}},"_links":{"self":[{"href":"https:\/\/swiftlifts.com\/vn\/wp-json\/wp\/v2\/pages\/34674","targetHints":{"allow":["GET"]}}],"collection":[{"href":"https:\/\/swiftlifts.com\/vn\/wp-json\/wp\/v2\/pages"}],"about":[{"href":"https:\/\/swiftlifts.com\/vn\/wp-json\/wp\/v2\/types\/page"}],"author":[{"embeddable":true,"href":"https:\/\/swiftlifts.com\/vn\/wp-json\/wp\/v2\/users\/6"}],"replies":[{"embeddable":true,"href":"https:\/\/swiftlifts.com\/vn\/wp-json\/wp\/v2\/comments?post=34674"}],"version-history":[{"count":5,"href":"https:\/\/swiftlifts.com\/vn\/wp-json\/wp\/v2\/pages\/34674\/revisions"}],"predecessor-version":[{"id":42021,"href":"https:\/\/swiftlifts.com\/vn\/wp-json\/wp\/v2\/pages\/34674\/revisions\/42021"}],"wp:featuredmedia":[{"embeddable":true,"href":"https:\/\/swiftlifts.com\/vn\/wp-json\/wp\/v2\/media\/34675"}],"wp:attachment":[{"href":"https:\/\/swiftlifts.com\/vn\/wp-json\/wp\/v2\/media?parent=34674"}],"curies":[{"name":"wp","href":"https:\/\/api.w.org\/{rel}","templated":true}]}}