{"id":9737,"date":"2023-01-11T05:27:46","date_gmt":"2023-01-11T05:27:46","guid":{"rendered":"https:\/\/swiftlifts.com\/?page_id=9737"},"modified":"2026-02-20T11:53:06","modified_gmt":"2026-02-20T11:53:06","slug":"integritetspolicy","status":"publish","type":"page","link":"https:\/\/swiftlifts.com\/sv\/integritetspolicy\/","title":{"rendered":"SWIFT Integritetspolicy"},"content":{"rendered":"\n\t<section class=\"section pricing_sec\" id=\"section_595299500\">\n\t\t<div class=\"section-bg fill\" >\n\t\t\t\t\t\t\t\t\t\n\t\t\t\n\n\t\t<\/div>\n\n\t\t\n\n\t\t<div class=\"section-content relative\">\n\t\t\t\n<div class=\"row\"  id=\"row-90745558\">\n\n\t<div id=\"col-250245947\" class=\"col medium-9 small-12 large-9\"  >\n\t\t\t\t<div class=\"col-inner\"  >\n\t\t\t\n\t\t\t\n<h1>SWIFT INTEGRITETSPOLICY<\/h1>\n<h2>1. INLEDNING<\/h2>\n<p>SWIFT Home Lifts Sweden AB (\u201d<strong>SWIFT<\/strong>\u201d) v\u00e4rnar om din personliga integritet och str\u00e4var efter att skydda dina personuppgifter p\u00e5 b\u00e4sta s\u00e4tt. Det \u00e4r d\u00e4rf\u00f6r viktigt f\u00f6r oss att du f\u00f6rst\u00e5r hur vi behandlar dina personuppgifter.<\/p>\n<p>Denna integritetspolicy syftar till att du ska f\u00e5 information om hur SWIFT hanterar personuppgifter och f\u00f6r att du ska k\u00e4nna dig trygg med att behandling av dina personuppgifter sker i enlighet med Dataskyddsf\u00f6rordningen och \u00f6vrig till\u00e4mplig personuppgiftslagstiftning. Integritetspolicyn beskriver ocks\u00e5 dina r\u00e4ttigheter gentemot oss och hur du kan g\u00f6ra dina r\u00e4ttigheter g\u00e4llande.<\/p>\n<p>SWIFT anv\u00e4nder sig \u00e4ven av cookies p\u00e5 v\u00e5r hemsida. F\u00f6r mer information om v\u00e5r anv\u00e4ndning av cookies, <a href=\"https:\/\/swiftlifts.com\/privacy-and-cookie-policy\/\">se h\u00e4r.<\/a><\/p>\n<h2><\/h2>\n<h2>2. VEM \u00c4R PERSONUPPGIFTSANSVARIG?<\/h2>\n<p>SWIFT \u00e4r personuppgiftsansvarig f\u00f6r behandlingen av de personuppgifter som omfattas av denna policy om inte annat anges.<\/p>\n<p>Nedan finner du SWIFTS kontaktuppgifter.<\/p>\n<p><strong>SWIFT Home Lifts Sweden AB<\/strong><\/p>\n<p>Organisations nummer: 559190-7737<\/p>\n<p>Styrmansgatan 14D<\/p>\n<p>114 54 Stockholm<\/p>\n<p>Vid fr\u00e5gor om SWIFTs behandling av dina personuppgifter, v\u00e4nligen kontakta oss p\u00e5 hello@swiftlifts.com.<\/p>\n<h2>3. PERSONUPPGIFTER, \u00c4NDAM\u00c5L, R\u00c4TTSLIG GRUND OCH LAGRINGSTID<\/h2>\n<h4>3.1 OM DU \u00c4R \u00c4GARE AV EN SWIFT<\/h4>\n<p>N\u00e4r du \u00e4r p\u00e5 v\u00e4g att bli kund till SWIFT s\u00e5 l\u00e4mnar du vissa uppgifter till oss. Ut\u00f6ver namn, adress, telefonnummer och mejladress behandlar vi uppgifter om dina val och preferenser n\u00e4r det kommer till design f\u00f6r att vi ska kunna ta planera och r\u00e4kna p\u00e5 arbetet, ta fram en offert och kunna kontakta dig. Uppgifterna behandlas f\u00f6r att vi ska kunna fullg\u00f6ra avtalet med dig eller p\u00e5 beg\u00e4ran av dig innan avtalet ing\u00e5s. Om det av n\u00e5gon anledning blir s\u00e5 att vi inte ing\u00e5r avtal kommer vi att radera dina uppgifter.<\/p>\n<p>N\u00e4r vi v\u00e4l kommit \u00f6verens och b\u00f6rjar inleda arbetet kommer vi, ut\u00f6ver uppgifterna som anges ovan, \u00e4ven att samla in och behandla ditt personnummer, uppgifter om kostnader och fakturering samt \u00f6vriga uppgifter (s\u00e5som material, val av beslag, etc.) h\u00e4nf\u00f6rliga till arbetet. F\u00f6r det fall att dessa uppgifter inte l\u00e4mnas, kan vi inte fullg\u00f6ra avtalet med dig. Uppgifterna behandlas f\u00f6r att vi ska kunna fullg\u00f6ra avtalet med dig samt f\u00f6r att vi har en r\u00e4ttslig skyldighet (av bl.a. bokf\u00f6ringssk\u00e4l) att spara dessa uppgifter. Uppgifterna sparas s\u00e5 l\u00e4nge som ditt k\u00f6p omfattas av garantin, vilket f\u00f6ljer av v\u00e5ra avtals\u00e5taganden, och s\u00e5 l\u00e4nge vi har en r\u00e4ttslig skyldighet att spara uppgifterna.<\/p>\n<p>Om v\u00e5r kund \u00e4r en n\u00e4ringsidkare och du f\u00f6retr\u00e4der kunden behandlas ditt namn och dina kontaktuppgifter f\u00f6r \u00e4ndam\u00e5let att SWIFT ska kunna administrera sina avtals\u00e5taganden och i \u00f6vrigt kunna ut\u00f6va sina r\u00e4ttigheter och skyldigheter under avtalet. Behandlingen utf\u00f6rs med en intresseavv\u00e4gning som laglig grund, d\u00e4r SWIFTs ber\u00e4ttigade intresse \u00e4r att kunna ut\u00f6va sina r\u00e4ttigheter och skyldigheter under avtalet och i \u00f6vrigt administrera f\u00f6rh\u00e5llandet med det bolag du f\u00f6retr\u00e4der.<\/p>\n<p>SWIFT kan ocks\u00e5 komma att spara dina personuppgifter under l\u00e4ngre tid om det \u00e4r n\u00f6dv\u00e4ndigt f\u00f6r uppfylla en r\u00e4ttslig f\u00f6rpliktelse som kr\u00e4ver behandling enligt till\u00e4mplig lag, eller f\u00f6r att SWIFT ska kunna fastst\u00e4lla, g\u00f6ra g\u00e4llande eller f\u00f6rsvara r\u00e4ttsliga anspr\u00e5k.<\/p>\n<h4>3.2 OM DU \u00c4R KONTAKTPERSON HOS EN LEVERANT\u00d6R ELLER SAMARBETSPARTNER TILL SWIFT<\/h4>\n<p>SWIFT behandlar ditt namn, titel och kontaktuppgifter (e-postadress och telefonnummer) f\u00f6r \u00e4ndam\u00e5let att SWIFT ska kunna administrera sina avtals\u00e5taganden och i \u00f6vrigt f\u00f6r att kunna ut\u00f6va sina r\u00e4ttigheter och skyldigheter under avtalen eller i relationen med det bolag du f\u00f6retr\u00e4der. F\u00f6r det fall att dessa uppgifter inte l\u00e4mnas, kan avtalet inte fullg\u00f6ras eller relationen inte bibeh\u00e5llas p\u00e5 ett effektivt s\u00e4tt. Behandlingen utf\u00f6rs med en intresseavv\u00e4gning som laglig grund, d\u00e4r SWIFTs ber\u00e4ttigade intresse \u00e4r att kunna ut\u00f6va sina r\u00e4ttigheter och skyldigheter under avtalet och i \u00f6vrigt administrera f\u00f6rh\u00e5llandet med det bolag du f\u00f6retr\u00e4der.<\/p>\n<p>Ditt namn och kontaktuppgifter sparas under den tid som v\u00e5rt avtalsf\u00f6rh\u00e5llande fortg\u00e5r eller vi i \u00f6vrigt har behov av uppgiften f\u00f6r n\u00e5got f\u00f6rh\u00e5llande som h\u00e4nger samman med v\u00e5rt avtalsf\u00f6rh\u00e5llande eller relation med det bolag du f\u00f6retr\u00e4der. D\u00e4refter kommer uppgifterna gallras inom ca en m\u00e5nad. F\u00f6r det fall att din anst\u00e4llning hos det bolag du f\u00f6retr\u00e4der upph\u00f6r eller du i \u00f6vrigt upph\u00f6r att vara kontaktperson kommer vi att ta bort dina uppgifter efter att vi har blivit meddelade om detta.<\/p>\n<p>Dina uppgifter (t.ex. ditt namn) kan f\u00f6rekomma i avtal, korrespondens eller annan dokumentation avseende SWIFTs f\u00f6rh\u00e5llande till det bolag du f\u00f6retr\u00e4der och som SWIFT beh\u00f6ver spara av kommersiella, aff\u00e4rsm\u00e4ssiga eller juridiska sk\u00e4l. Uppgifterna sparas med st\u00f6d av en intresseavv\u00e4gning, d\u00e4r SWIFTs ber\u00e4ttigade intresse \u00e4r att spara information och dokumentation som \u00e4r av kommersiell, aff\u00e4rsm\u00e4ssig eller juridisk betydelse f\u00f6r SWIFTs verksamhet. I den m\u00e5n SWIFT beh\u00f6ver spara denna dokumentation f\u00f6r ovan angivna \u00e4ndam\u00e5l kommer inte personuppgifterna att raderas under denna tid.<\/p>\n<p>SWIFT kan ocks\u00e5 komma att spara dina personuppgifter under l\u00e4ngre tid om det \u00e4r n\u00f6dv\u00e4ndigt f\u00f6r uppfylla en r\u00e4ttslig f\u00f6rpliktelse som kr\u00e4ver behandling enligt till\u00e4mplig lag, eller f\u00f6r att SWIFT ska kunna fastst\u00e4lla, g\u00f6ra g\u00e4llande eller f\u00f6rsvara r\u00e4ttsliga anspr\u00e5k.<\/p>\n<h4>3.3. OM SWIFTS ANV\u00c4NDNING AV SOCIALA MEDIER<\/h4>\n<p><strong>Om du figurerar i SWIFTs sociala medier:<\/strong><\/p>\n<p>SWIFT anv\u00e4nder sociala medier, s\u00e5som Instagram, Linkedin, Facebook och Pinterest, som en marknadsf\u00f6ringskanal. SWIFTs egna publiceringar inneh\u00e5ller som huvudregel inte n\u00e5gra personuppgifter, men om s\u00e5 sker har vi inh\u00e4mtat ber\u00f6rd persons samtycke.<\/p>\n<p>Om ditt namn eller ett foto f\u00f6rest\u00e4llande dig har publicerats i v\u00e5ra sociala medier har du alltid r\u00e4tt att beg\u00e4ra att du ska bli borttagen genom att kontakta SWIFT.<\/p>\n<p><strong>Om du f\u00f6ljer, kommenterar, \u201dgillar\u201d och i \u00f6vrigt interagerar med SWIFT p\u00e5 sociala medier:<\/strong><\/p>\n<p>Om du f\u00f6ljer, \u201dgillar\u201d, skriver en kommentar, \u201dpinnar\u201d eller annars kommunicerar p\u00e5 SWIFTs sidor i sociala medier s\u00e5 kan ditt namn, eventuell profilbild och din eventuella kommentar visas p\u00e5 SWIFTs sociala medier-konto. Detta medf\u00f6r att vi, SWIFT, behandlar de personuppgifter du delar med oss. SWIFT l\u00e5ter dessa uppgifter publiceras p\u00e5 SWIFTs konton, och behandlar dessa personuppgifter i \u00f6vrigt, med st\u00f6d av en intresseavv\u00e4gning, d\u00e4r SWIFTs intresse \u00e4r att kunna interagera med de som \u00e4r intresserade av v\u00e5ra produkter och tj\u00e4nster, har \u00e5sikter om SWIFT eller som vill kontakta SWIFT genom sociala medier.<\/p>\n<p>V\u00e4nligen notera att n\u00e4r du interagerar med oss i sociala medier behandlas \u00e4ven dina uppgifter av det f\u00f6retag som st\u00e5r bakom plattformen.<\/p>\n<h2>4. VILKA KAN VI KOMMA ATT DELA DINA UPPGIFTER MED?<\/h2>\n<p>SWIFT kan komma att \u00f6verf\u00f6ra dina personuppgifter till leverant\u00f6rer som tillhandah\u00e5ller tj\u00e4nster f\u00f6r SWIFT, s\u00e5som fakturering, mont\u00f6rer eller transportf\u00f6retag. Dessa mottagare har endast r\u00e4tt att behandla dina personuppgifter i samband med att de utf\u00f6r en tj\u00e4nst f\u00f6r SWIFT. SWIFT vidtar alla rimliga legala, tekniska och organisatoriska \u00e5tg\u00e4rder f\u00f6r att s\u00e4kerst\u00e4lla att din data hanteras s\u00e4kert och med en adekvat skyddsniv\u00e5 vid \u00f6verf\u00f6ring till eller delning med s\u00e5dana utvalda tredje parter.<\/p>\n<p>SWIFT kan ocks\u00e5 komma att l\u00e4mna ut dina personuppgifter till myndigheter om vi \u00e4r skyldiga att g\u00f6ra det enligt lag. F\u00f6r det fall att hela eller delar av SWIFTs verksamhet avyttras kan SWIFT komma att \u00f6verf\u00f6ra dina personuppgifter till en potentiell k\u00f6pare av verksamheten.<\/p>\n<h2>5. VAR BEHANDLAR VI DINA UPPGIFTER?<\/h2>\n<p>Dina personuppgifter kommer huvudsakligen att behandlas inom EU\/EES, men kan \u00e4ven komma att \u00f6verf\u00f6ras till l\u00e4nder utanf\u00f6r EU\/EES till leverant\u00f6rer som f\u00f6r SWIFTs r\u00e4kning utf\u00f6r tj\u00e4nster enligt punkt 4 ovan. Om SWIFT beslutar att anv\u00e4nda sig av leverant\u00f6rer som behandlar uppgifter utanf\u00f6r EU\/EES s\u00e5 har SWIFT vidtagit l\u00e4mpliga skydds\u00e5tg\u00e4rder f\u00f6r att skydda dina personuppgifter genom att s\u00e4kerst\u00e4lla att mottagaren av personuppgifterna har undertecknat adekvata standardavtalsklausuler som s\u00e4kerst\u00e4ller att dina uppgifter behandlas i enlighet med Dataskyddsf\u00f6rordningen.<\/p>\n<h2>6. DINA R\u00c4TTIGHETER<\/h2>\n<p>Du har vissa lagstadgade r\u00e4ttigheter som du kan g\u00f6ra g\u00e4llande mot SWIFT. Nedan f\u00f6ljer en sammanfattning av dessa r\u00e4ttigheter. F\u00f6r fullst\u00e4ndig information om dina r\u00e4ttigheter, v\u00e4nligen se <a href=\"http:\/\/www.datainspektionen.se\/\">www.datainspektionen.se<\/a>eller Dataskyddsf\u00f6rordningen, Avsnitt 3\u20135.<\/p>\n<ul>\n<li><strong>R\u00e4tt till tillg\u00e5ng\/registerutdrag<\/strong>. Du har r\u00e4tt att f\u00e5 svar p\u00e5 huruvida SWIFT behandlar personuppgifter om dig. Om s\u00e5 \u00e4r fallet har du r\u00e4tt till information om bl.a. vilka personuppgifter som behandlas, \u00e4ndam\u00e5len med behandlingen, vilka externa mottagare som tar del av dina personuppgifter och hur l\u00e4nge vi sparar dina personuppgifter.<\/li>\n<li><strong>R\u00e4tt till dataportabilitet<\/strong>. Du har r\u00e4tt att beg\u00e4ra en kopia av de personuppgifter som du har tillhandah\u00e5llit SWIFT, i ett strukturerat, allm\u00e4nt anv\u00e4nt och maskinl\u00e4sbart format. Du har \u00e4ven r\u00e4tt att beg\u00e4ra att SWIFT \u00f6verf\u00f6r dessa personuppgifter till en annan personuppgiftsansvarig. R\u00e4tten till dataportabilitet g\u00e4ller f\u00f6r personuppgifter som behandlas p\u00e5 automatiserad v\u00e4g, och som grundas p\u00e5 ditt samtycke eller p\u00e5 ett avtal d\u00e4r du \u00e4r part.<\/li>\n<li><strong>R\u00e4ttelse av felaktiga uppgifter<\/strong>. Du har r\u00e4tt att beg\u00e4ra att SWIFT korrigerar felaktig eller icke komplett information om dig sj\u00e4lv.<\/li>\n<li><strong>Radering av vissa uppgifter<\/strong>. Du har r\u00e4tt att beg\u00e4ra att SWIFT raderar dina personuppgifter under vissa f\u00f6ruts\u00e4ttningar, t.ex. om personuppgifterna inte l\u00e4ngre \u00e4r n\u00f6dv\u00e4ndiga f\u00f6r det \u00e4ndam\u00e5l som vi samlade in personuppgifterna f\u00f6r.<\/li>\n<li><strong>R\u00e4tt att g\u00f6ra inv\u00e4ndningar mot SWIFTs behandling av personuppgifter. <\/strong>Du har r\u00e4tt att under vissa f\u00f6ruts\u00e4ttningar inv\u00e4nda mot SWIFTs behandling av dina personuppgifter.<\/li>\n<li><strong>R\u00e4tt till begr\u00e4nsning av behandling dina personuppgifter<\/strong>. Du har r\u00e4tt att beg\u00e4ra en begr\u00e4nsning av SWIFTs behandling av dina personuppgifter i vissa fall. Om du exempelvis har bestridit att dina personuppgifter \u00e4r korrekta, kan du beg\u00e4ra begr\u00e4nsning av behandlingen under en tid som ger SWIFT m\u00f6jlighet att kontrollera om personuppgifterna \u00e4r korrekta.<\/li>\n<li><strong>Klagom\u00e5l<\/strong>. Om du har klagom\u00e5l avseende SWIFT behandling av dina personuppgifter, har du r\u00e4tt att inge s\u00e5dant klagom\u00e5l till Datainspektionen.<\/li>\n<\/ul>\n<p>Om du vill framst\u00e4lla beg\u00e4ran om registerutdrag, r\u00e4ttelse, radering, inv\u00e4ndning eller begr\u00e4nsning eller om du i \u00f6vrigt har fr\u00e5gor om dina r\u00e4ttigheter vad g\u00e4ller SWIFT behandling av dina personuppgifter, v\u00e4nligen kontakta SWIFT p\u00e5 hello@swiftlifts.com.<\/p>\n<h2><\/h2>\n<h2>7. \u00c4NDRINGAR I INTEGRITETSPOLICYN<\/h2>\n<p>SWIFT f\u00f6rbeh\u00e5ller sig r\u00e4tten att g\u00f6ra \u00e4ndringar i denna Integritetspolicy. Om s\u00e5dana \u00e4ndringar sker kommer detta att aviseras p\u00e5 hemsidan eller p\u00e5 annat s\u00e4tt som SWIFT finner l\u00e4mpligt.<\/p>\n\t\t<\/div>\n\t\t\t\t\t<\/div>\n\n\t\n\n<style>\n#row-90745558 > .col > .col-inner {\n  padding: 100px 0px 0px 0px;\n}\n<\/style>\n<\/div>\n\t\t<\/div>\n\n\t\t\n<style>\n#section_595299500 {\n  padding-top: 30px;\n  padding-bottom: 30px;\n  background-color: rgb(250, 245, 242);\n}\n<\/style>\n\t<\/section>\n\t\n","protected":false},"excerpt":{"rendered":"","protected":false},"author":1,"featured_media":0,"parent":0,"menu_order":0,"comment_status":"closed","ping_status":"closed","template":"page-transparent-header.php","meta":{"_acf_changed":false,"content-type":"","footnotes":""},"class_list":["post-9737","page","type-page","status-publish","hentry"],"acf":[],"yoast_head":"<!-- This site is optimized with the Yoast SEO Premium plugin v27.3 (Yoast SEO v27.5) - https:\/\/yoast.com\/product\/yoast-seo-premium-wordpress\/ -->\n<title>Villahiss Integritetspolicy \u2013 Dataskydd &amp; Info<\/title>\n<meta name=\"description\" content=\"L\u00e4s hur Swift hanterar personuppgifter och cookies. Denna integritetspolicy f\u00f6rklarar hur din data skyddas n\u00e4r du bes\u00f6ker v\u00e5r webbplats om villahiss.\" \/>\n<meta name=\"robots\" content=\"index, follow, max-snippet:-1, max-image-preview:large, max-video-preview:-1\" \/>\n<link rel=\"canonical\" href=\"https:\/\/swiftlifts.com\/sv\/integritetspolicy\/\" \/>\n<meta property=\"og:locale\" content=\"sv_SE\" \/>\n<meta property=\"og:type\" content=\"article\" \/>\n<meta property=\"og:title\" content=\"SWIFT Integritetspolicy\" \/>\n<meta property=\"og:description\" content=\"L\u00e4s hur Swift hanterar personuppgifter och cookies. Denna integritetspolicy f\u00f6rklarar hur din data skyddas n\u00e4r du bes\u00f6ker v\u00e5r webbplats om villahiss.\" \/>\n<meta property=\"og:url\" content=\"https:\/\/swiftlifts.com\/sv\/integritetspolicy\/\" \/>\n<meta property=\"og:site_name\" content=\"SWIFT - 100% battery driven home lifts\" \/>\n<meta property=\"article:publisher\" content=\"https:\/\/www.facebook.com\/swifthomelifts\" \/>\n<meta property=\"article:modified_time\" content=\"2026-02-20T11:53:06+00:00\" \/>\n<meta name=\"twitter:card\" content=\"summary_large_image\" \/>\n<meta name=\"twitter:label1\" content=\"Ber\u00e4knad l\u00e4stid\" \/>\n\t<meta name=\"twitter:data1\" content=\"9 minuter\" \/>\n<script type=\"application\/ld+json\" class=\"yoast-schema-graph\">{\"@context\":\"https:\\\/\\\/schema.org\",\"@graph\":[{\"@type\":\"WebPage\",\"@id\":\"https:\\\/\\\/swiftlifts.com\\\/sv\\\/integritetspolicy\\\/\",\"url\":\"https:\\\/\\\/swiftlifts.com\\\/sv\\\/integritetspolicy\\\/\",\"name\":\"Villahiss Integritetspolicy \u2013 Dataskydd & Info\",\"isPartOf\":{\"@id\":\"https:\\\/\\\/swiftlifts.com\\\/sv\\\/#website\"},\"datePublished\":\"2023-01-11T05:27:46+00:00\",\"dateModified\":\"2026-02-20T11:53:06+00:00\",\"description\":\"L\u00e4s hur Swift hanterar personuppgifter och cookies. Denna integritetspolicy f\u00f6rklarar hur din data skyddas n\u00e4r du bes\u00f6ker v\u00e5r webbplats om villahiss.\",\"breadcrumb\":{\"@id\":\"https:\\\/\\\/swiftlifts.com\\\/sv\\\/integritetspolicy\\\/#breadcrumb\"},\"inLanguage\":\"sv-SE\",\"potentialAction\":[{\"@type\":\"ReadAction\",\"target\":[\"https:\\\/\\\/swiftlifts.com\\\/sv\\\/integritetspolicy\\\/\"]}]},{\"@type\":\"BreadcrumbList\",\"@id\":\"https:\\\/\\\/swiftlifts.com\\\/sv\\\/integritetspolicy\\\/#breadcrumb\",\"itemListElement\":[{\"@type\":\"ListItem\",\"position\":1,\"name\":\"Home\",\"item\":\"https:\\\/\\\/swiftlifts.com\\\/sv\\\/\"},{\"@type\":\"ListItem\",\"position\":2,\"name\":\"SWIFT Integritetspolicy\"}]},{\"@type\":\"WebSite\",\"@id\":\"https:\\\/\\\/swiftlifts.com\\\/sv\\\/#website\",\"url\":\"https:\\\/\\\/swiftlifts.com\\\/sv\\\/\",\"name\":\"SWIFT - 100% battery driven home lifts\",\"description\":\"NEW WAYS TO MOVE\",\"publisher\":{\"@id\":\"https:\\\/\\\/swiftlifts.com\\\/sv\\\/#organization\"},\"potentialAction\":[{\"@type\":\"SearchAction\",\"target\":{\"@type\":\"EntryPoint\",\"urlTemplate\":\"https:\\\/\\\/swiftlifts.com\\\/sv\\\/?s={search_term_string}\"},\"query-input\":{\"@type\":\"PropertyValueSpecification\",\"valueRequired\":true,\"valueName\":\"search_term_string\"}}],\"inLanguage\":\"sv-SE\"},{\"@type\":\"Organization\",\"@id\":\"https:\\\/\\\/swiftlifts.com\\\/sv\\\/#organization\",\"name\":\"SWIFT Home Lifts\",\"url\":\"https:\\\/\\\/swiftlifts.com\\\/sv\\\/\",\"logo\":{\"@type\":\"ImageObject\",\"inLanguage\":\"sv-SE\",\"@id\":\"https:\\\/\\\/swiftlifts.com\\\/sv\\\/#\\\/schema\\\/logo\\\/image\\\/\",\"url\":\"https:\\\/\\\/swiftlifts.com\\\/wp-content\\\/uploads\\\/2025\\\/03\\\/cropped-SWIFT-Logo-Google.jpg\",\"contentUrl\":\"https:\\\/\\\/swiftlifts.com\\\/wp-content\\\/uploads\\\/2025\\\/03\\\/cropped-SWIFT-Logo-Google.jpg\",\"width\":512,\"height\":512,\"caption\":\"SWIFT Home Lifts\"},\"image\":{\"@id\":\"https:\\\/\\\/swiftlifts.com\\\/sv\\\/#\\\/schema\\\/logo\\\/image\\\/\"},\"sameAs\":[\"https:\\\/\\\/www.facebook.com\\\/swifthomelifts\",\"https:\\\/\\\/www.instagram.com\\\/swifthomelifts\\\/\",\"https:\\\/\\\/www.linkedin.com\\\/company\\\/swifthomelifts\\\/\",\"https:\\\/\\\/www.pinterest.se\\\/swifthomelifts\\\/\",\"https:\\\/\\\/www.youtube.com\\\/@swift5669\"]}]}<\/script>\n<!-- \/ Yoast SEO Premium plugin. -->","yoast_head_json":{"title":"Villahiss Integritetspolicy \u2013 Dataskydd & Info","description":"L\u00e4s hur Swift hanterar personuppgifter och cookies. Denna integritetspolicy f\u00f6rklarar hur din data skyddas n\u00e4r du bes\u00f6ker v\u00e5r webbplats om villahiss.","robots":{"index":"index","follow":"follow","max-snippet":"max-snippet:-1","max-image-preview":"max-image-preview:large","max-video-preview":"max-video-preview:-1"},"canonical":"https:\/\/swiftlifts.com\/sv\/integritetspolicy\/","og_locale":"sv_SE","og_type":"article","og_title":"SWIFT Integritetspolicy","og_description":"L\u00e4s hur Swift hanterar personuppgifter och cookies. Denna integritetspolicy f\u00f6rklarar hur din data skyddas n\u00e4r du bes\u00f6ker v\u00e5r webbplats om villahiss.","og_url":"https:\/\/swiftlifts.com\/sv\/integritetspolicy\/","og_site_name":"SWIFT - 100% battery driven home lifts","article_publisher":"https:\/\/www.facebook.com\/swifthomelifts","article_modified_time":"2026-02-20T11:53:06+00:00","twitter_card":"summary_large_image","twitter_misc":{"Ber\u00e4knad l\u00e4stid":"9 minuter"},"schema":{"@context":"https:\/\/schema.org","@graph":[{"@type":"WebPage","@id":"https:\/\/swiftlifts.com\/sv\/integritetspolicy\/","url":"https:\/\/swiftlifts.com\/sv\/integritetspolicy\/","name":"Villahiss Integritetspolicy \u2013 Dataskydd & Info","isPartOf":{"@id":"https:\/\/swiftlifts.com\/sv\/#website"},"datePublished":"2023-01-11T05:27:46+00:00","dateModified":"2026-02-20T11:53:06+00:00","description":"L\u00e4s hur Swift hanterar personuppgifter och cookies. Denna integritetspolicy f\u00f6rklarar hur din data skyddas n\u00e4r du bes\u00f6ker v\u00e5r webbplats om villahiss.","breadcrumb":{"@id":"https:\/\/swiftlifts.com\/sv\/integritetspolicy\/#breadcrumb"},"inLanguage":"sv-SE","potentialAction":[{"@type":"ReadAction","target":["https:\/\/swiftlifts.com\/sv\/integritetspolicy\/"]}]},{"@type":"BreadcrumbList","@id":"https:\/\/swiftlifts.com\/sv\/integritetspolicy\/#breadcrumb","itemListElement":[{"@type":"ListItem","position":1,"name":"Home","item":"https:\/\/swiftlifts.com\/sv\/"},{"@type":"ListItem","position":2,"name":"SWIFT Integritetspolicy"}]},{"@type":"WebSite","@id":"https:\/\/swiftlifts.com\/sv\/#website","url":"https:\/\/swiftlifts.com\/sv\/","name":"SWIFT - 100% battery driven home lifts","description":"NEW WAYS TO MOVE","publisher":{"@id":"https:\/\/swiftlifts.com\/sv\/#organization"},"potentialAction":[{"@type":"SearchAction","target":{"@type":"EntryPoint","urlTemplate":"https:\/\/swiftlifts.com\/sv\/?s={search_term_string}"},"query-input":{"@type":"PropertyValueSpecification","valueRequired":true,"valueName":"search_term_string"}}],"inLanguage":"sv-SE"},{"@type":"Organization","@id":"https:\/\/swiftlifts.com\/sv\/#organization","name":"SWIFT Home Lifts","url":"https:\/\/swiftlifts.com\/sv\/","logo":{"@type":"ImageObject","inLanguage":"sv-SE","@id":"https:\/\/swiftlifts.com\/sv\/#\/schema\/logo\/image\/","url":"https:\/\/swiftlifts.com\/wp-content\/uploads\/2025\/03\/cropped-SWIFT-Logo-Google.jpg","contentUrl":"https:\/\/swiftlifts.com\/wp-content\/uploads\/2025\/03\/cropped-SWIFT-Logo-Google.jpg","width":512,"height":512,"caption":"SWIFT Home Lifts"},"image":{"@id":"https:\/\/swiftlifts.com\/sv\/#\/schema\/logo\/image\/"},"sameAs":["https:\/\/www.facebook.com\/swifthomelifts","https:\/\/www.instagram.com\/swifthomelifts\/","https:\/\/www.linkedin.com\/company\/swifthomelifts\/","https:\/\/www.pinterest.se\/swifthomelifts\/","https:\/\/www.youtube.com\/@swift5669"]}]}},"_links":{"self":[{"href":"https:\/\/swiftlifts.com\/sv\/wp-json\/wp\/v2\/pages\/9737","targetHints":{"allow":["GET"]}}],"collection":[{"href":"https:\/\/swiftlifts.com\/sv\/wp-json\/wp\/v2\/pages"}],"about":[{"href":"https:\/\/swiftlifts.com\/sv\/wp-json\/wp\/v2\/types\/page"}],"author":[{"embeddable":true,"href":"https:\/\/swiftlifts.com\/sv\/wp-json\/wp\/v2\/users\/1"}],"replies":[{"embeddable":true,"href":"https:\/\/swiftlifts.com\/sv\/wp-json\/wp\/v2\/comments?post=9737"}],"version-history":[{"count":11,"href":"https:\/\/swiftlifts.com\/sv\/wp-json\/wp\/v2\/pages\/9737\/revisions"}],"predecessor-version":[{"id":56530,"href":"https:\/\/swiftlifts.com\/sv\/wp-json\/wp\/v2\/pages\/9737\/revisions\/56530"}],"wp:attachment":[{"href":"https:\/\/swiftlifts.com\/sv\/wp-json\/wp\/v2\/media?parent=9737"}],"curies":[{"name":"wp","href":"https:\/\/api.w.org\/{rel}","templated":true}]}}