{"id":7444,"date":"2022-11-12T05:25:24","date_gmt":"2022-11-12T05:25:24","guid":{"rendered":"https:\/\/swiftlifts.com\/grundar-team\/swift-portrait-araz\/"},"modified":"2026-02-20T09:39:18","modified_gmt":"2026-02-20T09:39:18","slug":"swift-portrait-araz","status":"publish","type":"page","link":"https:\/\/swiftlifts.com\/sv\/swift-people\/swift-portrait-araz\/","title":{"rendered":"SWIFT Portrait &#8211; Araz"},"content":{"rendered":"\n\t<section class=\"section\" id=\"section_1662686794\">\n\t\t<div class=\"section-bg fill\" >\n\t\t\t\t\t\t\t\t\t\n\t\t\t\n\n\t\t<\/div>\n\n\t\t\n\n\t\t<div class=\"section-content relative\">\n\t\t\t\n<div class=\"row\"  id=\"row-629739032\">\n\n\t<div id=\"col-712426697\" class=\"col small-12 large-12\"  >\n\t\t\t\t<div class=\"col-inner\"  >\n\t\t\t\n\t\t\t\n\t\t<\/div>\n\t\t\t\t\t<\/div>\n\n\t\n<\/div>\n<div class=\"row align-center\" style=\"max-width:100%\" id=\"row-799405588\">\n\n\t<div id=\"col-202467711\" class=\"col medium-10 small-12 large-10\"  >\n\t\t\t\t<div class=\"col-inner\"  >\n\t\t\t\n\t\t\t\n\t<div id=\"text-107945962\" class=\"text\">\n\t\t\n<h1>SWIFT People<\/h1>\n\t\t\n<style>\n#text-107945962 {\n  font-size: 1.75rem;\n  line-height: 0.75;\n  color: rgb(0, 10, 54);\n}\n#text-107945962 > * {\n  color: rgb(0, 10, 54);\n}\n<\/style>\n\t<\/div>\n\t\n\t<div id=\"text-1760074164\" class=\"text\">\n\t\t\n<h2>Araz \u2013 Lyftdesign Med Precision och Stil<\/h2>\n<p>M\u00e5nadens portr\u00e4tt<\/p>\n\t\t\n<style>\n#text-1760074164 {\n  font-size: 1.6rem;\n  line-height: 0.75;\n}\n<\/style>\n\t<\/div>\n\t\n\t\t<\/div>\n\t\t\t\t\n<style>\n#col-202467711 > .col-inner {\n  padding: 50px 0px 0px 0px;\n}\n<\/style>\n\t<\/div>\n\n\t\n<\/div>\n<div class=\"row align-equal align-center\" style=\"max-width:100%\" id=\"row-580936037\">\n\n\t<div id=\"col-1353596712\" class=\"col medium-5 small-12 large-5\"  >\n\t\t\t\t<div class=\"col-inner text-left\" style=\"background-color:rgb(30, 98, 122);\" >\n\t\t\t\n\t\t\t\n\t<div id=\"text-3057108157\" class=\"text swift-people-text\">\n\t\t\n<p>NAME: <b>Araz Rahimi<\/b><br \/>\nG\u00d6R: <b>Software Architect<\/b><br \/>\n\u00c5LDER: <b>35<\/b><br \/>\nBOR: <b>Stockholm, Sweden<\/b><\/p>\n\t\t\n<style>\n#text-3057108157 {\n  font-size: 1.5rem;\n  line-height: 1.65;\n  color: rgb(255, 255, 255);\n}\n#text-3057108157 > * {\n  color: rgb(255, 255, 255);\n}\n<\/style>\n\t<\/div>\n\t\n\t\t<\/div>\n\t\t\t\t\n<style>\n#col-1353596712 > .col-inner {\n  padding: 30px 0px 0px 30px;\n  margin: 0px 0px 0px 0px;\n}\n@media (min-width:550px) {\n  #col-1353596712 > .col-inner {\n    padding: 20% 0px 0px 50px;\n  }\n}\n<\/style>\n\t<\/div>\n\n\t\n\n\t<div id=\"col-1455398635\" class=\"col medium-5 small-12 large-5\"  >\n\t\t\t\t<div class=\"col-inner\"  >\n\t\t\t\n\t\t\t\n\t<div class=\"img has-hover x md-x lg-x y md-y lg-y\" id=\"image_1792205816\">\n\t\t\t\t\t\t\t\t<div class=\"img-inner dark\" >\n\t\t\t<img loading=\"lazy\" decoding=\"async\" width=\"1000\" height=\"673\" src=\"https:\/\/swiftlifts.com\/wp-content\/uploads\/2022\/10\/people_araz.jpg\" class=\"attachment-large size-large\" alt=\"people araz\" srcset=\"https:\/\/swiftlifts.com\/wp-content\/uploads\/2022\/10\/people_araz.jpg 1000w, https:\/\/swiftlifts.com\/wp-content\/uploads\/2022\/10\/people_araz-594x400.jpg 594w, https:\/\/swiftlifts.com\/wp-content\/uploads\/2022\/10\/people_araz-768x517.jpg 768w\" sizes=\"auto, (max-width: 1000px) 100vw, 1000px\" \/>\t\t\t\t\t\t\n\t\t\t\t\t<\/div>\n\t\t\t\t\t\t\t\t\n<style>\n#image_1792205816 {\n  width: 100%;\n}\n<\/style>\n\t<\/div>\n\t\n\t\t<\/div>\n\t\t\t\t\n<style>\n#col-1455398635 > .col-inner {\n  margin: 0px 0px 0px 0px;\n}\n<\/style>\n\t<\/div>\n\n\t\n<\/div>\n<div class=\"row align-equal align-center\" style=\"max-width:100%\" id=\"row-403063788\">\n\n\t<div id=\"col-799655716\" class=\"col medium-10 small-12 large-10\"  >\n\t\t\t\t<div class=\"col-inner\"  >\n\t\t\t\n\t<div class=\"is-border\"\n\t\tstyle=\"border-color:rgb(30, 98, 122);border-width:5px 5px 5px 5px;\">\n\t<\/div>\n\t\t\t\n\t<div id=\"text-2552445251\" class=\"text\">\n\t\t\n<p><b>Vad gillar du mest av det du g\u00f6r p\u00e5 SWIFT?<\/b><br \/>\n&#8211; Att vara med fr\u00e5n starten i ett sp\u00e4nnande och innovativt f\u00f6retag, att vara n\u00e4ra allt som h\u00e4nder, och att jobba med grymma personer p\u00e5 SWIFT.<\/p>\n<p><b>Vad \u00e4r du mest n\u00f6jd med hittills?<\/b><br \/>\n&#8211; Att teamet kommit s\u00e5 l\u00e5ngt p\u00e5 s\u00e5 kort tid. Jag \u00e4r stolt \u00f6ver hur l\u00e5ngt vi kommit och imponerad hur mycket vi f\u00e5tt gjort trots allt konstigt som just nu h\u00e4nder i v\u00e4rlden.<\/p>\n<p><b>Vad ville du bli n\u00e4r du var liten?<\/b><br \/>\n&#8211; En astronaut! \ud83d\ude80 Men intresset f\u00f6r programering och datorer har alltid funnits d\u00e4r sen jag var liten.<\/p>\n<p><b>Din karri\u00e4r hittills?<\/b><br \/>\n&#8211; Jag tog examen fr\u00e5n KTH med en Master Degree i Computer Science och b\u00f6rjade jobba direkt som mjukvaruutvecklare och att koda hela dagarna. Jag programmerar fortfarande mycket, \u00e4ven om min roll som Software Architect egentligen \u00e4r mycket bredare.<\/p>\n<p><b>En sak som du inte kan vara utan p\u00e5 jobbet?<\/b><br \/>\n&#8211; Mina h\u00f6rlurar \ud83c\udfa7<\/p>\n<p><b>Dina 3 dagliga rutiner?<\/b><br \/>\n1. Morgon l\u00f6pningen runt sj\u00f6n d\u00e4r jag bor. \ud83d\udc5f<br \/>\n2. Att g\u00e5 &#8221;offline&#8221; en stund och h\u00e4nga med min fru och dotter. Familjen f\u00f6rst. \ud83d\udc9e<br \/>\n3. Att dricka minst en kopp te innan jag somnar. \u2615\ufe0f<\/p>\n<p><b>Vad betyder ett hem f\u00f6r dig?<\/b><br \/>\n&#8211; Ett hem \u00e4r ett st\u00e4lle som \u00e4r bekv\u00e4mt och d\u00e4r man kan k\u00e4nna sig trygg.<\/p>\n<p><b>Dina 3 favorit funktioner eller features p\u00e5 en SWIFT?<\/b><br \/>\n1. Den mjuka och tysta \u00e5kningen mellan v\u00e5ningar.<br \/>\n2. Den anv\u00e4ndarv\u00e4nliga och anpassningsbara displayen med all information och feedback som man som anv\u00e4ndare f\u00e5r via den.<br \/>\n3. Samspelet och harmonin mellan sk\u00e4rmsl\u00e4ckaren i displayen och de fina motiven i ArtWalls.<\/p>\n<p><b>Vad \u00e4r det som g\u00f6r en grymt bra kundupplevelse?<\/b><br \/>\n&#8211; F\u00f6r att n\u00e5 en bra kundupplevelse m\u00e5ste man man k\u00e4nna till och f\u00f6rst\u00e5 kundens preferenser och behov. Ju mer info du har om dina kunder, desto b\u00e4ttre kommer du f\u00f6rst\u00e5 dom, och desto n\u00e4rmare kommer du i att pricka en uniik upplelse baserad p\u00e5 deras behov.<\/p>\n<p><b>Var f\u00e5r du inspiration och ideer ifr\u00e5n?<\/b><br \/>\n&#8211; Typ fr\u00e5n \u00f6verallt. B\u00e5de fr\u00e5n online och fr\u00e5n verkliga v\u00e4rlden. N\u00e4r vi jobbar med SWIFT Pro \u00e4r det otroligt viktigt att lyssna p\u00e5 v\u00e5r target group och f\u00f6rs\u00f6ka f\u00f6rst\u00e5 deras behov. Men det \u00e4r ocks\u00e5 viktigt att f\u00e5 inspiration fr\u00e5n andra produkter och marknader f\u00f6r att identifiera och hitta nya features som potentiellt kan f\u00f6rb\u00e4tra produkt och upplevelse.<\/p>\n<p><b>Vilka \u00e4r dina guilty pleasures?<\/b><br \/>\n&#8211; Titta p\u00e5 serier &amp; spela TV spel \ud83c\udfae<\/p>\n<p><b>Dina tips till n\u00e5gon som dr\u00f6mmer om att bli utvecklare?<\/b><br \/>\n&#8211; B\u00f6rja idag. Ingen ide att v\u00e4nta. Det finns miljoner of guider p\u00e5 n\u00e4tet som hj\u00e4lper dig att komma ig\u00e5ng \ud83d\udcbb<\/p>\n<p><b>Framtida dr\u00f6mmar?<\/b><br \/>\n&#8211; H\u00e5lla takt med all teknisk utveckling och innovation som sker i den st\u00e4ndigt f\u00f6r\u00e4nderliga digitala v\u00e4rlden och se till att v\u00e5ra produkter alltid m\u00f6ter morgondagens behov.<\/p>\n<p><b>Dina favorit s\u00e4tt att r\u00f6ra dig p\u00e5 (f\u00f6rutom i en villahiss fr\u00e5n SWIFT)? \ud83d\ude09<\/b><br \/>\n&#8211; Jag gillar att jogga. Det \u00e4r grymt f\u00f6r att rensa huvudet och man k\u00e4nner sig fr\u00e4sch efter\u00e5t.<\/p>\n\t\t\n<style>\n#text-2552445251 {\n  font-size: 1.5rem;\n  color: rgb(30, 98, 122);\n}\n#text-2552445251 > * {\n  color: rgb(30, 98, 122);\n}\n<\/style>\n\t<\/div>\n\t\n\t\t<\/div>\n\t\t\t\t\n<style>\n#col-799655716 > .col-inner {\n  padding: 10px 10px 10px 10px;\n}\n@media (min-width:550px) {\n  #col-799655716 > .col-inner {\n    padding: 50px 50px 50px 50px;\n  }\n}\n<\/style>\n\t<\/div>\n\n\t\n<\/div>\n\t\t<\/div>\n\n\t\t\n<style>\n#section_1662686794 {\n  padding-top: 30px;\n  padding-bottom: 30px;\n}\n<\/style>\n\t<\/section>\n\t\n","protected":false},"excerpt":{"rendered":"","protected":false},"author":1,"featured_media":0,"parent":5486,"menu_order":0,"comment_status":"closed","ping_status":"closed","template":"page-transparent-header.php","meta":{"_acf_changed":false,"content-type":"","footnotes":""},"class_list":["post-7444","page","type-page","status-publish","hentry"],"acf":[],"yoast_head":"<!-- This site is optimized with the Yoast SEO Premium plugin v27.3 (Yoast SEO v27.4) - https:\/\/yoast.com\/product\/yoast-seo-premium-wordpress\/ -->\n<title>Villahiss Team \u2013 Portr\u00e4tt av Araz p\u00e5 Swift<\/title>\n<meta name=\"robots\" content=\"index, follow, max-snippet:-1, max-image-preview:large, max-video-preview:-1\" \/>\n<link rel=\"canonical\" href=\"https:\/\/swiftlifts.com\/sv\/swift-people\/swift-portrait-araz\/\" \/>\n<meta property=\"og:locale\" content=\"sv_SE\" \/>\n<meta property=\"og:type\" content=\"article\" \/>\n<meta property=\"og:title\" content=\"SWIFT Portrait - Araz\" \/>\n<meta property=\"og:url\" content=\"https:\/\/swiftlifts.com\/sv\/swift-people\/swift-portrait-araz\/\" \/>\n<meta property=\"og:site_name\" content=\"SWIFT - 100% battery driven home lifts\" \/>\n<meta property=\"article:publisher\" content=\"https:\/\/www.facebook.com\/swifthomelifts\" \/>\n<meta property=\"article:modified_time\" content=\"2026-02-20T09:39:18+00:00\" \/>\n<meta name=\"twitter:card\" content=\"summary_large_image\" \/>\n<meta name=\"twitter:label1\" content=\"Ber\u00e4knad l\u00e4stid\" \/>\n\t<meta name=\"twitter:data1\" content=\"4 minuter\" \/>\n<script type=\"application\/ld+json\" class=\"yoast-schema-graph\">{\"@context\":\"https:\\\/\\\/schema.org\",\"@graph\":[{\"@type\":\"WebPage\",\"@id\":\"https:\\\/\\\/swiftlifts.com\\\/sv\\\/swift-people\\\/swift-portrait-araz\\\/\",\"url\":\"https:\\\/\\\/swiftlifts.com\\\/sv\\\/swift-people\\\/swift-portrait-araz\\\/\",\"name\":\"Villahiss Team \u2013 Portr\u00e4tt av Araz p\u00e5 Swift\",\"isPartOf\":{\"@id\":\"https:\\\/\\\/swiftlifts.com\\\/sv\\\/#website\"},\"datePublished\":\"2022-11-12T05:25:24+00:00\",\"dateModified\":\"2026-02-20T09:39:18+00:00\",\"breadcrumb\":{\"@id\":\"https:\\\/\\\/swiftlifts.com\\\/sv\\\/swift-people\\\/swift-portrait-araz\\\/#breadcrumb\"},\"inLanguage\":\"sv-SE\",\"potentialAction\":[{\"@type\":\"ReadAction\",\"target\":[\"https:\\\/\\\/swiftlifts.com\\\/sv\\\/swift-people\\\/swift-portrait-araz\\\/\"]}]},{\"@type\":\"BreadcrumbList\",\"@id\":\"https:\\\/\\\/swiftlifts.com\\\/sv\\\/swift-people\\\/swift-portrait-araz\\\/#breadcrumb\",\"itemListElement\":[{\"@type\":\"ListItem\",\"position\":1,\"name\":\"Home\",\"item\":\"https:\\\/\\\/swiftlifts.com\\\/sv\\\/\"},{\"@type\":\"ListItem\",\"position\":2,\"name\":\"SWIFT People\",\"item\":\"https:\\\/\\\/swiftlifts.com\\\/sv\\\/swift-people\\\/\"},{\"@type\":\"ListItem\",\"position\":3,\"name\":\"SWIFT Portrait &#8211; Araz\"}]},{\"@type\":\"WebSite\",\"@id\":\"https:\\\/\\\/swiftlifts.com\\\/sv\\\/#website\",\"url\":\"https:\\\/\\\/swiftlifts.com\\\/sv\\\/\",\"name\":\"SWIFT - 100% battery driven home lifts\",\"description\":\"NEW WAYS TO MOVE\",\"publisher\":{\"@id\":\"https:\\\/\\\/swiftlifts.com\\\/sv\\\/#organization\"},\"potentialAction\":[{\"@type\":\"SearchAction\",\"target\":{\"@type\":\"EntryPoint\",\"urlTemplate\":\"https:\\\/\\\/swiftlifts.com\\\/sv\\\/?s={search_term_string}\"},\"query-input\":{\"@type\":\"PropertyValueSpecification\",\"valueRequired\":true,\"valueName\":\"search_term_string\"}}],\"inLanguage\":\"sv-SE\"},{\"@type\":\"Organization\",\"@id\":\"https:\\\/\\\/swiftlifts.com\\\/sv\\\/#organization\",\"name\":\"SWIFT Home Lifts\",\"url\":\"https:\\\/\\\/swiftlifts.com\\\/sv\\\/\",\"logo\":{\"@type\":\"ImageObject\",\"inLanguage\":\"sv-SE\",\"@id\":\"https:\\\/\\\/swiftlifts.com\\\/sv\\\/#\\\/schema\\\/logo\\\/image\\\/\",\"url\":\"https:\\\/\\\/swiftlifts.com\\\/wp-content\\\/uploads\\\/2025\\\/03\\\/cropped-SWIFT-Logo-Google.jpg\",\"contentUrl\":\"https:\\\/\\\/swiftlifts.com\\\/wp-content\\\/uploads\\\/2025\\\/03\\\/cropped-SWIFT-Logo-Google.jpg\",\"width\":512,\"height\":512,\"caption\":\"SWIFT Home Lifts\"},\"image\":{\"@id\":\"https:\\\/\\\/swiftlifts.com\\\/sv\\\/#\\\/schema\\\/logo\\\/image\\\/\"},\"sameAs\":[\"https:\\\/\\\/www.facebook.com\\\/swifthomelifts\",\"https:\\\/\\\/www.instagram.com\\\/swifthomelifts\\\/\",\"https:\\\/\\\/www.linkedin.com\\\/company\\\/swifthomelifts\\\/\",\"https:\\\/\\\/www.pinterest.se\\\/swifthomelifts\\\/\",\"https:\\\/\\\/www.youtube.com\\\/@swift5669\"]}]}<\/script>\n<!-- \/ Yoast SEO Premium plugin. -->","yoast_head_json":{"title":"Villahiss Team \u2013 Portr\u00e4tt av Araz p\u00e5 Swift","robots":{"index":"index","follow":"follow","max-snippet":"max-snippet:-1","max-image-preview":"max-image-preview:large","max-video-preview":"max-video-preview:-1"},"canonical":"https:\/\/swiftlifts.com\/sv\/swift-people\/swift-portrait-araz\/","og_locale":"sv_SE","og_type":"article","og_title":"SWIFT Portrait - Araz","og_url":"https:\/\/swiftlifts.com\/sv\/swift-people\/swift-portrait-araz\/","og_site_name":"SWIFT - 100% battery driven home lifts","article_publisher":"https:\/\/www.facebook.com\/swifthomelifts","article_modified_time":"2026-02-20T09:39:18+00:00","twitter_card":"summary_large_image","twitter_misc":{"Ber\u00e4knad l\u00e4stid":"4 minuter"},"schema":{"@context":"https:\/\/schema.org","@graph":[{"@type":"WebPage","@id":"https:\/\/swiftlifts.com\/sv\/swift-people\/swift-portrait-araz\/","url":"https:\/\/swiftlifts.com\/sv\/swift-people\/swift-portrait-araz\/","name":"Villahiss Team \u2013 Portr\u00e4tt av Araz p\u00e5 Swift","isPartOf":{"@id":"https:\/\/swiftlifts.com\/sv\/#website"},"datePublished":"2022-11-12T05:25:24+00:00","dateModified":"2026-02-20T09:39:18+00:00","breadcrumb":{"@id":"https:\/\/swiftlifts.com\/sv\/swift-people\/swift-portrait-araz\/#breadcrumb"},"inLanguage":"sv-SE","potentialAction":[{"@type":"ReadAction","target":["https:\/\/swiftlifts.com\/sv\/swift-people\/swift-portrait-araz\/"]}]},{"@type":"BreadcrumbList","@id":"https:\/\/swiftlifts.com\/sv\/swift-people\/swift-portrait-araz\/#breadcrumb","itemListElement":[{"@type":"ListItem","position":1,"name":"Home","item":"https:\/\/swiftlifts.com\/sv\/"},{"@type":"ListItem","position":2,"name":"SWIFT People","item":"https:\/\/swiftlifts.com\/sv\/swift-people\/"},{"@type":"ListItem","position":3,"name":"SWIFT Portrait &#8211; Araz"}]},{"@type":"WebSite","@id":"https:\/\/swiftlifts.com\/sv\/#website","url":"https:\/\/swiftlifts.com\/sv\/","name":"SWIFT - 100% battery driven home lifts","description":"NEW WAYS TO MOVE","publisher":{"@id":"https:\/\/swiftlifts.com\/sv\/#organization"},"potentialAction":[{"@type":"SearchAction","target":{"@type":"EntryPoint","urlTemplate":"https:\/\/swiftlifts.com\/sv\/?s={search_term_string}"},"query-input":{"@type":"PropertyValueSpecification","valueRequired":true,"valueName":"search_term_string"}}],"inLanguage":"sv-SE"},{"@type":"Organization","@id":"https:\/\/swiftlifts.com\/sv\/#organization","name":"SWIFT Home Lifts","url":"https:\/\/swiftlifts.com\/sv\/","logo":{"@type":"ImageObject","inLanguage":"sv-SE","@id":"https:\/\/swiftlifts.com\/sv\/#\/schema\/logo\/image\/","url":"https:\/\/swiftlifts.com\/wp-content\/uploads\/2025\/03\/cropped-SWIFT-Logo-Google.jpg","contentUrl":"https:\/\/swiftlifts.com\/wp-content\/uploads\/2025\/03\/cropped-SWIFT-Logo-Google.jpg","width":512,"height":512,"caption":"SWIFT Home Lifts"},"image":{"@id":"https:\/\/swiftlifts.com\/sv\/#\/schema\/logo\/image\/"},"sameAs":["https:\/\/www.facebook.com\/swifthomelifts","https:\/\/www.instagram.com\/swifthomelifts\/","https:\/\/www.linkedin.com\/company\/swifthomelifts\/","https:\/\/www.pinterest.se\/swifthomelifts\/","https:\/\/www.youtube.com\/@swift5669"]}]}},"_links":{"self":[{"href":"https:\/\/swiftlifts.com\/sv\/wp-json\/wp\/v2\/pages\/7444","targetHints":{"allow":["GET"]}}],"collection":[{"href":"https:\/\/swiftlifts.com\/sv\/wp-json\/wp\/v2\/pages"}],"about":[{"href":"https:\/\/swiftlifts.com\/sv\/wp-json\/wp\/v2\/types\/page"}],"author":[{"embeddable":true,"href":"https:\/\/swiftlifts.com\/sv\/wp-json\/wp\/v2\/users\/1"}],"replies":[{"embeddable":true,"href":"https:\/\/swiftlifts.com\/sv\/wp-json\/wp\/v2\/comments?post=7444"}],"version-history":[{"count":7,"href":"https:\/\/swiftlifts.com\/sv\/wp-json\/wp\/v2\/pages\/7444\/revisions"}],"predecessor-version":[{"id":56527,"href":"https:\/\/swiftlifts.com\/sv\/wp-json\/wp\/v2\/pages\/7444\/revisions\/56527"}],"up":[{"embeddable":true,"href":"https:\/\/swiftlifts.com\/sv\/wp-json\/wp\/v2\/pages\/5486"}],"wp:attachment":[{"href":"https:\/\/swiftlifts.com\/sv\/wp-json\/wp\/v2\/media?parent=7444"}],"curies":[{"name":"wp","href":"https:\/\/api.w.org\/{rel}","templated":true}]}}