{"id":7441,"date":"2022-11-12T00:58:41","date_gmt":"2022-11-12T00:58:41","guid":{"rendered":"https:\/\/swiftlifts.com\/grundar-team\/swift-portrait-alice\/"},"modified":"2026-02-20T09:47:04","modified_gmt":"2026-02-20T09:47:04","slug":"swift-portrait-alice","status":"publish","type":"page","link":"https:\/\/swiftlifts.com\/sv\/swift-people\/swift-portrait-alice\/","title":{"rendered":"SWIFT Portrait &#8211; Alice"},"content":{"rendered":"\n\t<section class=\"section\" id=\"section_1702059281\">\n\t\t<div class=\"section-bg fill\" >\n\t\t\t\t\t\t\t\t\t\n\t\t\t\n\n\t\t<\/div>\n\n\t\t\n\n\t\t<div class=\"section-content relative\">\n\t\t\t\n<div class=\"row\"  id=\"row-404600090\">\n\n\t<div id=\"col-1320460484\" class=\"col small-12 large-12\"  >\n\t\t\t\t<div class=\"col-inner\"  >\n\t\t\t\n\t\t\t\n\t\t<\/div>\n\t\t\t\t\t<\/div>\n\n\t\n<\/div>\n<div class=\"row align-center\" style=\"max-width:100%\" id=\"row-1551443438\">\n\n\t<div id=\"col-968414668\" class=\"col medium-10 small-12 large-10\"  >\n\t\t\t\t<div class=\"col-inner\"  >\n\t\t\t\n\t\t\t\n\t<div id=\"text-2762892151\" class=\"text\">\n\t\t\n<h1>SWIFT People<\/h1>\n\t\t\n<style>\n#text-2762892151 {\n  font-size: 2.25rem;\n  line-height: 0.75;\n  color: rgb(0, 10, 54);\n}\n#text-2762892151 > * {\n  color: rgb(0, 10, 54);\n}\n<\/style>\n\t<\/div>\n\t\n\t<div id=\"text-3878226549\" class=\"text\">\n\t\t\n<h2>Alice \u2013 Din Expert p\u00e5 Smarta Lyftl\u00f6sningar<\/h2>\n<p>M\u00e5nadens portr\u00e4tt<\/p>\n\t\t\n<style>\n#text-3878226549 {\n  font-size: 1.6rem;\n  line-height: 0.75;\n}\n<\/style>\n\t<\/div>\n\t\n\t\t<\/div>\n\t\t\t\t\n<style>\n#col-968414668 > .col-inner {\n  padding: 50px 0px 0px 0px;\n}\n<\/style>\n\t<\/div>\n\n\t\n<\/div>\n<div class=\"row align-equal align-center\" style=\"max-width:100%\" id=\"row-1060266247\">\n\n\t<div id=\"col-1851326265\" class=\"col medium-5 small-12 large-5\"  >\n\t\t\t\t<div class=\"col-inner text-left\" style=\"background-color:rgb(30, 98, 122);\" >\n\t\t\t\n\t\t\t\n\t<div id=\"text-3310114156\" class=\"text swift-people-text\">\n\t\t\n<p>NAME: <b>Alice Xu, \u8bb8\u62db<\/b><br \/>\nROLE: <b>HR Supervisor<\/b><br \/>\n\u00c5LDER: <b>32<\/b><br \/>\nBOR: <b>Shanghai, Kina<\/b><\/p>\n\t\t\n<style>\n#text-3310114156 {\n  font-size: 1.5rem;\n  line-height: 1.65;\n  color: rgb(255, 255, 255);\n}\n#text-3310114156 > * {\n  color: rgb(255, 255, 255);\n}\n<\/style>\n\t<\/div>\n\t\n\t\t<\/div>\n\t\t\t\t\n<style>\n#col-1851326265 > .col-inner {\n  padding: 30px 0px 0px 30px;\n  margin: 0px 0px 0px 0px;\n}\n@media (min-width:550px) {\n  #col-1851326265 > .col-inner {\n    padding: 20% 0px 0px 50px;\n  }\n}\n<\/style>\n\t<\/div>\n\n\t\n\n\t<div id=\"col-280909396\" class=\"col medium-5 small-12 large-5\"  >\n\t\t\t\t<div class=\"col-inner\"  >\n\t\t\t\n\t\t\t\n\t<div class=\"img has-hover x md-x lg-x y md-y lg-y\" id=\"image_33211455\">\n\t\t\t\t\t\t\t\t<div class=\"img-inner dark\" >\n\t\t\t<img loading=\"lazy\" decoding=\"async\" width=\"1000\" height=\"673\" src=\"https:\/\/swiftlifts.com\/wp-content\/uploads\/2022\/11\/alice.jpg\" class=\"attachment-large size-large\" alt=\"Alice Portrait\" srcset=\"https:\/\/swiftlifts.com\/wp-content\/uploads\/2022\/11\/alice.jpg 1000w, https:\/\/swiftlifts.com\/wp-content\/uploads\/2022\/11\/alice-594x400.jpg 594w, https:\/\/swiftlifts.com\/wp-content\/uploads\/2022\/11\/alice-768x517.jpg 768w\" sizes=\"auto, (max-width: 1000px) 100vw, 1000px\" \/>\t\t\t\t\t\t\n\t\t\t\t\t<\/div>\n\t\t\t\t\t\t\t\t\n<style>\n#image_33211455 {\n  width: 100%;\n}\n<\/style>\n\t<\/div>\n\t\n\t\t<\/div>\n\t\t\t\t\n<style>\n#col-280909396 > .col-inner {\n  margin: 0px 0px 0px 0px;\n}\n<\/style>\n\t<\/div>\n\n\t\n<\/div>\n<div class=\"row align-equal align-center\" style=\"max-width:100%\" id=\"row-884935682\">\n\n\t<div id=\"col-893148309\" class=\"col medium-10 small-12 large-10\"  >\n\t\t\t\t<div class=\"col-inner\"  >\n\t\t\t\n\t<div class=\"is-border\"\n\t\tstyle=\"border-color:rgb(30, 98, 122);border-width:5px 5px 5px 5px;\">\n\t<\/div>\n\t\t\t\n\t<div id=\"text-3323320983\" class=\"text\">\n\t\t\n<p><b>Vad tycker du \u00e4r det viktigaste med ditt jobb p\u00e5 SWIFT?<\/b><br \/>\nAtt hitta och rekrytera bra kandidater. Att se till att deras onboarding g\u00e5r snabbt och att de kan forts\u00e4tta utvecklas hos oss.<\/p>\n<p><b>Vad gillar du mest med ditt jobb p\u00e5 SWIFT?<\/b><br \/>\nJag gillar den avslappnade attityden p\u00e5 SWIFT. Jag gillar att kommunicera med mina kollegor, och att coacha dom n\u00e4r det blir problem eller utmaningar. Jag gillar att hj\u00e4lpa och supporta andra. Det g\u00f6r mig glad.<\/p>\n<p><b>Vad ville du bli n\u00e4r du var liten?<\/b><br \/>\nJag ville resa runt i v\u00e4rlden. Utforska olika l\u00e4nder och kulturer. Jag blev inspirerad av att titta p\u00e5 olika internationella filmer.<\/p>\n<p><b>Hur ser din karri\u00e4rsresa ut hittills?<\/b><br \/>\nJag har en Bachelor i HR fr\u00e5n Universitet i Fujian. Efter examen har jag jobbat f\u00f6r olika internationella f\u00f6retag. Jag b\u00f6rjade som HR Assistent och blev senare promotad till HR Manager. Sen b\u00f6rjade jag p\u00e5 SWIFT Kina.<\/p>\n<p><b>Hur skulle du beskriva kulturen p\u00e5 SWIFT?<\/b><br \/>\nFrihet, \u00e4rlighet och teamwork.<\/p>\n<p><b>Vad l\u00e4gger du mest tid p\u00e5 i ditt jobb p\u00e5 SWIFT?<\/b><br \/>\nRekrytering, utbildning, l\u00f6ner och inte minst att supporta alla Expats och kollegor fr\u00e5n Sverige som kommer hit till Kina och jobbar.<\/p>\n<p><b>Dina 3 dagliga rutiner?<\/b><br \/>\nK\u00f6ra bil, studera och l\u00e4sa b\u00f6cker med min dotter.<\/p>\n<p><b>Vilka \u00e4r dina guilty pleasures?<\/b><br \/>\nHot pots varje helg. Det \u00e4r v\u00e4ldigt starkt, men jag \u00e4lskar det.<\/p>\n<p><b>F\u00f6rutom att \u00e5ka i en hiss fr\u00e5n SWIFT, hur gillar du att r\u00f6ra p\u00e5 dig?<\/b><br \/>\n\u00c4lskar min bil. Det \u00e4r v\u00e4ldigt bekv\u00e4mt. Men jag \u00e4lskar ocks\u00e5 att springa.<\/p>\n<p><b>Dina top anledningar varf\u00f6r du skulle rekommendera n\u00e5gon att jobba p\u00e5 SWIFT?<\/b><br \/>\nEn bra, avslappnad arbetsmilj\u00f6 med stark team k\u00e4nsla. Trevliga och hj\u00e4lpande chefer, som uppmuntrar nya ideer och f\u00f6rslag.<\/p>\n<p><b>Vilka typer av personer skulle k\u00e4nna sig hemma p\u00e5 SWIFT?<\/b><br \/>\nEn open-minded team player med f\u00f6tterna p\u00e5 jorden, och som har en &#8221;can do&#8221; \u201csky is the limit\u201d attityd.<\/p>\n<p><b>Ser du n\u00e5gon skillnad mellan SWIFT and lokala Kinesiska f\u00f6retag? P\u00e5 vilket s\u00e4tt?<\/b><br \/>\nJag skulle s\u00e4ga att SWIFT \u00e4r mer people oriented och mer fokuserad p\u00e5 personalens utveckling och v\u00e4lm\u00e5ende.<\/p>\n<p><b>Vad skulle du vilja g\u00f6ra av p\u00e5 SWIFT?<\/b><br \/>\nJag vill st\u00e4rka SWIFTs employer brand och f\u00f6rhoppningsvis kunna hj\u00e4lpa organisationen p\u00e5 nya marknader.<\/p>\n<p><b>Vad gillar du mest med SWIFT villahiss?<\/b><br \/>\nDen skandinaviska enkelheten, men som samtidigt inneh\u00e5ller massa coola funktioner.<\/p>\n<p><b>En sak som du inte kan vara utan p\u00e5 jobbet?<\/b><br \/>\nKommunikation&#8230; Det \u00e4r superviktigt i min roll.<\/p>\n<p><b>Var f\u00e5r du inspiration och ideer ifr\u00e5n?<\/b><br \/>\nFr\u00e5n att prata med kollegor, familj och att titta p\u00e5 TV.<\/p>\n<p><b>Vad betyder hem f\u00f6r dig?<\/b><br \/>\nEtt hem f\u00f6r mig \u00e4r en varm plats. Ett bekv\u00e4mt st\u00e4lle som ger mig energi.<\/p>\n<p><b>Favoritst\u00e4lle i Shanghai?<\/b><br \/>\nShanghai Zoo. Min dotter \u00e4lskar att \u00e5ka dit.<\/p>\n<p><b>Vad skulle du s\u00e4ga till n\u00e5gon som dr\u00f6mmer om att jobba med HR?<\/b><br \/>\nStudera ordentligt s\u00e5 du f\u00e5r grunderna och teorin r\u00e4tt. Och sen n\u00e4r du b\u00f6rjar jobba, se till att kommunicera och ha bra relation med ALLA medarbetare.<\/p>\n\t\t\n<style>\n#text-3323320983 {\n  font-size: 1.5rem;\n  color: rgb(30, 98, 122);\n}\n#text-3323320983 > * {\n  color: rgb(30, 98, 122);\n}\n<\/style>\n\t<\/div>\n\t\n\t\t<\/div>\n\t\t\t\t\n<style>\n#col-893148309 > .col-inner {\n  padding: 10px 10px 10px 10px;\n}\n@media (min-width:550px) {\n  #col-893148309 > .col-inner {\n    padding: 50px 50px 50px 50px;\n  }\n}\n<\/style>\n\t<\/div>\n\n\t\n<\/div>\n\t\t<\/div>\n\n\t\t\n<style>\n#section_1702059281 {\n  padding-top: 30px;\n  padding-bottom: 30px;\n}\n<\/style>\n\t<\/section>\n\t\n","protected":false},"excerpt":{"rendered":"","protected":false},"author":1,"featured_media":0,"parent":5486,"menu_order":0,"comment_status":"closed","ping_status":"closed","template":"page-transparent-header.php","meta":{"_acf_changed":false,"content-type":"","footnotes":""},"class_list":["post-7441","page","type-page","status-publish","hentry"],"acf":[],"yoast_head":"<!-- This site is optimized with the Yoast SEO Premium plugin v27.3 (Yoast SEO v27.4) - https:\/\/yoast.com\/product\/yoast-seo-premium-wordpress\/ -->\n<title>Villahiss Team \u2013 Portr\u00e4tt av Alice p\u00e5 Swift<\/title>\n<meta name=\"robots\" content=\"index, follow, max-snippet:-1, max-image-preview:large, max-video-preview:-1\" \/>\n<link rel=\"canonical\" href=\"https:\/\/swiftlifts.com\/sv\/swift-people\/swift-portrait-alice\/\" \/>\n<meta property=\"og:locale\" content=\"sv_SE\" \/>\n<meta property=\"og:type\" content=\"article\" \/>\n<meta property=\"og:title\" content=\"SWIFT Portrait - Alice\" \/>\n<meta property=\"og:url\" content=\"https:\/\/swiftlifts.com\/sv\/swift-people\/swift-portrait-alice\/\" \/>\n<meta property=\"og:site_name\" content=\"SWIFT - 100% battery driven home lifts\" \/>\n<meta property=\"article:publisher\" content=\"https:\/\/www.facebook.com\/swifthomelifts\" \/>\n<meta property=\"article:modified_time\" content=\"2026-02-20T09:47:04+00:00\" \/>\n<meta name=\"twitter:card\" content=\"summary_large_image\" \/>\n<meta name=\"twitter:label1\" content=\"Ber\u00e4knad l\u00e4stid\" \/>\n\t<meta name=\"twitter:data1\" content=\"4 minuter\" \/>\n<script type=\"application\/ld+json\" class=\"yoast-schema-graph\">{\"@context\":\"https:\\\/\\\/schema.org\",\"@graph\":[{\"@type\":\"WebPage\",\"@id\":\"https:\\\/\\\/swiftlifts.com\\\/sv\\\/swift-people\\\/swift-portrait-alice\\\/\",\"url\":\"https:\\\/\\\/swiftlifts.com\\\/sv\\\/swift-people\\\/swift-portrait-alice\\\/\",\"name\":\"Villahiss Team \u2013 Portr\u00e4tt av Alice p\u00e5 Swift\",\"isPartOf\":{\"@id\":\"https:\\\/\\\/swiftlifts.com\\\/sv\\\/#website\"},\"datePublished\":\"2022-11-12T00:58:41+00:00\",\"dateModified\":\"2026-02-20T09:47:04+00:00\",\"breadcrumb\":{\"@id\":\"https:\\\/\\\/swiftlifts.com\\\/sv\\\/swift-people\\\/swift-portrait-alice\\\/#breadcrumb\"},\"inLanguage\":\"sv-SE\",\"potentialAction\":[{\"@type\":\"ReadAction\",\"target\":[\"https:\\\/\\\/swiftlifts.com\\\/sv\\\/swift-people\\\/swift-portrait-alice\\\/\"]}]},{\"@type\":\"BreadcrumbList\",\"@id\":\"https:\\\/\\\/swiftlifts.com\\\/sv\\\/swift-people\\\/swift-portrait-alice\\\/#breadcrumb\",\"itemListElement\":[{\"@type\":\"ListItem\",\"position\":1,\"name\":\"Home\",\"item\":\"https:\\\/\\\/swiftlifts.com\\\/sv\\\/\"},{\"@type\":\"ListItem\",\"position\":2,\"name\":\"SWIFT People\",\"item\":\"https:\\\/\\\/swiftlifts.com\\\/sv\\\/swift-people\\\/\"},{\"@type\":\"ListItem\",\"position\":3,\"name\":\"SWIFT Portrait &#8211; Alice\"}]},{\"@type\":\"WebSite\",\"@id\":\"https:\\\/\\\/swiftlifts.com\\\/sv\\\/#website\",\"url\":\"https:\\\/\\\/swiftlifts.com\\\/sv\\\/\",\"name\":\"SWIFT - 100% battery driven home lifts\",\"description\":\"NEW WAYS TO MOVE\",\"publisher\":{\"@id\":\"https:\\\/\\\/swiftlifts.com\\\/sv\\\/#organization\"},\"potentialAction\":[{\"@type\":\"SearchAction\",\"target\":{\"@type\":\"EntryPoint\",\"urlTemplate\":\"https:\\\/\\\/swiftlifts.com\\\/sv\\\/?s={search_term_string}\"},\"query-input\":{\"@type\":\"PropertyValueSpecification\",\"valueRequired\":true,\"valueName\":\"search_term_string\"}}],\"inLanguage\":\"sv-SE\"},{\"@type\":\"Organization\",\"@id\":\"https:\\\/\\\/swiftlifts.com\\\/sv\\\/#organization\",\"name\":\"SWIFT Home Lifts\",\"url\":\"https:\\\/\\\/swiftlifts.com\\\/sv\\\/\",\"logo\":{\"@type\":\"ImageObject\",\"inLanguage\":\"sv-SE\",\"@id\":\"https:\\\/\\\/swiftlifts.com\\\/sv\\\/#\\\/schema\\\/logo\\\/image\\\/\",\"url\":\"https:\\\/\\\/swiftlifts.com\\\/wp-content\\\/uploads\\\/2025\\\/03\\\/cropped-SWIFT-Logo-Google.jpg\",\"contentUrl\":\"https:\\\/\\\/swiftlifts.com\\\/wp-content\\\/uploads\\\/2025\\\/03\\\/cropped-SWIFT-Logo-Google.jpg\",\"width\":512,\"height\":512,\"caption\":\"SWIFT Home Lifts\"},\"image\":{\"@id\":\"https:\\\/\\\/swiftlifts.com\\\/sv\\\/#\\\/schema\\\/logo\\\/image\\\/\"},\"sameAs\":[\"https:\\\/\\\/www.facebook.com\\\/swifthomelifts\",\"https:\\\/\\\/www.instagram.com\\\/swifthomelifts\\\/\",\"https:\\\/\\\/www.linkedin.com\\\/company\\\/swifthomelifts\\\/\",\"https:\\\/\\\/www.pinterest.se\\\/swifthomelifts\\\/\",\"https:\\\/\\\/www.youtube.com\\\/@swift5669\"]}]}<\/script>\n<!-- \/ Yoast SEO Premium plugin. -->","yoast_head_json":{"title":"Villahiss Team \u2013 Portr\u00e4tt av Alice p\u00e5 Swift","robots":{"index":"index","follow":"follow","max-snippet":"max-snippet:-1","max-image-preview":"max-image-preview:large","max-video-preview":"max-video-preview:-1"},"canonical":"https:\/\/swiftlifts.com\/sv\/swift-people\/swift-portrait-alice\/","og_locale":"sv_SE","og_type":"article","og_title":"SWIFT Portrait - Alice","og_url":"https:\/\/swiftlifts.com\/sv\/swift-people\/swift-portrait-alice\/","og_site_name":"SWIFT - 100% battery driven home lifts","article_publisher":"https:\/\/www.facebook.com\/swifthomelifts","article_modified_time":"2026-02-20T09:47:04+00:00","twitter_card":"summary_large_image","twitter_misc":{"Ber\u00e4knad l\u00e4stid":"4 minuter"},"schema":{"@context":"https:\/\/schema.org","@graph":[{"@type":"WebPage","@id":"https:\/\/swiftlifts.com\/sv\/swift-people\/swift-portrait-alice\/","url":"https:\/\/swiftlifts.com\/sv\/swift-people\/swift-portrait-alice\/","name":"Villahiss Team \u2013 Portr\u00e4tt av Alice p\u00e5 Swift","isPartOf":{"@id":"https:\/\/swiftlifts.com\/sv\/#website"},"datePublished":"2022-11-12T00:58:41+00:00","dateModified":"2026-02-20T09:47:04+00:00","breadcrumb":{"@id":"https:\/\/swiftlifts.com\/sv\/swift-people\/swift-portrait-alice\/#breadcrumb"},"inLanguage":"sv-SE","potentialAction":[{"@type":"ReadAction","target":["https:\/\/swiftlifts.com\/sv\/swift-people\/swift-portrait-alice\/"]}]},{"@type":"BreadcrumbList","@id":"https:\/\/swiftlifts.com\/sv\/swift-people\/swift-portrait-alice\/#breadcrumb","itemListElement":[{"@type":"ListItem","position":1,"name":"Home","item":"https:\/\/swiftlifts.com\/sv\/"},{"@type":"ListItem","position":2,"name":"SWIFT People","item":"https:\/\/swiftlifts.com\/sv\/swift-people\/"},{"@type":"ListItem","position":3,"name":"SWIFT Portrait &#8211; Alice"}]},{"@type":"WebSite","@id":"https:\/\/swiftlifts.com\/sv\/#website","url":"https:\/\/swiftlifts.com\/sv\/","name":"SWIFT - 100% battery driven home lifts","description":"NEW WAYS TO MOVE","publisher":{"@id":"https:\/\/swiftlifts.com\/sv\/#organization"},"potentialAction":[{"@type":"SearchAction","target":{"@type":"EntryPoint","urlTemplate":"https:\/\/swiftlifts.com\/sv\/?s={search_term_string}"},"query-input":{"@type":"PropertyValueSpecification","valueRequired":true,"valueName":"search_term_string"}}],"inLanguage":"sv-SE"},{"@type":"Organization","@id":"https:\/\/swiftlifts.com\/sv\/#organization","name":"SWIFT Home Lifts","url":"https:\/\/swiftlifts.com\/sv\/","logo":{"@type":"ImageObject","inLanguage":"sv-SE","@id":"https:\/\/swiftlifts.com\/sv\/#\/schema\/logo\/image\/","url":"https:\/\/swiftlifts.com\/wp-content\/uploads\/2025\/03\/cropped-SWIFT-Logo-Google.jpg","contentUrl":"https:\/\/swiftlifts.com\/wp-content\/uploads\/2025\/03\/cropped-SWIFT-Logo-Google.jpg","width":512,"height":512,"caption":"SWIFT Home Lifts"},"image":{"@id":"https:\/\/swiftlifts.com\/sv\/#\/schema\/logo\/image\/"},"sameAs":["https:\/\/www.facebook.com\/swifthomelifts","https:\/\/www.instagram.com\/swifthomelifts\/","https:\/\/www.linkedin.com\/company\/swifthomelifts\/","https:\/\/www.pinterest.se\/swifthomelifts\/","https:\/\/www.youtube.com\/@swift5669"]}]}},"_links":{"self":[{"href":"https:\/\/swiftlifts.com\/sv\/wp-json\/wp\/v2\/pages\/7441","targetHints":{"allow":["GET"]}}],"collection":[{"href":"https:\/\/swiftlifts.com\/sv\/wp-json\/wp\/v2\/pages"}],"about":[{"href":"https:\/\/swiftlifts.com\/sv\/wp-json\/wp\/v2\/types\/page"}],"author":[{"embeddable":true,"href":"https:\/\/swiftlifts.com\/sv\/wp-json\/wp\/v2\/users\/1"}],"replies":[{"embeddable":true,"href":"https:\/\/swiftlifts.com\/sv\/wp-json\/wp\/v2\/comments?post=7441"}],"version-history":[{"count":12,"href":"https:\/\/swiftlifts.com\/sv\/wp-json\/wp\/v2\/pages\/7441\/revisions"}],"predecessor-version":[{"id":56529,"href":"https:\/\/swiftlifts.com\/sv\/wp-json\/wp\/v2\/pages\/7441\/revisions\/56529"}],"up":[{"embeddable":true,"href":"https:\/\/swiftlifts.com\/sv\/wp-json\/wp\/v2\/pages\/5486"}],"wp:attachment":[{"href":"https:\/\/swiftlifts.com\/sv\/wp-json\/wp\/v2\/media?parent=7441"}],"curies":[{"name":"wp","href":"https:\/\/api.w.org\/{rel}","templated":true}]}}