{"id":7036,"date":"2022-11-01T05:06:26","date_gmt":"2022-11-01T05:06:26","guid":{"rendered":"https:\/\/swiftlifts.com\/get-a-quote\/"},"modified":"2023-03-17T13:40:37","modified_gmt":"2023-03-17T13:40:37","slug":"be-om-hiss-offert","status":"publish","type":"page","link":"https:\/\/swiftlifts.com\/sv\/be-om-hiss-offert\/","title":{"rendered":"Be om hiss offert"},"content":{"rendered":"\n\t<section class=\"section\" id=\"section_1927471812\">\n\t\t<div class=\"section-bg fill\" >\n\t\t\t\t\t\t\t\t\t\n\t\t\t\n\n\t\t<\/div>\n\n\t\t\n\n\t\t<div class=\"section-content relative\">\n\t\t\t\n<div class=\"row\"  id=\"row-1717236912\">\n\n\t<div id=\"col-579798177\" class=\"col small-12 large-12\"  >\n\t\t\t\t<div class=\"col-inner\"  >\n\t\t\t\n\t\t\t\n<h1>Be om en hiss offert<\/h1>\n<p>Vi kan snabbt f\u00f6rse dig med en prelimin\u00e4r hiss offert. Hiss offerten kommer inneh\u00e5lla ett uppskattad pris f\u00f6r hissen med dess optioner inklusive installation- och leveranskostnader, garanti samt f\u00f6rslag p\u00e5 service avtal.<\/p>\n<p>F\u00f6r att v\u00e5r hiss offert ska bli s\u00e5 realistisk som m\u00f6jligt beh\u00f6ver vi f\u00e5 lite bakgrundsinformation. Ju mer du fyller i desto b\u00e4ttre, men vi skulle \u00e5tminstone beh\u00f6va f\u00e5 information kring antal v\u00e5ningar, vart du har t\u00e4nkt att hissen skulle kunna placeras, samt om du vill ha en hiss i glas eller schaktpaneler.<\/p>\n<p>Den hiss offert du sedan f\u00e5r kommer f\u00f6rutom priset \u00e4ven inneh\u00e5lla ritning fr\u00e5n olika vyer, m\u00e5tt f\u00f6r d\u00f6rrar och hur de \u00f6ppnas, lyfth\u00f6jd p\u00e5 hissen, samt information kring vad som m\u00e5ste f\u00f6rberedas innan en installation.<\/p>\n\t\t<\/div>\n\t\t\t\t\n<style>\n#col-579798177 > .col-inner {\n  margin: 100px 0px 0px 0px;\n}\n<\/style>\n\t<\/div>\n\n\t\n\n<style>\n#row-1717236912 > .col > .col-inner {\n  padding: 0px 0px 0px 0px;\n}\n<\/style>\n<\/div>\n<div class=\"row\"  id=\"row-675236984\">\n\n\t<div id=\"col-98436237\" class=\"col medium-6 small-12 large-6\"  >\n\t\t\t\t<div class=\"col-inner\"  >\n\t\t\t\n\t\t\t\n\t<div id=\"text-3256618209\" class=\"text\">\n\t\t\n<form id=\"get-a-quote\"><label for=\"email\">Email:<\/label> <input id=\"email\" name=\"email\" type=\"text\" \/><label for=\"fname\">Namn:<\/label> <input id=\"fname\" name=\"fname\" type=\"text\" \/><label for=\"lname\">Efternamn:<\/label> <input id=\"lname\" name=\"lname\" type=\"text\" \/><label for=\"phone\">Mobilnummer:<\/label> <input id=\"phone\" name=\"phone\" type=\"text\" \/><label for=\"country\">Land:<\/label> <input id=\"country\" name=\"country\" type=\"text\" \/><\/p>\n<div id=\"thank-you\" class=\"thank-you-text\"><input id=\"submit-button\" type=\"submit\" value=\"Submit\" onclick=\"GetAQuote()\"\/><\/div>\n<div><\/div>\n<\/form>\n\t\t\n<style>\n#text-3256618209 {\n  color: rgb(255, 145, 150);\n}\n#text-3256618209 > * {\n  color: rgb(255, 145, 150);\n}\n<\/style>\n\t<\/div>\n\t\n<div>Vi hj\u00e4lper dig g\u00e4rna att specificera upp hur hissen skulle kunna se ut och vad som \u00e4r viktigt att t\u00e4nka p\u00e5 &#8211; <a href=\"https:\/\/swiftlifts.com\/sv\/swift-kontakta-oss\/\">kontakta SWIFT<\/a><\/div>\n<div>\u00a0<\/div>\n<div>Vill du bygga en hiss p\u00e5 egen hand och snabbt f\u00e5 ett pris s\u00e5 kan du \u00e4ven prova v\u00e5r <a href=\"https:\/\/build.swiftlifts.com\/\">&#8221;Bygg hiss och f\u00e5 pris&#8221;.<\/a><\/div>\n<div>\u00a0<\/div>\n<div><a href=\"https:\/\/swiftlifts.com\/sv\/villahiss-som-koncept\/\">Vill vdu eta mer om villahissar generellt &#8211; klicka h\u00e4r &gt;&gt;<\/a><\/div>\n<div>\u00a0<\/div>\n<div><a href=\"https:\/\/swiftlifts.com\/sv\/hur-man-koper\/\">Vill du veta mer om hur man k\u00f6per en villahiss &#8211; klicka h\u00e4r&gt;&gt;<\/a><\/div>\n<div>\u00a0<\/div>\n<div><a href=\"https:\/\/www.pinterest.se\/swifthomelifts\/\">F\u00f6r mer inspiration kring SWIFT &#8211; see h\u00e4r &gt;&gt;<\/a><\/div>\n\t\t<\/div>\n\t\t\t\t\t<\/div>\n\n\t\n\n\t<div id=\"col-677880154\" class=\"col medium-6 small-12 large-6\"  >\n\t\t\t\t<div class=\"col-inner\"  >\n\t\t\t\n\t\t\t\n\t<div class=\"img has-hover x md-x lg-x y md-y lg-y\" id=\"image_722323604\">\n\t\t\t\t\t\t\t\t<div class=\"img-inner dark\" >\n\t\t\t<img loading=\"lazy\" decoding=\"async\" width=\"457\" height=\"800\" src=\"https:\/\/swiftlifts.com\/wp-content\/uploads\/2023\/01\/Offert-SWIFT-457x800.jpg\" class=\"attachment-large size-large\" alt=\"Offert SWIFT\" srcset=\"https:\/\/swiftlifts.com\/wp-content\/uploads\/2023\/01\/Offert-SWIFT-457x800.jpg 457w, https:\/\/swiftlifts.com\/wp-content\/uploads\/2023\/01\/Offert-SWIFT-229x400.jpg 229w, https:\/\/swiftlifts.com\/wp-content\/uploads\/2023\/01\/Offert-SWIFT-768x1344.jpg 768w, https:\/\/swiftlifts.com\/wp-content\/uploads\/2023\/01\/Offert-SWIFT.jpg 800w\" sizes=\"auto, (max-width: 457px) 100vw, 457px\" \/>\t\t\t\t\t\t\n\t\t\t\t\t<\/div>\n\t\t\t\t\t\t\t\t\n<style>\n#image_722323604 {\n  width: 81%;\n}\n<\/style>\n\t<\/div>\n\t\n\t\t<\/div>\n\t\t\t\t\t<\/div>\n\n\t\n<\/div>\n\t\t<\/div>\n\n\t\t\n<style>\n#section_1927471812 {\n  padding-top: 30px;\n  padding-bottom: 30px;\n  background-color: rgb(250, 245, 242);\n}\n<\/style>\n\t<\/section>\n\t\n","protected":false},"excerpt":{"rendered":"","protected":false},"author":1,"featured_media":4414,"parent":0,"menu_order":0,"comment_status":"closed","ping_status":"closed","template":"page-transparent-header.php","meta":{"_acf_changed":false,"content-type":"","footnotes":""},"class_list":["post-7036","page","type-page","status-publish","has-post-thumbnail","hentry"],"acf":[],"yoast_head":"<!-- This site is optimized with the Yoast SEO Premium plugin v27.3 (Yoast SEO v27.5) - https:\/\/yoast.com\/product\/yoast-seo-premium-wordpress\/ -->\n<title>Hiss offert med ritning och f\u00f6rklaringar kring villahiss - swiftlifts.com<\/title>\n<meta name=\"description\" content=\"Baserad p\u00e5 enkel info om ditt hem s\u00e5 kan vi skicka en hiss offert med ritning och annan informaiton du beh\u00f6ver.\" \/>\n<meta name=\"robots\" content=\"index, follow, max-snippet:-1, max-image-preview:large, max-video-preview:-1\" \/>\n<link rel=\"canonical\" href=\"https:\/\/swiftlifts.com\/sv\/be-om-hiss-offert\/\" \/>\n<meta property=\"og:locale\" content=\"sv_SE\" \/>\n<meta property=\"og:type\" content=\"article\" \/>\n<meta property=\"og:title\" content=\"Be om hiss offert\" \/>\n<meta property=\"og:description\" content=\"Baserad p\u00e5 enkel info om ditt hem s\u00e5 kan vi skicka en hiss offert med ritning och annan information du beh\u00f6ver.\" \/>\n<meta property=\"og:url\" content=\"https:\/\/swiftlifts.com\/sv\/be-om-hiss-offert\/\" \/>\n<meta property=\"og:site_name\" content=\"SWIFT - 100% battery driven home lifts\" \/>\n<meta property=\"article:publisher\" content=\"https:\/\/www.facebook.com\/swifthomelifts\" \/>\n<meta property=\"article:modified_time\" content=\"2023-03-17T13:40:37+00:00\" \/>\n<meta property=\"og:image\" content=\"https:\/\/swiftlifts.com\/wp-content\/uploads\/2022\/06\/4.jpg\" \/>\n\t<meta property=\"og:image:width\" content=\"2000\" \/>\n\t<meta property=\"og:image:height\" content=\"950\" \/>\n\t<meta property=\"og:image:type\" content=\"image\/jpeg\" \/>\n<meta name=\"twitter:card\" content=\"summary_large_image\" \/>\n<meta name=\"twitter:description\" content=\"Baserad p\u00e5 enkel info om ditt hem s\u00e5 kan vi skicka en hiss offert med ritning och annan information du beh\u00f6ver.\" \/>\n<meta name=\"twitter:label1\" content=\"Ber\u00e4knad l\u00e4stid\" \/>\n\t<meta name=\"twitter:data1\" content=\"2 minuter\" \/>\n<script type=\"application\/ld+json\" class=\"yoast-schema-graph\">{\"@context\":\"https:\\\/\\\/schema.org\",\"@graph\":[{\"@type\":\"WebPage\",\"@id\":\"https:\\\/\\\/swiftlifts.com\\\/sv\\\/be-om-hiss-offert\\\/\",\"url\":\"https:\\\/\\\/swiftlifts.com\\\/sv\\\/be-om-hiss-offert\\\/\",\"name\":\"Hiss offert med ritning och f\u00f6rklaringar kring villahiss - swiftlifts.com\",\"isPartOf\":{\"@id\":\"https:\\\/\\\/swiftlifts.com\\\/sv\\\/#website\"},\"primaryImageOfPage\":{\"@id\":\"https:\\\/\\\/swiftlifts.com\\\/sv\\\/be-om-hiss-offert\\\/#primaryimage\"},\"image\":{\"@id\":\"https:\\\/\\\/swiftlifts.com\\\/sv\\\/be-om-hiss-offert\\\/#primaryimage\"},\"thumbnailUrl\":\"https:\\\/\\\/swiftlifts.com\\\/wp-content\\\/uploads\\\/2022\\\/06\\\/4.jpg\",\"datePublished\":\"2022-11-01T05:06:26+00:00\",\"dateModified\":\"2023-03-17T13:40:37+00:00\",\"description\":\"Baserad p\u00e5 enkel info om ditt hem s\u00e5 kan vi skicka en hiss offert med ritning och annan informaiton du beh\u00f6ver.\",\"breadcrumb\":{\"@id\":\"https:\\\/\\\/swiftlifts.com\\\/sv\\\/be-om-hiss-offert\\\/#breadcrumb\"},\"inLanguage\":\"sv-SE\",\"potentialAction\":[{\"@type\":\"ReadAction\",\"target\":[\"https:\\\/\\\/swiftlifts.com\\\/sv\\\/be-om-hiss-offert\\\/\"]}]},{\"@type\":\"ImageObject\",\"inLanguage\":\"sv-SE\",\"@id\":\"https:\\\/\\\/swiftlifts.com\\\/sv\\\/be-om-hiss-offert\\\/#primaryimage\",\"url\":\"https:\\\/\\\/swiftlifts.com\\\/wp-content\\\/uploads\\\/2022\\\/06\\\/4.jpg\",\"contentUrl\":\"https:\\\/\\\/swiftlifts.com\\\/wp-content\\\/uploads\\\/2022\\\/06\\\/4.jpg\",\"width\":2000,\"height\":950,\"caption\":\"Hissoffert fr\u00e5n SWIFT\"},{\"@type\":\"BreadcrumbList\",\"@id\":\"https:\\\/\\\/swiftlifts.com\\\/sv\\\/be-om-hiss-offert\\\/#breadcrumb\",\"itemListElement\":[{\"@type\":\"ListItem\",\"position\":1,\"name\":\"Home\",\"item\":\"https:\\\/\\\/swiftlifts.com\\\/sv\\\/\"},{\"@type\":\"ListItem\",\"position\":2,\"name\":\"Be om hiss offert\"}]},{\"@type\":\"WebSite\",\"@id\":\"https:\\\/\\\/swiftlifts.com\\\/sv\\\/#website\",\"url\":\"https:\\\/\\\/swiftlifts.com\\\/sv\\\/\",\"name\":\"SWIFT - 100% battery driven home lifts\",\"description\":\"NEW WAYS TO MOVE\",\"publisher\":{\"@id\":\"https:\\\/\\\/swiftlifts.com\\\/sv\\\/#organization\"},\"potentialAction\":[{\"@type\":\"SearchAction\",\"target\":{\"@type\":\"EntryPoint\",\"urlTemplate\":\"https:\\\/\\\/swiftlifts.com\\\/sv\\\/?s={search_term_string}\"},\"query-input\":{\"@type\":\"PropertyValueSpecification\",\"valueRequired\":true,\"valueName\":\"search_term_string\"}}],\"inLanguage\":\"sv-SE\"},{\"@type\":\"Organization\",\"@id\":\"https:\\\/\\\/swiftlifts.com\\\/sv\\\/#organization\",\"name\":\"SWIFT Home Lifts\",\"url\":\"https:\\\/\\\/swiftlifts.com\\\/sv\\\/\",\"logo\":{\"@type\":\"ImageObject\",\"inLanguage\":\"sv-SE\",\"@id\":\"https:\\\/\\\/swiftlifts.com\\\/sv\\\/#\\\/schema\\\/logo\\\/image\\\/\",\"url\":\"https:\\\/\\\/swiftlifts.com\\\/wp-content\\\/uploads\\\/2025\\\/03\\\/cropped-SWIFT-Logo-Google.jpg\",\"contentUrl\":\"https:\\\/\\\/swiftlifts.com\\\/wp-content\\\/uploads\\\/2025\\\/03\\\/cropped-SWIFT-Logo-Google.jpg\",\"width\":512,\"height\":512,\"caption\":\"SWIFT Home Lifts\"},\"image\":{\"@id\":\"https:\\\/\\\/swiftlifts.com\\\/sv\\\/#\\\/schema\\\/logo\\\/image\\\/\"},\"sameAs\":[\"https:\\\/\\\/www.facebook.com\\\/swifthomelifts\",\"https:\\\/\\\/www.instagram.com\\\/swifthomelifts\\\/\",\"https:\\\/\\\/www.linkedin.com\\\/company\\\/swifthomelifts\\\/\",\"https:\\\/\\\/www.pinterest.se\\\/swifthomelifts\\\/\",\"https:\\\/\\\/www.youtube.com\\\/@swift5669\"]}]}<\/script>\n<!-- \/ Yoast SEO Premium plugin. -->","yoast_head_json":{"title":"Hiss offert med ritning och f\u00f6rklaringar kring villahiss - swiftlifts.com","description":"Baserad p\u00e5 enkel info om ditt hem s\u00e5 kan vi skicka en hiss offert med ritning och annan informaiton du beh\u00f6ver.","robots":{"index":"index","follow":"follow","max-snippet":"max-snippet:-1","max-image-preview":"max-image-preview:large","max-video-preview":"max-video-preview:-1"},"canonical":"https:\/\/swiftlifts.com\/sv\/be-om-hiss-offert\/","og_locale":"sv_SE","og_type":"article","og_title":"Be om hiss offert","og_description":"Baserad p\u00e5 enkel info om ditt hem s\u00e5 kan vi skicka en hiss offert med ritning och annan information du beh\u00f6ver.","og_url":"https:\/\/swiftlifts.com\/sv\/be-om-hiss-offert\/","og_site_name":"SWIFT - 100% battery driven home lifts","article_publisher":"https:\/\/www.facebook.com\/swifthomelifts","article_modified_time":"2023-03-17T13:40:37+00:00","og_image":[{"width":2000,"height":950,"url":"https:\/\/swiftlifts.com\/wp-content\/uploads\/2022\/06\/4.jpg","type":"image\/jpeg"}],"twitter_card":"summary_large_image","twitter_description":"Baserad p\u00e5 enkel info om ditt hem s\u00e5 kan vi skicka en hiss offert med ritning och annan information du beh\u00f6ver.","twitter_misc":{"Ber\u00e4knad l\u00e4stid":"2 minuter"},"schema":{"@context":"https:\/\/schema.org","@graph":[{"@type":"WebPage","@id":"https:\/\/swiftlifts.com\/sv\/be-om-hiss-offert\/","url":"https:\/\/swiftlifts.com\/sv\/be-om-hiss-offert\/","name":"Hiss offert med ritning och f\u00f6rklaringar kring villahiss - swiftlifts.com","isPartOf":{"@id":"https:\/\/swiftlifts.com\/sv\/#website"},"primaryImageOfPage":{"@id":"https:\/\/swiftlifts.com\/sv\/be-om-hiss-offert\/#primaryimage"},"image":{"@id":"https:\/\/swiftlifts.com\/sv\/be-om-hiss-offert\/#primaryimage"},"thumbnailUrl":"https:\/\/swiftlifts.com\/wp-content\/uploads\/2022\/06\/4.jpg","datePublished":"2022-11-01T05:06:26+00:00","dateModified":"2023-03-17T13:40:37+00:00","description":"Baserad p\u00e5 enkel info om ditt hem s\u00e5 kan vi skicka en hiss offert med ritning och annan informaiton du beh\u00f6ver.","breadcrumb":{"@id":"https:\/\/swiftlifts.com\/sv\/be-om-hiss-offert\/#breadcrumb"},"inLanguage":"sv-SE","potentialAction":[{"@type":"ReadAction","target":["https:\/\/swiftlifts.com\/sv\/be-om-hiss-offert\/"]}]},{"@type":"ImageObject","inLanguage":"sv-SE","@id":"https:\/\/swiftlifts.com\/sv\/be-om-hiss-offert\/#primaryimage","url":"https:\/\/swiftlifts.com\/wp-content\/uploads\/2022\/06\/4.jpg","contentUrl":"https:\/\/swiftlifts.com\/wp-content\/uploads\/2022\/06\/4.jpg","width":2000,"height":950,"caption":"Hissoffert fr\u00e5n SWIFT"},{"@type":"BreadcrumbList","@id":"https:\/\/swiftlifts.com\/sv\/be-om-hiss-offert\/#breadcrumb","itemListElement":[{"@type":"ListItem","position":1,"name":"Home","item":"https:\/\/swiftlifts.com\/sv\/"},{"@type":"ListItem","position":2,"name":"Be om hiss offert"}]},{"@type":"WebSite","@id":"https:\/\/swiftlifts.com\/sv\/#website","url":"https:\/\/swiftlifts.com\/sv\/","name":"SWIFT - 100% battery driven home lifts","description":"NEW WAYS TO MOVE","publisher":{"@id":"https:\/\/swiftlifts.com\/sv\/#organization"},"potentialAction":[{"@type":"SearchAction","target":{"@type":"EntryPoint","urlTemplate":"https:\/\/swiftlifts.com\/sv\/?s={search_term_string}"},"query-input":{"@type":"PropertyValueSpecification","valueRequired":true,"valueName":"search_term_string"}}],"inLanguage":"sv-SE"},{"@type":"Organization","@id":"https:\/\/swiftlifts.com\/sv\/#organization","name":"SWIFT Home Lifts","url":"https:\/\/swiftlifts.com\/sv\/","logo":{"@type":"ImageObject","inLanguage":"sv-SE","@id":"https:\/\/swiftlifts.com\/sv\/#\/schema\/logo\/image\/","url":"https:\/\/swiftlifts.com\/wp-content\/uploads\/2025\/03\/cropped-SWIFT-Logo-Google.jpg","contentUrl":"https:\/\/swiftlifts.com\/wp-content\/uploads\/2025\/03\/cropped-SWIFT-Logo-Google.jpg","width":512,"height":512,"caption":"SWIFT Home Lifts"},"image":{"@id":"https:\/\/swiftlifts.com\/sv\/#\/schema\/logo\/image\/"},"sameAs":["https:\/\/www.facebook.com\/swifthomelifts","https:\/\/www.instagram.com\/swifthomelifts\/","https:\/\/www.linkedin.com\/company\/swifthomelifts\/","https:\/\/www.pinterest.se\/swifthomelifts\/","https:\/\/www.youtube.com\/@swift5669"]}]}},"_links":{"self":[{"href":"https:\/\/swiftlifts.com\/sv\/wp-json\/wp\/v2\/pages\/7036","targetHints":{"allow":["GET"]}}],"collection":[{"href":"https:\/\/swiftlifts.com\/sv\/wp-json\/wp\/v2\/pages"}],"about":[{"href":"https:\/\/swiftlifts.com\/sv\/wp-json\/wp\/v2\/types\/page"}],"author":[{"embeddable":true,"href":"https:\/\/swiftlifts.com\/sv\/wp-json\/wp\/v2\/users\/1"}],"replies":[{"embeddable":true,"href":"https:\/\/swiftlifts.com\/sv\/wp-json\/wp\/v2\/comments?post=7036"}],"version-history":[{"count":22,"href":"https:\/\/swiftlifts.com\/sv\/wp-json\/wp\/v2\/pages\/7036\/revisions"}],"predecessor-version":[{"id":11194,"href":"https:\/\/swiftlifts.com\/sv\/wp-json\/wp\/v2\/pages\/7036\/revisions\/11194"}],"wp:featuredmedia":[{"embeddable":true,"href":"https:\/\/swiftlifts.com\/sv\/wp-json\/wp\/v2\/media\/4414"}],"wp:attachment":[{"href":"https:\/\/swiftlifts.com\/sv\/wp-json\/wp\/v2\/media?parent=7036"}],"curies":[{"name":"wp","href":"https:\/\/api.w.org\/{rel}","templated":true}]}}