{"id":7000,"date":"2022-11-01T04:35:22","date_gmt":"2022-11-01T04:35:22","guid":{"rendered":"https:\/\/swiftlifts.com\/support\/"},"modified":"2026-02-20T14:13:20","modified_gmt":"2026-02-20T14:13:20","slug":"support-bygga-hiss-i-villa","status":"publish","type":"page","link":"https:\/\/swiftlifts.com\/sv\/support-bygga-hiss-i-villa\/","title":{"rendered":"Support"},"content":{"rendered":"\n\t<section class=\"section why_a_home_lift\" id=\"section_10812656\">\n\t\t<div class=\"section-bg fill\" >\n\t\t\t<img loading=\"lazy\" decoding=\"async\" width=\"2560\" height=\"990\" src=\"https:\/\/swiftlifts.com\/wp-content\/uploads\/2022\/10\/swift-office-2.jpg\" class=\"bg attachment- size-\" alt=\"try SWIFT\" \/>\t\t\t\t\t\t\n\t\t\t\n\n\t\t<\/div>\n\n\t\t\n\n\t\t<div class=\"section-content relative\">\n\t\t\t\n<div class=\"row\" style=\"max-width:90%\" id=\"row-1733261600\">\n\n\t<div id=\"col-753496420\" class=\"col small-12 large-12\"  >\n\t\t\t\t<div class=\"col-inner\"  >\n\t\t\t\n\t\t\t\n\t\t<\/div>\n\t\t\t\t\n<style>\n#col-753496420 > .col-inner {\n  margin: 100px 0px 0px 0px;\n}\n<\/style>\n\t<\/div>\n\n\t\n\n<style>\n#row-1733261600 > .col > .col-inner {\n  padding: 25% 0px 0px 0px;\n}\n<\/style>\n<\/div>\n\t\t<\/div>\n\n\t\t\n<style>\n#section_10812656 {\n  padding-top: 30px;\n  padding-bottom: 30px;\n}\n<\/style>\n\t<\/section>\n\t\n\n\t<section class=\"section\" id=\"section_1768523411\">\n\t\t<div class=\"section-bg fill\" >\n\t\t\t\t\t\t\t\t\t\n\t\t\t\n\n\t\t<\/div>\n\n\t\t\n\n\t\t<div class=\"section-content relative\">\n\t\t\t\n<div class=\"row align-equal\" style=\"max-width:80%\" id=\"row-1526537465\">\n\n\t<div id=\"col-1106674994\" class=\"col support-faq medium-4 small-12 large-4\"  >\n\t\t\t\t<div class=\"col-inner text-left\"  >\n\t\t\t\n\t\t\t\n\t<div id=\"text-3048854560\" class=\"text\">\n\t\t\n<h1>SWIFT support<\/h1>\n<p>Beh\u00f6ver du hj\u00e4lp? L\u00e4s v\u00e5r <a href=\"https:\/\/swiftlifts.com\/swift-faq\/\">FAQ<\/a> eller boka en tid f\u00f6r digital genomg\u00e5ng av produkterna och en inspektion av ditt hus. Eller ring oss helt enkelt.<\/p>\n<h2>St\u00f6d &amp; R\u00e5d f\u00f6r Hissbygge i Villa<\/h2>\n\t\t\n<style>\n#text-3048854560 {\n  font-size: 1.5rem;\n  color: rgb(219, 224, 209);\n}\n#text-3048854560 > * {\n  color: rgb(219, 224, 209);\n}\n@media (min-width:550px) {\n  #text-3048854560 {\n    font-size: 1.5rem;\n  }\n}\n<\/style>\n\t<\/div>\n\t\n\t\t<\/div>\n\t\t\t\t\n<style>\n#col-1106674994 > .col-inner {\n  padding: 0 0px 0px 0px;\n}\n<\/style>\n\t<\/div>\n\n\t\n\n\t<div id=\"col-471859504\" class=\"col support-contact-us medium-4 small-12 large-4\"  >\n\t\t\t\t<div class=\"col-inner\"  >\n\t\t\t\n\t<div class=\"is-border\"\n\t\tstyle=\"border-color:rgb(32, 170, 183);border-width:5px 5px 5px 5px;\">\n\t<\/div>\n\t\t\t\n\t<div id=\"text-1119215491\" class=\"text\">\n\t\t\n<h3>Kontakta oss<\/h3>\n<p>SWIFT \u00e4r ett hometech-f\u00f6retag med f\u00f6rs\u00e4ljning och showrooms i Sverige, Kina, Thailand, Malaysia, Korea, Vietnam, Saudi Arabia, Bahrain och Dubai.<\/p>\n<p>Fler marknader \u00f6ppnar snart. hello@swiftlifts.com<\/p>\n<p><a href=\"https:\/\/swiftlifts.com\/sv\/swift-kontakta-oss\/\">Se alla SWIFT showrooms &gt;&gt;<\/a><\/p>\n\t\t\n<style>\n#text-1119215491 {\n  font-size: 1.4rem;\n  color: rgb(32, 170, 183);\n}\n#text-1119215491 > * {\n  color: rgb(32, 170, 183);\n}\n<\/style>\n\t<\/div>\n\t\n\t\t<\/div>\n\t\t\t\t\n<style>\n#col-471859504 > .col-inner {\n  padding: 20px 20px 0px 20px;\n}\n<\/style>\n\t<\/div>\n\n\t\n\n\t<div id=\"col-704623527\" class=\"col support-how-to-buy medium-4 small-12 large-4\"  >\n\t\t\t\t<div class=\"col-inner\"  >\n\t\t\t\n\t<div class=\"is-border\"\n\t\tstyle=\"border-color:rgb(255, 145, 150);border-width:5px 5px 5px 5px;\">\n\t<\/div>\n\t\t\t\n\t<div id=\"text-2383921462\" class=\"text\">\n\t\t\n<h3>Hur man k\u00f6per<\/h3>\n<p>Att k\u00f6pa och installera en villahiss kan l\u00e5ta komplicerat. Men det \u00e4r det inte. Vi har f\u00f6rs\u00f6kt att sammanfatta hur det fungerar och vad man b\u00f6r t\u00e4nka p\u00e5.<\/p>\n<p><a href=\"https:\/\/swiftlifts.com\/sv\/hur-man-koper\/\">L\u00e4s mer &gt;&gt;<\/a><\/p>\n\t\t\n<style>\n#text-2383921462 {\n  font-size: 1.4rem;\n  color: rgb(255, 145, 150);\n}\n#text-2383921462 > * {\n  color: rgb(255, 145, 150);\n}\n<\/style>\n\t<\/div>\n\t\n\t\t<\/div>\n\t\t\t\t\n<style>\n#col-704623527 > .col-inner {\n  padding: 20px 20px 0px 20px;\n}\n<\/style>\n\t<\/div>\n\n\t\n<\/div>\n<div class=\"row align-equal\" style=\"max-width:80%\" id=\"row-1232575947\">\n\n\t<div id=\"col-1118967984\" class=\"col medium-4 small-12 large-4\"  >\n\t\t\t\t<div class=\"col-inner\"  >\n\t\t\t\n\t\t\t\n\t\t<\/div>\n\t\t\t\t\t<\/div>\n\n\t\n\n\t<div id=\"col-257851863\" class=\"col maintenance-and-warranties medium-4 small-12 large-4\"  >\n\t\t\t\t<div class=\"col-inner\"  >\n\t\t\t\n\t<div class=\"is-border\"\n\t\tstyle=\"border-color:rgb(255, 201, 189);border-width:5px 5px 5px 5px;\">\n\t<\/div>\n\t\t\t\n\t<div id=\"text-1270126703\" class=\"text\">\n\t\t\n<h3>Garanti och underh\u00e5ll<\/h3>\n<p>S\u00e4ttet p\u00e5 vilket vi installerar och servar SWIFT f\u00f6ljer samma orubbliga principer som vi anv\u00e4nder f\u00f6r att designa och producera dom. Vi erbjuder en gener\u00f6s garanti och ett p\u00e5litligt Service- och Underh\u00e5lls paket.<\/p>\n<p><a href=\"https:\/\/swiftlifts.com\/sv\/hiss-service-och-garanti\/\">Mer om villahiss garanti &gt;&gt;<\/a><\/p>\n\t\t\n<style>\n#text-1270126703 {\n  font-size: 1.4rem;\n  color: rgb(255, 201, 189);\n}\n#text-1270126703 > * {\n  color: rgb(255, 201, 189);\n}\n<\/style>\n\t<\/div>\n\t\n\t\t<\/div>\n\t\t\t\t\n<style>\n#col-257851863 > .col-inner {\n  padding: 20px 20px 0px 20px;\n}\n<\/style>\n\t<\/div>\n\n\t\n\n\t<div id=\"col-819197047\" class=\"col support-faq medium-4 small-12 large-4\"  >\n\t\t\t\t<div class=\"col-inner\"  >\n\t\t\t\n\t<div class=\"is-border\"\n\t\tstyle=\"border-color:rgb(219, 224, 209);border-width:5px 5px 5px 5px;\">\n\t<\/div>\n\t\t\t\n\t<div id=\"text-2140900758\" class=\"text\">\n\t\t\n<h3>FAQ<\/h3>\n<p>Allt du beh\u00f6ver veta. Bl\u00e4ddra kategori och se om du hittar svar p\u00e5 dina fr\u00e5gor.<\/p>\n<p><a href=\"https:\/\/swiftlifts.com\/sv\/swift-faq\/\">Visa v\u00e5r FAQ &gt;&gt;<\/a><br \/>\n\t\t\n<style>\n#text-2140900758 {\n  font-size: 1.4rem;\n  color: rgb(219, 224, 209);\n}\n#text-2140900758 > * {\n  color: rgb(219, 224, 209);\n}\n<\/style>\n\t<\/div>\n\t\n\t\t<\/div>\n\t\t\t\t\n<style>\n#col-819197047 > .col-inner {\n  padding: 20px 20px 0px 20px;\n}\n<\/style>\n\t<\/div>\n\n\t\n<\/div>\n\t\t<\/div>\n\n\t\t\n<style>\n#section_1768523411 {\n  padding-top: 30px;\n  padding-bottom: 30px;\n  margin-bottom: 0px;\n  min-height: 60vh;\n  background-color: rgb(30, 98, 122);\n}\n<\/style>\n\t<\/section>\n\t\n","protected":false},"excerpt":{"rendered":"","protected":false},"author":1,"featured_media":8343,"parent":0,"menu_order":0,"comment_status":"closed","ping_status":"closed","template":"page-transparent-header.php","meta":{"_acf_changed":false,"content-type":"","footnotes":""},"class_list":["post-7000","page","type-page","status-publish","has-post-thumbnail","hentry"],"acf":[],"yoast_head":"<!-- This site is optimized with the Yoast SEO Premium plugin v27.3 (Yoast SEO v27.4) - https:\/\/yoast.com\/product\/yoast-seo-premium-wordpress\/ -->\n<title>Villahiss Support \u2013 Guide f\u00f6r Hiss i Villa<\/title>\n<meta name=\"description\" content=\"Support \u2013 bygga hiss i villa: experthj\u00e4lp och tydliga r\u00e5d om planering, bygglov, installation och krav f\u00f6r att installera en SWIFT hemhiss i din villa.\" \/>\n<meta name=\"robots\" content=\"index, follow, max-snippet:-1, max-image-preview:large, max-video-preview:-1\" \/>\n<link rel=\"canonical\" href=\"https:\/\/swiftlifts.com\/sv\/support-bygga-hiss-i-villa\/\" \/>\n<meta property=\"og:locale\" content=\"sv_SE\" \/>\n<meta property=\"og:type\" content=\"article\" \/>\n<meta property=\"og:title\" content=\"Support\" \/>\n<meta property=\"og:description\" content=\"Gratis och snabb hj\u00e4lp vid k\u00f6p, installation och anv\u00e4ndande av villahiss. Boka gratis hembes\u00f6k. FAQ. Allt om garanti- och underh\u00e5llspaket.\" \/>\n<meta property=\"og:url\" content=\"https:\/\/swiftlifts.com\/sv\/support-bygga-hiss-i-villa\/\" \/>\n<meta property=\"og:site_name\" content=\"SWIFT - 100% battery driven home lifts\" \/>\n<meta property=\"article:publisher\" content=\"https:\/\/www.facebook.com\/swifthomelifts\" \/>\n<meta property=\"article:modified_time\" content=\"2026-02-20T14:13:20+00:00\" \/>\n<meta property=\"og:image\" content=\"https:\/\/swiftlifts.com\/wp-content\/uploads\/2021\/08\/safe-home-2-1.png\" \/>\n\t<meta property=\"og:image:width\" content=\"400\" \/>\n\t<meta property=\"og:image:height\" content=\"400\" \/>\n\t<meta property=\"og:image:type\" content=\"image\/png\" \/>\n<meta name=\"twitter:card\" content=\"summary_large_image\" \/>\n<meta name=\"twitter:description\" content=\"Gratis och snabb hj\u00e4lp vid k\u00f6p, installation och anv\u00e4ndande av villahiss. Boka gratis hembes\u00f6k. FAQ. Allt om garanti- och underh\u00e5llspaket.\" \/>\n<meta name=\"twitter:label1\" content=\"Ber\u00e4knad l\u00e4stid\" \/>\n\t<meta name=\"twitter:data1\" content=\"2 minuter\" \/>\n<script type=\"application\/ld+json\" class=\"yoast-schema-graph\">{\"@context\":\"https:\\\/\\\/schema.org\",\"@graph\":[{\"@type\":\"WebPage\",\"@id\":\"https:\\\/\\\/swiftlifts.com\\\/sv\\\/support-bygga-hiss-i-villa\\\/\",\"url\":\"https:\\\/\\\/swiftlifts.com\\\/sv\\\/support-bygga-hiss-i-villa\\\/\",\"name\":\"Villahiss Support \u2013 Guide f\u00f6r Hiss i Villa\",\"isPartOf\":{\"@id\":\"https:\\\/\\\/swiftlifts.com\\\/sv\\\/#website\"},\"primaryImageOfPage\":{\"@id\":\"https:\\\/\\\/swiftlifts.com\\\/sv\\\/support-bygga-hiss-i-villa\\\/#primaryimage\"},\"image\":{\"@id\":\"https:\\\/\\\/swiftlifts.com\\\/sv\\\/support-bygga-hiss-i-villa\\\/#primaryimage\"},\"thumbnailUrl\":\"https:\\\/\\\/swiftlifts.com\\\/wp-content\\\/uploads\\\/2021\\\/08\\\/safe-home-2-1.png\",\"datePublished\":\"2022-11-01T04:35:22+00:00\",\"dateModified\":\"2026-02-20T14:13:20+00:00\",\"description\":\"Support \u2013 bygga hiss i villa: experthj\u00e4lp och tydliga r\u00e5d om planering, bygglov, installation och krav f\u00f6r att installera en SWIFT hemhiss i din villa.\",\"breadcrumb\":{\"@id\":\"https:\\\/\\\/swiftlifts.com\\\/sv\\\/support-bygga-hiss-i-villa\\\/#breadcrumb\"},\"inLanguage\":\"sv-SE\",\"potentialAction\":[{\"@type\":\"ReadAction\",\"target\":[\"https:\\\/\\\/swiftlifts.com\\\/sv\\\/support-bygga-hiss-i-villa\\\/\"]}]},{\"@type\":\"ImageObject\",\"inLanguage\":\"sv-SE\",\"@id\":\"https:\\\/\\\/swiftlifts.com\\\/sv\\\/support-bygga-hiss-i-villa\\\/#primaryimage\",\"url\":\"https:\\\/\\\/swiftlifts.com\\\/wp-content\\\/uploads\\\/2021\\\/08\\\/safe-home-2-1.png\",\"contentUrl\":\"https:\\\/\\\/swiftlifts.com\\\/wp-content\\\/uploads\\\/2021\\\/08\\\/safe-home-2-1.png\",\"width\":400,\"height\":400,\"caption\":\"Support f\u00f6r att bygga hiss hemma SWIFT\"},{\"@type\":\"BreadcrumbList\",\"@id\":\"https:\\\/\\\/swiftlifts.com\\\/sv\\\/support-bygga-hiss-i-villa\\\/#breadcrumb\",\"itemListElement\":[{\"@type\":\"ListItem\",\"position\":1,\"name\":\"Home\",\"item\":\"https:\\\/\\\/swiftlifts.com\\\/sv\\\/\"},{\"@type\":\"ListItem\",\"position\":2,\"name\":\"Support\"}]},{\"@type\":\"WebSite\",\"@id\":\"https:\\\/\\\/swiftlifts.com\\\/sv\\\/#website\",\"url\":\"https:\\\/\\\/swiftlifts.com\\\/sv\\\/\",\"name\":\"SWIFT - 100% battery driven home lifts\",\"description\":\"NEW WAYS TO MOVE\",\"publisher\":{\"@id\":\"https:\\\/\\\/swiftlifts.com\\\/sv\\\/#organization\"},\"potentialAction\":[{\"@type\":\"SearchAction\",\"target\":{\"@type\":\"EntryPoint\",\"urlTemplate\":\"https:\\\/\\\/swiftlifts.com\\\/sv\\\/?s={search_term_string}\"},\"query-input\":{\"@type\":\"PropertyValueSpecification\",\"valueRequired\":true,\"valueName\":\"search_term_string\"}}],\"inLanguage\":\"sv-SE\"},{\"@type\":\"Organization\",\"@id\":\"https:\\\/\\\/swiftlifts.com\\\/sv\\\/#organization\",\"name\":\"SWIFT Home Lifts\",\"url\":\"https:\\\/\\\/swiftlifts.com\\\/sv\\\/\",\"logo\":{\"@type\":\"ImageObject\",\"inLanguage\":\"sv-SE\",\"@id\":\"https:\\\/\\\/swiftlifts.com\\\/sv\\\/#\\\/schema\\\/logo\\\/image\\\/\",\"url\":\"https:\\\/\\\/swiftlifts.com\\\/wp-content\\\/uploads\\\/2025\\\/03\\\/cropped-SWIFT-Logo-Google.jpg\",\"contentUrl\":\"https:\\\/\\\/swiftlifts.com\\\/wp-content\\\/uploads\\\/2025\\\/03\\\/cropped-SWIFT-Logo-Google.jpg\",\"width\":512,\"height\":512,\"caption\":\"SWIFT Home Lifts\"},\"image\":{\"@id\":\"https:\\\/\\\/swiftlifts.com\\\/sv\\\/#\\\/schema\\\/logo\\\/image\\\/\"},\"sameAs\":[\"https:\\\/\\\/www.facebook.com\\\/swifthomelifts\",\"https:\\\/\\\/www.instagram.com\\\/swifthomelifts\\\/\",\"https:\\\/\\\/www.linkedin.com\\\/company\\\/swifthomelifts\\\/\",\"https:\\\/\\\/www.pinterest.se\\\/swifthomelifts\\\/\",\"https:\\\/\\\/www.youtube.com\\\/@swift5669\"]}]}<\/script>\n<!-- \/ Yoast SEO Premium plugin. -->","yoast_head_json":{"title":"Villahiss Support \u2013 Guide f\u00f6r Hiss i Villa","description":"Support \u2013 bygga hiss i villa: experthj\u00e4lp och tydliga r\u00e5d om planering, bygglov, installation och krav f\u00f6r att installera en SWIFT hemhiss i din villa.","robots":{"index":"index","follow":"follow","max-snippet":"max-snippet:-1","max-image-preview":"max-image-preview:large","max-video-preview":"max-video-preview:-1"},"canonical":"https:\/\/swiftlifts.com\/sv\/support-bygga-hiss-i-villa\/","og_locale":"sv_SE","og_type":"article","og_title":"Support","og_description":"Gratis och snabb hj\u00e4lp vid k\u00f6p, installation och anv\u00e4ndande av villahiss. Boka gratis hembes\u00f6k. FAQ. Allt om garanti- och underh\u00e5llspaket.","og_url":"https:\/\/swiftlifts.com\/sv\/support-bygga-hiss-i-villa\/","og_site_name":"SWIFT - 100% battery driven home lifts","article_publisher":"https:\/\/www.facebook.com\/swifthomelifts","article_modified_time":"2026-02-20T14:13:20+00:00","og_image":[{"width":400,"height":400,"url":"https:\/\/swiftlifts.com\/wp-content\/uploads\/2021\/08\/safe-home-2-1.png","type":"image\/png"}],"twitter_card":"summary_large_image","twitter_description":"Gratis och snabb hj\u00e4lp vid k\u00f6p, installation och anv\u00e4ndande av villahiss. Boka gratis hembes\u00f6k. FAQ. Allt om garanti- och underh\u00e5llspaket.","twitter_misc":{"Ber\u00e4knad l\u00e4stid":"2 minuter"},"schema":{"@context":"https:\/\/schema.org","@graph":[{"@type":"WebPage","@id":"https:\/\/swiftlifts.com\/sv\/support-bygga-hiss-i-villa\/","url":"https:\/\/swiftlifts.com\/sv\/support-bygga-hiss-i-villa\/","name":"Villahiss Support \u2013 Guide f\u00f6r Hiss i Villa","isPartOf":{"@id":"https:\/\/swiftlifts.com\/sv\/#website"},"primaryImageOfPage":{"@id":"https:\/\/swiftlifts.com\/sv\/support-bygga-hiss-i-villa\/#primaryimage"},"image":{"@id":"https:\/\/swiftlifts.com\/sv\/support-bygga-hiss-i-villa\/#primaryimage"},"thumbnailUrl":"https:\/\/swiftlifts.com\/wp-content\/uploads\/2021\/08\/safe-home-2-1.png","datePublished":"2022-11-01T04:35:22+00:00","dateModified":"2026-02-20T14:13:20+00:00","description":"Support \u2013 bygga hiss i villa: experthj\u00e4lp och tydliga r\u00e5d om planering, bygglov, installation och krav f\u00f6r att installera en SWIFT hemhiss i din villa.","breadcrumb":{"@id":"https:\/\/swiftlifts.com\/sv\/support-bygga-hiss-i-villa\/#breadcrumb"},"inLanguage":"sv-SE","potentialAction":[{"@type":"ReadAction","target":["https:\/\/swiftlifts.com\/sv\/support-bygga-hiss-i-villa\/"]}]},{"@type":"ImageObject","inLanguage":"sv-SE","@id":"https:\/\/swiftlifts.com\/sv\/support-bygga-hiss-i-villa\/#primaryimage","url":"https:\/\/swiftlifts.com\/wp-content\/uploads\/2021\/08\/safe-home-2-1.png","contentUrl":"https:\/\/swiftlifts.com\/wp-content\/uploads\/2021\/08\/safe-home-2-1.png","width":400,"height":400,"caption":"Support f\u00f6r att bygga hiss hemma SWIFT"},{"@type":"BreadcrumbList","@id":"https:\/\/swiftlifts.com\/sv\/support-bygga-hiss-i-villa\/#breadcrumb","itemListElement":[{"@type":"ListItem","position":1,"name":"Home","item":"https:\/\/swiftlifts.com\/sv\/"},{"@type":"ListItem","position":2,"name":"Support"}]},{"@type":"WebSite","@id":"https:\/\/swiftlifts.com\/sv\/#website","url":"https:\/\/swiftlifts.com\/sv\/","name":"SWIFT - 100% battery driven home lifts","description":"NEW WAYS TO MOVE","publisher":{"@id":"https:\/\/swiftlifts.com\/sv\/#organization"},"potentialAction":[{"@type":"SearchAction","target":{"@type":"EntryPoint","urlTemplate":"https:\/\/swiftlifts.com\/sv\/?s={search_term_string}"},"query-input":{"@type":"PropertyValueSpecification","valueRequired":true,"valueName":"search_term_string"}}],"inLanguage":"sv-SE"},{"@type":"Organization","@id":"https:\/\/swiftlifts.com\/sv\/#organization","name":"SWIFT Home Lifts","url":"https:\/\/swiftlifts.com\/sv\/","logo":{"@type":"ImageObject","inLanguage":"sv-SE","@id":"https:\/\/swiftlifts.com\/sv\/#\/schema\/logo\/image\/","url":"https:\/\/swiftlifts.com\/wp-content\/uploads\/2025\/03\/cropped-SWIFT-Logo-Google.jpg","contentUrl":"https:\/\/swiftlifts.com\/wp-content\/uploads\/2025\/03\/cropped-SWIFT-Logo-Google.jpg","width":512,"height":512,"caption":"SWIFT Home Lifts"},"image":{"@id":"https:\/\/swiftlifts.com\/sv\/#\/schema\/logo\/image\/"},"sameAs":["https:\/\/www.facebook.com\/swifthomelifts","https:\/\/www.instagram.com\/swifthomelifts\/","https:\/\/www.linkedin.com\/company\/swifthomelifts\/","https:\/\/www.pinterest.se\/swifthomelifts\/","https:\/\/www.youtube.com\/@swift5669"]}]}},"_links":{"self":[{"href":"https:\/\/swiftlifts.com\/sv\/wp-json\/wp\/v2\/pages\/7000","targetHints":{"allow":["GET"]}}],"collection":[{"href":"https:\/\/swiftlifts.com\/sv\/wp-json\/wp\/v2\/pages"}],"about":[{"href":"https:\/\/swiftlifts.com\/sv\/wp-json\/wp\/v2\/types\/page"}],"author":[{"embeddable":true,"href":"https:\/\/swiftlifts.com\/sv\/wp-json\/wp\/v2\/users\/1"}],"replies":[{"embeddable":true,"href":"https:\/\/swiftlifts.com\/sv\/wp-json\/wp\/v2\/comments?post=7000"}],"version-history":[{"count":26,"href":"https:\/\/swiftlifts.com\/sv\/wp-json\/wp\/v2\/pages\/7000\/revisions"}],"predecessor-version":[{"id":56543,"href":"https:\/\/swiftlifts.com\/sv\/wp-json\/wp\/v2\/pages\/7000\/revisions\/56543"}],"wp:featuredmedia":[{"embeddable":true,"href":"https:\/\/swiftlifts.com\/sv\/wp-json\/wp\/v2\/media\/8343"}],"wp:attachment":[{"href":"https:\/\/swiftlifts.com\/sv\/wp-json\/wp\/v2\/media?parent=7000"}],"curies":[{"name":"wp","href":"https:\/\/api.w.org\/{rel}","templated":true}]}}