{"id":6974,"date":"2022-11-01T02:15:45","date_gmt":"2022-11-01T02:15:45","guid":{"rendered":"https:\/\/swiftlifts.com\/garanti-och-underhall\/"},"modified":"2025-12-25T05:42:52","modified_gmt":"2025-12-25T05:42:52","slug":"hiss-service-och-garanti","status":"publish","type":"page","link":"https:\/\/swiftlifts.com\/sv\/hiss-service-och-garanti\/","title":{"rendered":"Hiss service och garanti"},"content":{"rendered":"\n\t<section class=\"section dark has-parallax\" id=\"section_1782273573\">\n\t\t<div class=\"section-bg fill\" data-parallax-container=\".section\" data-parallax-background data-parallax=\"-5\">\n\t\t\t<img loading=\"lazy\" decoding=\"async\" width=\"1635\" height=\"2048\" src=\"https:\/\/swiftlifts.com\/wp-content\/uploads\/2022\/10\/SWIFT_Carrier_Tech_view_W-1635x2048.jpg\" class=\"bg attachment-2048x2048 size-2048x2048\" alt=\"elf\u00f6rbrukning villahiss\" \/>\t\t\t\t\t\t\n\t\t\t\n\n\t\t<\/div>\n\n\t\t\n\n\t\t<div class=\"section-content relative\">\n\t\t\t\n<div class=\"row row-full-width\"  id=\"row-1706914587\">\n\n\t<div id=\"col-1167223188\" class=\"col small-12 large-12\"  >\n\t\t\t\t<div class=\"col-inner text-center\"  >\n\t\t\t\n\t\t\t\n\t\t<\/div>\n\t\t\t\t\n<style>\n#col-1167223188 > .col-inner {\n  padding: 200px 0px 0px 0px;\n}\n<\/style>\n\t<\/div>\n\n\t\n<\/div>\n<div class=\"row row-collapse row-full-width align-equal\"  id=\"row-2039563812\">\n\n\t<div id=\"col-923520793\" class=\"col medium-4 small-12 large-4\"  >\n\t\t\t\t<div class=\"col-inner text-center\"  >\n\t\t\t\n\t\t\t\n\t\t<\/div>\n\t\t\t\t\n<style>\n#col-923520793 > .col-inner {\n  padding: 60px 0px 0px 0px;\n  margin: 0px 0px 0px 0px;\n}\n<\/style>\n\t<\/div>\n\n\t\n\n\t<div id=\"col-1141720931\" class=\"col medium-4 small-12 large-4\"  >\n\t\t\t\t<div class=\"col-inner text-center\"  >\n\t\t\t\n\t\t\t\n\t<div id=\"text-3037132621\" class=\"text\">\n\t\t\n<h1><span data-sheets-root=\"1\">Hiss Service<\/span> Och Garanti<\/h1>\n\t\t\n<style>\n#text-3037132621 {\n  font-size: 1.5rem;\n  color: #dbe0d1;\n}\n#text-3037132621 > * {\n  color: #dbe0d1;\n}\n<\/style>\n\t<\/div>\n\t\n\t\t<\/div>\n\t\t\t\t\n<style>\n#col-1141720931 > .col-inner {\n  padding: 50px 15px 0px 15px;\n}\n@media (min-width:550px) {\n  #col-1141720931 > .col-inner {\n    padding: 50px 0px 0px 0px;\n  }\n}\n<\/style>\n\t<\/div>\n\n\t\n\n\t<div id=\"col-2129177802\" class=\"col medium-4 small-12 large-4\"  >\n\t\t\t\t<div class=\"col-inner\"  >\n\t\t\t\n\t\t\t\n\t\t<\/div>\n\t\t\t\t\n<style>\n#col-2129177802 > .col-inner {\n  padding: 20px 15px 0px 15px;\n}\n<\/style>\n\t<\/div>\n\n\t\n\n<style>\n#row-2039563812 > .col > .col-inner {\n  background-color: rgba(131, 175, 175, 0.8);\n}\n<\/style>\n<\/div>\n<div class=\"row row-collapse row-full-width align-equal\"  id=\"row-1386290025\">\n\n\t<div id=\"col-1492845415\" class=\"col medium-4 small-12 large-4\"  >\n\t\t\t\t<div class=\"col-inner text-center\"  >\n\t\t\t\n\t\t\t\n\t<div class=\"img has-hover x md-x lg-x y md-y lg-y\" id=\"image_1128787751\">\n\t\t\t\t\t\t\t\t<div class=\"img-inner dark\" >\n\t\t\t<img loading=\"lazy\" decoding=\"async\" width=\"462\" height=\"462\" src=\"https:\/\/swiftlifts.com\/wp-content\/uploads\/2022\/10\/SWIFT-Remote_2022_NM.png\" class=\"attachment-large size-large\" alt=\"SWIFT Remote 2022\" srcset=\"https:\/\/swiftlifts.com\/wp-content\/uploads\/2022\/10\/SWIFT-Remote_2022_NM.png 462w, https:\/\/swiftlifts.com\/wp-content\/uploads\/2022\/10\/SWIFT-Remote_2022_NM-400x400.png 400w, https:\/\/swiftlifts.com\/wp-content\/uploads\/2022\/10\/SWIFT-Remote_2022_NM-280x280.png 280w\" sizes=\"auto, (max-width: 462px) 100vw, 462px\" \/>\t\t\t\t\t\t\n\t\t\t\t\t<\/div>\n\t\t\t\t\t\t\t\t\n<style>\n#image_1128787751 {\n  width: 30%;\n}\n<\/style>\n\t<\/div>\n\t\n\t<div id=\"text-3625291338\" class=\"text\">\n\t\t\n<h2>Hiss service utan kompromisser<\/h2>\n\t\t\n<style>\n#text-3625291338 {\n  font-size: 1.45rem;\n  color: rgb(219, 224, 209);\n}\n#text-3625291338 > * {\n  color: rgb(219, 224, 209);\n}\n<\/style>\n\t<\/div>\n\t\n\t\t<\/div>\n\t\t\t\t\n<style>\n#col-1492845415 > .col-inner {\n  padding: 60px 0px 0px 0px;\n  margin: 0px 0px 0px 0px;\n}\n@media (min-width:550px) {\n  #col-1492845415 > .col-inner {\n    padding: 100px 0px 100px 0px;\n  }\n}\n<\/style>\n\t<\/div>\n\n\t\n\n\t<div id=\"col-1850928279\" class=\"col medium-4 small-12 large-4\"  >\n\t\t\t\t<div class=\"col-inner text-left\"  >\n\t\t\t\n\t\t\t\n\t<div id=\"text-632375637\" class=\"text\">\n\t\t\n<p>Vi installerar och servar v\u00e5ra villahissar enligt samma fasta principer som vi anv\u00e4nder f\u00f6r att designa och producera dem. All hiss service utf\u00f6rs av v\u00e5r egen tekniska personal och vi samarbetar \u00e4ven med lokala experter f\u00f6r att s\u00e4kerst\u00e4lla p\u00e5litlig hiss service \u00f6ver hela landet.<\/p>\n\t\t\n<style>\n#text-632375637 {\n  font-size: 1.5rem;\n}\n<\/style>\n\t<\/div>\n\t\n\t\t<\/div>\n\t\t\t\t\n<style>\n#col-1850928279 > .col-inner {\n  padding: 50px 15px 0px 15px;\n}\n@media (min-width:550px) {\n  #col-1850928279 > .col-inner {\n    padding: 200px 50px 100px 50px;\n  }\n}\n<\/style>\n\t<\/div>\n\n\t\n\n\t<div id=\"col-1487830910\" class=\"col medium-4 small-12 large-4\"  >\n\t\t\t\t<div class=\"col-inner\"  >\n\t\t\t\n\t\t\t\n\t<div id=\"text-3923487426\" class=\"text\">\n\t\t\n<p>Alla v\u00e5ra villahissar kan kopplas upp till v\u00e5rt centrala supportcenter, vilket g\u00f6r det m\u00f6jligt f\u00f6r v\u00e5ra tekniker att vid behov kontrollera status, f\u00f6resl\u00e5 mjukvaruuppdateringar eller erbjuda annan snabb hiss service.<\/p>\n\t\t\n<style>\n#text-3923487426 {\n  font-size: 1.5rem;\n}\n<\/style>\n\t<\/div>\n\t\n\t\t<\/div>\n\t\t\t\t\n<style>\n#col-1487830910 > .col-inner {\n  padding: 20px 15px 0px 15px;\n}\n@media (min-width:550px) {\n  #col-1487830910 > .col-inner {\n    padding: 200px 100px 100px 50px;\n  }\n}\n<\/style>\n\t<\/div>\n\n\t\n\n<style>\n#row-1386290025 > .col > .col-inner {\n  background-color: rgba(131, 175, 175, 0.8);\n}\n<\/style>\n<\/div>\n<div class=\"row hide-for-medium\"  id=\"row-1453566569\">\n\n\t<div id=\"col-1621731017\" class=\"col small-12 large-12\"  >\n\t\t\t\t<div class=\"col-inner\"  >\n\t\t\t\n\t\t\t\n\t\t<\/div>\n\t\t\t\t\t<\/div>\n\n\t\n\n<style>\n#row-1453566569 > .col > .col-inner {\n  padding: 50px 0px 0px 0px;\n}\n@media (min-width:550px) {\n  #row-1453566569 > .col > .col-inner {\n    padding: 50px 0px 0px 0px;\n  }\n}\n<\/style>\n<\/div>\n<div class=\"row row-collapse row-full-width align-equal\"  id=\"row-2083538069\">\n\n\t<div id=\"col-958818346\" class=\"col medium-4 small-12 large-4\"  >\n\t\t\t\t<div class=\"col-inner text-center\"  >\n\t\t\t\n\t\t\t\n\t<div class=\"img has-hover x md-x lg-x y md-y lg-y\" id=\"image_1678429946\">\n\t\t\t\t\t\t\t\t<div class=\"img-inner dark\" >\n\t\t\t<img loading=\"lazy\" decoding=\"async\" width=\"462\" height=\"462\" src=\"https:\/\/swiftlifts.com\/wp-content\/uploads\/2022\/10\/Warranty-2022_S.png\" class=\"attachment-large size-large\" alt=\"Warranty 2022\" srcset=\"https:\/\/swiftlifts.com\/wp-content\/uploads\/2022\/10\/Warranty-2022_S.png 462w, https:\/\/swiftlifts.com\/wp-content\/uploads\/2022\/10\/Warranty-2022_S-400x400.png 400w, https:\/\/swiftlifts.com\/wp-content\/uploads\/2022\/10\/Warranty-2022_S-280x280.png 280w\" sizes=\"auto, (max-width: 462px) 100vw, 462px\" \/>\t\t\t\t\t\t\n\t\t\t\t\t<\/div>\n\t\t\t\t\t\t\t\t\n<style>\n#image_1678429946 {\n  width: 30%;\n}\n<\/style>\n\t<\/div>\n\t\n\t<div id=\"text-1252915841\" class=\"text\">\n\t\t\n<h2>Villahiss Garanti<\/h2>\n\t\t\n<style>\n#text-1252915841 {\n  font-size: 1.5rem;\n  color: rgb(255, 201, 189);\n}\n#text-1252915841 > * {\n  color: rgb(255, 201, 189);\n}\n<\/style>\n\t<\/div>\n\t\n\t\t<\/div>\n\t\t\t\t\n<style>\n#col-958818346 > .col-inner {\n  padding: 50px 0px 0px 0px;\n  margin: 0px 0px 0px 0px;\n}\n@media (min-width:550px) {\n  #col-958818346 > .col-inner {\n    padding: 100px 0px 100px 0px;\n  }\n}\n<\/style>\n\t<\/div>\n\n\t\n\n\t<div id=\"col-1154566717\" class=\"col medium-4 small-12 large-4\"  >\n\t\t\t\t<div class=\"col-inner\"  >\n\t\t\t\n\t\t\t\n\t<div id=\"text-3453263513\" class=\"text warranties-color\">\n\t\t\n<p>Vi har varit mycket noggranna n\u00e4r vi utvecklat v\u00e5rt <a href=\"https:\/\/swiftlifts.com\/sv\/swift-faq\/hur-funkar-en-skruvhiss\/\">skruv- och mutterdrivsystem<\/a>. Eventuella material defekter t\u00e4cks av en <a href=\"https:\/\/swiftlifts.com\/sv\/swift-faq\/villahiss-garanti-vad-ingar\/\">10-\u00e5rig garanti p\u00e5 drivsystemet.<\/a><\/p>\n<p>Om n\u00e5gon annan SWIFT-del \u00e4r felaktig fr\u00e5n oss, kommer det att t\u00e4ckas av <a href=\"https:\/\/swiftlifts.com\/sv\/swift-faq\/villahiss-garanti-vad-ingar\/\">den 5-\u00e5riga hiss garantin<\/a>. Fel eller avvikelser p\u00e5 hissens ytf\u00e4rg som uppkommit p\u00e5 grund av fel fr\u00e5n oss eller i m\u00e5lningsprocessen t\u00e4cks ocks\u00e5 av garantin. Byte av defekta delar sker normalt under ordinarie bes\u00f6k f\u00f6r hisservice.<br \/>\n\t\t\n<style>\n#text-3453263513 {\n  font-size: 1.5rem;\n  color: rgb(255, 201, 189);\n}\n#text-3453263513 > * {\n  color: rgb(255, 201, 189);\n}\n<\/style>\n\t<\/div>\n\t\n\t\t<\/div>\n\t\t\t\t\n<style>\n#col-1154566717 > .col-inner {\n  padding: 50px 15px 0px 15px;\n}\n@media (min-width:550px) {\n  #col-1154566717 > .col-inner {\n    padding: 100px 50px 100px 50px;\n  }\n}\n<\/style>\n\t<\/div>\n\n\t\n\n\t<div id=\"col-2039702347\" class=\"col medium-4 small-12 large-4\"  >\n\t\t\t\t<div class=\"col-inner\"  >\n\t\t\t\n\t\t\t\n\t<div id=\"text-756113527\" class=\"text warranties-color\">\n\t\t\n<p>Batteripaketet \u00e4r en integrerad del av SWIFTs dynamiskt laddade villahissar. Till skillnad fr\u00e5n andra hissar som endast l\u00e5ngsamt och med n\u00f6d och n\u00e4ppe tar dig till n\u00e4rmsta v\u00e5ning vid str\u00f6mavbrott, forts\u00e4tter SWIFT att fungera precis som vanligt. En viss minskning av batterikapaciteten \u00f6ver tid \u00e4r normalt, men vid onormalt tapp byter vi det kostnadsfritt enligt ditt serviceavtal. F\u00f6r att garantin ska g\u00e4lla kr\u00e4vs att all hiss service utf\u00f6rs av SWIFT-experter eller v\u00e5ra auktoriserade <a href=\"https:\/\/grevejakob.se\/\">samarbetspartners.<\/a><\/p>\n\t\t\n<style>\n#text-756113527 {\n  font-size: 1.5rem;\n}\n<\/style>\n\t<\/div>\n\t\n\t\t<\/div>\n\t\t\t\t\n<style>\n#col-2039702347 > .col-inner {\n  padding: 20px 15px 0px 15px;\n}\n@media (min-width:550px) {\n  #col-2039702347 > .col-inner {\n    padding: 100px 100px 100px 50px;\n  }\n}\n<\/style>\n\t<\/div>\n\n\t\n\n<style>\n#row-2083538069 > .col > .col-inner {\n  background-color: rgba(30, 98, 122, 0.9);\n}\n<\/style>\n<\/div>\n<div class=\"row hide-for-medium\"  id=\"row-1616752137\">\n\n\t<div id=\"col-928112859\" class=\"col small-12 large-12\"  >\n\t\t\t\t<div class=\"col-inner\"  >\n\t\t\t\n\t\t\t\n\t\t<\/div>\n\t\t\t\t\t<\/div>\n\n\t\n\n<style>\n#row-1616752137 > .col > .col-inner {\n  padding: 50px 0px 0px 0px;\n}\n<\/style>\n<\/div>\n<div class=\"row row-collapse row-full-width align-equal\"  id=\"row-354808481\">\n\n\t<div id=\"col-1193991179\" class=\"col medium-4 small-12 large-4\"  >\n\t\t\t\t<div class=\"col-inner text-center\"  >\n\t\t\t\n\t\t\t\n\t<div class=\"img has-hover x md-x lg-x y md-y lg-y\" id=\"image_408874909\">\n\t\t\t\t\t\t\t\t<div class=\"img-inner dark\" >\n\t\t\t<img loading=\"lazy\" decoding=\"async\" width=\"462\" height=\"462\" src=\"https:\/\/swiftlifts.com\/wp-content\/uploads\/2022\/10\/Service-2022_M.png\" class=\"attachment-large size-large\" alt=\"Servicebehov SWIFT villahiss\" srcset=\"https:\/\/swiftlifts.com\/wp-content\/uploads\/2022\/10\/Service-2022_M.png 462w, https:\/\/swiftlifts.com\/wp-content\/uploads\/2022\/10\/Service-2022_M-400x400.png 400w, https:\/\/swiftlifts.com\/wp-content\/uploads\/2022\/10\/Service-2022_M-280x280.png 280w\" sizes=\"auto, (max-width: 462px) 100vw, 462px\" \/>\t\t\t\t\t\t\n\t\t\t\t\t<\/div>\n\t\t\t\t\t\t\t\t\n<style>\n#image_408874909 {\n  width: 30%;\n}\n<\/style>\n\t<\/div>\n\t\n\t<div id=\"text-1926761148\" class=\"text\">\n\t\t\n<h2><span data-sheets-root=\"1\">Service Hissar<\/span><\/h2>\n\t\t\n<style>\n#text-1926761148 {\n  font-size: 1.5rem;\n  color: rgb(131, 175, 175);\n}\n#text-1926761148 > * {\n  color: rgb(131, 175, 175);\n}\n<\/style>\n\t<\/div>\n\t\n\t\t<\/div>\n\t\t\t\t\n<style>\n#col-1193991179 > .col-inner {\n  padding: 50px 0px 0px 0px;\n  margin: 0px 0px 0px 0px;\n}\n@media (min-width:550px) {\n  #col-1193991179 > .col-inner {\n    padding: 100px 0px 100px 0px;\n  }\n}\n<\/style>\n\t<\/div>\n\n\t\n\n\t<div id=\"col-1785154101\" class=\"col medium-4 small-12 large-4\"  >\n\t\t\t\t<div class=\"col-inner\"  >\n\t\t\t\n\t\t\t\n\t<div id=\"text-903305932\" class=\"text maintenance-color\">\n\t\t\n<p>Antalet bes\u00f6k f\u00f6r <a href=\"https:\/\/swiftlifts.com\/sv\/swift-faq\/service-mangd-villahiss\/\">hisservice<\/a> \u00e4r normalt 1-2 g\u00e5nger per \u00e5r. N\u00e4r det \u00e4r dags f\u00f6r service s\u00e5 kommer en SWIFT-tekniker hem till dig och g\u00e5r genom hissen. Teknikern kommer att se till att l\u00e4mna din villahiss f\u00f6rst n\u00e4r allt \u00e4r helt klart. Vid reparationer anv\u00e4nder vi endast \u00e4kta SWIFT-delar f\u00f6r att garantera att du kan njuta av m\u00e5nga \u00e5r av s\u00e4ker och underh\u00e5llande anv\u00e4ndning.\u00a0<\/p>\n<p>V\u00e5rt \u201dSWIFT Remote\u201d-system med tr\u00e5dl\u00f6s diagnostik s\u00e4kerst\u00e4ller snabb support och meddelar dig automatiskt om ytterligare service av hissen skulle beh\u00f6vas.<\/p>\n\t\t\n<style>\n#text-903305932 {\n  font-size: 1.5rem;\n}\n<\/style>\n\t<\/div>\n\t\n\t\t<\/div>\n\t\t\t\t\n<style>\n#col-1785154101 > .col-inner {\n  padding: 50px 15px 0px 15px;\n}\n@media (min-width:550px) {\n  #col-1785154101 > .col-inner {\n    padding: 100px 50px 100px 50px;\n  }\n}\n<\/style>\n\t<\/div>\n\n\t\n\n\t<div id=\"col-376044355\" class=\"col medium-4 small-12 large-4\"  >\n\t\t\t\t<div class=\"col-inner\"  >\n\t\t\t\n\t\t\t\n\t<div id=\"text-2187567365\" class=\"text maintenance-color\">\n\t\t\n<p>Regelbundna mjukvaruuppdateringar g\u00f6r att din villahiss inte bara beh\u00e5ller sin s\u00e4kerhet och komfort utan \u00e4ven blir b\u00e4ttre \u00f6ver tid. SWIFT erbjuder dessutom 24\/7-support via v\u00e5r hotline. Fr\u00e5ga g\u00e4rna personalen i n\u00e5got av v\u00e5ra showroom f\u00f6r mer information om hiss service och v\u00e5ra olika serviceavtal.<\/p>\n\t\t\n<style>\n#text-2187567365 {\n  font-size: 1.5rem;\n}\n<\/style>\n\t<\/div>\n\t\n\t\t<\/div>\n\t\t\t\t\n<style>\n#col-376044355 > .col-inner {\n  padding: 20px 15px 0px 15px;\n}\n@media (min-width:550px) {\n  #col-376044355 > .col-inner {\n    padding: 100px 100px 100px 50px;\n  }\n}\n<\/style>\n\t<\/div>\n\n\t\n\n<style>\n#row-354808481 > .col > .col-inner {\n  background-color: rgba(0, 10, 54, 0.8);\n}\n<\/style>\n<\/div>\n<div class=\"row hide-for-medium\"  id=\"row-1068780671\">\n\n\t<div id=\"col-321922455\" class=\"col small-12 large-12\"  >\n\t\t\t\t<div class=\"col-inner\"  >\n\t\t\t\n\t\t\t\n\t\t<\/div>\n\t\t\t\t\t<\/div>\n\n\t\n\n<style>\n#row-1068780671 > .col > .col-inner {\n  padding: 1500px 0px 0px 0px;\n}\n<\/style>\n<\/div>\n\t\t<\/div>\n\n\t\t\n<style>\n#section_1782273573 {\n  padding-top: 0px;\n  padding-bottom: 0px;\n}\n<\/style>\n\t<\/section>\n\t\n","protected":false},"excerpt":{"rendered":"","protected":false},"author":1,"featured_media":53055,"parent":0,"menu_order":0,"comment_status":"closed","ping_status":"closed","template":"page-transparent-header.php","meta":{"_acf_changed":false,"content-type":"","footnotes":""},"class_list":["post-6974","page","type-page","status-publish","has-post-thumbnail","hentry"],"acf":[],"yoast_head":"<!-- This site is optimized with the Yoast SEO Premium plugin v27.3 (Yoast SEO v27.4) - https:\/\/yoast.com\/product\/yoast-seo-premium-wordpress\/ -->\n<title>Hiss Service med 5 \u00e5rs Garanti - SWIFT Home Lifts<\/title>\n<meta name=\"description\" content=\"Hiss service utan kr\u00e5ngel. Garanti 5 \u00e5r f\u00f6r villahissen och 10 \u00e5r f\u00f6r drivsystemet. Uppkopplad f\u00f6r snabb support fr\u00e5n distans. S\u00e5 funkar det.\" \/>\n<meta name=\"robots\" content=\"index, follow, max-snippet:-1, max-image-preview:large, max-video-preview:-1\" \/>\n<link rel=\"canonical\" href=\"https:\/\/swiftlifts.com\/sv\/hiss-service-och-garanti\/\" \/>\n<meta property=\"og:locale\" content=\"sv_SE\" \/>\n<meta property=\"og:type\" content=\"article\" \/>\n<meta property=\"og:title\" content=\"Hiss service och garanti\" \/>\n<meta property=\"og:description\" content=\"Hiss service utan kr\u00e5ngel. Garanti 5 \u00e5r f\u00f6r villahissen och 10 \u00e5r f\u00f6r drivsystemet. Uppkopplad f\u00f6r snabb support fr\u00e5n distans. S\u00e5 funkar det.\" \/>\n<meta property=\"og:url\" content=\"https:\/\/swiftlifts.com\/sv\/hiss-service-och-garanti\/\" \/>\n<meta property=\"og:site_name\" content=\"SWIFT - 100% battery driven home lifts\" \/>\n<meta property=\"article:publisher\" content=\"https:\/\/www.facebook.com\/swifthomelifts\" \/>\n<meta property=\"article:modified_time\" content=\"2025-12-25T05:42:52+00:00\" \/>\n<meta property=\"og:image\" content=\"https:\/\/swiftlifts.com\/wp-content\/uploads\/2022\/11\/Glass-glue-1310x980-1.png\" \/>\n\t<meta property=\"og:image:width\" content=\"1310\" \/>\n\t<meta property=\"og:image:height\" content=\"980\" \/>\n\t<meta property=\"og:image:type\" content=\"image\/png\" \/>\n<meta name=\"twitter:card\" content=\"summary_large_image\" \/>\n<meta name=\"twitter:label1\" content=\"Ber\u00e4knad l\u00e4stid\" \/>\n\t<meta name=\"twitter:data1\" content=\"4 minuter\" \/>\n<script type=\"application\/ld+json\" class=\"yoast-schema-graph\">{\"@context\":\"https:\\\/\\\/schema.org\",\"@graph\":[{\"@type\":\"WebPage\",\"@id\":\"https:\\\/\\\/swiftlifts.com\\\/sv\\\/hiss-service-och-garanti\\\/\",\"url\":\"https:\\\/\\\/swiftlifts.com\\\/sv\\\/hiss-service-och-garanti\\\/\",\"name\":\"Hiss Service med 5 \u00e5rs Garanti - SWIFT Home Lifts\",\"isPartOf\":{\"@id\":\"https:\\\/\\\/swiftlifts.com\\\/sv\\\/#website\"},\"primaryImageOfPage\":{\"@id\":\"https:\\\/\\\/swiftlifts.com\\\/sv\\\/hiss-service-och-garanti\\\/#primaryimage\"},\"image\":{\"@id\":\"https:\\\/\\\/swiftlifts.com\\\/sv\\\/hiss-service-och-garanti\\\/#primaryimage\"},\"thumbnailUrl\":\"https:\\\/\\\/swiftlifts.com\\\/wp-content\\\/uploads\\\/2022\\\/11\\\/Glass-glue-1310x980-1.png\",\"datePublished\":\"2022-11-01T02:15:45+00:00\",\"dateModified\":\"2025-12-25T05:42:52+00:00\",\"description\":\"Hiss service utan kr\u00e5ngel. Garanti 5 \u00e5r f\u00f6r villahissen och 10 \u00e5r f\u00f6r drivsystemet. Uppkopplad f\u00f6r snabb support fr\u00e5n distans. S\u00e5 funkar det.\",\"breadcrumb\":{\"@id\":\"https:\\\/\\\/swiftlifts.com\\\/sv\\\/hiss-service-och-garanti\\\/#breadcrumb\"},\"inLanguage\":\"sv-SE\",\"potentialAction\":[{\"@type\":\"ReadAction\",\"target\":[\"https:\\\/\\\/swiftlifts.com\\\/sv\\\/hiss-service-och-garanti\\\/\"]}]},{\"@type\":\"ImageObject\",\"inLanguage\":\"sv-SE\",\"@id\":\"https:\\\/\\\/swiftlifts.com\\\/sv\\\/hiss-service-och-garanti\\\/#primaryimage\",\"url\":\"https:\\\/\\\/swiftlifts.com\\\/wp-content\\\/uploads\\\/2022\\\/11\\\/Glass-glue-1310x980-1.png\",\"contentUrl\":\"https:\\\/\\\/swiftlifts.com\\\/wp-content\\\/uploads\\\/2022\\\/11\\\/Glass-glue-1310x980-1.png\",\"width\":1310,\"height\":980,\"caption\":\"hiss service\"},{\"@type\":\"BreadcrumbList\",\"@id\":\"https:\\\/\\\/swiftlifts.com\\\/sv\\\/hiss-service-och-garanti\\\/#breadcrumb\",\"itemListElement\":[{\"@type\":\"ListItem\",\"position\":1,\"name\":\"Home\",\"item\":\"https:\\\/\\\/swiftlifts.com\\\/sv\\\/\"},{\"@type\":\"ListItem\",\"position\":2,\"name\":\"Hiss service och garanti\"}]},{\"@type\":\"WebSite\",\"@id\":\"https:\\\/\\\/swiftlifts.com\\\/sv\\\/#website\",\"url\":\"https:\\\/\\\/swiftlifts.com\\\/sv\\\/\",\"name\":\"SWIFT - 100% battery driven home lifts\",\"description\":\"NEW WAYS TO MOVE\",\"publisher\":{\"@id\":\"https:\\\/\\\/swiftlifts.com\\\/sv\\\/#organization\"},\"potentialAction\":[{\"@type\":\"SearchAction\",\"target\":{\"@type\":\"EntryPoint\",\"urlTemplate\":\"https:\\\/\\\/swiftlifts.com\\\/sv\\\/?s={search_term_string}\"},\"query-input\":{\"@type\":\"PropertyValueSpecification\",\"valueRequired\":true,\"valueName\":\"search_term_string\"}}],\"inLanguage\":\"sv-SE\"},{\"@type\":\"Organization\",\"@id\":\"https:\\\/\\\/swiftlifts.com\\\/sv\\\/#organization\",\"name\":\"SWIFT Home Lifts\",\"url\":\"https:\\\/\\\/swiftlifts.com\\\/sv\\\/\",\"logo\":{\"@type\":\"ImageObject\",\"inLanguage\":\"sv-SE\",\"@id\":\"https:\\\/\\\/swiftlifts.com\\\/sv\\\/#\\\/schema\\\/logo\\\/image\\\/\",\"url\":\"https:\\\/\\\/swiftlifts.com\\\/wp-content\\\/uploads\\\/2025\\\/03\\\/cropped-SWIFT-Logo-Google.jpg\",\"contentUrl\":\"https:\\\/\\\/swiftlifts.com\\\/wp-content\\\/uploads\\\/2025\\\/03\\\/cropped-SWIFT-Logo-Google.jpg\",\"width\":512,\"height\":512,\"caption\":\"SWIFT Home Lifts\"},\"image\":{\"@id\":\"https:\\\/\\\/swiftlifts.com\\\/sv\\\/#\\\/schema\\\/logo\\\/image\\\/\"},\"sameAs\":[\"https:\\\/\\\/www.facebook.com\\\/swifthomelifts\",\"https:\\\/\\\/www.instagram.com\\\/swifthomelifts\\\/\",\"https:\\\/\\\/www.linkedin.com\\\/company\\\/swifthomelifts\\\/\",\"https:\\\/\\\/www.pinterest.se\\\/swifthomelifts\\\/\",\"https:\\\/\\\/www.youtube.com\\\/@swift5669\"]}]}<\/script>\n<!-- \/ Yoast SEO Premium plugin. -->","yoast_head_json":{"title":"Hiss Service med 5 \u00e5rs Garanti - SWIFT Home Lifts","description":"Hiss service utan kr\u00e5ngel. Garanti 5 \u00e5r f\u00f6r villahissen och 10 \u00e5r f\u00f6r drivsystemet. Uppkopplad f\u00f6r snabb support fr\u00e5n distans. S\u00e5 funkar det.","robots":{"index":"index","follow":"follow","max-snippet":"max-snippet:-1","max-image-preview":"max-image-preview:large","max-video-preview":"max-video-preview:-1"},"canonical":"https:\/\/swiftlifts.com\/sv\/hiss-service-och-garanti\/","og_locale":"sv_SE","og_type":"article","og_title":"Hiss service och garanti","og_description":"Hiss service utan kr\u00e5ngel. Garanti 5 \u00e5r f\u00f6r villahissen och 10 \u00e5r f\u00f6r drivsystemet. Uppkopplad f\u00f6r snabb support fr\u00e5n distans. S\u00e5 funkar det.","og_url":"https:\/\/swiftlifts.com\/sv\/hiss-service-och-garanti\/","og_site_name":"SWIFT - 100% battery driven home lifts","article_publisher":"https:\/\/www.facebook.com\/swifthomelifts","article_modified_time":"2025-12-25T05:42:52+00:00","og_image":[{"width":1310,"height":980,"url":"https:\/\/swiftlifts.com\/wp-content\/uploads\/2022\/11\/Glass-glue-1310x980-1.png","type":"image\/png"}],"twitter_card":"summary_large_image","twitter_misc":{"Ber\u00e4knad l\u00e4stid":"4 minuter"},"schema":{"@context":"https:\/\/schema.org","@graph":[{"@type":"WebPage","@id":"https:\/\/swiftlifts.com\/sv\/hiss-service-och-garanti\/","url":"https:\/\/swiftlifts.com\/sv\/hiss-service-och-garanti\/","name":"Hiss Service med 5 \u00e5rs Garanti - SWIFT Home Lifts","isPartOf":{"@id":"https:\/\/swiftlifts.com\/sv\/#website"},"primaryImageOfPage":{"@id":"https:\/\/swiftlifts.com\/sv\/hiss-service-och-garanti\/#primaryimage"},"image":{"@id":"https:\/\/swiftlifts.com\/sv\/hiss-service-och-garanti\/#primaryimage"},"thumbnailUrl":"https:\/\/swiftlifts.com\/wp-content\/uploads\/2022\/11\/Glass-glue-1310x980-1.png","datePublished":"2022-11-01T02:15:45+00:00","dateModified":"2025-12-25T05:42:52+00:00","description":"Hiss service utan kr\u00e5ngel. Garanti 5 \u00e5r f\u00f6r villahissen och 10 \u00e5r f\u00f6r drivsystemet. Uppkopplad f\u00f6r snabb support fr\u00e5n distans. S\u00e5 funkar det.","breadcrumb":{"@id":"https:\/\/swiftlifts.com\/sv\/hiss-service-och-garanti\/#breadcrumb"},"inLanguage":"sv-SE","potentialAction":[{"@type":"ReadAction","target":["https:\/\/swiftlifts.com\/sv\/hiss-service-och-garanti\/"]}]},{"@type":"ImageObject","inLanguage":"sv-SE","@id":"https:\/\/swiftlifts.com\/sv\/hiss-service-och-garanti\/#primaryimage","url":"https:\/\/swiftlifts.com\/wp-content\/uploads\/2022\/11\/Glass-glue-1310x980-1.png","contentUrl":"https:\/\/swiftlifts.com\/wp-content\/uploads\/2022\/11\/Glass-glue-1310x980-1.png","width":1310,"height":980,"caption":"hiss service"},{"@type":"BreadcrumbList","@id":"https:\/\/swiftlifts.com\/sv\/hiss-service-och-garanti\/#breadcrumb","itemListElement":[{"@type":"ListItem","position":1,"name":"Home","item":"https:\/\/swiftlifts.com\/sv\/"},{"@type":"ListItem","position":2,"name":"Hiss service och garanti"}]},{"@type":"WebSite","@id":"https:\/\/swiftlifts.com\/sv\/#website","url":"https:\/\/swiftlifts.com\/sv\/","name":"SWIFT - 100% battery driven home lifts","description":"NEW WAYS TO MOVE","publisher":{"@id":"https:\/\/swiftlifts.com\/sv\/#organization"},"potentialAction":[{"@type":"SearchAction","target":{"@type":"EntryPoint","urlTemplate":"https:\/\/swiftlifts.com\/sv\/?s={search_term_string}"},"query-input":{"@type":"PropertyValueSpecification","valueRequired":true,"valueName":"search_term_string"}}],"inLanguage":"sv-SE"},{"@type":"Organization","@id":"https:\/\/swiftlifts.com\/sv\/#organization","name":"SWIFT Home Lifts","url":"https:\/\/swiftlifts.com\/sv\/","logo":{"@type":"ImageObject","inLanguage":"sv-SE","@id":"https:\/\/swiftlifts.com\/sv\/#\/schema\/logo\/image\/","url":"https:\/\/swiftlifts.com\/wp-content\/uploads\/2025\/03\/cropped-SWIFT-Logo-Google.jpg","contentUrl":"https:\/\/swiftlifts.com\/wp-content\/uploads\/2025\/03\/cropped-SWIFT-Logo-Google.jpg","width":512,"height":512,"caption":"SWIFT Home Lifts"},"image":{"@id":"https:\/\/swiftlifts.com\/sv\/#\/schema\/logo\/image\/"},"sameAs":["https:\/\/www.facebook.com\/swifthomelifts","https:\/\/www.instagram.com\/swifthomelifts\/","https:\/\/www.linkedin.com\/company\/swifthomelifts\/","https:\/\/www.pinterest.se\/swifthomelifts\/","https:\/\/www.youtube.com\/@swift5669"]}]}},"_links":{"self":[{"href":"https:\/\/swiftlifts.com\/sv\/wp-json\/wp\/v2\/pages\/6974","targetHints":{"allow":["GET"]}}],"collection":[{"href":"https:\/\/swiftlifts.com\/sv\/wp-json\/wp\/v2\/pages"}],"about":[{"href":"https:\/\/swiftlifts.com\/sv\/wp-json\/wp\/v2\/types\/page"}],"author":[{"embeddable":true,"href":"https:\/\/swiftlifts.com\/sv\/wp-json\/wp\/v2\/users\/1"}],"replies":[{"embeddable":true,"href":"https:\/\/swiftlifts.com\/sv\/wp-json\/wp\/v2\/comments?post=6974"}],"version-history":[{"count":29,"href":"https:\/\/swiftlifts.com\/sv\/wp-json\/wp\/v2\/pages\/6974\/revisions"}],"predecessor-version":[{"id":55097,"href":"https:\/\/swiftlifts.com\/sv\/wp-json\/wp\/v2\/pages\/6974\/revisions\/55097"}],"wp:featuredmedia":[{"embeddable":true,"href":"https:\/\/swiftlifts.com\/sv\/wp-json\/wp\/v2\/media\/53055"}],"wp:attachment":[{"href":"https:\/\/swiftlifts.com\/sv\/wp-json\/wp\/v2\/media?parent=6974"}],"curies":[{"name":"wp","href":"https:\/\/api.w.org\/{rel}","templated":true}]}}