{"id":6534,"date":"2022-10-24T12:42:01","date_gmt":"2022-10-24T12:42:01","guid":{"rendered":"https:\/\/swiftlifts.com\/products\/"},"modified":"2026-02-20T11:34:28","modified_gmt":"2026-02-20T11:34:28","slug":"produkter","status":"publish","type":"page","link":"https:\/\/swiftlifts.com\/sv\/produkter\/","title":{"rendered":"Produkter"},"content":{"rendered":"\n\t<section class=\"section show-for-medium\" id=\"section_1664198767\">\n\t\t<div class=\"section-bg fill\" >\n\t\t\t\t\t\t\t\t\t\n\t\t\t\n\n\t\t<\/div>\n\n\t\t\n\n\t\t<div class=\"section-content relative\">\n\t\t\t\n<div class=\"row\"  id=\"row-68394687\">\n\n\t<div id=\"col-1809357902\" class=\"col medium-4 small-12 large-4\"  >\n\t\t\t\t<div class=\"col-inner\"  >\n\t\t\t\n\t\t\t\n\t\t<\/div>\n\t\t\t\t\n<style>\n#col-1809357902 > .col-inner {\n  margin: 0px 0px 0px 0px;\n}\n<\/style>\n\t<\/div>\n\n\t\n<\/div>\n\t\t<\/div>\n\n\t\t\n<style>\n#section_1664198767 {\n  padding-top: 30px;\n  padding-bottom: 30px;\n  background-color: rgb(250, 245, 242);\n}\n<\/style>\n\t<\/section>\n\t\n\n\t<section class=\"section products-page dark hide-for-medium is-full-height\" id=\"section_676181592\">\n\t\t<div class=\"section-bg fill\" >\n\t\t\t<img loading=\"lazy\" decoding=\"async\" width=\"1920\" height=\"1080\" src=\"https:\/\/swiftlifts.com\/wp-content\/uploads\/2022\/09\/Lotti_Cartoon_Seq_000001.jpeg\" class=\"bg attachment- size-\" alt=\"Villahiss priser fr\u00e5n SWIFT\" \/>\t\t\t\t\t\t\n\t\t\t\n\n\t\t<\/div>\n\n\t\t\n\n\t\t<div class=\"section-content relative\">\n\t\t\t\n<div class=\"row align-middle\" style=\"max-width:90%\" id=\"row-1846636727\">\n\n\t<div id=\"col-2055318715\" class=\"col medium-2 small-12 large-2\"  >\n\t\t\t\t<div class=\"col-inner text-left\"  >\n\t\t\t\n\t\t\t\n\t<div id=\"text-1537545624\" class=\"text\">\n\t\t\n<h1 id=\"two-models-lottie-text\">SWIFT Pro<\/h1>\n\t\t\n<style>\n#text-1537545624 {\n  font-size: 2.25rem;\n  color: rgb(255, 201, 189);\n}\n#text-1537545624 > * {\n  color: rgb(255, 201, 189);\n}\n<\/style>\n\t<\/div>\n\t\n\t\t<\/div>\n\t\t\t\t\t<\/div>\n\n\t\n\n\t<div id=\"col-1386656973\" class=\"col medium-8 small-12 large-8\"  >\n\t\t\t\t<div class=\"col-inner text-left\"  >\n\t\t\t\n\t\t\t\n\t\t<\/div>\n\t\t\t\t\t<\/div>\n\n\t\n\n\t<div id=\"col-202104528\" class=\"col medium-2 small-12 large-2\"  >\n\t\t\t\t<div class=\"col-inner text-left\"  >\n\t\t\t\n\t\t\t\n\t<div id=\"text-2825705355\" class=\"text\">\n\t\t\n<h2 id=\"two-models-lottie-lite-header\">SWIFT Lite<\/h2>\n\t\t\n<style>\n#text-2825705355 {\n  font-size: 2.25rem;\n  color: rgb(255,255,255);\n}\n#text-2825705355 > * {\n  color: rgb(255,255,255);\n}\n<\/style>\n\t<\/div>\n\t\n\t\t<\/div>\n\t\t\t\t\n<style>\n#col-202104528 > .col-inner {\n  margin: 0px 0px 0px 0;\n}\n<\/style>\n\t<\/div>\n\n\t\n<\/div>\n<div class=\"row align-middle\" style=\"max-width:90%\" id=\"row-1904915761\">\n\n\t<div id=\"col-254032574\" class=\"col medium-2 small-12 large-2\"  >\n\t\t\t\t<div class=\"col-inner text-left\"  >\n\t\t\t\n\t\t\t\n\t<div id=\"text-654218321\" class=\"text\">\n\t\t\n<h4>Marknadens mest avancerade och moderna hiss f\u00f6r villor.<\/h4>\n\t\t\n<style>\n#text-654218321 {\n  color: rgb(255, 201, 189);\n}\n#text-654218321 > * {\n  color: rgb(255, 201, 189);\n}\n<\/style>\n\t<\/div>\n\t\n\t\t<\/div>\n\t\t\t\t\t<\/div>\n\n\t\n\n\t<div id=\"col-1014029975\" class=\"col medium-8 small-12 large-8\"  >\n\t\t\t\t<div class=\"col-inner text-left\"  >\n\t\t\t\n\t\t\t\n\t\t<\/div>\n\t\t\t\t\t<\/div>\n\n\t\n\n\t<div id=\"col-755440766\" class=\"col medium-2 small-12 large-2\"  >\n\t\t\t\t<div class=\"col-inner text-left\"  >\n\t\t\t\n\t\t\t\n<h4>En hiss f\u00f6r villor<br \/>\nd\u00e4r budget och storlek \u00e4r viktigast.<\/h4>\n\t\t<\/div>\n\t\t\t\t\n<style>\n#col-755440766 > .col-inner {\n  margin: 0px 0px 0px 0;\n}\n<\/style>\n\t<\/div>\n\n\t\n<\/div>\n<div class=\"row align-middle\" style=\"max-width:90%\" id=\"row-874241999\">\n\n\t<div id=\"col-902197604\" class=\"col medium-2 small-12 large-2\"  >\n\t\t\t\t<div class=\"col-inner text-left\"  >\n\t\t\t\n\t\t\t\n<a href=\"https:\/\/swiftlifts.com\/sv\/produkter\/swift-pro-hemmahiss\/\" class=\"button primary is-outline lowercase\" >\n\t\t<span>SWIFT Pro villahiss<\/span>\n\t<i class=\"icon-angle-right\" aria-hidden=\"true\"><\/i><\/a>\n\n\t\t<\/div>\n\t\t\t\t\t<\/div>\n\n\t\n\n\t<div id=\"col-1948366143\" class=\"col medium-8 small-12 large-8\"  >\n\t\t\t\t<div class=\"col-inner text-left\"  >\n\t\t\t\n\t\t\t\n\t\t<\/div>\n\t\t\t\t\t<\/div>\n\n\t\n\n\t<div id=\"col-64761156\" class=\"col medium-2 small-12 large-2\"  >\n\t\t\t\t<div class=\"col-inner text-left\"  >\n\t\t\t\n\t\t\t\n<a href=\"https:\/\/swiftlifts.com\/sv\/produkter\/swift-lite-en-liten-hiss\/\" class=\"button primary is-outline lowercase\" >\n\t\t<span>SWIFT Lite villahiss<\/span>\n\t<i class=\"icon-angle-right\" aria-hidden=\"true\"><\/i><\/a>\n\n\t\t<\/div>\n\t\t\t\t\n<style>\n#col-64761156 > .col-inner {\n  margin: 0px 0px 0px 0;\n}\n<\/style>\n\t<\/div>\n\n\t\n<\/div>\n\t\t<\/div>\n\n\t\t\n<style>\n#section_676181592 {\n  padding-top: 0px;\n  padding-bottom: 0px;\n  min-height: 100vh;\n  background-color: rgb(0, 0, 0);\n}\n<\/style>\n\t<\/section>\n\t\n\n\t<section class=\"section show-for-medium\" id=\"section_383783581\">\n\t\t<div class=\"section-bg fill\" >\n\t\t\t\t\t\t\t\t\t\n\t\t\t\n\n\t\t<\/div>\n\n\t\t\n\n\t\t<div class=\"section-content relative\">\n\t\t\t\n<div class=\"row\"  id=\"row-1977065891\">\n\n\t<div id=\"col-451565405\" class=\"col medium-5 small-12 large-5\"  >\n\t\t\t\t<div class=\"col-inner text-left\"  >\n\t\t\t\n\t\t\t\n\t<div id=\"text-1569943857\" class=\"text\">\n\t\t\n<h2>SWIFT Pro<\/h2>\n\t\t\n<style>\n#text-1569943857 {\n  font-size: 3rem;\n  color: rgb(255, 145, 150);\n}\n#text-1569943857 > * {\n  color: rgb(255, 145, 150);\n}\n<\/style>\n\t<\/div>\n\t\n\t<div id=\"text-1234732721\" class=\"text\">\n\t\t\n<h4>Marknadens mest avancerade och moderna hemma hiss.<\/h4>\n\t\t\n<style>\n#text-1234732721 {\n  font-size: 2rem;\n  color: #ff9196;\n}\n#text-1234732721 > * {\n  color: #ff9196;\n}\n<\/style>\n\t<\/div>\n\t\n\t\t<\/div>\n\t\t\t\t\t<\/div>\n\n\t\n\n\t<div id=\"col-1486553336\" class=\"col medium-2 small-12 large-2\"  >\n\t\t\t\t<div class=\"col-inner text-left\"  >\n\t\t\t\n\t\t\t\n<a href=\"https:\/\/swiftlifts.com\/sv\/produkter\/swift-pro-hemmahiss\/\" class=\"button primary is-outline lowercase\" >\n\t\t<span>SWIFT Pro villahiss<\/span>\n\t<i class=\"icon-angle-right\" aria-hidden=\"true\"><\/i><\/a>\n\n\t\t<\/div>\n\t\t\t\t\t<\/div>\n\n\t\n<\/div>\n\t\t<\/div>\n\n\t\t\n<style>\n#section_383783581 {\n  padding-top: 30px;\n  padding-bottom: 30px;\n  min-height: 500px;\n  background-color: rgb(250, 245, 242);\n}\n<\/style>\n\t<\/section>\n\t\n\n\t<section class=\"section show-for-medium\" id=\"section_1604427064\">\n\t\t<div class=\"section-bg fill\" >\n\t\t\t<img loading=\"lazy\" decoding=\"async\" width=\"960\" height=\"1080\" src=\"https:\/\/swiftlifts.com\/wp-content\/uploads\/2022\/06\/pro.jpg\" class=\"bg attachment- size-\" alt=\"Vad kostar en hiss\" \/>\t\t\t\t\t\t\n\t\t\t\n\n\t\t<\/div>\n\n\t\t\n\n\t\t<div class=\"section-content relative\">\n\t\t\t\n\t\t<\/div>\n\n\t\t\n<style>\n#section_1604427064 {\n  padding-top: 200px;\n  padding-bottom: 200px;\n}\n@media (min-width:550px) {\n  #section_1604427064 {\n    padding-top: 30px;\n    padding-bottom: 30px;\n  }\n}\n<\/style>\n\t<\/section>\n\t\n\n\t<section class=\"section show-for-medium\" id=\"section_732798456\">\n\t\t<div class=\"section-bg fill\" >\n\t\t\t\t\t\t\t\t\t\n\t\t\t\n\n\t\t<\/div>\n\n\t\t\n\n\t\t<div class=\"section-content relative\">\n\t\t\t\n<div class=\"row\"  id=\"row-193173274\">\n\n\t<div id=\"col-670150592\" class=\"col medium-5 small-12 large-5\"  >\n\t\t\t\t<div class=\"col-inner text-left\"  >\n\t\t\t\n\t\t\t\n\t<div id=\"text-3598371549\" class=\"text\">\n\t\t\n<h2>SWIFT Lite<\/h2>\n\t\t\n<style>\n#text-3598371549 {\n  font-size: 3rem;\n}\n<\/style>\n\t<\/div>\n\t\n\t<div id=\"text-3617234715\" class=\"text\">\n\t\t\n<h4>En villahiss f\u00f6r en mindre budget.<\/h4>\n\t\t\n<style>\n#text-3617234715 {\n  font-size: 2rem;\n}\n<\/style>\n\t<\/div>\n\t\n\t\t<\/div>\n\t\t\t\t\n<style>\n#col-670150592 > .col-inner {\n  margin: 50px 0px 0px 0px;\n}\n<\/style>\n\t<\/div>\n\n\t\n\n\t<div id=\"col-1965176185\" class=\"col medium-2 small-12 large-2\"  >\n\t\t\t\t<div class=\"col-inner text-left\"  >\n\t\t\t\n\t\t\t\n<a href=\"https:\/\/swiftlifts.com\/sv\/produkter\/swift-lite-en-liten-hiss\/\" class=\"button primary is-outline lowercase\" >\n\t\t<span>SWIFT Lite villahiss<\/span>\n\t<i class=\"icon-angle-right\" aria-hidden=\"true\"><\/i><\/a>\n\n\t\t<\/div>\n\t\t\t\t\t<\/div>\n\n\t\n<\/div>\n\t\t<\/div>\n\n\t\t\n<style>\n#section_732798456 {\n  padding-top: 30px;\n  padding-bottom: 30px;\n  min-height: 500px;\n  background-color: rgb(250, 245, 242);\n}\n<\/style>\n\t<\/section>\n\t\n\n\t<section class=\"section show-for-medium\" id=\"section_479890058\">\n\t\t<div class=\"section-bg fill\" >\n\t\t\t<img loading=\"lazy\" decoding=\"async\" width=\"960\" height=\"1080\" src=\"https:\/\/swiftlifts.com\/wp-content\/uploads\/2022\/06\/lite.jpg\" class=\"bg attachment- size-\" alt=\"Hissgrop - s\u00e5 funkar det p\u00e5 SWIFT\" \/>\t\t\t\t\t\t\n\t\t\t\n\n\t\t<\/div>\n\n\t\t\n\n\t\t<div class=\"section-content relative\">\n\t\t\t\n\t\t<\/div>\n\n\t\t\n<style>\n#section_479890058 {\n  padding-top: 200px;\n  padding-bottom: 200px;\n}\n@media (min-width:550px) {\n  #section_479890058 {\n    padding-top: 30px;\n    padding-bottom: 30px;\n  }\n}\n<\/style>\n\t<\/section>\n\t\n","protected":false},"excerpt":{"rendered":"","protected":false},"author":6,"featured_media":4419,"parent":0,"menu_order":0,"comment_status":"closed","ping_status":"closed","template":"page-transparent-header.php","meta":{"_acf_changed":false,"content-type":"","footnotes":""},"class_list":["post-6534","page","type-page","status-publish","has-post-thumbnail","hentry"],"acf":[],"yoast_head":"<!-- This site is optimized with the Yoast SEO Premium plugin v27.3 (Yoast SEO v27.3) - https:\/\/yoast.com\/product\/yoast-seo-premium-wordpress\/ -->\n<title>Villahiss Produkter \u2013 Se Alla Modeller &amp; Teknik<\/title>\n<meta name=\"description\" content=\"Hiss f\u00f6r villor med olika behov och budgetar. SWIFT Pro \u00e4r v\u00e5r mest avancerade och lyxiga villahiss. SWIFT Lite \u00e4r gjord f\u00f6r l\u00e4gre budget.\" \/>\n<meta name=\"robots\" content=\"index, follow, max-snippet:-1, max-image-preview:large, max-video-preview:-1\" \/>\n<link rel=\"canonical\" href=\"https:\/\/swiftlifts.com\/sv\/produkter\/\" \/>\n<meta property=\"og:locale\" content=\"sv_SE\" \/>\n<meta property=\"og:type\" content=\"article\" \/>\n<meta property=\"og:title\" content=\"Produkter\" \/>\n<meta property=\"og:description\" content=\"Hiss f\u00f6r villor med olika behov och budgetar. SWIFT Pro \u00e4r v\u00e5r mest avancerade och lyxiga villahiss. SWIFT Lite \u00e4r gjord f\u00f6r l\u00e4gre budget.\" \/>\n<meta property=\"og:url\" content=\"https:\/\/swiftlifts.com\/sv\/produkter\/\" \/>\n<meta property=\"og:site_name\" content=\"SWIFT - 100% battery driven home lifts\" \/>\n<meta property=\"article:publisher\" content=\"https:\/\/www.facebook.com\/swifthomelifts\" \/>\n<meta property=\"article:modified_time\" content=\"2026-02-20T11:34:28+00:00\" \/>\n<meta property=\"og:image\" content=\"https:\/\/swiftlifts.com\/wp-content\/uploads\/2022\/06\/5.jpg\" \/>\n\t<meta property=\"og:image:width\" content=\"2000\" \/>\n\t<meta property=\"og:image:height\" content=\"950\" \/>\n\t<meta property=\"og:image:type\" content=\"image\/jpeg\" \/>\n<meta name=\"twitter:card\" content=\"summary_large_image\" \/>\n<meta name=\"twitter:label1\" content=\"Ber\u00e4knad l\u00e4stid\" \/>\n\t<meta name=\"twitter:data1\" content=\"2 minuter\" \/>\n<script type=\"application\/ld+json\" class=\"yoast-schema-graph\">{\"@context\":\"https:\\\/\\\/schema.org\",\"@graph\":[{\"@type\":\"WebPage\",\"@id\":\"https:\\\/\\\/swiftlifts.com\\\/sv\\\/produkter\\\/\",\"url\":\"https:\\\/\\\/swiftlifts.com\\\/sv\\\/produkter\\\/\",\"name\":\"Villahiss Produkter \u2013 Se Alla Modeller & Teknik\",\"isPartOf\":{\"@id\":\"https:\\\/\\\/swiftlifts.com\\\/sv\\\/#website\"},\"primaryImageOfPage\":{\"@id\":\"https:\\\/\\\/swiftlifts.com\\\/sv\\\/produkter\\\/#primaryimage\"},\"image\":{\"@id\":\"https:\\\/\\\/swiftlifts.com\\\/sv\\\/produkter\\\/#primaryimage\"},\"thumbnailUrl\":\"https:\\\/\\\/swiftlifts.com\\\/wp-content\\\/uploads\\\/2022\\\/06\\\/5.jpg\",\"datePublished\":\"2022-10-24T12:42:01+00:00\",\"dateModified\":\"2026-02-20T11:34:28+00:00\",\"description\":\"Hiss f\u00f6r villor med olika behov och budgetar. SWIFT Pro \u00e4r v\u00e5r mest avancerade och lyxiga villahiss. SWIFT Lite \u00e4r gjord f\u00f6r l\u00e4gre budget.\",\"breadcrumb\":{\"@id\":\"https:\\\/\\\/swiftlifts.com\\\/sv\\\/produkter\\\/#breadcrumb\"},\"inLanguage\":\"sv-SE\",\"potentialAction\":[{\"@type\":\"ReadAction\",\"target\":[\"https:\\\/\\\/swiftlifts.com\\\/sv\\\/produkter\\\/\"]}]},{\"@type\":\"ImageObject\",\"inLanguage\":\"sv-SE\",\"@id\":\"https:\\\/\\\/swiftlifts.com\\\/sv\\\/produkter\\\/#primaryimage\",\"url\":\"https:\\\/\\\/swiftlifts.com\\\/wp-content\\\/uploads\\\/2022\\\/06\\\/5.jpg\",\"contentUrl\":\"https:\\\/\\\/swiftlifts.com\\\/wp-content\\\/uploads\\\/2022\\\/06\\\/5.jpg\",\"width\":2000,\"height\":950,\"caption\":\"Hiss f\u00f6r villor fr\u00e5n SWIFT.\"},{\"@type\":\"BreadcrumbList\",\"@id\":\"https:\\\/\\\/swiftlifts.com\\\/sv\\\/produkter\\\/#breadcrumb\",\"itemListElement\":[{\"@type\":\"ListItem\",\"position\":1,\"name\":\"Home\",\"item\":\"https:\\\/\\\/swiftlifts.com\\\/sv\\\/\"},{\"@type\":\"ListItem\",\"position\":2,\"name\":\"Produkter\"}]},{\"@type\":\"WebSite\",\"@id\":\"https:\\\/\\\/swiftlifts.com\\\/sv\\\/#website\",\"url\":\"https:\\\/\\\/swiftlifts.com\\\/sv\\\/\",\"name\":\"SWIFT - 100% battery driven home lifts\",\"description\":\"NEW WAYS TO MOVE\",\"publisher\":{\"@id\":\"https:\\\/\\\/swiftlifts.com\\\/sv\\\/#organization\"},\"potentialAction\":[{\"@type\":\"SearchAction\",\"target\":{\"@type\":\"EntryPoint\",\"urlTemplate\":\"https:\\\/\\\/swiftlifts.com\\\/sv\\\/?s={search_term_string}\"},\"query-input\":{\"@type\":\"PropertyValueSpecification\",\"valueRequired\":true,\"valueName\":\"search_term_string\"}}],\"inLanguage\":\"sv-SE\"},{\"@type\":\"Organization\",\"@id\":\"https:\\\/\\\/swiftlifts.com\\\/sv\\\/#organization\",\"name\":\"SWIFT Home Lifts\",\"url\":\"https:\\\/\\\/swiftlifts.com\\\/sv\\\/\",\"logo\":{\"@type\":\"ImageObject\",\"inLanguage\":\"sv-SE\",\"@id\":\"https:\\\/\\\/swiftlifts.com\\\/sv\\\/#\\\/schema\\\/logo\\\/image\\\/\",\"url\":\"https:\\\/\\\/swiftlifts.com\\\/wp-content\\\/uploads\\\/2025\\\/03\\\/cropped-SWIFT-Logo-Google.jpg\",\"contentUrl\":\"https:\\\/\\\/swiftlifts.com\\\/wp-content\\\/uploads\\\/2025\\\/03\\\/cropped-SWIFT-Logo-Google.jpg\",\"width\":512,\"height\":512,\"caption\":\"SWIFT Home Lifts\"},\"image\":{\"@id\":\"https:\\\/\\\/swiftlifts.com\\\/sv\\\/#\\\/schema\\\/logo\\\/image\\\/\"},\"sameAs\":[\"https:\\\/\\\/www.facebook.com\\\/swifthomelifts\",\"https:\\\/\\\/www.instagram.com\\\/swifthomelifts\\\/\",\"https:\\\/\\\/www.linkedin.com\\\/company\\\/swifthomelifts\\\/\",\"https:\\\/\\\/www.pinterest.se\\\/swifthomelifts\\\/\",\"https:\\\/\\\/www.youtube.com\\\/@swift5669\"]}]}<\/script>\n<!-- \/ Yoast SEO Premium plugin. -->","yoast_head_json":{"title":"Villahiss Produkter \u2013 Se Alla Modeller & Teknik","description":"Hiss f\u00f6r villor med olika behov och budgetar. SWIFT Pro \u00e4r v\u00e5r mest avancerade och lyxiga villahiss. SWIFT Lite \u00e4r gjord f\u00f6r l\u00e4gre budget.","robots":{"index":"index","follow":"follow","max-snippet":"max-snippet:-1","max-image-preview":"max-image-preview:large","max-video-preview":"max-video-preview:-1"},"canonical":"https:\/\/swiftlifts.com\/sv\/produkter\/","og_locale":"sv_SE","og_type":"article","og_title":"Produkter","og_description":"Hiss f\u00f6r villor med olika behov och budgetar. SWIFT Pro \u00e4r v\u00e5r mest avancerade och lyxiga villahiss. SWIFT Lite \u00e4r gjord f\u00f6r l\u00e4gre budget.","og_url":"https:\/\/swiftlifts.com\/sv\/produkter\/","og_site_name":"SWIFT - 100% battery driven home lifts","article_publisher":"https:\/\/www.facebook.com\/swifthomelifts","article_modified_time":"2026-02-20T11:34:28+00:00","og_image":[{"width":2000,"height":950,"url":"https:\/\/swiftlifts.com\/wp-content\/uploads\/2022\/06\/5.jpg","type":"image\/jpeg"}],"twitter_card":"summary_large_image","twitter_misc":{"Ber\u00e4knad l\u00e4stid":"2 minuter"},"schema":{"@context":"https:\/\/schema.org","@graph":[{"@type":"WebPage","@id":"https:\/\/swiftlifts.com\/sv\/produkter\/","url":"https:\/\/swiftlifts.com\/sv\/produkter\/","name":"Villahiss Produkter \u2013 Se Alla Modeller & Teknik","isPartOf":{"@id":"https:\/\/swiftlifts.com\/sv\/#website"},"primaryImageOfPage":{"@id":"https:\/\/swiftlifts.com\/sv\/produkter\/#primaryimage"},"image":{"@id":"https:\/\/swiftlifts.com\/sv\/produkter\/#primaryimage"},"thumbnailUrl":"https:\/\/swiftlifts.com\/wp-content\/uploads\/2022\/06\/5.jpg","datePublished":"2022-10-24T12:42:01+00:00","dateModified":"2026-02-20T11:34:28+00:00","description":"Hiss f\u00f6r villor med olika behov och budgetar. SWIFT Pro \u00e4r v\u00e5r mest avancerade och lyxiga villahiss. SWIFT Lite \u00e4r gjord f\u00f6r l\u00e4gre budget.","breadcrumb":{"@id":"https:\/\/swiftlifts.com\/sv\/produkter\/#breadcrumb"},"inLanguage":"sv-SE","potentialAction":[{"@type":"ReadAction","target":["https:\/\/swiftlifts.com\/sv\/produkter\/"]}]},{"@type":"ImageObject","inLanguage":"sv-SE","@id":"https:\/\/swiftlifts.com\/sv\/produkter\/#primaryimage","url":"https:\/\/swiftlifts.com\/wp-content\/uploads\/2022\/06\/5.jpg","contentUrl":"https:\/\/swiftlifts.com\/wp-content\/uploads\/2022\/06\/5.jpg","width":2000,"height":950,"caption":"Hiss f\u00f6r villor fr\u00e5n SWIFT."},{"@type":"BreadcrumbList","@id":"https:\/\/swiftlifts.com\/sv\/produkter\/#breadcrumb","itemListElement":[{"@type":"ListItem","position":1,"name":"Home","item":"https:\/\/swiftlifts.com\/sv\/"},{"@type":"ListItem","position":2,"name":"Produkter"}]},{"@type":"WebSite","@id":"https:\/\/swiftlifts.com\/sv\/#website","url":"https:\/\/swiftlifts.com\/sv\/","name":"SWIFT - 100% battery driven home lifts","description":"NEW WAYS TO MOVE","publisher":{"@id":"https:\/\/swiftlifts.com\/sv\/#organization"},"potentialAction":[{"@type":"SearchAction","target":{"@type":"EntryPoint","urlTemplate":"https:\/\/swiftlifts.com\/sv\/?s={search_term_string}"},"query-input":{"@type":"PropertyValueSpecification","valueRequired":true,"valueName":"search_term_string"}}],"inLanguage":"sv-SE"},{"@type":"Organization","@id":"https:\/\/swiftlifts.com\/sv\/#organization","name":"SWIFT Home Lifts","url":"https:\/\/swiftlifts.com\/sv\/","logo":{"@type":"ImageObject","inLanguage":"sv-SE","@id":"https:\/\/swiftlifts.com\/sv\/#\/schema\/logo\/image\/","url":"https:\/\/swiftlifts.com\/wp-content\/uploads\/2025\/03\/cropped-SWIFT-Logo-Google.jpg","contentUrl":"https:\/\/swiftlifts.com\/wp-content\/uploads\/2025\/03\/cropped-SWIFT-Logo-Google.jpg","width":512,"height":512,"caption":"SWIFT Home Lifts"},"image":{"@id":"https:\/\/swiftlifts.com\/sv\/#\/schema\/logo\/image\/"},"sameAs":["https:\/\/www.facebook.com\/swifthomelifts","https:\/\/www.instagram.com\/swifthomelifts\/","https:\/\/www.linkedin.com\/company\/swifthomelifts\/","https:\/\/www.pinterest.se\/swifthomelifts\/","https:\/\/www.youtube.com\/@swift5669"]}]}},"_links":{"self":[{"href":"https:\/\/swiftlifts.com\/sv\/wp-json\/wp\/v2\/pages\/6534","targetHints":{"allow":["GET"]}}],"collection":[{"href":"https:\/\/swiftlifts.com\/sv\/wp-json\/wp\/v2\/pages"}],"about":[{"href":"https:\/\/swiftlifts.com\/sv\/wp-json\/wp\/v2\/types\/page"}],"author":[{"embeddable":true,"href":"https:\/\/swiftlifts.com\/sv\/wp-json\/wp\/v2\/users\/6"}],"replies":[{"embeddable":true,"href":"https:\/\/swiftlifts.com\/sv\/wp-json\/wp\/v2\/comments?post=6534"}],"version-history":[{"count":22,"href":"https:\/\/swiftlifts.com\/sv\/wp-json\/wp\/v2\/pages\/6534\/revisions"}],"predecessor-version":[{"id":56550,"href":"https:\/\/swiftlifts.com\/sv\/wp-json\/wp\/v2\/pages\/6534\/revisions\/56550"}],"wp:featuredmedia":[{"embeddable":true,"href":"https:\/\/swiftlifts.com\/sv\/wp-json\/wp\/v2\/media\/4419"}],"wp:attachment":[{"href":"https:\/\/swiftlifts.com\/sv\/wp-json\/wp\/v2\/media?parent=6534"}],"curies":[{"name":"wp","href":"https:\/\/api.w.org\/{rel}","templated":true}]}}