{"id":55951,"date":"2026-01-20T08:37:06","date_gmt":"2026-01-20T08:37:06","guid":{"rendered":"https:\/\/swiftlifts.com\/?page_id=55951"},"modified":"2026-03-26T14:58:45","modified_gmt":"2026-03-26T14:58:45","slug":"bygg-din-hiss","status":"publish","type":"page","link":"https:\/\/swiftlifts.com\/sv\/bygg-din-hiss\/","title":{"rendered":"Bygg din hiss"},"content":{"rendered":"\n\t<section class=\"section build-your-lift-sec\" id=\"section_2086910310\">\n\t\t<div class=\"section-bg fill\" >\n\t\t\t\t\t\t\t\t\t\n\t\t\t\n\n\t\t<\/div>\n\n\t\t\n\n\t\t<div class=\"section-content relative\">\n\t\t\t\n<div class=\"row align-bottom align-center\" style=\"max-width:80%\" id=\"row-1062688047\">\n\n\t<div id=\"col-1322104686\" class=\"col medium-12 small-12 large-12\"  >\n\t\t\t\t<div class=\"col-inner text-center\"  >\n\t\t\t\n\t\t\t\n\t<div id=\"text-1661274649\" class=\"text\">\n\t\t\n<h1>Bygg din hiss<\/h1>\n\t\t\n<style>\n#text-1661274649 {\n  font-size: 1.5rem;\n  color: rgb(0,0,0);\n}\n#text-1661274649 > * {\n  color: rgb(0,0,0);\n}\n<\/style>\n\t<\/div>\n\t\n\t\t<\/div>\n\t\t\t\t\n<style>\n#col-1322104686 > .col-inner {\n  padding: 0px 0px 0px 0px;\n  margin: 0px 0px -30px 0px;\n}\n<\/style>\n\t<\/div>\n\n\t\n\n<style>\n#row-1062688047 > .col > .col-inner {\n  padding: 20px 0px 0px 0px;\n  background-color: rgb(250, 245, 242);\n}\n<\/style>\n<\/div>\n<div class=\"row row-full-width\"  id=\"row-1782936023\">\n\n\t<div id=\"col-1186955000\" class=\"col hide-for-small medium-4 small-12 large-4\"  >\n\t\t\t\t<div class=\"col-inner\"  >\n\t\t\t\n\t\t\t\n\t\t<\/div>\n\t\t\t\t\t<\/div>\n\n\t\n\n\t<div id=\"col-1984809123\" class=\"col medium-2 small-12 large-2\"  >\n\t\t\t\t<div class=\"col-inner text-center\"  >\n\t\t\t\n\t\t\t\n<p><img loading=\"lazy\" decoding=\"async\" class=\"alignnone size-medium wp-image-43198\" src=\"https:\/\/swiftlifts.com\/wp-content\/uploads\/2025\/03\/SWIFT_Pro-345x400.jpg\" alt=\"SWIFT Pro\" width=\"345\" height=\"400\" srcset=\"https:\/\/swiftlifts.com\/wp-content\/uploads\/2025\/03\/SWIFT_Pro-345x400.jpg 345w, https:\/\/swiftlifts.com\/wp-content\/uploads\/2025\/03\/SWIFT_Pro-689x800.jpg 689w, https:\/\/swiftlifts.com\/wp-content\/uploads\/2025\/03\/SWIFT_Pro-768x891.jpg 768w, https:\/\/swiftlifts.com\/wp-content\/uploads\/2025\/03\/SWIFT_Pro.jpg 896w\" sizes=\"auto, (max-width: 345px) 100vw, 345px\" \/><\/p>\n\t\t<\/div>\n\t\t\t\t\t<\/div>\n\n\t\n\n\t<div id=\"col-1037062812\" class=\"col hide-for-small medium-2 small-12 large-2\"  >\n\t\t\t\t<div class=\"col-inner text-center\"  >\n\t\t\t\n\t\t\t\n<p><img loading=\"lazy\" decoding=\"async\" class=\"alignnone size-medium wp-image-43219\" src=\"https:\/\/swiftlifts.com\/wp-content\/uploads\/2025\/03\/SWIFT_Lite-345x400.jpg\" alt=\"SWIFT Lite\" width=\"345\" height=\"400\" srcset=\"https:\/\/swiftlifts.com\/wp-content\/uploads\/2025\/03\/SWIFT_Lite-345x400.jpg 345w, https:\/\/swiftlifts.com\/wp-content\/uploads\/2025\/03\/SWIFT_Lite-689x800.jpg 689w, https:\/\/swiftlifts.com\/wp-content\/uploads\/2025\/03\/SWIFT_Lite-768x891.jpg 768w, https:\/\/swiftlifts.com\/wp-content\/uploads\/2025\/03\/SWIFT_Lite.jpg 896w\" sizes=\"auto, (max-width: 345px) 100vw, 345px\" \/><\/p>\n\t\t<\/div>\n\t\t\t\t\t<\/div>\n\n\t\n<\/div>\n<div class=\"row row-full-width\"  id=\"row-121471256\">\n\n\t<div id=\"col-337404667\" class=\"col hide-for-small medium-4 small-12 large-4\"  >\n\t\t\t\t<div class=\"col-inner\"  >\n\t\t\t\n\t\t\t\n\t\t<\/div>\n\t\t\t\t\t<\/div>\n\n\t\n\n\t<div id=\"col-1305992653\" class=\"col medium-4 small-12 large-4\"  >\n\t\t\t\t<div class=\"col-inner text-center\"  >\n\t\t\t\n\t\t\t\n\t<div id=\"text-785273394\" class=\"text\">\n\t\t\n<h2>Kom ig\u00e5ng och bygg din hiss<\/h2>\n\t\t\n<style>\n#text-785273394 {\n  font-size: 1rem;\n  text-align: left;\n  color: rgb(30, 98, 122);\n}\n#text-785273394 > * {\n  color: rgb(30, 98, 122);\n}\n<\/style>\n\t<\/div>\n\t\n\t<div id=\"text-1956457852\" class=\"text\">\n\t\t\n<p>G\u00f6r dina val i lugn och ro och se hur resultatet f\u00f6r\u00e4ndras. Om du vill kan du f\u00e5 hj\u00e4lp av en digital r\u00e5dgivare som guidar dig till r\u00e4tt val. N\u00e4r du \u00e4r klar f\u00e5r du ett tydligt f\u00f6rslag p\u00e5 design och kostnad.<\/p>\n\t\t\n<style>\n#text-1956457852 {\n  text-align: left;\n}\n<\/style>\n\t<\/div>\n\t\n<a href=\"https:\/\/sailsrep.ai\/swipe-cpq\/swift_prod\" class=\"button primary lowercase arrow-icon-button-teal\" >\n\t\t<span>Designa din hiss<\/span>\n\t<\/a>\n\n<div class=\"is-divider divider clearfix\" style=\"max-width:100%;height:1px;background-color:rgb(30, 98, 122);\"><\/div>\n\t\t<\/div>\n\t\t\t\t\t<\/div>\n\n\t\n<\/div>\n\t\t<\/div>\n\n\t\t\n<style>\n#section_2086910310 {\n  padding-top: 0px;\n  padding-bottom: 0px;\n  margin-bottom: 0px;\n  background-color: rgb(250, 245, 242);\n}\n<\/style>\n\t<\/section>\n\t\n\n","protected":false},"excerpt":{"rendered":"","protected":false},"author":1,"featured_media":0,"parent":0,"menu_order":0,"comment_status":"closed","ping_status":"closed","template":"page-blank-landingpage.php","meta":{"_acf_changed":false,"content-type":"","footnotes":""},"class_list":["post-55951","page","type-page","status-publish","hentry"],"acf":[],"yoast_head":"<!-- This site is optimized with the Yoast SEO Premium plugin v27.3 (Yoast SEO v27.4) - https:\/\/yoast.com\/product\/yoast-seo-premium-wordpress\/ -->\n<title>Bygg din hiss - SWIFT - 100% battery driven home lifts<\/title>\n<meta name=\"robots\" content=\"index, follow, max-snippet:-1, max-image-preview:large, max-video-preview:-1\" \/>\n<link rel=\"canonical\" href=\"https:\/\/swiftlifts.com\/sv\/bygg-din-hiss\/\" \/>\n<meta property=\"og:locale\" content=\"sv_SE\" \/>\n<meta property=\"og:type\" content=\"article\" \/>\n<meta property=\"og:title\" content=\"Bygg din hiss\" \/>\n<meta property=\"og:url\" content=\"https:\/\/swiftlifts.com\/sv\/bygg-din-hiss\/\" \/>\n<meta property=\"og:site_name\" content=\"SWIFT - 100% battery driven home lifts\" \/>\n<meta property=\"article:publisher\" content=\"https:\/\/www.facebook.com\/swifthomelifts\" \/>\n<meta property=\"article:modified_time\" content=\"2026-03-26T14:58:45+00:00\" \/>\n<meta property=\"og:image\" content=\"https:\/\/swiftlifts.com\/wp-content\/uploads\/2025\/03\/SWIFT_Pro-345x400.jpg\" \/>\n<meta name=\"twitter:card\" content=\"summary_large_image\" \/>\n<meta name=\"twitter:label1\" content=\"Ber\u00e4knad l\u00e4stid\" \/>\n\t<meta name=\"twitter:data1\" content=\"2 minuter\" \/>\n<script type=\"application\/ld+json\" class=\"yoast-schema-graph\">{\"@context\":\"https:\\\/\\\/schema.org\",\"@graph\":[{\"@type\":\"WebPage\",\"@id\":\"https:\\\/\\\/swiftlifts.com\\\/sv\\\/bygg-din-hiss\\\/\",\"url\":\"https:\\\/\\\/swiftlifts.com\\\/sv\\\/bygg-din-hiss\\\/\",\"name\":\"Bygg din hiss - SWIFT - 100% battery driven home lifts\",\"isPartOf\":{\"@id\":\"https:\\\/\\\/swiftlifts.com\\\/sv\\\/#website\"},\"primaryImageOfPage\":{\"@id\":\"https:\\\/\\\/swiftlifts.com\\\/sv\\\/bygg-din-hiss\\\/#primaryimage\"},\"image\":{\"@id\":\"https:\\\/\\\/swiftlifts.com\\\/sv\\\/bygg-din-hiss\\\/#primaryimage\"},\"thumbnailUrl\":\"https:\\\/\\\/swiftlifts.com\\\/wp-content\\\/uploads\\\/2025\\\/03\\\/SWIFT_Pro-345x400.jpg\",\"datePublished\":\"2026-01-20T08:37:06+00:00\",\"dateModified\":\"2026-03-26T14:58:45+00:00\",\"breadcrumb\":{\"@id\":\"https:\\\/\\\/swiftlifts.com\\\/sv\\\/bygg-din-hiss\\\/#breadcrumb\"},\"inLanguage\":\"sv-SE\",\"potentialAction\":[{\"@type\":\"ReadAction\",\"target\":[\"https:\\\/\\\/swiftlifts.com\\\/sv\\\/bygg-din-hiss\\\/\"]}]},{\"@type\":\"ImageObject\",\"inLanguage\":\"sv-SE\",\"@id\":\"https:\\\/\\\/swiftlifts.com\\\/sv\\\/bygg-din-hiss\\\/#primaryimage\",\"url\":\"https:\\\/\\\/swiftlifts.com\\\/wp-content\\\/uploads\\\/2025\\\/03\\\/SWIFT_Pro-345x400.jpg\",\"contentUrl\":\"https:\\\/\\\/swiftlifts.com\\\/wp-content\\\/uploads\\\/2025\\\/03\\\/SWIFT_Pro-345x400.jpg\"},{\"@type\":\"BreadcrumbList\",\"@id\":\"https:\\\/\\\/swiftlifts.com\\\/sv\\\/bygg-din-hiss\\\/#breadcrumb\",\"itemListElement\":[{\"@type\":\"ListItem\",\"position\":1,\"name\":\"Home\",\"item\":\"https:\\\/\\\/swiftlifts.com\\\/sv\\\/\"},{\"@type\":\"ListItem\",\"position\":2,\"name\":\"Bygg din hiss\"}]},{\"@type\":\"WebSite\",\"@id\":\"https:\\\/\\\/swiftlifts.com\\\/sv\\\/#website\",\"url\":\"https:\\\/\\\/swiftlifts.com\\\/sv\\\/\",\"name\":\"SWIFT - 100% battery driven home lifts\",\"description\":\"NEW WAYS TO MOVE\",\"publisher\":{\"@id\":\"https:\\\/\\\/swiftlifts.com\\\/sv\\\/#organization\"},\"potentialAction\":[{\"@type\":\"SearchAction\",\"target\":{\"@type\":\"EntryPoint\",\"urlTemplate\":\"https:\\\/\\\/swiftlifts.com\\\/sv\\\/?s={search_term_string}\"},\"query-input\":{\"@type\":\"PropertyValueSpecification\",\"valueRequired\":true,\"valueName\":\"search_term_string\"}}],\"inLanguage\":\"sv-SE\"},{\"@type\":\"Organization\",\"@id\":\"https:\\\/\\\/swiftlifts.com\\\/sv\\\/#organization\",\"name\":\"SWIFT Home Lifts\",\"url\":\"https:\\\/\\\/swiftlifts.com\\\/sv\\\/\",\"logo\":{\"@type\":\"ImageObject\",\"inLanguage\":\"sv-SE\",\"@id\":\"https:\\\/\\\/swiftlifts.com\\\/sv\\\/#\\\/schema\\\/logo\\\/image\\\/\",\"url\":\"https:\\\/\\\/swiftlifts.com\\\/wp-content\\\/uploads\\\/2025\\\/03\\\/cropped-SWIFT-Logo-Google.jpg\",\"contentUrl\":\"https:\\\/\\\/swiftlifts.com\\\/wp-content\\\/uploads\\\/2025\\\/03\\\/cropped-SWIFT-Logo-Google.jpg\",\"width\":512,\"height\":512,\"caption\":\"SWIFT Home Lifts\"},\"image\":{\"@id\":\"https:\\\/\\\/swiftlifts.com\\\/sv\\\/#\\\/schema\\\/logo\\\/image\\\/\"},\"sameAs\":[\"https:\\\/\\\/www.facebook.com\\\/swifthomelifts\",\"https:\\\/\\\/www.instagram.com\\\/swifthomelifts\\\/\",\"https:\\\/\\\/www.linkedin.com\\\/company\\\/swifthomelifts\\\/\",\"https:\\\/\\\/www.pinterest.se\\\/swifthomelifts\\\/\",\"https:\\\/\\\/www.youtube.com\\\/@swift5669\"]}]}<\/script>\n<!-- \/ Yoast SEO Premium plugin. -->","yoast_head_json":{"title":"Bygg din hiss - SWIFT - 100% battery driven home lifts","robots":{"index":"index","follow":"follow","max-snippet":"max-snippet:-1","max-image-preview":"max-image-preview:large","max-video-preview":"max-video-preview:-1"},"canonical":"https:\/\/swiftlifts.com\/sv\/bygg-din-hiss\/","og_locale":"sv_SE","og_type":"article","og_title":"Bygg din hiss","og_url":"https:\/\/swiftlifts.com\/sv\/bygg-din-hiss\/","og_site_name":"SWIFT - 100% battery driven home lifts","article_publisher":"https:\/\/www.facebook.com\/swifthomelifts","article_modified_time":"2026-03-26T14:58:45+00:00","og_image":[{"url":"https:\/\/swiftlifts.com\/wp-content\/uploads\/2025\/03\/SWIFT_Pro-345x400.jpg","type":"","width":"","height":""}],"twitter_card":"summary_large_image","twitter_misc":{"Ber\u00e4knad l\u00e4stid":"2 minuter"},"schema":{"@context":"https:\/\/schema.org","@graph":[{"@type":"WebPage","@id":"https:\/\/swiftlifts.com\/sv\/bygg-din-hiss\/","url":"https:\/\/swiftlifts.com\/sv\/bygg-din-hiss\/","name":"Bygg din hiss - SWIFT - 100% battery driven home lifts","isPartOf":{"@id":"https:\/\/swiftlifts.com\/sv\/#website"},"primaryImageOfPage":{"@id":"https:\/\/swiftlifts.com\/sv\/bygg-din-hiss\/#primaryimage"},"image":{"@id":"https:\/\/swiftlifts.com\/sv\/bygg-din-hiss\/#primaryimage"},"thumbnailUrl":"https:\/\/swiftlifts.com\/wp-content\/uploads\/2025\/03\/SWIFT_Pro-345x400.jpg","datePublished":"2026-01-20T08:37:06+00:00","dateModified":"2026-03-26T14:58:45+00:00","breadcrumb":{"@id":"https:\/\/swiftlifts.com\/sv\/bygg-din-hiss\/#breadcrumb"},"inLanguage":"sv-SE","potentialAction":[{"@type":"ReadAction","target":["https:\/\/swiftlifts.com\/sv\/bygg-din-hiss\/"]}]},{"@type":"ImageObject","inLanguage":"sv-SE","@id":"https:\/\/swiftlifts.com\/sv\/bygg-din-hiss\/#primaryimage","url":"https:\/\/swiftlifts.com\/wp-content\/uploads\/2025\/03\/SWIFT_Pro-345x400.jpg","contentUrl":"https:\/\/swiftlifts.com\/wp-content\/uploads\/2025\/03\/SWIFT_Pro-345x400.jpg"},{"@type":"BreadcrumbList","@id":"https:\/\/swiftlifts.com\/sv\/bygg-din-hiss\/#breadcrumb","itemListElement":[{"@type":"ListItem","position":1,"name":"Home","item":"https:\/\/swiftlifts.com\/sv\/"},{"@type":"ListItem","position":2,"name":"Bygg din hiss"}]},{"@type":"WebSite","@id":"https:\/\/swiftlifts.com\/sv\/#website","url":"https:\/\/swiftlifts.com\/sv\/","name":"SWIFT - 100% battery driven home lifts","description":"NEW WAYS TO MOVE","publisher":{"@id":"https:\/\/swiftlifts.com\/sv\/#organization"},"potentialAction":[{"@type":"SearchAction","target":{"@type":"EntryPoint","urlTemplate":"https:\/\/swiftlifts.com\/sv\/?s={search_term_string}"},"query-input":{"@type":"PropertyValueSpecification","valueRequired":true,"valueName":"search_term_string"}}],"inLanguage":"sv-SE"},{"@type":"Organization","@id":"https:\/\/swiftlifts.com\/sv\/#organization","name":"SWIFT Home Lifts","url":"https:\/\/swiftlifts.com\/sv\/","logo":{"@type":"ImageObject","inLanguage":"sv-SE","@id":"https:\/\/swiftlifts.com\/sv\/#\/schema\/logo\/image\/","url":"https:\/\/swiftlifts.com\/wp-content\/uploads\/2025\/03\/cropped-SWIFT-Logo-Google.jpg","contentUrl":"https:\/\/swiftlifts.com\/wp-content\/uploads\/2025\/03\/cropped-SWIFT-Logo-Google.jpg","width":512,"height":512,"caption":"SWIFT Home Lifts"},"image":{"@id":"https:\/\/swiftlifts.com\/sv\/#\/schema\/logo\/image\/"},"sameAs":["https:\/\/www.facebook.com\/swifthomelifts","https:\/\/www.instagram.com\/swifthomelifts\/","https:\/\/www.linkedin.com\/company\/swifthomelifts\/","https:\/\/www.pinterest.se\/swifthomelifts\/","https:\/\/www.youtube.com\/@swift5669"]}]}},"_links":{"self":[{"href":"https:\/\/swiftlifts.com\/sv\/wp-json\/wp\/v2\/pages\/55951","targetHints":{"allow":["GET"]}}],"collection":[{"href":"https:\/\/swiftlifts.com\/sv\/wp-json\/wp\/v2\/pages"}],"about":[{"href":"https:\/\/swiftlifts.com\/sv\/wp-json\/wp\/v2\/types\/page"}],"author":[{"embeddable":true,"href":"https:\/\/swiftlifts.com\/sv\/wp-json\/wp\/v2\/users\/1"}],"replies":[{"embeddable":true,"href":"https:\/\/swiftlifts.com\/sv\/wp-json\/wp\/v2\/comments?post=55951"}],"version-history":[{"count":15,"href":"https:\/\/swiftlifts.com\/sv\/wp-json\/wp\/v2\/pages\/55951\/revisions"}],"predecessor-version":[{"id":59890,"href":"https:\/\/swiftlifts.com\/sv\/wp-json\/wp\/v2\/pages\/55951\/revisions\/59890"}],"wp:attachment":[{"href":"https:\/\/swiftlifts.com\/sv\/wp-json\/wp\/v2\/media?parent=55951"}],"curies":[{"name":"wp","href":"https:\/\/api.w.org\/{rel}","templated":true}]}}