{"id":5569,"date":"2022-08-05T06:08:13","date_gmt":"2022-08-05T06:08:13","guid":{"rendered":"https:\/\/swiftlifts.com\/about\/"},"modified":"2025-07-23T18:42:54","modified_gmt":"2025-07-23T18:42:54","slug":"om-oss","status":"publish","type":"page","link":"https:\/\/swiftlifts.com\/sv\/om-oss\/","title":{"rendered":"Om"},"content":{"rendered":"\n\t<section class=\"section sticky-section has-parallax\" id=\"section_1196312979\">\n\t\t<div class=\"section-bg fill\" data-parallax-container=\".section\" data-parallax-background data-parallax=\"-10\">\n\t\t\t<img loading=\"lazy\" decoding=\"async\" width=\"2560\" height=\"1608\" src=\"https:\/\/swiftlifts.com\/wp-content\/uploads\/2022\/07\/SWIFT_Sweden_Stockholm_12_Beskuren-1.jpg\" class=\"bg attachment-original size-original\" alt=\"SWIFT Sweden\" \/>\t\t\t\t\t\t\n\t\t\t\n\n\t\t<\/div>\n\n\t\t\n\n\t\t<div class=\"section-content relative\">\n\t\t\t\n<div class=\"row row-full-width align-center\"  id=\"row-84974158\">\n\n\t<div id=\"col-300635136\" class=\"col medium-3 small-12 large-3\"  >\n\t\t\t\t<div class=\"col-inner text-left\"  >\n\t\t\t\n\t\t\t\n\t<div id=\"text-4261167551\" class=\"text\">\n\t\t\n<h2>V\u00e5r story<\/h2>\n\t\t\n<style>\n#text-4261167551 {\n  font-size: 2rem;\n  text-align: left;\n  color: #ff9196;\n}\n#text-4261167551 > * {\n  color: #ff9196;\n}\n<\/style>\n\t<\/div>\n\t\n\t<div id=\"text-3654435243\" class=\"text\">\n\t\t\n<p><b>P\u00e5 SWIFT str\u00e4var vi efter att f\u00f6rb\u00e4ttra samh\u00e4llet genom att g\u00f6ra livet mer bekv\u00e4mt och h\u00e5llbart. Detta genom att introducera ett villa hiss koncept som \u00e4r snyggt, affordable och kul och enkelt att anv\u00e4nda.<\/b><\/p>\n\t\t\n<style>\n#text-3654435243 {\n  font-size: 1.5rem;\n  text-align: left;\n  color: rgb(255, 255, 255);\n}\n#text-3654435243 > * {\n  color: rgb(255, 255, 255);\n}\n<\/style>\n\t<\/div>\n\t\n<a href=\"https:\/\/swiftlifts.com\/sv\/var-story\/\" class=\"button primary lowercase\" >\n\t\t<span>L\u00e4s mer om v\u00e5rt brand<\/span>\n\t<i class=\"icon-angle-right\" aria-hidden=\"true\"><\/i><\/a>\n\n\t\t<\/div>\n\t\t\t\t\n<style>\n#col-300635136 > .col-inner {\n  padding: 0 0px 0px 0px;\n}\n@media (min-width:550px) {\n  #col-300635136 > .col-inner {\n    padding: 50% 0 0px 0px;\n  }\n}\n<\/style>\n\t<\/div>\n\n\t\n\n\t<div id=\"col-1067799493\" class=\"col hide-for-medium medium-1 small-12 large-1\"  >\n\t\t\t\t<div class=\"col-inner\"  >\n\t\t\t\n\t\t\t\n\t\t<\/div>\n\t\t\t\t\t<\/div>\n\n\t\n\n\t<div id=\"col-960958803\" class=\"col medium-3 small-12 large-3\"  >\n\t\t\t\t<div class=\"col-inner text-left\"  >\n\t\t\t\n\t\t\t\n\t<div id=\"text-1403545989\" class=\"text\">\n\t\t\n<h2>SWIFT People<\/h2>\n\t\t\n<style>\n#text-1403545989 {\n  font-size: 2rem;\n  text-align: left;\n  color: #ff9196;\n}\n#text-1403545989 > * {\n  color: #ff9196;\n}\n<\/style>\n\t<\/div>\n\t\n\t<div id=\"text-721509473\" class=\"text\">\n\t\t\n<p><b>SWIFT \u00e4r ett svenskt home tech f\u00f6retag grundat av villahiss pionj\u00e4rer som delar en passion f\u00f6r produkter som kan g\u00f6ra skillnad.<\/p>\n<p><\/b><\/p>\n\t\t\n<style>\n#text-721509473 {\n  font-size: 1.5rem;\n  text-align: left;\n  color: rgb(255, 255, 255);\n}\n#text-721509473 > * {\n  color: rgb(255, 255, 255);\n}\n<\/style>\n\t<\/div>\n\t\n<a href=\"https:\/\/swiftlifts.com\/sv\/swift-people\/\" class=\"button primary lowercase\" >\n\t\t<span>L\u00e4s mer om v\u00e5rt team<\/span>\n\t<i class=\"icon-angle-right\" aria-hidden=\"true\"><\/i><\/a>\n\n\t\t<\/div>\n\t\t\t\t\n<style>\n#col-960958803 > .col-inner {\n  padding: 0 0px 0px 0px;\n}\n@media (min-width:550px) {\n  #col-960958803 > .col-inner {\n    padding: 50% 0 0px 0px;\n  }\n}\n<\/style>\n\t<\/div>\n\n\t\n\n<style>\n#row-84974158 > .col > .col-inner {\n  padding: 0px 0px 0px 0px;\n}\n@media (min-width:550px) {\n  #row-84974158 > .col > .col-inner {\n    padding: 100px 0px 50px 0px;\n  }\n}\n<\/style>\n<\/div>\n\t<div id=\"text-2348733858\" class=\"text\">\n\t\t\n<h1>Discover Swift Lifts: Your Partner in Reliable Lift Solutions<\/h1>\n\t\t\n<style>\n#text-2348733858 {\n  text-align: center;\n}\n<\/style>\n\t<\/div>\n\t\n\t\t<\/div>\n\n\t\t\n<style>\n#section_1196312979 {\n  padding-top: 0px;\n  padding-bottom: 0px;\n}\n<\/style>\n\t<\/section>\n\t\n","protected":false},"excerpt":{"rendered":"","protected":false},"author":1,"featured_media":8888,"parent":0,"menu_order":0,"comment_status":"closed","ping_status":"closed","template":"page-transparent-header.php","meta":{"_acf_changed":false,"content-type":"","footnotes":""},"class_list":["post-5569","page","type-page","status-publish","has-post-thumbnail","hentry"],"acf":[],"yoast_head":"<!-- This site is optimized with the Yoast SEO Premium plugin v27.3 (Yoast SEO v27.4) - https:\/\/yoast.com\/product\/yoast-seo-premium-wordpress\/ -->\n<title>Hissf\u00f6retag med designade hissar f\u00f6r hem - swiftlifts.com<\/title>\n<meta name=\"description\" content=\"SWIFT \u00e4r ett svenskt villahiss f\u00f6retag med ambitionen att g\u00f6ra livet lite mer h\u00e5llbart, bekv\u00e4mt och kul. Enjoy years of stylish home movement.\" \/>\n<meta name=\"robots\" content=\"index, follow, max-snippet:-1, max-image-preview:large, max-video-preview:-1\" \/>\n<link rel=\"canonical\" href=\"https:\/\/swiftlifts.com\/sv\/om-oss\/\" \/>\n<meta property=\"og:locale\" content=\"sv_SE\" \/>\n<meta property=\"og:type\" content=\"article\" \/>\n<meta property=\"og:title\" content=\"Om\" \/>\n<meta property=\"og:description\" content=\"Svenskt villahiss bolag med ambition att g\u00f6ra livet mer h\u00e5llbart, bekv\u00e4mt och kul. F\u00f6rs\u00e4ljning i Europa, Asien, Mellan\u00f6stern. L\u00e4s v\u00e5r story.\" \/>\n<meta property=\"og:url\" content=\"https:\/\/swiftlifts.com\/sv\/om-oss\/\" \/>\n<meta property=\"og:site_name\" content=\"SWIFT - 100% battery driven home lifts\" \/>\n<meta property=\"article:publisher\" content=\"https:\/\/www.facebook.com\/swifthomelifts\" \/>\n<meta property=\"article:modified_time\" content=\"2025-07-23T18:42:54+00:00\" \/>\n<meta property=\"og:image\" content=\"https:\/\/swiftlifts.com\/wp-content\/uploads\/2021\/09\/SWIFT-Logotype-Black_H_2560.png\" \/>\n\t<meta property=\"og:image:width\" content=\"6497\" \/>\n\t<meta property=\"og:image:height\" content=\"4501\" \/>\n\t<meta property=\"og:image:type\" content=\"image\/png\" \/>\n<meta name=\"twitter:card\" content=\"summary_large_image\" \/>\n<meta name=\"twitter:description\" content=\"Svenskt villahiss bolag med ambition att g\u00f6ra livet mer h\u00e5llbart, bekv\u00e4mt och kul. F\u00f6rs\u00e4ljning i Europa, Asien, Mellan\u00f6stern. L\u00e4s v\u00e5r story.\" \/>\n<meta name=\"twitter:label1\" content=\"Ber\u00e4knad l\u00e4stid\" \/>\n\t<meta name=\"twitter:data1\" content=\"1 minut\" \/>\n<script type=\"application\/ld+json\" class=\"yoast-schema-graph\">{\"@context\":\"https:\\\/\\\/schema.org\",\"@graph\":[{\"@type\":\"WebPage\",\"@id\":\"https:\\\/\\\/swiftlifts.com\\\/sv\\\/om-oss\\\/\",\"url\":\"https:\\\/\\\/swiftlifts.com\\\/sv\\\/om-oss\\\/\",\"name\":\"Hissf\u00f6retag med designade hissar f\u00f6r hem - swiftlifts.com\",\"isPartOf\":{\"@id\":\"https:\\\/\\\/swiftlifts.com\\\/sv\\\/#website\"},\"primaryImageOfPage\":{\"@id\":\"https:\\\/\\\/swiftlifts.com\\\/sv\\\/om-oss\\\/#primaryimage\"},\"image\":{\"@id\":\"https:\\\/\\\/swiftlifts.com\\\/sv\\\/om-oss\\\/#primaryimage\"},\"thumbnailUrl\":\"https:\\\/\\\/swiftlifts.com\\\/wp-content\\\/uploads\\\/2021\\\/09\\\/SWIFT-Logotype-Black_H_2560.png\",\"datePublished\":\"2022-08-05T06:08:13+00:00\",\"dateModified\":\"2025-07-23T18:42:54+00:00\",\"description\":\"SWIFT \u00e4r ett svenskt villahiss f\u00f6retag med ambitionen att g\u00f6ra livet lite mer h\u00e5llbart, bekv\u00e4mt och kul. Enjoy years of stylish home movement.\",\"breadcrumb\":{\"@id\":\"https:\\\/\\\/swiftlifts.com\\\/sv\\\/om-oss\\\/#breadcrumb\"},\"inLanguage\":\"sv-SE\",\"potentialAction\":[{\"@type\":\"ReadAction\",\"target\":[\"https:\\\/\\\/swiftlifts.com\\\/sv\\\/om-oss\\\/\"]}]},{\"@type\":\"ImageObject\",\"inLanguage\":\"sv-SE\",\"@id\":\"https:\\\/\\\/swiftlifts.com\\\/sv\\\/om-oss\\\/#primaryimage\",\"url\":\"https:\\\/\\\/swiftlifts.com\\\/wp-content\\\/uploads\\\/2021\\\/09\\\/SWIFT-Logotype-Black_H_2560.png\",\"contentUrl\":\"https:\\\/\\\/swiftlifts.com\\\/wp-content\\\/uploads\\\/2021\\\/09\\\/SWIFT-Logotype-Black_H_2560.png\",\"width\":6497,\"height\":4501,\"caption\":\"Villahissbolag SWIFT\"},{\"@type\":\"BreadcrumbList\",\"@id\":\"https:\\\/\\\/swiftlifts.com\\\/sv\\\/om-oss\\\/#breadcrumb\",\"itemListElement\":[{\"@type\":\"ListItem\",\"position\":1,\"name\":\"Home\",\"item\":\"https:\\\/\\\/swiftlifts.com\\\/sv\\\/\"},{\"@type\":\"ListItem\",\"position\":2,\"name\":\"Om\"}]},{\"@type\":\"WebSite\",\"@id\":\"https:\\\/\\\/swiftlifts.com\\\/sv\\\/#website\",\"url\":\"https:\\\/\\\/swiftlifts.com\\\/sv\\\/\",\"name\":\"SWIFT - 100% battery driven home lifts\",\"description\":\"NEW WAYS TO MOVE\",\"publisher\":{\"@id\":\"https:\\\/\\\/swiftlifts.com\\\/sv\\\/#organization\"},\"potentialAction\":[{\"@type\":\"SearchAction\",\"target\":{\"@type\":\"EntryPoint\",\"urlTemplate\":\"https:\\\/\\\/swiftlifts.com\\\/sv\\\/?s={search_term_string}\"},\"query-input\":{\"@type\":\"PropertyValueSpecification\",\"valueRequired\":true,\"valueName\":\"search_term_string\"}}],\"inLanguage\":\"sv-SE\"},{\"@type\":\"Organization\",\"@id\":\"https:\\\/\\\/swiftlifts.com\\\/sv\\\/#organization\",\"name\":\"SWIFT Home Lifts\",\"url\":\"https:\\\/\\\/swiftlifts.com\\\/sv\\\/\",\"logo\":{\"@type\":\"ImageObject\",\"inLanguage\":\"sv-SE\",\"@id\":\"https:\\\/\\\/swiftlifts.com\\\/sv\\\/#\\\/schema\\\/logo\\\/image\\\/\",\"url\":\"https:\\\/\\\/swiftlifts.com\\\/wp-content\\\/uploads\\\/2025\\\/03\\\/cropped-SWIFT-Logo-Google.jpg\",\"contentUrl\":\"https:\\\/\\\/swiftlifts.com\\\/wp-content\\\/uploads\\\/2025\\\/03\\\/cropped-SWIFT-Logo-Google.jpg\",\"width\":512,\"height\":512,\"caption\":\"SWIFT Home Lifts\"},\"image\":{\"@id\":\"https:\\\/\\\/swiftlifts.com\\\/sv\\\/#\\\/schema\\\/logo\\\/image\\\/\"},\"sameAs\":[\"https:\\\/\\\/www.facebook.com\\\/swifthomelifts\",\"https:\\\/\\\/www.instagram.com\\\/swifthomelifts\\\/\",\"https:\\\/\\\/www.linkedin.com\\\/company\\\/swifthomelifts\\\/\",\"https:\\\/\\\/www.pinterest.se\\\/swifthomelifts\\\/\",\"https:\\\/\\\/www.youtube.com\\\/@swift5669\"]}]}<\/script>\n<!-- \/ Yoast SEO Premium plugin. -->","yoast_head_json":{"title":"Hissf\u00f6retag med designade hissar f\u00f6r hem - swiftlifts.com","description":"SWIFT \u00e4r ett svenskt villahiss f\u00f6retag med ambitionen att g\u00f6ra livet lite mer h\u00e5llbart, bekv\u00e4mt och kul. Enjoy years of stylish home movement.","robots":{"index":"index","follow":"follow","max-snippet":"max-snippet:-1","max-image-preview":"max-image-preview:large","max-video-preview":"max-video-preview:-1"},"canonical":"https:\/\/swiftlifts.com\/sv\/om-oss\/","og_locale":"sv_SE","og_type":"article","og_title":"Om","og_description":"Svenskt villahiss bolag med ambition att g\u00f6ra livet mer h\u00e5llbart, bekv\u00e4mt och kul. F\u00f6rs\u00e4ljning i Europa, Asien, Mellan\u00f6stern. L\u00e4s v\u00e5r story.","og_url":"https:\/\/swiftlifts.com\/sv\/om-oss\/","og_site_name":"SWIFT - 100% battery driven home lifts","article_publisher":"https:\/\/www.facebook.com\/swifthomelifts","article_modified_time":"2025-07-23T18:42:54+00:00","og_image":[{"width":6497,"height":4501,"url":"https:\/\/swiftlifts.com\/wp-content\/uploads\/2021\/09\/SWIFT-Logotype-Black_H_2560.png","type":"image\/png"}],"twitter_card":"summary_large_image","twitter_description":"Svenskt villahiss bolag med ambition att g\u00f6ra livet mer h\u00e5llbart, bekv\u00e4mt och kul. F\u00f6rs\u00e4ljning i Europa, Asien, Mellan\u00f6stern. L\u00e4s v\u00e5r story.","twitter_misc":{"Ber\u00e4knad l\u00e4stid":"1 minut"},"schema":{"@context":"https:\/\/schema.org","@graph":[{"@type":"WebPage","@id":"https:\/\/swiftlifts.com\/sv\/om-oss\/","url":"https:\/\/swiftlifts.com\/sv\/om-oss\/","name":"Hissf\u00f6retag med designade hissar f\u00f6r hem - swiftlifts.com","isPartOf":{"@id":"https:\/\/swiftlifts.com\/sv\/#website"},"primaryImageOfPage":{"@id":"https:\/\/swiftlifts.com\/sv\/om-oss\/#primaryimage"},"image":{"@id":"https:\/\/swiftlifts.com\/sv\/om-oss\/#primaryimage"},"thumbnailUrl":"https:\/\/swiftlifts.com\/wp-content\/uploads\/2021\/09\/SWIFT-Logotype-Black_H_2560.png","datePublished":"2022-08-05T06:08:13+00:00","dateModified":"2025-07-23T18:42:54+00:00","description":"SWIFT \u00e4r ett svenskt villahiss f\u00f6retag med ambitionen att g\u00f6ra livet lite mer h\u00e5llbart, bekv\u00e4mt och kul. Enjoy years of stylish home movement.","breadcrumb":{"@id":"https:\/\/swiftlifts.com\/sv\/om-oss\/#breadcrumb"},"inLanguage":"sv-SE","potentialAction":[{"@type":"ReadAction","target":["https:\/\/swiftlifts.com\/sv\/om-oss\/"]}]},{"@type":"ImageObject","inLanguage":"sv-SE","@id":"https:\/\/swiftlifts.com\/sv\/om-oss\/#primaryimage","url":"https:\/\/swiftlifts.com\/wp-content\/uploads\/2021\/09\/SWIFT-Logotype-Black_H_2560.png","contentUrl":"https:\/\/swiftlifts.com\/wp-content\/uploads\/2021\/09\/SWIFT-Logotype-Black_H_2560.png","width":6497,"height":4501,"caption":"Villahissbolag SWIFT"},{"@type":"BreadcrumbList","@id":"https:\/\/swiftlifts.com\/sv\/om-oss\/#breadcrumb","itemListElement":[{"@type":"ListItem","position":1,"name":"Home","item":"https:\/\/swiftlifts.com\/sv\/"},{"@type":"ListItem","position":2,"name":"Om"}]},{"@type":"WebSite","@id":"https:\/\/swiftlifts.com\/sv\/#website","url":"https:\/\/swiftlifts.com\/sv\/","name":"SWIFT - 100% battery driven home lifts","description":"NEW WAYS TO MOVE","publisher":{"@id":"https:\/\/swiftlifts.com\/sv\/#organization"},"potentialAction":[{"@type":"SearchAction","target":{"@type":"EntryPoint","urlTemplate":"https:\/\/swiftlifts.com\/sv\/?s={search_term_string}"},"query-input":{"@type":"PropertyValueSpecification","valueRequired":true,"valueName":"search_term_string"}}],"inLanguage":"sv-SE"},{"@type":"Organization","@id":"https:\/\/swiftlifts.com\/sv\/#organization","name":"SWIFT Home Lifts","url":"https:\/\/swiftlifts.com\/sv\/","logo":{"@type":"ImageObject","inLanguage":"sv-SE","@id":"https:\/\/swiftlifts.com\/sv\/#\/schema\/logo\/image\/","url":"https:\/\/swiftlifts.com\/wp-content\/uploads\/2025\/03\/cropped-SWIFT-Logo-Google.jpg","contentUrl":"https:\/\/swiftlifts.com\/wp-content\/uploads\/2025\/03\/cropped-SWIFT-Logo-Google.jpg","width":512,"height":512,"caption":"SWIFT Home Lifts"},"image":{"@id":"https:\/\/swiftlifts.com\/sv\/#\/schema\/logo\/image\/"},"sameAs":["https:\/\/www.facebook.com\/swifthomelifts","https:\/\/www.instagram.com\/swifthomelifts\/","https:\/\/www.linkedin.com\/company\/swifthomelifts\/","https:\/\/www.pinterest.se\/swifthomelifts\/","https:\/\/www.youtube.com\/@swift5669"]}]}},"_links":{"self":[{"href":"https:\/\/swiftlifts.com\/sv\/wp-json\/wp\/v2\/pages\/5569","targetHints":{"allow":["GET"]}}],"collection":[{"href":"https:\/\/swiftlifts.com\/sv\/wp-json\/wp\/v2\/pages"}],"about":[{"href":"https:\/\/swiftlifts.com\/sv\/wp-json\/wp\/v2\/types\/page"}],"author":[{"embeddable":true,"href":"https:\/\/swiftlifts.com\/sv\/wp-json\/wp\/v2\/users\/1"}],"replies":[{"embeddable":true,"href":"https:\/\/swiftlifts.com\/sv\/wp-json\/wp\/v2\/comments?post=5569"}],"version-history":[{"count":36,"href":"https:\/\/swiftlifts.com\/sv\/wp-json\/wp\/v2\/pages\/5569\/revisions"}],"predecessor-version":[{"id":50780,"href":"https:\/\/swiftlifts.com\/sv\/wp-json\/wp\/v2\/pages\/5569\/revisions\/50780"}],"wp:featuredmedia":[{"embeddable":true,"href":"https:\/\/swiftlifts.com\/sv\/wp-json\/wp\/v2\/media\/8888"}],"wp:attachment":[{"href":"https:\/\/swiftlifts.com\/sv\/wp-json\/wp\/v2\/media?parent=5569"}],"curies":[{"name":"wp","href":"https:\/\/api.w.org\/{rel}","templated":true}]}}