{"id":5229,"date":"2022-06-17T01:24:08","date_gmt":"2022-06-17T01:24:08","guid":{"rendered":"https:\/\/swiftlifts.com\/kan-jag-ha-hiss-hemma\/"},"modified":"2026-02-20T11:10:48","modified_gmt":"2026-02-20T11:10:48","slug":"hiss-hemma-test","status":"publish","type":"page","link":"https:\/\/swiftlifts.com\/sv\/hiss-hemma-test\/","title":{"rendered":"Test &#8211; kan du ha hiss hemma?"},"content":{"rendered":"\n\t<section class=\"section\" id=\"section_384528421\">\n\t\t<div class=\"section-bg fill\" >\n\t\t\t\t\t\t\t\t\t\n\t\t\t\n\n\t\t<\/div>\n\n\t\t\n\n\t\t<div class=\"section-content relative\">\n\t\t\t\n<div class=\"row\"  id=\"row-1123892153\">\n\n\t<div id=\"col-2047873814\" class=\"col small-12 large-12\"  >\n\t\t\t\t<div class=\"col-inner\"  >\n\t\t\t\n\t\t\t\n<h1>Kan du ha hiss hemma?<\/h1>\n<p>Att installera en hiss hemma kr\u00e4ver planering och r\u00e4tt f\u00f6ruts\u00e4ttningar.\u00a0Inledningsvis, om ditt hus \u00e4r ett nybygge och fortfarande under ritningsfasen s\u00e5 kommer det vara l\u00e4ttare att hitta plats f\u00f6r hissen. Resultatet blir att du med f\u00f6rdel kan v\u00e4lja n\u00e5gon av v\u00e5ra st\u00f6rre storlekar.<\/p>\n<p>Om du som j\u00e4mf\u00f6relse vill installera en hiss hemma i ditt befintliga hus s\u00e5 \u00e4r utrymmet oftast mer begr\u00e4nsat. Som resultat m\u00e5ste du troligtvis anv\u00e4nda n\u00e5gon av de mindre storlekarna av hissen.<\/p>\n<p>Likas\u00e5 beh\u00f6ver du t\u00e4nka igenom vart d\u00f6rrarna skall placeras och om hissen skall st\u00e4llas direkt p\u00e5 golvet eller om du vill ha hissen j\u00e4mns med golvet och d\u00e4rmed neds\u00e4nkt i en grop om 50 mm. Dessutom beh\u00f6ver du s\u00e4kerhetsst\u00e4lla att du har tillr\u00e4ckligt med takh\u00f6jd p\u00e5 sista v\u00e5ningen. Oavsett installation beh\u00f6ver du minst 2275 mm i takh\u00f6jd p\u00e5 sista v\u00e5ningen.<\/p>\n<p>P\u00e5 samma s\u00e4tt finns det stora m\u00f6jligheter att designa hissen s\u00e5 den sm\u00e4lter in i planl\u00f6sningen eller s\u00e5 l\u00e5ter du hissen st\u00e5 ut som en design m\u00f6bel.<\/p>\n<p>Sammanfattningsvis kr\u00e4ver installation av en hiss hemma lite planering. Men SWIFT kan hj\u00e4lpa dig med detta.<\/p>\n<p>Fyll i v\u00e5rt test s\u00e5 \u00e5terkommer vi med tips och svar om huruvida du kan ha hiss hemma.<\/p>\n<p><img loading=\"lazy\" decoding=\"async\" class=\"size-medium wp-image-6848\" src=\"https:\/\/swiftlifts.com\/wp-content\/uploads\/2022\/10\/bild1-800x380.jpg\" alt=\"Hiss hemma\" width=\"800\" height=\"380\" srcset=\"https:\/\/swiftlifts.com\/wp-content\/uploads\/2022\/10\/bild1-800x380.jpg 800w, https:\/\/swiftlifts.com\/wp-content\/uploads\/2022\/10\/bild1-1400x665.jpg 1400w, https:\/\/swiftlifts.com\/wp-content\/uploads\/2022\/10\/bild1-768x365.jpg 768w, https:\/\/swiftlifts.com\/wp-content\/uploads\/2022\/10\/bild1-1536x730.jpg 1536w, https:\/\/swiftlifts.com\/wp-content\/uploads\/2022\/10\/bild1.jpg 2000w\" sizes=\"auto, (max-width: 800px) 100vw, 800px\" \/><\/p>\n\t<div id=\"text-421543494\" class=\"text\">\n\t\t\n<form id=\"can-i-have-a-home-lift\"><label for=\"email\">Email:<\/label> <input id=\"email\" name=\"email\" type=\"text\" \/><label for=\"fname\">Namn:<\/label> <input id=\"fname\" name=\"fname\" type=\"text\" \/><label for=\"lname\">Efternamn:<\/label> <input id=\"lname\" name=\"lname\" type=\"text\" \/><label for=\"phone\">Mobilnummer:<\/label> <input id=\"phone\" name=\"phone\" type=\"text\" \/><label for=\"country\">Land:<\/label> <input id=\"country\" name=\"country\" type=\"text\" \/><label for=\"home-type\">Vilket typ av hem har du?<\/label> <input id=\"home-type-villa\" name=\"home-type\" type=\"radio\" value=\"Villa\" \/> <label for=\"home-type-villa\">Villa<\/label> <input id=\"home-type-apartment\" name=\"home-type\" type=\"radio\" value=\"L\u00e4genhet\" \/> <label for=\"home-type-apartment\">L\u00e4genhet<\/label> <input id=\"home-type-other\" name=\"home-type\" type=\"radio\" value=\"Annat\" \/> <label for=\"home-type-other\">Annat<\/label><\/p>\n<p><label for=\"home-staus\">\u00c4r ditt hem nybyggnation eller befintligt hem?<\/label> <input id=\"home-staus-development\" name=\"home-status\" type=\"radio\" value=\"Hus under konstruktion\" \/>\u00a0Nybyggnation <input id=\"home-staus-existing\" name=\"home-status\" type=\"radio\" value=\"Befintligt hem\" \/> <label for=\"home-staus-existing\">Befintligt hem<\/label><\/p>\n<p><label for=\"floors\">Hur m\u00e5nga v\u00e5ningar har du?<\/label><select id=\"floors\" style=\"width: 100px;\" name=\"floors\"><option value=\"1\">1<\/option><option value=\"2\">2<\/option><option value=\"3\">3<\/option><option value=\"4\">4<\/option><option value=\"5\">5<\/option><option value=\"6\">6<\/option><option value=\"Annat\/Inte s\u00e4ker\">Annat\/Inte s\u00e4ker<\/option><\/select><br \/>\n<label for=\"size\">Har du \u00e5tminstone 1.5&#215;1.5 m tillg\u00e4ngligt utrymme f\u00f6r din villahiss p\u00e5 alla v\u00e5ningar?<\/label> <input id=\"size_yes\" name=\"size\" type=\"radio\" value=\"Ja\" \/> <label for=\"size_yes\">Ja<\/label> <input id=\"size_no\" name=\"size\" type=\"radio\" value=\"Nej\" \/> <label for=\"size_no\">Nej<\/label> <input id=\"size_dontknow\" name=\"size\" type=\"radio\" value=\"Vet ej\" \/> <label for=\"size_dontknow\">Vet ej<\/label><\/p>\n<p><label for=\"where\">Vart vill du placera din villahiss?<\/label> <input id=\"where_staircase\" name=\"where\" type=\"radio\" value=\"I mitten av en trappa?\" \/> <label for=\"where_staircase\">I mitten av en trappa?<\/label> <input id=\"where_wall\" name=\"where\" type=\"radio\" value=\"Mot en v\u00e4gg\" \/> <label for=\"where_wall\">Mot en v\u00e4gg<\/label> <input id=\"where_outdoor\" name=\"where\" type=\"radio\" value=\"Utomhus\" \/> <label for=\"where_outdoor\">Utomhus<\/label> <input id=\"where_dontknow\" name=\"where\" type=\"radio\" value=\"Vet ej\" \/> <label for=\"where_dontknow\">Vet ej<\/label><\/p>\n<p><label for=\"ceiling_height\">Vilken takh\u00f6jd har du p\u00e5 din sista v\u00e5ning (i cm)?<\/label> <input id=\"ceiling_height\" name=\"ceiling_height\" type=\"text\" \/><\/p>\n<div id=\"thank-you\" class=\"thank-you-text\"><input id=\"submit-button\" type=\"submit\" value=\"Skicka\" \/><\/div>\n<\/form>\n\t\t\n<style>\n#text-421543494 {\n  color: rgb(255, 145, 150);\n}\n#text-421543494 > * {\n  color: rgb(255, 145, 150);\n}\n<\/style>\n\t<\/div>\n\t\n<p>L\u00e4s mer om f\u00f6ruts\u00e4ttningarna f\u00f6r en <a href=\"https:\/\/swiftlifts.com\/sv\/swift-faq\/installation-av-hiss-hemma-sa-funkar-det\/\">installation av hiss hemma &gt;&gt;<\/a><\/p>\n<p><a href=\"https:\/\/se.pinterest.com\/swifthomelifts\/\">F\u00f6r mer inspiration och f\u00f6r att se andras hissar &gt;&gt;<\/a><\/p>\n<h2>Vilken Hiss Passar Ditt Hem? G\u00f6r Testet!<\/h2>\n\t\t<\/div>\n\t\t\t\t\t<\/div>\n\n\t\n\n<style>\n#row-1123892153 > .col > .col-inner {\n  padding: 100px 0px 0px 0px;\n}\n<\/style>\n<\/div>\n\t\t<\/div>\n\n\t\t\n<style>\n#section_384528421 {\n  padding-top: 30px;\n  padding-bottom: 30px;\n  background-color: rgb(250, 245, 242);\n}\n<\/style>\n\t<\/section>\n\t\n","protected":false},"excerpt":{"rendered":"","protected":false},"author":1,"featured_media":0,"parent":0,"menu_order":0,"comment_status":"closed","ping_status":"closed","template":"page-transparent-header.php","meta":{"_acf_changed":false,"content-type":"","footnotes":""},"class_list":["post-5229","page","type-page","status-publish","hentry"],"acf":[],"yoast_head":"<!-- This site is optimized with the Yoast SEO Premium plugin v27.3 (Yoast SEO v27.3) - https:\/\/yoast.com\/product\/yoast-seo-premium-wordpress\/ -->\n<title>Villahiss Test \u2013 Oberoende Recension av Hiss Hemma<\/title>\n<meta name=\"description\" content=\"Hiss hemma kr\u00e4ver r\u00e4tt f\u00f6ruts\u00e4ttningar. Fyll i v\u00e5rt test s\u00e5 \u00e5terkommer vi med tips och svar om huruvida du kan ha hiss hemma.\" \/>\n<meta name=\"robots\" content=\"index, follow, max-snippet:-1, max-image-preview:large, max-video-preview:-1\" \/>\n<link rel=\"canonical\" href=\"https:\/\/swiftlifts.com\/sv\/hiss-hemma-test\/\" \/>\n<meta property=\"og:locale\" content=\"sv_SE\" \/>\n<meta property=\"og:type\" content=\"article\" \/>\n<meta property=\"og:title\" content=\"Test - kan du ha hiss hemma?\" \/>\n<meta property=\"og:description\" content=\"Hiss hemma kr\u00e4ver r\u00e4tt f\u00f6ruts\u00e4ttningar. Fyll i v\u00e5rt test s\u00e5 \u00e5terkommer vi med tips och svar om huruvida du kan ha hiss hemma.\" \/>\n<meta property=\"og:url\" content=\"https:\/\/swiftlifts.com\/sv\/hiss-hemma-test\/\" \/>\n<meta property=\"og:site_name\" content=\"SWIFT - 100% battery driven home lifts\" \/>\n<meta property=\"article:publisher\" content=\"https:\/\/www.facebook.com\/swifthomelifts\" \/>\n<meta property=\"article:modified_time\" content=\"2026-02-20T11:10:48+00:00\" \/>\n<meta property=\"og:image\" content=\"https:\/\/swiftlifts.com\/wp-content\/uploads\/2022\/10\/bild1-800x380.jpg\" \/>\n<meta name=\"twitter:card\" content=\"summary_large_image\" \/>\n<meta name=\"twitter:label1\" content=\"Ber\u00e4knad l\u00e4stid\" \/>\n\t<meta name=\"twitter:data1\" content=\"2 minuter\" \/>\n<script type=\"application\/ld+json\" class=\"yoast-schema-graph\">{\"@context\":\"https:\\\/\\\/schema.org\",\"@graph\":[{\"@type\":\"WebPage\",\"@id\":\"https:\\\/\\\/swiftlifts.com\\\/sv\\\/hiss-hemma-test\\\/\",\"url\":\"https:\\\/\\\/swiftlifts.com\\\/sv\\\/hiss-hemma-test\\\/\",\"name\":\"Villahiss Test \u2013 Oberoende Recension av Hiss Hemma\",\"isPartOf\":{\"@id\":\"https:\\\/\\\/swiftlifts.com\\\/sv\\\/#website\"},\"primaryImageOfPage\":{\"@id\":\"https:\\\/\\\/swiftlifts.com\\\/sv\\\/hiss-hemma-test\\\/#primaryimage\"},\"image\":{\"@id\":\"https:\\\/\\\/swiftlifts.com\\\/sv\\\/hiss-hemma-test\\\/#primaryimage\"},\"thumbnailUrl\":\"https:\\\/\\\/swiftlifts.com\\\/wp-content\\\/uploads\\\/2022\\\/10\\\/bild1-800x380.jpg\",\"datePublished\":\"2022-06-17T01:24:08+00:00\",\"dateModified\":\"2026-02-20T11:10:48+00:00\",\"description\":\"Hiss hemma kr\u00e4ver r\u00e4tt f\u00f6ruts\u00e4ttningar. Fyll i v\u00e5rt test s\u00e5 \u00e5terkommer vi med tips och svar om huruvida du kan ha hiss hemma.\",\"breadcrumb\":{\"@id\":\"https:\\\/\\\/swiftlifts.com\\\/sv\\\/hiss-hemma-test\\\/#breadcrumb\"},\"inLanguage\":\"sv-SE\",\"potentialAction\":[{\"@type\":\"ReadAction\",\"target\":[\"https:\\\/\\\/swiftlifts.com\\\/sv\\\/hiss-hemma-test\\\/\"]}]},{\"@type\":\"ImageObject\",\"inLanguage\":\"sv-SE\",\"@id\":\"https:\\\/\\\/swiftlifts.com\\\/sv\\\/hiss-hemma-test\\\/#primaryimage\",\"url\":\"https:\\\/\\\/swiftlifts.com\\\/wp-content\\\/uploads\\\/2022\\\/10\\\/bild1-800x380.jpg\",\"contentUrl\":\"https:\\\/\\\/swiftlifts.com\\\/wp-content\\\/uploads\\\/2022\\\/10\\\/bild1-800x380.jpg\"},{\"@type\":\"BreadcrumbList\",\"@id\":\"https:\\\/\\\/swiftlifts.com\\\/sv\\\/hiss-hemma-test\\\/#breadcrumb\",\"itemListElement\":[{\"@type\":\"ListItem\",\"position\":1,\"name\":\"Home\",\"item\":\"https:\\\/\\\/swiftlifts.com\\\/sv\\\/\"},{\"@type\":\"ListItem\",\"position\":2,\"name\":\"Test &#8211; kan du ha hiss hemma?\"}]},{\"@type\":\"WebSite\",\"@id\":\"https:\\\/\\\/swiftlifts.com\\\/sv\\\/#website\",\"url\":\"https:\\\/\\\/swiftlifts.com\\\/sv\\\/\",\"name\":\"SWIFT - 100% battery driven home lifts\",\"description\":\"NEW WAYS TO MOVE\",\"publisher\":{\"@id\":\"https:\\\/\\\/swiftlifts.com\\\/sv\\\/#organization\"},\"potentialAction\":[{\"@type\":\"SearchAction\",\"target\":{\"@type\":\"EntryPoint\",\"urlTemplate\":\"https:\\\/\\\/swiftlifts.com\\\/sv\\\/?s={search_term_string}\"},\"query-input\":{\"@type\":\"PropertyValueSpecification\",\"valueRequired\":true,\"valueName\":\"search_term_string\"}}],\"inLanguage\":\"sv-SE\"},{\"@type\":\"Organization\",\"@id\":\"https:\\\/\\\/swiftlifts.com\\\/sv\\\/#organization\",\"name\":\"SWIFT Home Lifts\",\"url\":\"https:\\\/\\\/swiftlifts.com\\\/sv\\\/\",\"logo\":{\"@type\":\"ImageObject\",\"inLanguage\":\"sv-SE\",\"@id\":\"https:\\\/\\\/swiftlifts.com\\\/sv\\\/#\\\/schema\\\/logo\\\/image\\\/\",\"url\":\"https:\\\/\\\/swiftlifts.com\\\/wp-content\\\/uploads\\\/2025\\\/03\\\/cropped-SWIFT-Logo-Google.jpg\",\"contentUrl\":\"https:\\\/\\\/swiftlifts.com\\\/wp-content\\\/uploads\\\/2025\\\/03\\\/cropped-SWIFT-Logo-Google.jpg\",\"width\":512,\"height\":512,\"caption\":\"SWIFT Home Lifts\"},\"image\":{\"@id\":\"https:\\\/\\\/swiftlifts.com\\\/sv\\\/#\\\/schema\\\/logo\\\/image\\\/\"},\"sameAs\":[\"https:\\\/\\\/www.facebook.com\\\/swifthomelifts\",\"https:\\\/\\\/www.instagram.com\\\/swifthomelifts\\\/\",\"https:\\\/\\\/www.linkedin.com\\\/company\\\/swifthomelifts\\\/\",\"https:\\\/\\\/www.pinterest.se\\\/swifthomelifts\\\/\",\"https:\\\/\\\/www.youtube.com\\\/@swift5669\"]}]}<\/script>\n<!-- \/ Yoast SEO Premium plugin. -->","yoast_head_json":{"title":"Villahiss Test \u2013 Oberoende Recension av Hiss Hemma","description":"Hiss hemma kr\u00e4ver r\u00e4tt f\u00f6ruts\u00e4ttningar. Fyll i v\u00e5rt test s\u00e5 \u00e5terkommer vi med tips och svar om huruvida du kan ha hiss hemma.","robots":{"index":"index","follow":"follow","max-snippet":"max-snippet:-1","max-image-preview":"max-image-preview:large","max-video-preview":"max-video-preview:-1"},"canonical":"https:\/\/swiftlifts.com\/sv\/hiss-hemma-test\/","og_locale":"sv_SE","og_type":"article","og_title":"Test - kan du ha hiss hemma?","og_description":"Hiss hemma kr\u00e4ver r\u00e4tt f\u00f6ruts\u00e4ttningar. Fyll i v\u00e5rt test s\u00e5 \u00e5terkommer vi med tips och svar om huruvida du kan ha hiss hemma.","og_url":"https:\/\/swiftlifts.com\/sv\/hiss-hemma-test\/","og_site_name":"SWIFT - 100% battery driven home lifts","article_publisher":"https:\/\/www.facebook.com\/swifthomelifts","article_modified_time":"2026-02-20T11:10:48+00:00","og_image":[{"url":"https:\/\/swiftlifts.com\/wp-content\/uploads\/2022\/10\/bild1-800x380.jpg","type":"","width":"","height":""}],"twitter_card":"summary_large_image","twitter_misc":{"Ber\u00e4knad l\u00e4stid":"2 minuter"},"schema":{"@context":"https:\/\/schema.org","@graph":[{"@type":"WebPage","@id":"https:\/\/swiftlifts.com\/sv\/hiss-hemma-test\/","url":"https:\/\/swiftlifts.com\/sv\/hiss-hemma-test\/","name":"Villahiss Test \u2013 Oberoende Recension av Hiss Hemma","isPartOf":{"@id":"https:\/\/swiftlifts.com\/sv\/#website"},"primaryImageOfPage":{"@id":"https:\/\/swiftlifts.com\/sv\/hiss-hemma-test\/#primaryimage"},"image":{"@id":"https:\/\/swiftlifts.com\/sv\/hiss-hemma-test\/#primaryimage"},"thumbnailUrl":"https:\/\/swiftlifts.com\/wp-content\/uploads\/2022\/10\/bild1-800x380.jpg","datePublished":"2022-06-17T01:24:08+00:00","dateModified":"2026-02-20T11:10:48+00:00","description":"Hiss hemma kr\u00e4ver r\u00e4tt f\u00f6ruts\u00e4ttningar. Fyll i v\u00e5rt test s\u00e5 \u00e5terkommer vi med tips och svar om huruvida du kan ha hiss hemma.","breadcrumb":{"@id":"https:\/\/swiftlifts.com\/sv\/hiss-hemma-test\/#breadcrumb"},"inLanguage":"sv-SE","potentialAction":[{"@type":"ReadAction","target":["https:\/\/swiftlifts.com\/sv\/hiss-hemma-test\/"]}]},{"@type":"ImageObject","inLanguage":"sv-SE","@id":"https:\/\/swiftlifts.com\/sv\/hiss-hemma-test\/#primaryimage","url":"https:\/\/swiftlifts.com\/wp-content\/uploads\/2022\/10\/bild1-800x380.jpg","contentUrl":"https:\/\/swiftlifts.com\/wp-content\/uploads\/2022\/10\/bild1-800x380.jpg"},{"@type":"BreadcrumbList","@id":"https:\/\/swiftlifts.com\/sv\/hiss-hemma-test\/#breadcrumb","itemListElement":[{"@type":"ListItem","position":1,"name":"Home","item":"https:\/\/swiftlifts.com\/sv\/"},{"@type":"ListItem","position":2,"name":"Test &#8211; kan du ha hiss hemma?"}]},{"@type":"WebSite","@id":"https:\/\/swiftlifts.com\/sv\/#website","url":"https:\/\/swiftlifts.com\/sv\/","name":"SWIFT - 100% battery driven home lifts","description":"NEW WAYS TO MOVE","publisher":{"@id":"https:\/\/swiftlifts.com\/sv\/#organization"},"potentialAction":[{"@type":"SearchAction","target":{"@type":"EntryPoint","urlTemplate":"https:\/\/swiftlifts.com\/sv\/?s={search_term_string}"},"query-input":{"@type":"PropertyValueSpecification","valueRequired":true,"valueName":"search_term_string"}}],"inLanguage":"sv-SE"},{"@type":"Organization","@id":"https:\/\/swiftlifts.com\/sv\/#organization","name":"SWIFT Home Lifts","url":"https:\/\/swiftlifts.com\/sv\/","logo":{"@type":"ImageObject","inLanguage":"sv-SE","@id":"https:\/\/swiftlifts.com\/sv\/#\/schema\/logo\/image\/","url":"https:\/\/swiftlifts.com\/wp-content\/uploads\/2025\/03\/cropped-SWIFT-Logo-Google.jpg","contentUrl":"https:\/\/swiftlifts.com\/wp-content\/uploads\/2025\/03\/cropped-SWIFT-Logo-Google.jpg","width":512,"height":512,"caption":"SWIFT Home Lifts"},"image":{"@id":"https:\/\/swiftlifts.com\/sv\/#\/schema\/logo\/image\/"},"sameAs":["https:\/\/www.facebook.com\/swifthomelifts","https:\/\/www.instagram.com\/swifthomelifts\/","https:\/\/www.linkedin.com\/company\/swifthomelifts\/","https:\/\/www.pinterest.se\/swifthomelifts\/","https:\/\/www.youtube.com\/@swift5669"]}]}},"_links":{"self":[{"href":"https:\/\/swiftlifts.com\/sv\/wp-json\/wp\/v2\/pages\/5229","targetHints":{"allow":["GET"]}}],"collection":[{"href":"https:\/\/swiftlifts.com\/sv\/wp-json\/wp\/v2\/pages"}],"about":[{"href":"https:\/\/swiftlifts.com\/sv\/wp-json\/wp\/v2\/types\/page"}],"author":[{"embeddable":true,"href":"https:\/\/swiftlifts.com\/sv\/wp-json\/wp\/v2\/users\/1"}],"replies":[{"embeddable":true,"href":"https:\/\/swiftlifts.com\/sv\/wp-json\/wp\/v2\/comments?post=5229"}],"version-history":[{"count":43,"href":"https:\/\/swiftlifts.com\/sv\/wp-json\/wp\/v2\/pages\/5229\/revisions"}],"predecessor-version":[{"id":56542,"href":"https:\/\/swiftlifts.com\/sv\/wp-json\/wp\/v2\/pages\/5229\/revisions\/56542"}],"wp:attachment":[{"href":"https:\/\/swiftlifts.com\/sv\/wp-json\/wp\/v2\/media?parent=5229"}],"curies":[{"name":"wp","href":"https:\/\/api.w.org\/{rel}","templated":true}]}}