{"id":3113,"date":"2021-09-22T09:45:54","date_gmt":"2021-09-22T09:45:54","guid":{"rendered":"https:\/\/swiftlifts.com\/swift-kontakta-oss\/"},"modified":"2026-04-20T02:46:52","modified_gmt":"2026-04-20T02:46:52","slug":"swift-kontakta-oss","status":"publish","type":"page","link":"https:\/\/swiftlifts.com\/sv\/swift-kontakta-oss\/","title":{"rendered":"Kontakt"},"content":{"rendered":"\n\t<section class=\"section swift_banner\" id=\"section_1129780298\">\n\t\t<div class=\"section-bg fill\" >\n\t\t\t<img loading=\"lazy\" decoding=\"async\" width=\"2560\" height=\"1440\" src=\"https:\/\/swiftlifts.com\/wp-content\/uploads\/2021\/09\/SWIFT_Sweden_Falkenberg_2560.jpg\" class=\"bg attachment- size-\" alt=\"Beach view through grass with windmill\" \/>\t\t\t\t\t\t\n\t\t\t\n\n\t\t<\/div>\n\n\t\t\n\n\t\t<div class=\"section-content relative\">\n\t\t\t\n<div class=\"row\" style=\"max-width:90%\" id=\"row-1569411324\">\n\n\t<div id=\"col-1669936937\" class=\"col medium-5 small-12 large-5\"  >\n\t\t\t\t<div class=\"col-inner\"  >\n\t\t\t\n\t\t\t\n<div class=\"container section-title-container\" ><h2 class=\"section-title section-title-normal\"><b aria-hidden=\"true\"><\/b><span class=\"section-title-main\" style=\"color:rgb(250, 245, 242);\">Kontakta oss<\/span><b aria-hidden=\"true\"><\/b><\/h2><\/div>\n\t\t<\/div>\n\t\t\t\t\n<style>\n#col-1669936937 > .col-inner {\n  padding: 200px 0px 0px 0px;\n}\n<\/style>\n\t<\/div>\n\n\t\n\n\t<div id=\"col-2037181640\" class=\"col medium-6 small-12 large-6\"  >\n\t\t\t\t<div class=\"col-inner\"  >\n\t\t\t\n\t\t\t\n\t\t<\/div>\n\t\t\t\t\n<style>\n#col-2037181640 > .col-inner {\n  padding: 10% 0px 0px 10%;\n}\n<\/style>\n\t<\/div>\n\n\t\n<\/div>\n\t\t<\/div>\n\n\t\t\n<style>\n#section_1129780298 {\n  padding-top: 30px;\n  padding-bottom: 30px;\n  min-height: 10vh;\n}\n<\/style>\n\t<\/section>\n\t\n\n\t<section class=\"section architects_sec\" id=\"section_1303401830\">\n\t\t<div class=\"section-bg fill\" >\n\t\t\t\t\t\t\t\t\t\n\t\t\t\n\n\t\t<\/div>\n\n\t\t\n\n\t\t<div class=\"section-content relative\">\n\t\t\t\n<div class=\"row\" style=\"max-width:90%\" id=\"row-923630838\">\n\n\t<div id=\"col-676279729\" class=\"col small-12 large-12\"  >\n\t\t\t\t<div class=\"col-inner text-left\"  >\n\t\t\t\n\t\t\t\n\t<div id=\"text-2804595932\" class=\"text\">\n\t\t\n<h1>SWIFT kontor<\/h1>\n\t\t\n<style>\n#text-2804595932 {\n  font-size: 1.5rem;\n  text-align: left;\n  color: rgb(0, 10, 54);\n}\n#text-2804595932 > * {\n  color: rgb(0, 10, 54);\n}\n<\/style>\n\t<\/div>\n\t\n\t\t<\/div>\n\t\t\t\t\t<\/div>\n\n\t\n<\/div>\n<div class=\"row\" style=\"max-width:90%\" id=\"row-839466501\">\n\n\t<div id=\"col-1501288729\" class=\"col medium-3 small-12 large-3\"  >\n\t\t\t\t<div class=\"col-inner text-left\"  >\n\t\t\t\n\t\t\t\n<h2 style=\"text-align: left;\"><strong>Stockholm<\/strong><\/h2>\n<p style=\"text-align: left;\"><strong>SWIFT<\/strong><\/p>\n<p>&nbsp;<\/p>\n<p style=\"text-align: left;\">Timmermansgatan 32<\/p>\n<p style=\"text-align: left;\">118 55 Stockholm<\/p>\n<p>&nbsp;<\/p>\n<p style=\"text-align: left;\">Kundsupport:<\/p>\n<p style=\"text-align: left;\"><a href=\"tel:+46730330303\">+46 73 033 03 03<\/a><\/p>\n<p style=\"text-align: left;\"><a style=\"color: #ff9196;\" href=\"mailto:sweden@swiftlifts.com\">sweden@swiftlifts.com<\/a><\/p>\n\t\t<\/div>\n\t\t\t\t\n<style>\n#col-1501288729 > .col-inner {\n  padding: 0px 20px 0px 0px;\n}\n<\/style>\n\t<\/div>\n\n\t\n\n\t<div id=\"col-1407837207\" class=\"col medium-3 small-12 large-3\"  >\n\t\t\t\t<div class=\"col-inner text-left\"  >\n\t\t\t\n\t\t\t\n<h2 style=\"text-align: left;\"><strong>Falkenberg<\/strong><\/h2>\n<p style=\"text-align: left;\"><strong>SWIFT<\/strong><\/p>\n<p>&nbsp;<\/p>\n<p style=\"text-align: left;\">Servicev\u00e4gen 26<\/p>\n<p style=\"text-align: left;\">311 32 Falkenberg<\/p>\n<p>&nbsp;<\/p>\n<p style=\"text-align: left;\">Kundsupport:<\/p>\n<p style=\"text-align: left;\"><a href=\"tel:+46730330303\">+46 73 033 03 03<\/a><\/p>\n<p style=\"text-align: left;\"><a style=\"color: #ff9196;\" href=\"mailto:sweden@swifthomelifts.com\">sweden@swiftlifts.com<\/a><\/p>\n\t\t<\/div>\n\t\t\t\t\t<\/div>\n\n\t\n\n\t<div id=\"col-1493962981\" class=\"col medium-6 small-12 large-6\"  >\n\t\t\t\t<div class=\"col-inner\"  >\n\t\t\t\n\t\t\t\n<h2>Kontakta oss<\/h2>\n\n<p><script charset=\"utf-8\" type=\"text\/javascript\" src=\"\/\/js.hsforms.net\/forms\/embed\/v2.js\"><\/script><br \/>\n<script>\n  hbspt.forms.create({\n    portalId: \"8887971\",\n    formId: \"7406b43c-8536-4be2-89de-470075bce490\",\n    region: \"na1\"\n  });\n<\/script><br \/>\n\n\t\t<\/div>\n\t\t\t\t\t<\/div>\n\n\t\n\n<style>\n#row-839466501 > .col > .col-inner {\n  padding: 0px 20px 0px 0px;\n}\n<\/style>\n<\/div>\n\t\t<\/div>\n\n\t\t\n<style>\n#section_1303401830 {\n  padding-top: 30px;\n  padding-bottom: 30px;\n  min-height: 50vh;\n  background-color: rgb(250, 245, 242);\n}\n<\/style>\n\t<\/section>\n\t\n","protected":false},"excerpt":{"rendered":"","protected":false},"author":1,"featured_media":6564,"parent":0,"menu_order":0,"comment_status":"closed","ping_status":"closed","template":"page-transparent-header.php","meta":{"_acf_changed":false,"content-type":"","footnotes":""},"class_list":["post-3113","page","type-page","status-publish","has-post-thumbnail","hentry"],"acf":[],"yoast_head":"<!-- This site is optimized with the Yoast SEO Premium plugin v27.3 (Yoast SEO v27.4) - https:\/\/yoast.com\/product\/yoast-seo-premium-wordpress\/ -->\n<title>Villahiss Kontakt \u2013 Boka Gratis R\u00e5dgivning Idag<\/title>\n<meta name=\"description\" content=\"Boka gratis hembes\u00f6k eller n\u00e5 oss p\u00e5 SWIFT mail hello@swiftlifts.com eller telefon . Eller kom och \u00e5k hiss i n\u00e5got av v\u00e5ra SWIFT showrooms.\" \/>\n<meta name=\"robots\" content=\"index, follow, max-snippet:-1, max-image-preview:large, max-video-preview:-1\" \/>\n<link rel=\"canonical\" href=\"https:\/\/swiftlifts.com\/sv\/swift-kontakta-oss\/\" \/>\n<meta property=\"og:locale\" content=\"sv_SE\" \/>\n<meta property=\"og:type\" content=\"article\" \/>\n<meta property=\"og:title\" content=\"Kontakt\" \/>\n<meta property=\"og:description\" content=\"Boka gratis hembes\u00f6k eller n\u00e5 oss p\u00e5 SWIFT mail eller SWIFT telefon. Eller kom och \u00e5k hiss i n\u00e5got av v\u00e5ra SWIFT showrooms.\" \/>\n<meta property=\"og:url\" content=\"https:\/\/swiftlifts.com\/sv\/swift-kontakta-oss\/\" \/>\n<meta property=\"og:site_name\" content=\"SWIFT - 100% battery driven home lifts\" \/>\n<meta property=\"article:publisher\" content=\"https:\/\/www.facebook.com\/swifthomelifts\" \/>\n<meta property=\"article:modified_time\" content=\"2026-04-20T02:46:52+00:00\" \/>\n<meta property=\"og:image\" content=\"https:\/\/swiftlifts.com\/wp-content\/uploads\/2022\/10\/SWIFT_Showroom_Shanghai_W.jpg\" \/>\n\t<meta property=\"og:image:width\" content=\"2560\" \/>\n\t<meta property=\"og:image:height\" content=\"1193\" \/>\n\t<meta property=\"og:image:type\" content=\"image\/jpeg\" \/>\n<meta name=\"twitter:card\" content=\"summary_large_image\" \/>\n<meta name=\"twitter:description\" content=\"Boka gratis hembes\u00f6k eller n\u00e5 oss p\u00e5 SWIFT mail eller SWIFT telefon. Eller kom och \u00e5k hiss i n\u00e5got av v\u00e5ra SWIFT showrooms.\" \/>\n<meta name=\"twitter:label1\" content=\"Ber\u00e4knad l\u00e4stid\" \/>\n\t<meta name=\"twitter:data1\" content=\"1 minut\" \/>\n<script type=\"application\/ld+json\" class=\"yoast-schema-graph\">{\"@context\":\"https:\\\/\\\/schema.org\",\"@graph\":[{\"@type\":\"WebPage\",\"@id\":\"https:\\\/\\\/swiftlifts.com\\\/sv\\\/swift-kontakta-oss\\\/\",\"url\":\"https:\\\/\\\/swiftlifts.com\\\/sv\\\/swift-kontakta-oss\\\/\",\"name\":\"Villahiss Kontakt \u2013 Boka Gratis R\u00e5dgivning Idag\",\"isPartOf\":{\"@id\":\"https:\\\/\\\/swiftlifts.com\\\/sv\\\/#website\"},\"primaryImageOfPage\":{\"@id\":\"https:\\\/\\\/swiftlifts.com\\\/sv\\\/swift-kontakta-oss\\\/#primaryimage\"},\"image\":{\"@id\":\"https:\\\/\\\/swiftlifts.com\\\/sv\\\/swift-kontakta-oss\\\/#primaryimage\"},\"thumbnailUrl\":\"https:\\\/\\\/swiftlifts.com\\\/wp-content\\\/uploads\\\/2022\\\/10\\\/SWIFT_Showroom_Shanghai_W.jpg\",\"datePublished\":\"2021-09-22T09:45:54+00:00\",\"dateModified\":\"2026-04-20T02:46:52+00:00\",\"description\":\"Boka gratis hembes\u00f6k eller n\u00e5 oss p\u00e5 SWIFT mail hello@swiftlifts.com eller telefon . Eller kom och \u00e5k hiss i n\u00e5got av v\u00e5ra SWIFT showrooms.\",\"breadcrumb\":{\"@id\":\"https:\\\/\\\/swiftlifts.com\\\/sv\\\/swift-kontakta-oss\\\/#breadcrumb\"},\"inLanguage\":\"sv-SE\",\"potentialAction\":[{\"@type\":\"ReadAction\",\"target\":[\"https:\\\/\\\/swiftlifts.com\\\/sv\\\/swift-kontakta-oss\\\/\"]}]},{\"@type\":\"ImageObject\",\"inLanguage\":\"sv-SE\",\"@id\":\"https:\\\/\\\/swiftlifts.com\\\/sv\\\/swift-kontakta-oss\\\/#primaryimage\",\"url\":\"https:\\\/\\\/swiftlifts.com\\\/wp-content\\\/uploads\\\/2022\\\/10\\\/SWIFT_Showroom_Shanghai_W.jpg\",\"contentUrl\":\"https:\\\/\\\/swiftlifts.com\\\/wp-content\\\/uploads\\\/2022\\\/10\\\/SWIFT_Showroom_Shanghai_W.jpg\",\"width\":2560,\"height\":1193,\"caption\":\"SWIFT kontakt. Bes\u00f6k oss i v\u00e5ra showrooms.\"},{\"@type\":\"BreadcrumbList\",\"@id\":\"https:\\\/\\\/swiftlifts.com\\\/sv\\\/swift-kontakta-oss\\\/#breadcrumb\",\"itemListElement\":[{\"@type\":\"ListItem\",\"position\":1,\"name\":\"Home\",\"item\":\"https:\\\/\\\/swiftlifts.com\\\/sv\\\/\"},{\"@type\":\"ListItem\",\"position\":2,\"name\":\"Kontakt\"}]},{\"@type\":\"WebSite\",\"@id\":\"https:\\\/\\\/swiftlifts.com\\\/sv\\\/#website\",\"url\":\"https:\\\/\\\/swiftlifts.com\\\/sv\\\/\",\"name\":\"SWIFT - 100% battery driven home lifts\",\"description\":\"NEW WAYS TO MOVE\",\"publisher\":{\"@id\":\"https:\\\/\\\/swiftlifts.com\\\/sv\\\/#organization\"},\"potentialAction\":[{\"@type\":\"SearchAction\",\"target\":{\"@type\":\"EntryPoint\",\"urlTemplate\":\"https:\\\/\\\/swiftlifts.com\\\/sv\\\/?s={search_term_string}\"},\"query-input\":{\"@type\":\"PropertyValueSpecification\",\"valueRequired\":true,\"valueName\":\"search_term_string\"}}],\"inLanguage\":\"sv-SE\"},{\"@type\":\"Organization\",\"@id\":\"https:\\\/\\\/swiftlifts.com\\\/sv\\\/#organization\",\"name\":\"SWIFT Home Lifts\",\"url\":\"https:\\\/\\\/swiftlifts.com\\\/sv\\\/\",\"logo\":{\"@type\":\"ImageObject\",\"inLanguage\":\"sv-SE\",\"@id\":\"https:\\\/\\\/swiftlifts.com\\\/sv\\\/#\\\/schema\\\/logo\\\/image\\\/\",\"url\":\"https:\\\/\\\/swiftlifts.com\\\/wp-content\\\/uploads\\\/2025\\\/03\\\/cropped-SWIFT-Logo-Google.jpg\",\"contentUrl\":\"https:\\\/\\\/swiftlifts.com\\\/wp-content\\\/uploads\\\/2025\\\/03\\\/cropped-SWIFT-Logo-Google.jpg\",\"width\":512,\"height\":512,\"caption\":\"SWIFT Home Lifts\"},\"image\":{\"@id\":\"https:\\\/\\\/swiftlifts.com\\\/sv\\\/#\\\/schema\\\/logo\\\/image\\\/\"},\"sameAs\":[\"https:\\\/\\\/www.facebook.com\\\/swifthomelifts\",\"https:\\\/\\\/www.instagram.com\\\/swifthomelifts\\\/\",\"https:\\\/\\\/www.linkedin.com\\\/company\\\/swifthomelifts\\\/\",\"https:\\\/\\\/www.pinterest.se\\\/swifthomelifts\\\/\",\"https:\\\/\\\/www.youtube.com\\\/@swift5669\"]}]}<\/script>\n<!-- \/ Yoast SEO Premium plugin. -->","yoast_head_json":{"title":"Villahiss Kontakt \u2013 Boka Gratis R\u00e5dgivning Idag","description":"Boka gratis hembes\u00f6k eller n\u00e5 oss p\u00e5 SWIFT mail hello@swiftlifts.com eller telefon . Eller kom och \u00e5k hiss i n\u00e5got av v\u00e5ra SWIFT showrooms.","robots":{"index":"index","follow":"follow","max-snippet":"max-snippet:-1","max-image-preview":"max-image-preview:large","max-video-preview":"max-video-preview:-1"},"canonical":"https:\/\/swiftlifts.com\/sv\/swift-kontakta-oss\/","og_locale":"sv_SE","og_type":"article","og_title":"Kontakt","og_description":"Boka gratis hembes\u00f6k eller n\u00e5 oss p\u00e5 SWIFT mail eller SWIFT telefon. Eller kom och \u00e5k hiss i n\u00e5got av v\u00e5ra SWIFT showrooms.","og_url":"https:\/\/swiftlifts.com\/sv\/swift-kontakta-oss\/","og_site_name":"SWIFT - 100% battery driven home lifts","article_publisher":"https:\/\/www.facebook.com\/swifthomelifts","article_modified_time":"2026-04-20T02:46:52+00:00","og_image":[{"width":2560,"height":1193,"url":"https:\/\/swiftlifts.com\/wp-content\/uploads\/2022\/10\/SWIFT_Showroom_Shanghai_W.jpg","type":"image\/jpeg"}],"twitter_card":"summary_large_image","twitter_description":"Boka gratis hembes\u00f6k eller n\u00e5 oss p\u00e5 SWIFT mail eller SWIFT telefon. Eller kom och \u00e5k hiss i n\u00e5got av v\u00e5ra SWIFT showrooms.","twitter_misc":{"Ber\u00e4knad l\u00e4stid":"1 minut"},"schema":{"@context":"https:\/\/schema.org","@graph":[{"@type":"WebPage","@id":"https:\/\/swiftlifts.com\/sv\/swift-kontakta-oss\/","url":"https:\/\/swiftlifts.com\/sv\/swift-kontakta-oss\/","name":"Villahiss Kontakt \u2013 Boka Gratis R\u00e5dgivning Idag","isPartOf":{"@id":"https:\/\/swiftlifts.com\/sv\/#website"},"primaryImageOfPage":{"@id":"https:\/\/swiftlifts.com\/sv\/swift-kontakta-oss\/#primaryimage"},"image":{"@id":"https:\/\/swiftlifts.com\/sv\/swift-kontakta-oss\/#primaryimage"},"thumbnailUrl":"https:\/\/swiftlifts.com\/wp-content\/uploads\/2022\/10\/SWIFT_Showroom_Shanghai_W.jpg","datePublished":"2021-09-22T09:45:54+00:00","dateModified":"2026-04-20T02:46:52+00:00","description":"Boka gratis hembes\u00f6k eller n\u00e5 oss p\u00e5 SWIFT mail hello@swiftlifts.com eller telefon . Eller kom och \u00e5k hiss i n\u00e5got av v\u00e5ra SWIFT showrooms.","breadcrumb":{"@id":"https:\/\/swiftlifts.com\/sv\/swift-kontakta-oss\/#breadcrumb"},"inLanguage":"sv-SE","potentialAction":[{"@type":"ReadAction","target":["https:\/\/swiftlifts.com\/sv\/swift-kontakta-oss\/"]}]},{"@type":"ImageObject","inLanguage":"sv-SE","@id":"https:\/\/swiftlifts.com\/sv\/swift-kontakta-oss\/#primaryimage","url":"https:\/\/swiftlifts.com\/wp-content\/uploads\/2022\/10\/SWIFT_Showroom_Shanghai_W.jpg","contentUrl":"https:\/\/swiftlifts.com\/wp-content\/uploads\/2022\/10\/SWIFT_Showroom_Shanghai_W.jpg","width":2560,"height":1193,"caption":"SWIFT kontakt. Bes\u00f6k oss i v\u00e5ra showrooms."},{"@type":"BreadcrumbList","@id":"https:\/\/swiftlifts.com\/sv\/swift-kontakta-oss\/#breadcrumb","itemListElement":[{"@type":"ListItem","position":1,"name":"Home","item":"https:\/\/swiftlifts.com\/sv\/"},{"@type":"ListItem","position":2,"name":"Kontakt"}]},{"@type":"WebSite","@id":"https:\/\/swiftlifts.com\/sv\/#website","url":"https:\/\/swiftlifts.com\/sv\/","name":"SWIFT - 100% battery driven home lifts","description":"NEW WAYS TO MOVE","publisher":{"@id":"https:\/\/swiftlifts.com\/sv\/#organization"},"potentialAction":[{"@type":"SearchAction","target":{"@type":"EntryPoint","urlTemplate":"https:\/\/swiftlifts.com\/sv\/?s={search_term_string}"},"query-input":{"@type":"PropertyValueSpecification","valueRequired":true,"valueName":"search_term_string"}}],"inLanguage":"sv-SE"},{"@type":"Organization","@id":"https:\/\/swiftlifts.com\/sv\/#organization","name":"SWIFT Home Lifts","url":"https:\/\/swiftlifts.com\/sv\/","logo":{"@type":"ImageObject","inLanguage":"sv-SE","@id":"https:\/\/swiftlifts.com\/sv\/#\/schema\/logo\/image\/","url":"https:\/\/swiftlifts.com\/wp-content\/uploads\/2025\/03\/cropped-SWIFT-Logo-Google.jpg","contentUrl":"https:\/\/swiftlifts.com\/wp-content\/uploads\/2025\/03\/cropped-SWIFT-Logo-Google.jpg","width":512,"height":512,"caption":"SWIFT Home Lifts"},"image":{"@id":"https:\/\/swiftlifts.com\/sv\/#\/schema\/logo\/image\/"},"sameAs":["https:\/\/www.facebook.com\/swifthomelifts","https:\/\/www.instagram.com\/swifthomelifts\/","https:\/\/www.linkedin.com\/company\/swifthomelifts\/","https:\/\/www.pinterest.se\/swifthomelifts\/","https:\/\/www.youtube.com\/@swift5669"]}]}},"_links":{"self":[{"href":"https:\/\/swiftlifts.com\/sv\/wp-json\/wp\/v2\/pages\/3113","targetHints":{"allow":["GET"]}}],"collection":[{"href":"https:\/\/swiftlifts.com\/sv\/wp-json\/wp\/v2\/pages"}],"about":[{"href":"https:\/\/swiftlifts.com\/sv\/wp-json\/wp\/v2\/types\/page"}],"author":[{"embeddable":true,"href":"https:\/\/swiftlifts.com\/sv\/wp-json\/wp\/v2\/users\/1"}],"replies":[{"embeddable":true,"href":"https:\/\/swiftlifts.com\/sv\/wp-json\/wp\/v2\/comments?post=3113"}],"version-history":[{"count":62,"href":"https:\/\/swiftlifts.com\/sv\/wp-json\/wp\/v2\/pages\/3113\/revisions"}],"predecessor-version":[{"id":62562,"href":"https:\/\/swiftlifts.com\/sv\/wp-json\/wp\/v2\/pages\/3113\/revisions\/62562"}],"wp:featuredmedia":[{"embeddable":true,"href":"https:\/\/swiftlifts.com\/sv\/wp-json\/wp\/v2\/media\/6564"}],"wp:attachment":[{"href":"https:\/\/swiftlifts.com\/sv\/wp-json\/wp\/v2\/media?parent=3113"}],"curies":[{"name":"wp","href":"https:\/\/api.w.org\/{rel}","templated":true}]}}