{"id":24711,"date":"2024-05-21T05:18:37","date_gmt":"2024-05-21T05:18:37","guid":{"rendered":"https:\/\/swiftlifts.com\/projekt\/projekt-villa-golden-mile\/"},"modified":"2026-02-20T13:33:38","modified_gmt":"2026-02-20T13:33:38","slug":"projekt-villa-golden-mile","status":"publish","type":"page","link":"https:\/\/swiftlifts.com\/sv\/projekt\/projekt-villa-golden-mile\/","title":{"rendered":"Projekt &#8211; Villa Golden Mile"},"content":{"rendered":"\n\t<section class=\"section why_a_home_lift\" id=\"section_1173290792\">\n\t\t<div class=\"section-bg fill\" >\n\t\t\t<img loading=\"lazy\" decoding=\"async\" width=\"2560\" height=\"633\" src=\"https:\/\/swiftlifts.com\/wp-content\/uploads\/2024\/02\/project_hero.jpg\" class=\"bg attachment- size-\" alt=\"project hero\" \/>\t\t\t\t\t\t\n\t\t\t\n\n\t\t<\/div>\n\n\t\t\n\n\t\t<div class=\"section-content relative\">\n\t\t\t\n<div class=\"row\" style=\"max-width:90%\" id=\"row-1070841849\">\n\n\t<div id=\"col-1059513703\" class=\"col small-12 large-12\"  >\n\t\t\t\t<div class=\"col-inner text-center\"  >\n\t\t\t\n\t\t\t\n\t<div id=\"text-2704779966\" class=\"text\">\n\t\t\n<h1>Villa Golden Mile<\/h1>\n\t\t\n<style>\n#text-2704779966 {\n  font-size: 2rem;\n  color: rgb(255, 255, 255);\n}\n#text-2704779966 > * {\n  color: rgb(255, 255, 255);\n}\n<\/style>\n\t<\/div>\n\t\n\t\t<\/div>\n\t\t\t\t\n<style>\n#col-1059513703 > .col-inner {\n  margin: 200px 0px 0px 0px;\n}\n<\/style>\n\t<\/div>\n\n\t\n<\/div>\n\t\t<\/div>\n\n\t\t\n<style>\n#section_1173290792 {\n  padding-top: 30px;\n  padding-bottom: 30px;\n  background-color: #dbe0d1;\n}\n<\/style>\n\t<\/section>\n\t\n\n\t<section class=\"section\" id=\"section_193672313\">\n\t\t<div class=\"section-bg fill\" >\n\t\t\t\t\t\t\t\t\t\n\t\t\t\n\n\t\t<\/div>\n\n\t\t\n\n\t\t<div class=\"section-content relative\">\n\t\t\t\n<div class=\"row row-full-width align-middle\"  id=\"row-379398311\">\n\n\t<div id=\"col-1399708262\" class=\"col medium-6 small-12 large-6\"  >\n\t\t\t\t<div class=\"col-inner\"  >\n\t\t\t\n\t\t\t\n\t<div class=\"img has-hover x md-x lg-x y md-y lg-y\" id=\"image_1342908623\">\n\t\t\t\t\t\t\t\t<div class=\"img-inner dark\" >\n\t\t\t<img loading=\"lazy\" decoding=\"async\" width=\"600\" height=\"800\" src=\"https:\/\/swiftlifts.com\/wp-content\/uploads\/2024\/02\/project_portrait_sw105082_01-600x800.jpg\" class=\"attachment-large size-large\" alt=\"\" srcset=\"https:\/\/swiftlifts.com\/wp-content\/uploads\/2024\/02\/project_portrait_sw105082_01-600x800.jpg 600w, https:\/\/swiftlifts.com\/wp-content\/uploads\/2024\/02\/project_portrait_sw105082_01-300x400.jpg 300w, https:\/\/swiftlifts.com\/wp-content\/uploads\/2024\/02\/project_portrait_sw105082_01-768x1024.jpg 768w, https:\/\/swiftlifts.com\/wp-content\/uploads\/2024\/02\/project_portrait_sw105082_01-1152x1536.jpg 1152w, https:\/\/swiftlifts.com\/wp-content\/uploads\/2024\/02\/project_portrait_sw105082_01.jpg 1200w\" sizes=\"auto, (max-width: 600px) 100vw, 600px\" \/>\t\t\t\t\t\t\n\t\t\t\t\t<\/div>\n\t\t\t\t\t\t\t\t\n<style>\n#image_1342908623 {\n  width: 100%;\n}\n<\/style>\n\t<\/div>\n\t\n\t\t<\/div>\n\t\t\t\t\n<style>\n#col-1399708262 > .col-inner {\n  padding: 0px 0px 0px 0px;\n}\n@media (min-width:550px) {\n  #col-1399708262 > .col-inner {\n    padding: 0px 0px 0px 30%;\n  }\n}\n<\/style>\n\t<\/div>\n\n\t\n\n\t<div id=\"col-2118902318\" class=\"col medium-6 small-12 large-6\"  >\n\t\t\t\t<div class=\"col-inner\"  >\n\t\t\t\n\t\t\t\n\t<div id=\"text-688763395\" class=\"text\">\n\t\t\n<h2>Villa Golden Mile<\/h2>\n\t\t\n<style>\n#text-688763395 {\n  font-size: 1rem;\n  color: rgb(255, 145, 150);\n}\n#text-688763395 > * {\n  color: rgb(255, 145, 150);\n}\n<\/style>\n\t<\/div>\n\t\n\t<div id=\"text-3785243008\" class=\"text\">\n\t\t\n<p>P\u00e5 la Milla de Oro &#8211; som g\u00e5r l\u00e4ngs kusten mellan Gamla stan och hamnen i Marbella och Puerto Ban\u00fas &#8211; hittar du Villa Golden Mile. Ursprungligen byggd i typisk andalusisk stil, genomg\u00e5r villan nu en renovering och uppdatering utan att f\u00f6rlora sin karakt\u00e4r och designelement som den &#8221;moriska b\u00e5gen&#8221;. Syftet med renoveringen &#8211; som inkluderar en SWIFT Pro &#8211; \u00e4r att g\u00f6ra huset mer tillg\u00e4ngligt, bekv\u00e4mt, ljust, luftigt och nyttja n\u00e4rheten till kusten och havet fullt ut.<\/p>\n<p><b>Modell:<\/b> SWIFT Pro<br \/>\n<b>V\u00e5ningar:<\/b> 2<br \/>\n<b>Hisstorlek: <\/b>XL<br \/>\n<b>Hissf\u00e4rg:<\/b> Jet Black<br \/>\n<b>ArtWall:<\/b> Electric Opal<br \/>\n<b>Hissmatta:<\/b> Vinyl Black<br \/>\n<b>Plats:<\/b> Golden Mile \u2013 ett av de mest exklusiva och eftertraktade omr\u00e5dena vad g\u00e4ller boende och fastigheter i Europa \u2013 i hj\u00e4rtat av Marbella,<\/p>\n\t\t\n<style>\n#text-3785243008 {\n  font-size: 1rem;\n  color: rgb(255, 145, 150);\n}\n#text-3785243008 > * {\n  color: rgb(255, 145, 150);\n}\n<\/style>\n\t<\/div>\n\t\n<div class=\"text-right\"><div class=\"is-divider divider clearfix\" style=\"max-width:100%;background-color:rgb(255, 145, 150);\"><\/div><\/div>\n\t\t<\/div>\n\t\t\t\t\n<style>\n#col-2118902318 > .col-inner {\n  padding: 0px 0px 0px 0px;\n}\n@media (min-width:550px) {\n  #col-2118902318 > .col-inner {\n    padding: 0px 30% 0px 0px;\n  }\n}\n<\/style>\n\t<\/div>\n\n\t\n<\/div>\n\t\t<\/div>\n\n\t\t\n<style>\n#section_193672313 {\n  padding-top: 30px;\n  padding-bottom: 30px;\n}\n<\/style>\n\t<\/section>\n\t\n\n\t<section class=\"section\" id=\"section_2062775472\">\n\t\t<div class=\"section-bg fill\" >\n\t\t\t\t\t\t\t\t\t\n\t\t\t\n\n\t\t<\/div>\n\n\t\t\n\n\t\t<div class=\"section-content relative\">\n\t\t\t\n<div class=\"row row-full-width\"  id=\"row-1720028730\">\n\n\t<div id=\"col-778741448\" class=\"col medium-6 small-12 large-6\"  >\n\t\t\t\t<div class=\"col-inner\"  >\n\t\t\t\n\t\t\t\n\t<div class=\"img has-hover x md-x lg-x y md-y lg-y\" id=\"image_1594730827\">\n\t\t\t\t\t\t\t\t<div class=\"img-inner dark\" >\n\t\t\t<img loading=\"lazy\" decoding=\"async\" width=\"600\" height=\"800\" src=\"https:\/\/swiftlifts.com\/wp-content\/uploads\/2024\/02\/project_portrait_sw105082_03-600x800.jpg\" class=\"attachment-large size-large\" alt=\"\" srcset=\"https:\/\/swiftlifts.com\/wp-content\/uploads\/2024\/02\/project_portrait_sw105082_03-600x800.jpg 600w, https:\/\/swiftlifts.com\/wp-content\/uploads\/2024\/02\/project_portrait_sw105082_03-300x400.jpg 300w, https:\/\/swiftlifts.com\/wp-content\/uploads\/2024\/02\/project_portrait_sw105082_03-768x1024.jpg 768w, https:\/\/swiftlifts.com\/wp-content\/uploads\/2024\/02\/project_portrait_sw105082_03-1152x1536.jpg 1152w, https:\/\/swiftlifts.com\/wp-content\/uploads\/2024\/02\/project_portrait_sw105082_03.jpg 1200w\" sizes=\"auto, (max-width: 600px) 100vw, 600px\" \/>\t\t\t\t\t\t\n\t\t\t\t\t<\/div>\n\t\t\t\t\t\t\t\t\n<style>\n#image_1594730827 {\n  width: 100%;\n}\n<\/style>\n\t<\/div>\n\t\n\t<div id=\"text-3519863150\" class=\"text\">\n\t\t\n<p>Familjen valde en SWIFT Pro p\u00e5 grund av dess design, yteffektivitet, s\u00f6ml\u00f6sa, enkla drift och en f\u00f6rb\u00e4ttrad upplevelse totalt sett tack vare dess tekniska funktioner.<\/p>\n\t\t\n<style>\n#text-3519863150 {\n  font-size: 1rem;\n  color: #ff9196;\n}\n#text-3519863150 > * {\n  color: #ff9196;\n}\n<\/style>\n\t<\/div>\n\t\n\t\t<\/div>\n\t\t\t\t\n<style>\n#col-778741448 > .col-inner {\n  padding: 0px 0px 0px 0px;\n}\n@media (min-width:550px) {\n  #col-778741448 > .col-inner {\n    padding: 0px 0px 0px 30%;\n  }\n}\n<\/style>\n\t<\/div>\n\n\t\n\n\t<div id=\"col-1767270127\" class=\"col medium-6 small-12 large-6\"  >\n\t\t\t\t<div class=\"col-inner\"  >\n\t\t\t\n\t\t\t\n\t<div class=\"img has-hover x md-x lg-x y md-y lg-y\" id=\"image_787286998\">\n\t\t\t\t\t\t\t\t<div class=\"img-inner dark\" >\n\t\t\t<img loading=\"lazy\" decoding=\"async\" width=\"600\" height=\"800\" src=\"https:\/\/swiftlifts.com\/wp-content\/uploads\/2024\/02\/project_portrait_sw105082_04-600x800.jpg\" class=\"attachment-large size-large\" alt=\"\" srcset=\"https:\/\/swiftlifts.com\/wp-content\/uploads\/2024\/02\/project_portrait_sw105082_04-600x800.jpg 600w, https:\/\/swiftlifts.com\/wp-content\/uploads\/2024\/02\/project_portrait_sw105082_04-300x400.jpg 300w, https:\/\/swiftlifts.com\/wp-content\/uploads\/2024\/02\/project_portrait_sw105082_04-768x1024.jpg 768w, https:\/\/swiftlifts.com\/wp-content\/uploads\/2024\/02\/project_portrait_sw105082_04-1152x1536.jpg 1152w, https:\/\/swiftlifts.com\/wp-content\/uploads\/2024\/02\/project_portrait_sw105082_04.jpg 1200w\" sizes=\"auto, (max-width: 600px) 100vw, 600px\" \/>\t\t\t\t\t\t\n\t\t\t\t\t<\/div>\n\t\t\t\t\t\t\t\t\n<style>\n#image_787286998 {\n  width: 100%;\n}\n<\/style>\n\t<\/div>\n\t\n\t<div id=\"text-2696553334\" class=\"text\">\n\t\t\n<p>Svart och vitt \u00e4r alltid en bra id\u00e9 och som aldrig g\u00e5r ur mode.<\/p>\n\t\t\n<style>\n#text-2696553334 {\n  font-size: 1rem;\n  color: #ff9196;\n}\n#text-2696553334 > * {\n  color: #ff9196;\n}\n<\/style>\n\t<\/div>\n\t\n\t\t<\/div>\n\t\t\t\t\n<style>\n#col-1767270127 > .col-inner {\n  padding: 0px 0px 0px 0px;\n}\n@media (min-width:550px) {\n  #col-1767270127 > .col-inner {\n    padding: 0px 30% 0px 0px;\n  }\n}\n<\/style>\n\t<\/div>\n\n\t\n<\/div>\n\t\t<\/div>\n\n\t\t\n<style>\n#section_2062775472 {\n  padding-top: 30px;\n  padding-bottom: 30px;\n}\n<\/style>\n\t<\/section>\n\t\n\n\t<section class=\"section\" id=\"section_814895116\">\n\t\t<div class=\"section-bg fill\" >\n\t\t\t\t\t\t\t\t\t\n\t\t\t\n\n\t\t<\/div>\n\n\t\t\n\n\t\t<div class=\"section-content relative\">\n\t\t\t\n<div class=\"row row-full-width\"  id=\"row-1745674116\">\n\n\t<div id=\"col-382827243\" class=\"col small-12 large-12\"  >\n\t\t\t\t<div class=\"col-inner\"  >\n\t\t\t\n\t\t\t\n\t<div class=\"img has-hover x md-x lg-x y md-y lg-y\" id=\"image_269164483\">\n\t\t\t\t\t\t\t\t<div class=\"img-inner dark\" >\n\t\t\t<img loading=\"lazy\" decoding=\"async\" width=\"1020\" height=\"538\" src=\"https:\/\/swiftlifts.com\/wp-content\/uploads\/2024\/02\/project_landscape_sw105082_01-1400x738.jpg\" class=\"attachment-large size-large\" alt=\"\" srcset=\"https:\/\/swiftlifts.com\/wp-content\/uploads\/2024\/02\/project_landscape_sw105082_01-1400x738.jpg 1400w, https:\/\/swiftlifts.com\/wp-content\/uploads\/2024\/02\/project_landscape_sw105082_01-759x400.jpg 759w, https:\/\/swiftlifts.com\/wp-content\/uploads\/2024\/02\/project_landscape_sw105082_01-768x405.jpg 768w, https:\/\/swiftlifts.com\/wp-content\/uploads\/2024\/02\/project_landscape_sw105082_01-1536x809.jpg 1536w, https:\/\/swiftlifts.com\/wp-content\/uploads\/2024\/02\/project_landscape_sw105082_01.jpg 2000w\" sizes=\"auto, (max-width: 1020px) 100vw, 1020px\" \/>\t\t\t\t\t\t\n\t\t\t\t\t<\/div>\n\t\t\t\t\t\t\t\t\n<style>\n#image_269164483 {\n  width: 100%;\n}\n<\/style>\n\t<\/div>\n\t\n\t<div id=\"text-2890899544\" class=\"text\">\n\t\t\n<p>Designen h\u00e4mtar inspiration fr\u00e5n de traditionella spanska hacienda, med moderna element f\u00f6r en tidl\u00f6s och modern k\u00e4nsla.<\/p>\n\t\t\n<style>\n#text-2890899544 {\n  font-size: 1rem;\n  color: rgb(255, 145, 150);\n}\n#text-2890899544 > * {\n  color: rgb(255, 145, 150);\n}\n<\/style>\n\t<\/div>\n\t\n\t\t<\/div>\n\t\t\t\t\n<style>\n#col-382827243 > .col-inner {\n  padding: 0px 0px 0px 0px;\n}\n@media (min-width:550px) {\n  #col-382827243 > .col-inner {\n    padding: 0px 15% 0px 15%;\n  }\n}\n<\/style>\n\t<\/div>\n\n\t\n<\/div>\n\t\t<\/div>\n\n\t\t\n<style>\n#section_814895116 {\n  padding-top: 30px;\n  padding-bottom: 30px;\n}\n<\/style>\n\t<\/section>\n\t\n\n\t<section class=\"section\" id=\"section_477842072\">\n\t\t<div class=\"section-bg fill\" >\n\t\t\t\t\t\t\t\t\t\n\t\t\t\n\n\t\t<\/div>\n\n\t\t\n\n\t\t<div class=\"section-content relative\">\n\t\t\t\n<div class=\"row row-full-width\"  id=\"row-755001370\">\n\n\t<div id=\"col-1353847099\" class=\"col medium-6 small-12 large-6\"  >\n\t\t\t\t<div class=\"col-inner\"  >\n\t\t\t\n\t\t\t\n\t<div class=\"img has-hover x md-x lg-x y md-y lg-y\" id=\"image_882311880\">\n\t\t\t\t\t\t\t\t<div class=\"img-inner dark\" >\n\t\t\t<img loading=\"lazy\" decoding=\"async\" width=\"600\" height=\"800\" src=\"https:\/\/swiftlifts.com\/wp-content\/uploads\/2024\/02\/project_portrait_sw105082_05-600x800.jpg\" class=\"attachment-large size-large\" alt=\"\" srcset=\"https:\/\/swiftlifts.com\/wp-content\/uploads\/2024\/02\/project_portrait_sw105082_05-600x800.jpg 600w, https:\/\/swiftlifts.com\/wp-content\/uploads\/2024\/02\/project_portrait_sw105082_05-300x400.jpg 300w, https:\/\/swiftlifts.com\/wp-content\/uploads\/2024\/02\/project_portrait_sw105082_05-768x1024.jpg 768w, https:\/\/swiftlifts.com\/wp-content\/uploads\/2024\/02\/project_portrait_sw105082_05-1152x1536.jpg 1152w, https:\/\/swiftlifts.com\/wp-content\/uploads\/2024\/02\/project_portrait_sw105082_05.jpg 1200w\" sizes=\"auto, (max-width: 600px) 100vw, 600px\" \/>\t\t\t\t\t\t\n\t\t\t\t\t<\/div>\n\t\t\t\t\t\t\t\t\n<style>\n#image_882311880 {\n  width: 100%;\n}\n<\/style>\n\t<\/div>\n\t\n\t<div id=\"text-934288566\" class=\"text\">\n\t\t\n<p>Fr\u00e5n \u00f6verv\u00e5ningen &#8211; som rymmer en sovrumsdel med badrum och kl\u00e4dkammare &#8211; tar familjen sig enkelt ner med SWIFT.<\/p>\n\t\t\n<style>\n#text-934288566 {\n  font-size: 1rem;\n  color: #ff9196;\n}\n#text-934288566 > * {\n  color: #ff9196;\n}\n<\/style>\n\t<\/div>\n\t\n\t\t<\/div>\n\t\t\t\t\n<style>\n#col-1353847099 > .col-inner {\n  padding: 0px 0px 0px 0px;\n}\n@media (min-width:550px) {\n  #col-1353847099 > .col-inner {\n    padding: 0px 0px 0px 30%;\n  }\n}\n<\/style>\n\t<\/div>\n\n\t\n\n\t<div id=\"col-259120108\" class=\"col medium-6 small-12 large-6\"  >\n\t\t\t\t<div class=\"col-inner\"  >\n\t\t\t\n\t\t\t\n\t<div class=\"img has-hover x md-x lg-x y md-y lg-y\" id=\"image_492311644\">\n\t\t\t\t\t\t\t\t<div class=\"img-inner dark\" >\n\t\t\t<img loading=\"lazy\" decoding=\"async\" width=\"600\" height=\"800\" src=\"https:\/\/swiftlifts.com\/wp-content\/uploads\/2024\/02\/project_portrait_sw105082_02-600x800.jpg\" class=\"attachment-large size-large\" alt=\"\" srcset=\"https:\/\/swiftlifts.com\/wp-content\/uploads\/2024\/02\/project_portrait_sw105082_02-600x800.jpg 600w, https:\/\/swiftlifts.com\/wp-content\/uploads\/2024\/02\/project_portrait_sw105082_02-300x400.jpg 300w, https:\/\/swiftlifts.com\/wp-content\/uploads\/2024\/02\/project_portrait_sw105082_02-768x1024.jpg 768w, https:\/\/swiftlifts.com\/wp-content\/uploads\/2024\/02\/project_portrait_sw105082_02-1152x1536.jpg 1152w, https:\/\/swiftlifts.com\/wp-content\/uploads\/2024\/02\/project_portrait_sw105082_02.jpg 1200w\" sizes=\"auto, (max-width: 600px) 100vw, 600px\" \/>\t\t\t\t\t\t\n\t\t\t\t\t<\/div>\n\t\t\t\t\t\t\t\t\n<style>\n#image_492311644 {\n  width: 100%;\n}\n<\/style>\n\t<\/div>\n\t\n\t<div id=\"text-905648234\" class=\"text\">\n\t\t\n<p>Bottenv\u00e5ningen best\u00e5r av k\u00f6k, s\u00e4llskapsytor, g\u00e4strum och den centralt bel\u00e4gna SWIFT Pro i husets entr\u00e9.<\/p>\n\t\t\n<style>\n#text-905648234 {\n  font-size: 1rem;\n  color: #ff9196;\n}\n#text-905648234 > * {\n  color: #ff9196;\n}\n<\/style>\n\t<\/div>\n\t\n\t\t<\/div>\n\t\t\t\t\n<style>\n#col-259120108 > .col-inner {\n  padding: 0px 0px 0px 0px;\n}\n@media (min-width:550px) {\n  #col-259120108 > .col-inner {\n    padding: 0px 30% 0px 0px;\n  }\n}\n<\/style>\n\t<\/div>\n\n\t\n\n\t<div id=\"col-939817504\" class=\"col medium-6 small-12 large-6\"  >\n\t\t\t\t<div class=\"col-inner text-center\"  >\n\t\t\t\n\t\t\t\n<a href=\"https:\/\/swiftlifts.com\/en\/projects\/\" class=\"button alert lowercase\" >\n\t\t<span>Klicka h\u00e4r f\u00f6r att se fler projekt<\/span>\n\t<\/a>\n\n\t\t<\/div>\n\t\t\t\t\n<style>\n#col-939817504 > .col-inner {\n  padding: 0px 0px 0px 0px;\n}\n@media (min-width:550px) {\n  #col-939817504 > .col-inner {\n    padding: 0px 0px 0px 30%;\n  }\n}\n<\/style>\n\t<\/div>\n\n\t\n\n\t<div id=\"col-306346906\" class=\"col medium-6 small-12 large-6\"  >\n\t\t\t\t<div class=\"col-inner text-center\"  >\n\t\t\t\n\t\t\t\n<a href=\"https:\/\/swiftlifts.com\/en\/products\/swift-pro-residential-lift\/\" class=\"button primary lowercase\" >\n\t\t<span>SWIFT Pro produktsida<\/span>\n\t<\/a>\n\n\t\t<\/div>\n\t\t\t\t\n<style>\n#col-306346906 > .col-inner {\n  padding: 0px 0px 0px 0px;\n}\n@media (min-width:550px) {\n  #col-306346906 > .col-inner {\n    padding: 0px 30% 0px 0%;\n  }\n}\n<\/style>\n\t<\/div>\n\n\t\n<\/div>\n\t\t<\/div>\n\n\t\t\n<style>\n#section_477842072 {\n  padding-top: 30px;\n  padding-bottom: 30px;\n}\n<\/style>\n\t<\/section>\n\t\n","protected":false},"excerpt":{"rendered":"","protected":false},"author":9,"featured_media":0,"parent":16058,"menu_order":0,"comment_status":"closed","ping_status":"closed","template":"page-transparent-header.php","meta":{"_acf_changed":false,"content-type":"","footnotes":""},"class_list":["post-24711","page","type-page","status-publish","hentry"],"acf":[],"yoast_head":"<!-- This site is optimized with the Yoast SEO Premium plugin v27.3 (Yoast SEO v27.4) - https:\/\/yoast.com\/product\/yoast-seo-premium-wordpress\/ -->\n<title>Villahiss Projekt \u2013 Golden Mile Lyxvilla<\/title>\n<meta name=\"description\" content=\"Lyxvilla i Golden\u202fMile, Marbella, med andalusisk charm, \u00f6ppna ljusa ytor, modern komfort och fantastisk kustn\u00e4ra utsikt \u00f6ver havet.\" \/>\n<meta name=\"robots\" content=\"index, follow, max-snippet:-1, max-image-preview:large, max-video-preview:-1\" \/>\n<link rel=\"canonical\" href=\"https:\/\/swiftlifts.com\/sv\/projekt\/projekt-villa-golden-mile\/\" \/>\n<meta property=\"og:locale\" content=\"sv_SE\" \/>\n<meta property=\"og:type\" content=\"article\" \/>\n<meta property=\"og:title\" content=\"Projekt - Villa Golden Mile\" \/>\n<meta property=\"og:description\" content=\"Lyxvilla i Golden\u202fMile, Marbella, med andalusisk charm, \u00f6ppna ljusa ytor, modern komfort och fantastisk kustn\u00e4ra utsikt \u00f6ver havet.\" \/>\n<meta property=\"og:url\" content=\"https:\/\/swiftlifts.com\/sv\/projekt\/projekt-villa-golden-mile\/\" \/>\n<meta property=\"og:site_name\" content=\"SWIFT - 100% battery driven home lifts\" \/>\n<meta property=\"article:publisher\" content=\"https:\/\/www.facebook.com\/swifthomelifts\" \/>\n<meta property=\"article:modified_time\" content=\"2026-02-20T13:33:38+00:00\" \/>\n<meta name=\"twitter:card\" content=\"summary_large_image\" \/>\n<meta name=\"twitter:label1\" content=\"Ber\u00e4knad l\u00e4stid\" \/>\n\t<meta name=\"twitter:data1\" content=\"3 minuter\" \/>\n<script type=\"application\/ld+json\" class=\"yoast-schema-graph\">{\"@context\":\"https:\\\/\\\/schema.org\",\"@graph\":[{\"@type\":\"WebPage\",\"@id\":\"https:\\\/\\\/swiftlifts.com\\\/sv\\\/projekt\\\/projekt-villa-golden-mile\\\/\",\"url\":\"https:\\\/\\\/swiftlifts.com\\\/sv\\\/projekt\\\/projekt-villa-golden-mile\\\/\",\"name\":\"Villahiss Projekt \u2013 Golden Mile Lyxvilla\",\"isPartOf\":{\"@id\":\"https:\\\/\\\/swiftlifts.com\\\/sv\\\/#website\"},\"datePublished\":\"2024-05-21T05:18:37+00:00\",\"dateModified\":\"2026-02-20T13:33:38+00:00\",\"description\":\"Lyxvilla i Golden\u202fMile, Marbella, med andalusisk charm, \u00f6ppna ljusa ytor, modern komfort och fantastisk kustn\u00e4ra utsikt \u00f6ver havet.\",\"breadcrumb\":{\"@id\":\"https:\\\/\\\/swiftlifts.com\\\/sv\\\/projekt\\\/projekt-villa-golden-mile\\\/#breadcrumb\"},\"inLanguage\":\"sv-SE\",\"potentialAction\":[{\"@type\":\"ReadAction\",\"target\":[\"https:\\\/\\\/swiftlifts.com\\\/sv\\\/projekt\\\/projekt-villa-golden-mile\\\/\"]}]},{\"@type\":\"BreadcrumbList\",\"@id\":\"https:\\\/\\\/swiftlifts.com\\\/sv\\\/projekt\\\/projekt-villa-golden-mile\\\/#breadcrumb\",\"itemListElement\":[{\"@type\":\"ListItem\",\"position\":1,\"name\":\"Home\",\"item\":\"https:\\\/\\\/swiftlifts.com\\\/sv\\\/\"},{\"@type\":\"ListItem\",\"position\":2,\"name\":\"Projekt\",\"item\":\"https:\\\/\\\/swiftlifts.com\\\/sv\\\/projekt\\\/\"},{\"@type\":\"ListItem\",\"position\":3,\"name\":\"Projekt &#8211; Villa Golden Mile\"}]},{\"@type\":\"WebSite\",\"@id\":\"https:\\\/\\\/swiftlifts.com\\\/sv\\\/#website\",\"url\":\"https:\\\/\\\/swiftlifts.com\\\/sv\\\/\",\"name\":\"SWIFT - 100% battery driven home lifts\",\"description\":\"NEW WAYS TO MOVE\",\"publisher\":{\"@id\":\"https:\\\/\\\/swiftlifts.com\\\/sv\\\/#organization\"},\"potentialAction\":[{\"@type\":\"SearchAction\",\"target\":{\"@type\":\"EntryPoint\",\"urlTemplate\":\"https:\\\/\\\/swiftlifts.com\\\/sv\\\/?s={search_term_string}\"},\"query-input\":{\"@type\":\"PropertyValueSpecification\",\"valueRequired\":true,\"valueName\":\"search_term_string\"}}],\"inLanguage\":\"sv-SE\"},{\"@type\":\"Organization\",\"@id\":\"https:\\\/\\\/swiftlifts.com\\\/sv\\\/#organization\",\"name\":\"SWIFT Home Lifts\",\"url\":\"https:\\\/\\\/swiftlifts.com\\\/sv\\\/\",\"logo\":{\"@type\":\"ImageObject\",\"inLanguage\":\"sv-SE\",\"@id\":\"https:\\\/\\\/swiftlifts.com\\\/sv\\\/#\\\/schema\\\/logo\\\/image\\\/\",\"url\":\"https:\\\/\\\/swiftlifts.com\\\/wp-content\\\/uploads\\\/2025\\\/03\\\/cropped-SWIFT-Logo-Google.jpg\",\"contentUrl\":\"https:\\\/\\\/swiftlifts.com\\\/wp-content\\\/uploads\\\/2025\\\/03\\\/cropped-SWIFT-Logo-Google.jpg\",\"width\":512,\"height\":512,\"caption\":\"SWIFT Home Lifts\"},\"image\":{\"@id\":\"https:\\\/\\\/swiftlifts.com\\\/sv\\\/#\\\/schema\\\/logo\\\/image\\\/\"},\"sameAs\":[\"https:\\\/\\\/www.facebook.com\\\/swifthomelifts\",\"https:\\\/\\\/www.instagram.com\\\/swifthomelifts\\\/\",\"https:\\\/\\\/www.linkedin.com\\\/company\\\/swifthomelifts\\\/\",\"https:\\\/\\\/www.pinterest.se\\\/swifthomelifts\\\/\",\"https:\\\/\\\/www.youtube.com\\\/@swift5669\"]}]}<\/script>\n<!-- \/ Yoast SEO Premium plugin. -->","yoast_head_json":{"title":"Villahiss Projekt \u2013 Golden Mile Lyxvilla","description":"Lyxvilla i Golden\u202fMile, Marbella, med andalusisk charm, \u00f6ppna ljusa ytor, modern komfort och fantastisk kustn\u00e4ra utsikt \u00f6ver havet.","robots":{"index":"index","follow":"follow","max-snippet":"max-snippet:-1","max-image-preview":"max-image-preview:large","max-video-preview":"max-video-preview:-1"},"canonical":"https:\/\/swiftlifts.com\/sv\/projekt\/projekt-villa-golden-mile\/","og_locale":"sv_SE","og_type":"article","og_title":"Projekt - Villa Golden Mile","og_description":"Lyxvilla i Golden\u202fMile, Marbella, med andalusisk charm, \u00f6ppna ljusa ytor, modern komfort och fantastisk kustn\u00e4ra utsikt \u00f6ver havet.","og_url":"https:\/\/swiftlifts.com\/sv\/projekt\/projekt-villa-golden-mile\/","og_site_name":"SWIFT - 100% battery driven home lifts","article_publisher":"https:\/\/www.facebook.com\/swifthomelifts","article_modified_time":"2026-02-20T13:33:38+00:00","twitter_card":"summary_large_image","twitter_misc":{"Ber\u00e4knad l\u00e4stid":"3 minuter"},"schema":{"@context":"https:\/\/schema.org","@graph":[{"@type":"WebPage","@id":"https:\/\/swiftlifts.com\/sv\/projekt\/projekt-villa-golden-mile\/","url":"https:\/\/swiftlifts.com\/sv\/projekt\/projekt-villa-golden-mile\/","name":"Villahiss Projekt \u2013 Golden Mile Lyxvilla","isPartOf":{"@id":"https:\/\/swiftlifts.com\/sv\/#website"},"datePublished":"2024-05-21T05:18:37+00:00","dateModified":"2026-02-20T13:33:38+00:00","description":"Lyxvilla i Golden\u202fMile, Marbella, med andalusisk charm, \u00f6ppna ljusa ytor, modern komfort och fantastisk kustn\u00e4ra utsikt \u00f6ver havet.","breadcrumb":{"@id":"https:\/\/swiftlifts.com\/sv\/projekt\/projekt-villa-golden-mile\/#breadcrumb"},"inLanguage":"sv-SE","potentialAction":[{"@type":"ReadAction","target":["https:\/\/swiftlifts.com\/sv\/projekt\/projekt-villa-golden-mile\/"]}]},{"@type":"BreadcrumbList","@id":"https:\/\/swiftlifts.com\/sv\/projekt\/projekt-villa-golden-mile\/#breadcrumb","itemListElement":[{"@type":"ListItem","position":1,"name":"Home","item":"https:\/\/swiftlifts.com\/sv\/"},{"@type":"ListItem","position":2,"name":"Projekt","item":"https:\/\/swiftlifts.com\/sv\/projekt\/"},{"@type":"ListItem","position":3,"name":"Projekt &#8211; Villa Golden Mile"}]},{"@type":"WebSite","@id":"https:\/\/swiftlifts.com\/sv\/#website","url":"https:\/\/swiftlifts.com\/sv\/","name":"SWIFT - 100% battery driven home lifts","description":"NEW WAYS TO MOVE","publisher":{"@id":"https:\/\/swiftlifts.com\/sv\/#organization"},"potentialAction":[{"@type":"SearchAction","target":{"@type":"EntryPoint","urlTemplate":"https:\/\/swiftlifts.com\/sv\/?s={search_term_string}"},"query-input":{"@type":"PropertyValueSpecification","valueRequired":true,"valueName":"search_term_string"}}],"inLanguage":"sv-SE"},{"@type":"Organization","@id":"https:\/\/swiftlifts.com\/sv\/#organization","name":"SWIFT Home Lifts","url":"https:\/\/swiftlifts.com\/sv\/","logo":{"@type":"ImageObject","inLanguage":"sv-SE","@id":"https:\/\/swiftlifts.com\/sv\/#\/schema\/logo\/image\/","url":"https:\/\/swiftlifts.com\/wp-content\/uploads\/2025\/03\/cropped-SWIFT-Logo-Google.jpg","contentUrl":"https:\/\/swiftlifts.com\/wp-content\/uploads\/2025\/03\/cropped-SWIFT-Logo-Google.jpg","width":512,"height":512,"caption":"SWIFT Home Lifts"},"image":{"@id":"https:\/\/swiftlifts.com\/sv\/#\/schema\/logo\/image\/"},"sameAs":["https:\/\/www.facebook.com\/swifthomelifts","https:\/\/www.instagram.com\/swifthomelifts\/","https:\/\/www.linkedin.com\/company\/swifthomelifts\/","https:\/\/www.pinterest.se\/swifthomelifts\/","https:\/\/www.youtube.com\/@swift5669"]}]}},"_links":{"self":[{"href":"https:\/\/swiftlifts.com\/sv\/wp-json\/wp\/v2\/pages\/24711","targetHints":{"allow":["GET"]}}],"collection":[{"href":"https:\/\/swiftlifts.com\/sv\/wp-json\/wp\/v2\/pages"}],"about":[{"href":"https:\/\/swiftlifts.com\/sv\/wp-json\/wp\/v2\/types\/page"}],"author":[{"embeddable":true,"href":"https:\/\/swiftlifts.com\/sv\/wp-json\/wp\/v2\/users\/9"}],"replies":[{"embeddable":true,"href":"https:\/\/swiftlifts.com\/sv\/wp-json\/wp\/v2\/comments?post=24711"}],"version-history":[{"count":1,"href":"https:\/\/swiftlifts.com\/sv\/wp-json\/wp\/v2\/pages\/24711\/revisions"}],"predecessor-version":[{"id":56548,"href":"https:\/\/swiftlifts.com\/sv\/wp-json\/wp\/v2\/pages\/24711\/revisions\/56548"}],"up":[{"embeddable":true,"href":"https:\/\/swiftlifts.com\/sv\/wp-json\/wp\/v2\/pages\/16058"}],"wp:attachment":[{"href":"https:\/\/swiftlifts.com\/sv\/wp-json\/wp\/v2\/media?parent=24711"}],"curies":[{"name":"wp","href":"https:\/\/api.w.org\/{rel}","templated":true}]}}