{"id":23877,"date":"2024-04-29T06:27:20","date_gmt":"2024-04-29T06:27:20","guid":{"rendered":"https:\/\/swiftlifts.com\/build-your-lift\/"},"modified":"2026-03-04T15:30:40","modified_gmt":"2026-03-04T15:30:40","slug":"bygg-din-hiss-99","status":"publish","type":"page","link":"https:\/\/swiftlifts.com\/sv\/bygg-din-hiss-99\/","title":{"rendered":"Bygg din hiss 2"},"content":{"rendered":"\n\t<section class=\"section build-your-lift-sec\" id=\"section_731648044\">\n\t\t<div class=\"section-bg fill\" >\n\t\t\t\t\t\t\t\t\t\n\t\t\t\n\n\t\t<\/div>\n\n\t\t\n\n\t\t<div class=\"section-content relative\">\n\t\t\t\n<div class=\"row align-bottom align-center\" style=\"max-width:80%\" id=\"row-2093835138\">\n\n\t<div id=\"col-406591510\" class=\"col medium-12 small-12 large-12\"  >\n\t\t\t\t<div class=\"col-inner text-center\"  >\n\t\t\t\n\t\t\t\n\t<div id=\"text-1136998992\" class=\"text\">\n\t\t\n<h1>V\u00e4lj din modell<\/h1>\n\t\t\n<style>\n#text-1136998992 {\n  font-size: 1.5rem;\n  color: rgb(0,0,0);\n}\n#text-1136998992 > * {\n  color: rgb(0,0,0);\n}\n<\/style>\n\t<\/div>\n\t\n\t\t<\/div>\n\t\t\t\t\n<style>\n#col-406591510 > .col-inner {\n  padding: 0px 0px 0px 0px;\n  margin: 0px 0px -30px 0px;\n}\n<\/style>\n\t<\/div>\n\n\t\n\n<style>\n#row-2093835138 > .col > .col-inner {\n  padding: 20px 0px 0px 0px;\n  background-color: rgb(250, 245, 242);\n}\n<\/style>\n<\/div>\n<div class=\"row row-full-width\"  id=\"row-223068930\">\n\n\t<div id=\"col-375855299\" class=\"col medium-2 small-12 large-2\"  >\n\t\t\t\t<div class=\"col-inner\"  >\n\t\t\t\n\t\t\t\n\t\t<\/div>\n\t\t\t\t\t<\/div>\n\n\t\n\n\t<div id=\"col-101246044\" class=\"col medium-4 small-12 large-4\"  >\n\t\t\t\t<div class=\"col-inner text-center\"  >\n\t\t\t\n\t\t\t\n<p><img loading=\"lazy\" decoding=\"async\" class=\"alignnone size-medium wp-image-43198\" src=\"https:\/\/swiftlifts.com\/wp-content\/uploads\/2025\/03\/SWIFT_Pro-345x400.jpg\" alt=\"SWIFT Pro\" width=\"345\" height=\"400\" srcset=\"https:\/\/swiftlifts.com\/wp-content\/uploads\/2025\/03\/SWIFT_Pro-345x400.jpg 345w, https:\/\/swiftlifts.com\/wp-content\/uploads\/2025\/03\/SWIFT_Pro-689x800.jpg 689w, https:\/\/swiftlifts.com\/wp-content\/uploads\/2025\/03\/SWIFT_Pro-768x891.jpg 768w, https:\/\/swiftlifts.com\/wp-content\/uploads\/2025\/03\/SWIFT_Pro.jpg 896w\" sizes=\"auto, (max-width: 345px) 100vw, 345px\" \/><\/p>\n\t<div id=\"text-1722321502\" class=\"text\">\n\t\t\n<h2>V\u00e5r mest avancerade modell<\/h2>\n\t\t\n<style>\n#text-1722321502 {\n  font-size: 1rem;\n  text-align: center;\n  color: #ff9196;\n}\n#text-1722321502 > * {\n  color: #ff9196;\n}\n<\/style>\n\t<\/div>\n\t\n\t<div id=\"text-2333487536\" class=\"text\">\n\t\t\n<p>Touchsk\u00e4rm och fylld med smarta<br \/>\nfunktioner f\u00f6r alla familjemedlemmar<\/p>\n\t\t\n<style>\n#text-2333487536 {\n  text-align: center;\n  color: #ff9196;\n}\n#text-2333487536 > * {\n  color: #ff9196;\n}\n<\/style>\n\t<\/div>\n\t\n<a href=\"https:\/\/build.swiftlifts.com\/start?productTabId=5daaa054-50ac-41cd-84b4-3ce4ed07dc58&#038;productId=m7b4cc9f375947aba75e49c3431856c0&#038;market=se&#038;language=sv&#038;state=eyJzdGVwMCI6eyJBRE1JTl9GVUxMX0JPTSI6IjAifSwiU3RlcDEiOnsiQ09VTlRSWV9PRl9JTlNUQUxMQVRJT05fdHlwZV9maWVsZCI6IklOU1RfU1dFIiwiTElGVF9NT0RFTF90eXBlX2ZpZWxkIjoiU1dJRlRfUFJPIn19\" class=\"button primary lowercase arrow-icon-button-nordic-sunset\" >\n\t\t<span>Bygg din SWIFT Pro<\/span>\n\t<\/a>\n\n\t<div id=\"text-464589748\" class=\"text\">\n\t\t\n<p><img decoding=\"async\" class=\"build-lift-icon\" title=\"EcoDrive 48V battery bank dynamically charged: \u2022 When traveling down \u2022 By battery charger \u2022 By solar panels (optional)\" src=\"https:\/\/swiftlifts.com\/wp-content\/uploads\/2024\/04\/ecodrive_2024_ns.png\" \/> <img decoding=\"async\" class=\"build-lift-icon\" title=\"Touch display Intuitive design. Name your floors. Set user profiles.\" src=\"https:\/\/swiftlifts.com\/wp-content\/uploads\/2024\/04\/touch_display_2024_ns.png\" \/> <img decoding=\"async\" class=\"build-lift-icon\" title=\"User profiles Set lift and door speed based on family member preferences. Kids, visitors and grandparents.\" src=\"https:\/\/swiftlifts.com\/wp-content\/uploads\/2024\/04\/user-profiles_2024_ns.png\" \/> <img decoding=\"async\" class=\"build-lift-icon\" title=\"Customisable Carefully selected ArtWalls, colours, light features and flooring options to make it fit any personal preferences.\" src=\"https:\/\/swiftlifts.com\/wp-content\/uploads\/2024\/04\/customise_2024_ns.png\" \/> <img decoding=\"async\" class=\"build-lift-icon\" title=\"Sound system\" src=\"https:\/\/swiftlifts.com\/wp-content\/uploads\/2024\/04\/sounds_2024_ns.png\" \/> <img decoding=\"async\" class=\"build-lift-icon\" title=\"SWIFT Remote (Option) Always connected and remotely monitored to minimize maintenance and service costs and to optimize functionality.\" src=\"https:\/\/swiftlifts.com\/wp-content\/uploads\/2024\/04\/swift_remote_2024_ns.png\" \/> <img decoding=\"async\" class=\"build-lift-icon\" title=\"Anti-trap system Full operation if external power failure. No need to be anxious.\" src=\"https:\/\/swiftlifts.com\/wp-content\/uploads\/2024\/04\/anti-trap_2024_ns.png\" \/> <img decoding=\"async\" class=\"build-lift-icon\" title=\"Patented (pending) drive system Most modern screw and nut system. Machine room less. State of the art 48V battery driven IPM-SynRM motor with next generation motor control technology.\" src=\"https:\/\/swiftlifts.com\/wp-content\/uploads\/2024\/04\/screwnutmotor_2024_ns.png\" \/> <img decoding=\"async\" class=\"build-lift-icon\" title=\"Technical compliance Complies with Europe\u2019s strictest safety requirements European Machinery Directive 2006\/42\/EC. Warranty 10 years of screw and nut drive system. 5 years for the lift (requires a Support and Maintenance package).\" src=\"https:\/\/swiftlifts.com\/wp-content\/uploads\/2024\/04\/ce_2024_ns.png\" \/> <img decoding=\"async\" class=\"build-lift-icon\" title=\"A-rated energy consumption At full operation, energy consumption is similar to an A-rated dishwasher (according to VDI 4707). The market\u2019s lowest maintenance cost thanks to the EcoDrive which regenerates energy when lift goes down.\" src=\"https:\/\/swiftlifts.com\/wp-content\/uploads\/2024\/04\/a_rated_2024_ns.png\" \/><\/p>\n\t\t\n<style>\n#text-464589748 {\n  text-align: center;\n}\n<\/style>\n\t<\/div>\n\t\n<div class=\"is-divider divider clearfix\" style=\"max-width:100%;height:1px;background-color:rgb(255, 145, 150);\"><\/div>\n\t\t<\/div>\n\t\t\t\t\t<\/div>\n\n\t\n\n\t<div id=\"col-974007415\" class=\"col medium-4 small-12 large-4\"  >\n\t\t\t\t<div class=\"col-inner text-center\"  >\n\t\t\t\n\t\t\t\n<p><img loading=\"lazy\" decoding=\"async\" class=\"alignnone size-medium wp-image-43219\" src=\"https:\/\/swiftlifts.com\/wp-content\/uploads\/2025\/03\/SWIFT_Lite-345x400.jpg\" alt=\"SWIFT Lite\" width=\"345\" height=\"400\" srcset=\"https:\/\/swiftlifts.com\/wp-content\/uploads\/2025\/03\/SWIFT_Lite-345x400.jpg 345w, https:\/\/swiftlifts.com\/wp-content\/uploads\/2025\/03\/SWIFT_Lite-689x800.jpg 689w, https:\/\/swiftlifts.com\/wp-content\/uploads\/2025\/03\/SWIFT_Lite-768x891.jpg 768w, https:\/\/swiftlifts.com\/wp-content\/uploads\/2025\/03\/SWIFT_Lite.jpg 896w\" sizes=\"auto, (max-width: 345px) 100vw, 345px\" \/><\/p>\n\t<div id=\"text-3589602187\" class=\"text\">\n\t\t\n<h2>En budgetv\u00e4nlig modell<\/h2>\n\t\t\n<style>\n#text-3589602187 {\n  font-size: 1rem;\n  text-align: center;\n  color: rgb(30, 98, 122);\n}\n#text-3589602187 > * {\n  color: rgb(30, 98, 122);\n}\n<\/style>\n\t<\/div>\n\t\n\t<div id=\"text-3717920275\" class=\"text\">\n\t\t\n<p>Uppfyller alla krav<br \/>\nav komfort och s\u00e4kerhet<\/p>\n\t\t\n<style>\n#text-3717920275 {\n  text-align: center;\n  color: rgb(30, 98, 122);\n}\n#text-3717920275 > * {\n  color: rgb(30, 98, 122);\n}\n<\/style>\n\t<\/div>\n\t\n<a href=\"https:\/\/build.swiftlifts.com\/start?productTabId=5daaa054-50ac-41cd-84b4-3ce4ed07dc58&#038;productId=m7b4cc9f375947aba75e49c3431856c0&#038;market=se&#038;language=sv&#038;state=eyJzdGVwMCI6eyJBRE1JTl9GVUxMX0JPTSI6IjAifSwiU3RlcDEiOnsiQ09VTlRSWV9PRl9JTlNUQUxMQVRJT05fdHlwZV9maWVsZCI6IklOU1RfU1dFIiwiTElGVF9NT0RFTF90eXBlX2ZpZWxkIjoiU1dJRlRfQlVER0VUIiwiQURNSU5fQ1VTVE9NQ09MT1VSIjoiTm8ifX0=\" class=\"button alert lowercase arrow-icon-button-teal\" >\n\t\t<span>Bygg din SWIFT Lite<\/span>\n\t<\/a>\n\n\t<div id=\"text-1168659886\" class=\"text\">\n\t\t\n<p><img decoding=\"async\" class=\"build-lift-icon\" title=\"EcoDrive 48V battery bank dynamically charged: \u2022 When traveling down \u2022 By battery charger \u2022 By solar panels (optional)\" src=\"https:\/\/swiftlifts.com\/wp-content\/uploads\/2024\/04\/ecodrive_2024_mt.png\" \/> <img decoding=\"async\" class=\"build-lift-icon\" title=\"SWIFT Remote (Option) Always connected and remotely monitored to minimize maintenance and service costs and to optimize functionality.\" src=\"https:\/\/swiftlifts.com\/wp-content\/uploads\/2024\/04\/swift_remote_2024_mt.png\" \/> <img decoding=\"async\" class=\"build-lift-icon\" title=\"Anti-trap system Full operation if external power failure. No need to be anxious.\" src=\"https:\/\/swiftlifts.com\/wp-content\/uploads\/2024\/04\/anti-trap_2024_mt.png\" \/> <img decoding=\"async\" class=\"build-lift-icon\" title=\"Patented (pending) drive system Most modern screw and nut system. Machine room less. State of the art 48V battery driven IPM-SynRM motor with next generation motor control technology.\" src=\"https:\/\/swiftlifts.com\/wp-content\/uploads\/2024\/04\/screwnutmotor_2024_mt.png\" \/> <img decoding=\"async\" class=\"build-lift-icon\" title=\"Technical compliance Complies with Europe\u2019s strictest safety requirements European Machinery Directive 2006\/42\/EC.\" src=\"https:\/\/swiftlifts.com\/wp-content\/uploads\/2024\/04\/ce_2024_mt.png\" \/> <img decoding=\"async\" class=\"build-lift-icon\" title=\"A-rated energy consumption At full operation, energy consumption is similar to an A-rated dishwasher (according to VDI 4707). The market\u2019s lowest maintenance cost thanks to the EcoDrive which regenerates energy when lift goes down.\" src=\"https:\/\/swiftlifts.com\/wp-content\/uploads\/2024\/04\/a_rated_2024_mt.png\" \/><\/p>\n\t\t\n<style>\n#text-1168659886 {\n  text-align: center;\n}\n<\/style>\n\t<\/div>\n\t\n<div class=\"is-divider divider clearfix\" style=\"max-width:100%;height:1px;background-color:rgb(30, 98, 122);\"><\/div>\n\t\t<\/div>\n\t\t\t\t\t<\/div>\n\n\t\n<\/div>\n\t\t<\/div>\n\n\t\t\n<style>\n#section_731648044 {\n  padding-top: 0px;\n  padding-bottom: 0px;\n  margin-bottom: 0px;\n  background-color: rgb(250, 245, 242);\n}\n<\/style>\n\t<\/section>\n\t\n\n","protected":false},"excerpt":{"rendered":"","protected":false},"author":1,"featured_media":0,"parent":0,"menu_order":0,"comment_status":"closed","ping_status":"closed","template":"page-blank-landingpage.php","meta":{"_acf_changed":false,"content-type":"","footnotes":""},"class_list":["post-23877","page","type-page","status-publish","hentry"],"acf":[],"yoast_head":"<!-- This site is optimized with the Yoast SEO Premium plugin v27.3 (Yoast SEO v27.4) - https:\/\/yoast.com\/product\/yoast-seo-premium-wordpress\/ -->\n<title>Villahiss Pris \u2013 Vad Kostar Hiss i Din Villa?<\/title>\n<meta name=\"description\" content=\"Har du fr\u00e5gor om villahiss? I v\u00e5r FAQ hittar du svar om installation, s\u00e4kerhet, bygglov, teknik och kostnader f\u00f6r hiss i villa.\" \/>\n<meta name=\"robots\" content=\"index, follow, max-snippet:-1, max-image-preview:large, max-video-preview:-1\" \/>\n<link rel=\"canonical\" href=\"https:\/\/swiftlifts.com\/sv\/bygg-din-hiss-99\/\" \/>\n<meta property=\"og:locale\" content=\"sv_SE\" \/>\n<meta property=\"og:type\" content=\"article\" \/>\n<meta property=\"og:title\" content=\"Bygg din hiss 2\" \/>\n<meta property=\"og:description\" content=\"Har du fr\u00e5gor om villahiss? I v\u00e5r FAQ hittar du svar om installation, s\u00e4kerhet, bygglov, teknik och kostnader f\u00f6r hiss i villa.\" \/>\n<meta property=\"og:url\" content=\"https:\/\/swiftlifts.com\/sv\/bygg-din-hiss-99\/\" \/>\n<meta property=\"og:site_name\" content=\"SWIFT - 100% battery driven home lifts\" \/>\n<meta property=\"article:publisher\" content=\"https:\/\/www.facebook.com\/swifthomelifts\" \/>\n<meta property=\"article:modified_time\" content=\"2026-03-04T15:30:40+00:00\" \/>\n<meta property=\"og:image\" content=\"https:\/\/swiftlifts.com\/wp-content\/uploads\/2025\/03\/SWIFT_Pro-345x400.jpg\" \/>\n<meta name=\"twitter:card\" content=\"summary_large_image\" \/>\n<meta name=\"twitter:label1\" content=\"Ber\u00e4knad l\u00e4stid\" \/>\n\t<meta name=\"twitter:data1\" content=\"5 minuter\" \/>\n<script type=\"application\/ld+json\" class=\"yoast-schema-graph\">{\"@context\":\"https:\\\/\\\/schema.org\",\"@graph\":[{\"@type\":\"WebPage\",\"@id\":\"https:\\\/\\\/swiftlifts.com\\\/sv\\\/bygg-din-hiss-99\\\/\",\"url\":\"https:\\\/\\\/swiftlifts.com\\\/sv\\\/bygg-din-hiss-99\\\/\",\"name\":\"Villahiss Pris \u2013 Vad Kostar Hiss i Din Villa?\",\"isPartOf\":{\"@id\":\"https:\\\/\\\/swiftlifts.com\\\/sv\\\/#website\"},\"primaryImageOfPage\":{\"@id\":\"https:\\\/\\\/swiftlifts.com\\\/sv\\\/bygg-din-hiss-99\\\/#primaryimage\"},\"image\":{\"@id\":\"https:\\\/\\\/swiftlifts.com\\\/sv\\\/bygg-din-hiss-99\\\/#primaryimage\"},\"thumbnailUrl\":\"https:\\\/\\\/swiftlifts.com\\\/wp-content\\\/uploads\\\/2025\\\/03\\\/SWIFT_Pro-345x400.jpg\",\"datePublished\":\"2024-04-29T06:27:20+00:00\",\"dateModified\":\"2026-03-04T15:30:40+00:00\",\"description\":\"Har du fr\u00e5gor om villahiss? I v\u00e5r FAQ hittar du svar om installation, s\u00e4kerhet, bygglov, teknik och kostnader f\u00f6r hiss i villa.\",\"breadcrumb\":{\"@id\":\"https:\\\/\\\/swiftlifts.com\\\/sv\\\/bygg-din-hiss-99\\\/#breadcrumb\"},\"inLanguage\":\"sv-SE\",\"potentialAction\":[{\"@type\":\"ReadAction\",\"target\":[\"https:\\\/\\\/swiftlifts.com\\\/sv\\\/bygg-din-hiss-99\\\/\"]}]},{\"@type\":\"ImageObject\",\"inLanguage\":\"sv-SE\",\"@id\":\"https:\\\/\\\/swiftlifts.com\\\/sv\\\/bygg-din-hiss-99\\\/#primaryimage\",\"url\":\"https:\\\/\\\/swiftlifts.com\\\/wp-content\\\/uploads\\\/2025\\\/03\\\/SWIFT_Pro-345x400.jpg\",\"contentUrl\":\"https:\\\/\\\/swiftlifts.com\\\/wp-content\\\/uploads\\\/2025\\\/03\\\/SWIFT_Pro-345x400.jpg\"},{\"@type\":\"BreadcrumbList\",\"@id\":\"https:\\\/\\\/swiftlifts.com\\\/sv\\\/bygg-din-hiss-99\\\/#breadcrumb\",\"itemListElement\":[{\"@type\":\"ListItem\",\"position\":1,\"name\":\"Home\",\"item\":\"https:\\\/\\\/swiftlifts.com\\\/sv\\\/\"},{\"@type\":\"ListItem\",\"position\":2,\"name\":\"Bygg din hiss 2\"}]},{\"@type\":\"WebSite\",\"@id\":\"https:\\\/\\\/swiftlifts.com\\\/sv\\\/#website\",\"url\":\"https:\\\/\\\/swiftlifts.com\\\/sv\\\/\",\"name\":\"SWIFT - 100% battery driven home lifts\",\"description\":\"NEW WAYS TO MOVE\",\"publisher\":{\"@id\":\"https:\\\/\\\/swiftlifts.com\\\/sv\\\/#organization\"},\"potentialAction\":[{\"@type\":\"SearchAction\",\"target\":{\"@type\":\"EntryPoint\",\"urlTemplate\":\"https:\\\/\\\/swiftlifts.com\\\/sv\\\/?s={search_term_string}\"},\"query-input\":{\"@type\":\"PropertyValueSpecification\",\"valueRequired\":true,\"valueName\":\"search_term_string\"}}],\"inLanguage\":\"sv-SE\"},{\"@type\":\"Organization\",\"@id\":\"https:\\\/\\\/swiftlifts.com\\\/sv\\\/#organization\",\"name\":\"SWIFT Home Lifts\",\"url\":\"https:\\\/\\\/swiftlifts.com\\\/sv\\\/\",\"logo\":{\"@type\":\"ImageObject\",\"inLanguage\":\"sv-SE\",\"@id\":\"https:\\\/\\\/swiftlifts.com\\\/sv\\\/#\\\/schema\\\/logo\\\/image\\\/\",\"url\":\"https:\\\/\\\/swiftlifts.com\\\/wp-content\\\/uploads\\\/2025\\\/03\\\/cropped-SWIFT-Logo-Google.jpg\",\"contentUrl\":\"https:\\\/\\\/swiftlifts.com\\\/wp-content\\\/uploads\\\/2025\\\/03\\\/cropped-SWIFT-Logo-Google.jpg\",\"width\":512,\"height\":512,\"caption\":\"SWIFT Home Lifts\"},\"image\":{\"@id\":\"https:\\\/\\\/swiftlifts.com\\\/sv\\\/#\\\/schema\\\/logo\\\/image\\\/\"},\"sameAs\":[\"https:\\\/\\\/www.facebook.com\\\/swifthomelifts\",\"https:\\\/\\\/www.instagram.com\\\/swifthomelifts\\\/\",\"https:\\\/\\\/www.linkedin.com\\\/company\\\/swifthomelifts\\\/\",\"https:\\\/\\\/www.pinterest.se\\\/swifthomelifts\\\/\",\"https:\\\/\\\/www.youtube.com\\\/@swift5669\"]}]}<\/script>\n<!-- \/ Yoast SEO Premium plugin. -->","yoast_head_json":{"title":"Villahiss Pris \u2013 Vad Kostar Hiss i Din Villa?","description":"Har du fr\u00e5gor om villahiss? I v\u00e5r FAQ hittar du svar om installation, s\u00e4kerhet, bygglov, teknik och kostnader f\u00f6r hiss i villa.","robots":{"index":"index","follow":"follow","max-snippet":"max-snippet:-1","max-image-preview":"max-image-preview:large","max-video-preview":"max-video-preview:-1"},"canonical":"https:\/\/swiftlifts.com\/sv\/bygg-din-hiss-99\/","og_locale":"sv_SE","og_type":"article","og_title":"Bygg din hiss 2","og_description":"Har du fr\u00e5gor om villahiss? I v\u00e5r FAQ hittar du svar om installation, s\u00e4kerhet, bygglov, teknik och kostnader f\u00f6r hiss i villa.","og_url":"https:\/\/swiftlifts.com\/sv\/bygg-din-hiss-99\/","og_site_name":"SWIFT - 100% battery driven home lifts","article_publisher":"https:\/\/www.facebook.com\/swifthomelifts","article_modified_time":"2026-03-04T15:30:40+00:00","og_image":[{"url":"https:\/\/swiftlifts.com\/wp-content\/uploads\/2025\/03\/SWIFT_Pro-345x400.jpg","type":"","width":"","height":""}],"twitter_card":"summary_large_image","twitter_misc":{"Ber\u00e4knad l\u00e4stid":"5 minuter"},"schema":{"@context":"https:\/\/schema.org","@graph":[{"@type":"WebPage","@id":"https:\/\/swiftlifts.com\/sv\/bygg-din-hiss-99\/","url":"https:\/\/swiftlifts.com\/sv\/bygg-din-hiss-99\/","name":"Villahiss Pris \u2013 Vad Kostar Hiss i Din Villa?","isPartOf":{"@id":"https:\/\/swiftlifts.com\/sv\/#website"},"primaryImageOfPage":{"@id":"https:\/\/swiftlifts.com\/sv\/bygg-din-hiss-99\/#primaryimage"},"image":{"@id":"https:\/\/swiftlifts.com\/sv\/bygg-din-hiss-99\/#primaryimage"},"thumbnailUrl":"https:\/\/swiftlifts.com\/wp-content\/uploads\/2025\/03\/SWIFT_Pro-345x400.jpg","datePublished":"2024-04-29T06:27:20+00:00","dateModified":"2026-03-04T15:30:40+00:00","description":"Har du fr\u00e5gor om villahiss? I v\u00e5r FAQ hittar du svar om installation, s\u00e4kerhet, bygglov, teknik och kostnader f\u00f6r hiss i villa.","breadcrumb":{"@id":"https:\/\/swiftlifts.com\/sv\/bygg-din-hiss-99\/#breadcrumb"},"inLanguage":"sv-SE","potentialAction":[{"@type":"ReadAction","target":["https:\/\/swiftlifts.com\/sv\/bygg-din-hiss-99\/"]}]},{"@type":"ImageObject","inLanguage":"sv-SE","@id":"https:\/\/swiftlifts.com\/sv\/bygg-din-hiss-99\/#primaryimage","url":"https:\/\/swiftlifts.com\/wp-content\/uploads\/2025\/03\/SWIFT_Pro-345x400.jpg","contentUrl":"https:\/\/swiftlifts.com\/wp-content\/uploads\/2025\/03\/SWIFT_Pro-345x400.jpg"},{"@type":"BreadcrumbList","@id":"https:\/\/swiftlifts.com\/sv\/bygg-din-hiss-99\/#breadcrumb","itemListElement":[{"@type":"ListItem","position":1,"name":"Home","item":"https:\/\/swiftlifts.com\/sv\/"},{"@type":"ListItem","position":2,"name":"Bygg din hiss 2"}]},{"@type":"WebSite","@id":"https:\/\/swiftlifts.com\/sv\/#website","url":"https:\/\/swiftlifts.com\/sv\/","name":"SWIFT - 100% battery driven home lifts","description":"NEW WAYS TO MOVE","publisher":{"@id":"https:\/\/swiftlifts.com\/sv\/#organization"},"potentialAction":[{"@type":"SearchAction","target":{"@type":"EntryPoint","urlTemplate":"https:\/\/swiftlifts.com\/sv\/?s={search_term_string}"},"query-input":{"@type":"PropertyValueSpecification","valueRequired":true,"valueName":"search_term_string"}}],"inLanguage":"sv-SE"},{"@type":"Organization","@id":"https:\/\/swiftlifts.com\/sv\/#organization","name":"SWIFT Home Lifts","url":"https:\/\/swiftlifts.com\/sv\/","logo":{"@type":"ImageObject","inLanguage":"sv-SE","@id":"https:\/\/swiftlifts.com\/sv\/#\/schema\/logo\/image\/","url":"https:\/\/swiftlifts.com\/wp-content\/uploads\/2025\/03\/cropped-SWIFT-Logo-Google.jpg","contentUrl":"https:\/\/swiftlifts.com\/wp-content\/uploads\/2025\/03\/cropped-SWIFT-Logo-Google.jpg","width":512,"height":512,"caption":"SWIFT Home Lifts"},"image":{"@id":"https:\/\/swiftlifts.com\/sv\/#\/schema\/logo\/image\/"},"sameAs":["https:\/\/www.facebook.com\/swifthomelifts","https:\/\/www.instagram.com\/swifthomelifts\/","https:\/\/www.linkedin.com\/company\/swifthomelifts\/","https:\/\/www.pinterest.se\/swifthomelifts\/","https:\/\/www.youtube.com\/@swift5669"]}]}},"_links":{"self":[{"href":"https:\/\/swiftlifts.com\/sv\/wp-json\/wp\/v2\/pages\/23877","targetHints":{"allow":["GET"]}}],"collection":[{"href":"https:\/\/swiftlifts.com\/sv\/wp-json\/wp\/v2\/pages"}],"about":[{"href":"https:\/\/swiftlifts.com\/sv\/wp-json\/wp\/v2\/types\/page"}],"author":[{"embeddable":true,"href":"https:\/\/swiftlifts.com\/sv\/wp-json\/wp\/v2\/users\/1"}],"replies":[{"embeddable":true,"href":"https:\/\/swiftlifts.com\/sv\/wp-json\/wp\/v2\/comments?post=23877"}],"version-history":[{"count":16,"href":"https:\/\/swiftlifts.com\/sv\/wp-json\/wp\/v2\/pages\/23877\/revisions"}],"predecessor-version":[{"id":56930,"href":"https:\/\/swiftlifts.com\/sv\/wp-json\/wp\/v2\/pages\/23877\/revisions\/56930"}],"wp:attachment":[{"href":"https:\/\/swiftlifts.com\/sv\/wp-json\/wp\/v2\/media?parent=23877"}],"curies":[{"name":"wp","href":"https:\/\/api.w.org\/{rel}","templated":true}]}}