{"id":19211,"date":"2024-02-21T14:06:28","date_gmt":"2024-02-21T14:06:28","guid":{"rendered":"https:\/\/swiftlifts.com\/swift-people\/swift-portratt-fredrik\/"},"modified":"2024-02-21T14:06:28","modified_gmt":"2024-02-21T14:06:28","slug":"swift-portratt-fredrik","status":"publish","type":"page","link":"https:\/\/swiftlifts.com\/sv\/swift-people\/swift-portratt-fredrik\/","title":{"rendered":"SWIFT Portr\u00e4tt &#8211; Fredrik"},"content":{"rendered":"\n\t<section class=\"section\" id=\"section_1633825201\">\n\t\t<div class=\"section-bg fill\" >\n\t\t\t\t\t\t\t\t\t\n\t\t\t\n\n\t\t<\/div>\n\n\t\t\n\n\t\t<div class=\"section-content relative\">\n\t\t\t\n<div class=\"row\"  id=\"row-1570601858\">\n\n\t<div id=\"col-471057835\" class=\"col small-12 large-12\"  >\n\t\t\t\t<div class=\"col-inner\"  >\n\t\t\t\n\t\t\t\n\t\t<\/div>\n\t\t\t\t\t<\/div>\n\n\t\n<\/div>\n<div class=\"row align-center\" style=\"max-width:100%\" id=\"row-543366899\">\n\n\t<div id=\"col-2053755236\" class=\"col medium-10 small-12 large-10\"  >\n\t\t\t\t<div class=\"col-inner\"  >\n\t\t\t\n\t\t\t\n\t<div id=\"text-2990863558\" class=\"text\">\n\t\t\n<h3>SWIFT People<\/h3>\n\t\t\n<style>\n#text-2990863558 {\n  font-size: 2.25rem;\n  line-height: 0.75;\n  color: rgb(0, 10, 54);\n}\n#text-2990863558 > * {\n  color: rgb(0, 10, 54);\n}\n<\/style>\n\t<\/div>\n\t\n\t<div id=\"text-3313682952\" class=\"text\">\n\t\t\n<p>M\u00e5nadens portr\u00e4tt<br \/>\n\t\t\n<style>\n#text-3313682952 {\n  font-size: 1.6rem;\n  line-height: 0.75;\n}\n<\/style>\n\t<\/div>\n\t\n\t\t<\/div>\n\t\t\t\t\n<style>\n#col-2053755236 > .col-inner {\n  padding: 50px 0px 0px 0px;\n}\n<\/style>\n\t<\/div>\n\n\t\n<\/div>\n<div class=\"row align-equal align-center\" style=\"max-width:100%\" id=\"row-245980007\">\n\n\t<div id=\"col-1655029418\" class=\"col medium-5 small-12 large-5\"  >\n\t\t\t\t<div class=\"col-inner text-left\" style=\"background-color:rgb(30, 98, 122);\" >\n\t\t\t\n\t\t\t\n\t<div id=\"text-4004468537\" class=\"text swift-people-text\">\n\t\t\n<p>NAME: <b>Fredrik G\u00fclich<\/b> <br \/>ROLL<strong>:<\/strong> <b>Production and Business Central Specialist<\/b> <br \/>\u00c5LDER:<strong> 41<\/strong> <br \/>BOR: <b>Shanghai, Kina<\/b><\/p>\n\t\t\n<style>\n#text-4004468537 {\n  font-size: 1.5rem;\n  line-height: 1.65;\n  color: rgb(255, 255, 255);\n}\n#text-4004468537 > * {\n  color: rgb(255, 255, 255);\n}\n<\/style>\n\t<\/div>\n\t\n\t\t<\/div>\n\t\t\t\t\n<style>\n#col-1655029418 > .col-inner {\n  padding: 30px 0px 0px 30px;\n  margin: 0px 0px 0px 0px;\n}\n@media (min-width:550px) {\n  #col-1655029418 > .col-inner {\n    padding: 20% 0px 0px 50px;\n  }\n}\n<\/style>\n\t<\/div>\n\n\t\n\n\t<div id=\"col-1475710145\" class=\"col medium-5 small-12 large-5\"  >\n\t\t\t\t<div class=\"col-inner\"  >\n\t\t\t\n\t\t\t\n\t<div class=\"img has-hover x md-x lg-x y md-y lg-y\" id=\"image_1206271578\">\n\t\t\t\t\t\t\t\t<div class=\"img-inner dark\" >\n\t\t\t<img loading=\"lazy\" decoding=\"async\" width=\"1400\" height=\"1050\" src=\"https:\/\/swiftlifts.com\/wp-content\/uploads\/2023\/11\/Fredrik_SWIFT_Portrait-scaled-e1701341406546.jpeg\" class=\"attachment-original size-original\" alt=\"Fredrik SWIFT Portrait\" \/>\t\t\t\t\t\t\n\t\t\t\t\t<\/div>\n\t\t\t\t\t\t\t\t\n<style>\n#image_1206271578 {\n  width: 100%;\n}\n<\/style>\n\t<\/div>\n\t\n\t\t<\/div>\n\t\t\t\t\n<style>\n#col-1475710145 > .col-inner {\n  margin: 0px 0px 0px 0px;\n}\n<\/style>\n\t<\/div>\n\n\t\n<\/div>\n<div class=\"row align-equal align-center\" style=\"max-width:100%\" id=\"row-476785695\">\n\n\t<div id=\"col-1887370518\" class=\"col medium-10 small-12 large-10\"  >\n\t\t\t\t<div class=\"col-inner\"  >\n\t\t\t\n\t<div class=\"is-border\"\n\t\tstyle=\"border-color:rgb(30, 98, 122);border-width:5px 5px 5px 5px;\">\n\t<\/div>\n\t\t\t\n\t<div id=\"text-519794158\" class=\"text\">\n\t\t\n<p><strong>Din resa hittills? <br \/><\/strong>Hela mitt vuxna liv har jag jobbat med produktion i olika former. Fr\u00e5n att jobba med att tillverka (tillaga) mat i k\u00f6k till produktion i fabrik. Efter att ha b\u00f6rjat p\u00e5 Artico 2008 f\u00f6r att utveckla produkttionsprocesser och arbetss\u00e4tt ins\u00e5g jag hur omfattande omr\u00e5det \u00e4r. 2021 blev jag en del av SWIFT-familjen med ambition att ta v\u00e5r produktion av hemmahissar till n\u00e4sta niv\u00e5. <span class=\"ui-provider hf bpg bls cbr cbs cbt cbu cbv cbw cbx cby cbz cca ccb ccc ccd cce ccf ccg cch cci ccj cck ccl ccm ccn cco ccp ccq ccr ccs cct ccu ccv ccw\" dir=\"ltr\">\u23eb<\/span><\/p>\n<p><strong>Din roll p\u00e5 SWIFT \u00e4r &#8217;Production and Business Central Specialist&#8217;. Vad inneb\u00e4r det egentligen?<\/strong> <br \/>Att bygga produktionsprocesser och informationsfl\u00f6den i fabrik s\u00e5 att de som jobbar vet vad de ska g\u00f6ra och n\u00e4r. I ett n\u00f6tskal, det \u00e4r vad produktion handlar om. <span class=\"ui-provider hf bpg bls cbr cbs cbt cbu cbv cbw cbx cby cbz cca ccb ccc ccd cce ccf ccg cch cci ccj cck ccl ccm ccn cco ccp ccq ccr ccs cct ccu ccv ccw\" dir=\"ltr\">\ud83e\udd5c<\/span><\/p>\n<p><strong>N\u00e4r du var yngre jobbade du som kock. S\u00e5 vad \u00e4r likheterna och skillnaderna mellan att jobba i ett k\u00f6k j\u00e4mf\u00f6rt med i en fabrik?<\/strong> <br \/>Den st\u00f6rsta skillnaden \u00e4r att i ett k\u00f6k f\u00e5r du omedelbart feeback fr\u00e5n g\u00e4sterna p\u00e5 det du g\u00f6r. Medan att skeppa hemmahissar fr\u00e5n fabrik till kund tar tid, och det g\u00f6r \u00e4ven feedback-loopen. Men det \u00e4r ingen skillnad n\u00e4r det kommer till kvalitet. Du m\u00e5ste alltid leverera p\u00e5 topp f\u00f6r att undvika kundklagom\u00e5l.<\/p>\n<p><strong>Din signaturr\u00e4tt?<\/strong> <br \/>Svenska k\u00f6ttbullar med potatismos. <span class=\"ui-provider hf bpg bls cbr cbs cbt cbu cbv cbw cbx cby cbz cca ccb ccc ccd cce ccf ccg cch cci ccj cck ccl ccm ccn cco ccp ccq ccr ccs cct ccu ccv ccw\" dir=\"ltr\">\ud83e\udd54<\/span><\/p>\n<p><strong>Stockholm eller Shanghai? <br \/><\/strong>Sv\u00e5rt att s\u00e4ga men Stockholm \u00e4r min hemstad. <\/p>\n<p><strong>Landkrabba eller fisk i vatten? <br \/><\/strong>Fisk i vatten. <span class=\"ui-provider hf bpg bls cbr cbs cbt cbu cbv cbw cbx cby cbz cca ccb ccc ccd cce ccf ccg cch cci ccj cck ccl ccm ccn cco ccp ccq ccr ccs cct ccu ccv ccw\" dir=\"ltr\">\ud83d\udc20<\/span><\/p>\n<p><strong>Ditt &#8221;happy place&#8221;?<\/strong> <br \/>Hemma med familjen och dykning i havet med v\u00e4nner. <span class=\"ui-provider hf bpg bls cbr cbs cbt cbu cbv cbw cbx cby cbz cca ccb ccc ccd cce ccf ccg cch cci ccj cck ccl ccm ccn cco ccp ccq ccr ccs cct ccu ccv ccw\" dir=\"ltr\">\ud83e\udd3f<\/span><\/p>\n<p><strong>N\u00e4r du inte jobbar, hur spenderar du d\u00e5 helst din tid? <br \/><\/strong> Jag gillar att tr\u00e4na, hajka och att simma men det som \u00e4r viktigast f\u00f6r mig \u00e4r att f\u00e5 vara med familj och v\u00e4nner. <span class=\"ui-provider hf bpg bls cbr cbs cbt cbu cbv cbw cbx cby cbz cca ccb ccc ccd cce ccf ccg cch cci ccj cck ccl ccm ccn cco ccp ccq ccr ccs cct ccu ccv ccw\" dir=\"ltr\">\ud83c\udfca<\/span><\/p>\n<p><strong>SWIFT favorit-funktion (enligt dig)?<\/strong> <br \/>Det \u00e4r att SWIFT \u00e4r en 100% batteridriven hemmahiss, vilket inneb\u00e4r att den funkar i alla l\u00e4gen. \u00c4ven vid ett eventuellt str\u00f6mavbrott. <span class=\"ui-provider hf bpg bls cbr cbs cbt cbu cbv cbw cbx cby cbz cca ccb ccc ccd cce ccf ccg cch cci ccj cck ccl ccm ccn cco ccp ccq ccr ccs cct ccu ccv ccw\" dir=\"ltr\">\ud83d\udd0b<\/span><\/p>\n<p><strong>Dina 3 dagliga rutiner?<\/strong> <br \/>Brygga kaffe, dricka kaffe och sedan raka v\u00e4gen till kontoret och fabriken. D\u00e4refter vet man aldrig vad som kan dyka upp. Planen du (jag) hade kv\u00e4llen innan kommer med st\u00f6rsta sannolikhet att \u00e4ndras under dagen. <span class=\"ui-provider hf bpg bls cbr cbs cbt cbu cbv cbw cbx cby cbz cca ccb ccc ccd cce ccf ccg cch cci ccj cck ccl ccm ccn cco ccp ccq ccr ccs cct ccu ccv ccw\" dir=\"ltr\">\u2615\ufe0f<\/span><\/p>\n<p><strong>SWIFT-stund som du kommer ih\u00e5g allra mest hittills?<\/strong> <br \/>N\u00e4r jag b\u00f6rjade min roll p\u00e5 SWIFT i Shanghai mitt under brinnande Covid. <span class=\"ui-provider hf bpg bls cbr cbs cbt cbu cbv cbw cbx cby cbz cca ccb ccc ccd cce ccf ccg cch cci ccj cck ccl ccm ccn cco ccp ccq ccr ccs cct ccu ccv ccw\" dir=\"ltr\">\ud83c\udfd9<\/span><\/p>\n<p><strong>Om du tittar p\u00e5 vad du gjort hitills, vad \u00e4r du mest n\u00f6jd med?<\/strong> <br \/>Jag \u00e4r stolt \u00f6ver samarbetet med teamet jag jobbar med och vad vi \u00e5stadkommit tillsammans. Vi har jobbat med att bygga upp produktionen och att se hur de v\u00e4xer och hur de bidrar \u00e4r s\u00e4rskilt givande. <span class=\"ui-provider hf bpg bls cbr cbs cbt cbu cbv cbw cbx cby cbz cca ccb ccc ccd cce ccf ccg cch cci ccj cck ccl ccm ccn cco ccp ccq ccr ccs cct ccu ccv ccw\" dir=\"ltr\">\ud83e\udd32\ud83c\udffc<\/span><\/p>\n<p><strong>Ditt motto? <br \/><\/strong>F\u00e5 saker gjorda. Snabbt och r\u00e4tt fr\u00e5n b\u00f6rjan. <span class=\"ui-provider hf bpg bls cbr cbs cbt cbu cbv cbw cbx cby cbz cca ccb ccc ccd cce ccf ccg cch cci ccj cck ccl ccm ccn cco ccp ccq ccr ccs cct ccu ccv ccw\" dir=\"ltr\">\u2714\ufe0f<\/span><\/p>\n<p><strong>En sak som du inte kan vara utan p\u00e5 jobbet? <\/strong>Musik. N\u00e4r jag beh\u00f6ver vara hundra procent fokuserad p\u00e5 att slutf\u00f6ra en uppgifft s\u00e5 \u00e4r bra musik det som hj\u00e4lper mig. <span class=\"ui-provider hf bpg bls cbr cbs cbt cbu cbv cbw cbx cby cbz cca ccb ccc ccd cce ccf ccg cch cci ccj cck ccl ccm ccn cco ccp ccq ccr ccs cct ccu ccv ccw\" dir=\"ltr\">\ud83c\udfa7<\/span><\/p>\n<p><strong>Din favorit Karaoke-s\u00e5ng? <br \/><\/strong>Forever Young med Alphaville. <span class=\"ui-provider hf bpg bls cbr cbs cbt cbu cbv cbw cbx cby cbz cca ccb ccc ccd cce ccf ccg cch cci ccj cck ccl ccm ccn cco ccp ccq ccr ccs cct ccu ccv ccw\" dir=\"ltr\">\ud83c\udfa4<\/span><\/p>\n<p><strong>P\u00e5 din &#8221;bucket list&#8221;?<\/strong> Att resa och dyka mer. <span class=\"ui-provider hf bpg bls cbr cbs cbt cbu cbv cbw cbx cby cbz cca ccb ccc ccd cce ccf ccg cch cci ccj cck ccl ccm ccn cco ccp ccq ccr ccs cct ccu ccv ccw\" dir=\"ltr\">\ud83c\udf0f<\/span><\/p>\n\t\t\n<style>\n#text-519794158 {\n  font-size: 1.5rem;\n  color: rgb(30, 98, 122);\n}\n#text-519794158 > * {\n  color: rgb(30, 98, 122);\n}\n<\/style>\n\t<\/div>\n\t\n\t\t<\/div>\n\t\t\t\t\n<style>\n#col-1887370518 > .col-inner {\n  padding: 10px 10px 10px 10px;\n}\n@media (min-width:550px) {\n  #col-1887370518 > .col-inner {\n    padding: 50px 50px 50px 50px;\n  }\n}\n<\/style>\n\t<\/div>\n\n\t\n<\/div>\n\t\t<\/div>\n\n\t\t\n<style>\n#section_1633825201 {\n  padding-top: 30px;\n  padding-bottom: 30px;\n}\n<\/style>\n\t<\/section>\n\t\n","protected":false},"excerpt":{"rendered":"","protected":false},"author":11,"featured_media":0,"parent":5486,"menu_order":0,"comment_status":"closed","ping_status":"closed","template":"page-transparent-header.php","meta":{"_acf_changed":false,"content-type":"","footnotes":""},"class_list":["post-19211","page","type-page","status-publish","hentry"],"acf":[],"yoast_head":"<!-- This site is optimized with the Yoast SEO Premium plugin v27.3 (Yoast SEO v27.4) - https:\/\/yoast.com\/product\/yoast-seo-premium-wordpress\/ -->\n<title>SWIFT Portr\u00e4tt - Fredrik - SWIFT - 100% battery driven home lifts<\/title>\n<meta name=\"robots\" content=\"index, follow, max-snippet:-1, max-image-preview:large, max-video-preview:-1\" \/>\n<link rel=\"canonical\" href=\"https:\/\/swiftlifts.com\/sv\/swift-people\/swift-portratt-fredrik\/\" \/>\n<meta property=\"og:locale\" content=\"sv_SE\" \/>\n<meta property=\"og:type\" content=\"article\" \/>\n<meta property=\"og:title\" content=\"SWIFT Portr\u00e4tt - Fredrik\" \/>\n<meta property=\"og:url\" content=\"https:\/\/swiftlifts.com\/sv\/swift-people\/swift-portratt-fredrik\/\" \/>\n<meta property=\"og:site_name\" content=\"SWIFT - 100% battery driven home lifts\" \/>\n<meta property=\"article:publisher\" content=\"https:\/\/www.facebook.com\/swifthomelifts\" \/>\n<meta name=\"twitter:card\" content=\"summary_large_image\" \/>\n<meta name=\"twitter:label1\" content=\"Ber\u00e4knad l\u00e4stid\" \/>\n\t<meta name=\"twitter:data1\" content=\"3 minuter\" \/>\n<script type=\"application\/ld+json\" class=\"yoast-schema-graph\">{\"@context\":\"https:\\\/\\\/schema.org\",\"@graph\":[{\"@type\":\"WebPage\",\"@id\":\"https:\\\/\\\/swiftlifts.com\\\/sv\\\/swift-people\\\/swift-portratt-fredrik\\\/\",\"url\":\"https:\\\/\\\/swiftlifts.com\\\/sv\\\/swift-people\\\/swift-portratt-fredrik\\\/\",\"name\":\"SWIFT Portr\u00e4tt - Fredrik - SWIFT - 100% battery driven home lifts\",\"isPartOf\":{\"@id\":\"https:\\\/\\\/swiftlifts.com\\\/sv\\\/#website\"},\"datePublished\":\"2024-02-21T14:06:28+00:00\",\"breadcrumb\":{\"@id\":\"https:\\\/\\\/swiftlifts.com\\\/sv\\\/swift-people\\\/swift-portratt-fredrik\\\/#breadcrumb\"},\"inLanguage\":\"sv-SE\",\"potentialAction\":[{\"@type\":\"ReadAction\",\"target\":[\"https:\\\/\\\/swiftlifts.com\\\/sv\\\/swift-people\\\/swift-portratt-fredrik\\\/\"]}]},{\"@type\":\"BreadcrumbList\",\"@id\":\"https:\\\/\\\/swiftlifts.com\\\/sv\\\/swift-people\\\/swift-portratt-fredrik\\\/#breadcrumb\",\"itemListElement\":[{\"@type\":\"ListItem\",\"position\":1,\"name\":\"Home\",\"item\":\"https:\\\/\\\/swiftlifts.com\\\/sv\\\/\"},{\"@type\":\"ListItem\",\"position\":2,\"name\":\"SWIFT People\",\"item\":\"https:\\\/\\\/swiftlifts.com\\\/sv\\\/swift-people\\\/\"},{\"@type\":\"ListItem\",\"position\":3,\"name\":\"SWIFT Portr\u00e4tt &#8211; Fredrik\"}]},{\"@type\":\"WebSite\",\"@id\":\"https:\\\/\\\/swiftlifts.com\\\/sv\\\/#website\",\"url\":\"https:\\\/\\\/swiftlifts.com\\\/sv\\\/\",\"name\":\"SWIFT - 100% battery driven home lifts\",\"description\":\"NEW WAYS TO MOVE\",\"publisher\":{\"@id\":\"https:\\\/\\\/swiftlifts.com\\\/sv\\\/#organization\"},\"potentialAction\":[{\"@type\":\"SearchAction\",\"target\":{\"@type\":\"EntryPoint\",\"urlTemplate\":\"https:\\\/\\\/swiftlifts.com\\\/sv\\\/?s={search_term_string}\"},\"query-input\":{\"@type\":\"PropertyValueSpecification\",\"valueRequired\":true,\"valueName\":\"search_term_string\"}}],\"inLanguage\":\"sv-SE\"},{\"@type\":\"Organization\",\"@id\":\"https:\\\/\\\/swiftlifts.com\\\/sv\\\/#organization\",\"name\":\"SWIFT Home Lifts\",\"url\":\"https:\\\/\\\/swiftlifts.com\\\/sv\\\/\",\"logo\":{\"@type\":\"ImageObject\",\"inLanguage\":\"sv-SE\",\"@id\":\"https:\\\/\\\/swiftlifts.com\\\/sv\\\/#\\\/schema\\\/logo\\\/image\\\/\",\"url\":\"https:\\\/\\\/swiftlifts.com\\\/wp-content\\\/uploads\\\/2025\\\/03\\\/cropped-SWIFT-Logo-Google.jpg\",\"contentUrl\":\"https:\\\/\\\/swiftlifts.com\\\/wp-content\\\/uploads\\\/2025\\\/03\\\/cropped-SWIFT-Logo-Google.jpg\",\"width\":512,\"height\":512,\"caption\":\"SWIFT Home Lifts\"},\"image\":{\"@id\":\"https:\\\/\\\/swiftlifts.com\\\/sv\\\/#\\\/schema\\\/logo\\\/image\\\/\"},\"sameAs\":[\"https:\\\/\\\/www.facebook.com\\\/swifthomelifts\",\"https:\\\/\\\/www.instagram.com\\\/swifthomelifts\\\/\",\"https:\\\/\\\/www.linkedin.com\\\/company\\\/swifthomelifts\\\/\",\"https:\\\/\\\/www.pinterest.se\\\/swifthomelifts\\\/\",\"https:\\\/\\\/www.youtube.com\\\/@swift5669\"]}]}<\/script>\n<!-- \/ Yoast SEO Premium plugin. -->","yoast_head_json":{"title":"SWIFT Portr\u00e4tt - Fredrik - SWIFT - 100% battery driven home lifts","robots":{"index":"index","follow":"follow","max-snippet":"max-snippet:-1","max-image-preview":"max-image-preview:large","max-video-preview":"max-video-preview:-1"},"canonical":"https:\/\/swiftlifts.com\/sv\/swift-people\/swift-portratt-fredrik\/","og_locale":"sv_SE","og_type":"article","og_title":"SWIFT Portr\u00e4tt - Fredrik","og_url":"https:\/\/swiftlifts.com\/sv\/swift-people\/swift-portratt-fredrik\/","og_site_name":"SWIFT - 100% battery driven home lifts","article_publisher":"https:\/\/www.facebook.com\/swifthomelifts","twitter_card":"summary_large_image","twitter_misc":{"Ber\u00e4knad l\u00e4stid":"3 minuter"},"schema":{"@context":"https:\/\/schema.org","@graph":[{"@type":"WebPage","@id":"https:\/\/swiftlifts.com\/sv\/swift-people\/swift-portratt-fredrik\/","url":"https:\/\/swiftlifts.com\/sv\/swift-people\/swift-portratt-fredrik\/","name":"SWIFT Portr\u00e4tt - Fredrik - SWIFT - 100% battery driven home lifts","isPartOf":{"@id":"https:\/\/swiftlifts.com\/sv\/#website"},"datePublished":"2024-02-21T14:06:28+00:00","breadcrumb":{"@id":"https:\/\/swiftlifts.com\/sv\/swift-people\/swift-portratt-fredrik\/#breadcrumb"},"inLanguage":"sv-SE","potentialAction":[{"@type":"ReadAction","target":["https:\/\/swiftlifts.com\/sv\/swift-people\/swift-portratt-fredrik\/"]}]},{"@type":"BreadcrumbList","@id":"https:\/\/swiftlifts.com\/sv\/swift-people\/swift-portratt-fredrik\/#breadcrumb","itemListElement":[{"@type":"ListItem","position":1,"name":"Home","item":"https:\/\/swiftlifts.com\/sv\/"},{"@type":"ListItem","position":2,"name":"SWIFT People","item":"https:\/\/swiftlifts.com\/sv\/swift-people\/"},{"@type":"ListItem","position":3,"name":"SWIFT Portr\u00e4tt &#8211; Fredrik"}]},{"@type":"WebSite","@id":"https:\/\/swiftlifts.com\/sv\/#website","url":"https:\/\/swiftlifts.com\/sv\/","name":"SWIFT - 100% battery driven home lifts","description":"NEW WAYS TO MOVE","publisher":{"@id":"https:\/\/swiftlifts.com\/sv\/#organization"},"potentialAction":[{"@type":"SearchAction","target":{"@type":"EntryPoint","urlTemplate":"https:\/\/swiftlifts.com\/sv\/?s={search_term_string}"},"query-input":{"@type":"PropertyValueSpecification","valueRequired":true,"valueName":"search_term_string"}}],"inLanguage":"sv-SE"},{"@type":"Organization","@id":"https:\/\/swiftlifts.com\/sv\/#organization","name":"SWIFT Home Lifts","url":"https:\/\/swiftlifts.com\/sv\/","logo":{"@type":"ImageObject","inLanguage":"sv-SE","@id":"https:\/\/swiftlifts.com\/sv\/#\/schema\/logo\/image\/","url":"https:\/\/swiftlifts.com\/wp-content\/uploads\/2025\/03\/cropped-SWIFT-Logo-Google.jpg","contentUrl":"https:\/\/swiftlifts.com\/wp-content\/uploads\/2025\/03\/cropped-SWIFT-Logo-Google.jpg","width":512,"height":512,"caption":"SWIFT Home Lifts"},"image":{"@id":"https:\/\/swiftlifts.com\/sv\/#\/schema\/logo\/image\/"},"sameAs":["https:\/\/www.facebook.com\/swifthomelifts","https:\/\/www.instagram.com\/swifthomelifts\/","https:\/\/www.linkedin.com\/company\/swifthomelifts\/","https:\/\/www.pinterest.se\/swifthomelifts\/","https:\/\/www.youtube.com\/@swift5669"]}]}},"_links":{"self":[{"href":"https:\/\/swiftlifts.com\/sv\/wp-json\/wp\/v2\/pages\/19211","targetHints":{"allow":["GET"]}}],"collection":[{"href":"https:\/\/swiftlifts.com\/sv\/wp-json\/wp\/v2\/pages"}],"about":[{"href":"https:\/\/swiftlifts.com\/sv\/wp-json\/wp\/v2\/types\/page"}],"author":[{"embeddable":true,"href":"https:\/\/swiftlifts.com\/sv\/wp-json\/wp\/v2\/users\/11"}],"replies":[{"embeddable":true,"href":"https:\/\/swiftlifts.com\/sv\/wp-json\/wp\/v2\/comments?post=19211"}],"version-history":[{"count":0,"href":"https:\/\/swiftlifts.com\/sv\/wp-json\/wp\/v2\/pages\/19211\/revisions"}],"up":[{"embeddable":true,"href":"https:\/\/swiftlifts.com\/sv\/wp-json\/wp\/v2\/pages\/5486"}],"wp:attachment":[{"href":"https:\/\/swiftlifts.com\/sv\/wp-json\/wp\/v2\/media?parent=19211"}],"curies":[{"name":"wp","href":"https:\/\/api.w.org\/{rel}","templated":true}]}}