{"id":16054,"date":"2023-12-05T09:21:45","date_gmt":"2023-12-05T09:21:45","guid":{"rendered":"https:\/\/swiftlifts.com\/projekt-bay-suites-residence\/"},"modified":"2026-02-20T11:40:11","modified_gmt":"2026-02-20T11:40:11","slug":"projekt-bay-suites-residence","status":"publish","type":"page","link":"https:\/\/swiftlifts.com\/sv\/projekt\/projekt-bay-suites-residence\/","title":{"rendered":"Projekt &#8211; Bay Suites Residence"},"content":{"rendered":"\n\t<section class=\"section why_a_home_lift\" id=\"section_2033671263\">\n\t\t<div class=\"section-bg fill\" >\n\t\t\t<img loading=\"lazy\" decoding=\"async\" width=\"2560\" height=\"633\" src=\"https:\/\/swiftlifts.com\/wp-content\/uploads\/2023\/11\/project_hero_bay-suites.jpg\" class=\"bg attachment- size-\" alt=\"project hero bay suites\" \/>\t\t\t\t\t\t\n\t\t\t\n\n\t\t<\/div>\n\n\t\t\n\n\t\t<div class=\"section-content relative\">\n\t\t\t\n<div class=\"row\" style=\"max-width:90%\" id=\"row-1453470654\">\n\n\t<div id=\"col-1413329311\" class=\"col small-12 large-12\"  >\n\t\t\t\t<div class=\"col-inner text-center\"  >\n\t\t\t\n\t\t\t\n\t<div id=\"text-3428988222\" class=\"text\">\n\t\t\n<h1>Bay Suites Residence<\/h1>\n\t\t\n<style>\n#text-3428988222 {\n  font-size: 2rem;\n  color: rgb(255, 255, 255);\n}\n#text-3428988222 > * {\n  color: rgb(255, 255, 255);\n}\n<\/style>\n\t<\/div>\n\t\n\t\t<\/div>\n\t\t\t\t\n<style>\n#col-1413329311 > .col-inner {\n  margin: 200px 0px 0px 0px;\n}\n<\/style>\n\t<\/div>\n\n\t\n<\/div>\n\t\t<\/div>\n\n\t\t\n<style>\n#section_2033671263 {\n  padding-top: 30px;\n  padding-bottom: 30px;\n  background-color: #dbe0d1;\n}\n<\/style>\n\t<\/section>\n\t\n\n\t<section class=\"section\" id=\"section_1246762205\">\n\t\t<div class=\"section-bg fill\" >\n\t\t\t\t\t\t\t\t\t\n\t\t\t\n\n\t\t<\/div>\n\n\t\t\n\n\t\t<div class=\"section-content relative\">\n\t\t\t\n<div class=\"row row-full-width align-middle\"  id=\"row-870885550\">\n\n\t<div id=\"col-480079253\" class=\"col medium-6 small-12 large-6\"  >\n\t\t\t\t<div class=\"col-inner\"  >\n\t\t\t\n\t\t\t\n\t<div class=\"img has-hover x md-x lg-x y md-y lg-y\" id=\"image_1201777535\">\n\t\t\t\t\t\t\t\t<div class=\"img-inner dark\" >\n\t\t\t<img loading=\"lazy\" decoding=\"async\" width=\"600\" height=\"800\" src=\"https:\/\/swiftlifts.com\/wp-content\/uploads\/2023\/11\/project_portrait_bay-suites-02-600x800.jpg\" class=\"attachment-large size-large\" alt=\"\" srcset=\"https:\/\/swiftlifts.com\/wp-content\/uploads\/2023\/11\/project_portrait_bay-suites-02-600x800.jpg 600w, https:\/\/swiftlifts.com\/wp-content\/uploads\/2023\/11\/project_portrait_bay-suites-02-300x400.jpg 300w, https:\/\/swiftlifts.com\/wp-content\/uploads\/2023\/11\/project_portrait_bay-suites-02-768x1024.jpg 768w, https:\/\/swiftlifts.com\/wp-content\/uploads\/2023\/11\/project_portrait_bay-suites-02-1152x1536.jpg 1152w, https:\/\/swiftlifts.com\/wp-content\/uploads\/2023\/11\/project_portrait_bay-suites-02.jpg 1200w\" sizes=\"auto, (max-width: 600px) 100vw, 600px\" \/>\t\t\t\t\t\t\n\t\t\t\t\t<\/div>\n\t\t\t\t\t\t\t\t\n<style>\n#image_1201777535 {\n  width: 100%;\n}\n<\/style>\n\t<\/div>\n\t\n\t\t<\/div>\n\t\t\t\t\n<style>\n#col-480079253 > .col-inner {\n  padding: 0px 0px 0px 0px;\n}\n@media (min-width:550px) {\n  #col-480079253 > .col-inner {\n    padding: 0px 0px 0px 30%;\n  }\n}\n<\/style>\n\t<\/div>\n\n\t\n\n\t<div id=\"col-1849274170\" class=\"col medium-6 small-12 large-6\"  >\n\t\t\t\t<div class=\"col-inner\"  >\n\t\t\t\n\t\t\t\n\t<div id=\"text-2991634666\" class=\"text\">\n\t\t\n<h2>Bay Suites Residence<\/h2>\n\t\t\n<style>\n#text-2991634666 {\n  font-size: 1rem;\n  color: rgb(30, 98, 122);\n}\n#text-2991634666 > * {\n  color: rgb(30, 98, 122);\n}\n<\/style>\n\t<\/div>\n\t\n\t<div id=\"text-2817818187\" class=\"text\">\n\t\t\n<p>&#8211; Ett exklusivt h\u00f6ghus med 35 v\u00e5ningar, ett boutiquehotell och 20 duplexl\u00e4genheter. Sex av duplex-l\u00e4genheterna har SWIFT Lite installerade.<\/p>\n<p>Bay Suites \u00e4r uppbyggt kring naturliga, gr\u00f6na och h\u00e5llbara ekosystem s\u00e5som naturlig ventilation, solceller p\u00e5 byggnadens tak och OV-celler.<\/p>\n<p>Bay Suites anv\u00e4nder sig ocks\u00e5 av smarta l\u00e5s, och fr\u00e5n det \u00f6gonblick du kliver in genom d\u00f6rren k\u00e4nns det som att kliva ombord p\u00e5 ett t\u00e5g med avancerad teknologi.<\/p>\n<p><b>Modell:<\/b> SWIFT Lite<br \/>\n<b>V\u00e5ningar:<\/b> 2<br \/>\n<b>Hiss-storlek:<\/b>M<b><br \/>\nHissf\u00e4rg:<\/b> Traffic White<br \/>\n<b>ArtWall:<\/b> Resin board<br \/>\n<b>Hissmatta:<\/b> Vinyl Black<br \/>\n<b>Plats:<\/b> Kota Kinabalu, Sabah, Borneo i Malaysia<\/p>\n\t\t\n<style>\n#text-2817818187 {\n  font-size: 1rem;\n  color: rgb(131, 175, 175);\n}\n#text-2817818187 > * {\n  color: rgb(131, 175, 175);\n}\n<\/style>\n\t<\/div>\n\t\n<div class=\"text-right\"><div class=\"is-divider divider clearfix\" style=\"max-width:100%;background-color:rgb(131, 175, 175);\"><\/div><\/div>\n\t\t<\/div>\n\t\t\t\t\n<style>\n#col-1849274170 > .col-inner {\n  padding: 0px 0px 0px 0px;\n}\n@media (min-width:550px) {\n  #col-1849274170 > .col-inner {\n    padding: 0px 30% 0px 0px;\n  }\n}\n<\/style>\n\t<\/div>\n\n\t\n<\/div>\n\t\t<\/div>\n\n\t\t\n<style>\n#section_1246762205 {\n  padding-top: 30px;\n  padding-bottom: 30px;\n}\n<\/style>\n\t<\/section>\n\t\n\n\t<section class=\"section\" id=\"section_813272238\">\n\t\t<div class=\"section-bg fill\" >\n\t\t\t\t\t\t\t\t\t\n\t\t\t\n\n\t\t<\/div>\n\n\t\t\n\n\t\t<div class=\"section-content relative\">\n\t\t\t\n<div class=\"row row-full-width\"  id=\"row-1697354378\">\n\n\t<div id=\"col-585103564\" class=\"col small-12 large-12\"  >\n\t\t\t\t<div class=\"col-inner\"  >\n\t\t\t\n\t\t\t\n\t<div class=\"img has-hover x md-x lg-x y md-y lg-y\" id=\"image_2003288941\">\n\t\t\t\t\t\t\t\t<div class=\"img-inner dark\" >\n\t\t\t<img loading=\"lazy\" decoding=\"async\" width=\"1020\" height=\"538\" src=\"https:\/\/swiftlifts.com\/wp-content\/uploads\/2023\/11\/project_landscape_bay-suites-01-1400x738.jpg\" class=\"attachment-large size-large\" alt=\"\" srcset=\"https:\/\/swiftlifts.com\/wp-content\/uploads\/2023\/11\/project_landscape_bay-suites-01-1400x738.jpg 1400w, https:\/\/swiftlifts.com\/wp-content\/uploads\/2023\/11\/project_landscape_bay-suites-01-759x400.jpg 759w, https:\/\/swiftlifts.com\/wp-content\/uploads\/2023\/11\/project_landscape_bay-suites-01-768x405.jpg 768w, https:\/\/swiftlifts.com\/wp-content\/uploads\/2023\/11\/project_landscape_bay-suites-01-1536x809.jpg 1536w, https:\/\/swiftlifts.com\/wp-content\/uploads\/2023\/11\/project_landscape_bay-suites-01.jpg 2000w\" sizes=\"auto, (max-width: 1020px) 100vw, 1020px\" \/>\t\t\t\t\t\t\n\t\t\t\t\t<\/div>\n\t\t\t\t\t\t\t\t\n<style>\n#image_2003288941 {\n  width: 100%;\n}\n<\/style>\n\t<\/div>\n\t\n\t<div id=\"text-1912056600\" class=\"text\">\n\t\t\n<p>Bay Suites har inretts i jordn\u00e4ra toner &#8211; i en palett av vitt, beige, brunt, gr\u00e5tt och gr\u00f6nt &#8211; vilket skapar ett sk\u00f6nt lugn.<\/p>\n\t\t\n<style>\n#text-1912056600 {\n  font-size: 1rem;\n  color: rgb(131, 175, 175);\n}\n#text-1912056600 > * {\n  color: rgb(131, 175, 175);\n}\n<\/style>\n\t<\/div>\n\t\n\t\t<\/div>\n\t\t\t\t\n<style>\n#col-585103564 > .col-inner {\n  padding: 0px 0px 0px 0px;\n}\n@media (min-width:550px) {\n  #col-585103564 > .col-inner {\n    padding: 0px 15% 0px 15%;\n  }\n}\n<\/style>\n\t<\/div>\n\n\t\n<\/div>\n\t\t<\/div>\n\n\t\t\n<style>\n#section_813272238 {\n  padding-top: 30px;\n  padding-bottom: 30px;\n}\n<\/style>\n\t<\/section>\n\t\n\n\t<section class=\"section\" id=\"section_1597531359\">\n\t\t<div class=\"section-bg fill\" >\n\t\t\t\t\t\t\t\t\t\n\t\t\t\n\n\t\t<\/div>\n\n\t\t\n\n\t\t<div class=\"section-content relative\">\n\t\t\t\n<div class=\"row row-full-width\"  id=\"row-498941887\">\n\n\t<div id=\"col-1304041067\" class=\"col medium-6 small-12 large-6\"  >\n\t\t\t\t<div class=\"col-inner\"  >\n\t\t\t\n\t\t\t\n\t<div class=\"img has-hover x md-x lg-x y md-y lg-y\" id=\"image_1440426472\">\n\t\t\t\t\t\t\t\t<div class=\"img-inner dark\" >\n\t\t\t<img loading=\"lazy\" decoding=\"async\" width=\"600\" height=\"800\" src=\"https:\/\/swiftlifts.com\/wp-content\/uploads\/2023\/11\/project_portrait_bay-suites-01-600x800.jpg\" class=\"attachment-large size-large\" alt=\"\" srcset=\"https:\/\/swiftlifts.com\/wp-content\/uploads\/2023\/11\/project_portrait_bay-suites-01-600x800.jpg 600w, https:\/\/swiftlifts.com\/wp-content\/uploads\/2023\/11\/project_portrait_bay-suites-01-300x400.jpg 300w, https:\/\/swiftlifts.com\/wp-content\/uploads\/2023\/11\/project_portrait_bay-suites-01-768x1024.jpg 768w, https:\/\/swiftlifts.com\/wp-content\/uploads\/2023\/11\/project_portrait_bay-suites-01-1152x1536.jpg 1152w, https:\/\/swiftlifts.com\/wp-content\/uploads\/2023\/11\/project_portrait_bay-suites-01.jpg 1200w\" sizes=\"auto, (max-width: 600px) 100vw, 600px\" \/>\t\t\t\t\t\t\n\t\t\t\t\t<\/div>\n\t\t\t\t\t\t\t\t\n<style>\n#image_1440426472 {\n  width: 100%;\n}\n<\/style>\n\t<\/div>\n\t\n\t<div id=\"text-4228021371\" class=\"text\">\n\t\t\n<p>SWIFT med utsikt \u00f6ver bukten Likas Bay och dess omgivning.<\/p>\n\t\t\n<style>\n#text-4228021371 {\n  font-size: 1rem;\n  color: rgb(131, 175, 175);\n}\n#text-4228021371 > * {\n  color: rgb(131, 175, 175);\n}\n<\/style>\n\t<\/div>\n\t\n\t\t<\/div>\n\t\t\t\t\n<style>\n#col-1304041067 > .col-inner {\n  padding: 0px 0px 0px 0px;\n}\n@media (min-width:550px) {\n  #col-1304041067 > .col-inner {\n    padding: 0px 0px 0px 30%;\n  }\n}\n<\/style>\n\t<\/div>\n\n\t\n\n\t<div id=\"col-970374047\" class=\"col medium-6 small-12 large-6\"  >\n\t\t\t\t<div class=\"col-inner\"  >\n\t\t\t\n\t\t\t\n\t<div class=\"img has-hover x md-x lg-x y md-y lg-y\" id=\"image_1863210602\">\n\t\t\t\t\t\t\t\t<div class=\"img-inner dark\" >\n\t\t\t<img loading=\"lazy\" decoding=\"async\" width=\"600\" height=\"800\" src=\"https:\/\/swiftlifts.com\/wp-content\/uploads\/2023\/11\/project_portrait_bay-suites-03-600x800.jpg\" class=\"attachment-large size-large\" alt=\"\" srcset=\"https:\/\/swiftlifts.com\/wp-content\/uploads\/2023\/11\/project_portrait_bay-suites-03-600x800.jpg 600w, https:\/\/swiftlifts.com\/wp-content\/uploads\/2023\/11\/project_portrait_bay-suites-03-300x400.jpg 300w, https:\/\/swiftlifts.com\/wp-content\/uploads\/2023\/11\/project_portrait_bay-suites-03-768x1024.jpg 768w, https:\/\/swiftlifts.com\/wp-content\/uploads\/2023\/11\/project_portrait_bay-suites-03-1152x1536.jpg 1152w, https:\/\/swiftlifts.com\/wp-content\/uploads\/2023\/11\/project_portrait_bay-suites-03.jpg 1200w\" sizes=\"auto, (max-width: 600px) 100vw, 600px\" \/>\t\t\t\t\t\t\n\t\t\t\t\t<\/div>\n\t\t\t\t\t\t\t\t\n<style>\n#image_1863210602 {\n  width: 100%;\n}\n<\/style>\n\t<\/div>\n\t\n\t<div id=\"text-2520120151\" class=\"text\">\n\t\t\n<p>Bord f\u00f6r fler \u00e4n tv\u00e5 och f\u00f6r middag i timmar.<\/p>\n\t\t\n<style>\n#text-2520120151 {\n  font-size: 1rem;\n  color: rgb(131, 175, 175);\n}\n#text-2520120151 > * {\n  color: rgb(131, 175, 175);\n}\n<\/style>\n\t<\/div>\n\t\n\t\t<\/div>\n\t\t\t\t\n<style>\n#col-970374047 > .col-inner {\n  padding: 0px 0px 0px 0px;\n}\n@media (min-width:550px) {\n  #col-970374047 > .col-inner {\n    padding: 0px 30% 0px 0px;\n  }\n}\n<\/style>\n\t<\/div>\n\n\t\n<\/div>\n\t\t<\/div>\n\n\t\t\n<style>\n#section_1597531359 {\n  padding-top: 30px;\n  padding-bottom: 30px;\n}\n<\/style>\n\t<\/section>\n\t\n\n\t<section class=\"section\" id=\"section_797287397\">\n\t\t<div class=\"section-bg fill\" >\n\t\t\t\t\t\t\t\t\t\n\t\t\t\n\n\t\t<\/div>\n\n\t\t\n\n\t\t<div class=\"section-content relative\">\n\t\t\t\n<div class=\"row row-full-width\"  id=\"row-1707309219\">\n\n\t<div id=\"col-1834951881\" class=\"col small-12 large-12\"  >\n\t\t\t\t<div class=\"col-inner\"  >\n\t\t\t\n\t\t\t\n\t<div class=\"img has-hover x md-x lg-x y md-y lg-y\" id=\"image_1581974176\">\n\t\t\t\t\t\t\t\t<div class=\"img-inner dark\" >\n\t\t\t<img loading=\"lazy\" decoding=\"async\" width=\"1020\" height=\"538\" src=\"https:\/\/swiftlifts.com\/wp-content\/uploads\/2023\/11\/project_landscape_bay-suites-02-1400x738.jpg\" class=\"attachment-large size-large\" alt=\"\" srcset=\"https:\/\/swiftlifts.com\/wp-content\/uploads\/2023\/11\/project_landscape_bay-suites-02-1400x738.jpg 1400w, https:\/\/swiftlifts.com\/wp-content\/uploads\/2023\/11\/project_landscape_bay-suites-02-759x400.jpg 759w, https:\/\/swiftlifts.com\/wp-content\/uploads\/2023\/11\/project_landscape_bay-suites-02-768x405.jpg 768w, https:\/\/swiftlifts.com\/wp-content\/uploads\/2023\/11\/project_landscape_bay-suites-02-1536x809.jpg 1536w, https:\/\/swiftlifts.com\/wp-content\/uploads\/2023\/11\/project_landscape_bay-suites-02.jpg 2000w\" sizes=\"auto, (max-width: 1020px) 100vw, 1020px\" \/>\t\t\t\t\t\t\n\t\t\t\t\t<\/div>\n\t\t\t\t\t\t\t\t\n<style>\n#image_1581974176 {\n  width: 100%;\n}\n<\/style>\n\t<\/div>\n\t\n\t<div id=\"text-534422262\" class=\"text\">\n\t\t\n<p>Ta trappan eller (hissen) SWIFT!<\/p>\n\t\t\n<style>\n#text-534422262 {\n  font-size: 1rem;\n  color: rgb(131, 175, 175);\n}\n#text-534422262 > * {\n  color: rgb(131, 175, 175);\n}\n<\/style>\n\t<\/div>\n\t\n\t\t<\/div>\n\t\t\t\t\n<style>\n#col-1834951881 > .col-inner {\n  padding: 0px 0px 0px 0px;\n}\n@media (min-width:550px) {\n  #col-1834951881 > .col-inner {\n    padding: 0px 15% 0px 15%;\n  }\n}\n<\/style>\n\t<\/div>\n\n\t\n<\/div>\n\t\t<\/div>\n\n\t\t\n<style>\n#section_797287397 {\n  padding-top: 30px;\n  padding-bottom: 30px;\n}\n<\/style>\n\t<\/section>\n\t\n\n\t<section class=\"section\" id=\"section_352156951\">\n\t\t<div class=\"section-bg fill\" >\n\t\t\t\t\t\t\t\t\t\n\t\t\t\n\n\t\t<\/div>\n\n\t\t\n\n\t\t<div class=\"section-content relative\">\n\t\t\t\n<div class=\"row row-full-width\"  id=\"row-1779792002\">\n\n\t<div id=\"col-2010391335\" class=\"col small-12 large-12\"  >\n\t\t\t\t<div class=\"col-inner\"  >\n\t\t\t\n\t\t\t\n\t<div class=\"img has-hover x md-x lg-x y md-y lg-y\" id=\"image_1461230043\">\n\t\t\t\t\t\t\t\t<div class=\"img-inner dark\" >\n\t\t\t<img loading=\"lazy\" decoding=\"async\" width=\"1020\" height=\"538\" src=\"https:\/\/swiftlifts.com\/wp-content\/uploads\/2023\/11\/project_landscape_bay-suites-03-1400x738.jpg\" class=\"attachment-large size-large\" alt=\"\" srcset=\"https:\/\/swiftlifts.com\/wp-content\/uploads\/2023\/11\/project_landscape_bay-suites-03-1400x738.jpg 1400w, https:\/\/swiftlifts.com\/wp-content\/uploads\/2023\/11\/project_landscape_bay-suites-03-759x400.jpg 759w, https:\/\/swiftlifts.com\/wp-content\/uploads\/2023\/11\/project_landscape_bay-suites-03-768x405.jpg 768w, https:\/\/swiftlifts.com\/wp-content\/uploads\/2023\/11\/project_landscape_bay-suites-03-1536x809.jpg 1536w, https:\/\/swiftlifts.com\/wp-content\/uploads\/2023\/11\/project_landscape_bay-suites-03.jpg 2000w\" sizes=\"auto, (max-width: 1020px) 100vw, 1020px\" \/>\t\t\t\t\t\t\n\t\t\t\t\t<\/div>\n\t\t\t\t\t\t\t\t\n<style>\n#image_1461230043 {\n  width: 100%;\n}\n<\/style>\n\t<\/div>\n\t\n\t<div id=\"text-81876177\" class=\"text\">\n\t\t\n<p>Kliv direkt upp ur s\u00e4ngen och in i SWIFT, och du kommer att vara vid frukostbordet inom ett \u00f6gonblick.<\/p>\n\t\t\n<style>\n#text-81876177 {\n  font-size: 1rem;\n  color: rgb(131, 175, 175);\n}\n#text-81876177 > * {\n  color: rgb(131, 175, 175);\n}\n<\/style>\n\t<\/div>\n\t\n\t\t<\/div>\n\t\t\t\t\n<style>\n#col-2010391335 > .col-inner {\n  padding: 0px 0px 0px 0px;\n}\n@media (min-width:550px) {\n  #col-2010391335 > .col-inner {\n    padding: 0px 15% 0px 15%;\n  }\n}\n<\/style>\n\t<\/div>\n\n\t\n\n\t<div id=\"col-852658457\" class=\"col medium-6 small-12 large-6\"  >\n\t\t\t\t<div class=\"col-inner text-center\"  >\n\t\t\t\n\t\t\t\n<a href=\"https:\/\/swiftlifts.com\/en\/projects\/\" class=\"button alert lowercase\" >\n\t\t<span>Klicka h\u00e4r f\u00f6r att se fler projekt<\/span>\n\t<\/a>\n\n\t\t<\/div>\n\t\t\t\t\n<style>\n#col-852658457 > .col-inner {\n  padding: 0px 0px 0px 0px;\n}\n@media (min-width:550px) {\n  #col-852658457 > .col-inner {\n    padding: 0px 0px 0px 30%;\n  }\n}\n<\/style>\n\t<\/div>\n\n\t\n\n\t<div id=\"col-283317758\" class=\"col medium-6 small-12 large-6\"  >\n\t\t\t\t<div class=\"col-inner text-center\"  >\n\t\t\t\n\t\t\t\n<a href=\"https:\/\/swiftlifts.com\/en\/products\/swift-lite-a-small-house-lift\/\" class=\"button success lowercase\" >\n\t\t<span>SWIFT Lite produktsida<\/span>\n\t<\/a>\n\n\t\t<\/div>\n\t\t\t\t\n<style>\n#col-283317758 > .col-inner {\n  padding: 0px 0px 0px 0px;\n}\n@media (min-width:550px) {\n  #col-283317758 > .col-inner {\n    padding: 0px 30% 0px 0%;\n  }\n}\n<\/style>\n\t<\/div>\n\n\t\n<\/div>\n\t\t<\/div>\n\n\t\t\n<style>\n#section_352156951 {\n  padding-top: 30px;\n  padding-bottom: 30px;\n}\n<\/style>\n\t<\/section>\n\t\n","protected":false},"excerpt":{"rendered":"","protected":false},"author":1,"featured_media":0,"parent":16058,"menu_order":0,"comment_status":"closed","ping_status":"closed","template":"page-transparent-header.php","meta":{"_acf_changed":false,"content-type":"","footnotes":""},"class_list":["post-16054","page","type-page","status-publish","hentry"],"acf":[],"yoast_head":"<!-- This site is optimized with the Yoast SEO Premium plugin v27.3 (Yoast SEO v27.4) - https:\/\/yoast.com\/product\/yoast-seo-premium-wordpress\/ -->\n<title>Villahiss Projekt \u2013 Bay Suites Residence<\/title>\n<meta name=\"robots\" content=\"index, follow, max-snippet:-1, max-image-preview:large, max-video-preview:-1\" \/>\n<link rel=\"canonical\" href=\"https:\/\/swiftlifts.com\/sv\/projekt\/projekt-bay-suites-residence\/\" \/>\n<meta property=\"og:locale\" content=\"sv_SE\" \/>\n<meta property=\"og:type\" content=\"article\" \/>\n<meta property=\"og:title\" content=\"Projekt - Bay Suites Residence\" \/>\n<meta property=\"og:url\" content=\"https:\/\/swiftlifts.com\/sv\/projekt\/projekt-bay-suites-residence\/\" \/>\n<meta property=\"og:site_name\" content=\"SWIFT - 100% battery driven home lifts\" \/>\n<meta property=\"article:publisher\" content=\"https:\/\/www.facebook.com\/swifthomelifts\" \/>\n<meta property=\"article:modified_time\" content=\"2026-02-20T11:40:11+00:00\" \/>\n<meta name=\"twitter:card\" content=\"summary_large_image\" \/>\n<meta name=\"twitter:label1\" content=\"Ber\u00e4knad l\u00e4stid\" \/>\n\t<meta name=\"twitter:data1\" content=\"3 minuter\" \/>\n<script type=\"application\/ld+json\" class=\"yoast-schema-graph\">{\"@context\":\"https:\\\/\\\/schema.org\",\"@graph\":[{\"@type\":\"WebPage\",\"@id\":\"https:\\\/\\\/swiftlifts.com\\\/sv\\\/projekt\\\/projekt-bay-suites-residence\\\/\",\"url\":\"https:\\\/\\\/swiftlifts.com\\\/sv\\\/projekt\\\/projekt-bay-suites-residence\\\/\",\"name\":\"Villahiss Projekt \u2013 Bay Suites Residence\",\"isPartOf\":{\"@id\":\"https:\\\/\\\/swiftlifts.com\\\/sv\\\/#website\"},\"datePublished\":\"2023-12-05T09:21:45+00:00\",\"dateModified\":\"2026-02-20T11:40:11+00:00\",\"breadcrumb\":{\"@id\":\"https:\\\/\\\/swiftlifts.com\\\/sv\\\/projekt\\\/projekt-bay-suites-residence\\\/#breadcrumb\"},\"inLanguage\":\"sv-SE\",\"potentialAction\":[{\"@type\":\"ReadAction\",\"target\":[\"https:\\\/\\\/swiftlifts.com\\\/sv\\\/projekt\\\/projekt-bay-suites-residence\\\/\"]}]},{\"@type\":\"BreadcrumbList\",\"@id\":\"https:\\\/\\\/swiftlifts.com\\\/sv\\\/projekt\\\/projekt-bay-suites-residence\\\/#breadcrumb\",\"itemListElement\":[{\"@type\":\"ListItem\",\"position\":1,\"name\":\"Home\",\"item\":\"https:\\\/\\\/swiftlifts.com\\\/sv\\\/\"},{\"@type\":\"ListItem\",\"position\":2,\"name\":\"Projekt\",\"item\":\"https:\\\/\\\/swiftlifts.com\\\/sv\\\/projekt\\\/\"},{\"@type\":\"ListItem\",\"position\":3,\"name\":\"Projekt &#8211; Bay Suites Residence\"}]},{\"@type\":\"WebSite\",\"@id\":\"https:\\\/\\\/swiftlifts.com\\\/sv\\\/#website\",\"url\":\"https:\\\/\\\/swiftlifts.com\\\/sv\\\/\",\"name\":\"SWIFT - 100% battery driven home lifts\",\"description\":\"NEW WAYS TO MOVE\",\"publisher\":{\"@id\":\"https:\\\/\\\/swiftlifts.com\\\/sv\\\/#organization\"},\"potentialAction\":[{\"@type\":\"SearchAction\",\"target\":{\"@type\":\"EntryPoint\",\"urlTemplate\":\"https:\\\/\\\/swiftlifts.com\\\/sv\\\/?s={search_term_string}\"},\"query-input\":{\"@type\":\"PropertyValueSpecification\",\"valueRequired\":true,\"valueName\":\"search_term_string\"}}],\"inLanguage\":\"sv-SE\"},{\"@type\":\"Organization\",\"@id\":\"https:\\\/\\\/swiftlifts.com\\\/sv\\\/#organization\",\"name\":\"SWIFT Home Lifts\",\"url\":\"https:\\\/\\\/swiftlifts.com\\\/sv\\\/\",\"logo\":{\"@type\":\"ImageObject\",\"inLanguage\":\"sv-SE\",\"@id\":\"https:\\\/\\\/swiftlifts.com\\\/sv\\\/#\\\/schema\\\/logo\\\/image\\\/\",\"url\":\"https:\\\/\\\/swiftlifts.com\\\/wp-content\\\/uploads\\\/2025\\\/03\\\/cropped-SWIFT-Logo-Google.jpg\",\"contentUrl\":\"https:\\\/\\\/swiftlifts.com\\\/wp-content\\\/uploads\\\/2025\\\/03\\\/cropped-SWIFT-Logo-Google.jpg\",\"width\":512,\"height\":512,\"caption\":\"SWIFT Home Lifts\"},\"image\":{\"@id\":\"https:\\\/\\\/swiftlifts.com\\\/sv\\\/#\\\/schema\\\/logo\\\/image\\\/\"},\"sameAs\":[\"https:\\\/\\\/www.facebook.com\\\/swifthomelifts\",\"https:\\\/\\\/www.instagram.com\\\/swifthomelifts\\\/\",\"https:\\\/\\\/www.linkedin.com\\\/company\\\/swifthomelifts\\\/\",\"https:\\\/\\\/www.pinterest.se\\\/swifthomelifts\\\/\",\"https:\\\/\\\/www.youtube.com\\\/@swift5669\"]}]}<\/script>\n<!-- \/ Yoast SEO Premium plugin. -->","yoast_head_json":{"title":"Villahiss Projekt \u2013 Bay Suites Residence","robots":{"index":"index","follow":"follow","max-snippet":"max-snippet:-1","max-image-preview":"max-image-preview:large","max-video-preview":"max-video-preview:-1"},"canonical":"https:\/\/swiftlifts.com\/sv\/projekt\/projekt-bay-suites-residence\/","og_locale":"sv_SE","og_type":"article","og_title":"Projekt - Bay Suites Residence","og_url":"https:\/\/swiftlifts.com\/sv\/projekt\/projekt-bay-suites-residence\/","og_site_name":"SWIFT - 100% battery driven home lifts","article_publisher":"https:\/\/www.facebook.com\/swifthomelifts","article_modified_time":"2026-02-20T11:40:11+00:00","twitter_card":"summary_large_image","twitter_misc":{"Ber\u00e4knad l\u00e4stid":"3 minuter"},"schema":{"@context":"https:\/\/schema.org","@graph":[{"@type":"WebPage","@id":"https:\/\/swiftlifts.com\/sv\/projekt\/projekt-bay-suites-residence\/","url":"https:\/\/swiftlifts.com\/sv\/projekt\/projekt-bay-suites-residence\/","name":"Villahiss Projekt \u2013 Bay Suites Residence","isPartOf":{"@id":"https:\/\/swiftlifts.com\/sv\/#website"},"datePublished":"2023-12-05T09:21:45+00:00","dateModified":"2026-02-20T11:40:11+00:00","breadcrumb":{"@id":"https:\/\/swiftlifts.com\/sv\/projekt\/projekt-bay-suites-residence\/#breadcrumb"},"inLanguage":"sv-SE","potentialAction":[{"@type":"ReadAction","target":["https:\/\/swiftlifts.com\/sv\/projekt\/projekt-bay-suites-residence\/"]}]},{"@type":"BreadcrumbList","@id":"https:\/\/swiftlifts.com\/sv\/projekt\/projekt-bay-suites-residence\/#breadcrumb","itemListElement":[{"@type":"ListItem","position":1,"name":"Home","item":"https:\/\/swiftlifts.com\/sv\/"},{"@type":"ListItem","position":2,"name":"Projekt","item":"https:\/\/swiftlifts.com\/sv\/projekt\/"},{"@type":"ListItem","position":3,"name":"Projekt &#8211; Bay Suites Residence"}]},{"@type":"WebSite","@id":"https:\/\/swiftlifts.com\/sv\/#website","url":"https:\/\/swiftlifts.com\/sv\/","name":"SWIFT - 100% battery driven home lifts","description":"NEW WAYS TO MOVE","publisher":{"@id":"https:\/\/swiftlifts.com\/sv\/#organization"},"potentialAction":[{"@type":"SearchAction","target":{"@type":"EntryPoint","urlTemplate":"https:\/\/swiftlifts.com\/sv\/?s={search_term_string}"},"query-input":{"@type":"PropertyValueSpecification","valueRequired":true,"valueName":"search_term_string"}}],"inLanguage":"sv-SE"},{"@type":"Organization","@id":"https:\/\/swiftlifts.com\/sv\/#organization","name":"SWIFT Home Lifts","url":"https:\/\/swiftlifts.com\/sv\/","logo":{"@type":"ImageObject","inLanguage":"sv-SE","@id":"https:\/\/swiftlifts.com\/sv\/#\/schema\/logo\/image\/","url":"https:\/\/swiftlifts.com\/wp-content\/uploads\/2025\/03\/cropped-SWIFT-Logo-Google.jpg","contentUrl":"https:\/\/swiftlifts.com\/wp-content\/uploads\/2025\/03\/cropped-SWIFT-Logo-Google.jpg","width":512,"height":512,"caption":"SWIFT Home Lifts"},"image":{"@id":"https:\/\/swiftlifts.com\/sv\/#\/schema\/logo\/image\/"},"sameAs":["https:\/\/www.facebook.com\/swifthomelifts","https:\/\/www.instagram.com\/swifthomelifts\/","https:\/\/www.linkedin.com\/company\/swifthomelifts\/","https:\/\/www.pinterest.se\/swifthomelifts\/","https:\/\/www.youtube.com\/@swift5669"]}]}},"_links":{"self":[{"href":"https:\/\/swiftlifts.com\/sv\/wp-json\/wp\/v2\/pages\/16054","targetHints":{"allow":["GET"]}}],"collection":[{"href":"https:\/\/swiftlifts.com\/sv\/wp-json\/wp\/v2\/pages"}],"about":[{"href":"https:\/\/swiftlifts.com\/sv\/wp-json\/wp\/v2\/types\/page"}],"author":[{"embeddable":true,"href":"https:\/\/swiftlifts.com\/sv\/wp-json\/wp\/v2\/users\/1"}],"replies":[{"embeddable":true,"href":"https:\/\/swiftlifts.com\/sv\/wp-json\/wp\/v2\/comments?post=16054"}],"version-history":[{"count":2,"href":"https:\/\/swiftlifts.com\/sv\/wp-json\/wp\/v2\/pages\/16054\/revisions"}],"predecessor-version":[{"id":56552,"href":"https:\/\/swiftlifts.com\/sv\/wp-json\/wp\/v2\/pages\/16054\/revisions\/56552"}],"up":[{"embeddable":true,"href":"https:\/\/swiftlifts.com\/sv\/wp-json\/wp\/v2\/pages\/16058"}],"wp:attachment":[{"href":"https:\/\/swiftlifts.com\/sv\/wp-json\/wp\/v2\/media?parent=16054"}],"curies":[{"name":"wp","href":"https:\/\/api.w.org\/{rel}","templated":true}]}}