{"id":14849,"date":"2023-10-31T06:52:22","date_gmt":"2023-10-31T06:52:22","guid":{"rendered":"https:\/\/swiftlifts.com\/swift-people\/swift-portrait-carl\/"},"modified":"2024-02-21T09:29:38","modified_gmt":"2024-02-21T09:29:38","slug":"swift-portrait-carl","status":"publish","type":"page","link":"https:\/\/swiftlifts.com\/sv\/swift-people\/swift-portrait-carl\/","title":{"rendered":"SWIFT Portrait &#8211; Carl"},"content":{"rendered":"\n\t<section class=\"section\" id=\"section_848097263\">\n\t\t<div class=\"section-bg fill\" >\n\t\t\t\t\t\t\t\t\t\n\t\t\t\n\n\t\t<\/div>\n\n\t\t\n\n\t\t<div class=\"section-content relative\">\n\t\t\t\n<div class=\"row\"  id=\"row-1621423077\">\n\n\t<div id=\"col-1205807746\" class=\"col small-12 large-12\"  >\n\t\t\t\t<div class=\"col-inner\"  >\n\t\t\t\n\t\t\t\n\t\t<\/div>\n\t\t\t\t\t<\/div>\n\n\t\n<\/div>\n<div class=\"row align-center\" style=\"max-width:100%\" id=\"row-863788324\">\n\n\t<div id=\"col-224314696\" class=\"col medium-10 small-12 large-10\"  >\n\t\t\t\t<div class=\"col-inner\"  >\n\t\t\t\n\t\t\t\n\t<div id=\"text-3817139893\" class=\"text\">\n\t\t\n<h3>SWIFT People<\/h3>\n\t\t\n<style>\n#text-3817139893 {\n  font-size: 2.25rem;\n  line-height: 0.75;\n  color: rgb(0, 10, 54);\n}\n#text-3817139893 > * {\n  color: rgb(0, 10, 54);\n}\n<\/style>\n\t<\/div>\n\t\n\t<div id=\"text-2449086156\" class=\"text\">\n\t\t\n<p>M\u00e5nadens portr\u00e4tt<br \/>\n\t\t\n<style>\n#text-2449086156 {\n  font-size: 1.6rem;\n  line-height: 0.75;\n}\n<\/style>\n\t<\/div>\n\t\n\t\t<\/div>\n\t\t\t\t\n<style>\n#col-224314696 > .col-inner {\n  padding: 50px 0px 0px 0px;\n}\n<\/style>\n\t<\/div>\n\n\t\n<\/div>\n<div class=\"row align-equal align-center\" style=\"max-width:100%\" id=\"row-1540853951\">\n\n\t<div id=\"col-1459285278\" class=\"col medium-5 small-12 large-5\"  >\n\t\t\t\t<div class=\"col-inner text-left\" style=\"background-color:rgb(30, 98, 122);\" >\n\t\t\t\n\t\t\t\n\t<div id=\"text-3941518740\" class=\"text swift-people-text\">\n\t\t\n<p>NAME: <b>Carl Br\u00e4mberg<\/b><br \/>\nROLE: <b>Technical Support Manager<\/b><br \/>\n\u00c5LDER: <b>32<\/b><br \/>\nBOR: <b>Shanghai, Kina<\/b><br \/>\n\t\t\n<style>\n#text-3941518740 {\n  font-size: 1.5rem;\n  line-height: 1.65;\n  color: rgb(255, 255, 255);\n}\n#text-3941518740 > * {\n  color: rgb(255, 255, 255);\n}\n<\/style>\n\t<\/div>\n\t\n\t\t<\/div>\n\t\t\t\t\n<style>\n#col-1459285278 > .col-inner {\n  padding: 30px 0px 0px 30px;\n  margin: 0px 0px 0px 0px;\n}\n@media (min-width:550px) {\n  #col-1459285278 > .col-inner {\n    padding: 20% 0px 0px 50px;\n  }\n}\n<\/style>\n\t<\/div>\n\n\t\n\n\t<div id=\"col-1606242044\" class=\"col medium-5 small-12 large-5\"  >\n\t\t\t\t<div class=\"col-inner\"  >\n\t\t\t\n\t\t\t\n\t<div class=\"img has-hover x md-x lg-x y md-y lg-y\" id=\"image_1461942195\">\n\t\t\t\t\t\t\t\t<div class=\"img-inner dark\" >\n\t\t\t<img loading=\"lazy\" decoding=\"async\" width=\"768\" height=\"736\" src=\"https:\/\/swiftlifts.com\/wp-content\/uploads\/2023\/09\/49802ACF-3C00-4742-94B3-C48BCC428539-e1695263229877-768x736.jpeg\" class=\"attachment-medium_large size-medium_large\" alt=\"man with beard\" srcset=\"https:\/\/swiftlifts.com\/wp-content\/uploads\/2023\/09\/49802ACF-3C00-4742-94B3-C48BCC428539-e1695263229877-768x736.jpeg 768w, https:\/\/swiftlifts.com\/wp-content\/uploads\/2023\/09\/49802ACF-3C00-4742-94B3-C48BCC428539-e1695263229877-418x400.jpeg 418w, https:\/\/swiftlifts.com\/wp-content\/uploads\/2023\/09\/49802ACF-3C00-4742-94B3-C48BCC428539-e1695263229877-835x800.jpeg 835w, https:\/\/swiftlifts.com\/wp-content\/uploads\/2023\/09\/49802ACF-3C00-4742-94B3-C48BCC428539-e1695263229877.jpeg 1536w\" sizes=\"auto, (max-width: 768px) 100vw, 768px\" \/>\t\t\t\t\t\t\n\t\t\t\t\t<\/div>\n\t\t\t\t\t\t\t\t\n<style>\n#image_1461942195 {\n  width: 100%;\n}\n<\/style>\n\t<\/div>\n\t\n\t\t<\/div>\n\t\t\t\t\n<style>\n#col-1606242044 > .col-inner {\n  margin: 0px 0px 0px 0px;\n}\n<\/style>\n\t<\/div>\n\n\t\n<\/div>\n<div class=\"row align-equal align-center\" style=\"max-width:100%\" id=\"row-241840223\">\n\n\t<div id=\"col-577523024\" class=\"col medium-10 small-12 large-10\"  >\n\t\t\t\t<div class=\"col-inner\"  >\n\t\t\t\n\t<div class=\"is-border\"\n\t\tstyle=\"border-color:rgb(30, 98, 122);border-width:5px 5px 5px 5px;\">\n\t<\/div>\n\t\t\t\n\t<div id=\"text-3949750304\" class=\"text\">\n\t\t\n<p><b>Din karri\u00e4r hittills?<\/b> <br \/>Jag studerade p\u00e5 KTH i Stockholm. Efter det b\u00f6rjade jag min resa inom hissbranschen med Aritco. TIll att b\u00f6rja med sommarjobbade jag som Customer Support Assistant. Den m\u00f6jligheten ledde mig vidare till rollen som Production Engineer och d\u00e4refter som Technical Support Engineer. Sedan rekryterades jag till SWIFT. Med min bas vid SWIFTs R&amp;D center i Falkenberg b\u00f6rjade jag som Design Engineer innan jag flyttade till min nuvarande roll som Technical Support Manager i Shanghai. \ud83d\udd2c\u2699\ufe0f\ud83d\udd29<\/p>\n<p><b>\u00d6stkusten eller V\u00e4stkusten?<\/b> <br \/>F\u00f6dd och uppvuxen i G\u00f6teborg, s\u00e5 m\u00e5ste jag s\u00e4ga att V\u00e4stkusten \u00e4r mitt enda alternativ! \ud83c\udf0a<\/p>\n<p><b>KTH eller Chalmers?<\/b> Mina betyg var inte tillr\u00e4ckligt bra f\u00f6r att komma in p\u00e5 Chalmers, men de var det f\u00f6r KTH. Du f\u00e5r tolka det som du vill. \ud83d\ude35\u200d\ud83d\udcab<\/p>\n<p><b>Har du n\u00e5gra lokala favoriter som du uppt\u00e4ckt under dina utvecklings\u00e4ventyr i Falkenberg och Shanghai? <\/b> <br \/>Den som har tillbringat n\u00e5gon tid i Falkenberg har h\u00f6rt talas om den ber\u00f6mda pizzerian Lilla Napoli. Det \u00e4r ett st\u00e4lle med den absolut b\u00e4sta pizza p\u00e5 en ganska intressant plats. Helt klart v\u00e4rt ett bes\u00f6k. Vad g\u00e4ller matutbudet i Shanghai \u00e4r svaret enkelt: dumpling-soppa. Jag har hittat n\u00e5gra st\u00e4llen som serverar dem, och de har alla varit utm\u00e4rkta. \ud83c\udf55\ud83e\udd5f<\/p>\n<p><b>Vilken SWIFT-funktion gillar du mest? <br \/><\/b>Funktionen som jag anv\u00e4nder allra mest \u00e4r SWIFT Remote. Den g\u00f6r det extremt enkelt att hj\u00e4lpa partners eller kunder med problem eller inst\u00e4llningar. P\u00e5 s\u00e5 s\u00e4tt slipper jag spendera timmar i telefonen med att guida en tekniker genom menyer bara f\u00f6r att uppt\u00e4cka att de gjorde ett fel fyra steg tillbaka. Vi kan logga in och ge hj\u00e4lp direkt, vilket sparar tid och min mentala h\u00e4lsa. Vi kan omedelbart se vilka problem systemet uppt\u00e4cker och antingen l\u00f6sa det direkt eller erbjuda riktad r\u00e5dgivning. \ud83e\uddd1\ud83c\udffc\u200d\ud83d\udcbb<\/p>\n<p><b>Ditt stj\u00e4rntecken?<\/b> <br \/>Lejon. \ud83e\udd81<\/p>\n<p><b>F\u00f6dd i&#8230;<\/b> <br \/>i getens \u00e5r. \ud83d\udc10<\/p>\n<p><b>Tycker du att det \u00e4r l\u00e4ttare att s\u00e4ga &#8217;Ni hao&#8217; eller &#8217;Hej&#8217; nuf\u00f6rtiden? <\/b> <br \/>Jag kompromissar och s\u00e4ger \u201cNi Hej\u201d <\/p>\n<p><b>WhatsApp eller WeChat? <\/b> <br \/>En riktigt lycklig dag kommer vara n\u00e4r jag inte beh\u00f6ver n\u00e5gon av dem, men WeChat \u00e4r l\u00e5ngt mer anv\u00e4ndarv\u00e4nlig av de tv\u00e5. \ud83d\udcf1<\/p>\n<p><b>Fr\u00e5n fika i Sverige till traditionellt te i Kina, hur har dina dagliga rutiner f\u00f6r\u00e4ndrats n\u00e4r du navigerat i dessa tv\u00e5 unika arbetsmilj\u00f6er? <\/b> <br \/>N\u00e4r jag f\u00f6rst flyttade till Kina var det precis f\u00f6re h\u00f6jdpunkten av Covid-pandemin. Dagliga Covid-tester varje morgon och begr\u00e4nsad r\u00f6relse blev rutin under en ganska l\u00e5ng tid. Nu n\u00e4r livet har \u00e5terg\u00e5tt till det normala i Kina, \u00e4r min dagliga rutin (eller brist p\u00e5 s\u00e5dan) f\u00f6rv\u00e5nansv\u00e4rt lik den jag hade i Sverige. <\/p>\n<p><b>B\u00e4sta r\u00e5det du n\u00e5gonsin har f\u00e5tt (hittills)? <\/b> <br \/>Det \u00e4r l\u00e4ttare att be om f\u00f6rl\u00e5telse \u00e4n att be om till\u00e5telse. <\/p>\n<p><b>Vad gillar du mest av det du g\u00f6r p\u00e5 SWIFT?<\/b> <br \/>Faktumet att inga dagar \u00e4r desamma. Jag kan aldrig f\u00f6rutsp\u00e5 vilken typ av utmaningar som v\u00e4ntar n\u00e4r jag kommer till kontoret. \ud83d\udd2e<\/p>\n<p><b>Te eller kaffe? <\/b> <br \/>Jag gillar b\u00e5da, beroende p\u00e5 hum\u00f6ret kan jag v\u00e4lja det ena eller det andra. \ud83c\udf75 \u2615\ufe0f<\/p>\n<p><b>\u00c4r du s\u00e4ker p\u00e5 att du kommer f\u00e5 kinesiskt k\u00f6rkort i \u00e5r? <\/b> <br \/>Jag \u00e4r s\u00e4ker p\u00e5 att jag kommer att f\u00e5 ett k\u00f6rkort, men jag \u00e4r inte lika s\u00e4ker p\u00e5 att jag v\u00e5gar k\u00f6ra i Kina. <\/p>\n<p><b>Vad \u00e4r ditt &#8221;happy place&#8221;? <\/b> <br \/>En sommarkv\u00e4ll p\u00e5 den svenska landsbygden med v\u00e4nner. \ud83c\udf05<\/p>\n<p><b>Ditt favorits\u00e4tt att f\u00f6rflytta dig f\u00f6rutom SWIFT d\u00e5 f\u00f6rst\u00e5s? <\/b> <br \/>Jag tillbringade st\u00f6rre delen av min barndom i G\u00f6teborgs sk\u00e4rg\u00e5rd. Detta har gett mig en f\u00f6rk\u00e4rlek f\u00f6r b\u00e5tliv och segling. \ud83d\udea4 \u26f5\ufe0f<\/p>\n<p><b>Vad st\u00e5r p\u00e5 din &#8221;bucket list&#8221;? <\/b> <br \/>Jag vill resa mer inom Kina. Hittills har jag tillbringat det mesta av min tid i Kina i Shanghai eller Jiangsu, eftersom covid satte stopp f\u00f6r allt resande. #\ud83c\udde8\ud83c\uddf3<\/p>\n\t\t\n<style>\n#text-3949750304 {\n  font-size: 1.5rem;\n  color: rgb(30, 98, 122);\n}\n#text-3949750304 > * {\n  color: rgb(30, 98, 122);\n}\n<\/style>\n\t<\/div>\n\t\n\t\t<\/div>\n\t\t\t\t\n<style>\n#col-577523024 > .col-inner {\n  padding: 10px 10px 10px 10px;\n}\n@media (min-width:550px) {\n  #col-577523024 > .col-inner {\n    padding: 50px 50px 50px 50px;\n  }\n}\n<\/style>\n\t<\/div>\n\n\t\n<\/div>\n\t\t<\/div>\n\n\t\t\n<style>\n#section_848097263 {\n  padding-top: 30px;\n  padding-bottom: 30px;\n}\n<\/style>\n\t<\/section>\n\t\n","protected":false},"excerpt":{"rendered":"","protected":false},"author":11,"featured_media":0,"parent":5486,"menu_order":0,"comment_status":"closed","ping_status":"closed","template":"page-transparent-header.php","meta":{"_acf_changed":false,"content-type":"","footnotes":""},"class_list":["post-14849","page","type-page","status-publish","hentry"],"acf":[],"yoast_head":"<!-- This site is optimized with the Yoast SEO Premium plugin v27.3 (Yoast SEO v27.4) - https:\/\/yoast.com\/product\/yoast-seo-premium-wordpress\/ -->\n<title>SWIFT Portrait - Carl - SWIFT - 100% battery driven home lifts<\/title>\n<meta name=\"robots\" content=\"index, follow, max-snippet:-1, max-image-preview:large, max-video-preview:-1\" \/>\n<link rel=\"canonical\" href=\"https:\/\/swiftlifts.com\/sv\/swift-people\/swift-portrait-carl\/\" \/>\n<meta property=\"og:locale\" content=\"sv_SE\" \/>\n<meta property=\"og:type\" content=\"article\" \/>\n<meta property=\"og:title\" content=\"SWIFT Portrait - Carl\" \/>\n<meta property=\"og:url\" content=\"https:\/\/swiftlifts.com\/sv\/swift-people\/swift-portrait-carl\/\" \/>\n<meta property=\"og:site_name\" content=\"SWIFT - 100% battery driven home lifts\" \/>\n<meta property=\"article:publisher\" content=\"https:\/\/www.facebook.com\/swifthomelifts\" \/>\n<meta property=\"article:modified_time\" content=\"2024-02-21T09:29:38+00:00\" \/>\n<meta name=\"twitter:card\" content=\"summary_large_image\" \/>\n<meta name=\"twitter:label1\" content=\"Ber\u00e4knad l\u00e4stid\" \/>\n\t<meta name=\"twitter:data1\" content=\"4 minuter\" \/>\n<script type=\"application\/ld+json\" class=\"yoast-schema-graph\">{\"@context\":\"https:\\\/\\\/schema.org\",\"@graph\":[{\"@type\":\"WebPage\",\"@id\":\"https:\\\/\\\/swiftlifts.com\\\/sv\\\/swift-people\\\/swift-portrait-carl\\\/\",\"url\":\"https:\\\/\\\/swiftlifts.com\\\/sv\\\/swift-people\\\/swift-portrait-carl\\\/\",\"name\":\"SWIFT Portrait - Carl - SWIFT - 100% battery driven home lifts\",\"isPartOf\":{\"@id\":\"https:\\\/\\\/swiftlifts.com\\\/sv\\\/#website\"},\"datePublished\":\"2023-10-31T06:52:22+00:00\",\"dateModified\":\"2024-02-21T09:29:38+00:00\",\"breadcrumb\":{\"@id\":\"https:\\\/\\\/swiftlifts.com\\\/sv\\\/swift-people\\\/swift-portrait-carl\\\/#breadcrumb\"},\"inLanguage\":\"sv-SE\",\"potentialAction\":[{\"@type\":\"ReadAction\",\"target\":[\"https:\\\/\\\/swiftlifts.com\\\/sv\\\/swift-people\\\/swift-portrait-carl\\\/\"]}]},{\"@type\":\"BreadcrumbList\",\"@id\":\"https:\\\/\\\/swiftlifts.com\\\/sv\\\/swift-people\\\/swift-portrait-carl\\\/#breadcrumb\",\"itemListElement\":[{\"@type\":\"ListItem\",\"position\":1,\"name\":\"Home\",\"item\":\"https:\\\/\\\/swiftlifts.com\\\/sv\\\/\"},{\"@type\":\"ListItem\",\"position\":2,\"name\":\"SWIFT People\",\"item\":\"https:\\\/\\\/swiftlifts.com\\\/sv\\\/swift-people\\\/\"},{\"@type\":\"ListItem\",\"position\":3,\"name\":\"SWIFT Portrait &#8211; Carl\"}]},{\"@type\":\"WebSite\",\"@id\":\"https:\\\/\\\/swiftlifts.com\\\/sv\\\/#website\",\"url\":\"https:\\\/\\\/swiftlifts.com\\\/sv\\\/\",\"name\":\"SWIFT - 100% battery driven home lifts\",\"description\":\"NEW WAYS TO MOVE\",\"publisher\":{\"@id\":\"https:\\\/\\\/swiftlifts.com\\\/sv\\\/#organization\"},\"potentialAction\":[{\"@type\":\"SearchAction\",\"target\":{\"@type\":\"EntryPoint\",\"urlTemplate\":\"https:\\\/\\\/swiftlifts.com\\\/sv\\\/?s={search_term_string}\"},\"query-input\":{\"@type\":\"PropertyValueSpecification\",\"valueRequired\":true,\"valueName\":\"search_term_string\"}}],\"inLanguage\":\"sv-SE\"},{\"@type\":\"Organization\",\"@id\":\"https:\\\/\\\/swiftlifts.com\\\/sv\\\/#organization\",\"name\":\"SWIFT Home Lifts\",\"url\":\"https:\\\/\\\/swiftlifts.com\\\/sv\\\/\",\"logo\":{\"@type\":\"ImageObject\",\"inLanguage\":\"sv-SE\",\"@id\":\"https:\\\/\\\/swiftlifts.com\\\/sv\\\/#\\\/schema\\\/logo\\\/image\\\/\",\"url\":\"https:\\\/\\\/swiftlifts.com\\\/wp-content\\\/uploads\\\/2025\\\/03\\\/cropped-SWIFT-Logo-Google.jpg\",\"contentUrl\":\"https:\\\/\\\/swiftlifts.com\\\/wp-content\\\/uploads\\\/2025\\\/03\\\/cropped-SWIFT-Logo-Google.jpg\",\"width\":512,\"height\":512,\"caption\":\"SWIFT Home Lifts\"},\"image\":{\"@id\":\"https:\\\/\\\/swiftlifts.com\\\/sv\\\/#\\\/schema\\\/logo\\\/image\\\/\"},\"sameAs\":[\"https:\\\/\\\/www.facebook.com\\\/swifthomelifts\",\"https:\\\/\\\/www.instagram.com\\\/swifthomelifts\\\/\",\"https:\\\/\\\/www.linkedin.com\\\/company\\\/swifthomelifts\\\/\",\"https:\\\/\\\/www.pinterest.se\\\/swifthomelifts\\\/\",\"https:\\\/\\\/www.youtube.com\\\/@swift5669\"]}]}<\/script>\n<!-- \/ Yoast SEO Premium plugin. -->","yoast_head_json":{"title":"SWIFT Portrait - Carl - SWIFT - 100% battery driven home lifts","robots":{"index":"index","follow":"follow","max-snippet":"max-snippet:-1","max-image-preview":"max-image-preview:large","max-video-preview":"max-video-preview:-1"},"canonical":"https:\/\/swiftlifts.com\/sv\/swift-people\/swift-portrait-carl\/","og_locale":"sv_SE","og_type":"article","og_title":"SWIFT Portrait - Carl","og_url":"https:\/\/swiftlifts.com\/sv\/swift-people\/swift-portrait-carl\/","og_site_name":"SWIFT - 100% battery driven home lifts","article_publisher":"https:\/\/www.facebook.com\/swifthomelifts","article_modified_time":"2024-02-21T09:29:38+00:00","twitter_card":"summary_large_image","twitter_misc":{"Ber\u00e4knad l\u00e4stid":"4 minuter"},"schema":{"@context":"https:\/\/schema.org","@graph":[{"@type":"WebPage","@id":"https:\/\/swiftlifts.com\/sv\/swift-people\/swift-portrait-carl\/","url":"https:\/\/swiftlifts.com\/sv\/swift-people\/swift-portrait-carl\/","name":"SWIFT Portrait - Carl - SWIFT - 100% battery driven home lifts","isPartOf":{"@id":"https:\/\/swiftlifts.com\/sv\/#website"},"datePublished":"2023-10-31T06:52:22+00:00","dateModified":"2024-02-21T09:29:38+00:00","breadcrumb":{"@id":"https:\/\/swiftlifts.com\/sv\/swift-people\/swift-portrait-carl\/#breadcrumb"},"inLanguage":"sv-SE","potentialAction":[{"@type":"ReadAction","target":["https:\/\/swiftlifts.com\/sv\/swift-people\/swift-portrait-carl\/"]}]},{"@type":"BreadcrumbList","@id":"https:\/\/swiftlifts.com\/sv\/swift-people\/swift-portrait-carl\/#breadcrumb","itemListElement":[{"@type":"ListItem","position":1,"name":"Home","item":"https:\/\/swiftlifts.com\/sv\/"},{"@type":"ListItem","position":2,"name":"SWIFT People","item":"https:\/\/swiftlifts.com\/sv\/swift-people\/"},{"@type":"ListItem","position":3,"name":"SWIFT Portrait &#8211; Carl"}]},{"@type":"WebSite","@id":"https:\/\/swiftlifts.com\/sv\/#website","url":"https:\/\/swiftlifts.com\/sv\/","name":"SWIFT - 100% battery driven home lifts","description":"NEW WAYS TO MOVE","publisher":{"@id":"https:\/\/swiftlifts.com\/sv\/#organization"},"potentialAction":[{"@type":"SearchAction","target":{"@type":"EntryPoint","urlTemplate":"https:\/\/swiftlifts.com\/sv\/?s={search_term_string}"},"query-input":{"@type":"PropertyValueSpecification","valueRequired":true,"valueName":"search_term_string"}}],"inLanguage":"sv-SE"},{"@type":"Organization","@id":"https:\/\/swiftlifts.com\/sv\/#organization","name":"SWIFT Home Lifts","url":"https:\/\/swiftlifts.com\/sv\/","logo":{"@type":"ImageObject","inLanguage":"sv-SE","@id":"https:\/\/swiftlifts.com\/sv\/#\/schema\/logo\/image\/","url":"https:\/\/swiftlifts.com\/wp-content\/uploads\/2025\/03\/cropped-SWIFT-Logo-Google.jpg","contentUrl":"https:\/\/swiftlifts.com\/wp-content\/uploads\/2025\/03\/cropped-SWIFT-Logo-Google.jpg","width":512,"height":512,"caption":"SWIFT Home Lifts"},"image":{"@id":"https:\/\/swiftlifts.com\/sv\/#\/schema\/logo\/image\/"},"sameAs":["https:\/\/www.facebook.com\/swifthomelifts","https:\/\/www.instagram.com\/swifthomelifts\/","https:\/\/www.linkedin.com\/company\/swifthomelifts\/","https:\/\/www.pinterest.se\/swifthomelifts\/","https:\/\/www.youtube.com\/@swift5669"]}]}},"_links":{"self":[{"href":"https:\/\/swiftlifts.com\/sv\/wp-json\/wp\/v2\/pages\/14849","targetHints":{"allow":["GET"]}}],"collection":[{"href":"https:\/\/swiftlifts.com\/sv\/wp-json\/wp\/v2\/pages"}],"about":[{"href":"https:\/\/swiftlifts.com\/sv\/wp-json\/wp\/v2\/types\/page"}],"author":[{"embeddable":true,"href":"https:\/\/swiftlifts.com\/sv\/wp-json\/wp\/v2\/users\/11"}],"replies":[{"embeddable":true,"href":"https:\/\/swiftlifts.com\/sv\/wp-json\/wp\/v2\/comments?post=14849"}],"version-history":[{"count":1,"href":"https:\/\/swiftlifts.com\/sv\/wp-json\/wp\/v2\/pages\/14849\/revisions"}],"predecessor-version":[{"id":19210,"href":"https:\/\/swiftlifts.com\/sv\/wp-json\/wp\/v2\/pages\/14849\/revisions\/19210"}],"up":[{"embeddable":true,"href":"https:\/\/swiftlifts.com\/sv\/wp-json\/wp\/v2\/pages\/5486"}],"wp:attachment":[{"href":"https:\/\/swiftlifts.com\/sv\/wp-json\/wp\/v2\/media?parent=14849"}],"curies":[{"name":"wp","href":"https:\/\/api.w.org\/{rel}","templated":true}]}}