{"id":14749,"date":"2023-10-17T03:42:39","date_gmt":"2023-10-17T03:42:39","guid":{"rendered":"https:\/\/swiftlifts.com\/swift-people\/swift-portrait-thomas\/"},"modified":"2024-02-21T09:29:08","modified_gmt":"2024-02-21T09:29:08","slug":"swift-portrait-thomas","status":"publish","type":"page","link":"https:\/\/swiftlifts.com\/sv\/swift-people\/swift-portrait-thomas\/","title":{"rendered":"SWIFT Portrait &#8211; Thomas"},"content":{"rendered":"\n\t<section class=\"section\" id=\"section_410423775\">\n\t\t<div class=\"section-bg fill\" >\n\t\t\t\t\t\t\t\t\t\n\t\t\t\n\n\t\t<\/div>\n\n\t\t\n\n\t\t<div class=\"section-content relative\">\n\t\t\t\n<div class=\"row\"  id=\"row-1034147007\">\n\n\t<div id=\"col-523659725\" class=\"col small-12 large-12\"  >\n\t\t\t\t<div class=\"col-inner\"  >\n\t\t\t\n\t\t\t\n\t\t<\/div>\n\t\t\t\t\t<\/div>\n\n\t\n<\/div>\n<div class=\"row align-center\" style=\"max-width:100%\" id=\"row-99978714\">\n\n\t<div id=\"col-2045068727\" class=\"col medium-10 small-12 large-10\"  >\n\t\t\t\t<div class=\"col-inner\"  >\n\t\t\t\n\t\t\t\n\t<div id=\"text-195888719\" class=\"text\">\n\t\t\n<h3>SWIFT People<\/h3>\n\t\t\n<style>\n#text-195888719 {\n  font-size: 2.25rem;\n  line-height: 0.75;\n  color: rgb(0, 10, 54);\n}\n#text-195888719 > * {\n  color: rgb(0, 10, 54);\n}\n<\/style>\n\t<\/div>\n\t\n\t<div id=\"text-167564386\" class=\"text\">\n\t\t\n<p>M\u00e5nadens portr\u00e4tt<br \/>\n\t\t\n<style>\n#text-167564386 {\n  font-size: 1.6rem;\n  line-height: 0.75;\n}\n<\/style>\n\t<\/div>\n\t\n\t\t<\/div>\n\t\t\t\t\n<style>\n#col-2045068727 > .col-inner {\n  padding: 50px 0px 0px 0px;\n}\n<\/style>\n\t<\/div>\n\n\t\n<\/div>\n<div class=\"row align-equal align-center\" style=\"max-width:100%\" id=\"row-357420519\">\n\n\t<div id=\"col-1865129230\" class=\"col medium-5 small-12 large-5\"  >\n\t\t\t\t<div class=\"col-inner text-left\" style=\"background-color:rgb(30, 98, 122);\" >\n\t\t\t\n\t\t\t\n\t<div id=\"text-500329254\" class=\"text swift-people-text\">\n\t\t\n<p>NAMN: <b>Thomas Janelid<\/b> <br \/>ROLL<strong>:<\/strong> <b>Chief Product Officer, CPO<\/b> <br \/>\u00c5LDER:<strong> 47<\/strong> <br \/>BOR: <b>Stockholm<\/b><\/p>\n\t\t\n<style>\n#text-500329254 {\n  font-size: 1.5rem;\n  line-height: 1.65;\n  color: rgb(255, 255, 255);\n}\n#text-500329254 > * {\n  color: rgb(255, 255, 255);\n}\n<\/style>\n\t<\/div>\n\t\n\t\t<\/div>\n\t\t\t\t\n<style>\n#col-1865129230 > .col-inner {\n  padding: 30px 0px 0px 30px;\n  margin: 0px 0px 0px 0px;\n}\n@media (min-width:550px) {\n  #col-1865129230 > .col-inner {\n    padding: 20% 0px 0px 50px;\n  }\n}\n<\/style>\n\t<\/div>\n\n\t\n\n\t<div id=\"col-455968138\" class=\"col medium-5 small-12 large-5\"  >\n\t\t\t\t<div class=\"col-inner\"  >\n\t\t\t\n\t\t\t\n\t<div class=\"img has-hover x md-x lg-x y md-y lg-y\" id=\"image_1071000318\">\n\t\t\t\t\t\t\t\t<div class=\"img-inner dark\" >\n\t\t\t<img loading=\"lazy\" decoding=\"async\" width=\"663\" height=\"800\" src=\"https:\/\/swiftlifts.com\/wp-content\/uploads\/2023\/07\/Thomas-article-663x800.jpg\" class=\"attachment-large size-large\" alt=\"Thomas article\" srcset=\"https:\/\/swiftlifts.com\/wp-content\/uploads\/2023\/07\/Thomas-article-663x800.jpg 663w, https:\/\/swiftlifts.com\/wp-content\/uploads\/2023\/07\/Thomas-article-332x400.jpg 332w, https:\/\/swiftlifts.com\/wp-content\/uploads\/2023\/07\/Thomas-article-768x927.jpg 768w, https:\/\/swiftlifts.com\/wp-content\/uploads\/2023\/07\/Thomas-article.jpg 1273w\" sizes=\"auto, (max-width: 663px) 100vw, 663px\" \/>\t\t\t\t\t\t\n\t\t\t\t\t<\/div>\n\t\t\t\t\t\t\t\t\n<style>\n#image_1071000318 {\n  width: 100%;\n}\n<\/style>\n\t<\/div>\n\t\n\t\t<\/div>\n\t\t\t\t\n<style>\n#col-455968138 > .col-inner {\n  margin: 0px 0px 0px 0px;\n}\n<\/style>\n\t<\/div>\n\n\t\n<\/div>\n<div class=\"row align-equal align-center\" style=\"max-width:100%\" id=\"row-1198517613\">\n\n\t<div id=\"col-1917613880\" class=\"col medium-10 small-12 large-10\"  >\n\t\t\t\t<div class=\"col-inner\"  >\n\t\t\t\n\t<div class=\"is-border\"\n\t\tstyle=\"border-color:rgb(30, 98, 122);border-width:5px 5px 5px 5px;\">\n\t<\/div>\n\t\t\t\n\t<div id=\"text-3757046435\" class=\"text\">\n\t\t\n<p><strong>Vad ville du bli n\u00e4r du var liten?<\/strong><br \/>Jag ville bli officer eller advokat. Men p\u00e5 n\u00e5got vis landade jag som CPO p\u00e5 SWIFT &#8230;<\/p>\n<p><strong>Hur kom det sig, kan du ber\u00e4tta lite om den resan?<\/strong><br \/>Det b\u00f6rjade med min Master of Science i Maskinteknik p\u00e5 KTH. D\u00e4rifr\u00e5n arbetade jag med att konsilidera produktionsenheter och flyttade sedan till G\u00f6teborg d\u00e4r jag jobbade som konsult och hamnade sedan i ink\u00f6psv\u00e4rlden p\u00e5 Volvo. Men det var en ren lyckotr\u00e4ff som ledde mig till Aritco n\u00e4r Tommy (f\u00f6re detta VD p\u00e5 Aritco, numera VD f\u00f6r SWIFT) erbj\u00f6d mig jobbet som ink\u00f6pschef, och titta h\u00e4r \u00e4r jag &#8211; CPO p\u00e5 SWIFT, d\u00e4r jag k\u00e4nner mig precis som hemma.<\/p>\n<p><strong>Vad gillar du mest av det du g\u00f6r p\u00e5 SWIFT?<\/strong><br \/>Det \u00e4r enkelt &#8211; att vara en del av detta fantastiska och roliga team. Vi vet hur man arbetar h\u00e5rt och samtidigt har det roligt.<\/p>\n<p><strong>V\u00e4stkusten eller \u00d6stkusten?<\/strong><br \/>Jag skulle s\u00e4ga \u00f6stkusten eftersom det \u00e4r d\u00e4r jag v\u00e4xte upp. Men efter att ha bott i G\u00f6teborg i fem \u00e5r har \u00e4ven V\u00e4stkusten en speciell plats i mitt hj\u00e4rta. Det \u00e4r sv\u00e5rt att v\u00e4lja, b\u00e5da har sina f\u00f6rdelar!<\/p>\n<p><strong>P\u00e5 land eller i vatten?<\/strong><br \/>Trots min seglingsbakgrund f\u00f6redrar jag att h\u00e5lla mig p\u00e5 fast mark.<\/p>\n<p><strong>Segelb\u00e5t eller motorb\u00e5t?<\/strong><br \/>Det \u00e4r ett sv\u00e5rt val. Den som har mest utrymme v\u00e4ljer jag!<\/p>\n<p><strong>Vad tycker du \u00e4r det viktigaste med ditt jobb p\u00e5 SWIFT?<\/strong><br \/>Det handlar om att hj\u00e4lpa teamet att fokusera p\u00e5 helheten, inte bara marginalerna. Vi \u00e4r h\u00e4r f\u00f6r att g\u00f6ra en skillnad.<\/p>\n<p><strong>Te eller kaffe?<\/strong><br \/>Helt klart kaffe. Det \u00e4r det som h\u00e5ller mig ig\u00e5ng.<\/p>\n<p><strong>Dina 3 dagliga rutiner?<\/strong><br \/>Kramar mina barn, arbetar h\u00e5rt och om jag har tur f\u00e5r jag in lite motion.<\/p>\n<p><strong>Gym eller l\u00f6ptr\u00e4ning?<\/strong><br \/>Jag v\u00e4ljer gymmet. M\u00e5ste h\u00e5lla musklerna starka.<\/p>\n<p><strong>Spela eller titta p\u00e5 fotboll?<\/strong><br \/>TItta p\u00e5. \u00d6verl\u00e5ter spelet \u00e5t proffsen.<\/p>\n<p><strong>B\u00e4sta investering hittills?<\/strong><br \/>Utan tvekan, SWIFT Home Lifts&#8230; hehe!<\/p>\n<p><strong>Som turist (och CPO), f\u00f6rhandlar du till dig en bra aff\u00e4r om du g\u00e5r p\u00e5 en marknad?<\/strong><br \/>Absolut! Jag f\u00f6rs\u00f6ker alltid att f\u00f6rb\u00e4ttra saker, eller \u00e5tminstone ge det ett f\u00f6rs\u00f6k.<\/p>\n<p><strong>S\u00e5, din b\u00e4sta r\u00e5d f\u00f6r att f\u00f6rhandla till en bra aff\u00e4r?<\/strong><br \/>S\u00e4tt dig i den andra partens st\u00e4lle och anv\u00e4nd externa faktorer till din f\u00f6rdel.<\/p>\n<p><strong>Vad \u00e4r det mest unika eller ovanliga du n\u00e5gonsin har beh\u00f6vt skaffa till ett projekt?<\/strong><br \/>Hmm&#8230; Vad s\u00e4gs om en vridknopp f\u00f6r en AHL? Eller hela logistikf\u00f6rs\u00f6rjningen f\u00f6r installationer i Stockholms v\u00e4gtunnlar. De var ganska unika.<\/p>\n<p><strong>Om du fick ge ett r\u00e5d till n\u00e5gon som b\u00f6rjar sin karri\u00e4r som ink\u00f6pschef, vad skulle det vara?<\/strong><br \/>Se till att f\u00f6rst f\u00e5 r\u00e4tt grundl\u00e4ggande data, fokusera p\u00e5 den andra personens agenda och situation och skapa en l\u00e5ngsiktig plan.<\/p>\n<p><strong>Ditt livsmotto?<\/strong><br \/>Ge aldrig upp och var alltid sann mot dig sj\u00e4lv.<\/p>\n<p><strong>Vad \u00e4r det mest v\u00e4rdefulla i ditt liv?<\/strong><br \/>Mina barn.<\/p>\n<p><strong>Ditt ultimata life hack?<\/strong><br \/>Var en bra pappa. #dadoftheyear<\/p>\n<p><strong>Vad betyder hem f\u00f6r dig?<\/strong><br \/>En plats d\u00e4r jag verkligen kan koppla av.<\/p>\n<p><strong>Vad gillar du mest med SWIFT?<\/strong><br \/>Ljudet av tystnad. SWIFT \u00e4r den tystaste hemmahissen p\u00e5 marknaden och med v\u00e5rt avancerade elektroniska system st\u00e5r vi ut i m\u00e4ngden &#8211; p\u00e5 ett positivt s\u00e4tt.<\/p>\n<p><strong>Stunder p\u00e5 jobbet n\u00e4r du k\u00e4nner dig mest stolt \u00f6ver dig sj\u00e4lv?<\/strong><br \/>N\u00e4r v\u00e5rt team f\u00f6rhandlar fram ett pris- och kvalitetsf\u00f6rh\u00e5llande som \u00e4r mycket sv\u00e5rt att matcha n\u00e5gon annanstans.<\/p>\n<p><strong>&#8221;Guilty pleasures&#8221;?<\/strong><br \/>Spelar datorspel och f\u00f6rdjupar mig i politik- och samh\u00e4llspoddar lite v\u00e4l mycket. \ud83d\ude09<\/p>\n<p><strong>Framtida dr\u00f6mmar?<\/strong><br \/>\u00c5h, jag har massor! F\u00f6rst och fr\u00e4mst, vill jag se SWIFT g\u00e5 riktigt, riktigt bra. P\u00e5 det privata planet, dr\u00f6mmer jag om att designa och bygga mitt alldeles egna hus (med en SWIFT som den sj\u00e4lvklara mittpunkten, s\u00e5klart).<\/p>\n\t\t\n<style>\n#text-3757046435 {\n  font-size: 1.5rem;\n  color: rgb(30, 98, 122);\n}\n#text-3757046435 > * {\n  color: rgb(30, 98, 122);\n}\n<\/style>\n\t<\/div>\n\t\n\t\t<\/div>\n\t\t\t\t\n<style>\n#col-1917613880 > .col-inner {\n  padding: 10px 10px 10px 10px;\n}\n@media (min-width:550px) {\n  #col-1917613880 > .col-inner {\n    padding: 50px 50px 50px 50px;\n  }\n}\n<\/style>\n\t<\/div>\n\n\t\n<\/div>\n\t\t<\/div>\n\n\t\t\n<style>\n#section_410423775 {\n  padding-top: 30px;\n  padding-bottom: 30px;\n}\n<\/style>\n\t<\/section>\n\t\n","protected":false},"excerpt":{"rendered":"","protected":false},"author":11,"featured_media":0,"parent":5486,"menu_order":0,"comment_status":"closed","ping_status":"closed","template":"page-transparent-header.php","meta":{"_acf_changed":false,"content-type":"","footnotes":""},"class_list":["post-14749","page","type-page","status-publish","hentry"],"acf":[],"yoast_head":"<!-- This site is optimized with the Yoast SEO Premium plugin v27.3 (Yoast SEO v27.4) - https:\/\/yoast.com\/product\/yoast-seo-premium-wordpress\/ -->\n<title>SWIFT Portrait - Thomas - SWIFT - 100% battery driven home lifts<\/title>\n<meta name=\"robots\" content=\"index, follow, max-snippet:-1, max-image-preview:large, max-video-preview:-1\" \/>\n<link rel=\"canonical\" href=\"https:\/\/swiftlifts.com\/sv\/swift-people\/swift-portrait-thomas\/\" \/>\n<meta property=\"og:locale\" content=\"sv_SE\" \/>\n<meta property=\"og:type\" content=\"article\" \/>\n<meta property=\"og:title\" content=\"SWIFT Portrait - Thomas\" \/>\n<meta property=\"og:url\" content=\"https:\/\/swiftlifts.com\/sv\/swift-people\/swift-portrait-thomas\/\" \/>\n<meta property=\"og:site_name\" content=\"SWIFT - 100% battery driven home lifts\" \/>\n<meta property=\"article:publisher\" content=\"https:\/\/www.facebook.com\/swifthomelifts\" \/>\n<meta property=\"article:modified_time\" content=\"2024-02-21T09:29:08+00:00\" \/>\n<meta name=\"twitter:card\" content=\"summary_large_image\" \/>\n<meta name=\"twitter:label1\" content=\"Ber\u00e4knad l\u00e4stid\" \/>\n\t<meta name=\"twitter:data1\" content=\"4 minuter\" \/>\n<script type=\"application\/ld+json\" class=\"yoast-schema-graph\">{\"@context\":\"https:\\\/\\\/schema.org\",\"@graph\":[{\"@type\":\"WebPage\",\"@id\":\"https:\\\/\\\/swiftlifts.com\\\/sv\\\/swift-people\\\/swift-portrait-thomas\\\/\",\"url\":\"https:\\\/\\\/swiftlifts.com\\\/sv\\\/swift-people\\\/swift-portrait-thomas\\\/\",\"name\":\"SWIFT Portrait - Thomas - SWIFT - 100% battery driven home lifts\",\"isPartOf\":{\"@id\":\"https:\\\/\\\/swiftlifts.com\\\/sv\\\/#website\"},\"datePublished\":\"2023-10-17T03:42:39+00:00\",\"dateModified\":\"2024-02-21T09:29:08+00:00\",\"breadcrumb\":{\"@id\":\"https:\\\/\\\/swiftlifts.com\\\/sv\\\/swift-people\\\/swift-portrait-thomas\\\/#breadcrumb\"},\"inLanguage\":\"sv-SE\",\"potentialAction\":[{\"@type\":\"ReadAction\",\"target\":[\"https:\\\/\\\/swiftlifts.com\\\/sv\\\/swift-people\\\/swift-portrait-thomas\\\/\"]}]},{\"@type\":\"BreadcrumbList\",\"@id\":\"https:\\\/\\\/swiftlifts.com\\\/sv\\\/swift-people\\\/swift-portrait-thomas\\\/#breadcrumb\",\"itemListElement\":[{\"@type\":\"ListItem\",\"position\":1,\"name\":\"Home\",\"item\":\"https:\\\/\\\/swiftlifts.com\\\/sv\\\/\"},{\"@type\":\"ListItem\",\"position\":2,\"name\":\"SWIFT People\",\"item\":\"https:\\\/\\\/swiftlifts.com\\\/sv\\\/swift-people\\\/\"},{\"@type\":\"ListItem\",\"position\":3,\"name\":\"SWIFT Portrait &#8211; Thomas\"}]},{\"@type\":\"WebSite\",\"@id\":\"https:\\\/\\\/swiftlifts.com\\\/sv\\\/#website\",\"url\":\"https:\\\/\\\/swiftlifts.com\\\/sv\\\/\",\"name\":\"SWIFT - 100% battery driven home lifts\",\"description\":\"NEW WAYS TO MOVE\",\"publisher\":{\"@id\":\"https:\\\/\\\/swiftlifts.com\\\/sv\\\/#organization\"},\"potentialAction\":[{\"@type\":\"SearchAction\",\"target\":{\"@type\":\"EntryPoint\",\"urlTemplate\":\"https:\\\/\\\/swiftlifts.com\\\/sv\\\/?s={search_term_string}\"},\"query-input\":{\"@type\":\"PropertyValueSpecification\",\"valueRequired\":true,\"valueName\":\"search_term_string\"}}],\"inLanguage\":\"sv-SE\"},{\"@type\":\"Organization\",\"@id\":\"https:\\\/\\\/swiftlifts.com\\\/sv\\\/#organization\",\"name\":\"SWIFT Home Lifts\",\"url\":\"https:\\\/\\\/swiftlifts.com\\\/sv\\\/\",\"logo\":{\"@type\":\"ImageObject\",\"inLanguage\":\"sv-SE\",\"@id\":\"https:\\\/\\\/swiftlifts.com\\\/sv\\\/#\\\/schema\\\/logo\\\/image\\\/\",\"url\":\"https:\\\/\\\/swiftlifts.com\\\/wp-content\\\/uploads\\\/2025\\\/03\\\/cropped-SWIFT-Logo-Google.jpg\",\"contentUrl\":\"https:\\\/\\\/swiftlifts.com\\\/wp-content\\\/uploads\\\/2025\\\/03\\\/cropped-SWIFT-Logo-Google.jpg\",\"width\":512,\"height\":512,\"caption\":\"SWIFT Home Lifts\"},\"image\":{\"@id\":\"https:\\\/\\\/swiftlifts.com\\\/sv\\\/#\\\/schema\\\/logo\\\/image\\\/\"},\"sameAs\":[\"https:\\\/\\\/www.facebook.com\\\/swifthomelifts\",\"https:\\\/\\\/www.instagram.com\\\/swifthomelifts\\\/\",\"https:\\\/\\\/www.linkedin.com\\\/company\\\/swifthomelifts\\\/\",\"https:\\\/\\\/www.pinterest.se\\\/swifthomelifts\\\/\",\"https:\\\/\\\/www.youtube.com\\\/@swift5669\"]}]}<\/script>\n<!-- \/ Yoast SEO Premium plugin. -->","yoast_head_json":{"title":"SWIFT Portrait - Thomas - SWIFT - 100% battery driven home lifts","robots":{"index":"index","follow":"follow","max-snippet":"max-snippet:-1","max-image-preview":"max-image-preview:large","max-video-preview":"max-video-preview:-1"},"canonical":"https:\/\/swiftlifts.com\/sv\/swift-people\/swift-portrait-thomas\/","og_locale":"sv_SE","og_type":"article","og_title":"SWIFT Portrait - Thomas","og_url":"https:\/\/swiftlifts.com\/sv\/swift-people\/swift-portrait-thomas\/","og_site_name":"SWIFT - 100% battery driven home lifts","article_publisher":"https:\/\/www.facebook.com\/swifthomelifts","article_modified_time":"2024-02-21T09:29:08+00:00","twitter_card":"summary_large_image","twitter_misc":{"Ber\u00e4knad l\u00e4stid":"4 minuter"},"schema":{"@context":"https:\/\/schema.org","@graph":[{"@type":"WebPage","@id":"https:\/\/swiftlifts.com\/sv\/swift-people\/swift-portrait-thomas\/","url":"https:\/\/swiftlifts.com\/sv\/swift-people\/swift-portrait-thomas\/","name":"SWIFT Portrait - Thomas - SWIFT - 100% battery driven home lifts","isPartOf":{"@id":"https:\/\/swiftlifts.com\/sv\/#website"},"datePublished":"2023-10-17T03:42:39+00:00","dateModified":"2024-02-21T09:29:08+00:00","breadcrumb":{"@id":"https:\/\/swiftlifts.com\/sv\/swift-people\/swift-portrait-thomas\/#breadcrumb"},"inLanguage":"sv-SE","potentialAction":[{"@type":"ReadAction","target":["https:\/\/swiftlifts.com\/sv\/swift-people\/swift-portrait-thomas\/"]}]},{"@type":"BreadcrumbList","@id":"https:\/\/swiftlifts.com\/sv\/swift-people\/swift-portrait-thomas\/#breadcrumb","itemListElement":[{"@type":"ListItem","position":1,"name":"Home","item":"https:\/\/swiftlifts.com\/sv\/"},{"@type":"ListItem","position":2,"name":"SWIFT People","item":"https:\/\/swiftlifts.com\/sv\/swift-people\/"},{"@type":"ListItem","position":3,"name":"SWIFT Portrait &#8211; Thomas"}]},{"@type":"WebSite","@id":"https:\/\/swiftlifts.com\/sv\/#website","url":"https:\/\/swiftlifts.com\/sv\/","name":"SWIFT - 100% battery driven home lifts","description":"NEW WAYS TO MOVE","publisher":{"@id":"https:\/\/swiftlifts.com\/sv\/#organization"},"potentialAction":[{"@type":"SearchAction","target":{"@type":"EntryPoint","urlTemplate":"https:\/\/swiftlifts.com\/sv\/?s={search_term_string}"},"query-input":{"@type":"PropertyValueSpecification","valueRequired":true,"valueName":"search_term_string"}}],"inLanguage":"sv-SE"},{"@type":"Organization","@id":"https:\/\/swiftlifts.com\/sv\/#organization","name":"SWIFT Home Lifts","url":"https:\/\/swiftlifts.com\/sv\/","logo":{"@type":"ImageObject","inLanguage":"sv-SE","@id":"https:\/\/swiftlifts.com\/sv\/#\/schema\/logo\/image\/","url":"https:\/\/swiftlifts.com\/wp-content\/uploads\/2025\/03\/cropped-SWIFT-Logo-Google.jpg","contentUrl":"https:\/\/swiftlifts.com\/wp-content\/uploads\/2025\/03\/cropped-SWIFT-Logo-Google.jpg","width":512,"height":512,"caption":"SWIFT Home Lifts"},"image":{"@id":"https:\/\/swiftlifts.com\/sv\/#\/schema\/logo\/image\/"},"sameAs":["https:\/\/www.facebook.com\/swifthomelifts","https:\/\/www.instagram.com\/swifthomelifts\/","https:\/\/www.linkedin.com\/company\/swifthomelifts\/","https:\/\/www.pinterest.se\/swifthomelifts\/","https:\/\/www.youtube.com\/@swift5669"]}]}},"_links":{"self":[{"href":"https:\/\/swiftlifts.com\/sv\/wp-json\/wp\/v2\/pages\/14749","targetHints":{"allow":["GET"]}}],"collection":[{"href":"https:\/\/swiftlifts.com\/sv\/wp-json\/wp\/v2\/pages"}],"about":[{"href":"https:\/\/swiftlifts.com\/sv\/wp-json\/wp\/v2\/types\/page"}],"author":[{"embeddable":true,"href":"https:\/\/swiftlifts.com\/sv\/wp-json\/wp\/v2\/users\/11"}],"replies":[{"embeddable":true,"href":"https:\/\/swiftlifts.com\/sv\/wp-json\/wp\/v2\/comments?post=14749"}],"version-history":[{"count":1,"href":"https:\/\/swiftlifts.com\/sv\/wp-json\/wp\/v2\/pages\/14749\/revisions"}],"predecessor-version":[{"id":19209,"href":"https:\/\/swiftlifts.com\/sv\/wp-json\/wp\/v2\/pages\/14749\/revisions\/19209"}],"up":[{"embeddable":true,"href":"https:\/\/swiftlifts.com\/sv\/wp-json\/wp\/v2\/pages\/5486"}],"wp:attachment":[{"href":"https:\/\/swiftlifts.com\/sv\/wp-json\/wp\/v2\/media?parent=14749"}],"curies":[{"name":"wp","href":"https:\/\/api.w.org\/{rel}","templated":true}]}}