{"id":12118,"date":"2023-05-11T07:02:37","date_gmt":"2023-05-11T07:02:37","guid":{"rendered":"https:\/\/swiftlifts.com\/swift-people\/swift-portrait-leo\/"},"modified":"2025-07-31T17:45:09","modified_gmt":"2025-07-31T17:45:09","slug":"swift-portrait-leo","status":"publish","type":"page","link":"https:\/\/swiftlifts.com\/sv\/swift-people\/swift-portrait-leo\/","title":{"rendered":"SWIFT Portrait &#8211; Leo"},"content":{"rendered":"\n\t<section class=\"section\" id=\"section_1949300989\">\n\t\t<div class=\"section-bg fill\" >\n\t\t\t\t\t\t\t\t\t\n\t\t\t\n\n\t\t<\/div>\n\n\t\t\n\n\t\t<div class=\"section-content relative\">\n\t\t\t\n<div class=\"row\"  id=\"row-1419067385\">\n\n\t<div id=\"col-2005668523\" class=\"col small-12 large-12\"  >\n\t\t\t\t<div class=\"col-inner\"  >\n\t\t\t\n\t\t\t\n\t\t<\/div>\n\t\t\t\t\t<\/div>\n\n\t\n<\/div>\n<div class=\"row align-center\" style=\"max-width:100%\" id=\"row-2137625826\">\n\n\t<div id=\"col-1014229284\" class=\"col medium-10 small-12 large-10\"  >\n\t\t\t\t<div class=\"col-inner\"  >\n\t\t\t\n\t\t\t\n\t<div id=\"text-134631996\" class=\"text\">\n\t\t\n<h1>SWIFT People<\/h1>\n\t\t\n<style>\n#text-134631996 {\n  font-size: 2.25rem;\n  line-height: 0.75;\n  color: rgb(0, 10, 54);\n}\n#text-134631996 > * {\n  color: rgb(0, 10, 54);\n}\n<\/style>\n\t<\/div>\n\t\n\t<div id=\"text-3567130371\" class=\"text\">\n\t\t\n<h2>Leo \u2013 Skapar Lyftl\u00f6sningar Med Hj\u00e4rtat<\/h2>\n<p>M\u00e5nadens portr\u00e4tt<\/p>\n\t\t\n<style>\n#text-3567130371 {\n  font-size: 1.6rem;\n  line-height: 0.75;\n}\n<\/style>\n\t<\/div>\n\t\n\t\t<\/div>\n\t\t\t\t\n<style>\n#col-1014229284 > .col-inner {\n  padding: 50px 0px 0px 0px;\n}\n<\/style>\n\t<\/div>\n\n\t\n<\/div>\n<div class=\"row align-equal align-center\" style=\"max-width:100%\" id=\"row-1720921524\">\n\n\t<div id=\"col-88348557\" class=\"col medium-5 small-12 large-5\"  >\n\t\t\t\t<div class=\"col-inner text-left\" style=\"background-color:rgb(30, 98, 122);\" >\n\t\t\t\n\t\t\t\n\t<div id=\"text-1741452800\" class=\"text swift-people-text\">\n\t\t\n<p>NAMN: <b>Leo Pihlblad<\/b><br \/>ROLL: <b>3D Artist<\/b><br \/>\u00c5LDER: <b>34<\/b><br \/>BOR: <b>Perth, Australien<\/b><\/p>\n\t\t\n<style>\n#text-1741452800 {\n  font-size: 1.5rem;\n  line-height: 1.65;\n  color: rgb(255, 255, 255);\n}\n#text-1741452800 > * {\n  color: rgb(255, 255, 255);\n}\n<\/style>\n\t<\/div>\n\t\n\t\t<\/div>\n\t\t\t\t\n<style>\n#col-88348557 > .col-inner {\n  padding: 30px 0px 0px 30px;\n  margin: 0px 0px 0px 0px;\n}\n@media (min-width:550px) {\n  #col-88348557 > .col-inner {\n    padding: 20% 0px 0px 50px;\n  }\n}\n<\/style>\n\t<\/div>\n\n\t\n\n\t<div id=\"col-136852935\" class=\"col medium-5 small-12 large-5\"  >\n\t\t\t\t<div class=\"col-inner\"  >\n\t\t\t\n\t\t\t\n\t<div class=\"img has-hover x md-x lg-x y md-y lg-y\" id=\"image_1945517876\">\n\t\t\t\t\t\t\t\t<div class=\"img-inner dark\" >\n\t\t\t<img loading=\"lazy\" decoding=\"async\" width=\"663\" height=\"800\" src=\"https:\/\/swiftlifts.com\/wp-content\/uploads\/2023\/05\/SWIFT_Leonard_Pihlblad-scaled-e1683694194301-663x800.jpg\" class=\"attachment-large size-large\" alt=\"SWIFT People Portrait of Leo Pihlblad\" srcset=\"https:\/\/swiftlifts.com\/wp-content\/uploads\/2023\/05\/SWIFT_Leonard_Pihlblad-scaled-e1683694194301-663x800.jpg 663w, https:\/\/swiftlifts.com\/wp-content\/uploads\/2023\/05\/SWIFT_Leonard_Pihlblad-scaled-e1683694194301-332x400.jpg 332w, https:\/\/swiftlifts.com\/wp-content\/uploads\/2023\/05\/SWIFT_Leonard_Pihlblad-scaled-e1683694194301-768x927.jpg 768w, https:\/\/swiftlifts.com\/wp-content\/uploads\/2023\/05\/SWIFT_Leonard_Pihlblad-scaled-e1683694194301-1273x1536.jpg 1273w, https:\/\/swiftlifts.com\/wp-content\/uploads\/2023\/05\/SWIFT_Leonard_Pihlblad-scaled-e1683694194301.jpg 1418w\" sizes=\"auto, (max-width: 663px) 100vw, 663px\" \/>\t\t\t\t\t\t\n\t\t\t\t\t<\/div>\n\t\t\t\t\t\t\t\t\n<style>\n#image_1945517876 {\n  width: 100%;\n}\n<\/style>\n\t<\/div>\n\t\n\t\t<\/div>\n\t\t\t\t\n<style>\n#col-136852935 > .col-inner {\n  margin: 0px 0px 0px 0px;\n}\n<\/style>\n\t<\/div>\n\n\t\n<\/div>\n<div class=\"row align-equal align-center\" style=\"max-width:100%\" id=\"row-1676590074\">\n\n\t<div id=\"col-1842341441\" class=\"col medium-10 small-12 large-10\"  >\n\t\t\t\t<div class=\"col-inner\"  >\n\t\t\t\n\t<div class=\"is-border\"\n\t\tstyle=\"border-color:rgb(30, 98, 122);border-width:5px 5px 5px 5px;\">\n\t<\/div>\n\t\t\t\n\t<div id=\"text-3489969400\" class=\"text\">\n\t\t\n<p><b>Vad \u00e4r ditt &#8221;happy place&#8221;?<br \/><\/b> I havet, bland v\u00e5gorna, en varm sommardag. <span class=\"ui-provider ha b c d e f g h i j k l m n o p q r s t u v w x y z ab ac ae af ag ah ai aj ak\" dir=\"ltr\">\ud83c\udf0a<\/span><\/p>\n<p><strong>Falkenberg, LA eller Perth? <br \/><\/strong>Biarritz is min favoritplats. <span class=\"ui-provider ha b c d e f g h i j k l m n o p q r s t u v w x y z ab ac ae af ag ah ai aj ak\" dir=\"ltr\">\ud83d\udc99\ud83e\udd0d\u2764\ufe0f<\/span><\/p>\n<p><strong>Stad eller strand? <br \/><\/strong>C\u00f4te de Basque \u2013 Biarritz. <span class=\"ui-provider ha b c d e f g h i j k l m n o p q r s t u v w x y z ab ac ae af ag ah ai aj ak\" dir=\"ltr\">\ud83c\udfd6<\/span><\/p>\n<p><b><strong>Digital eller analog<\/strong>?<br \/><\/b>Digital i arbetet, analog i livet. <span class=\"ui-provider ha b c d e f g h i j k l m n o p q r s t u v w x y z ab ac ae af ag ah ai aj ak\" dir=\"ltr\">\ud83d\udcbb \ud83c\udf05<\/span><\/p>\n<p><strong>Kostym eller shorts och t-shirt? <br \/>Kostym efter kl 18<\/strong>. <span class=\"ui-provider ha b c d e f g h i j k l m n o p q r s t u v w x y z ab ac ae af ag ah ai aj ak\" dir=\"ltr\">\ud83d\udd74<\/span><\/p>\n<p><strong>Vad tycker du mest om med ditt jobb p\u00e5 SWIFT?<br \/><\/strong>Det kreativa och bryta barri\u00e4rer med nya id\u00e9er. <span class=\"ui-provider ha b c d e f g h i j k l m n o p q r s t u v w x y z ab ac ae af ag ah ai aj ak\" dir=\"ltr\">\ud83d\udca1<\/span><br \/><strong><br \/>Hur kom det sig att du b\u00f6rjade g\u00f6ra animationer och renderingar?<br \/><\/strong>Det b\u00f6rjade som en hobby vid sidan av efter att jag sett andra 3D-artister. <span class=\"ui-provider ha b c d e f g h i j k l m n o p q r s t u v w x y z ab ac ae af ag ah ai aj ak\" dir=\"ltr\">\ud83e\uddd1\u200d\ud83c\udfa8<\/span><\/p>\n<p><strong>Vad kr\u00e4vs f\u00f6r att g\u00f6ra ditt jobb?<br \/><\/strong>Visuell kommunikation, kunskap om arkitektur och design, 3D-skapande and grafik, ljuss\u00e4ttning och hur material beter sig. Video-redigering och fotografi. Och sist men inte minst, kreativitet och ett gott \u00f6ga. <span class=\"ui-provider ha b c d e f g h i j k l m n o p q r s t u v w x y z ab ac ae af ag ah ai aj ak\" dir=\"ltr\">\ud83d\udcf7<\/span><\/p>\n<p><strong>Tips fr\u00e5n coachen till n\u00e5gon som dr\u00f6mmer att jobba med det du g\u00f6r?<br \/><\/strong>Trial and error och m\u00e5nga instruktionsfilmer p\u00e5 YouTube. <span class=\"ui-provider ha b c d e f g h i j k l m n o p q r s t u v w x y z ab ac ae af ag ah ai aj ak\" dir=\"ltr\">\u25b6\ufe0f\u25c0\ufe0f<\/span><strong><br \/><\/strong><\/p>\n<p><strong>Vad betyder hemma f\u00f6r dig?<br \/><\/strong>D\u00e4r vi \u00e4r tillsammans. <span class=\"ui-provider ha b c d e f g h i j k l m n o p q r s t u v w x y z ab ac ae af ag ah ai aj ak\" dir=\"ltr\">\ud83e\udd32\ud83c\udffc<\/span><\/p>\n<p><strong>Vad gillar du mest med SWIFTs hemmahiss?<br \/><\/strong>Det faktum att du p\u00e5 olika s\u00e4tt kan v\u00e4lja att personalisera din hiss s\u00e5 att den passar in i ditt hem. <span class=\"ui-provider ha b c d e f g h i j k l m n o p q r s t u v w x y z ab ac ae af ag ah ai aj ak\" dir=\"ltr\">\ud83c\udfd8<\/span><\/p>\n<p><strong>Arkitektur som du gillar mest? <br \/><\/strong>Modern, klassisk arkitektur. <span class=\"ui-provider ha b c d e f g h i j k l m n o p q r s t u v w x y z ab ac ae af ag ah ai aj ak\" dir=\"ltr\">\ud83c\udfdb<\/span><\/p>\n<p><strong>Hur ser en vanlig arbetsdag ut f\u00f6r dig?<br \/><\/strong>En vanlig jobbdag b\u00f6rjar ganska tidigt. Jag kollar min to-do-lista och jobbar vanligen ett par timmar f\u00f6r att sedan ta en pause. Sedan forts\u00e4tter jag att jobba p\u00e5 eftermiddagen igen n\u00e4r kontoret i Sverige vaknat vid liv s\u00e5 att jag \u00e4r n\u00e5bar. <span class=\"ui-provider ha b c d e f g h i j k l m n o p q r s t u v w x y z ab ac ae af ag ah ai aj ak\" dir=\"ltr\">\ud83d\udcdd<\/span><\/p>\n<p><strong>Dina 3 dagliga rutiner? <br \/><\/strong>Stretcha, tr\u00e4na, and irritera min flickv\u00e4n. <span class=\"ui-provider ha b c d e f g h i j k l m n o p q r s t u v w x y z ab ac ae af ag ah ai aj ak\" dir=\"ltr\">\ud83d\ude46<\/span><\/p>\n<p><strong>Vad tycker du \u00e4r det viktigaste med ditt jobb p\u00e5 SWIFT?<br \/><\/strong>Att s\u00e4kra s\u00e5 att SWIFTs produkter.varum\u00e4rke och f\u00f6retag h\u00e5ller kvalitet och designh\u00f6jd. <span class=\"ui-provider ha b c d e f g h i j k l m n o p q r s t u v w x y z ab ac ae af ag ah ai aj ak\" dir=\"ltr\">\ud83d\udc4c\ud83c\udffd<\/span><\/p>\n<p><strong>Dina &#8221;guilty pleasures&#8221;?<br \/><\/strong>Svenskt godis utomlands. <span class=\"ui-provider ha b c d e f g h i j k l m n o p q r s t u v w x y z ab ac ae af ag ah ai aj ak\" dir=\"ltr\">\ud83c\udf6c<\/span><\/p>\n<p><strong>Ditt b\u00e4sta resetips?<br \/><\/strong>F\u00f6lj inte flocken och planera inte s\u00f6nder alla dagar. Det roligaste brukar h\u00e4nda i det spontana.<\/p>\n<p><strong>Vad st\u00e5r p\u00e5 din &#8221;bucket list?<br \/><\/strong>Base jump fr\u00e5n ett berg. <span class=\"ui-provider ha b c d e f g h i j k l m n o p q r s t u v w x y z ab ac ae af ag ah ai aj ak\" dir=\"ltr\">\ud83e\ude82<\/span><\/p>\n<p><strong>Ditt motto?<br \/><\/strong>Den som har flest erfarenheter n\u00e4r hen d\u00f6r, vinner.<span class=\"ui-provider ha b c d e f g h i j k l m n o p q r s t u v w x y z ab ac ae af ag ah ai aj ak\" dir=\"ltr\">\ud83c\udfc6<\/span><\/p>\n<p><strong>Vilket \u00e4r ditt favorits\u00e4tt att r\u00f6ra p\u00e5 dig, f\u00f6rutom att \u00e5ka i en villahiss?<br \/><\/strong>Upp och ner f\u00f6r en v\u00e5g. a <span class=\"ui-provider ha b c d e f g h i j k l m n o p q r s t u v w x y z ab ac ae af ag ah ai aj ak\" dir=\"ltr\">\ud83c\udfc4\u200d\u2642\ufe0f<\/span><\/p>\n\t\t\n<style>\n#text-3489969400 {\n  font-size: 1.5rem;\n  color: rgb(30, 98, 122);\n}\n#text-3489969400 > * {\n  color: rgb(30, 98, 122);\n}\n<\/style>\n\t<\/div>\n\t\n\t\t<\/div>\n\t\t\t\t\n<style>\n#col-1842341441 > .col-inner {\n  padding: 10px 10px 10px 10px;\n}\n@media (min-width:550px) {\n  #col-1842341441 > .col-inner {\n    padding: 50px 50px 50px 50px;\n  }\n}\n<\/style>\n\t<\/div>\n\n\t\n<\/div>\n\t\t<\/div>\n\n\t\t\n<style>\n#section_1949300989 {\n  padding-top: 30px;\n  padding-bottom: 30px;\n}\n<\/style>\n\t<\/section>\n\t\n","protected":false},"excerpt":{"rendered":"","protected":false},"author":11,"featured_media":0,"parent":5486,"menu_order":0,"comment_status":"closed","ping_status":"closed","template":"page-transparent-header.php","meta":{"_acf_changed":false,"content-type":"","footnotes":""},"class_list":["post-12118","page","type-page","status-publish","hentry"],"acf":[],"yoast_head":"<!-- This site is optimized with the Yoast SEO Premium plugin v27.3 (Yoast SEO v27.3) - https:\/\/yoast.com\/product\/yoast-seo-premium-wordpress\/ -->\n<title>SWIFT Portrait - Leo - SWIFT - 100% battery driven home lifts<\/title>\n<meta name=\"robots\" content=\"index, follow, max-snippet:-1, max-image-preview:large, max-video-preview:-1\" \/>\n<link rel=\"canonical\" href=\"https:\/\/swiftlifts.com\/sv\/swift-people\/swift-portrait-leo\/\" \/>\n<meta property=\"og:locale\" content=\"sv_SE\" \/>\n<meta property=\"og:type\" content=\"article\" \/>\n<meta property=\"og:title\" content=\"SWIFT Portrait - Leo\" \/>\n<meta property=\"og:url\" content=\"https:\/\/swiftlifts.com\/sv\/swift-people\/swift-portrait-leo\/\" \/>\n<meta property=\"og:site_name\" content=\"SWIFT - 100% battery driven home lifts\" \/>\n<meta property=\"article:publisher\" content=\"https:\/\/www.facebook.com\/swifthomelifts\" \/>\n<meta property=\"article:modified_time\" content=\"2025-07-31T17:45:09+00:00\" \/>\n<meta name=\"twitter:card\" content=\"summary_large_image\" \/>\n<meta name=\"twitter:label1\" content=\"Ber\u00e4knad l\u00e4stid\" \/>\n\t<meta name=\"twitter:data1\" content=\"3 minuter\" \/>\n<script type=\"application\/ld+json\" class=\"yoast-schema-graph\">{\"@context\":\"https:\\\/\\\/schema.org\",\"@graph\":[{\"@type\":\"WebPage\",\"@id\":\"https:\\\/\\\/swiftlifts.com\\\/sv\\\/swift-people\\\/swift-portrait-leo\\\/\",\"url\":\"https:\\\/\\\/swiftlifts.com\\\/sv\\\/swift-people\\\/swift-portrait-leo\\\/\",\"name\":\"SWIFT Portrait - Leo - SWIFT - 100% battery driven home lifts\",\"isPartOf\":{\"@id\":\"https:\\\/\\\/swiftlifts.com\\\/sv\\\/#website\"},\"datePublished\":\"2023-05-11T07:02:37+00:00\",\"dateModified\":\"2025-07-31T17:45:09+00:00\",\"breadcrumb\":{\"@id\":\"https:\\\/\\\/swiftlifts.com\\\/sv\\\/swift-people\\\/swift-portrait-leo\\\/#breadcrumb\"},\"inLanguage\":\"sv-SE\",\"potentialAction\":[{\"@type\":\"ReadAction\",\"target\":[\"https:\\\/\\\/swiftlifts.com\\\/sv\\\/swift-people\\\/swift-portrait-leo\\\/\"]}]},{\"@type\":\"BreadcrumbList\",\"@id\":\"https:\\\/\\\/swiftlifts.com\\\/sv\\\/swift-people\\\/swift-portrait-leo\\\/#breadcrumb\",\"itemListElement\":[{\"@type\":\"ListItem\",\"position\":1,\"name\":\"Home\",\"item\":\"https:\\\/\\\/swiftlifts.com\\\/sv\\\/\"},{\"@type\":\"ListItem\",\"position\":2,\"name\":\"SWIFT People\",\"item\":\"https:\\\/\\\/swiftlifts.com\\\/sv\\\/swift-people\\\/\"},{\"@type\":\"ListItem\",\"position\":3,\"name\":\"SWIFT Portrait &#8211; Leo\"}]},{\"@type\":\"WebSite\",\"@id\":\"https:\\\/\\\/swiftlifts.com\\\/sv\\\/#website\",\"url\":\"https:\\\/\\\/swiftlifts.com\\\/sv\\\/\",\"name\":\"SWIFT - 100% battery driven home lifts\",\"description\":\"NEW WAYS TO MOVE\",\"publisher\":{\"@id\":\"https:\\\/\\\/swiftlifts.com\\\/sv\\\/#organization\"},\"potentialAction\":[{\"@type\":\"SearchAction\",\"target\":{\"@type\":\"EntryPoint\",\"urlTemplate\":\"https:\\\/\\\/swiftlifts.com\\\/sv\\\/?s={search_term_string}\"},\"query-input\":{\"@type\":\"PropertyValueSpecification\",\"valueRequired\":true,\"valueName\":\"search_term_string\"}}],\"inLanguage\":\"sv-SE\"},{\"@type\":\"Organization\",\"@id\":\"https:\\\/\\\/swiftlifts.com\\\/sv\\\/#organization\",\"name\":\"SWIFT Home Lifts\",\"url\":\"https:\\\/\\\/swiftlifts.com\\\/sv\\\/\",\"logo\":{\"@type\":\"ImageObject\",\"inLanguage\":\"sv-SE\",\"@id\":\"https:\\\/\\\/swiftlifts.com\\\/sv\\\/#\\\/schema\\\/logo\\\/image\\\/\",\"url\":\"https:\\\/\\\/swiftlifts.com\\\/wp-content\\\/uploads\\\/2025\\\/03\\\/cropped-SWIFT-Logo-Google.jpg\",\"contentUrl\":\"https:\\\/\\\/swiftlifts.com\\\/wp-content\\\/uploads\\\/2025\\\/03\\\/cropped-SWIFT-Logo-Google.jpg\",\"width\":512,\"height\":512,\"caption\":\"SWIFT Home Lifts\"},\"image\":{\"@id\":\"https:\\\/\\\/swiftlifts.com\\\/sv\\\/#\\\/schema\\\/logo\\\/image\\\/\"},\"sameAs\":[\"https:\\\/\\\/www.facebook.com\\\/swifthomelifts\",\"https:\\\/\\\/www.instagram.com\\\/swifthomelifts\\\/\",\"https:\\\/\\\/www.linkedin.com\\\/company\\\/swifthomelifts\\\/\",\"https:\\\/\\\/www.pinterest.se\\\/swifthomelifts\\\/\",\"https:\\\/\\\/www.youtube.com\\\/@swift5669\"]}]}<\/script>\n<!-- \/ Yoast SEO Premium plugin. -->","yoast_head_json":{"title":"SWIFT Portrait - Leo - SWIFT - 100% battery driven home lifts","robots":{"index":"index","follow":"follow","max-snippet":"max-snippet:-1","max-image-preview":"max-image-preview:large","max-video-preview":"max-video-preview:-1"},"canonical":"https:\/\/swiftlifts.com\/sv\/swift-people\/swift-portrait-leo\/","og_locale":"sv_SE","og_type":"article","og_title":"SWIFT Portrait - Leo","og_url":"https:\/\/swiftlifts.com\/sv\/swift-people\/swift-portrait-leo\/","og_site_name":"SWIFT - 100% battery driven home lifts","article_publisher":"https:\/\/www.facebook.com\/swifthomelifts","article_modified_time":"2025-07-31T17:45:09+00:00","twitter_card":"summary_large_image","twitter_misc":{"Ber\u00e4knad l\u00e4stid":"3 minuter"},"schema":{"@context":"https:\/\/schema.org","@graph":[{"@type":"WebPage","@id":"https:\/\/swiftlifts.com\/sv\/swift-people\/swift-portrait-leo\/","url":"https:\/\/swiftlifts.com\/sv\/swift-people\/swift-portrait-leo\/","name":"SWIFT Portrait - Leo - SWIFT - 100% battery driven home lifts","isPartOf":{"@id":"https:\/\/swiftlifts.com\/sv\/#website"},"datePublished":"2023-05-11T07:02:37+00:00","dateModified":"2025-07-31T17:45:09+00:00","breadcrumb":{"@id":"https:\/\/swiftlifts.com\/sv\/swift-people\/swift-portrait-leo\/#breadcrumb"},"inLanguage":"sv-SE","potentialAction":[{"@type":"ReadAction","target":["https:\/\/swiftlifts.com\/sv\/swift-people\/swift-portrait-leo\/"]}]},{"@type":"BreadcrumbList","@id":"https:\/\/swiftlifts.com\/sv\/swift-people\/swift-portrait-leo\/#breadcrumb","itemListElement":[{"@type":"ListItem","position":1,"name":"Home","item":"https:\/\/swiftlifts.com\/sv\/"},{"@type":"ListItem","position":2,"name":"SWIFT People","item":"https:\/\/swiftlifts.com\/sv\/swift-people\/"},{"@type":"ListItem","position":3,"name":"SWIFT Portrait &#8211; Leo"}]},{"@type":"WebSite","@id":"https:\/\/swiftlifts.com\/sv\/#website","url":"https:\/\/swiftlifts.com\/sv\/","name":"SWIFT - 100% battery driven home lifts","description":"NEW WAYS TO MOVE","publisher":{"@id":"https:\/\/swiftlifts.com\/sv\/#organization"},"potentialAction":[{"@type":"SearchAction","target":{"@type":"EntryPoint","urlTemplate":"https:\/\/swiftlifts.com\/sv\/?s={search_term_string}"},"query-input":{"@type":"PropertyValueSpecification","valueRequired":true,"valueName":"search_term_string"}}],"inLanguage":"sv-SE"},{"@type":"Organization","@id":"https:\/\/swiftlifts.com\/sv\/#organization","name":"SWIFT Home Lifts","url":"https:\/\/swiftlifts.com\/sv\/","logo":{"@type":"ImageObject","inLanguage":"sv-SE","@id":"https:\/\/swiftlifts.com\/sv\/#\/schema\/logo\/image\/","url":"https:\/\/swiftlifts.com\/wp-content\/uploads\/2025\/03\/cropped-SWIFT-Logo-Google.jpg","contentUrl":"https:\/\/swiftlifts.com\/wp-content\/uploads\/2025\/03\/cropped-SWIFT-Logo-Google.jpg","width":512,"height":512,"caption":"SWIFT Home Lifts"},"image":{"@id":"https:\/\/swiftlifts.com\/sv\/#\/schema\/logo\/image\/"},"sameAs":["https:\/\/www.facebook.com\/swifthomelifts","https:\/\/www.instagram.com\/swifthomelifts\/","https:\/\/www.linkedin.com\/company\/swifthomelifts\/","https:\/\/www.pinterest.se\/swifthomelifts\/","https:\/\/www.youtube.com\/@swift5669"]}]}},"_links":{"self":[{"href":"https:\/\/swiftlifts.com\/sv\/wp-json\/wp\/v2\/pages\/12118","targetHints":{"allow":["GET"]}}],"collection":[{"href":"https:\/\/swiftlifts.com\/sv\/wp-json\/wp\/v2\/pages"}],"about":[{"href":"https:\/\/swiftlifts.com\/sv\/wp-json\/wp\/v2\/types\/page"}],"author":[{"embeddable":true,"href":"https:\/\/swiftlifts.com\/sv\/wp-json\/wp\/v2\/users\/11"}],"replies":[{"embeddable":true,"href":"https:\/\/swiftlifts.com\/sv\/wp-json\/wp\/v2\/comments?post=12118"}],"version-history":[{"count":3,"href":"https:\/\/swiftlifts.com\/sv\/wp-json\/wp\/v2\/pages\/12118\/revisions"}],"predecessor-version":[{"id":51182,"href":"https:\/\/swiftlifts.com\/sv\/wp-json\/wp\/v2\/pages\/12118\/revisions\/51182"}],"up":[{"embeddable":true,"href":"https:\/\/swiftlifts.com\/sv\/wp-json\/wp\/v2\/pages\/5486"}],"wp:attachment":[{"href":"https:\/\/swiftlifts.com\/sv\/wp-json\/wp\/v2\/media?parent=12118"}],"curies":[{"name":"wp","href":"https:\/\/api.w.org\/{rel}","templated":true}]}}