{"id":12074,"date":"2023-05-10T01:23:15","date_gmt":"2023-05-10T01:23:15","guid":{"rendered":"https:\/\/swiftlifts.com\/swift-people\/swift-portrait-mahmud\/"},"modified":"2026-02-20T10:11:56","modified_gmt":"2026-02-20T10:11:56","slug":"swift-portrait-mahmud","status":"publish","type":"page","link":"https:\/\/swiftlifts.com\/sv\/swift-people\/swift-portrait-mahmud\/","title":{"rendered":"SWIFT Portrait &#8211; Mahmud"},"content":{"rendered":"\n\t<section class=\"section\" id=\"section_28124053\">\n\t\t<div class=\"section-bg fill\" >\n\t\t\t\t\t\t\t\t\t\n\t\t\t\n\n\t\t<\/div>\n\n\t\t\n\n\t\t<div class=\"section-content relative\">\n\t\t\t\n<div class=\"row\"  id=\"row-1949656743\">\n\n\t<div id=\"col-968860401\" class=\"col small-12 large-12\"  >\n\t\t\t\t<div class=\"col-inner\"  >\n\t\t\t\n\t\t\t\n\t\t<\/div>\n\t\t\t\t\t<\/div>\n\n\t\n<\/div>\n<div class=\"row align-center\" style=\"max-width:100%\" id=\"row-1049251152\">\n\n\t<div id=\"col-490813975\" class=\"col medium-10 small-12 large-10\"  >\n\t\t\t\t<div class=\"col-inner\"  >\n\t\t\t\n\t\t\t\n\t<div id=\"text-2434928090\" class=\"text\">\n\t\t\n<h1>SWIFT People<\/h1>\n\t\t\n<style>\n#text-2434928090 {\n  font-size: 2.25rem;\n  line-height: 0.75;\n  color: rgb(0, 10, 54);\n}\n#text-2434928090 > * {\n  color: rgb(0, 10, 54);\n}\n<\/style>\n\t<\/div>\n\t\n\t<div id=\"text-2789957005\" class=\"text\">\n\t\t\n<h2>Mahmud \u2013 Drivkraften Bakom Innovation<\/h2>\n<p>M\u00e5nadens portr\u00e4tt<\/p>\n\t\t\n<style>\n#text-2789957005 {\n  font-size: 1.6rem;\n  line-height: 0.75;\n}\n<\/style>\n\t<\/div>\n\t\n\t\t<\/div>\n\t\t\t\t\n<style>\n#col-490813975 > .col-inner {\n  margin: 50px 0px 0px 0px;\n}\n<\/style>\n\t<\/div>\n\n\t\n<\/div>\n<div class=\"row align-equal align-center\" style=\"max-width:100%\" id=\"row-122849042\">\n\n\t<div id=\"col-868599096\" class=\"col medium-5 small-12 large-5\"  >\n\t\t\t\t<div class=\"col-inner text-left\" style=\"background-color:rgb(0, 10, 54);\" >\n\t\t\t\n\t\t\t\n\t<div id=\"text-3892472670\" class=\"text swift-people-text\">\n\t\t\n<p>NAMN: <b>Mahmud Ababakr<\/b><br \/>\nROLL: <b>Sales Manager MEA<\/b><br \/>\n\u00c5LDER: <b>48<\/b><br \/>\nBOR: <b>Stockholm<\/b><\/p>\n\t\t\n<style>\n#text-3892472670 {\n  font-size: 1.5rem;\n  line-height: 1.65;\n  color: rgb(250, 245, 242);\n}\n#text-3892472670 > * {\n  color: rgb(250, 245, 242);\n}\n<\/style>\n\t<\/div>\n\t\n\t\t<\/div>\n\t\t\t\t\n<style>\n#col-868599096 > .col-inner {\n  padding: 20% 0px 0px 50px;\n  margin: 0px 0px 0px 0px;\n}\n<\/style>\n\t<\/div>\n\n\t\n\n\t<div id=\"col-2022661767\" class=\"col medium-5 small-12 large-5\"  >\n\t\t\t\t<div class=\"col-inner\"  >\n\t\t\t\n\t\t\t\n\t<div class=\"img has-hover x md-x lg-x y md-y lg-y\" id=\"image_324635942\">\n\t\t\t\t\t\t\t\t<div class=\"img-inner dark\" >\n\t\t\t<img loading=\"lazy\" decoding=\"async\" width=\"1000\" height=\"673\" src=\"https:\/\/swiftlifts.com\/wp-content\/uploads\/2022\/12\/mahmud.jpg\" class=\"attachment-large size-large\" alt=\"mahmud\" srcset=\"https:\/\/swiftlifts.com\/wp-content\/uploads\/2022\/12\/mahmud.jpg 1000w, https:\/\/swiftlifts.com\/wp-content\/uploads\/2022\/12\/mahmud-594x400.jpg 594w, https:\/\/swiftlifts.com\/wp-content\/uploads\/2022\/12\/mahmud-768x517.jpg 768w\" sizes=\"auto, (max-width: 1000px) 100vw, 1000px\" \/>\t\t\t\t\t\t\n\t\t\t\t\t<\/div>\n\t\t\t\t\t\t\t\t\n<style>\n#image_324635942 {\n  width: 100%;\n}\n<\/style>\n\t<\/div>\n\t\n\t\t<\/div>\n\t\t\t\t\n<style>\n#col-2022661767 > .col-inner {\n  margin: 0px 0px 0px 0px;\n}\n<\/style>\n\t<\/div>\n\n\t\n<\/div>\n<div class=\"row align-equal align-center\" style=\"max-width:100%\" id=\"row-283398953\">\n\n\t<div id=\"col-1564460116\" class=\"col medium-10 small-12 large-10\"  >\n\t\t\t\t<div class=\"col-inner\"  >\n\t\t\t\n\t<div class=\"is-border\"\n\t\tstyle=\"border-color:rgb(30, 98, 122);border-width:5px 5px 5px 5px;\">\n\t<\/div>\n\t\t\t\n\t<div id=\"text-2820411798\" class=\"text\">\n\t\t\n<p><b>Var v\u00e4xte du upp? <\/b><br \/>\n&#8211; Jag v\u00e4xte upp i en stad p\u00e5 \u00f6stra sidan av Sudan, n\u00e4ra R\u00f6da Havet. Det \u00e4r ett viktigt omr\u00e5de i Afrika p\u00e5 grund av dess plantager med vete och vitaktiga sesamfr\u00f6n.<\/p>\n<p><b>Vad ville du bli n\u00e4r du var liten?<\/b><br \/>\n&#8211; Min dr\u00f6m var att bli ingenj\u00f6r och jobba med elektronik.<\/p>\n<p><b>N\u00e4r kom du till Sverige och vad \u00e4r det som gjort dig glad h\u00e4r?<\/b><br \/>\n&#8211; Jag kom hit till Sverige, fr\u00e5n Sudan, i September 1992. &#8211; Jag kom hit med min bror. N\u00e4r jag kom till Sverige var mitt fr\u00e4msta m\u00e5l att l\u00e4ra mig spr\u00e5ket, att vara \u00f6ppen och l\u00e4ra k\u00e4nna nya m\u00e4nniskor.<\/p>\n<p><b>Har du n\u00e5got r\u00e5d till andra som flyttar till ett nytt land?<\/b><br \/>\n&#8211; Jag skulle s\u00e4ga att l\u00e4ra sig spr\u00e5ket och l\u00e4ra k\u00e4nna kulturen i det nya landet. Det \u00e4r det viktigaste.<\/p>\n<p><b>Hur lyckades du uppfylla din dr\u00f6m om att bli en ingenj\u00f6r? <\/b><br \/>\n&#8211; Jag pluggade electrical engineering med fokus p\u00e5 elektronisk design p\u00e5 KTH \u2013 Kungliga Tekniska H\u00f6gskolan &#8211; i Stockholm. Under min studietid s\u00e5 provade jag p\u00e5 flera olika deltidsjobb s\u00e5som att reparera (dator)h\u00e5rdvara, tunnelbanet\u00e5gstekniker och s\u00e5 vidare. Efter att tagit examen 2004 s\u00e5 b\u00f6rjade p\u00e5 hissf\u00f6retaget Aritco. Jag hade det roligt, och jag b\u00f6rjade med att jobba som tekniker f\u00f6r att st\u00f6tta produktionen. Efter ett tag, n\u00e4r jag k\u00e4nde till produkten v\u00e4l, s\u00e5 flyttade jag till Storbrittanien d\u00e4r jag jobbade som teknisk ingenj\u00f6r och hj\u00e4lpte till med att l\u00f6sa olika slags problem bland kundhissar.<\/p>\n<p>Kombinationen i att jag hade bra k\u00e4nnedom om produkten och kunde arabiska to mig till att jobba med f\u00f6rs\u00e4ljning, fr\u00e4mst i Mellan\u00f6stern och Afrika. Steg f\u00f6r steg b\u00f6rjade jag bygga upp mitt n\u00e4tverk med f\u00f6rs\u00e4ljningspartner i regionen.<\/p>\n<p>2021, efter 20 \u00e5r i hissbranschen, s\u00e5 best\u00e4mde jag mig f\u00f6r att g\u00e5 vidare till start-upen SWIFT.<\/p>\n<p><b>En sak som du inte kan vara utan p\u00e5 jobbet?<\/b><br \/>\n&#8211; Min positiva inst\u00e4llning! Varje dag = nya m\u00f6jligheter.<\/p>\n<p><b>Vad betyder hem f\u00f6r dig?<\/b><br \/>\n&#8211; Hemma f\u00f6r mig \u00e4r en tyst, avslappnad och bekv\u00e4m plats.<\/p>\n<p><b>Hur l\u00e5ter din &#8221;elevator pitch&#8221; f\u00f6r att s\u00e4lja in en SWIFT Pro hemmahiss?<\/b><br \/>\n&#8211; Framtiden \u00e4r h\u00e4r. Nu kan du r\u00f6ra dig fritt och bekv\u00e4mt mellan v\u00e5ningarna i ditt hem. SWIFT \u00e4r &#8221;next level living&#8221;. I j\u00e4mf\u00f6relse med andra varum\u00e4rken \u00e4r SWIFT den mest moderna, innovativa och tystaste hemmahissen.<\/p>\n<p><b>Vad tycker du \u00e4r det absolut roligaste med att jobba p\u00e5 SWIFT?<\/b><br \/>\n&#8211; Jag tycker om att jobba tillsammans med mina kollegor och partners som har l\u00e5ng erfarenhet och \u00e4r duktiga p\u00e5 vad de g\u00f6r. Jag gillar att g\u00f6ra livet lite enklare f\u00f6r alla de jag jobbar med.<\/p>\n<p><b>VIlka marknader jobbar du med? <\/b><br \/>\n&#8211; Jag \u00e4r ansvarig f\u00f6r alla l\u00e4nder i Mellan\u00f6stern. N\u00e4st p\u00e5 tur \u00e4r Afrika och d\u00e4refter kommer fler regioner.<\/p>\n<p><b>Hur ser en vanlig arbetsdag ut f\u00f6r dig?<\/b><br \/>\n&#8211; Jag \u00e4r en &#8221;early bird&#8221;, s\u00e5 jag brukar vakna runt kl 6. Det viktigaste \u00e4r min f\u00f6rsta kopp med kaffe. Kaffe g\u00f6r mig redo f\u00f6r att ta tag i dagen. Sedan kollar jag min mail, teamsmeddelanden, pratar med mina kollegor och f\u00f6ljer upp med v\u00e5ra partners. Om jag inte \u00e4r ute och reser s\u00e5 tar jag mina d\u00f6ttrar till fotbollstr\u00e4ningen, simning och andra aktiviteter efter skolan. Och om jag har m\u00f6jlighet s\u00e5 f\u00f6rs\u00f6ker jag f\u00e5 till tr\u00e4ning f\u00f6r egen del och jag f\u00f6rs\u00f6ker att ta en promenad minst tre g\u00e5nger per vecka. Vanligtvis brukar jag g\u00e5 att l\u00e4gga mig tidigt f\u00f6r att f\u00e5 tillr\u00e4ckligt med s\u00f6mn och energi f\u00f6r n\u00e4sta dag!<\/p>\n<p><b>Hur blir man en &#8221;King of sales&#8221; \u2013 vad \u00e4r ditt tips?<\/b><br \/>\n&#8211; F\u00f6r att jobba med olika marknader och partners utomlands beh\u00f6ver du beh\u00e4rska spr\u00e5ket och f\u00f6rst\u00e5 kulturen. Det \u00e4r viktigt. Generellt skulle jag s\u00e4ga att det handlar om att finnas d\u00e4r n\u00e4r de beh\u00f6ver dig, att f\u00f6rst\u00e5 deras behov, underl\u00e4tta, att snabbt hj\u00e4lpa till och f\u00f6lja upp.<\/p>\n<p><b>Vad gillar du mest med SWIFTs hemmahissar? <\/b><br \/>\n&#8211; Som s\u00e4ljare vill man ha f\u00f6rtroende f\u00f6r produkten man s\u00e4ljer. Jag vet att SWIFT \u00e4r det senaste inom hemmahiss-v\u00e4rlden. Det \u00e4r vad jag gillar mest!<\/p>\n<p><b>Vilket SWIFT projekt \u00e4r du mest stolt \u00f6ver (hittills)?<\/b><br \/>\n&#8211; Det absolut f\u00f6rsta projektet vi gjorde i Saudi Arabien &#8211; en SWIFT Lite. Partnern var glad och snabb p\u00e5 att visa upp den f\u00f6r b\u00e5de familj, v\u00e4nner och kunder. Det gjorde mig v\u00e4ldigt stolt.<\/p>\n<p><b>Om du tittar p\u00e5 vad du gjort hitills, vad \u00e4r du mest n\u00f6jd med?<\/b><br \/>\n&#8211; Jag \u00e4r stolt \u00f6ver det n\u00e4tverk av dedikerade och engagerade partners som jag byggt upp under min karri\u00e4r. Ett \u00f6msesidigt f\u00f6rtroende helt enkelt. Det sker inte \u00f6ver en natt.<\/p>\n<p><b>Vilka \u00e4r dina guilty pleasures?<\/b><br \/>\n&#8211; Godis och dessert efter middagen.<\/p>\n<p><b>Ditt b\u00e4sta resetips?<\/b><br \/>\n&#8211; Mellan\u00f6stern i stort. Jag k\u00e4nner mig alltid s\u00e4ker n\u00e4r jag reser d\u00e4r. V\u00e4dret \u00e4r bra (om man gillar v\u00e4rme \ud83d\ude09) och m\u00e4nniskorna \u00e4r v\u00e4ldigt v\u00e4lkomnande.<\/p>\n<p><b>Favoritplats p\u00e5 jorden?<\/b><br \/>\n&#8211; Cypern \u00e4r fantastiskt. P\u00e5 Cypern kan jag slappna av och hitta ny energi.<\/p>\n<p><b>Framtida dr\u00f6mmar? <\/b><br \/>\n&#8211; Att forts\u00e4tta utvecklas och utveckla och det jag g\u00f6r&#8230;<\/p>\n\t\t\n<style>\n#text-2820411798 {\n  font-size: 1.5rem;\n  color: rgb(30, 98, 122);\n}\n#text-2820411798 > * {\n  color: rgb(30, 98, 122);\n}\n<\/style>\n\t<\/div>\n\t\n\t\t<\/div>\n\t\t\t\t\n<style>\n#col-1564460116 > .col-inner {\n  padding: 10px 10px 10px 10px;\n}\n@media (min-width:550px) {\n  #col-1564460116 > .col-inner {\n    padding: 50px 50px 50px 50px;\n  }\n}\n<\/style>\n\t<\/div>\n\n\t\n<\/div>\n\t\t<\/div>\n\n\t\t\n<style>\n#section_28124053 {\n  padding-top: 30px;\n  padding-bottom: 30px;\n}\n<\/style>\n\t<\/section>\n\t\n","protected":false},"excerpt":{"rendered":"","protected":false},"author":7,"featured_media":0,"parent":5486,"menu_order":0,"comment_status":"closed","ping_status":"closed","template":"page-transparent-header.php","meta":{"_acf_changed":false,"content-type":"","footnotes":""},"class_list":["post-12074","page","type-page","status-publish","hentry"],"acf":[],"yoast_head":"<!-- This site is optimized with the Yoast SEO Premium plugin v27.3 (Yoast SEO v27.3) - https:\/\/yoast.com\/product\/yoast-seo-premium-wordpress\/ -->\n<title>Villahiss Team \u2013 Portr\u00e4tt av Mahmud p\u00e5 Swift<\/title>\n<meta name=\"robots\" content=\"index, follow, max-snippet:-1, max-image-preview:large, max-video-preview:-1\" \/>\n<link rel=\"canonical\" href=\"https:\/\/swiftlifts.com\/sv\/swift-people\/swift-portrait-mahmud\/\" \/>\n<meta property=\"og:locale\" content=\"sv_SE\" \/>\n<meta property=\"og:type\" content=\"article\" \/>\n<meta property=\"og:title\" content=\"SWIFT Portrait - Mahmud\" \/>\n<meta property=\"og:url\" content=\"https:\/\/swiftlifts.com\/sv\/swift-people\/swift-portrait-mahmud\/\" \/>\n<meta property=\"og:site_name\" content=\"SWIFT - 100% battery driven home lifts\" \/>\n<meta property=\"article:publisher\" content=\"https:\/\/www.facebook.com\/swifthomelifts\" \/>\n<meta property=\"article:modified_time\" content=\"2026-02-20T10:11:56+00:00\" \/>\n<meta name=\"twitter:card\" content=\"summary_large_image\" \/>\n<meta name=\"twitter:label1\" content=\"Ber\u00e4knad l\u00e4stid\" \/>\n\t<meta name=\"twitter:data1\" content=\"6 minuter\" \/>\n<script type=\"application\/ld+json\" class=\"yoast-schema-graph\">{\"@context\":\"https:\\\/\\\/schema.org\",\"@graph\":[{\"@type\":\"WebPage\",\"@id\":\"https:\\\/\\\/swiftlifts.com\\\/sv\\\/swift-people\\\/swift-portrait-mahmud\\\/\",\"url\":\"https:\\\/\\\/swiftlifts.com\\\/sv\\\/swift-people\\\/swift-portrait-mahmud\\\/\",\"name\":\"Villahiss Team \u2013 Portr\u00e4tt av Mahmud p\u00e5 Swift\",\"isPartOf\":{\"@id\":\"https:\\\/\\\/swiftlifts.com\\\/sv\\\/#website\"},\"datePublished\":\"2023-05-10T01:23:15+00:00\",\"dateModified\":\"2026-02-20T10:11:56+00:00\",\"breadcrumb\":{\"@id\":\"https:\\\/\\\/swiftlifts.com\\\/sv\\\/swift-people\\\/swift-portrait-mahmud\\\/#breadcrumb\"},\"inLanguage\":\"sv-SE\",\"potentialAction\":[{\"@type\":\"ReadAction\",\"target\":[\"https:\\\/\\\/swiftlifts.com\\\/sv\\\/swift-people\\\/swift-portrait-mahmud\\\/\"]}]},{\"@type\":\"BreadcrumbList\",\"@id\":\"https:\\\/\\\/swiftlifts.com\\\/sv\\\/swift-people\\\/swift-portrait-mahmud\\\/#breadcrumb\",\"itemListElement\":[{\"@type\":\"ListItem\",\"position\":1,\"name\":\"Home\",\"item\":\"https:\\\/\\\/swiftlifts.com\\\/sv\\\/\"},{\"@type\":\"ListItem\",\"position\":2,\"name\":\"SWIFT People\",\"item\":\"https:\\\/\\\/swiftlifts.com\\\/sv\\\/swift-people\\\/\"},{\"@type\":\"ListItem\",\"position\":3,\"name\":\"SWIFT Portrait &#8211; Mahmud\"}]},{\"@type\":\"WebSite\",\"@id\":\"https:\\\/\\\/swiftlifts.com\\\/sv\\\/#website\",\"url\":\"https:\\\/\\\/swiftlifts.com\\\/sv\\\/\",\"name\":\"SWIFT - 100% battery driven home lifts\",\"description\":\"NEW WAYS TO MOVE\",\"publisher\":{\"@id\":\"https:\\\/\\\/swiftlifts.com\\\/sv\\\/#organization\"},\"potentialAction\":[{\"@type\":\"SearchAction\",\"target\":{\"@type\":\"EntryPoint\",\"urlTemplate\":\"https:\\\/\\\/swiftlifts.com\\\/sv\\\/?s={search_term_string}\"},\"query-input\":{\"@type\":\"PropertyValueSpecification\",\"valueRequired\":true,\"valueName\":\"search_term_string\"}}],\"inLanguage\":\"sv-SE\"},{\"@type\":\"Organization\",\"@id\":\"https:\\\/\\\/swiftlifts.com\\\/sv\\\/#organization\",\"name\":\"SWIFT Home Lifts\",\"url\":\"https:\\\/\\\/swiftlifts.com\\\/sv\\\/\",\"logo\":{\"@type\":\"ImageObject\",\"inLanguage\":\"sv-SE\",\"@id\":\"https:\\\/\\\/swiftlifts.com\\\/sv\\\/#\\\/schema\\\/logo\\\/image\\\/\",\"url\":\"https:\\\/\\\/swiftlifts.com\\\/wp-content\\\/uploads\\\/2025\\\/03\\\/cropped-SWIFT-Logo-Google.jpg\",\"contentUrl\":\"https:\\\/\\\/swiftlifts.com\\\/wp-content\\\/uploads\\\/2025\\\/03\\\/cropped-SWIFT-Logo-Google.jpg\",\"width\":512,\"height\":512,\"caption\":\"SWIFT Home Lifts\"},\"image\":{\"@id\":\"https:\\\/\\\/swiftlifts.com\\\/sv\\\/#\\\/schema\\\/logo\\\/image\\\/\"},\"sameAs\":[\"https:\\\/\\\/www.facebook.com\\\/swifthomelifts\",\"https:\\\/\\\/www.instagram.com\\\/swifthomelifts\\\/\",\"https:\\\/\\\/www.linkedin.com\\\/company\\\/swifthomelifts\\\/\",\"https:\\\/\\\/www.pinterest.se\\\/swifthomelifts\\\/\",\"https:\\\/\\\/www.youtube.com\\\/@swift5669\"]}]}<\/script>\n<!-- \/ Yoast SEO Premium plugin. -->","yoast_head_json":{"title":"Villahiss Team \u2013 Portr\u00e4tt av Mahmud p\u00e5 Swift","robots":{"index":"index","follow":"follow","max-snippet":"max-snippet:-1","max-image-preview":"max-image-preview:large","max-video-preview":"max-video-preview:-1"},"canonical":"https:\/\/swiftlifts.com\/sv\/swift-people\/swift-portrait-mahmud\/","og_locale":"sv_SE","og_type":"article","og_title":"SWIFT Portrait - Mahmud","og_url":"https:\/\/swiftlifts.com\/sv\/swift-people\/swift-portrait-mahmud\/","og_site_name":"SWIFT - 100% battery driven home lifts","article_publisher":"https:\/\/www.facebook.com\/swifthomelifts","article_modified_time":"2026-02-20T10:11:56+00:00","twitter_card":"summary_large_image","twitter_misc":{"Ber\u00e4knad l\u00e4stid":"6 minuter"},"schema":{"@context":"https:\/\/schema.org","@graph":[{"@type":"WebPage","@id":"https:\/\/swiftlifts.com\/sv\/swift-people\/swift-portrait-mahmud\/","url":"https:\/\/swiftlifts.com\/sv\/swift-people\/swift-portrait-mahmud\/","name":"Villahiss Team \u2013 Portr\u00e4tt av Mahmud p\u00e5 Swift","isPartOf":{"@id":"https:\/\/swiftlifts.com\/sv\/#website"},"datePublished":"2023-05-10T01:23:15+00:00","dateModified":"2026-02-20T10:11:56+00:00","breadcrumb":{"@id":"https:\/\/swiftlifts.com\/sv\/swift-people\/swift-portrait-mahmud\/#breadcrumb"},"inLanguage":"sv-SE","potentialAction":[{"@type":"ReadAction","target":["https:\/\/swiftlifts.com\/sv\/swift-people\/swift-portrait-mahmud\/"]}]},{"@type":"BreadcrumbList","@id":"https:\/\/swiftlifts.com\/sv\/swift-people\/swift-portrait-mahmud\/#breadcrumb","itemListElement":[{"@type":"ListItem","position":1,"name":"Home","item":"https:\/\/swiftlifts.com\/sv\/"},{"@type":"ListItem","position":2,"name":"SWIFT People","item":"https:\/\/swiftlifts.com\/sv\/swift-people\/"},{"@type":"ListItem","position":3,"name":"SWIFT Portrait &#8211; Mahmud"}]},{"@type":"WebSite","@id":"https:\/\/swiftlifts.com\/sv\/#website","url":"https:\/\/swiftlifts.com\/sv\/","name":"SWIFT - 100% battery driven home lifts","description":"NEW WAYS TO MOVE","publisher":{"@id":"https:\/\/swiftlifts.com\/sv\/#organization"},"potentialAction":[{"@type":"SearchAction","target":{"@type":"EntryPoint","urlTemplate":"https:\/\/swiftlifts.com\/sv\/?s={search_term_string}"},"query-input":{"@type":"PropertyValueSpecification","valueRequired":true,"valueName":"search_term_string"}}],"inLanguage":"sv-SE"},{"@type":"Organization","@id":"https:\/\/swiftlifts.com\/sv\/#organization","name":"SWIFT Home Lifts","url":"https:\/\/swiftlifts.com\/sv\/","logo":{"@type":"ImageObject","inLanguage":"sv-SE","@id":"https:\/\/swiftlifts.com\/sv\/#\/schema\/logo\/image\/","url":"https:\/\/swiftlifts.com\/wp-content\/uploads\/2025\/03\/cropped-SWIFT-Logo-Google.jpg","contentUrl":"https:\/\/swiftlifts.com\/wp-content\/uploads\/2025\/03\/cropped-SWIFT-Logo-Google.jpg","width":512,"height":512,"caption":"SWIFT Home Lifts"},"image":{"@id":"https:\/\/swiftlifts.com\/sv\/#\/schema\/logo\/image\/"},"sameAs":["https:\/\/www.facebook.com\/swifthomelifts","https:\/\/www.instagram.com\/swifthomelifts\/","https:\/\/www.linkedin.com\/company\/swifthomelifts\/","https:\/\/www.pinterest.se\/swifthomelifts\/","https:\/\/www.youtube.com\/@swift5669"]}]}},"_links":{"self":[{"href":"https:\/\/swiftlifts.com\/sv\/wp-json\/wp\/v2\/pages\/12074","targetHints":{"allow":["GET"]}}],"collection":[{"href":"https:\/\/swiftlifts.com\/sv\/wp-json\/wp\/v2\/pages"}],"about":[{"href":"https:\/\/swiftlifts.com\/sv\/wp-json\/wp\/v2\/types\/page"}],"author":[{"embeddable":true,"href":"https:\/\/swiftlifts.com\/sv\/wp-json\/wp\/v2\/users\/7"}],"replies":[{"embeddable":true,"href":"https:\/\/swiftlifts.com\/sv\/wp-json\/wp\/v2\/comments?post=12074"}],"version-history":[{"count":4,"href":"https:\/\/swiftlifts.com\/sv\/wp-json\/wp\/v2\/pages\/12074\/revisions"}],"predecessor-version":[{"id":56533,"href":"https:\/\/swiftlifts.com\/sv\/wp-json\/wp\/v2\/pages\/12074\/revisions\/56533"}],"up":[{"embeddable":true,"href":"https:\/\/swiftlifts.com\/sv\/wp-json\/wp\/v2\/pages\/5486"}],"wp:attachment":[{"href":"https:\/\/swiftlifts.com\/sv\/wp-json\/wp\/v2\/media?parent=12074"}],"curies":[{"name":"wp","href":"https:\/\/api.w.org\/{rel}","templated":true}]}}