{"id":10717,"date":"2023-05-10T02:37:31","date_gmt":"2023-05-10T02:37:31","guid":{"rendered":"https:\/\/swiftlifts.com\/?page_id=10717"},"modified":"2025-07-31T17:46:24","modified_gmt":"2025-07-31T17:46:24","slug":"swift-portrait-stefan","status":"publish","type":"page","link":"https:\/\/swiftlifts.com\/sv\/swift-people\/swift-portrait-stefan\/","title":{"rendered":"SWIFT Portrait &#8211; Stefan"},"content":{"rendered":"\n\t<section class=\"section\" id=\"section_1650833776\">\n\t\t<div class=\"section-bg fill\" >\n\t\t\t\t\t\t\t\t\t\n\t\t\t\n\n\t\t<\/div>\n\n\t\t\n\n\t\t<div class=\"section-content relative\">\n\t\t\t\n<div class=\"row\"  id=\"row-424544077\">\n\n\t<div id=\"col-193019128\" class=\"col small-12 large-12\"  >\n\t\t\t\t<div class=\"col-inner\"  >\n\t\t\t\n\t\t\t\n\t\t<\/div>\n\t\t\t\t\t<\/div>\n\n\t\n<\/div>\n<div class=\"row align-center\" style=\"max-width:100%\" id=\"row-1992772760\">\n\n\t<div id=\"col-255867924\" class=\"col medium-10 small-12 large-10\"  >\n\t\t\t\t<div class=\"col-inner\"  >\n\t\t\t\n\t\t\t\n\t<div id=\"text-2187205981\" class=\"text\">\n\t\t\n<h1>SWIFT People<\/h1>\n\t\t\n<style>\n#text-2187205981 {\n  font-size: 2.25rem;\n  line-height: 0.75;\n  color: rgb(0, 10, 54);\n}\n#text-2187205981 > * {\n  color: rgb(0, 10, 54);\n}\n<\/style>\n\t<\/div>\n\t\n\t<div id=\"text-3773090511\" class=\"text\">\n\t\t\n<h2>Stefan \u2013 Erfaren Ledare Inom Lyftbranschen<\/h2>\n<p>M\u00e5nadens portr\u00e4tt<\/p>\n\t\t\n<style>\n#text-3773090511 {\n  font-size: 1.6rem;\n  line-height: 0.75;\n}\n<\/style>\n\t<\/div>\n\t\n\t\t<\/div>\n\t\t\t\t\n<style>\n#col-255867924 > .col-inner {\n  padding: 50px 0px 0px 0px;\n}\n<\/style>\n\t<\/div>\n\n\t\n<\/div>\n<div class=\"row align-equal align-center\" style=\"max-width:100%\" id=\"row-1019899691\">\n\n\t<div id=\"col-322130483\" class=\"col medium-5 small-12 large-5\"  >\n\t\t\t\t<div class=\"col-inner text-left\" style=\"background-color:rgb(30, 98, 122);\" >\n\t\t\t\n\t\t\t\n\t<div id=\"text-3336022054\" class=\"text swift-people-text\">\n\t\t\n<p>NAME: <b>Stefan Br\u00e4mberg<\/b><br \/>\nDO: <b>Chief Technology Officer, CTO<\/b><br \/>\nAGE: <strong>64<\/strong><br \/>\nLIVE: <b>G\u00f6teborg, Sverige &amp; <span class=\"ui-provider uv b c d e f g h i j k l m n o p q r s t u v w x y z ab ac ae af ag ah ai aj ak\" dir=\"ltr\">Fuengirola, <\/span>Spanien<\/b><br \/>\n\t\t\n<style>\n#text-3336022054 {\n  font-size: 1.5rem;\n  line-height: 1.65;\n  color: rgb(255, 255, 255);\n}\n#text-3336022054 > * {\n  color: rgb(255, 255, 255);\n}\n<\/style>\n\t<\/div>\n\t\n\t\t<\/div>\n\t\t\t\t\n<style>\n#col-322130483 > .col-inner {\n  padding: 30px 0px 0px 30px;\n  margin: 0px 0px 0px 0px;\n}\n@media (min-width:550px) {\n  #col-322130483 > .col-inner {\n    padding: 20% 0px 0px 50px;\n  }\n}\n<\/style>\n\t<\/div>\n\n\t\n\n\t<div id=\"col-1564337545\" class=\"col medium-5 small-12 large-5\"  >\n\t\t\t\t<div class=\"col-inner\"  >\n\t\t\t\n\t\t\t\n\t<div class=\"img has-hover x md-x lg-x y md-y lg-y\" id=\"image_1075185726\">\n\t\t\t\t\t\t\t\t<div class=\"img-inner dark\" >\n\t\t\t<img loading=\"lazy\" decoding=\"async\" width=\"1020\" height=\"777\" src=\"https:\/\/swiftlifts.com\/wp-content\/uploads\/2023\/02\/Stefan-1020x777v1.jpg\" class=\"attachment-large size-large\" alt=\"Stefan\" srcset=\"https:\/\/swiftlifts.com\/wp-content\/uploads\/2023\/02\/Stefan-1020x777v1.jpg 1020w, https:\/\/swiftlifts.com\/wp-content\/uploads\/2023\/02\/Stefan-1020x777v1-525x400.jpg 525w, https:\/\/swiftlifts.com\/wp-content\/uploads\/2023\/02\/Stefan-1020x777v1-768x585.jpg 768w\" sizes=\"auto, (max-width: 1020px) 100vw, 1020px\" \/>\t\t\t\t\t\t\n\t\t\t\t\t<\/div>\n\t\t\t\t\t\t\t\t\n<style>\n#image_1075185726 {\n  width: 100%;\n}\n<\/style>\n\t<\/div>\n\t\n\t\t<\/div>\n\t\t\t\t\n<style>\n#col-1564337545 > .col-inner {\n  margin: 0px 0px 0px 0px;\n}\n<\/style>\n\t<\/div>\n\n\t\n<\/div>\n<div class=\"row align-equal align-center\" style=\"max-width:100%\" id=\"row-917202706\">\n\n\t<div id=\"col-368225627\" class=\"col medium-10 small-12 large-10\"  >\n\t\t\t\t<div class=\"col-inner\"  >\n\t\t\t\n\t<div class=\"is-border\"\n\t\tstyle=\"border-color:rgb(30, 98, 122);border-width:5px 5px 5px 5px;\">\n\t<\/div>\n\t\t\t\n\t<div id=\"text-3458741259\" class=\"text\">\n\t\t\n<p><strong>Vad \u00e4r ditt &#8217;happy place&#8217;?<\/strong><br \/>\n&#8211; P\u00e5 en b\u00e5t.<\/p>\n<p><strong>Vad v\u00e4ljer du en solig sommardag. En dag p\u00e5 stranden eller fixa en s\u00f6ndrig b\u00e5t?<\/strong><br \/>\n&#8211; Jag v\u00e4ljer att fixa b\u00e5ten.<\/p>\n<p><strong>Vad ville du bli n\u00e4r du var liten?<\/strong><br \/>\n&#8211; Ingenj\u00f6r \ud83d\ude09<\/p>\n<p><strong>Din karri\u00e4r i korthet?<br \/>\n<\/strong>&#8211; Servettversionen: Jag har r\u00f6rt mig mellan flygplanradars -&gt; mobiltelefoner -&gt; radiosystem f\u00f6r h\u00e4lso- och sjukv\u00e5rd -&gt; och villahissar.<\/p>\n<p><strong>Hur ser en vanlig arbetsdag ut? <\/strong><br \/>\n&#8211; Kaotisk.<\/p>\n<p><strong>En sak som du inte kan vara utan p\u00e5 jobbet?<br \/>\n<\/strong>&#8211; Kaffe.<br \/>\n<strong><br \/>\nVad tycker du \u00e4r det viktigaste med ditt jobb p\u00e5 SWIFT?<\/strong><br \/>\n&#8211; Att ha kul.<\/p>\n<p><strong>Om du blickar tillbaka p\u00e5 vad du \u00e5stadkommit hittills, vad \u00e4r du mest n\u00f6jd med?<\/strong><br \/>\n&#8211; Jag \u00e4r mest stolt \u00f6ver att vara del av ett litet, tight team som tillsammans har lyckats skapa n\u00e5got riktigt bra med mycket mindre resurser \u00e4n vad jag trodde var m\u00f6jligt.<\/p>\n<p><strong>Vad \u00e4r det viktigaste i ditt liv? <\/strong><br \/>\n&#8211; Min familj.<\/p>\n<p><strong>Vad betyder ett hem f\u00f6r dig? <\/strong><br \/>\n&#8211; D\u00e4r jag h\u00e4nger min hatt.<\/p>\n<p><strong>Vad gillar du mest med SWIFT?<br \/>\n<\/strong>&#8211; Jag gillar att den \u00e4r s\u00e5 &#8221;smooth&#8221;.<\/p>\n<p><strong>Vilket techbolag tycker du sticker ut just nu?<\/strong><br \/>\n&#8211; Jag tycker att Candela elektriska b\u00e5tar \u00e4r det bolag som ligger i framkant inom tech just nu.<\/p>\n<p><strong>Ditt favorit varum\u00e4rke eller produkt inom texth just nu och varf\u00f6r? <\/strong><br \/>\n&#8211; Candela C8 \u2013 en v\u00e4ldigt cool kombination av batterier fr\u00e5n Polestar, egenutvecklad motor, och foliering av hydrodynamik.<\/p>\n<p><strong>Vad \u00e4r ditt motto i livet?<\/strong><br \/>\n&#8211; .Ha kul medans du kan.<\/p>\n<p><strong>Vad st\u00e5r p\u00e5 din &#8221;bucket list&#8221;?<\/strong><br \/>\n&#8211; Att tillsammans med min fru och v\u00e5ra hundar \u00e5ka i en cool, \u00f6ppen jeep och uppt\u00e4cka Spaniens &#8221;Campo&#8221; .<\/p>\n<p><strong>Vilken typ av person skulle passa in i din roll?<br \/>\n&#8211;<\/strong> En mycket konstig person. Haha, sk\u00e4mt \u00e5 sido n\u00e5gon som \u00e4r lite okonventionell med en rej\u00e4l portion humor.<\/p>\n<p><strong>Var f\u00e5r du din outr\u00f6ttliga energi och j\u00e4dra anamma ifr\u00e5n?<\/strong><br \/>\n&#8211; Den kommer fr\u00e5n en passion f\u00f6r det jag g\u00f6r.<\/p>\n<p><strong>Vad \u00e4r ditt b\u00e4sta (roligaste) s\u00e4tt att ta dig runt bortsett fr\u00e5n SWIFT? \ud83d\ude09<\/strong><br \/>\n&#8211; Med hj\u00e4lp av en hydrokopter &#8211; ett fordon som \u00e4r konstruerat f\u00f6r att k\u00f6ra p\u00e5 is och om isen g\u00e5r s\u00f6nder g\u00e5r det ocks\u00e5 bra att k\u00f6ra i vattnet.<br \/>\n\t\t\n<style>\n#text-3458741259 {\n  font-size: 1.5rem;\n  color: rgb(30, 98, 122);\n}\n#text-3458741259 > * {\n  color: rgb(30, 98, 122);\n}\n<\/style>\n\t<\/div>\n\t\n\t\t<\/div>\n\t\t\t\t\n<style>\n#col-368225627 > .col-inner {\n  padding: 10px 10px 10px 10px;\n}\n@media (min-width:550px) {\n  #col-368225627 > .col-inner {\n    padding: 50px 50px 50px 50px;\n  }\n}\n<\/style>\n\t<\/div>\n\n\t\n<\/div>\n\t\t<\/div>\n\n\t\t\n<style>\n#section_1650833776 {\n  padding-top: 30px;\n  padding-bottom: 30px;\n}\n<\/style>\n\t<\/section>\n\t\n","protected":false},"excerpt":{"rendered":"","protected":false},"author":9,"featured_media":0,"parent":5486,"menu_order":0,"comment_status":"closed","ping_status":"closed","template":"page-transparent-header.php","meta":{"_acf_changed":false,"content-type":"","footnotes":""},"class_list":["post-10717","page","type-page","status-publish","hentry"],"acf":[],"yoast_head":"<!-- This site is optimized with the Yoast SEO Premium plugin v27.3 (Yoast SEO v27.4) - https:\/\/yoast.com\/product\/yoast-seo-premium-wordpress\/ -->\n<title>SWIFT Portrait - Stefan - SWIFT - 100% battery driven home lifts<\/title>\n<meta name=\"robots\" content=\"index, follow, max-snippet:-1, max-image-preview:large, max-video-preview:-1\" \/>\n<link rel=\"canonical\" href=\"https:\/\/swiftlifts.com\/sv\/swift-people\/swift-portrait-stefan\/\" \/>\n<meta property=\"og:locale\" content=\"sv_SE\" \/>\n<meta property=\"og:type\" content=\"article\" \/>\n<meta property=\"og:title\" content=\"SWIFT Portrait - Stefan\" \/>\n<meta property=\"og:url\" content=\"https:\/\/swiftlifts.com\/sv\/swift-people\/swift-portrait-stefan\/\" \/>\n<meta property=\"og:site_name\" content=\"SWIFT - 100% battery driven home lifts\" \/>\n<meta property=\"article:publisher\" content=\"https:\/\/www.facebook.com\/swifthomelifts\" \/>\n<meta property=\"article:modified_time\" content=\"2025-07-31T17:46:24+00:00\" \/>\n<meta name=\"twitter:card\" content=\"summary_large_image\" \/>\n<meta name=\"twitter:label1\" content=\"Ber\u00e4knad l\u00e4stid\" \/>\n\t<meta name=\"twitter:data1\" content=\"3 minuter\" \/>\n<script type=\"application\/ld+json\" class=\"yoast-schema-graph\">{\"@context\":\"https:\\\/\\\/schema.org\",\"@graph\":[{\"@type\":\"WebPage\",\"@id\":\"https:\\\/\\\/swiftlifts.com\\\/sv\\\/swift-people\\\/swift-portrait-stefan\\\/\",\"url\":\"https:\\\/\\\/swiftlifts.com\\\/sv\\\/swift-people\\\/swift-portrait-stefan\\\/\",\"name\":\"SWIFT Portrait - Stefan - SWIFT - 100% battery driven home lifts\",\"isPartOf\":{\"@id\":\"https:\\\/\\\/swiftlifts.com\\\/sv\\\/#website\"},\"datePublished\":\"2023-05-10T02:37:31+00:00\",\"dateModified\":\"2025-07-31T17:46:24+00:00\",\"breadcrumb\":{\"@id\":\"https:\\\/\\\/swiftlifts.com\\\/sv\\\/swift-people\\\/swift-portrait-stefan\\\/#breadcrumb\"},\"inLanguage\":\"sv-SE\",\"potentialAction\":[{\"@type\":\"ReadAction\",\"target\":[\"https:\\\/\\\/swiftlifts.com\\\/sv\\\/swift-people\\\/swift-portrait-stefan\\\/\"]}]},{\"@type\":\"BreadcrumbList\",\"@id\":\"https:\\\/\\\/swiftlifts.com\\\/sv\\\/swift-people\\\/swift-portrait-stefan\\\/#breadcrumb\",\"itemListElement\":[{\"@type\":\"ListItem\",\"position\":1,\"name\":\"Home\",\"item\":\"https:\\\/\\\/swiftlifts.com\\\/sv\\\/\"},{\"@type\":\"ListItem\",\"position\":2,\"name\":\"SWIFT People\",\"item\":\"https:\\\/\\\/swiftlifts.com\\\/sv\\\/swift-people\\\/\"},{\"@type\":\"ListItem\",\"position\":3,\"name\":\"SWIFT Portrait &#8211; Stefan\"}]},{\"@type\":\"WebSite\",\"@id\":\"https:\\\/\\\/swiftlifts.com\\\/sv\\\/#website\",\"url\":\"https:\\\/\\\/swiftlifts.com\\\/sv\\\/\",\"name\":\"SWIFT - 100% battery driven home lifts\",\"description\":\"NEW WAYS TO MOVE\",\"publisher\":{\"@id\":\"https:\\\/\\\/swiftlifts.com\\\/sv\\\/#organization\"},\"potentialAction\":[{\"@type\":\"SearchAction\",\"target\":{\"@type\":\"EntryPoint\",\"urlTemplate\":\"https:\\\/\\\/swiftlifts.com\\\/sv\\\/?s={search_term_string}\"},\"query-input\":{\"@type\":\"PropertyValueSpecification\",\"valueRequired\":true,\"valueName\":\"search_term_string\"}}],\"inLanguage\":\"sv-SE\"},{\"@type\":\"Organization\",\"@id\":\"https:\\\/\\\/swiftlifts.com\\\/sv\\\/#organization\",\"name\":\"SWIFT Home Lifts\",\"url\":\"https:\\\/\\\/swiftlifts.com\\\/sv\\\/\",\"logo\":{\"@type\":\"ImageObject\",\"inLanguage\":\"sv-SE\",\"@id\":\"https:\\\/\\\/swiftlifts.com\\\/sv\\\/#\\\/schema\\\/logo\\\/image\\\/\",\"url\":\"https:\\\/\\\/swiftlifts.com\\\/wp-content\\\/uploads\\\/2025\\\/03\\\/cropped-SWIFT-Logo-Google.jpg\",\"contentUrl\":\"https:\\\/\\\/swiftlifts.com\\\/wp-content\\\/uploads\\\/2025\\\/03\\\/cropped-SWIFT-Logo-Google.jpg\",\"width\":512,\"height\":512,\"caption\":\"SWIFT Home Lifts\"},\"image\":{\"@id\":\"https:\\\/\\\/swiftlifts.com\\\/sv\\\/#\\\/schema\\\/logo\\\/image\\\/\"},\"sameAs\":[\"https:\\\/\\\/www.facebook.com\\\/swifthomelifts\",\"https:\\\/\\\/www.instagram.com\\\/swifthomelifts\\\/\",\"https:\\\/\\\/www.linkedin.com\\\/company\\\/swifthomelifts\\\/\",\"https:\\\/\\\/www.pinterest.se\\\/swifthomelifts\\\/\",\"https:\\\/\\\/www.youtube.com\\\/@swift5669\"]}]}<\/script>\n<!-- \/ Yoast SEO Premium plugin. -->","yoast_head_json":{"title":"SWIFT Portrait - Stefan - SWIFT - 100% battery driven home lifts","robots":{"index":"index","follow":"follow","max-snippet":"max-snippet:-1","max-image-preview":"max-image-preview:large","max-video-preview":"max-video-preview:-1"},"canonical":"https:\/\/swiftlifts.com\/sv\/swift-people\/swift-portrait-stefan\/","og_locale":"sv_SE","og_type":"article","og_title":"SWIFT Portrait - Stefan","og_url":"https:\/\/swiftlifts.com\/sv\/swift-people\/swift-portrait-stefan\/","og_site_name":"SWIFT - 100% battery driven home lifts","article_publisher":"https:\/\/www.facebook.com\/swifthomelifts","article_modified_time":"2025-07-31T17:46:24+00:00","twitter_card":"summary_large_image","twitter_misc":{"Ber\u00e4knad l\u00e4stid":"3 minuter"},"schema":{"@context":"https:\/\/schema.org","@graph":[{"@type":"WebPage","@id":"https:\/\/swiftlifts.com\/sv\/swift-people\/swift-portrait-stefan\/","url":"https:\/\/swiftlifts.com\/sv\/swift-people\/swift-portrait-stefan\/","name":"SWIFT Portrait - Stefan - SWIFT - 100% battery driven home lifts","isPartOf":{"@id":"https:\/\/swiftlifts.com\/sv\/#website"},"datePublished":"2023-05-10T02:37:31+00:00","dateModified":"2025-07-31T17:46:24+00:00","breadcrumb":{"@id":"https:\/\/swiftlifts.com\/sv\/swift-people\/swift-portrait-stefan\/#breadcrumb"},"inLanguage":"sv-SE","potentialAction":[{"@type":"ReadAction","target":["https:\/\/swiftlifts.com\/sv\/swift-people\/swift-portrait-stefan\/"]}]},{"@type":"BreadcrumbList","@id":"https:\/\/swiftlifts.com\/sv\/swift-people\/swift-portrait-stefan\/#breadcrumb","itemListElement":[{"@type":"ListItem","position":1,"name":"Home","item":"https:\/\/swiftlifts.com\/sv\/"},{"@type":"ListItem","position":2,"name":"SWIFT People","item":"https:\/\/swiftlifts.com\/sv\/swift-people\/"},{"@type":"ListItem","position":3,"name":"SWIFT Portrait &#8211; Stefan"}]},{"@type":"WebSite","@id":"https:\/\/swiftlifts.com\/sv\/#website","url":"https:\/\/swiftlifts.com\/sv\/","name":"SWIFT - 100% battery driven home lifts","description":"NEW WAYS TO MOVE","publisher":{"@id":"https:\/\/swiftlifts.com\/sv\/#organization"},"potentialAction":[{"@type":"SearchAction","target":{"@type":"EntryPoint","urlTemplate":"https:\/\/swiftlifts.com\/sv\/?s={search_term_string}"},"query-input":{"@type":"PropertyValueSpecification","valueRequired":true,"valueName":"search_term_string"}}],"inLanguage":"sv-SE"},{"@type":"Organization","@id":"https:\/\/swiftlifts.com\/sv\/#organization","name":"SWIFT Home Lifts","url":"https:\/\/swiftlifts.com\/sv\/","logo":{"@type":"ImageObject","inLanguage":"sv-SE","@id":"https:\/\/swiftlifts.com\/sv\/#\/schema\/logo\/image\/","url":"https:\/\/swiftlifts.com\/wp-content\/uploads\/2025\/03\/cropped-SWIFT-Logo-Google.jpg","contentUrl":"https:\/\/swiftlifts.com\/wp-content\/uploads\/2025\/03\/cropped-SWIFT-Logo-Google.jpg","width":512,"height":512,"caption":"SWIFT Home Lifts"},"image":{"@id":"https:\/\/swiftlifts.com\/sv\/#\/schema\/logo\/image\/"},"sameAs":["https:\/\/www.facebook.com\/swifthomelifts","https:\/\/www.instagram.com\/swifthomelifts\/","https:\/\/www.linkedin.com\/company\/swifthomelifts\/","https:\/\/www.pinterest.se\/swifthomelifts\/","https:\/\/www.youtube.com\/@swift5669"]}]}},"_links":{"self":[{"href":"https:\/\/swiftlifts.com\/sv\/wp-json\/wp\/v2\/pages\/10717","targetHints":{"allow":["GET"]}}],"collection":[{"href":"https:\/\/swiftlifts.com\/sv\/wp-json\/wp\/v2\/pages"}],"about":[{"href":"https:\/\/swiftlifts.com\/sv\/wp-json\/wp\/v2\/types\/page"}],"author":[{"embeddable":true,"href":"https:\/\/swiftlifts.com\/sv\/wp-json\/wp\/v2\/users\/9"}],"replies":[{"embeddable":true,"href":"https:\/\/swiftlifts.com\/sv\/wp-json\/wp\/v2\/comments?post=10717"}],"version-history":[{"count":3,"href":"https:\/\/swiftlifts.com\/sv\/wp-json\/wp\/v2\/pages\/10717\/revisions"}],"predecessor-version":[{"id":51185,"href":"https:\/\/swiftlifts.com\/sv\/wp-json\/wp\/v2\/pages\/10717\/revisions\/51185"}],"up":[{"embeddable":true,"href":"https:\/\/swiftlifts.com\/sv\/wp-json\/wp\/v2\/pages\/5486"}],"wp:attachment":[{"href":"https:\/\/swiftlifts.com\/sv\/wp-json\/wp\/v2\/media?parent=10717"}],"curies":[{"name":"wp","href":"https:\/\/api.w.org\/{rel}","templated":true}]}}