{"id":10265,"date":"2023-01-16T14:01:27","date_gmt":"2023-01-16T14:01:27","guid":{"rendered":"https:\/\/swiftlifts.com\/swift-people\/swift-portrait-sarah\/"},"modified":"2025-07-31T17:46:42","modified_gmt":"2025-07-31T17:46:42","slug":"swift-portrait-sarah","status":"publish","type":"page","link":"https:\/\/swiftlifts.com\/sv\/swift-people\/swift-portrait-sarah\/","title":{"rendered":"SWIFT Portrait &#8211; Sarah"},"content":{"rendered":"\n\t<section class=\"section\" id=\"section_860737575\">\n\t\t<div class=\"section-bg fill\" >\n\t\t\t\t\t\t\t\t\t\n\t\t\t\n\n\t\t<\/div>\n\n\t\t\n\n\t\t<div class=\"section-content relative\">\n\t\t\t\n<div class=\"row\"  id=\"row-1396047487\">\n\n\t<div id=\"col-437590992\" class=\"col small-12 large-12\"  >\n\t\t\t\t<div class=\"col-inner\"  >\n\t\t\t\n\t\t\t\n\t\t<\/div>\n\t\t\t\t\t<\/div>\n\n\t\n<\/div>\n<div class=\"row align-center\" style=\"max-width:100%\" id=\"row-413419697\">\n\n\t<div id=\"col-849007704\" class=\"col medium-10 small-12 large-10\"  >\n\t\t\t\t<div class=\"col-inner\"  >\n\t\t\t\n\t\t\t\n\t<div id=\"text-4212135670\" class=\"text\">\n\t\t\n<h1>SWIFT People<\/h1>\n\t\t\n<style>\n#text-4212135670 {\n  font-size: 1.75rem;\n  line-height: 0.75;\n  color: rgb(0, 10, 54);\n}\n#text-4212135670 > * {\n  color: rgb(0, 10, 54);\n}\n<\/style>\n\t<\/div>\n\t\n\t<div id=\"text-352442810\" class=\"text\">\n\t\t\n<h2>Sarah \u2013 Kundfokus och Lyftkvalitet i Ett<\/h2>\n<p>M\u00e5nadens portr\u00e4tt<\/p>\n\t\t\n<style>\n#text-352442810 {\n  font-size: 1.6rem;\n  line-height: 0.75;\n}\n<\/style>\n\t<\/div>\n\t\n\t\t<\/div>\n\t\t\t\t\n<style>\n#col-849007704 > .col-inner {\n  padding: 50px 0px 0px 0px;\n}\n<\/style>\n\t<\/div>\n\n\t\n<\/div>\n<div class=\"row align-equal align-center\" style=\"max-width:100%\" id=\"row-55462361\">\n\n\t<div id=\"col-446032319\" class=\"col medium-5 small-12 large-5\"  >\n\t\t\t\t<div class=\"col-inner text-left\" style=\"background-color:rgb(30, 98, 122);\" >\n\t\t\t\n\t\t\t\n\t<div id=\"text-1427660939\" class=\"text swift-people-text\">\n\t\t\n<p>NAME: <b><span class=\"TextRun MacChromeBold SCXW69924327 BCX0\" lang=\"EN-US\" data-contrast=\"auto\"><span class=\"NormalTextRun SCXW69924327 BCX0\">Sarah<\/span><\/span> <span class=\"TextRun MacChromeBold SCXW69924327 BCX0\" lang=\"ZH-CN\" data-contrast=\"auto\"><span class=\"NormalTextRun SCXW69924327 BCX0\">\u94b1\u8f76\u82b8<\/span><\/span><\/b><br \/>\nROLL: <strong><span class=\"NormalTextRun SCXW69924327 BCX0\">Logistics<\/span> <span class=\"NormalTextRun SCXW69924327 BCX0\"> specialist<\/span><\/strong><br \/>\n\u00c5LDER: <b>34<\/b><br \/>\nBOR: <b>Shanghai, Kina<\/b><br \/>\n\t\t\n<style>\n#text-1427660939 {\n  font-size: 1.5rem;\n  line-height: 1.65;\n  color: rgb(255, 255, 255);\n}\n#text-1427660939 > * {\n  color: rgb(255, 255, 255);\n}\n<\/style>\n\t<\/div>\n\t\n\t\t<\/div>\n\t\t\t\t\n<style>\n#col-446032319 > .col-inner {\n  padding: 30px 0px 0px 30px;\n  margin: 0px 0px 0px 0px;\n}\n@media (min-width:550px) {\n  #col-446032319 > .col-inner {\n    padding: 20% 0px 0px 50px;\n  }\n}\n<\/style>\n\t<\/div>\n\n\t\n\n\t<div id=\"col-1170699818\" class=\"col medium-5 small-12 large-5\"  >\n\t\t\t\t<div class=\"col-inner\"  >\n\t\t\t\n\t\t\t\n\t<div class=\"img has-hover x md-x lg-x y md-y lg-y\" id=\"image_1987439540\">\n\t\t\t\t\t\t\t\t<div class=\"img-inner dark\" >\n\t\t\t<img loading=\"lazy\" decoding=\"async\" width=\"1020\" height=\"777\" src=\"https:\/\/swiftlifts.com\/wp-content\/uploads\/2023\/01\/Sarah-1.jpg\" class=\"attachment-large size-large\" alt=\"SWIFT People Sarah\" srcset=\"https:\/\/swiftlifts.com\/wp-content\/uploads\/2023\/01\/Sarah-1.jpg 1050w, https:\/\/swiftlifts.com\/wp-content\/uploads\/2023\/01\/Sarah-1-525x400.jpg 525w, https:\/\/swiftlifts.com\/wp-content\/uploads\/2023\/01\/Sarah-1-768x585.jpg 768w\" sizes=\"auto, (max-width: 1020px) 100vw, 1020px\" \/>\t\t\t\t\t\t\n\t\t\t\t\t<\/div>\n\t\t\t\t\t\t\t\t\n<style>\n#image_1987439540 {\n  width: 100%;\n}\n<\/style>\n\t<\/div>\n\t\n\t\t<\/div>\n\t\t\t\t\n<style>\n#col-1170699818 > .col-inner {\n  margin: 0px 0px 0px 0px;\n}\n<\/style>\n\t<\/div>\n\n\t\n<\/div>\n<div class=\"row align-equal align-center\" style=\"max-width:100%\" id=\"row-1715171756\">\n\n\t<div id=\"col-562055923\" class=\"col medium-10 small-12 large-10\"  >\n\t\t\t\t<div class=\"col-inner\"  >\n\t\t\t\n\t<div class=\"is-border\"\n\t\tstyle=\"border-color:rgb(30, 98, 122);border-width:5px 5px 5px 5px;\">\n\t<\/div>\n\t\t\t\n\t<div id=\"text-3897903545\" class=\"text\">\n\t\t\n<p><strong>Din karri\u00e4r hittills?<\/strong><br \/>\n&#8211; Jag studerade logistik p\u00e5 universitetet. Efter examen s\u00e5 jobbade jag p\u00e5 ett internationellt f\u00f6retag som Import and Export Specialist. Och nu s\u00e5 jobbar jag p\u00e5 SWIFT i Kinas som Logistics specialist.<\/p>\n<p><strong>Vad gillar du mest med ditt jobb p\u00e5 SWIFT?<\/strong><br \/>\n&#8211; Kontakten med m\u00e4nniskor fr\u00e5n andra delar av v\u00e4rlden och att ha koll p\u00e5 det senaste inom import- och exportregler f\u00f6r olika l\u00e4nder. Nya och olika utmaningar, helt enkelt.<\/p>\n<p><strong>Morgon- eller kv\u00e4llsm\u00e4nniska?<\/strong><br \/>\n&#8211; Morgonm\u00e4nniska.<\/p>\n<p><strong>Dina 3 vardagsrutiner ?<br \/>\n<\/strong>1. Jobba<br \/>\n2. Leka med min dotter<br \/>\n3. Kolla film eller l\u00e4sa b\u00f6cker<\/p>\n<p><strong>Vilken \u00e4r du b\u00e4st p\u00e5?<\/strong><br \/>\n&#8211; Att r\u00e4kna. Jag \u00e4r bra med siffror.<\/p>\n<p><strong>Vad l\u00e4gger du mest tid p\u00e5 i ditt jobb p\u00e5 SWIFT?<br \/>\n<\/strong>&#8211; Att f\u00f6rbereda import- och exportdokument och produktionsplaneringen. Mycket handlar om kommunikation och om att st\u00f6tta produktionen och kollegorna inom lager och reservdelar.<br \/>\n<strong><br \/>\nVad tycker du \u00e4r det viktigaste med ditt jobb p\u00e5 SWIFT?<\/strong><br \/>\n&#8211; Att s\u00e4kra v\u00e5rt lager och f\u00f6rhandla de b\u00e4sta fraktpriserna.<\/p>\n<p><strong>En sak som du inte kan vara utan p\u00e5 jobbet?<\/strong><br \/>\n&#8211; Choklad, godis och musik. N\u00e4r jag beh\u00f6ver anstr\u00e4nga mig beh\u00f6ver jag s\u00f6tsaker och musikt, det hj\u00e4lper mig att fokusera.<\/p>\n<p><strong>Finns det skillnader mellan att jobba p\u00e5 SWIFT och andra lokala kinesiska f\u00f6retag?<\/strong><br \/>\n&#8211; F\u00f6retagskulturen. P\u00e5 SWIFT \u00e4r alla v\u00e4ldigt trevliga och hj\u00e4lpsamma. Om man beh\u00f6ver hj\u00e4lp s\u00e5 finns det alltid n\u00e5gon som \u00e4r beredd att rycka in.<\/p>\n<p><strong>Vad \u00e4r den st\u00f6rsta skillnaden mellan svenskar och kineser, skulle du s\u00e4ga?<\/strong><br \/>\n&#8211; Kulturen. Kineser \u00e4r generellt lite blyga och inte s\u00e5 vana vid att uttrycka sig sj\u00e4lva och sina id\u00e9er som svenskar.<\/p>\n<p><strong>Vad gillar du mest hos SWIFT som arbetsgivare?<br \/>\n<\/strong>&#8211; H\u00e4rlig och avslappnad st\u00e4mning.<\/p>\n<p>Enligt dig, vilket f\u00f6retag \u00e4r #1 inom logistik?<br \/>\n&#8211; DB Schenker. De har en bra f\u00f6retagskultur, ger bra service och schyssta priser till sina kunder.<\/p>\n<p><strong> Vad \u00e4r ditt b\u00e4sta knep f\u00f6r att forts\u00e4tta att utvecklas och l\u00e4ra nytt?<\/strong><br \/>\n&#8211; L\u00e4sa b\u00f6cker och h\u00e5lla kontakten med personer som jobbar med liknande inom logistik.<\/p>\n<p><strong>Vad betyder hemma f\u00f6r dig?<\/strong><br \/>\n&#8211; Hemma f\u00f6r mig \u00e4r ett mysigt st\u00e4lle d\u00e4r man kan slappna av.<\/p>\n<p><strong>Vilka \u00e4r dina guilty pleasures?<\/strong><br \/>\n&#8211; Chips och Coca-Cola.<\/p>\n<p><strong>Favoritst\u00e4lle i Shanghai?<\/strong><br \/>\n&#8211; Bunden. Ljusspelet p\u00e5 b\u00e5de sidorna om Huangpu-floden \u00e4r v\u00e4ldigt vackert p\u00e5 kv\u00e4llen.<\/p>\n<p><strong>Ditt tips till n\u00e5gon som dr\u00f6mmer att g\u00f6ra det du g\u00f6r?<\/strong><br \/>\n&#8211; Plugga engelska, l\u00e4r dig import- och exportregler och l\u00e4s b\u00f6cker som handlar om detta.<\/p>\n<p><strong>Hur ser en vanlig helg ut?<\/strong><br \/>\n&#8211; Umg\u00e5s med familjen, leker med min dotter och kollar p\u00e5 film.<\/p>\n<p><strong>Ditt favorittransportmedel (f\u00f6rtuom SWIFT)? \ud83d\ude09<\/strong><br \/>\n&#8211; Bilen. Den \u00e4r bekv\u00e4m. P\u00e5 vintern \u00e4r det varmt i bilen. P\u00e5 sommaren \u00e4r det kallt.<br \/>\n\t\t\n<style>\n#text-3897903545 {\n  font-size: 1.5rem;\n  color: rgb(30, 98, 122);\n}\n#text-3897903545 > * {\n  color: rgb(30, 98, 122);\n}\n<\/style>\n\t<\/div>\n\t\n\t\t<\/div>\n\t\t\t\t\n<style>\n#col-562055923 > .col-inner {\n  padding: 10px 10px 10px 10px;\n}\n@media (min-width:550px) {\n  #col-562055923 > .col-inner {\n    padding: 50px 50px 50px 50px;\n  }\n}\n<\/style>\n\t<\/div>\n\n\t\n<\/div>\n\t\t<\/div>\n\n\t\t\n<style>\n#section_860737575 {\n  padding-top: 30px;\n  padding-bottom: 30px;\n}\n<\/style>\n\t<\/section>\n\t\n","protected":false},"excerpt":{"rendered":"","protected":false},"author":1,"featured_media":0,"parent":5486,"menu_order":0,"comment_status":"closed","ping_status":"closed","template":"page-transparent-header.php","meta":{"_acf_changed":false,"content-type":"","footnotes":""},"class_list":["post-10265","page","type-page","status-publish","hentry"],"acf":[],"yoast_head":"<!-- This site is optimized with the Yoast SEO Premium plugin v27.3 (Yoast SEO v27.3) - https:\/\/yoast.com\/product\/yoast-seo-premium-wordpress\/ -->\n<title>SWIFT Portrait - Sarah - SWIFT - 100% battery driven home lifts<\/title>\n<meta name=\"robots\" content=\"index, follow, max-snippet:-1, max-image-preview:large, max-video-preview:-1\" \/>\n<link rel=\"canonical\" href=\"https:\/\/swiftlifts.com\/sv\/swift-people\/swift-portrait-sarah\/\" \/>\n<meta property=\"og:locale\" content=\"sv_SE\" \/>\n<meta property=\"og:type\" content=\"article\" \/>\n<meta property=\"og:title\" content=\"SWIFT Portrait - Sarah\" \/>\n<meta property=\"og:url\" content=\"https:\/\/swiftlifts.com\/sv\/swift-people\/swift-portrait-sarah\/\" \/>\n<meta property=\"og:site_name\" content=\"SWIFT - 100% battery driven home lifts\" \/>\n<meta property=\"article:publisher\" content=\"https:\/\/www.facebook.com\/swifthomelifts\" \/>\n<meta property=\"article:modified_time\" content=\"2025-07-31T17:46:42+00:00\" \/>\n<meta name=\"twitter:card\" content=\"summary_large_image\" \/>\n<meta name=\"twitter:label1\" content=\"Ber\u00e4knad l\u00e4stid\" \/>\n\t<meta name=\"twitter:data1\" content=\"3 minuter\" \/>\n<script type=\"application\/ld+json\" class=\"yoast-schema-graph\">{\"@context\":\"https:\\\/\\\/schema.org\",\"@graph\":[{\"@type\":\"WebPage\",\"@id\":\"https:\\\/\\\/swiftlifts.com\\\/sv\\\/swift-people\\\/swift-portrait-sarah\\\/\",\"url\":\"https:\\\/\\\/swiftlifts.com\\\/sv\\\/swift-people\\\/swift-portrait-sarah\\\/\",\"name\":\"SWIFT Portrait - Sarah - SWIFT - 100% battery driven home lifts\",\"isPartOf\":{\"@id\":\"https:\\\/\\\/swiftlifts.com\\\/sv\\\/#website\"},\"datePublished\":\"2023-01-16T14:01:27+00:00\",\"dateModified\":\"2025-07-31T17:46:42+00:00\",\"breadcrumb\":{\"@id\":\"https:\\\/\\\/swiftlifts.com\\\/sv\\\/swift-people\\\/swift-portrait-sarah\\\/#breadcrumb\"},\"inLanguage\":\"sv-SE\",\"potentialAction\":[{\"@type\":\"ReadAction\",\"target\":[\"https:\\\/\\\/swiftlifts.com\\\/sv\\\/swift-people\\\/swift-portrait-sarah\\\/\"]}]},{\"@type\":\"BreadcrumbList\",\"@id\":\"https:\\\/\\\/swiftlifts.com\\\/sv\\\/swift-people\\\/swift-portrait-sarah\\\/#breadcrumb\",\"itemListElement\":[{\"@type\":\"ListItem\",\"position\":1,\"name\":\"Home\",\"item\":\"https:\\\/\\\/swiftlifts.com\\\/sv\\\/\"},{\"@type\":\"ListItem\",\"position\":2,\"name\":\"SWIFT People\",\"item\":\"https:\\\/\\\/swiftlifts.com\\\/sv\\\/swift-people\\\/\"},{\"@type\":\"ListItem\",\"position\":3,\"name\":\"SWIFT Portrait &#8211; Sarah\"}]},{\"@type\":\"WebSite\",\"@id\":\"https:\\\/\\\/swiftlifts.com\\\/sv\\\/#website\",\"url\":\"https:\\\/\\\/swiftlifts.com\\\/sv\\\/\",\"name\":\"SWIFT - 100% battery driven home lifts\",\"description\":\"NEW WAYS TO MOVE\",\"publisher\":{\"@id\":\"https:\\\/\\\/swiftlifts.com\\\/sv\\\/#organization\"},\"potentialAction\":[{\"@type\":\"SearchAction\",\"target\":{\"@type\":\"EntryPoint\",\"urlTemplate\":\"https:\\\/\\\/swiftlifts.com\\\/sv\\\/?s={search_term_string}\"},\"query-input\":{\"@type\":\"PropertyValueSpecification\",\"valueRequired\":true,\"valueName\":\"search_term_string\"}}],\"inLanguage\":\"sv-SE\"},{\"@type\":\"Organization\",\"@id\":\"https:\\\/\\\/swiftlifts.com\\\/sv\\\/#organization\",\"name\":\"SWIFT Home Lifts\",\"url\":\"https:\\\/\\\/swiftlifts.com\\\/sv\\\/\",\"logo\":{\"@type\":\"ImageObject\",\"inLanguage\":\"sv-SE\",\"@id\":\"https:\\\/\\\/swiftlifts.com\\\/sv\\\/#\\\/schema\\\/logo\\\/image\\\/\",\"url\":\"https:\\\/\\\/swiftlifts.com\\\/wp-content\\\/uploads\\\/2025\\\/03\\\/cropped-SWIFT-Logo-Google.jpg\",\"contentUrl\":\"https:\\\/\\\/swiftlifts.com\\\/wp-content\\\/uploads\\\/2025\\\/03\\\/cropped-SWIFT-Logo-Google.jpg\",\"width\":512,\"height\":512,\"caption\":\"SWIFT Home Lifts\"},\"image\":{\"@id\":\"https:\\\/\\\/swiftlifts.com\\\/sv\\\/#\\\/schema\\\/logo\\\/image\\\/\"},\"sameAs\":[\"https:\\\/\\\/www.facebook.com\\\/swifthomelifts\",\"https:\\\/\\\/www.instagram.com\\\/swifthomelifts\\\/\",\"https:\\\/\\\/www.linkedin.com\\\/company\\\/swifthomelifts\\\/\",\"https:\\\/\\\/www.pinterest.se\\\/swifthomelifts\\\/\",\"https:\\\/\\\/www.youtube.com\\\/@swift5669\"]}]}<\/script>\n<!-- \/ Yoast SEO Premium plugin. -->","yoast_head_json":{"title":"SWIFT Portrait - Sarah - SWIFT - 100% battery driven home lifts","robots":{"index":"index","follow":"follow","max-snippet":"max-snippet:-1","max-image-preview":"max-image-preview:large","max-video-preview":"max-video-preview:-1"},"canonical":"https:\/\/swiftlifts.com\/sv\/swift-people\/swift-portrait-sarah\/","og_locale":"sv_SE","og_type":"article","og_title":"SWIFT Portrait - Sarah","og_url":"https:\/\/swiftlifts.com\/sv\/swift-people\/swift-portrait-sarah\/","og_site_name":"SWIFT - 100% battery driven home lifts","article_publisher":"https:\/\/www.facebook.com\/swifthomelifts","article_modified_time":"2025-07-31T17:46:42+00:00","twitter_card":"summary_large_image","twitter_misc":{"Ber\u00e4knad l\u00e4stid":"3 minuter"},"schema":{"@context":"https:\/\/schema.org","@graph":[{"@type":"WebPage","@id":"https:\/\/swiftlifts.com\/sv\/swift-people\/swift-portrait-sarah\/","url":"https:\/\/swiftlifts.com\/sv\/swift-people\/swift-portrait-sarah\/","name":"SWIFT Portrait - Sarah - SWIFT - 100% battery driven home lifts","isPartOf":{"@id":"https:\/\/swiftlifts.com\/sv\/#website"},"datePublished":"2023-01-16T14:01:27+00:00","dateModified":"2025-07-31T17:46:42+00:00","breadcrumb":{"@id":"https:\/\/swiftlifts.com\/sv\/swift-people\/swift-portrait-sarah\/#breadcrumb"},"inLanguage":"sv-SE","potentialAction":[{"@type":"ReadAction","target":["https:\/\/swiftlifts.com\/sv\/swift-people\/swift-portrait-sarah\/"]}]},{"@type":"BreadcrumbList","@id":"https:\/\/swiftlifts.com\/sv\/swift-people\/swift-portrait-sarah\/#breadcrumb","itemListElement":[{"@type":"ListItem","position":1,"name":"Home","item":"https:\/\/swiftlifts.com\/sv\/"},{"@type":"ListItem","position":2,"name":"SWIFT People","item":"https:\/\/swiftlifts.com\/sv\/swift-people\/"},{"@type":"ListItem","position":3,"name":"SWIFT Portrait &#8211; Sarah"}]},{"@type":"WebSite","@id":"https:\/\/swiftlifts.com\/sv\/#website","url":"https:\/\/swiftlifts.com\/sv\/","name":"SWIFT - 100% battery driven home lifts","description":"NEW WAYS TO MOVE","publisher":{"@id":"https:\/\/swiftlifts.com\/sv\/#organization"},"potentialAction":[{"@type":"SearchAction","target":{"@type":"EntryPoint","urlTemplate":"https:\/\/swiftlifts.com\/sv\/?s={search_term_string}"},"query-input":{"@type":"PropertyValueSpecification","valueRequired":true,"valueName":"search_term_string"}}],"inLanguage":"sv-SE"},{"@type":"Organization","@id":"https:\/\/swiftlifts.com\/sv\/#organization","name":"SWIFT Home Lifts","url":"https:\/\/swiftlifts.com\/sv\/","logo":{"@type":"ImageObject","inLanguage":"sv-SE","@id":"https:\/\/swiftlifts.com\/sv\/#\/schema\/logo\/image\/","url":"https:\/\/swiftlifts.com\/wp-content\/uploads\/2025\/03\/cropped-SWIFT-Logo-Google.jpg","contentUrl":"https:\/\/swiftlifts.com\/wp-content\/uploads\/2025\/03\/cropped-SWIFT-Logo-Google.jpg","width":512,"height":512,"caption":"SWIFT Home Lifts"},"image":{"@id":"https:\/\/swiftlifts.com\/sv\/#\/schema\/logo\/image\/"},"sameAs":["https:\/\/www.facebook.com\/swifthomelifts","https:\/\/www.instagram.com\/swifthomelifts\/","https:\/\/www.linkedin.com\/company\/swifthomelifts\/","https:\/\/www.pinterest.se\/swifthomelifts\/","https:\/\/www.youtube.com\/@swift5669"]}]}},"_links":{"self":[{"href":"https:\/\/swiftlifts.com\/sv\/wp-json\/wp\/v2\/pages\/10265","targetHints":{"allow":["GET"]}}],"collection":[{"href":"https:\/\/swiftlifts.com\/sv\/wp-json\/wp\/v2\/pages"}],"about":[{"href":"https:\/\/swiftlifts.com\/sv\/wp-json\/wp\/v2\/types\/page"}],"author":[{"embeddable":true,"href":"https:\/\/swiftlifts.com\/sv\/wp-json\/wp\/v2\/users\/1"}],"replies":[{"embeddable":true,"href":"https:\/\/swiftlifts.com\/sv\/wp-json\/wp\/v2\/comments?post=10265"}],"version-history":[{"count":8,"href":"https:\/\/swiftlifts.com\/sv\/wp-json\/wp\/v2\/pages\/10265\/revisions"}],"predecessor-version":[{"id":51186,"href":"https:\/\/swiftlifts.com\/sv\/wp-json\/wp\/v2\/pages\/10265\/revisions\/51186"}],"up":[{"embeddable":true,"href":"https:\/\/swiftlifts.com\/sv\/wp-json\/wp\/v2\/pages\/5486"}],"wp:attachment":[{"href":"https:\/\/swiftlifts.com\/sv\/wp-json\/wp\/v2\/media?parent=10265"}],"curies":[{"name":"wp","href":"https:\/\/api.w.org\/{rel}","templated":true}]}}