{"id":22731,"date":"2024-01-13T08:02:04","date_gmt":"2024-01-13T08:02:04","guid":{"rendered":"https:\/\/swiftlifts.com\/swift-portrait-dan\/"},"modified":"2024-05-15T11:44:19","modified_gmt":"2024-05-15T11:44:19","slug":"swift-portrait-dan","status":"publish","type":"page","link":"https:\/\/swiftlifts.com\/nl\/swift-people\/swift-portrait-dan\/","title":{"rendered":"SWIFT-Portret &#8211; Dan"},"content":{"rendered":"\n\t<section class=\"section\" id=\"section_1010285820\">\n\t\t<div class=\"section-bg fill\" >\n\t\t\t\t\t\t\t\t\t\n\t\t\t\n\n\t\t<\/div>\n\n\t\t\n\n\t\t<div class=\"section-content relative\">\n\t\t\t\n<div class=\"row\"  id=\"row-268069324\">\n\n\t<div id=\"col-1821404425\" class=\"col small-12 large-12\"  >\n\t\t\t\t<div class=\"col-inner\"  >\n\t\t\t\n\t\t\t\n\t\t<\/div>\n\t\t\t\t\t<\/div>\n\n\t\n<\/div>\n<div class=\"row align-center\" style=\"max-width:100%\" id=\"row-574358169\">\n\n\t<div id=\"col-254216420\" class=\"col medium-10 small-12 large-10\"  >\n\t\t\t\t<div class=\"col-inner\"  >\n\t\t\t\n\t\t\t\n\t<div id=\"text-1922155325\" class=\"text\">\n\t\t\n<h1>Mensen van SWIFT<\/h1>\n\t\t\n<style>\n#text-1922155325 {\n  font-size: 1.75rem;\n  line-height: 0.75;\n  color: rgb(0, 10, 54);\n}\n#text-1922155325 > * {\n  color: rgb(0, 10, 54);\n}\n<\/style>\n\t<\/div>\n\t\n\t<div id=\"text-4143364462\" class=\"text\">\n\t\t\n<p>Portret van de maand<br \/>\n\t\t\n<style>\n#text-4143364462 {\n  font-size: 1.6rem;\n  line-height: 0.75;\n}\n<\/style>\n\t<\/div>\n\t\n\t\t<\/div>\n\t\t\t\t\n<style>\n#col-254216420 > .col-inner {\n  margin: 50px 0px 0px 0px;\n}\n<\/style>\n\t<\/div>\n\n\t\n<\/div>\n<div class=\"row align-equal align-center\" style=\"max-width:100%\" id=\"row-919217719\">\n\n\t<div id=\"col-1905137679\" class=\"col medium-5 small-12 large-5\"  >\n\t\t\t\t<div class=\"col-inner text-left\" style=\"background-color:rgb(0, 10, 54);\" >\n\t\t\t\n\t\t\t\n\t<div id=\"text-2902531367\" class=\"text swift-people-text\">\n\t\t\n<p>NAAM: <b>Dan Bengtsson<\/b><br \/>\nROL: <strong>Design Engineer<\/strong><br \/>\nLEEFTIJD: <b>47<\/b><br \/>\nWONEN: <b>Falkenberg, Sweden<\/b><br \/>\n\t\t\n<style>\n#text-2902531367 {\n  font-size: 1.5rem;\n  line-height: 1.65;\n  color: rgb(250, 245, 242);\n}\n#text-2902531367 > * {\n  color: rgb(250, 245, 242);\n}\n<\/style>\n\t<\/div>\n\t\n\t\t<\/div>\n\t\t\t\t\n<style>\n#col-1905137679 > .col-inner {\n  padding: 20% 0px 0px 50px;\n  margin: 0px 0px 0px 0px;\n}\n<\/style>\n\t<\/div>\n\n\t\n\n\t<div id=\"col-862784899\" class=\"col medium-5 small-12 large-5\"  >\n\t\t\t\t<div class=\"col-inner\"  >\n\t\t\t\n\t\t\t\n\t<div class=\"img has-hover x md-x lg-x y md-y lg-y\" id=\"image_1805488969\">\n\t\t\t\t\t\t\t\t<div class=\"img-inner dark\" >\n\t\t\t<img loading=\"lazy\" decoding=\"async\" width=\"648\" height=\"800\" src=\"https:\/\/swiftlifts.com\/wp-content\/uploads\/2024\/01\/SWIFT_046-scaled-e1705065705946-648x800.jpg\" class=\"attachment-large size-large\" alt=\"\" srcset=\"https:\/\/swiftlifts.com\/wp-content\/uploads\/2024\/01\/SWIFT_046-scaled-e1705065705946-648x800.jpg 648w, https:\/\/swiftlifts.com\/wp-content\/uploads\/2024\/01\/SWIFT_046-scaled-e1705065705946-324x400.jpg 324w, https:\/\/swiftlifts.com\/wp-content\/uploads\/2024\/01\/SWIFT_046-scaled-e1705065705946.jpg 759w\" sizes=\"auto, (max-width: 648px) 100vw, 648px\" \/>\t\t\t\t\t\t\n\t\t\t\t\t<\/div>\n\t\t\t\t\t\t\t\t\n<style>\n#image_1805488969 {\n  width: 100%;\n}\n<\/style>\n\t<\/div>\n\t\n\t\t<\/div>\n\t\t\t\t\n<style>\n#col-862784899 > .col-inner {\n  margin: 0px 0px 0px 0px;\n}\n<\/style>\n\t<\/div>\n\n\t\n<\/div>\n<div class=\"row align-equal align-center\" style=\"max-width:100%\" id=\"row-393627004\">\n\n\t<div id=\"col-1266403563\" class=\"col medium-10 small-12 large-10\"  >\n\t\t\t\t<div class=\"col-inner\"  >\n\t\t\t\n\t<div class=\"is-border\"\n\t\tstyle=\"border-color:rgb(30, 98, 122);border-width:5px 5px 5px 5px;\">\n\t<\/div>\n\t\t\t\n\t<div id=\"text-1767718005\" class=\"text\">\n\t\t\n<p><strong>Uw reis in het kort?<\/strong><br \/>\n&#8211; Opleiding in elektronica, maar gewerkt met mechanica en elektronica, zowel in de praktijk als in theorie. \u2699\ufe0f\ud83d\udd29\ud83d\udda5<\/p>\n<p><strong>Wat vind je het leukst aan wat je doet bij SWIFT?<\/strong><br \/>\n&#8211; De grote variatie aan werkzaamheden. \ud83c\udf08<\/p>\n<p><strong>Wat zijn jouw tips voor een goede start van de dag?<\/strong><br \/>\n&#8211; Haast je niet! Neem de tijd voor een goed ontbijt. \ud83e\udd63\ud83c\udf73\u2615\ufe0f<\/p>\n<p><strong>Thee of Koffie<\/strong><br \/>\n&#8211; Koffie, zwart \u2615\ufe0f<\/p>\n<p><strong>Jouw ultieme lifehack?<\/strong><br \/>\n&#8211; Eierkoker met timer, elke ochtend wakker worden met vers gekookte eieren. \ud83e\udd5a\u23f2<\/p>\n<p><strong>Hoe ziet een normale werkdag eruit?<\/strong><br \/>\n&#8211; Teams vergaderingen met de collega&#8217;s over de hele wereld in de ochtend, problemen oplossen in de middag. \ud83d\udcbb\ud83c\udf0d<\/p>\n<p><strong>E\u00e9n ding waar je op je werk niet zonder kunt?<\/strong><br \/>\n&#8211; Mijn headset voor Teams-vergaderingen. \ud83c\udfa7<\/p>\n<p><strong>Als je kijkt naar wat je tot nu toe hebt bereikt, waar ben je dan het meest trots op?<\/strong><br \/>\n&#8211; Uiteindelijk zijn het alle details samen die een geweldig product vormen, dus alle oplossingen die werken zoals bedoeld zijn de moeite waard om trots op te zijn. \u2b50\ufe0f<\/p>\n<p><strong>Portret van de maand<\/strong><br \/>\n&#8211; De domotica-mogelijkheden. \ud83d\udcaf<\/p>\n<p><strong>Als je \u00e9\u00e9n advies zou willen geven aan iemand die zijn of haar carri\u00e8re in productontwikkeling wil voortzetten, wat zou dat dan zijn?<\/strong><br \/>\n&#8211; Als je niet gelooft in het product dat je ontwikkelt, zul je het niet interessant vinden en zul je uiteindelijk geen goed werk leveren. \ud83d\udc8e<\/p>\n<p><strong>Jouw levensmotto?<\/strong><br \/>\n&#8211; Eerst nadenken, dan handelen. \ud83d\udcad<\/p>\n<p><strong>Strand of Berg?<\/strong><br \/>\n&#8211; Strand. \ud83c\udfd6<\/p>\n<p><strong>Vis (zalm hier in Falkenberg), groenten of vlees?<\/strong><br \/>\n&#8211; Hou van eten, dus al het bovenstaande. \ud83c\udf63\ud83c\udf46\ud83c\udf3d\ud83c\udf57<\/p>\n<p><strong>Wat is jouw gelukkige plek?<\/strong><br \/>\n&#8211; In de zomer, op het strand met een koud drankje. In de winter, onder de motorkap van een oude Chevy. \ud83c\udf79 \ud83d\ude99<\/p>\n<p><strong>Kunt u dit beschrijven voor iemand die nog nooit in Falkenberg is geweest (waar het SWIFT R&amp;D Center is gevestigd)?<\/strong><br \/>\nFalkenberg is echt een charmant stadje aan de Beste Kust, zoals we het hier graag noemen &#8211; de Zweedse westkust. Je vindt er schilderachtige straatjes, leuke caf\u00e9s, voedselmarkten en leuke eetgelegenheden zoals Prostens Pizza, Skrea Matbruk, Lilla Napoli en \u00c4stad Vineyard. Als je van vissen houdt, biedt de \u00c4tran-rivier volop zalm. Falkenberg staat echter misschien wel het meest bekend om zijn lange zandstranden, zoals Skrea Strand met zijn mooie pier en badsteiger! \ud83c\udf0a<\/p>\n<p><strong>Het beste advies dat je ooit (tot nu toe) hebt gekregen?<\/strong><br \/>\n&#8211; Geef nooit op! \ud83d\udc4a\ud83c\udffdAls je zou mogen kiezen, van welke innovatie zou je dan de uitvinder willen zijn? Geneesmiddel voor kanker. \ud83d\udd2c\ud83d\udc68\u200d\ud83d\udd2c\ud83e\uddea<\/p>\n<p><strong>Wat staat er op jouw bucketlist?<\/strong><br \/>\n&#8211; Bezoek het Kennedy Space Center (NASA). \ud83d\udd2d\ud83d\ude80<\/p>\n<p><strong>Toekomstige dromen?<\/strong><br \/>\n&#8211; Bezit een boerderij met veel machines. \ud83c\udfda<\/p>\n<p><strong>Jouw favoriete bewegingsmiddel naast SWIFT?<\/strong><br \/>\n&#8211; Mijn C10 pick-up uit 1965. Ik ben dol op nieuwe technologie en alles wat als &#8216;hi-tech&#8217; wordt beschouwd, maar soms is het leuk om te genieten van eenvoudige dingen waarvoor geen computer nodig is. \ud83d\ude9b<br \/>\n\t\t\n<style>\n#text-1767718005 {\n  font-size: 1.5rem;\n  color: rgb(30, 98, 122);\n}\n#text-1767718005 > * {\n  color: rgb(30, 98, 122);\n}\n<\/style>\n\t<\/div>\n\t\n\t\t<\/div>\n\t\t\t\t\n<style>\n#col-1266403563 > .col-inner {\n  padding: 10px 10px 10px 10px;\n}\n@media (min-width:550px) {\n  #col-1266403563 > .col-inner {\n    padding: 50px 50px 50px 50px;\n  }\n}\n<\/style>\n\t<\/div>\n\n\t\n<\/div>\n\t\t<\/div>\n\n\t\t\n<style>\n#section_1010285820 {\n  padding-top: 30px;\n  padding-bottom: 30px;\n}\n<\/style>\n\t<\/section>\n\t\n","protected":false},"excerpt":{"rendered":"","protected":false},"author":11,"featured_media":0,"parent":22756,"menu_order":0,"comment_status":"closed","ping_status":"closed","template":"page-transparent-header.php","meta":{"_acf_changed":false,"content-type":"","footnotes":""},"class_list":["post-22731","page","type-page","status-publish","hentry"],"acf":[],"yoast_head":"<!-- This site is optimized with the Yoast SEO Premium plugin v27.3 (Yoast SEO v27.4) - https:\/\/yoast.com\/product\/yoast-seo-premium-wordpress\/ -->\n<title>SWIFT-Portret - Dan - SWIFT - 100% battery driven home lifts<\/title>\n<meta name=\"robots\" content=\"index, follow, max-snippet:-1, max-image-preview:large, max-video-preview:-1\" \/>\n<link rel=\"canonical\" href=\"https:\/\/swiftlifts.com\/nl\/swift-people\/swift-portrait-dan\/\" \/>\n<meta property=\"og:locale\" content=\"nl_NL\" \/>\n<meta property=\"og:type\" content=\"article\" \/>\n<meta property=\"og:title\" content=\"SWIFT-Portret - Dan\" \/>\n<meta property=\"og:url\" content=\"https:\/\/swiftlifts.com\/nl\/swift-people\/swift-portrait-dan\/\" \/>\n<meta property=\"og:site_name\" content=\"SWIFT - 100% battery driven home lifts\" \/>\n<meta property=\"article:publisher\" content=\"https:\/\/www.facebook.com\/swifthomelifts\" \/>\n<meta property=\"article:modified_time\" content=\"2024-05-15T11:44:19+00:00\" \/>\n<meta name=\"twitter:card\" content=\"summary_large_image\" \/>\n<meta name=\"twitter:label1\" content=\"Geschatte leestijd\" \/>\n\t<meta name=\"twitter:data1\" content=\"3 minuten\" \/>\n<script type=\"application\/ld+json\" class=\"yoast-schema-graph\">{\"@context\":\"https:\\\/\\\/schema.org\",\"@graph\":[{\"@type\":\"WebPage\",\"@id\":\"https:\\\/\\\/swiftlifts.com\\\/nl\\\/swift-people\\\/swift-portrait-dan\\\/\",\"url\":\"https:\\\/\\\/swiftlifts.com\\\/nl\\\/swift-people\\\/swift-portrait-dan\\\/\",\"name\":\"SWIFT-Portret - Dan - SWIFT - 100% battery driven home lifts\",\"isPartOf\":{\"@id\":\"https:\\\/\\\/swiftlifts.com\\\/nl\\\/#website\"},\"datePublished\":\"2024-01-13T08:02:04+00:00\",\"dateModified\":\"2024-05-15T11:44:19+00:00\",\"breadcrumb\":{\"@id\":\"https:\\\/\\\/swiftlifts.com\\\/nl\\\/swift-people\\\/swift-portrait-dan\\\/#breadcrumb\"},\"inLanguage\":\"nl-NL\",\"potentialAction\":[{\"@type\":\"ReadAction\",\"target\":[\"https:\\\/\\\/swiftlifts.com\\\/nl\\\/swift-people\\\/swift-portrait-dan\\\/\"]}]},{\"@type\":\"BreadcrumbList\",\"@id\":\"https:\\\/\\\/swiftlifts.com\\\/nl\\\/swift-people\\\/swift-portrait-dan\\\/#breadcrumb\",\"itemListElement\":[{\"@type\":\"ListItem\",\"position\":1,\"name\":\"Home\",\"item\":\"https:\\\/\\\/swiftlifts.com\\\/nl\\\/\"},{\"@type\":\"ListItem\",\"position\":2,\"name\":\"Mensen van SWIFT\",\"item\":\"https:\\\/\\\/swiftlifts.com\\\/nl\\\/swift-people\\\/\"},{\"@type\":\"ListItem\",\"position\":3,\"name\":\"SWIFT-Portret &#8211; Dan\"}]},{\"@type\":\"WebSite\",\"@id\":\"https:\\\/\\\/swiftlifts.com\\\/nl\\\/#website\",\"url\":\"https:\\\/\\\/swiftlifts.com\\\/nl\\\/\",\"name\":\"SWIFT - 100% battery driven home lifts\",\"description\":\"NEW WAYS TO MOVE\",\"publisher\":{\"@id\":\"https:\\\/\\\/swiftlifts.com\\\/nl\\\/#organization\"},\"potentialAction\":[{\"@type\":\"SearchAction\",\"target\":{\"@type\":\"EntryPoint\",\"urlTemplate\":\"https:\\\/\\\/swiftlifts.com\\\/nl\\\/?s={search_term_string}\"},\"query-input\":{\"@type\":\"PropertyValueSpecification\",\"valueRequired\":true,\"valueName\":\"search_term_string\"}}],\"inLanguage\":\"nl-NL\"},{\"@type\":\"Organization\",\"@id\":\"https:\\\/\\\/swiftlifts.com\\\/nl\\\/#organization\",\"name\":\"SWIFT Home Lifts\",\"url\":\"https:\\\/\\\/swiftlifts.com\\\/nl\\\/\",\"logo\":{\"@type\":\"ImageObject\",\"inLanguage\":\"nl-NL\",\"@id\":\"https:\\\/\\\/swiftlifts.com\\\/nl\\\/#\\\/schema\\\/logo\\\/image\\\/\",\"url\":\"https:\\\/\\\/swiftlifts.com\\\/wp-content\\\/uploads\\\/2025\\\/03\\\/cropped-SWIFT-Logo-Google.jpg\",\"contentUrl\":\"https:\\\/\\\/swiftlifts.com\\\/wp-content\\\/uploads\\\/2025\\\/03\\\/cropped-SWIFT-Logo-Google.jpg\",\"width\":512,\"height\":512,\"caption\":\"SWIFT Home Lifts\"},\"image\":{\"@id\":\"https:\\\/\\\/swiftlifts.com\\\/nl\\\/#\\\/schema\\\/logo\\\/image\\\/\"},\"sameAs\":[\"https:\\\/\\\/www.facebook.com\\\/swifthomelifts\",\"https:\\\/\\\/www.instagram.com\\\/swifthomelifts\\\/\",\"https:\\\/\\\/www.linkedin.com\\\/company\\\/swifthomelifts\\\/\",\"https:\\\/\\\/www.pinterest.se\\\/swifthomelifts\\\/\",\"https:\\\/\\\/www.youtube.com\\\/@swift5669\"]}]}<\/script>\n<!-- \/ Yoast SEO Premium plugin. -->","yoast_head_json":{"title":"SWIFT-Portret - Dan - SWIFT - 100% battery driven home lifts","robots":{"index":"index","follow":"follow","max-snippet":"max-snippet:-1","max-image-preview":"max-image-preview:large","max-video-preview":"max-video-preview:-1"},"canonical":"https:\/\/swiftlifts.com\/nl\/swift-people\/swift-portrait-dan\/","og_locale":"nl_NL","og_type":"article","og_title":"SWIFT-Portret - Dan","og_url":"https:\/\/swiftlifts.com\/nl\/swift-people\/swift-portrait-dan\/","og_site_name":"SWIFT - 100% battery driven home lifts","article_publisher":"https:\/\/www.facebook.com\/swifthomelifts","article_modified_time":"2024-05-15T11:44:19+00:00","twitter_card":"summary_large_image","twitter_misc":{"Geschatte leestijd":"3 minuten"},"schema":{"@context":"https:\/\/schema.org","@graph":[{"@type":"WebPage","@id":"https:\/\/swiftlifts.com\/nl\/swift-people\/swift-portrait-dan\/","url":"https:\/\/swiftlifts.com\/nl\/swift-people\/swift-portrait-dan\/","name":"SWIFT-Portret - Dan - SWIFT - 100% battery driven home lifts","isPartOf":{"@id":"https:\/\/swiftlifts.com\/nl\/#website"},"datePublished":"2024-01-13T08:02:04+00:00","dateModified":"2024-05-15T11:44:19+00:00","breadcrumb":{"@id":"https:\/\/swiftlifts.com\/nl\/swift-people\/swift-portrait-dan\/#breadcrumb"},"inLanguage":"nl-NL","potentialAction":[{"@type":"ReadAction","target":["https:\/\/swiftlifts.com\/nl\/swift-people\/swift-portrait-dan\/"]}]},{"@type":"BreadcrumbList","@id":"https:\/\/swiftlifts.com\/nl\/swift-people\/swift-portrait-dan\/#breadcrumb","itemListElement":[{"@type":"ListItem","position":1,"name":"Home","item":"https:\/\/swiftlifts.com\/nl\/"},{"@type":"ListItem","position":2,"name":"Mensen van SWIFT","item":"https:\/\/swiftlifts.com\/nl\/swift-people\/"},{"@type":"ListItem","position":3,"name":"SWIFT-Portret &#8211; Dan"}]},{"@type":"WebSite","@id":"https:\/\/swiftlifts.com\/nl\/#website","url":"https:\/\/swiftlifts.com\/nl\/","name":"SWIFT - 100% battery driven home lifts","description":"NEW WAYS TO MOVE","publisher":{"@id":"https:\/\/swiftlifts.com\/nl\/#organization"},"potentialAction":[{"@type":"SearchAction","target":{"@type":"EntryPoint","urlTemplate":"https:\/\/swiftlifts.com\/nl\/?s={search_term_string}"},"query-input":{"@type":"PropertyValueSpecification","valueRequired":true,"valueName":"search_term_string"}}],"inLanguage":"nl-NL"},{"@type":"Organization","@id":"https:\/\/swiftlifts.com\/nl\/#organization","name":"SWIFT Home Lifts","url":"https:\/\/swiftlifts.com\/nl\/","logo":{"@type":"ImageObject","inLanguage":"nl-NL","@id":"https:\/\/swiftlifts.com\/nl\/#\/schema\/logo\/image\/","url":"https:\/\/swiftlifts.com\/wp-content\/uploads\/2025\/03\/cropped-SWIFT-Logo-Google.jpg","contentUrl":"https:\/\/swiftlifts.com\/wp-content\/uploads\/2025\/03\/cropped-SWIFT-Logo-Google.jpg","width":512,"height":512,"caption":"SWIFT Home Lifts"},"image":{"@id":"https:\/\/swiftlifts.com\/nl\/#\/schema\/logo\/image\/"},"sameAs":["https:\/\/www.facebook.com\/swifthomelifts","https:\/\/www.instagram.com\/swifthomelifts\/","https:\/\/www.linkedin.com\/company\/swifthomelifts\/","https:\/\/www.pinterest.se\/swifthomelifts\/","https:\/\/www.youtube.com\/@swift5669"]}]}},"_links":{"self":[{"href":"https:\/\/swiftlifts.com\/nl\/wp-json\/wp\/v2\/pages\/22731","targetHints":{"allow":["GET"]}}],"collection":[{"href":"https:\/\/swiftlifts.com\/nl\/wp-json\/wp\/v2\/pages"}],"about":[{"href":"https:\/\/swiftlifts.com\/nl\/wp-json\/wp\/v2\/types\/page"}],"author":[{"embeddable":true,"href":"https:\/\/swiftlifts.com\/nl\/wp-json\/wp\/v2\/users\/11"}],"replies":[{"embeddable":true,"href":"https:\/\/swiftlifts.com\/nl\/wp-json\/wp\/v2\/comments?post=22731"}],"version-history":[{"count":2,"href":"https:\/\/swiftlifts.com\/nl\/wp-json\/wp\/v2\/pages\/22731\/revisions"}],"predecessor-version":[{"id":24487,"href":"https:\/\/swiftlifts.com\/nl\/wp-json\/wp\/v2\/pages\/22731\/revisions\/24487"}],"up":[{"embeddable":true,"href":"https:\/\/swiftlifts.com\/nl\/wp-json\/wp\/v2\/pages\/22756"}],"wp:attachment":[{"href":"https:\/\/swiftlifts.com\/nl\/wp-json\/wp\/v2\/media?parent=22731"}],"curies":[{"name":"wp","href":"https:\/\/api.w.org\/{rel}","templated":true}]}}