{"id":45391,"date":"2024-05-24T10:38:28","date_gmt":"2024-05-24T10:38:28","guid":{"rendered":"https:\/\/swiftlifts.com\/prueba-puedes-tener-un-ascensor-en-casa\/"},"modified":"2024-05-24T10:38:28","modified_gmt":"2024-05-24T10:38:28","slug":"prueba-puedes-tener-un-ascensor-en-casa","status":"publish","type":"page","link":"https:\/\/swiftlifts.com\/mx\/prueba-puedes-tener-un-ascensor-en-casa\/","title":{"rendered":"Prueba: \u00bfpuedes tener un ascensor en casa?"},"content":{"rendered":"\n\t<section class=\"section\" id=\"section_124874531\">\n\t\t<div class=\"section-bg fill\" >\n\t\t\t\t\t\t\t\t\t\n\t\t\t\n\n\t\t<\/div>\n\n\t\t\n\n\t\t<div class=\"section-content relative\">\n\t\t\t\n<div class=\"row\"  id=\"row-172896228\">\n\n\t<div id=\"col-1409478320\" class=\"col small-12 large-12\"  >\n\t\t\t\t<div class=\"col-inner\"  >\n\t\t\t\n\t\t\t\n<h1>\u00bfPuede tener un ascensor dom\u00e9stico?<\/h1>\n<p>La instalaci\u00f3n de un ascensor dom\u00e9stico requiere planificaci\u00f3n y las condiciones adecuadas. En primer lugar, si su casa es de nueva construcci\u00f3n y a\u00fan est\u00e1 en fase de dise\u00f1o, ser\u00e1 m\u00e1s f\u00e1cil encontrar un lugar para el ascensor. Como resultado, puede elegir ventajosamente uno de nuestros tama\u00f1os m\u00e1s grandes.<\/p>\n<p>Si, por el contrario, desea instalar un ascensor dom\u00e9stico en su vivienda actual, el espacio suele ser m\u00e1s limitado. Como resultado, es probable que tenga que utilizar uno de los tama\u00f1os m\u00e1s peque\u00f1os de la gr\u00faa.<\/p>\n<p>Tambi\u00e9n debe tener en cuenta d\u00f3nde se colocar\u00e1n las puertas y si el ascensor se colocar\u00e1 directamente sobre el suelo o si desea que el ascensor est\u00e9 nivelado con el suelo y, por lo tanto, empotrado 50 mm. Adem\u00e1s, debes asegurarte de que tienes suficiente altura de techo en la planta superior. Independientemente de la instalaci\u00f3n, necesita al menos 2275 mm de altura de techo en la planta superior.<\/p>\n<p>Del mismo modo, existen grandes oportunidades para dise\u00f1ar el ascensor de modo que se integre en el plano de la planta o para que destaque como elemento de dise\u00f1o.<\/p>\n<p>En resumen, la instalaci\u00f3n de un ascensor dom\u00e9stico requiere cierta planificaci\u00f3n. SWIFT puede ayudarle con esto.<\/p>\n<p>Rellene nuestro test y le responderemos con consejos y respuestas sobre si puede tener un ascensor en su casa o no.<\/p>\n<p><img loading=\"lazy\" decoding=\"async\" class=\"alignnone size-medium wp-image-6845\" src=\"https:\/\/swiftlifts.com\/wp-content\/uploads\/2022\/10\/bild1-800x380.jpg\" alt=\"Elevador dom\u00e9stico: pruebe nuestro test\" width=\"800\" height=\"380\" srcset=\"https:\/\/swiftlifts.com\/wp-content\/uploads\/2022\/10\/bild1-800x380.jpg 800w, https:\/\/swiftlifts.com\/wp-content\/uploads\/2022\/10\/bild1-1400x665.jpg 1400w, https:\/\/swiftlifts.com\/wp-content\/uploads\/2022\/10\/bild1-768x365.jpg 768w, https:\/\/swiftlifts.com\/wp-content\/uploads\/2022\/10\/bild1-1536x730.jpg 1536w, https:\/\/swiftlifts.com\/wp-content\/uploads\/2022\/10\/bild1.jpg 2000w\" sizes=\"auto, (max-width: 800px) 100vw, 800px\" \/><\/p>\n\t<div id=\"text-3498188926\" class=\"text\">\n\t\t\n<form id=\"can-i-have-a-home-lift\"><label for=\"email\">Correo electr\u00f3nico:<\/label> <input id=\"email\" name=\"email\" type=\"text\"><label for=\"fname\">Nombre<\/label> <input id=\"fname\" name=\"fname\" type=\"text\"><label for=\"lname\">Apellido<\/label> <input id=\"lname\" name=\"lname\" type=\"text\"><label for=\"phone\">N\u00famero de tel\u00e9fono<\/label> <input id=\"phone\" name=\"phone\" type=\"text\"><label for=\"country\">Pa\u00eds:<\/label> <input id=\"country\" name=\"country\" type=\"text\"><label for=\"city\">Ciudad\/Estado:<\/label> <input id=\"city\" name=\"city\" type=\"text\"><label for=\"home-type\">\u00bfQu\u00e9 tipo de casa tienes?<\/label> <input id=\"home-type-villa\" name=\"home-type\" type=\"radio\" value=\"Villa\"> <label for=\"home-type-villa\">Villa<\/label> <input id=\"home-type-apartment\" name=\"home-type\" type=\"radio\" value=\"Apartmento\"> <label for=\"home-type-apartment\">Apartmento<\/label> <input id=\"home-type-other\" name=\"home-type\" type=\"radio\" value=\"Otro\"> <label for=\"home-type-other\">Otro<\/label> <label for=\"home-staus\">\u00bfCu\u00e1l es el estado de su vivienda?<\/label> <input id=\"home-staus-development\" name=\"home-status\" type=\"radio\" value=\"Casa en desarrollo\"> <label for=\"home-staus-development\">Casa en construcci\u00f3n<\/label> <input id=\"home-staus-existing\" name=\"home-status\" type=\"radio\" value=\"Casa existente\"> <label for=\"home-staus-existing\">Casa existente<\/label> <label for=\"floors\">\u00bfCu\u00e1ntos pisos tiene?<\/label><select id=\"floors\" style=\"width: 100px;\" name=\"floors\"><option value=\"1\">1<\/option><option value=\"2\">2<\/option><option value=\"3\">3<\/option><option value=\"4\">4<\/option><option value=\"5\">5<\/option><option value=\"6\">6<\/option><option value=\"Otros\/No estoy seguro\">Otros\/No estoy seguro<\/option><\/select><label for=\"size\">\u00bfTiene al menos 1,5&#215;1,5 m de espacio disponible para el ascensor en todas las plantas?<\/label> <input id=\"size_yes\" name=\"size\" type=\"radio\" value=\"S\u00ed\"> <label for=\"size_yes\">S\u00ed<\/label> <input id=\"size_no\" name=\"size\" type=\"radio\" value=\"No\"> <label for=\"size_no\">No<\/label> <input id=\"size_dontknow\" name=\"size\" type=\"radio\" value=\"No s\u00e9\"> <label for=\"size_dontknow\">No s\u00e9<\/label> <label for=\"where\">\u00bfD\u00f3nde quiere colocar el ascensor dom\u00e9stico?<\/label> <input id=\"where_staircase\" name=\"where\" type=\"radio\" value=\"En una escalera\"> <label for=\"where_staircase\">En una escalera<\/label> <input id=\"where_wall\" name=\"where\" type=\"radio\" value=\"Contra el muro\"> <label for=\"where_wall\">Contra el muro<\/label> <input id=\"where_outdoor\" name=\"where\" type=\"radio\" value=\"En el exterior\"> <label for=\"where_outdoor\">En el exterior<\/label> <input id=\"where_dontknow\" name=\"where\" type=\"radio\" value=\"No s\u00e9\"> <label for=\"where_dontknow\">No s\u00e9<\/label> <label for=\"ceiling_height\">\u00bfCu\u00e1l es la altura del techo del \u00faltimo piso (en cm)?<\/label> <input id=\"ceiling_height\" name=\"ceiling_height\" type=\"text\"><\/p>\n<div id=\"thank-you\" class=\"thank-you-text\"><input id=\"submit-button\" type=\"submit\" value=\"Enviar\" onclick=\"CanIHaveALift()\"><\/div>\n<\/form>\n\t\t\n<style>\n#text-3498188926 {\n  color: rgb(255, 145, 150);\n}\n#text-3498188926 > * {\n  color: rgb(255, 145, 150);\n}\n<\/style>\n\t<\/div>\n\t\n<p><a href=\"https:\/\/swiftlifts.com\/en\/swift-faq\/preparations-needed-before-installation\/\">M\u00e1s informaci\u00f3n sobre las condiciones necesarias para instalar un ascensor en casa &gt;&gt;<\/a><\/p>\n<p><a href=\"https:\/\/www.pinterest.se\/swifthomelifts\/\">Para inspirarse y ver otros ascensores instalados &gt;&gt;<\/a><\/p>\n\t\t<\/div>\n\t\t\t\t\t<\/div>\n\n\t\n\n<style>\n#row-172896228 > .col > .col-inner {\n  padding: 100px 0px 0px 0px;\n}\n<\/style>\n<\/div>\n\t\t<\/div>\n\n\t\t\n<style>\n#section_124874531 {\n  padding-top: 30px;\n  padding-bottom: 30px;\n  background-color: rgb(250, 245, 242);\n}\n<\/style>\n\t<\/section>\n\t\n","protected":false},"excerpt":{"rendered":"","protected":false},"author":1,"featured_media":0,"parent":0,"menu_order":0,"comment_status":"closed","ping_status":"closed","template":"page-transparent-header.php","meta":{"_acf_changed":false,"content-type":"","footnotes":""},"class_list":["post-45391","page","type-page","status-publish","hentry"],"acf":[],"yoast_head":"<!-- This site is optimized with the Yoast SEO Premium plugin v27.3 (Yoast SEO v27.3) - https:\/\/yoast.com\/product\/yoast-seo-premium-wordpress\/ -->\n<title>Prueba del ascensor dom\u00e9stico: \u00bfse adapta un ascensor dom\u00e9stico a su vivienda?<\/title>\n<meta name=\"description\" content=\"Para instalar un ascensor dom\u00e9stico se requieren las condiciones adecuadas. Pruebe nuestro test para saber si un ascensor dom\u00e9stico es adecuado para su hogar.\" \/>\n<meta name=\"robots\" content=\"index, follow, max-snippet:-1, max-image-preview:large, max-video-preview:-1\" \/>\n<link rel=\"canonical\" href=\"https:\/\/swiftlifts.com\/mx\/prueba-puedes-tener-un-ascensor-en-casa\/\" \/>\n<meta property=\"og:locale\" content=\"es_MX\" \/>\n<meta property=\"og:type\" content=\"article\" \/>\n<meta property=\"og:title\" content=\"Prueba: \u00bfpuedes tener un ascensor en casa?\" \/>\n<meta property=\"og:description\" content=\"Para instalar un ascensor dom\u00e9stico se requieren las condiciones adecuadas. Pruebe nuestro test para saber si un ascensor dom\u00e9stico es adecuado para su hogar.\" \/>\n<meta property=\"og:url\" content=\"https:\/\/swiftlifts.com\/mx\/prueba-puedes-tener-un-ascensor-en-casa\/\" \/>\n<meta property=\"og:site_name\" content=\"SWIFT - 100% battery driven home lifts\" \/>\n<meta property=\"article:publisher\" content=\"https:\/\/www.facebook.com\/swifthomelifts\" \/>\n<meta property=\"og:image\" content=\"https:\/\/swiftlifts.com\/wp-content\/uploads\/2022\/10\/bild1-800x380.jpg\" \/>\n<meta name=\"twitter:card\" content=\"summary_large_image\" \/>\n<meta name=\"twitter:title\" content=\"Prueba: \u00bfpuedes tener un ascensor en casa?\" \/>\n<meta name=\"twitter:description\" content=\"Para instalar un ascensor dom\u00e9stico se requieren las condiciones adecuadas. Pruebe nuestro test para saber si un ascensor dom\u00e9stico es adecuado para su hogar.\" \/>\n<meta name=\"twitter:label1\" content=\"Tiempo de lectura\" \/>\n\t<meta name=\"twitter:data1\" content=\"2 minutos\" \/>\n<script type=\"application\/ld+json\" class=\"yoast-schema-graph\">{\"@context\":\"https:\\\/\\\/schema.org\",\"@graph\":[{\"@type\":\"WebPage\",\"@id\":\"https:\\\/\\\/swiftlifts.com\\\/mx\\\/prueba-puedes-tener-un-ascensor-en-casa\\\/\",\"url\":\"https:\\\/\\\/swiftlifts.com\\\/mx\\\/prueba-puedes-tener-un-ascensor-en-casa\\\/\",\"name\":\"Prueba del ascensor dom\u00e9stico: \u00bfse adapta un ascensor dom\u00e9stico a su vivienda?\",\"isPartOf\":{\"@id\":\"https:\\\/\\\/swiftlifts.com\\\/mx\\\/#website\"},\"primaryImageOfPage\":{\"@id\":\"https:\\\/\\\/swiftlifts.com\\\/mx\\\/prueba-puedes-tener-un-ascensor-en-casa\\\/#primaryimage\"},\"image\":{\"@id\":\"https:\\\/\\\/swiftlifts.com\\\/mx\\\/prueba-puedes-tener-un-ascensor-en-casa\\\/#primaryimage\"},\"thumbnailUrl\":\"https:\\\/\\\/swiftlifts.com\\\/wp-content\\\/uploads\\\/2022\\\/10\\\/bild1-800x380.jpg\",\"datePublished\":\"2024-05-24T10:38:28+00:00\",\"description\":\"Para instalar un ascensor dom\u00e9stico se requieren las condiciones adecuadas. Pruebe nuestro test para saber si un ascensor dom\u00e9stico es adecuado para su hogar.\",\"breadcrumb\":{\"@id\":\"https:\\\/\\\/swiftlifts.com\\\/mx\\\/prueba-puedes-tener-un-ascensor-en-casa\\\/#breadcrumb\"},\"inLanguage\":\"es\",\"potentialAction\":[{\"@type\":\"ReadAction\",\"target\":[\"https:\\\/\\\/swiftlifts.com\\\/mx\\\/prueba-puedes-tener-un-ascensor-en-casa\\\/\"]}]},{\"@type\":\"ImageObject\",\"inLanguage\":\"es\",\"@id\":\"https:\\\/\\\/swiftlifts.com\\\/mx\\\/prueba-puedes-tener-un-ascensor-en-casa\\\/#primaryimage\",\"url\":\"https:\\\/\\\/swiftlifts.com\\\/wp-content\\\/uploads\\\/2022\\\/10\\\/bild1-800x380.jpg\",\"contentUrl\":\"https:\\\/\\\/swiftlifts.com\\\/wp-content\\\/uploads\\\/2022\\\/10\\\/bild1-800x380.jpg\"},{\"@type\":\"BreadcrumbList\",\"@id\":\"https:\\\/\\\/swiftlifts.com\\\/mx\\\/prueba-puedes-tener-un-ascensor-en-casa\\\/#breadcrumb\",\"itemListElement\":[{\"@type\":\"ListItem\",\"position\":1,\"name\":\"Home\",\"item\":\"https:\\\/\\\/swiftlifts.com\\\/mx\\\/\"},{\"@type\":\"ListItem\",\"position\":2,\"name\":\"Prueba: \u00bfpuedes tener un ascensor en casa?\"}]},{\"@type\":\"WebSite\",\"@id\":\"https:\\\/\\\/swiftlifts.com\\\/mx\\\/#website\",\"url\":\"https:\\\/\\\/swiftlifts.com\\\/mx\\\/\",\"name\":\"SWIFT - 100% battery driven home lifts\",\"description\":\"NEW WAYS TO MOVE\",\"publisher\":{\"@id\":\"https:\\\/\\\/swiftlifts.com\\\/mx\\\/#organization\"},\"potentialAction\":[{\"@type\":\"SearchAction\",\"target\":{\"@type\":\"EntryPoint\",\"urlTemplate\":\"https:\\\/\\\/swiftlifts.com\\\/mx\\\/?s={search_term_string}\"},\"query-input\":{\"@type\":\"PropertyValueSpecification\",\"valueRequired\":true,\"valueName\":\"search_term_string\"}}],\"inLanguage\":\"es\"},{\"@type\":\"Organization\",\"@id\":\"https:\\\/\\\/swiftlifts.com\\\/mx\\\/#organization\",\"name\":\"SWIFT Home Lifts\",\"url\":\"https:\\\/\\\/swiftlifts.com\\\/mx\\\/\",\"logo\":{\"@type\":\"ImageObject\",\"inLanguage\":\"es\",\"@id\":\"https:\\\/\\\/swiftlifts.com\\\/mx\\\/#\\\/schema\\\/logo\\\/image\\\/\",\"url\":\"https:\\\/\\\/swiftlifts.com\\\/wp-content\\\/uploads\\\/2025\\\/03\\\/cropped-SWIFT-Logo-Google.jpg\",\"contentUrl\":\"https:\\\/\\\/swiftlifts.com\\\/wp-content\\\/uploads\\\/2025\\\/03\\\/cropped-SWIFT-Logo-Google.jpg\",\"width\":512,\"height\":512,\"caption\":\"SWIFT Home Lifts\"},\"image\":{\"@id\":\"https:\\\/\\\/swiftlifts.com\\\/mx\\\/#\\\/schema\\\/logo\\\/image\\\/\"},\"sameAs\":[\"https:\\\/\\\/www.facebook.com\\\/swifthomelifts\",\"https:\\\/\\\/www.instagram.com\\\/swifthomelifts\\\/\",\"https:\\\/\\\/www.linkedin.com\\\/company\\\/swifthomelifts\\\/\",\"https:\\\/\\\/www.pinterest.se\\\/swifthomelifts\\\/\",\"https:\\\/\\\/www.youtube.com\\\/@swift5669\"]}]}<\/script>\n<!-- \/ Yoast SEO Premium plugin. -->","yoast_head_json":{"title":"Prueba del ascensor dom\u00e9stico: \u00bfse adapta un ascensor dom\u00e9stico a su vivienda?","description":"Para instalar un ascensor dom\u00e9stico se requieren las condiciones adecuadas. Pruebe nuestro test para saber si un ascensor dom\u00e9stico es adecuado para su hogar.","robots":{"index":"index","follow":"follow","max-snippet":"max-snippet:-1","max-image-preview":"max-image-preview:large","max-video-preview":"max-video-preview:-1"},"canonical":"https:\/\/swiftlifts.com\/mx\/prueba-puedes-tener-un-ascensor-en-casa\/","og_locale":"es_MX","og_type":"article","og_title":"Prueba: \u00bfpuedes tener un ascensor en casa?","og_description":"Para instalar un ascensor dom\u00e9stico se requieren las condiciones adecuadas. Pruebe nuestro test para saber si un ascensor dom\u00e9stico es adecuado para su hogar.","og_url":"https:\/\/swiftlifts.com\/mx\/prueba-puedes-tener-un-ascensor-en-casa\/","og_site_name":"SWIFT - 100% battery driven home lifts","article_publisher":"https:\/\/www.facebook.com\/swifthomelifts","og_image":[{"url":"https:\/\/swiftlifts.com\/wp-content\/uploads\/2022\/10\/bild1-800x380.jpg","type":"","width":"","height":""}],"twitter_card":"summary_large_image","twitter_title":"Prueba: \u00bfpuedes tener un ascensor en casa?","twitter_description":"Para instalar un ascensor dom\u00e9stico se requieren las condiciones adecuadas. Pruebe nuestro test para saber si un ascensor dom\u00e9stico es adecuado para su hogar.","twitter_misc":{"Tiempo de lectura":"2 minutos"},"schema":{"@context":"https:\/\/schema.org","@graph":[{"@type":"WebPage","@id":"https:\/\/swiftlifts.com\/mx\/prueba-puedes-tener-un-ascensor-en-casa\/","url":"https:\/\/swiftlifts.com\/mx\/prueba-puedes-tener-un-ascensor-en-casa\/","name":"Prueba del ascensor dom\u00e9stico: \u00bfse adapta un ascensor dom\u00e9stico a su vivienda?","isPartOf":{"@id":"https:\/\/swiftlifts.com\/mx\/#website"},"primaryImageOfPage":{"@id":"https:\/\/swiftlifts.com\/mx\/prueba-puedes-tener-un-ascensor-en-casa\/#primaryimage"},"image":{"@id":"https:\/\/swiftlifts.com\/mx\/prueba-puedes-tener-un-ascensor-en-casa\/#primaryimage"},"thumbnailUrl":"https:\/\/swiftlifts.com\/wp-content\/uploads\/2022\/10\/bild1-800x380.jpg","datePublished":"2024-05-24T10:38:28+00:00","description":"Para instalar un ascensor dom\u00e9stico se requieren las condiciones adecuadas. Pruebe nuestro test para saber si un ascensor dom\u00e9stico es adecuado para su hogar.","breadcrumb":{"@id":"https:\/\/swiftlifts.com\/mx\/prueba-puedes-tener-un-ascensor-en-casa\/#breadcrumb"},"inLanguage":"es","potentialAction":[{"@type":"ReadAction","target":["https:\/\/swiftlifts.com\/mx\/prueba-puedes-tener-un-ascensor-en-casa\/"]}]},{"@type":"ImageObject","inLanguage":"es","@id":"https:\/\/swiftlifts.com\/mx\/prueba-puedes-tener-un-ascensor-en-casa\/#primaryimage","url":"https:\/\/swiftlifts.com\/wp-content\/uploads\/2022\/10\/bild1-800x380.jpg","contentUrl":"https:\/\/swiftlifts.com\/wp-content\/uploads\/2022\/10\/bild1-800x380.jpg"},{"@type":"BreadcrumbList","@id":"https:\/\/swiftlifts.com\/mx\/prueba-puedes-tener-un-ascensor-en-casa\/#breadcrumb","itemListElement":[{"@type":"ListItem","position":1,"name":"Home","item":"https:\/\/swiftlifts.com\/mx\/"},{"@type":"ListItem","position":2,"name":"Prueba: \u00bfpuedes tener un ascensor en casa?"}]},{"@type":"WebSite","@id":"https:\/\/swiftlifts.com\/mx\/#website","url":"https:\/\/swiftlifts.com\/mx\/","name":"SWIFT - 100% battery driven home lifts","description":"NEW WAYS TO MOVE","publisher":{"@id":"https:\/\/swiftlifts.com\/mx\/#organization"},"potentialAction":[{"@type":"SearchAction","target":{"@type":"EntryPoint","urlTemplate":"https:\/\/swiftlifts.com\/mx\/?s={search_term_string}"},"query-input":{"@type":"PropertyValueSpecification","valueRequired":true,"valueName":"search_term_string"}}],"inLanguage":"es"},{"@type":"Organization","@id":"https:\/\/swiftlifts.com\/mx\/#organization","name":"SWIFT Home Lifts","url":"https:\/\/swiftlifts.com\/mx\/","logo":{"@type":"ImageObject","inLanguage":"es","@id":"https:\/\/swiftlifts.com\/mx\/#\/schema\/logo\/image\/","url":"https:\/\/swiftlifts.com\/wp-content\/uploads\/2025\/03\/cropped-SWIFT-Logo-Google.jpg","contentUrl":"https:\/\/swiftlifts.com\/wp-content\/uploads\/2025\/03\/cropped-SWIFT-Logo-Google.jpg","width":512,"height":512,"caption":"SWIFT Home Lifts"},"image":{"@id":"https:\/\/swiftlifts.com\/mx\/#\/schema\/logo\/image\/"},"sameAs":["https:\/\/www.facebook.com\/swifthomelifts","https:\/\/www.instagram.com\/swifthomelifts\/","https:\/\/www.linkedin.com\/company\/swifthomelifts\/","https:\/\/www.pinterest.se\/swifthomelifts\/","https:\/\/www.youtube.com\/@swift5669"]}]}},"_links":{"self":[{"href":"https:\/\/swiftlifts.com\/mx\/wp-json\/wp\/v2\/pages\/45391","targetHints":{"allow":["GET"]}}],"collection":[{"href":"https:\/\/swiftlifts.com\/mx\/wp-json\/wp\/v2\/pages"}],"about":[{"href":"https:\/\/swiftlifts.com\/mx\/wp-json\/wp\/v2\/types\/page"}],"author":[{"embeddable":true,"href":"https:\/\/swiftlifts.com\/mx\/wp-json\/wp\/v2\/users\/1"}],"replies":[{"embeddable":true,"href":"https:\/\/swiftlifts.com\/mx\/wp-json\/wp\/v2\/comments?post=45391"}],"version-history":[{"count":0,"href":"https:\/\/swiftlifts.com\/mx\/wp-json\/wp\/v2\/pages\/45391\/revisions"}],"wp:attachment":[{"href":"https:\/\/swiftlifts.com\/mx\/wp-json\/wp\/v2\/media?parent=45391"}],"curies":[{"name":"wp","href":"https:\/\/api.w.org\/{rel}","templated":true}]}}