{"id":45387,"date":"2024-05-24T11:23:25","date_gmt":"2024-05-24T11:23:25","guid":{"rendered":"https:\/\/swiftlifts.com\/personas-swift\/retrato-swift-leo\/"},"modified":"2024-05-24T11:23:25","modified_gmt":"2024-05-24T11:23:25","slug":"retrato-swift-leo","status":"publish","type":"page","link":"https:\/\/swiftlifts.com\/mx\/personas-swift\/retrato-swift-leo\/","title":{"rendered":"Retrato SWIFT &#8211; Leo"},"content":{"rendered":"\n\t<section class=\"section\" id=\"section_886942089\">\n\t\t<div class=\"section-bg fill\" >\n\t\t\t\t\t\t\t\t\t\n\t\t\t\n\n\t\t<\/div>\n\n\t\t\n\n\t\t<div class=\"section-content relative\">\n\t\t\t\n<div class=\"row\"  id=\"row-730575728\">\n\n\t<div id=\"col-261826493\" class=\"col small-12 large-12\"  >\n\t\t\t\t<div class=\"col-inner\"  >\n\t\t\t\n\t\t\t\n\t\t<\/div>\n\t\t\t\t\t<\/div>\n\n\t\n<\/div>\n<div class=\"row align-center\" style=\"max-width:100%\" id=\"row-1874219452\">\n\n\t<div id=\"col-1555222570\" class=\"col medium-10 small-12 large-10\"  >\n\t\t\t\t<div class=\"col-inner\"  >\n\t\t\t\n\t\t\t\n\t<div id=\"text-1105369671\" class=\"text\">\n\t\t\n<h1>SWIFT People<\/h1>\n\t\t\n<style>\n#text-1105369671 {\n  font-size: 1.75rem;\n  line-height: 0.75;\n  color: rgb(0, 10, 54);\n}\n#text-1105369671 > * {\n  color: rgb(0, 10, 54);\n}\n<\/style>\n\t<\/div>\n\t\n\t<div id=\"text-1909953620\" class=\"text\">\n\t\t\n<p>Retrato del mes<\/p>\n\t\t\n<style>\n#text-1909953620 {\n  font-size: 1.6rem;\n  line-height: 0.75;\n}\n<\/style>\n\t<\/div>\n\t\n\t\t<\/div>\n\t\t\t\t\n<style>\n#col-1555222570 > .col-inner {\n  padding: 50px 0px 0px 0px;\n}\n<\/style>\n\t<\/div>\n\n\t\n<\/div>\n<div class=\"row align-equal align-center\" style=\"max-width:100%\" id=\"row-620575958\">\n\n\t<div id=\"col-553534287\" class=\"col medium-5 small-12 large-5\"  >\n\t\t\t\t<div class=\"col-inner text-left\" style=\"background-color:rgb(30, 98, 122);\" >\n\t\t\t\n\t\t\t\n\t<div id=\"text-4266894971\" class=\"text swift-people-text\">\n\t\t\n<p>NOMBRE: <b>Leo Pihlblad<\/b><br \/>CARGO: <b>Artista 3D <\/b><br \/>EDAD: <b>34<\/b><br \/>VIVE: <b>Perth, Australia<\/b><\/p>\n\t\t\n<style>\n#text-4266894971 {\n  font-size: 1.5rem;\n  line-height: 1.65;\n  color: rgb(255, 255, 255);\n}\n#text-4266894971 > * {\n  color: rgb(255, 255, 255);\n}\n<\/style>\n\t<\/div>\n\t\n\t\t<\/div>\n\t\t\t\t\n<style>\n#col-553534287 > .col-inner {\n  padding: 30px 0px 0px 30px;\n  margin: 0px 0px 0px 0px;\n}\n@media (min-width:550px) {\n  #col-553534287 > .col-inner {\n    padding: 20% 0px 0px 50px;\n  }\n}\n<\/style>\n\t<\/div>\n\n\t\n\n\t<div id=\"col-2013059808\" class=\"col medium-5 small-12 large-5\"  >\n\t\t\t\t<div class=\"col-inner\"  >\n\t\t\t\n\t\t\t\n\t<div class=\"img has-hover x md-x lg-x y md-y lg-y\" id=\"image_1201188998\">\n\t\t\t\t\t\t\t\t<div class=\"img-inner dark\" >\n\t\t\t<img loading=\"lazy\" decoding=\"async\" width=\"663\" height=\"800\" src=\"https:\/\/swiftlifts.com\/wp-content\/uploads\/2023\/05\/SWIFT_Leonard_Pihlblad-scaled-e1683694194301-663x800.jpg\" class=\"attachment-large size-large\" alt=\"SWIFT People Portrait of Leo Pihlblad\" srcset=\"https:\/\/swiftlifts.com\/wp-content\/uploads\/2023\/05\/SWIFT_Leonard_Pihlblad-scaled-e1683694194301-663x800.jpg 663w, https:\/\/swiftlifts.com\/wp-content\/uploads\/2023\/05\/SWIFT_Leonard_Pihlblad-scaled-e1683694194301-332x400.jpg 332w, https:\/\/swiftlifts.com\/wp-content\/uploads\/2023\/05\/SWIFT_Leonard_Pihlblad-scaled-e1683694194301-768x927.jpg 768w, https:\/\/swiftlifts.com\/wp-content\/uploads\/2023\/05\/SWIFT_Leonard_Pihlblad-scaled-e1683694194301-1273x1536.jpg 1273w, https:\/\/swiftlifts.com\/wp-content\/uploads\/2023\/05\/SWIFT_Leonard_Pihlblad-scaled-e1683694194301.jpg 1418w\" sizes=\"auto, (max-width: 663px) 100vw, 663px\" \/>\t\t\t\t\t\t\n\t\t\t\t\t<\/div>\n\t\t\t\t\t\t\t\t\n<style>\n#image_1201188998 {\n  width: 100%;\n}\n<\/style>\n\t<\/div>\n\t\n\t\t<\/div>\n\t\t\t\t\n<style>\n#col-2013059808 > .col-inner {\n  margin: 0px 0px 0px 0px;\n}\n<\/style>\n\t<\/div>\n\n\t\n<\/div>\n<div class=\"row align-equal align-center\" style=\"max-width:100%\" id=\"row-622768549\">\n\n\t<div id=\"col-1807966625\" class=\"col medium-10 small-12 large-10\"  >\n\t\t\t\t<div class=\"col-inner\"  >\n\t\t\t\n\t<div class=\"is-border\"\n\t\tstyle=\"border-color:rgb(30, 98, 122);border-width:5px 5px 5px 5px;\">\n\t<\/div>\n\t\t\t\n\t<div id=\"text-542366577\" class=\"text\">\n\t\t\n<p><b>Cu\u00e1l es tu lugar feliz?<br \/><\/b>En el oc\u00e9ano, entre las olas en un caluroso d\u00eda de verano. <span class=\"ui-provider ha b c d e f g h i j k l m n o p q r s t u v w x y z ab ac ae af ag ah ai aj ak\" dir=\"ltr\">\ud83c\udf0a <\/span><\/p>\n<p><strong>Falkenberg, LA o Perth? <br \/><\/strong>Biarritz es mi lugar favorito. <span class=\"ui-provider ha b c d e f g h i j k l m n o p q r s t u v w x y z ab ac ae af ag ah ai aj ak\" dir=\"ltr\">\ud83d\udc99\ud83e\udd0d\u2764\ufe0f<\/span><\/p>\n<p><strong>Ciudad o Playa ? <br \/><\/strong> C\u00f4te de Basque \u2013 Biarritz. <span class=\"ui-provider ha b c d e f g h i j k l m n o p q r s t u v w x y z ab ac ae af ag ah ai aj ak\" dir=\"ltr\">\ud83c\udfd6<\/span><\/p>\n<p><b><strong>Digital o anal\u00f3gico<\/strong>?<br \/><\/b> Digital en el trabajo, anal\u00f3gico en la vida. <span class=\"ui-provider ha b c d e f g h i j k l m n o p q r s t u v w x y z ab ac ae af ag ah ai aj ak\" dir=\"ltr\">\ud83d\udcbb \ud83c\udf05<\/span><\/p>\n<p><strong>Traje o pantalones cortos con camiseta? <br \/><\/strong>Traje despu\u00e9s de las 6pm. <span class=\"ui-provider ha b c d e f g h i j k l m n o p q r s t u v w x y z ab ac ae af ag ah ai aj ak\" dir=\"ltr\">\ud83d\udd74<\/span><\/p>\n<p><strong>Que es lo que mas te gusta de lo que haces en SWIFT?<br \/><\/strong>La creatividad y romper fronteras con nuevas ideas. <span class=\"ui-provider ha b c d e f g h i j k l m n o p q r s t u v w x y z ab ac ae af ag ah ai aj ak\" dir=\"ltr\">\ud83d\udca1<\/span><br \/><strong><br \/>\u00bfC\u00f3mo empezaste haciendo animaci\u00f3n y dise\u00f1os Render?<br \/><\/strong>Empez\u00f3 como una afici\u00f3n paralela al ver a otros artistas 3D. <span class=\"ui-provider ha b c d e f g h i j k l m n o p q r s t u v w x y z ab ac ae af ag ah ai aj ak\" dir=\"ltr\">\ud83e\uddd1\u200d\ud83c\udfa8<\/span><\/p>\n<p><strong>\u00bfQu\u00e9 competencias son necesarias para desempe\u00f1ar su trabajo?<br \/><\/strong>Comunicaci\u00f3n visual, conocimientos de arquitectura interior y exterior, modelado y gr\u00e1ficos en 3D, comportamiento de la luz y los materiales. Edici\u00f3n de v\u00eddeo y fotograf\u00eda. Y por \u00faltimo, creatividad y buen ojo. \ud83d\udcf7<span class=\"ui-provider ha b c d e f g h i j k l m n o p q r s t u v w x y z ab ac ae af ag ah ai aj ak\" dir=\"ltr\"><\/span><\/p>\n<p><strong>\u00bfConsejos tuyos para alguien que sue\u00f1a con trabajar en lo que usted hace?<br \/><\/strong>Prueba y error y muchos tutoriales de YouTube. <span class=\"ui-provider ha b c d e f g h i j k l m n o p q r s t u v w x y z ab ac ae af ag ah ai aj ak\" dir=\"ltr\">\u25b6\ufe0f\u25c0\ufe0f<\/span><strong><br \/><\/strong><\/p>\n<p><strong>\u00bfQu\u00e9 significa para ti tu hogar?<br \/><\/strong>Donde estamos juntos. <span class=\"ui-provider ha b c d e f g h i j k l m n o p q r s t u v w x y z ab ac ae af ag ah ai aj ak\" dir=\"ltr\">\ud83e\udd32\ud83c\udffc<\/span><\/p>\n<p><strong>\u00bfQu\u00e9 es lo que m\u00e1s le gusta del elevador dom\u00e9stico SWIFT?<br \/><\/strong> El hecho de que pueda elegir diferentes formas de personalizar el elevador y hacer que se adapte a su hogar. <span class=\"ui-provider ha b c d e f g h i j k l m n o p q r s t u v w x y z ab ac ae af ag ah ai aj ak\" dir=\"ltr\">\ud83c\udfd8<\/span><\/p>\n<p><strong>Estilo arquitect\u00f3nico favorito?<br \/><\/strong>Arquitectura moderna y cl\u00e1sica. <span class=\"ui-provider ha b c d e f g h i j k l m n o p q r s t u v w x y z ab ac ae af ag ah ai aj ak\" dir=\"ltr\">\ud83c\udfdb<\/span><\/p>\n<p><strong>\u00bfC\u00f3mo es una jornada laboral normal?<br \/><\/strong>Un d\u00eda normal de trabajo empieza bastante temprano, miro mi lista de tareas pendientes y suelo trabajar un par de horas, luego hago una pausa para tomarme un descanso. Y luego sigo trabajando por la tarde otra vez cuando la oficina de Suecia est\u00e1 abierta para poder estar disponible. \ud83d\udcdd<span class=\"ui-provider ha b c d e f g h i j k l m n o p q r s t u v w x y z ab ac ae af ag ah ai aj ak\" dir=\"ltr\"><\/span><\/p>\n<p><strong>Tus 3 rutinas diarias?<br \/><\/strong> Estirar, entrenar y molestar a mi novia. <span class=\"ui-provider ha b c d e f g h i j k l m n o p q r s t u v w x y z ab ac ae af ag ah ai aj ak\" dir=\"ltr\">\ud83d\ude46<\/span><\/p>\n<p><strong>\u00bfQu\u00e9 cree que es lo m\u00e1s importante de su trabajo en SWIFT?<br \/><\/strong>Asegurarme de que represento la calidad y la est\u00e9tica de los productos y de la empresa. <span class=\"ui-provider ha b c d e f g h i j k l m n o p q r s t u v w x y z ab ac ae af ag ah ai aj ak\" dir=\"ltr\">\ud83d\udc4c\ud83c\udffd<\/span><\/p>\n<p><strong>Tus placeres culposos?<br \/><\/strong>Dulces suecos en el extranjero. <span class=\"ui-provider ha b c d e f g h i j k l m n o p q r s t u v w x y z ab ac ae af ag ah ai aj ak\" dir=\"ltr\">\ud83c\udf6c<\/span><\/p>\n<p><strong>\u00bfSu mejor consejo para viajar?<br \/><\/strong>No sigas al reba\u00f1o ni planifiques cada d\u00eda. La mayor\u00eda de las cosas divertidas suelen ocurrir de manera espont\u00e1nea<\/p>\n<p><strong>\u00bfQu\u00e9 hay en tu lista de deseos?<br \/><\/strong> Hacer salto base desde una monta\u00f1a. <span class=\"ui-provider ha b c d e f g h i j k l m n o p q r s t u v w x y z ab ac ae af ag ah ai aj ak\" dir=\"ltr\">\ud83e\ude82<\/span><\/p>\n<p><strong>Tu lema de vida?<br \/><\/strong>El que tenga m\u00e1s experiencia cuando muera gana. <span class=\"ui-provider ha b c d e f g h i j k l m n o p q r s t u v w x y z ab ac ae af ag ah ai aj ak\" dir=\"ltr\">\ud83c\udfc6<\/span><\/p>\n<p><strong>\u00bfSu medio de desplazamiento favorito adem\u00e1s de las gr\u00faas dom\u00e9sticas SWIFT?<br \/><\/strong>Arriba y abajo de la cara de una ola. <span class=\"ui-provider ha b c d e f g h i j k l m n o p q r s t u v w x y z ab ac ae af ag ah ai aj ak\" dir=\"ltr\">\ud83c\udfc4\u200d\u2642\ufe0f<\/span><\/p>\n\t\t\n<style>\n#text-542366577 {\n  font-size: 1.5rem;\n  color: rgb(30, 98, 122);\n}\n#text-542366577 > * {\n  color: rgb(30, 98, 122);\n}\n<\/style>\n\t<\/div>\n\t\n\t\t<\/div>\n\t\t\t\t\n<style>\n#col-1807966625 > .col-inner {\n  padding: 10px 10px 10px 10px;\n}\n@media (min-width:550px) {\n  #col-1807966625 > .col-inner {\n    padding: 50px 50px 50px 50px;\n  }\n}\n<\/style>\n\t<\/div>\n\n\t\n<\/div>\n\t\t<\/div>\n\n\t\t\n<style>\n#section_886942089 {\n  padding-top: 30px;\n  padding-bottom: 30px;\n}\n<\/style>\n\t<\/section>\n\t\n","protected":false},"excerpt":{"rendered":"","protected":false},"author":11,"featured_media":0,"parent":45375,"menu_order":0,"comment_status":"closed","ping_status":"closed","template":"page-transparent-header.php","meta":{"_acf_changed":false,"content-type":"","footnotes":""},"class_list":["post-45387","page","type-page","status-publish","hentry"],"acf":[],"yoast_head":"<!-- This site is optimized with the Yoast SEO Premium plugin v27.3 (Yoast SEO v27.3) - https:\/\/yoast.com\/product\/yoast-seo-premium-wordpress\/ -->\n<title>Retrato SWIFT - Leo - SWIFT - 100% battery driven home lifts<\/title>\n<meta name=\"robots\" content=\"index, follow, max-snippet:-1, max-image-preview:large, max-video-preview:-1\" \/>\n<link rel=\"canonical\" href=\"https:\/\/swiftlifts.com\/mx\/personas-swift\/retrato-swift-leo\/\" \/>\n<meta property=\"og:locale\" content=\"es_MX\" \/>\n<meta property=\"og:type\" content=\"article\" \/>\n<meta property=\"og:title\" content=\"Retrato SWIFT - Leo\" \/>\n<meta property=\"og:url\" content=\"https:\/\/swiftlifts.com\/mx\/personas-swift\/retrato-swift-leo\/\" \/>\n<meta property=\"og:site_name\" content=\"SWIFT - 100% battery driven home lifts\" \/>\n<meta property=\"article:publisher\" content=\"https:\/\/www.facebook.com\/swifthomelifts\" \/>\n<meta name=\"twitter:card\" content=\"summary_large_image\" \/>\n<meta name=\"twitter:label1\" content=\"Tiempo de lectura\" \/>\n\t<meta name=\"twitter:data1\" content=\"3 minutos\" \/>\n<script type=\"application\/ld+json\" class=\"yoast-schema-graph\">{\"@context\":\"https:\\\/\\\/schema.org\",\"@graph\":[{\"@type\":\"WebPage\",\"@id\":\"https:\\\/\\\/swiftlifts.com\\\/mx\\\/personas-swift\\\/retrato-swift-leo\\\/\",\"url\":\"https:\\\/\\\/swiftlifts.com\\\/mx\\\/personas-swift\\\/retrato-swift-leo\\\/\",\"name\":\"Retrato SWIFT - Leo - SWIFT - 100% battery driven home lifts\",\"isPartOf\":{\"@id\":\"https:\\\/\\\/swiftlifts.com\\\/mx\\\/#website\"},\"datePublished\":\"2024-05-24T11:23:25+00:00\",\"breadcrumb\":{\"@id\":\"https:\\\/\\\/swiftlifts.com\\\/mx\\\/personas-swift\\\/retrato-swift-leo\\\/#breadcrumb\"},\"inLanguage\":\"es\",\"potentialAction\":[{\"@type\":\"ReadAction\",\"target\":[\"https:\\\/\\\/swiftlifts.com\\\/mx\\\/personas-swift\\\/retrato-swift-leo\\\/\"]}]},{\"@type\":\"BreadcrumbList\",\"@id\":\"https:\\\/\\\/swiftlifts.com\\\/mx\\\/personas-swift\\\/retrato-swift-leo\\\/#breadcrumb\",\"itemListElement\":[{\"@type\":\"ListItem\",\"position\":1,\"name\":\"Home\",\"item\":\"https:\\\/\\\/swiftlifts.com\\\/mx\\\/\"},{\"@type\":\"ListItem\",\"position\":2,\"name\":\"SWIFT People\",\"item\":\"https:\\\/\\\/swiftlifts.com\\\/mx\\\/personas-swift\\\/\"},{\"@type\":\"ListItem\",\"position\":3,\"name\":\"Retrato SWIFT &#8211; Leo\"}]},{\"@type\":\"WebSite\",\"@id\":\"https:\\\/\\\/swiftlifts.com\\\/mx\\\/#website\",\"url\":\"https:\\\/\\\/swiftlifts.com\\\/mx\\\/\",\"name\":\"SWIFT - 100% battery driven home lifts\",\"description\":\"NEW WAYS TO MOVE\",\"publisher\":{\"@id\":\"https:\\\/\\\/swiftlifts.com\\\/mx\\\/#organization\"},\"potentialAction\":[{\"@type\":\"SearchAction\",\"target\":{\"@type\":\"EntryPoint\",\"urlTemplate\":\"https:\\\/\\\/swiftlifts.com\\\/mx\\\/?s={search_term_string}\"},\"query-input\":{\"@type\":\"PropertyValueSpecification\",\"valueRequired\":true,\"valueName\":\"search_term_string\"}}],\"inLanguage\":\"es\"},{\"@type\":\"Organization\",\"@id\":\"https:\\\/\\\/swiftlifts.com\\\/mx\\\/#organization\",\"name\":\"SWIFT Home Lifts\",\"url\":\"https:\\\/\\\/swiftlifts.com\\\/mx\\\/\",\"logo\":{\"@type\":\"ImageObject\",\"inLanguage\":\"es\",\"@id\":\"https:\\\/\\\/swiftlifts.com\\\/mx\\\/#\\\/schema\\\/logo\\\/image\\\/\",\"url\":\"https:\\\/\\\/swiftlifts.com\\\/wp-content\\\/uploads\\\/2025\\\/03\\\/cropped-SWIFT-Logo-Google.jpg\",\"contentUrl\":\"https:\\\/\\\/swiftlifts.com\\\/wp-content\\\/uploads\\\/2025\\\/03\\\/cropped-SWIFT-Logo-Google.jpg\",\"width\":512,\"height\":512,\"caption\":\"SWIFT Home Lifts\"},\"image\":{\"@id\":\"https:\\\/\\\/swiftlifts.com\\\/mx\\\/#\\\/schema\\\/logo\\\/image\\\/\"},\"sameAs\":[\"https:\\\/\\\/www.facebook.com\\\/swifthomelifts\",\"https:\\\/\\\/www.instagram.com\\\/swifthomelifts\\\/\",\"https:\\\/\\\/www.linkedin.com\\\/company\\\/swifthomelifts\\\/\",\"https:\\\/\\\/www.pinterest.se\\\/swifthomelifts\\\/\",\"https:\\\/\\\/www.youtube.com\\\/@swift5669\"]}]}<\/script>\n<!-- \/ Yoast SEO Premium plugin. -->","yoast_head_json":{"title":"Retrato SWIFT - Leo - SWIFT - 100% battery driven home lifts","robots":{"index":"index","follow":"follow","max-snippet":"max-snippet:-1","max-image-preview":"max-image-preview:large","max-video-preview":"max-video-preview:-1"},"canonical":"https:\/\/swiftlifts.com\/mx\/personas-swift\/retrato-swift-leo\/","og_locale":"es_MX","og_type":"article","og_title":"Retrato SWIFT - Leo","og_url":"https:\/\/swiftlifts.com\/mx\/personas-swift\/retrato-swift-leo\/","og_site_name":"SWIFT - 100% battery driven home lifts","article_publisher":"https:\/\/www.facebook.com\/swifthomelifts","twitter_card":"summary_large_image","twitter_misc":{"Tiempo de lectura":"3 minutos"},"schema":{"@context":"https:\/\/schema.org","@graph":[{"@type":"WebPage","@id":"https:\/\/swiftlifts.com\/mx\/personas-swift\/retrato-swift-leo\/","url":"https:\/\/swiftlifts.com\/mx\/personas-swift\/retrato-swift-leo\/","name":"Retrato SWIFT - Leo - SWIFT - 100% battery driven home lifts","isPartOf":{"@id":"https:\/\/swiftlifts.com\/mx\/#website"},"datePublished":"2024-05-24T11:23:25+00:00","breadcrumb":{"@id":"https:\/\/swiftlifts.com\/mx\/personas-swift\/retrato-swift-leo\/#breadcrumb"},"inLanguage":"es","potentialAction":[{"@type":"ReadAction","target":["https:\/\/swiftlifts.com\/mx\/personas-swift\/retrato-swift-leo\/"]}]},{"@type":"BreadcrumbList","@id":"https:\/\/swiftlifts.com\/mx\/personas-swift\/retrato-swift-leo\/#breadcrumb","itemListElement":[{"@type":"ListItem","position":1,"name":"Home","item":"https:\/\/swiftlifts.com\/mx\/"},{"@type":"ListItem","position":2,"name":"SWIFT People","item":"https:\/\/swiftlifts.com\/mx\/personas-swift\/"},{"@type":"ListItem","position":3,"name":"Retrato SWIFT &#8211; Leo"}]},{"@type":"WebSite","@id":"https:\/\/swiftlifts.com\/mx\/#website","url":"https:\/\/swiftlifts.com\/mx\/","name":"SWIFT - 100% battery driven home lifts","description":"NEW WAYS TO MOVE","publisher":{"@id":"https:\/\/swiftlifts.com\/mx\/#organization"},"potentialAction":[{"@type":"SearchAction","target":{"@type":"EntryPoint","urlTemplate":"https:\/\/swiftlifts.com\/mx\/?s={search_term_string}"},"query-input":{"@type":"PropertyValueSpecification","valueRequired":true,"valueName":"search_term_string"}}],"inLanguage":"es"},{"@type":"Organization","@id":"https:\/\/swiftlifts.com\/mx\/#organization","name":"SWIFT Home Lifts","url":"https:\/\/swiftlifts.com\/mx\/","logo":{"@type":"ImageObject","inLanguage":"es","@id":"https:\/\/swiftlifts.com\/mx\/#\/schema\/logo\/image\/","url":"https:\/\/swiftlifts.com\/wp-content\/uploads\/2025\/03\/cropped-SWIFT-Logo-Google.jpg","contentUrl":"https:\/\/swiftlifts.com\/wp-content\/uploads\/2025\/03\/cropped-SWIFT-Logo-Google.jpg","width":512,"height":512,"caption":"SWIFT Home Lifts"},"image":{"@id":"https:\/\/swiftlifts.com\/mx\/#\/schema\/logo\/image\/"},"sameAs":["https:\/\/www.facebook.com\/swifthomelifts","https:\/\/www.instagram.com\/swifthomelifts\/","https:\/\/www.linkedin.com\/company\/swifthomelifts\/","https:\/\/www.pinterest.se\/swifthomelifts\/","https:\/\/www.youtube.com\/@swift5669"]}]}},"_links":{"self":[{"href":"https:\/\/swiftlifts.com\/mx\/wp-json\/wp\/v2\/pages\/45387","targetHints":{"allow":["GET"]}}],"collection":[{"href":"https:\/\/swiftlifts.com\/mx\/wp-json\/wp\/v2\/pages"}],"about":[{"href":"https:\/\/swiftlifts.com\/mx\/wp-json\/wp\/v2\/types\/page"}],"author":[{"embeddable":true,"href":"https:\/\/swiftlifts.com\/mx\/wp-json\/wp\/v2\/users\/11"}],"replies":[{"embeddable":true,"href":"https:\/\/swiftlifts.com\/mx\/wp-json\/wp\/v2\/comments?post=45387"}],"version-history":[{"count":0,"href":"https:\/\/swiftlifts.com\/mx\/wp-json\/wp\/v2\/pages\/45387\/revisions"}],"up":[{"embeddable":true,"href":"https:\/\/swiftlifts.com\/mx\/wp-json\/wp\/v2\/pages\/45375"}],"wp:attachment":[{"href":"https:\/\/swiftlifts.com\/mx\/wp-json\/wp\/v2\/media?parent=45387"}],"curies":[{"name":"wp","href":"https:\/\/api.w.org\/{rel}","templated":true}]}}