{"id":45386,"date":"2024-05-24T11:23:47","date_gmt":"2024-05-24T11:23:47","guid":{"rendered":"https:\/\/swiftlifts.com\/personas-swift\/retrato-swift-oscar\/"},"modified":"2024-05-24T11:23:47","modified_gmt":"2024-05-24T11:23:47","slug":"retrato-swift-oscar","status":"publish","type":"page","link":"https:\/\/swiftlifts.com\/mx\/personas-swift\/retrato-swift-oscar\/","title":{"rendered":"Retrato SWIFT &#8211; Oscar"},"content":{"rendered":"\n\t<section class=\"section\" id=\"section_863141549\">\n\t\t<div class=\"section-bg fill\" >\n\t\t\t\t\t\t\t\t\t\n\t\t\t\n\n\t\t<\/div>\n\n\t\t\n\n\t\t<div class=\"section-content relative\">\n\t\t\t\n<div class=\"row\"  id=\"row-858799469\">\n\n\t<div id=\"col-300230515\" class=\"col small-12 large-12\"  >\n\t\t\t\t<div class=\"col-inner\"  >\n\t\t\t\n\t\t\t\n\t\t<\/div>\n\t\t\t\t\t<\/div>\n\n\t\n<\/div>\n<div class=\"row align-center\" style=\"max-width:100%\" id=\"row-1113120327\">\n\n\t<div id=\"col-767237084\" class=\"col medium-10 small-12 large-10\"  >\n\t\t\t\t<div class=\"col-inner\"  >\n\t\t\t\n\t\t\t\n\t<div id=\"text-2445950085\" class=\"text\">\n\t\t\n<h1>SWIFT People<\/h1>\n\t\t\n<style>\n#text-2445950085 {\n  font-size: 1.75rem;\n  line-height: 0.75;\n  color: rgb(0, 10, 54);\n}\n#text-2445950085 > * {\n  color: rgb(0, 10, 54);\n}\n<\/style>\n\t<\/div>\n\t\n\t<div id=\"text-777523043\" class=\"text\">\n\t\t\n<p>Retrato del mes<br \/>\n\t\t\n<style>\n#text-777523043 {\n  font-size: 1.6rem;\n  line-height: 0.75;\n}\n<\/style>\n\t<\/div>\n\t\n\t\t<\/div>\n\t\t\t\t\n<style>\n#col-767237084 > .col-inner {\n  padding: 50px 0px 0px 0px;\n}\n<\/style>\n\t<\/div>\n\n\t\n<\/div>\n<div class=\"row align-equal align-center\" style=\"max-width:100%\" id=\"row-1657626554\">\n\n\t<div id=\"col-978908741\" class=\"col medium-5 small-12 large-5\"  >\n\t\t\t\t<div class=\"col-inner text-left\" style=\"background-color:rgb(30, 98, 122);\" >\n\t\t\t\n\t\t\t\n\t<div id=\"text-985685547\" class=\"text swift-people-text\">\n\t\t\n<p>NOMBRE Oscar Berg<b><\/b><br \/>\nCARGO: Director de Ingenier\u00eda T\u00e9cnica<b><\/b><br \/>\nEDAD: <b>37<\/b><br \/>\nVIVE: <b>Stockholm, Sweden<\/b><\/p>\n\t\t\n<style>\n#text-985685547 {\n  font-size: 1.5rem;\n  line-height: 1.65;\n  color: rgb(255, 255, 255);\n}\n#text-985685547 > * {\n  color: rgb(255, 255, 255);\n}\n<\/style>\n\t<\/div>\n\t\n\t\t<\/div>\n\t\t\t\t\n<style>\n#col-978908741 > .col-inner {\n  padding: 30px 0px 0px 30px;\n  margin: 0px 0px 0px 0px;\n}\n@media (min-width:550px) {\n  #col-978908741 > .col-inner {\n    padding: 20% 0px 0px 50px;\n  }\n}\n<\/style>\n\t<\/div>\n\n\t\n\n\t<div id=\"col-221728565\" class=\"col medium-5 small-12 large-5\"  >\n\t\t\t\t<div class=\"col-inner\"  >\n\t\t\t\n\t\t\t\n\t<div class=\"img has-hover x md-x lg-x y md-y lg-y\" id=\"image_645995685\">\n\t\t\t\t\t\t\t\t<div class=\"img-inner dark\" >\n\t\t\t<img loading=\"lazy\" decoding=\"async\" width=\"1000\" height=\"673\" src=\"https:\/\/swiftlifts.com\/wp-content\/uploads\/2023\/03\/oscar.jpg\" class=\"attachment-large size-large\" alt=\"oscar\" srcset=\"https:\/\/swiftlifts.com\/wp-content\/uploads\/2023\/03\/oscar.jpg 1000w, https:\/\/swiftlifts.com\/wp-content\/uploads\/2023\/03\/oscar-594x400.jpg 594w, https:\/\/swiftlifts.com\/wp-content\/uploads\/2023\/03\/oscar-768x517.jpg 768w\" sizes=\"auto, (max-width: 1000px) 100vw, 1000px\" \/>\t\t\t\t\t\t\n\t\t\t\t\t<\/div>\n\t\t\t\t\t\t\t\t\n<style>\n#image_645995685 {\n  width: 100%;\n}\n<\/style>\n\t<\/div>\n\t\n\t\t<\/div>\n\t\t\t\t\n<style>\n#col-221728565 > .col-inner {\n  margin: 0px 0px 0px 0px;\n}\n<\/style>\n\t<\/div>\n\n\t\n<\/div>\n<div class=\"row align-equal align-center\" style=\"max-width:100%\" id=\"row-1924097842\">\n\n\t<div id=\"col-112184917\" class=\"col medium-10 small-12 large-10\"  >\n\t\t\t\t<div class=\"col-inner\"  >\n\t\t\t\n\t<div class=\"is-border\"\n\t\tstyle=\"border-color:rgb(30, 98, 122);border-width:5px 5px 5px 5px;\">\n\t<\/div>\n\t\t\t\n\t<div id=\"text-4140761378\" class=\"text\">\n\t\t\n<p><strong>\u00bfSu trayectoria en breve?<br \/><\/strong> &#8211; Empec\u00e9 como mec\u00e1nico de coches en Porsche. <span class=\"ui-provider gp b c d e f g h i j k l m n o p q r s t u v w x y z ab ac ae af ag ah ai aj ak\" dir=\"ltr\">\ud83c\udfce<\/span> Luego trabaj\u00e9 en Pl\u00e5tl\u00e5dan AB, que es, con diferencia, la empresa con m\u00e1s experiencia del mundo en la instalaci\u00f3n de elevadores de husillo. Despu\u00e9s mont\u00e9 mi propia empresa en la que vend\u00eda e instalaba elevadores de tornillos. Ahora, desde 2021, estoy con SWIFT. <\/p>\n<p><strong>\u00bfSu lema en la vida? <\/strong><br \/>-Nadie se acuerda de los cobardes<\/p>\n<p><strong>\u00bfQu\u00e9 significa para usted su hogar?<\/strong>  <br \/>&#8211; Un lugar donde relajarse. \ud83d\udecb<span class=\"ui-provider gp b c d e f g h i j k l m n o p q r s t u v w x y z ab ac ae af ag ah ai aj ak\" dir=\"ltr\"><\/span><\/p>\n<p><strong>\u00bfApartamento o casa? <\/strong><br \/>&#8211; Casa.<span class=\"ui-provider gp b c d e f g h i j k l m n o p q r s t u v w x y z ab ac ae af ag ah ai aj ak\" dir=\"ltr\">\ud83c\udfe0<\/span>(Dif\u00edcil encontrar espacio para todos mis juguetes en un apartamento. :))\u00bfApartamento o casa? <\/p>\n<p><strong>\u00bfCiudad o campo? <\/strong><br \/>&#8211; Definitivamente el campo. <span class=\"ui-provider gp b c d e f g h i j k l m n o p q r s t u v w x y z ab ac ae af ag ah ai aj ak\" dir=\"ltr\"> \ud83c\udf33<\/span><span class=\"ui-provider gp b c d e f g h i j k l m n o p q r s t u v w x y z ab ac ae af ag ah ai aj ak\" dir=\"ltr\">\ud83c\udf0a<\/span>Vivo en una isla a las afueras de Estocolmo. <\/p>\n<p><strong>\u00bfLa casa m\u00e1s extraordinaria que ha visitado hasta ahora? <\/strong><br \/>&#8211; La casa del Rey de Suecia. <span class=\"ui-provider gp b c d e f g h i j k l m n o p q r s t u v w x y z ab ac ae af ag ah ai aj ak\" dir=\"ltr\">\ud83d\udc51<br \/><\/span><br \/><strong>\u00bfTu lugar feliz? <br \/><\/strong>&#8211; Nuestro barco por el archipi\u00e9lago de Estocolmo.<span class=\"ui-provider gp b c d e f g h i j k l m n o p q r s t u v w x y z ab ac ae af ag ah ai aj ak\" dir=\"ltr\">\ud83d\udea4 <\/span><\/p>\n<p><strong>\u00bfBolsa de viaje o maleta? <\/strong> <br \/>&#8211; Maleta. Estoy viviendo literalmente en uno. <span class=\"ui-provider gp b c d e f g h i j k l m n o p q r s t u v w x y z ab ac ae af ag ah ai aj ak\" dir=\"ltr\">\ud83e\uddf3 <\/span><\/p>\n<p><strong>Si s\u00f3lo pudiera llevar una herramienta, \u00bfcu\u00e1l ser\u00eda? <\/strong><strong><span class=\"ui-provider gp b c d e f g h i j k l m n o p q r s t u v w x y z ab ac ae af ag ah ai aj ak\" dir=\"ltr\">\ud83e\uddf0 <\/span><\/strong><br \/>&#8211; Sacacorchos.<\/p>\n<p><strong>\u00bfTu mejor consejo para viajar?<\/strong><br \/>&#8211; Prep\u00e1rate para lo peor<\/p>\n<p>Su medio de transporte <b>favorito <\/b> <b>(\u00bfadem\u00e1s de utilizar SWIFT? )<br \/><\/b> &#8211; Me encantan los veh\u00edculos r\u00e1pidos <span class=\"ui-provider gp b c d e f g h i j k l m n o p q r s t u v w x y z ab ac ae af ag ah ai aj ak\" dir=\"ltr\">\ud83d\udca8 <\/span> y poder combinar eso con el funcionamiento con bater\u00eda, algo que en SWIFT tambi\u00e9n hemos hecho, es realmente &#8220;nuevas formas de moverse&#8221; y un paso hacia el cuidado de nuestro planeta. <span class=\"ui-provider gp b c d e f g h i j k l m n o p q r s t u v w x y z ab ac ae af ag ah ai aj ak\" dir=\"ltr\">\ud83c\udf0d<\/span> <\/p>\n<p><strong>\u00bfLa instalaci\u00f3n m\u00e1s memorable (hasta ahora)? <\/strong><br \/>&#8211; La de Kuala Lumpur. Un \u00e1tico de 4 plantas en el piso 20 donde instalamos un ascensor dom\u00e9stico SWIFT.<\/p>\n<p><strong>\u00bfQu\u00e9 es lo que m\u00e1s le gusta del ascensor dom\u00e9stico SWIFT?<br \/><\/strong>&#8211; Que es f\u00e1cil de instalar y tiene una fiabilidad operativa incre\u00edblemente buena.<\/p>\n<p><strong>\u00bfQu\u00e9 competencias son necesarias para desempe\u00f1ar su trabajo?<\/strong> <br \/>&#8211; Tener la mente abierta, ser un poco manitas y tener ojo para los detalles. \ud83d\udc40<span class=\"ui-provider gp b c d e f g h i j k l m n o p q r s t u v w x y z ab ac ae af ag ah ai aj ak\" dir=\"ltr\"><\/span><\/p>\n<p><strong>\u00bfQu\u00e9 es lo que m\u00e1s le gusta de su trabajo en SWIFT?<br \/><\/strong>&#8211; Los encuentros con nuevas culturas y con todos nuestros socios, que son empresarios de gran talento.<\/p>\n<p><strong>\u00bfCocinar o comer fuera? <\/strong><br \/>&#8211; Me gusta mucho cocinar y maridarlo con un buen vino. <span class=\"ui-provider gp b c d e f g h i j k l m n o p q r s t u v w x y z ab ac ae af ag ah ai aj ak\" dir=\"ltr\"> \ud83e\udd58<\/span><span class=\"ui-provider gp b c d e f g h i j k l m n o p q r s t u v w x y z ab ac ae af ag ah ai aj ak\" dir=\"ltr\">\ud83c\udf77<\/span> <br \/><strong><br \/>\u00bf Tu placer culposo?<br \/><\/strong>&#8211; Siempre escucho m\u00fasica House cuando cocino. <span class=\"ui-provider gp b c d e f g h i j k l m n o p q r s t u v w x y z ab ac ae af ag ah ai aj ak\" dir=\"ltr\">\ud83c\udfb6 <\/span><\/p>\n<p><strong>\u00bfEl cliente m\u00e1s feliz?<br \/><\/strong>&#8211; Una pareja de ancianos en la que el marido ha sufrido un derrame cerebral. La instalaci\u00f3n de SWIFT en su casa les ha facilitado la convivencia. <span class=\"ui-provider gp b c d e f g h i j k l m n o p q r s t u v w x y z ab ac ae af ag ah ai aj ak\" dir=\"ltr\">\ud83d\udc75\ud83d\udc74<\/span><\/p>\n<p><strong>\u00bfTu truco de vida definitivo? <br \/><\/strong> -Pasarlo bien <span class=\"ui-provider gp b c d e f g h i j k l m n o p q r s t u v w x y z ab ac ae af ag ah ai aj ak\" dir=\"ltr\">\ud83e\udd73 <\/span><\/p>\n\t\t\n<style>\n#text-4140761378 {\n  font-size: 1.5rem;\n  color: rgb(30, 98, 122);\n}\n#text-4140761378 > * {\n  color: rgb(30, 98, 122);\n}\n<\/style>\n\t<\/div>\n\t\n\t\t<\/div>\n\t\t\t\t\n<style>\n#col-112184917 > .col-inner {\n  padding: 10px 10px 10px 10px;\n}\n@media (min-width:550px) {\n  #col-112184917 > .col-inner {\n    padding: 50px 50px 50px 50px;\n  }\n}\n<\/style>\n\t<\/div>\n\n\t\n<\/div>\n\t\t<\/div>\n\n\t\t\n<style>\n#section_863141549 {\n  padding-top: 30px;\n  padding-bottom: 30px;\n}\n<\/style>\n\t<\/section>\n\t\n","protected":false},"excerpt":{"rendered":"","protected":false},"author":11,"featured_media":0,"parent":45375,"menu_order":0,"comment_status":"closed","ping_status":"closed","template":"page-transparent-header.php","meta":{"_acf_changed":false,"content-type":"","footnotes":""},"class_list":["post-45386","page","type-page","status-publish","hentry"],"acf":[],"yoast_head":"<!-- This site is optimized with the Yoast SEO Premium plugin v27.3 (Yoast SEO v27.3) - https:\/\/yoast.com\/product\/yoast-seo-premium-wordpress\/ -->\n<title>Retrato SWIFT - Oscar - SWIFT - 100% battery driven home lifts<\/title>\n<meta name=\"robots\" content=\"index, follow, max-snippet:-1, max-image-preview:large, max-video-preview:-1\" \/>\n<link rel=\"canonical\" href=\"https:\/\/swiftlifts.com\/mx\/personas-swift\/retrato-swift-oscar\/\" \/>\n<meta property=\"og:locale\" content=\"es_MX\" \/>\n<meta property=\"og:type\" content=\"article\" \/>\n<meta property=\"og:title\" content=\"Retrato SWIFT - Oscar\" \/>\n<meta property=\"og:url\" content=\"https:\/\/swiftlifts.com\/mx\/personas-swift\/retrato-swift-oscar\/\" \/>\n<meta property=\"og:site_name\" content=\"SWIFT - 100% battery driven home lifts\" \/>\n<meta property=\"article:publisher\" content=\"https:\/\/www.facebook.com\/swifthomelifts\" \/>\n<meta name=\"twitter:card\" content=\"summary_large_image\" \/>\n<meta name=\"twitter:label1\" content=\"Tiempo de lectura\" \/>\n\t<meta name=\"twitter:data1\" content=\"3 minutos\" \/>\n<script type=\"application\/ld+json\" class=\"yoast-schema-graph\">{\"@context\":\"https:\\\/\\\/schema.org\",\"@graph\":[{\"@type\":\"WebPage\",\"@id\":\"https:\\\/\\\/swiftlifts.com\\\/mx\\\/personas-swift\\\/retrato-swift-oscar\\\/\",\"url\":\"https:\\\/\\\/swiftlifts.com\\\/mx\\\/personas-swift\\\/retrato-swift-oscar\\\/\",\"name\":\"Retrato SWIFT - Oscar - SWIFT - 100% battery driven home lifts\",\"isPartOf\":{\"@id\":\"https:\\\/\\\/swiftlifts.com\\\/mx\\\/#website\"},\"datePublished\":\"2024-05-24T11:23:47+00:00\",\"breadcrumb\":{\"@id\":\"https:\\\/\\\/swiftlifts.com\\\/mx\\\/personas-swift\\\/retrato-swift-oscar\\\/#breadcrumb\"},\"inLanguage\":\"es\",\"potentialAction\":[{\"@type\":\"ReadAction\",\"target\":[\"https:\\\/\\\/swiftlifts.com\\\/mx\\\/personas-swift\\\/retrato-swift-oscar\\\/\"]}]},{\"@type\":\"BreadcrumbList\",\"@id\":\"https:\\\/\\\/swiftlifts.com\\\/mx\\\/personas-swift\\\/retrato-swift-oscar\\\/#breadcrumb\",\"itemListElement\":[{\"@type\":\"ListItem\",\"position\":1,\"name\":\"Home\",\"item\":\"https:\\\/\\\/swiftlifts.com\\\/mx\\\/\"},{\"@type\":\"ListItem\",\"position\":2,\"name\":\"SWIFT People\",\"item\":\"https:\\\/\\\/swiftlifts.com\\\/mx\\\/personas-swift\\\/\"},{\"@type\":\"ListItem\",\"position\":3,\"name\":\"Retrato SWIFT &#8211; Oscar\"}]},{\"@type\":\"WebSite\",\"@id\":\"https:\\\/\\\/swiftlifts.com\\\/mx\\\/#website\",\"url\":\"https:\\\/\\\/swiftlifts.com\\\/mx\\\/\",\"name\":\"SWIFT - 100% battery driven home lifts\",\"description\":\"NEW WAYS TO MOVE\",\"publisher\":{\"@id\":\"https:\\\/\\\/swiftlifts.com\\\/mx\\\/#organization\"},\"potentialAction\":[{\"@type\":\"SearchAction\",\"target\":{\"@type\":\"EntryPoint\",\"urlTemplate\":\"https:\\\/\\\/swiftlifts.com\\\/mx\\\/?s={search_term_string}\"},\"query-input\":{\"@type\":\"PropertyValueSpecification\",\"valueRequired\":true,\"valueName\":\"search_term_string\"}}],\"inLanguage\":\"es\"},{\"@type\":\"Organization\",\"@id\":\"https:\\\/\\\/swiftlifts.com\\\/mx\\\/#organization\",\"name\":\"SWIFT Home Lifts\",\"url\":\"https:\\\/\\\/swiftlifts.com\\\/mx\\\/\",\"logo\":{\"@type\":\"ImageObject\",\"inLanguage\":\"es\",\"@id\":\"https:\\\/\\\/swiftlifts.com\\\/mx\\\/#\\\/schema\\\/logo\\\/image\\\/\",\"url\":\"https:\\\/\\\/swiftlifts.com\\\/wp-content\\\/uploads\\\/2025\\\/03\\\/cropped-SWIFT-Logo-Google.jpg\",\"contentUrl\":\"https:\\\/\\\/swiftlifts.com\\\/wp-content\\\/uploads\\\/2025\\\/03\\\/cropped-SWIFT-Logo-Google.jpg\",\"width\":512,\"height\":512,\"caption\":\"SWIFT Home Lifts\"},\"image\":{\"@id\":\"https:\\\/\\\/swiftlifts.com\\\/mx\\\/#\\\/schema\\\/logo\\\/image\\\/\"},\"sameAs\":[\"https:\\\/\\\/www.facebook.com\\\/swifthomelifts\",\"https:\\\/\\\/www.instagram.com\\\/swifthomelifts\\\/\",\"https:\\\/\\\/www.linkedin.com\\\/company\\\/swifthomelifts\\\/\",\"https:\\\/\\\/www.pinterest.se\\\/swifthomelifts\\\/\",\"https:\\\/\\\/www.youtube.com\\\/@swift5669\"]}]}<\/script>\n<!-- \/ Yoast SEO Premium plugin. -->","yoast_head_json":{"title":"Retrato SWIFT - Oscar - SWIFT - 100% battery driven home lifts","robots":{"index":"index","follow":"follow","max-snippet":"max-snippet:-1","max-image-preview":"max-image-preview:large","max-video-preview":"max-video-preview:-1"},"canonical":"https:\/\/swiftlifts.com\/mx\/personas-swift\/retrato-swift-oscar\/","og_locale":"es_MX","og_type":"article","og_title":"Retrato SWIFT - Oscar","og_url":"https:\/\/swiftlifts.com\/mx\/personas-swift\/retrato-swift-oscar\/","og_site_name":"SWIFT - 100% battery driven home lifts","article_publisher":"https:\/\/www.facebook.com\/swifthomelifts","twitter_card":"summary_large_image","twitter_misc":{"Tiempo de lectura":"3 minutos"},"schema":{"@context":"https:\/\/schema.org","@graph":[{"@type":"WebPage","@id":"https:\/\/swiftlifts.com\/mx\/personas-swift\/retrato-swift-oscar\/","url":"https:\/\/swiftlifts.com\/mx\/personas-swift\/retrato-swift-oscar\/","name":"Retrato SWIFT - Oscar - SWIFT - 100% battery driven home lifts","isPartOf":{"@id":"https:\/\/swiftlifts.com\/mx\/#website"},"datePublished":"2024-05-24T11:23:47+00:00","breadcrumb":{"@id":"https:\/\/swiftlifts.com\/mx\/personas-swift\/retrato-swift-oscar\/#breadcrumb"},"inLanguage":"es","potentialAction":[{"@type":"ReadAction","target":["https:\/\/swiftlifts.com\/mx\/personas-swift\/retrato-swift-oscar\/"]}]},{"@type":"BreadcrumbList","@id":"https:\/\/swiftlifts.com\/mx\/personas-swift\/retrato-swift-oscar\/#breadcrumb","itemListElement":[{"@type":"ListItem","position":1,"name":"Home","item":"https:\/\/swiftlifts.com\/mx\/"},{"@type":"ListItem","position":2,"name":"SWIFT People","item":"https:\/\/swiftlifts.com\/mx\/personas-swift\/"},{"@type":"ListItem","position":3,"name":"Retrato SWIFT &#8211; Oscar"}]},{"@type":"WebSite","@id":"https:\/\/swiftlifts.com\/mx\/#website","url":"https:\/\/swiftlifts.com\/mx\/","name":"SWIFT - 100% battery driven home lifts","description":"NEW WAYS TO MOVE","publisher":{"@id":"https:\/\/swiftlifts.com\/mx\/#organization"},"potentialAction":[{"@type":"SearchAction","target":{"@type":"EntryPoint","urlTemplate":"https:\/\/swiftlifts.com\/mx\/?s={search_term_string}"},"query-input":{"@type":"PropertyValueSpecification","valueRequired":true,"valueName":"search_term_string"}}],"inLanguage":"es"},{"@type":"Organization","@id":"https:\/\/swiftlifts.com\/mx\/#organization","name":"SWIFT Home Lifts","url":"https:\/\/swiftlifts.com\/mx\/","logo":{"@type":"ImageObject","inLanguage":"es","@id":"https:\/\/swiftlifts.com\/mx\/#\/schema\/logo\/image\/","url":"https:\/\/swiftlifts.com\/wp-content\/uploads\/2025\/03\/cropped-SWIFT-Logo-Google.jpg","contentUrl":"https:\/\/swiftlifts.com\/wp-content\/uploads\/2025\/03\/cropped-SWIFT-Logo-Google.jpg","width":512,"height":512,"caption":"SWIFT Home Lifts"},"image":{"@id":"https:\/\/swiftlifts.com\/mx\/#\/schema\/logo\/image\/"},"sameAs":["https:\/\/www.facebook.com\/swifthomelifts","https:\/\/www.instagram.com\/swifthomelifts\/","https:\/\/www.linkedin.com\/company\/swifthomelifts\/","https:\/\/www.pinterest.se\/swifthomelifts\/","https:\/\/www.youtube.com\/@swift5669"]}]}},"_links":{"self":[{"href":"https:\/\/swiftlifts.com\/mx\/wp-json\/wp\/v2\/pages\/45386","targetHints":{"allow":["GET"]}}],"collection":[{"href":"https:\/\/swiftlifts.com\/mx\/wp-json\/wp\/v2\/pages"}],"about":[{"href":"https:\/\/swiftlifts.com\/mx\/wp-json\/wp\/v2\/types\/page"}],"author":[{"embeddable":true,"href":"https:\/\/swiftlifts.com\/mx\/wp-json\/wp\/v2\/users\/11"}],"replies":[{"embeddable":true,"href":"https:\/\/swiftlifts.com\/mx\/wp-json\/wp\/v2\/comments?post=45386"}],"version-history":[{"count":0,"href":"https:\/\/swiftlifts.com\/mx\/wp-json\/wp\/v2\/pages\/45386\/revisions"}],"up":[{"embeddable":true,"href":"https:\/\/swiftlifts.com\/mx\/wp-json\/wp\/v2\/pages\/45375"}],"wp:attachment":[{"href":"https:\/\/swiftlifts.com\/mx\/wp-json\/wp\/v2\/media?parent=45386"}],"curies":[{"name":"wp","href":"https:\/\/api.w.org\/{rel}","templated":true}]}}