{"id":45385,"date":"2024-05-24T11:24:06","date_gmt":"2024-05-24T11:24:06","guid":{"rendered":"https:\/\/swiftlifts.com\/personas-swift\/retrato-swift-mahmud\/"},"modified":"2024-05-24T11:24:06","modified_gmt":"2024-05-24T11:24:06","slug":"retrato-swift-mahmud","status":"publish","type":"page","link":"https:\/\/swiftlifts.com\/mx\/personas-swift\/retrato-swift-mahmud\/","title":{"rendered":"Retrato SWIFT &#8211; Mahmud"},"content":{"rendered":"\n\t<section class=\"section\" id=\"section_1801051182\">\n\t\t<div class=\"section-bg fill\" >\n\t\t\t\t\t\t\t\t\t\n\t\t\t\n\n\t\t<\/div>\n\n\t\t\n\n\t\t<div class=\"section-content relative\">\n\t\t\t\n<div class=\"row\"  id=\"row-1366999714\">\n\n\t<div id=\"col-2083696201\" class=\"col small-12 large-12\"  >\n\t\t\t\t<div class=\"col-inner\"  >\n\t\t\t\n\t\t\t\n\t\t<\/div>\n\t\t\t\t\t<\/div>\n\n\t\n<\/div>\n<div class=\"row align-center\" style=\"max-width:100%\" id=\"row-1748335783\">\n\n\t<div id=\"col-183741545\" class=\"col medium-10 small-12 large-10\"  >\n\t\t\t\t<div class=\"col-inner\"  >\n\t\t\t\n\t\t\t\n\t<div id=\"text-4089316191\" class=\"text\">\n\t\t\n<h1>SWIFT People<\/h1>\n\t\t\n<style>\n#text-4089316191 {\n  font-size: 1.75rem;\n  line-height: 0.75;\n  color: rgb(0, 10, 54);\n}\n#text-4089316191 > * {\n  color: rgb(0, 10, 54);\n}\n<\/style>\n\t<\/div>\n\t\n\t<div id=\"text-1782830730\" class=\"text\">\n\t\t\n<p>Retrato del mes<\/p>\n\t\t\n<style>\n#text-1782830730 {\n  font-size: 1.6rem;\n  line-height: 0.75;\n}\n<\/style>\n\t<\/div>\n\t\n\t\t<\/div>\n\t\t\t\t\n<style>\n#col-183741545 > .col-inner {\n  margin: 50px 0px 0px 0px;\n}\n<\/style>\n\t<\/div>\n\n\t\n<\/div>\n<div class=\"row align-equal align-center\" style=\"max-width:100%\" id=\"row-596839576\">\n\n\t<div id=\"col-930068215\" class=\"col medium-5 small-12 large-5\"  >\n\t\t\t\t<div class=\"col-inner text-left\" style=\"background-color:rgb(0, 10, 54);\" >\n\t\t\t\n\t\t\t\n\t<div id=\"text-4130306644\" class=\"text swift-people-text\">\n\t\t\n<p>NOMBRE: <b>Mahmud Ababakr<\/b><br \/>\nCARGO: <b>Director de ventas<\/b><br \/>\nEDAD: <b>48<\/b><br \/>\nVIVE: <b>Estocolmo, Suecia <\/b><\/p>\n\t\t\n<style>\n#text-4130306644 {\n  font-size: 1.5rem;\n  line-height: 1.65;\n  color: rgb(250, 245, 242);\n}\n#text-4130306644 > * {\n  color: rgb(250, 245, 242);\n}\n<\/style>\n\t<\/div>\n\t\n\t\t<\/div>\n\t\t\t\t\n<style>\n#col-930068215 > .col-inner {\n  padding: 20% 0px 0px 50px;\n  margin: 0px 0px 0px 0px;\n}\n<\/style>\n\t<\/div>\n\n\t\n\n\t<div id=\"col-72042546\" class=\"col medium-5 small-12 large-5\"  >\n\t\t\t\t<div class=\"col-inner\"  >\n\t\t\t\n\t\t\t\n\t<div class=\"img has-hover x md-x lg-x y md-y lg-y\" id=\"image_853434366\">\n\t\t\t\t\t\t\t\t<div class=\"img-inner dark\" >\n\t\t\t<img loading=\"lazy\" decoding=\"async\" width=\"1000\" height=\"673\" src=\"https:\/\/swiftlifts.com\/wp-content\/uploads\/2022\/12\/mahmud.jpg\" class=\"attachment-large size-large\" alt=\"mahmud\" srcset=\"https:\/\/swiftlifts.com\/wp-content\/uploads\/2022\/12\/mahmud.jpg 1000w, https:\/\/swiftlifts.com\/wp-content\/uploads\/2022\/12\/mahmud-594x400.jpg 594w, https:\/\/swiftlifts.com\/wp-content\/uploads\/2022\/12\/mahmud-768x517.jpg 768w\" sizes=\"auto, (max-width: 1000px) 100vw, 1000px\" \/>\t\t\t\t\t\t\n\t\t\t\t\t<\/div>\n\t\t\t\t\t\t\t\t\n<style>\n#image_853434366 {\n  width: 100%;\n}\n<\/style>\n\t<\/div>\n\t\n\t\t<\/div>\n\t\t\t\t\n<style>\n#col-72042546 > .col-inner {\n  margin: 0px 0px 0px 0px;\n}\n<\/style>\n\t<\/div>\n\n\t\n<\/div>\n<div class=\"row align-equal align-center\" style=\"max-width:100%\" id=\"row-477426665\">\n\n\t<div id=\"col-1043088685\" class=\"col medium-10 small-12 large-10\"  >\n\t\t\t\t<div class=\"col-inner\"  >\n\t\t\t\n\t<div class=\"is-border\"\n\t\tstyle=\"border-color:rgb(30, 98, 122);border-width:5px 5px 5px 5px;\">\n\t<\/div>\n\t\t\t\n\t<div id=\"text-3751584701\" class=\"text\">\n\t\t\n<p><b>\u00bfDonde creciste? <\/b><br \/>\n&#8211; Crec\u00ed en Sud\u00e1n, en una ciudad del este, cerca del Mar Rojo. La regi\u00f3n es importante para \u00c1frica por sus plantaciones de trigo y sus famosas semillas blanquecinas de s\u00e9samo. <\/p>\n<p><b>\u00bfQu\u00e9 quer\u00edas ser de peque\u00f1o?<\/b><br \/>\n&#8211; Mi sue\u00f1o era ser ingeniero y trabajar con la electr\u00f3nica en general. <\/p>\n<p><b>\u00bfCu\u00e1ndo lleg\u00f3 a Suecia y qu\u00e9 cree que le ha hecho feliz aqu\u00ed?<\/b><br \/>\n&#8211; Llegu\u00e9 a Suecia procedente de Sud\u00e1n en septiembre de 1992. Vine con mi hermano. Mis objetivos y mi actitud entonces eran aprender el nuevo idioma, intentar ser abierto y conocer gente nueva.<\/p>\n<p><b>\u00bfAlg\u00fan consejo para otras personas que emigren a otro pa\u00eds?<\/b><br \/>\n&#8211; Yo dir\u00eda que para aprender el idioma y comprender la nueva cultura. Esto es clave. <\/p>\n<p><b>\u00bfC\u00f3mo consigui\u00f3 su sue\u00f1o de trabajar como ingeniero? <\/b><br \/>\n&#8211; Estudi\u00e9 ingenier\u00eda el\u00e9ctrica con especializaci\u00f3n en dise\u00f1o electr\u00f3nico en el KTH -Real Instituto de Ingenier\u00eda- de Estocolmo (Suecia). Durante mis estudios prob\u00e9 varios trabajos a tiempo parcial, como reparaci\u00f3n de equipos inform\u00e1ticos, t\u00e9cnico de trenes subterr\u00e1neos y otros. Tras licenciarme en 2004, me incorpor\u00e9 a la empresa de ascensores Aritco. Esta empresa era muy divertida, y primero llegu\u00e9 a trabajar como t\u00e9cnico, principalmente apoyando la producci\u00f3n y la fabricaci\u00f3n. M\u00e1s tarde, como llegu\u00e9 a conocer muy bien el producto, estuve 2 a\u00f1os en el Reino Unido y trabaj\u00e9 como Ingeniero T\u00e9cnico llevando a cabo la resoluci\u00f3n de problemas en diferentes ascensores de clientes. <\/p>\n<p>En los \u00faltimos a\u00f1os, la combinaci\u00f3n del conocimiento de los productos y la lengua \u00e1rabe me ha llevado a las ventas y, en especial, a la regi\u00f3n de Oriente Medio y \u00c1frica. Paso a paso, empec\u00e9 a crear una red de socios comerciales en la regi\u00f3n. <\/p>\n<p>En 2021, tras 20 a\u00f1os en el sector de los ascensores, decid\u00ed unirme a la start-up SWIFT.<\/p>\n<p><b>\u00bfUna cosa sin la que no puede vivir cuando trabaja?<\/b><br \/>\n&#8211; \u00a1Mi optimismo! Cada nuevo d\u00eda trae nuevas oportunidades.<\/p>\n<p><b>\u00bfQu\u00e9 significa para t\u00ed tu hogar?<\/b><br \/>\n&#8211; Para m\u00ed, un hogar es un lugar tranquilo, apacible y confortable.<\/p>\n<p><b>\u00bfCu\u00e1l es su discurso de ascensor para vender un ascensor dom\u00e9stico SWIFT Pro?<\/b><br \/>\n-El futuro est\u00e1 aqu\u00ed Ahora puede moverse c\u00f3moda y libremente entre los pisos de su casa. SWIFT es vivir a otro nivel En comparaci\u00f3n con otras marcas, SWIFT es el ascensor dom\u00e9stico m\u00e1s moderno, innovador y silencioso. <\/p>\n<p><b>\u00bfQu\u00e9 cree que es lo m\u00e1s divertido de su trabajo para SWIFT?<\/b><br \/>\n&#8211; Me gusta trabajar en estrecha colaboraci\u00f3n con colegas y socios que tienen mucha experiencia y son buenos en lo que hacen. En general, me gusta hacer la vida de todos un poco m\u00e1s f\u00e1cil en todos los aspectos.<\/p>\n<p><b>\u00bfCon qu\u00e9 mercados trabaja principalmente? <\/b><br \/>\n&#8211; Soy responsable de todos los pa\u00edses de Oriente Medio. La siguiente en la lista es \u00c1frica y despu\u00e9s le seguir\u00e1n nuevas regiones.<\/p>\n<p><b>\u00bfC\u00f3mo es una jornada laboral normal?<\/b><br \/>\nSoy madrugador, as\u00ed que normalmente me levanto a las 6 de la ma\u00f1ana. Lo m\u00e1s importante es mi primera taza de caf\u00e9. El caf\u00e9 me prepara para el d\u00eda. Despu\u00e9s, reviso mi correo electr\u00f3nico y los mensajes del equipo, me comunico con mis colegas y hago un seguimiento de nuestros socios. Si no estoy de viaje, por la tarde llevo a mis hijas al entrenamiento de f\u00fatbol, a nataci\u00f3n y a otras actividades. Si es posible, intento hacer algo de ejercicio e intento caminar al menos tres veces por semana. Normalmente intento acostarme pronto, para estar preparada y tener energ\u00eda para el d\u00eda siguiente.<\/p>\n<p><b>C\u00f3mo convertirse en el rey de las ventas: \u00bfsu mejor consejo?<\/b><br \/>\n&#8211; Al trabajar con mercados y socios extranjeros hay que dominar el idioma y comprender la cultura. Esto es clave En general, dir\u00eda que se trata de estar ah\u00ed cuando te necesitan, comprender las necesidades, apoyar r\u00e1pidamente, facilitar y hacer un seguimiento.<\/p>\n<p><b>\u00bfQu\u00e9 es lo que m\u00e1s le gusta de los ascensores dom\u00e9sticos SWIFT? <\/b><br \/>\n&#8211; Como vendedor, debe tener confianza en el producto que vende. S\u00e9 que SWIFT es ahora el ascensor dom\u00e9stico m\u00e1s innovador del mundo. Esto es lo que m\u00e1s me gusta.<\/p>\n<p><b>\u00bfDe qu\u00e9 proyecto de SWIFT se siente m\u00e1s orgulloso (hasta ahora)?<\/b><br \/>\n&#8211; El primer proyecto que hicimos en Arabia Saud\u00ed fue un SWIFT Lite. El socio estaba muy contento y deseoso de ense\u00f1\u00e1rselo tanto a su familia como a sus amigos y clientes. Eso me hizo sentir muy orgulloso.<\/p>\n<p><b>Mirando lo que ha conseguido hasta ahora, \u00bfde qu\u00e9 se siente m\u00e1s orgulloso?<\/b><br \/>\n&#8211; Soy una persona con don de gentes, por lo que estoy orgulloso de la confianza que me inspira una amplia red de socios dedicados y de confianza que he ido creando gradualmente a lo largo de mi carrera. La confianza no es gratis.<\/p>\n<p><b>\u00bfCu\u00e1les son tus placeres culposos?<\/b><br \/>\n&#8211; Comer dulces y tomar postre despu\u00e9s de cenar.<\/p>\n<p><b>\u00bfSus mejores sitios para viajar?<\/b><br \/>\n&#8211; Oriente Medio en general. Siempre me siento seguro cuando viajo all\u00ed. El clima es bueno (si te gusta el calor \ud83d\ude09 ) y la hospitalidad entre la gente es incre\u00edble.<\/p>\n<p><b>\u00bfLugar favorito en el mundo?<\/b><br \/>\n&#8211; Chipre es simplemente fant\u00e1stico. En Chipre puedo relajarme y encontrar nuevas energ\u00edas.<\/p>\n<p><b>\u00bfSue\u00f1os de futuro? <\/b><br \/>\n&#8211; Seguir aprendiendo y avanzando con lo que hago&#8230;<\/p>\n\t\t\n<style>\n#text-3751584701 {\n  font-size: 1.5rem;\n  color: rgb(30, 98, 122);\n}\n#text-3751584701 > * {\n  color: rgb(30, 98, 122);\n}\n<\/style>\n\t<\/div>\n\t\n\t\t<\/div>\n\t\t\t\t\n<style>\n#col-1043088685 > .col-inner {\n  padding: 10px 10px 10px 10px;\n}\n@media (min-width:550px) {\n  #col-1043088685 > .col-inner {\n    padding: 50px 50px 50px 50px;\n  }\n}\n<\/style>\n\t<\/div>\n\n\t\n<\/div>\n\t\t<\/div>\n\n\t\t\n<style>\n#section_1801051182 {\n  padding-top: 30px;\n  padding-bottom: 30px;\n}\n<\/style>\n\t<\/section>\n\t\n","protected":false},"excerpt":{"rendered":"","protected":false},"author":7,"featured_media":0,"parent":45375,"menu_order":0,"comment_status":"closed","ping_status":"closed","template":"page-transparent-header.php","meta":{"_acf_changed":false,"content-type":"","footnotes":""},"class_list":["post-45385","page","type-page","status-publish","hentry"],"acf":[],"yoast_head":"<!-- This site is optimized with the Yoast SEO Premium plugin v27.3 (Yoast SEO v27.3) - https:\/\/yoast.com\/product\/yoast-seo-premium-wordpress\/ -->\n<title>Retrato SWIFT - Mahmud - SWIFT - 100% battery driven home lifts<\/title>\n<meta name=\"robots\" content=\"index, follow, max-snippet:-1, max-image-preview:large, max-video-preview:-1\" \/>\n<link rel=\"canonical\" href=\"https:\/\/swiftlifts.com\/mx\/personas-swift\/retrato-swift-mahmud\/\" \/>\n<meta property=\"og:locale\" content=\"es_MX\" \/>\n<meta property=\"og:type\" content=\"article\" \/>\n<meta property=\"og:title\" content=\"Retrato SWIFT - Mahmud\" \/>\n<meta property=\"og:url\" content=\"https:\/\/swiftlifts.com\/mx\/personas-swift\/retrato-swift-mahmud\/\" \/>\n<meta property=\"og:site_name\" content=\"SWIFT - 100% battery driven home lifts\" \/>\n<meta property=\"article:publisher\" content=\"https:\/\/www.facebook.com\/swifthomelifts\" \/>\n<meta name=\"twitter:card\" content=\"summary_large_image\" \/>\n<meta name=\"twitter:label1\" content=\"Tiempo de lectura\" \/>\n\t<meta name=\"twitter:data1\" content=\"5 minutos\" \/>\n<script type=\"application\/ld+json\" class=\"yoast-schema-graph\">{\"@context\":\"https:\\\/\\\/schema.org\",\"@graph\":[{\"@type\":\"WebPage\",\"@id\":\"https:\\\/\\\/swiftlifts.com\\\/mx\\\/personas-swift\\\/retrato-swift-mahmud\\\/\",\"url\":\"https:\\\/\\\/swiftlifts.com\\\/mx\\\/personas-swift\\\/retrato-swift-mahmud\\\/\",\"name\":\"Retrato SWIFT - Mahmud - SWIFT - 100% battery driven home lifts\",\"isPartOf\":{\"@id\":\"https:\\\/\\\/swiftlifts.com\\\/mx\\\/#website\"},\"datePublished\":\"2024-05-24T11:24:06+00:00\",\"breadcrumb\":{\"@id\":\"https:\\\/\\\/swiftlifts.com\\\/mx\\\/personas-swift\\\/retrato-swift-mahmud\\\/#breadcrumb\"},\"inLanguage\":\"es\",\"potentialAction\":[{\"@type\":\"ReadAction\",\"target\":[\"https:\\\/\\\/swiftlifts.com\\\/mx\\\/personas-swift\\\/retrato-swift-mahmud\\\/\"]}]},{\"@type\":\"BreadcrumbList\",\"@id\":\"https:\\\/\\\/swiftlifts.com\\\/mx\\\/personas-swift\\\/retrato-swift-mahmud\\\/#breadcrumb\",\"itemListElement\":[{\"@type\":\"ListItem\",\"position\":1,\"name\":\"Home\",\"item\":\"https:\\\/\\\/swiftlifts.com\\\/mx\\\/\"},{\"@type\":\"ListItem\",\"position\":2,\"name\":\"SWIFT People\",\"item\":\"https:\\\/\\\/swiftlifts.com\\\/mx\\\/personas-swift\\\/\"},{\"@type\":\"ListItem\",\"position\":3,\"name\":\"Retrato SWIFT &#8211; Mahmud\"}]},{\"@type\":\"WebSite\",\"@id\":\"https:\\\/\\\/swiftlifts.com\\\/mx\\\/#website\",\"url\":\"https:\\\/\\\/swiftlifts.com\\\/mx\\\/\",\"name\":\"SWIFT - 100% battery driven home lifts\",\"description\":\"NEW WAYS TO MOVE\",\"publisher\":{\"@id\":\"https:\\\/\\\/swiftlifts.com\\\/mx\\\/#organization\"},\"potentialAction\":[{\"@type\":\"SearchAction\",\"target\":{\"@type\":\"EntryPoint\",\"urlTemplate\":\"https:\\\/\\\/swiftlifts.com\\\/mx\\\/?s={search_term_string}\"},\"query-input\":{\"@type\":\"PropertyValueSpecification\",\"valueRequired\":true,\"valueName\":\"search_term_string\"}}],\"inLanguage\":\"es\"},{\"@type\":\"Organization\",\"@id\":\"https:\\\/\\\/swiftlifts.com\\\/mx\\\/#organization\",\"name\":\"SWIFT Home Lifts\",\"url\":\"https:\\\/\\\/swiftlifts.com\\\/mx\\\/\",\"logo\":{\"@type\":\"ImageObject\",\"inLanguage\":\"es\",\"@id\":\"https:\\\/\\\/swiftlifts.com\\\/mx\\\/#\\\/schema\\\/logo\\\/image\\\/\",\"url\":\"https:\\\/\\\/swiftlifts.com\\\/wp-content\\\/uploads\\\/2025\\\/03\\\/cropped-SWIFT-Logo-Google.jpg\",\"contentUrl\":\"https:\\\/\\\/swiftlifts.com\\\/wp-content\\\/uploads\\\/2025\\\/03\\\/cropped-SWIFT-Logo-Google.jpg\",\"width\":512,\"height\":512,\"caption\":\"SWIFT Home Lifts\"},\"image\":{\"@id\":\"https:\\\/\\\/swiftlifts.com\\\/mx\\\/#\\\/schema\\\/logo\\\/image\\\/\"},\"sameAs\":[\"https:\\\/\\\/www.facebook.com\\\/swifthomelifts\",\"https:\\\/\\\/www.instagram.com\\\/swifthomelifts\\\/\",\"https:\\\/\\\/www.linkedin.com\\\/company\\\/swifthomelifts\\\/\",\"https:\\\/\\\/www.pinterest.se\\\/swifthomelifts\\\/\",\"https:\\\/\\\/www.youtube.com\\\/@swift5669\"]}]}<\/script>\n<!-- \/ Yoast SEO Premium plugin. -->","yoast_head_json":{"title":"Retrato SWIFT - Mahmud - SWIFT - 100% battery driven home lifts","robots":{"index":"index","follow":"follow","max-snippet":"max-snippet:-1","max-image-preview":"max-image-preview:large","max-video-preview":"max-video-preview:-1"},"canonical":"https:\/\/swiftlifts.com\/mx\/personas-swift\/retrato-swift-mahmud\/","og_locale":"es_MX","og_type":"article","og_title":"Retrato SWIFT - Mahmud","og_url":"https:\/\/swiftlifts.com\/mx\/personas-swift\/retrato-swift-mahmud\/","og_site_name":"SWIFT - 100% battery driven home lifts","article_publisher":"https:\/\/www.facebook.com\/swifthomelifts","twitter_card":"summary_large_image","twitter_misc":{"Tiempo de lectura":"5 minutos"},"schema":{"@context":"https:\/\/schema.org","@graph":[{"@type":"WebPage","@id":"https:\/\/swiftlifts.com\/mx\/personas-swift\/retrato-swift-mahmud\/","url":"https:\/\/swiftlifts.com\/mx\/personas-swift\/retrato-swift-mahmud\/","name":"Retrato SWIFT - Mahmud - SWIFT - 100% battery driven home lifts","isPartOf":{"@id":"https:\/\/swiftlifts.com\/mx\/#website"},"datePublished":"2024-05-24T11:24:06+00:00","breadcrumb":{"@id":"https:\/\/swiftlifts.com\/mx\/personas-swift\/retrato-swift-mahmud\/#breadcrumb"},"inLanguage":"es","potentialAction":[{"@type":"ReadAction","target":["https:\/\/swiftlifts.com\/mx\/personas-swift\/retrato-swift-mahmud\/"]}]},{"@type":"BreadcrumbList","@id":"https:\/\/swiftlifts.com\/mx\/personas-swift\/retrato-swift-mahmud\/#breadcrumb","itemListElement":[{"@type":"ListItem","position":1,"name":"Home","item":"https:\/\/swiftlifts.com\/mx\/"},{"@type":"ListItem","position":2,"name":"SWIFT People","item":"https:\/\/swiftlifts.com\/mx\/personas-swift\/"},{"@type":"ListItem","position":3,"name":"Retrato SWIFT &#8211; Mahmud"}]},{"@type":"WebSite","@id":"https:\/\/swiftlifts.com\/mx\/#website","url":"https:\/\/swiftlifts.com\/mx\/","name":"SWIFT - 100% battery driven home lifts","description":"NEW WAYS TO MOVE","publisher":{"@id":"https:\/\/swiftlifts.com\/mx\/#organization"},"potentialAction":[{"@type":"SearchAction","target":{"@type":"EntryPoint","urlTemplate":"https:\/\/swiftlifts.com\/mx\/?s={search_term_string}"},"query-input":{"@type":"PropertyValueSpecification","valueRequired":true,"valueName":"search_term_string"}}],"inLanguage":"es"},{"@type":"Organization","@id":"https:\/\/swiftlifts.com\/mx\/#organization","name":"SWIFT Home Lifts","url":"https:\/\/swiftlifts.com\/mx\/","logo":{"@type":"ImageObject","inLanguage":"es","@id":"https:\/\/swiftlifts.com\/mx\/#\/schema\/logo\/image\/","url":"https:\/\/swiftlifts.com\/wp-content\/uploads\/2025\/03\/cropped-SWIFT-Logo-Google.jpg","contentUrl":"https:\/\/swiftlifts.com\/wp-content\/uploads\/2025\/03\/cropped-SWIFT-Logo-Google.jpg","width":512,"height":512,"caption":"SWIFT Home Lifts"},"image":{"@id":"https:\/\/swiftlifts.com\/mx\/#\/schema\/logo\/image\/"},"sameAs":["https:\/\/www.facebook.com\/swifthomelifts","https:\/\/www.instagram.com\/swifthomelifts\/","https:\/\/www.linkedin.com\/company\/swifthomelifts\/","https:\/\/www.pinterest.se\/swifthomelifts\/","https:\/\/www.youtube.com\/@swift5669"]}]}},"_links":{"self":[{"href":"https:\/\/swiftlifts.com\/mx\/wp-json\/wp\/v2\/pages\/45385","targetHints":{"allow":["GET"]}}],"collection":[{"href":"https:\/\/swiftlifts.com\/mx\/wp-json\/wp\/v2\/pages"}],"about":[{"href":"https:\/\/swiftlifts.com\/mx\/wp-json\/wp\/v2\/types\/page"}],"author":[{"embeddable":true,"href":"https:\/\/swiftlifts.com\/mx\/wp-json\/wp\/v2\/users\/7"}],"replies":[{"embeddable":true,"href":"https:\/\/swiftlifts.com\/mx\/wp-json\/wp\/v2\/comments?post=45385"}],"version-history":[{"count":0,"href":"https:\/\/swiftlifts.com\/mx\/wp-json\/wp\/v2\/pages\/45385\/revisions"}],"up":[{"embeddable":true,"href":"https:\/\/swiftlifts.com\/mx\/wp-json\/wp\/v2\/pages\/45375"}],"wp:attachment":[{"href":"https:\/\/swiftlifts.com\/mx\/wp-json\/wp\/v2\/media?parent=45385"}],"curies":[{"name":"wp","href":"https:\/\/api.w.org\/{rel}","templated":true}]}}