{"id":45382,"date":"2024-05-24T11:59:23","date_gmt":"2024-05-24T11:59:23","guid":{"rendered":"https:\/\/swiftlifts.com\/personas-swift\/retrato-swift-arvid\/"},"modified":"2024-05-24T11:59:23","modified_gmt":"2024-05-24T11:59:23","slug":"retrato-swift-arvid","status":"publish","type":"page","link":"https:\/\/swiftlifts.com\/mx\/personas-swift\/retrato-swift-arvid\/","title":{"rendered":"Retrato SWIFT &#8211; Arvid"},"content":{"rendered":"\n\t<section class=\"section\" id=\"section_2031777407\">\n\t\t<div class=\"section-bg fill\" >\n\t\t\t\t\t\t\t\t\t\n\t\t\t\n\n\t\t<\/div>\n\n\t\t\n\n\t\t<div class=\"section-content relative\">\n\t\t\t\n<div class=\"row\"  id=\"row-247666535\">\n\n\t<div id=\"col-2068510667\" class=\"col small-12 large-12\"  >\n\t\t\t\t<div class=\"col-inner\"  >\n\t\t\t\n\t\t\t\n\t\t<\/div>\n\t\t\t\t\t<\/div>\n\n\t\n<\/div>\n<div class=\"row align-center\" style=\"max-width:100%\" id=\"row-615110769\">\n\n\t<div id=\"col-1230754082\" class=\"col medium-10 small-12 large-10\"  >\n\t\t\t\t<div class=\"col-inner\"  >\n\t\t\t\n\t\t\t\n\t<div id=\"text-641814667\" class=\"text\">\n\t\t\n<h1>SWIFT People<\/h1>\n\t\t\n<style>\n#text-641814667 {\n  font-size: 1.75rem;\n  line-height: 0.75;\n  color: rgb(0, 10, 54);\n}\n#text-641814667 > * {\n  color: rgb(0, 10, 54);\n}\n<\/style>\n\t<\/div>\n\t\n\t<div id=\"text-2304263331\" class=\"text\">\n\t\t\n<p>Portrait of the month<\/p>\n\t\t\n<style>\n#text-2304263331 {\n  font-size: 1.6rem;\n  line-height: 0.75;\n}\n<\/style>\n\t<\/div>\n\t\n\t\t<\/div>\n\t\t\t\t\n<style>\n#col-1230754082 > .col-inner {\n  margin: 50px 0px 0px 0px;\n}\n<\/style>\n\t<\/div>\n\n\t\n<\/div>\n<div class=\"row align-equal align-center\" style=\"max-width:100%\" id=\"row-1781911509\">\n\n\t<div id=\"col-1209856877\" class=\"col medium-5 small-12 large-5\"  >\n\t\t\t\t<div class=\"col-inner text-left\" style=\"background-color:rgb(0, 10, 54);\" >\n\t\t\t\n\t\t\t\n\t<div id=\"text-1125103439\" class=\"text swift-people-text\">\n\t\t\n<p>NOMBRE: <b>Arvid Hedin <\/b><br \/>\nCARGO: <b>Director art\u00edstico <\/b><br \/>\nEDAD: <b>43<\/b><br \/>\nVIVE: <b>Helsinki, Finlandia<\/b><\/p>\n\t\t\n<style>\n#text-1125103439 {\n  font-size: 1.5rem;\n  line-height: 1.65;\n  color: rgb(250, 245, 242);\n}\n#text-1125103439 > * {\n  color: rgb(250, 245, 242);\n}\n<\/style>\n\t<\/div>\n\t\n\t\t<\/div>\n\t\t\t\t\n<style>\n#col-1209856877 > .col-inner {\n  padding: 20% 0px 0px 50px;\n  margin: 0px 0px 0px 0px;\n}\n<\/style>\n\t<\/div>\n\n\t\n\n\t<div id=\"col-192848879\" class=\"col medium-5 small-12 large-5\"  >\n\t\t\t\t<div class=\"col-inner\"  >\n\t\t\t\n\t\t\t\n\t<div class=\"img has-hover x md-x lg-x y md-y lg-y\" id=\"image_590112831\">\n\t\t\t\t\t\t\t\t<div class=\"img-inner dark\" >\n\t\t\t<img loading=\"lazy\" decoding=\"async\" width=\"1000\" height=\"673\" src=\"https:\/\/swiftlifts.com\/wp-content\/uploads\/2022\/10\/arvid.jpg\" class=\"attachment-large size-large\" alt=\"arvid\" srcset=\"https:\/\/swiftlifts.com\/wp-content\/uploads\/2022\/10\/arvid.jpg 1000w, https:\/\/swiftlifts.com\/wp-content\/uploads\/2022\/10\/arvid-594x400.jpg 594w, https:\/\/swiftlifts.com\/wp-content\/uploads\/2022\/10\/arvid-768x517.jpg 768w\" sizes=\"auto, (max-width: 1000px) 100vw, 1000px\" \/>\t\t\t\t\t\t\n\t\t\t\t\t<\/div>\n\t\t\t\t\t\t\t\t\n<style>\n#image_590112831 {\n  width: 100%;\n}\n<\/style>\n\t<\/div>\n\t\n\t\t<\/div>\n\t\t\t\t\n<style>\n#col-192848879 > .col-inner {\n  margin: 0px 0px 0px 0px;\n}\n<\/style>\n\t<\/div>\n\n\t\n<\/div>\n<div class=\"row align-equal align-center\" style=\"max-width:100%\" id=\"row-1428097967\">\n\n\t<div id=\"col-1117206947\" class=\"col medium-10 small-12 large-10\"  >\n\t\t\t\t<div class=\"col-inner\"  >\n\t\t\t\n\t<div class=\"is-border\"\n\t\tstyle=\"border-color:rgb(30, 98, 122);border-width:5px 5px 5px 5px;\">\n\t<\/div>\n\t\t\t\n\t<div id=\"text-2900360079\" class=\"text\">\n\t\t\n<p><b>\u00bfQu\u00e9 es lo que m\u00e1s le gusta de su trabajo en SWIFT?<\/b><br \/>\n&#8211; Me encanta superar los l\u00edmites y enfrentarme a los retos que supone inventar.<\/p>\n<p><b>\u00bfQu\u00e9 significa para usted su hogar?<\/b><br \/>\n&#8211; Familia.<\/p>\n<p><b>\u00bfSus 3 dise\u00f1adores favoritos y por qu\u00e9?<\/b><br \/>\n&#8211; Hay muchos por ah\u00ed, pero si elijo tres hoy, dir\u00eda:<br \/>\n&#8211; India Mahdavi &#8211; Me encanta c\u00f3mo trabaja con el color, la materia y la forma. Fant\u00e1stico tacto para los muebles.<br \/>\n&#8211; Irene Kostas &#8211; Me encanta su estilo y su enfoque creativo del material. Confecciona prendas elegantes y con estilo.<br \/>\n&#8211; Rina Menardi &#8211; Me encanta su cer\u00e1mica delicada y sensual.<\/p>\n<p><b>\u00bfQu\u00e9 hace un director art\u00edstico (en SWIFT)?<\/b><br \/>\n&#8211; El enfoque cl\u00e1sico de los ascensores tiene mucho que ver con la ingenier\u00eda, pero en SWIFT vemos el ascensor como una pieza de mobiliario y dise\u00f1o de interiores, por lo que el papel del director art\u00edstico es mantener esto en el punto de mira.<\/p>\n<p><b>\u00bfDe d\u00f3nde saca la inspiraci\u00f3n y las ideas?<\/b><br \/>\n&#8211; Miro arte y escucho m\u00fasica.<\/p>\n<p><b>Mirando lo que ha conseguido hasta ahora, \u00bfde qu\u00e9 se siente m\u00e1s orgulloso?<\/b><br \/>\n&#8211; Lo que m\u00e1s me enorgullece es formar parte de un equipo ambicioso y centrado, capaz de desarrollar un producto tan avanzado y elegante.<\/p>\n<p><b>\u00bfSus 3 caracter\u00edsticas o funciones favoritas de SWIFT?<\/b><br \/>\n&#8211; El impacto visual del concepto ArtWall, y el hecho de que el ascensor funcione con bater\u00edas y sea tan silencioso.<\/p>\n<p><b>\u00bfSu ArtWall favorito y por qu\u00e9?<\/b><br \/>\n&#8211; Bueno, me gustan todos. Creo que es muy emocionante combinar im\u00e1genes impresas con im\u00e1genes en movimiento en un entorno de dise\u00f1o ligero, como en el ascensor SWIFT Pro.<\/p>\n<p><b>\u00bfSu medio de desplazamiento favorito adem\u00e1s de las gr\u00faas dom\u00e9sticas SWIFT?<\/b><br \/>\n&#8211; El Snowboarding.<\/p>\n<p><b>\u00bfQu\u00e9 quer\u00edas ser de peque\u00f1o?<\/b><br \/>\n&#8211; Futbolista<\/p>\n<p><b>\u00bfSu evoluci\u00f3n profesional en pocas palabras?<\/b><br \/>\n&#8211; Procedo de la pr\u00e1ctica y la educaci\u00f3n art\u00edsticas, principalmente del dise\u00f1o gr\u00e1fico, la fotograf\u00eda y la pintura.<\/p>\n<p><b>\u00bfUna cosa sin la que no puede vivir cuando trabaja?<\/b><br \/>\n&#8211; Mi pantalla EIZO.<\/p>\n<p><b>\u00bfSus 3 rutinas diarias?<\/b><br \/>\n&#8211; Caf\u00e9, llevar a los ni\u00f1os al colegio, escuchar m\u00fasica.<\/p>\n<p><b>\u00bfSus placeres culposos?<\/b><br \/>\n&#8211; M\u00fasica tecno a todo volumen. Le\u00f1ador a tiempo libre.<\/p>\n<p><b>\u00bfQu\u00e9 le dir\u00eda a alguien que sue\u00f1a con ser director art\u00edstico?<\/b><br \/>\n&#8211; Una educaci\u00f3n art\u00edstica completa es una buena base.<\/p>\n<p><b>\u00bfSue\u00f1os para el futuro?<\/b><br \/>\n&#8211; La paz mundial<\/p>\n\t\t\n<style>\n#text-2900360079 {\n  font-size: 1.5rem;\n  color: rgb(30, 98, 122);\n}\n#text-2900360079 > * {\n  color: rgb(30, 98, 122);\n}\n<\/style>\n\t<\/div>\n\t\n\t\t<\/div>\n\t\t\t\t\n<style>\n#col-1117206947 > .col-inner {\n  padding: 10px 10px 10px 10px;\n}\n@media (min-width:550px) {\n  #col-1117206947 > .col-inner {\n    padding: 50px 50px 50px 50px;\n  }\n}\n<\/style>\n\t<\/div>\n\n\t\n<\/div>\n\t\t<\/div>\n\n\t\t\n<style>\n#section_2031777407 {\n  padding-top: 30px;\n  padding-bottom: 30px;\n}\n<\/style>\n\t<\/section>\n\t\n","protected":false},"excerpt":{"rendered":"","protected":false},"author":1,"featured_media":0,"parent":45375,"menu_order":0,"comment_status":"closed","ping_status":"closed","template":"page-transparent-header.php","meta":{"_acf_changed":false,"content-type":"","footnotes":""},"class_list":["post-45382","page","type-page","status-publish","hentry"],"acf":[],"yoast_head":"<!-- This site is optimized with the Yoast SEO Premium plugin v27.3 (Yoast SEO v27.3) - https:\/\/yoast.com\/product\/yoast-seo-premium-wordpress\/ -->\n<title>Retrato SWIFT - Arvid - SWIFT - 100% battery driven home lifts<\/title>\n<meta name=\"robots\" content=\"index, follow, max-snippet:-1, max-image-preview:large, max-video-preview:-1\" \/>\n<link rel=\"canonical\" href=\"https:\/\/swiftlifts.com\/mx\/personas-swift\/retrato-swift-arvid\/\" \/>\n<meta property=\"og:locale\" content=\"es_MX\" \/>\n<meta property=\"og:type\" content=\"article\" \/>\n<meta property=\"og:title\" content=\"Retrato SWIFT - Arvid\" \/>\n<meta property=\"og:url\" content=\"https:\/\/swiftlifts.com\/mx\/personas-swift\/retrato-swift-arvid\/\" \/>\n<meta property=\"og:site_name\" content=\"SWIFT - 100% battery driven home lifts\" \/>\n<meta property=\"article:publisher\" content=\"https:\/\/www.facebook.com\/swifthomelifts\" \/>\n<meta name=\"twitter:card\" content=\"summary_large_image\" \/>\n<meta name=\"twitter:label1\" content=\"Tiempo de lectura\" \/>\n\t<meta name=\"twitter:data1\" content=\"3 minutos\" \/>\n<script type=\"application\/ld+json\" class=\"yoast-schema-graph\">{\"@context\":\"https:\\\/\\\/schema.org\",\"@graph\":[{\"@type\":\"WebPage\",\"@id\":\"https:\\\/\\\/swiftlifts.com\\\/mx\\\/personas-swift\\\/retrato-swift-arvid\\\/\",\"url\":\"https:\\\/\\\/swiftlifts.com\\\/mx\\\/personas-swift\\\/retrato-swift-arvid\\\/\",\"name\":\"Retrato SWIFT - Arvid - SWIFT - 100% battery driven home lifts\",\"isPartOf\":{\"@id\":\"https:\\\/\\\/swiftlifts.com\\\/mx\\\/#website\"},\"datePublished\":\"2024-05-24T11:59:23+00:00\",\"breadcrumb\":{\"@id\":\"https:\\\/\\\/swiftlifts.com\\\/mx\\\/personas-swift\\\/retrato-swift-arvid\\\/#breadcrumb\"},\"inLanguage\":\"es\",\"potentialAction\":[{\"@type\":\"ReadAction\",\"target\":[\"https:\\\/\\\/swiftlifts.com\\\/mx\\\/personas-swift\\\/retrato-swift-arvid\\\/\"]}]},{\"@type\":\"BreadcrumbList\",\"@id\":\"https:\\\/\\\/swiftlifts.com\\\/mx\\\/personas-swift\\\/retrato-swift-arvid\\\/#breadcrumb\",\"itemListElement\":[{\"@type\":\"ListItem\",\"position\":1,\"name\":\"Home\",\"item\":\"https:\\\/\\\/swiftlifts.com\\\/mx\\\/\"},{\"@type\":\"ListItem\",\"position\":2,\"name\":\"SWIFT People\",\"item\":\"https:\\\/\\\/swiftlifts.com\\\/mx\\\/personas-swift\\\/\"},{\"@type\":\"ListItem\",\"position\":3,\"name\":\"Retrato SWIFT &#8211; Arvid\"}]},{\"@type\":\"WebSite\",\"@id\":\"https:\\\/\\\/swiftlifts.com\\\/mx\\\/#website\",\"url\":\"https:\\\/\\\/swiftlifts.com\\\/mx\\\/\",\"name\":\"SWIFT - 100% battery driven home lifts\",\"description\":\"NEW WAYS TO MOVE\",\"publisher\":{\"@id\":\"https:\\\/\\\/swiftlifts.com\\\/mx\\\/#organization\"},\"potentialAction\":[{\"@type\":\"SearchAction\",\"target\":{\"@type\":\"EntryPoint\",\"urlTemplate\":\"https:\\\/\\\/swiftlifts.com\\\/mx\\\/?s={search_term_string}\"},\"query-input\":{\"@type\":\"PropertyValueSpecification\",\"valueRequired\":true,\"valueName\":\"search_term_string\"}}],\"inLanguage\":\"es\"},{\"@type\":\"Organization\",\"@id\":\"https:\\\/\\\/swiftlifts.com\\\/mx\\\/#organization\",\"name\":\"SWIFT Home Lifts\",\"url\":\"https:\\\/\\\/swiftlifts.com\\\/mx\\\/\",\"logo\":{\"@type\":\"ImageObject\",\"inLanguage\":\"es\",\"@id\":\"https:\\\/\\\/swiftlifts.com\\\/mx\\\/#\\\/schema\\\/logo\\\/image\\\/\",\"url\":\"https:\\\/\\\/swiftlifts.com\\\/wp-content\\\/uploads\\\/2025\\\/03\\\/cropped-SWIFT-Logo-Google.jpg\",\"contentUrl\":\"https:\\\/\\\/swiftlifts.com\\\/wp-content\\\/uploads\\\/2025\\\/03\\\/cropped-SWIFT-Logo-Google.jpg\",\"width\":512,\"height\":512,\"caption\":\"SWIFT Home Lifts\"},\"image\":{\"@id\":\"https:\\\/\\\/swiftlifts.com\\\/mx\\\/#\\\/schema\\\/logo\\\/image\\\/\"},\"sameAs\":[\"https:\\\/\\\/www.facebook.com\\\/swifthomelifts\",\"https:\\\/\\\/www.instagram.com\\\/swifthomelifts\\\/\",\"https:\\\/\\\/www.linkedin.com\\\/company\\\/swifthomelifts\\\/\",\"https:\\\/\\\/www.pinterest.se\\\/swifthomelifts\\\/\",\"https:\\\/\\\/www.youtube.com\\\/@swift5669\"]}]}<\/script>\n<!-- \/ Yoast SEO Premium plugin. -->","yoast_head_json":{"title":"Retrato SWIFT - Arvid - SWIFT - 100% battery driven home lifts","robots":{"index":"index","follow":"follow","max-snippet":"max-snippet:-1","max-image-preview":"max-image-preview:large","max-video-preview":"max-video-preview:-1"},"canonical":"https:\/\/swiftlifts.com\/mx\/personas-swift\/retrato-swift-arvid\/","og_locale":"es_MX","og_type":"article","og_title":"Retrato SWIFT - Arvid","og_url":"https:\/\/swiftlifts.com\/mx\/personas-swift\/retrato-swift-arvid\/","og_site_name":"SWIFT - 100% battery driven home lifts","article_publisher":"https:\/\/www.facebook.com\/swifthomelifts","twitter_card":"summary_large_image","twitter_misc":{"Tiempo de lectura":"3 minutos"},"schema":{"@context":"https:\/\/schema.org","@graph":[{"@type":"WebPage","@id":"https:\/\/swiftlifts.com\/mx\/personas-swift\/retrato-swift-arvid\/","url":"https:\/\/swiftlifts.com\/mx\/personas-swift\/retrato-swift-arvid\/","name":"Retrato SWIFT - Arvid - SWIFT - 100% battery driven home lifts","isPartOf":{"@id":"https:\/\/swiftlifts.com\/mx\/#website"},"datePublished":"2024-05-24T11:59:23+00:00","breadcrumb":{"@id":"https:\/\/swiftlifts.com\/mx\/personas-swift\/retrato-swift-arvid\/#breadcrumb"},"inLanguage":"es","potentialAction":[{"@type":"ReadAction","target":["https:\/\/swiftlifts.com\/mx\/personas-swift\/retrato-swift-arvid\/"]}]},{"@type":"BreadcrumbList","@id":"https:\/\/swiftlifts.com\/mx\/personas-swift\/retrato-swift-arvid\/#breadcrumb","itemListElement":[{"@type":"ListItem","position":1,"name":"Home","item":"https:\/\/swiftlifts.com\/mx\/"},{"@type":"ListItem","position":2,"name":"SWIFT People","item":"https:\/\/swiftlifts.com\/mx\/personas-swift\/"},{"@type":"ListItem","position":3,"name":"Retrato SWIFT &#8211; Arvid"}]},{"@type":"WebSite","@id":"https:\/\/swiftlifts.com\/mx\/#website","url":"https:\/\/swiftlifts.com\/mx\/","name":"SWIFT - 100% battery driven home lifts","description":"NEW WAYS TO MOVE","publisher":{"@id":"https:\/\/swiftlifts.com\/mx\/#organization"},"potentialAction":[{"@type":"SearchAction","target":{"@type":"EntryPoint","urlTemplate":"https:\/\/swiftlifts.com\/mx\/?s={search_term_string}"},"query-input":{"@type":"PropertyValueSpecification","valueRequired":true,"valueName":"search_term_string"}}],"inLanguage":"es"},{"@type":"Organization","@id":"https:\/\/swiftlifts.com\/mx\/#organization","name":"SWIFT Home Lifts","url":"https:\/\/swiftlifts.com\/mx\/","logo":{"@type":"ImageObject","inLanguage":"es","@id":"https:\/\/swiftlifts.com\/mx\/#\/schema\/logo\/image\/","url":"https:\/\/swiftlifts.com\/wp-content\/uploads\/2025\/03\/cropped-SWIFT-Logo-Google.jpg","contentUrl":"https:\/\/swiftlifts.com\/wp-content\/uploads\/2025\/03\/cropped-SWIFT-Logo-Google.jpg","width":512,"height":512,"caption":"SWIFT Home Lifts"},"image":{"@id":"https:\/\/swiftlifts.com\/mx\/#\/schema\/logo\/image\/"},"sameAs":["https:\/\/www.facebook.com\/swifthomelifts","https:\/\/www.instagram.com\/swifthomelifts\/","https:\/\/www.linkedin.com\/company\/swifthomelifts\/","https:\/\/www.pinterest.se\/swifthomelifts\/","https:\/\/www.youtube.com\/@swift5669"]}]}},"_links":{"self":[{"href":"https:\/\/swiftlifts.com\/mx\/wp-json\/wp\/v2\/pages\/45382","targetHints":{"allow":["GET"]}}],"collection":[{"href":"https:\/\/swiftlifts.com\/mx\/wp-json\/wp\/v2\/pages"}],"about":[{"href":"https:\/\/swiftlifts.com\/mx\/wp-json\/wp\/v2\/types\/page"}],"author":[{"embeddable":true,"href":"https:\/\/swiftlifts.com\/mx\/wp-json\/wp\/v2\/users\/1"}],"replies":[{"embeddable":true,"href":"https:\/\/swiftlifts.com\/mx\/wp-json\/wp\/v2\/comments?post=45382"}],"version-history":[{"count":0,"href":"https:\/\/swiftlifts.com\/mx\/wp-json\/wp\/v2\/pages\/45382\/revisions"}],"up":[{"embeddable":true,"href":"https:\/\/swiftlifts.com\/mx\/wp-json\/wp\/v2\/pages\/45375"}],"wp:attachment":[{"href":"https:\/\/swiftlifts.com\/mx\/wp-json\/wp\/v2\/media?parent=45382"}],"curies":[{"name":"wp","href":"https:\/\/api.w.org\/{rel}","templated":true}]}}