{"id":45381,"date":"2024-05-24T11:59:42","date_gmt":"2024-05-24T11:59:42","guid":{"rendered":"https:\/\/swiftlifts.com\/personas-swift\/retrato-swift-sarah\/"},"modified":"2024-05-24T11:59:42","modified_gmt":"2024-05-24T11:59:42","slug":"retrato-swift-sarah","status":"publish","type":"page","link":"https:\/\/swiftlifts.com\/mx\/personas-swift\/retrato-swift-sarah\/","title":{"rendered":"Retrato SWIFT &#8211; Sarah"},"content":{"rendered":"\n\t<section class=\"section\" id=\"section_855109994\">\n\t\t<div class=\"section-bg fill\" >\n\t\t\t\t\t\t\t\t\t\n\t\t\t\n\n\t\t<\/div>\n\n\t\t\n\n\t\t<div class=\"section-content relative\">\n\t\t\t\n<div class=\"row\"  id=\"row-493811356\">\n\n\t<div id=\"col-1270104121\" class=\"col small-12 large-12\"  >\n\t\t\t\t<div class=\"col-inner\"  >\n\t\t\t\n\t\t\t\n\t\t<\/div>\n\t\t\t\t\t<\/div>\n\n\t\n<\/div>\n<div class=\"row align-center\" style=\"max-width:100%\" id=\"row-1300586682\">\n\n\t<div id=\"col-1843070841\" class=\"col medium-10 small-12 large-10\"  >\n\t\t\t\t<div class=\"col-inner\"  >\n\t\t\t\n\t\t\t\n\t<div id=\"text-3346209607\" class=\"text\">\n\t\t\n<h1>SWIFT People<\/h1>\n\t\t\n<style>\n#text-3346209607 {\n  font-size: 1.75rem;\n  line-height: 0.75;\n  color: rgb(0, 10, 54);\n}\n#text-3346209607 > * {\n  color: rgb(0, 10, 54);\n}\n<\/style>\n\t<\/div>\n\t\n\t<div id=\"text-3776697292\" class=\"text\">\n\t\t\n<p>Retrato del mes<br \/>\n\t\t\n<style>\n#text-3776697292 {\n  font-size: 1.6rem;\n  line-height: 0.75;\n}\n<\/style>\n\t<\/div>\n\t\n\t\t<\/div>\n\t\t\t\t\n<style>\n#col-1843070841 > .col-inner {\n  padding: 50px 0px 0px 0px;\n}\n<\/style>\n\t<\/div>\n\n\t\n<\/div>\n<div class=\"row align-equal align-center\" style=\"max-width:100%\" id=\"row-1534999772\">\n\n\t<div id=\"col-1492887108\" class=\"col medium-5 small-12 large-5\"  >\n\t\t\t\t<div class=\"col-inner text-left\" style=\"background-color:rgb(30, 98, 122);\" >\n\t\t\t\n\t\t\t\n\t<div id=\"text-1688751080\" class=\"text swift-people-text\">\n\t\t\n<p>NONMBRE: <b><span class=\"TextRun MacChromeBold SCXW69924327 BCX0\" lang=\"EN-US\" xml:lang=\"EN-US\" data-contrast=\"auto\"><span class=\"NormalTextRun SCXW69924327 BCX0\">Sarah<\/span><\/span> <span class=\"TextRun MacChromeBold SCXW69924327 BCX0\" lang=\"ZH-CN\" xml:lang=\"ZH-CN\" data-contrast=\"auto\"><span class=\"NormalTextRun SCXW69924327 BCX0\">\u94b1\u8f76\u82b8<\/span><\/span><\/b><br \/>\nDO: <strong><span class=\"NormalTextRun SCXW69924327 BCX0\">Especialista<\/span> en <span class=\"NormalTextRun SCXW69924327 BCX0\">logistica <\/span><\/strong><br \/>\nEDAD: <b>34<\/b><br \/>\nVIVE: <b>Shanghai, China<\/b><br \/>\n\t\t\n<style>\n#text-1688751080 {\n  font-size: 1.5rem;\n  line-height: 1.65;\n  color: rgb(255, 255, 255);\n}\n#text-1688751080 > * {\n  color: rgb(255, 255, 255);\n}\n<\/style>\n\t<\/div>\n\t\n\t\t<\/div>\n\t\t\t\t\n<style>\n#col-1492887108 > .col-inner {\n  padding: 30px 0px 0px 30px;\n  margin: 0px 0px 0px 0px;\n}\n@media (min-width:550px) {\n  #col-1492887108 > .col-inner {\n    padding: 20% 0px 0px 50px;\n  }\n}\n<\/style>\n\t<\/div>\n\n\t\n\n\t<div id=\"col-1643589858\" class=\"col medium-5 small-12 large-5\"  >\n\t\t\t\t<div class=\"col-inner\"  >\n\t\t\t\n\t\t\t\n\t<div class=\"img has-hover x md-x lg-x y md-y lg-y\" id=\"image_374996333\">\n\t\t\t\t\t\t\t\t<div class=\"img-inner dark\" >\n\t\t\t<img loading=\"lazy\" decoding=\"async\" width=\"1020\" height=\"777\" src=\"https:\/\/swiftlifts.com\/wp-content\/uploads\/2023\/01\/Sarah-1.jpg\" class=\"attachment-large size-large\" alt=\"SWIFT People Sarah\" srcset=\"https:\/\/swiftlifts.com\/wp-content\/uploads\/2023\/01\/Sarah-1.jpg 1050w, https:\/\/swiftlifts.com\/wp-content\/uploads\/2023\/01\/Sarah-1-525x400.jpg 525w, https:\/\/swiftlifts.com\/wp-content\/uploads\/2023\/01\/Sarah-1-768x585.jpg 768w\" sizes=\"auto, (max-width: 1020px) 100vw, 1020px\" \/>\t\t\t\t\t\t\n\t\t\t\t\t<\/div>\n\t\t\t\t\t\t\t\t\n<style>\n#image_374996333 {\n  width: 100%;\n}\n<\/style>\n\t<\/div>\n\t\n\t\t<\/div>\n\t\t\t\t\n<style>\n#col-1643589858 > .col-inner {\n  margin: 0px 0px 0px 0px;\n}\n<\/style>\n\t<\/div>\n\n\t\n<\/div>\n<div class=\"row align-equal align-center\" style=\"max-width:100%\" id=\"row-1805438923\">\n\n\t<div id=\"col-45409435\" class=\"col medium-10 small-12 large-10\"  >\n\t\t\t\t<div class=\"col-inner\"  >\n\t\t\t\n\t<div class=\"is-border\"\n\t\tstyle=\"border-color:rgb(30, 98, 122);border-width:5px 5px 5px 5px;\">\n\t<\/div>\n\t\t\t\n\t<div id=\"text-1637389674\" class=\"text\">\n\t\t\n<p><strong>\u00bfSu viaje en pocas palabras?<\/strong><br \/>\n&#8211; Estudi\u00e9 Log\u00edstica en la universidad. Cuando me licenci\u00e9, trabaj\u00e9 en una empresa internacional como especialista en importaci\u00f3n y exportaci\u00f3n. Y ahora trabajo en SWIFT China como especialista en log\u00edstica.<\/p>\n<p><strong>\u00bfQu\u00e9 es lo que m\u00e1s le gusta de su trabajo en SWIFT?<\/strong><br \/>\n&#8211; El contacto con personas de distintas partes del mundo y estar al tanto de las normas de importaci\u00f3n y exportaci\u00f3n de los distintos pa\u00edses. En general, el flujo incesante de retos nuevos y diferentes.<\/p>\n<p><strong>\u00bfEs usted madrugador o trasnochador?<\/strong><br \/>\n&#8211; Madrugador<\/p>\n<p><strong>\u00bfTus 3 rutinas diarias?<br \/>\n<\/strong>1. Trabajar<br \/>\n2. Jugar con mi hija<br \/>\n3. Ver pel\u00edculas o leer libros<\/p>\n<p><strong>\u00bfCu\u00e1l cree que es su mejor habilidad personal?<\/strong><br \/>\n&#8211; El C\u00e1lculo Soy buena con los n\u00fameros<\/p>\n<p><strong>\u00bfA qu\u00e9 dedica m\u00e1s tiempo en su trabajo en SWIFT?<br \/>\n<\/strong>&#8211; Preparar los documentos de importaci\u00f3n y exportaci\u00f3n y elaborar la planificaci\u00f3n de la producci\u00f3n. En general, se trata de comunicar y apoyar a los compa\u00f1eros de producci\u00f3n, almac\u00e9n y recambios.<br \/>\n<strong><br \/>\n\u00bfQu\u00e9 cree que es lo m\u00e1s importante de su trabajo en SWIFT?<\/strong><br \/>\n&#8211; Para asegurarse de que el inventario es exacto y obtener el mejor precio de los transitarios.<\/p>\n<p><strong>\u00bfUna cosa sin la que no puede vivir cuando trabaja?<\/strong><br \/>\n&#8211; Dulces, choclate y m\u00fasica Cuando tengo que hacer cosas complicadas, necesito comer dulces y escuchar m\u00fasica, me ayuda a concentrarme.<\/p>\n<p><strong>\u00bfVe alguna diferencia entre trabajar en SWIFT y en otras empresas chinas locales?<\/strong><br \/>\n&#8211; La Cultura de empresa. En SWIFT, todo el mundo es muy amable. Si alguien necesita apoyo, todo el mundo est\u00e1 dispuesto a echarle una mano.<\/p>\n<p><strong>\u00bfCu\u00e1l dir\u00eda que es la mayor diferencia entre suecos y chinos?<\/strong><br \/>\n-La cultura Los chinos son un poco t\u00edmidos y no tan buenos expresando sus ideas como los suecos.<\/p>\n<p><strong>\u00bfQu\u00e9 es lo que m\u00e1s le gusta de SWIFT como empleador?<br \/>\n<\/strong>&#8211; Un entorno de trabajo bueno y relajado.<\/p>\n<p>Seg\u00fan usted, \u00bfqu\u00e9 empresa es la n\u00ba 1 en log\u00edstica?<br \/>\n&#8211; DB Schenker. Tienen una buena cultura de empresa, ofrecen un buen servicio y un precio justo para los clientes.<\/p>\n<p><strong> \u00bfCu\u00e1l cree que es la mejor manera de seguir desarroll\u00e1ndose y aprendiendo cosas nuevas?<\/strong><br \/>\n&#8211; Lea libros y mant\u00e9ngase en contacto con personas que tambi\u00e9n trabajen en log\u00edstica.<\/p>\n<p><strong>\u00bfQu\u00e9 significa el hogar para usted?<\/strong><br \/>\n&#8211; Para m\u00ed, el hogar es un lugar c\u00e1lido y relajante.<\/p>\n<p><strong>\u00bfTu placer culposo?<\/strong><br \/>\n&#8211; Comer patatas fritas y beber Coca-Cola.<\/p>\n<p><strong>\u00bfLugar favorito en Shanghai?<\/strong><br \/>\n&#8211; The Bund. Las luces a ambos lados del r\u00edo Huangpu son muy bonitas por la noche.<\/p>\n<p><strong>\u00bfQu\u00e9 le dir\u00eda a alguien que sue\u00f1a con trabajar en lo que usted hace?<\/strong><br \/>\n&#8211; Yo dir\u00eda que estudies bien ingl\u00e9s, aprendas las normas de importaci\u00f3n y exportaci\u00f3n y leas libros relacionados.<\/p>\n<p><strong>\u00bfC\u00f3mo es un fin de semana normal?<\/strong><br \/>\n&#8211; Salir con mi familia, jugar con mi hija y ver pel\u00edculas.<\/p>\n<p><strong>\u00bfSu medio de desplazamiento favorito (adem\u00e1s de los ascensores dom\u00e9sticos SWIFT)? \ud83d\ude09 .<\/strong><br \/>\n&#8211; El coche Es muy \u00fatil En invierno, hace calor en el coche. En verano se est\u00e1 fresco.<\/p>\n\t\t\n<style>\n#text-1637389674 {\n  font-size: 1.5rem;\n  color: rgb(30, 98, 122);\n}\n#text-1637389674 > * {\n  color: rgb(30, 98, 122);\n}\n<\/style>\n\t<\/div>\n\t\n\t\t<\/div>\n\t\t\t\t\n<style>\n#col-45409435 > .col-inner {\n  padding: 10px 10px 10px 10px;\n}\n@media (min-width:550px) {\n  #col-45409435 > .col-inner {\n    padding: 50px 50px 50px 50px;\n  }\n}\n<\/style>\n\t<\/div>\n\n\t\n<\/div>\n\t\t<\/div>\n\n\t\t\n<style>\n#section_855109994 {\n  padding-top: 30px;\n  padding-bottom: 30px;\n}\n<\/style>\n\t<\/section>\n\t\n","protected":false},"excerpt":{"rendered":"","protected":false},"author":1,"featured_media":0,"parent":45375,"menu_order":0,"comment_status":"closed","ping_status":"closed","template":"page-transparent-header.php","meta":{"_acf_changed":false,"content-type":"","footnotes":""},"class_list":["post-45381","page","type-page","status-publish","hentry"],"acf":[],"yoast_head":"<!-- This site is optimized with the Yoast SEO Premium plugin v27.3 (Yoast SEO v27.3) - https:\/\/yoast.com\/product\/yoast-seo-premium-wordpress\/ -->\n<title>Retrato SWIFT - Sarah - SWIFT - 100% battery driven home lifts<\/title>\n<meta name=\"robots\" content=\"index, follow, max-snippet:-1, max-image-preview:large, max-video-preview:-1\" \/>\n<link rel=\"canonical\" href=\"https:\/\/swiftlifts.com\/mx\/personas-swift\/retrato-swift-sarah\/\" \/>\n<meta property=\"og:locale\" content=\"es_MX\" \/>\n<meta property=\"og:type\" content=\"article\" \/>\n<meta property=\"og:title\" content=\"Retrato SWIFT - Sarah\" \/>\n<meta property=\"og:url\" content=\"https:\/\/swiftlifts.com\/mx\/personas-swift\/retrato-swift-sarah\/\" \/>\n<meta property=\"og:site_name\" content=\"SWIFT - 100% battery driven home lifts\" \/>\n<meta property=\"article:publisher\" content=\"https:\/\/www.facebook.com\/swifthomelifts\" \/>\n<meta name=\"twitter:card\" content=\"summary_large_image\" \/>\n<meta name=\"twitter:label1\" content=\"Tiempo de lectura\" \/>\n\t<meta name=\"twitter:data1\" content=\"4 minutos\" \/>\n<script type=\"application\/ld+json\" class=\"yoast-schema-graph\">{\"@context\":\"https:\\\/\\\/schema.org\",\"@graph\":[{\"@type\":\"WebPage\",\"@id\":\"https:\\\/\\\/swiftlifts.com\\\/mx\\\/personas-swift\\\/retrato-swift-sarah\\\/\",\"url\":\"https:\\\/\\\/swiftlifts.com\\\/mx\\\/personas-swift\\\/retrato-swift-sarah\\\/\",\"name\":\"Retrato SWIFT - Sarah - SWIFT - 100% battery driven home lifts\",\"isPartOf\":{\"@id\":\"https:\\\/\\\/swiftlifts.com\\\/mx\\\/#website\"},\"datePublished\":\"2024-05-24T11:59:42+00:00\",\"breadcrumb\":{\"@id\":\"https:\\\/\\\/swiftlifts.com\\\/mx\\\/personas-swift\\\/retrato-swift-sarah\\\/#breadcrumb\"},\"inLanguage\":\"es\",\"potentialAction\":[{\"@type\":\"ReadAction\",\"target\":[\"https:\\\/\\\/swiftlifts.com\\\/mx\\\/personas-swift\\\/retrato-swift-sarah\\\/\"]}]},{\"@type\":\"BreadcrumbList\",\"@id\":\"https:\\\/\\\/swiftlifts.com\\\/mx\\\/personas-swift\\\/retrato-swift-sarah\\\/#breadcrumb\",\"itemListElement\":[{\"@type\":\"ListItem\",\"position\":1,\"name\":\"Home\",\"item\":\"https:\\\/\\\/swiftlifts.com\\\/mx\\\/\"},{\"@type\":\"ListItem\",\"position\":2,\"name\":\"SWIFT People\",\"item\":\"https:\\\/\\\/swiftlifts.com\\\/mx\\\/personas-swift\\\/\"},{\"@type\":\"ListItem\",\"position\":3,\"name\":\"Retrato SWIFT &#8211; Sarah\"}]},{\"@type\":\"WebSite\",\"@id\":\"https:\\\/\\\/swiftlifts.com\\\/mx\\\/#website\",\"url\":\"https:\\\/\\\/swiftlifts.com\\\/mx\\\/\",\"name\":\"SWIFT - 100% battery driven home lifts\",\"description\":\"NEW WAYS TO MOVE\",\"publisher\":{\"@id\":\"https:\\\/\\\/swiftlifts.com\\\/mx\\\/#organization\"},\"potentialAction\":[{\"@type\":\"SearchAction\",\"target\":{\"@type\":\"EntryPoint\",\"urlTemplate\":\"https:\\\/\\\/swiftlifts.com\\\/mx\\\/?s={search_term_string}\"},\"query-input\":{\"@type\":\"PropertyValueSpecification\",\"valueRequired\":true,\"valueName\":\"search_term_string\"}}],\"inLanguage\":\"es\"},{\"@type\":\"Organization\",\"@id\":\"https:\\\/\\\/swiftlifts.com\\\/mx\\\/#organization\",\"name\":\"SWIFT Home Lifts\",\"url\":\"https:\\\/\\\/swiftlifts.com\\\/mx\\\/\",\"logo\":{\"@type\":\"ImageObject\",\"inLanguage\":\"es\",\"@id\":\"https:\\\/\\\/swiftlifts.com\\\/mx\\\/#\\\/schema\\\/logo\\\/image\\\/\",\"url\":\"https:\\\/\\\/swiftlifts.com\\\/wp-content\\\/uploads\\\/2025\\\/03\\\/cropped-SWIFT-Logo-Google.jpg\",\"contentUrl\":\"https:\\\/\\\/swiftlifts.com\\\/wp-content\\\/uploads\\\/2025\\\/03\\\/cropped-SWIFT-Logo-Google.jpg\",\"width\":512,\"height\":512,\"caption\":\"SWIFT Home Lifts\"},\"image\":{\"@id\":\"https:\\\/\\\/swiftlifts.com\\\/mx\\\/#\\\/schema\\\/logo\\\/image\\\/\"},\"sameAs\":[\"https:\\\/\\\/www.facebook.com\\\/swifthomelifts\",\"https:\\\/\\\/www.instagram.com\\\/swifthomelifts\\\/\",\"https:\\\/\\\/www.linkedin.com\\\/company\\\/swifthomelifts\\\/\",\"https:\\\/\\\/www.pinterest.se\\\/swifthomelifts\\\/\",\"https:\\\/\\\/www.youtube.com\\\/@swift5669\"]}]}<\/script>\n<!-- \/ Yoast SEO Premium plugin. -->","yoast_head_json":{"title":"Retrato SWIFT - Sarah - SWIFT - 100% battery driven home lifts","robots":{"index":"index","follow":"follow","max-snippet":"max-snippet:-1","max-image-preview":"max-image-preview:large","max-video-preview":"max-video-preview:-1"},"canonical":"https:\/\/swiftlifts.com\/mx\/personas-swift\/retrato-swift-sarah\/","og_locale":"es_MX","og_type":"article","og_title":"Retrato SWIFT - Sarah","og_url":"https:\/\/swiftlifts.com\/mx\/personas-swift\/retrato-swift-sarah\/","og_site_name":"SWIFT - 100% battery driven home lifts","article_publisher":"https:\/\/www.facebook.com\/swifthomelifts","twitter_card":"summary_large_image","twitter_misc":{"Tiempo de lectura":"4 minutos"},"schema":{"@context":"https:\/\/schema.org","@graph":[{"@type":"WebPage","@id":"https:\/\/swiftlifts.com\/mx\/personas-swift\/retrato-swift-sarah\/","url":"https:\/\/swiftlifts.com\/mx\/personas-swift\/retrato-swift-sarah\/","name":"Retrato SWIFT - Sarah - SWIFT - 100% battery driven home lifts","isPartOf":{"@id":"https:\/\/swiftlifts.com\/mx\/#website"},"datePublished":"2024-05-24T11:59:42+00:00","breadcrumb":{"@id":"https:\/\/swiftlifts.com\/mx\/personas-swift\/retrato-swift-sarah\/#breadcrumb"},"inLanguage":"es","potentialAction":[{"@type":"ReadAction","target":["https:\/\/swiftlifts.com\/mx\/personas-swift\/retrato-swift-sarah\/"]}]},{"@type":"BreadcrumbList","@id":"https:\/\/swiftlifts.com\/mx\/personas-swift\/retrato-swift-sarah\/#breadcrumb","itemListElement":[{"@type":"ListItem","position":1,"name":"Home","item":"https:\/\/swiftlifts.com\/mx\/"},{"@type":"ListItem","position":2,"name":"SWIFT People","item":"https:\/\/swiftlifts.com\/mx\/personas-swift\/"},{"@type":"ListItem","position":3,"name":"Retrato SWIFT &#8211; Sarah"}]},{"@type":"WebSite","@id":"https:\/\/swiftlifts.com\/mx\/#website","url":"https:\/\/swiftlifts.com\/mx\/","name":"SWIFT - 100% battery driven home lifts","description":"NEW WAYS TO MOVE","publisher":{"@id":"https:\/\/swiftlifts.com\/mx\/#organization"},"potentialAction":[{"@type":"SearchAction","target":{"@type":"EntryPoint","urlTemplate":"https:\/\/swiftlifts.com\/mx\/?s={search_term_string}"},"query-input":{"@type":"PropertyValueSpecification","valueRequired":true,"valueName":"search_term_string"}}],"inLanguage":"es"},{"@type":"Organization","@id":"https:\/\/swiftlifts.com\/mx\/#organization","name":"SWIFT Home Lifts","url":"https:\/\/swiftlifts.com\/mx\/","logo":{"@type":"ImageObject","inLanguage":"es","@id":"https:\/\/swiftlifts.com\/mx\/#\/schema\/logo\/image\/","url":"https:\/\/swiftlifts.com\/wp-content\/uploads\/2025\/03\/cropped-SWIFT-Logo-Google.jpg","contentUrl":"https:\/\/swiftlifts.com\/wp-content\/uploads\/2025\/03\/cropped-SWIFT-Logo-Google.jpg","width":512,"height":512,"caption":"SWIFT Home Lifts"},"image":{"@id":"https:\/\/swiftlifts.com\/mx\/#\/schema\/logo\/image\/"},"sameAs":["https:\/\/www.facebook.com\/swifthomelifts","https:\/\/www.instagram.com\/swifthomelifts\/","https:\/\/www.linkedin.com\/company\/swifthomelifts\/","https:\/\/www.pinterest.se\/swifthomelifts\/","https:\/\/www.youtube.com\/@swift5669"]}]}},"_links":{"self":[{"href":"https:\/\/swiftlifts.com\/mx\/wp-json\/wp\/v2\/pages\/45381","targetHints":{"allow":["GET"]}}],"collection":[{"href":"https:\/\/swiftlifts.com\/mx\/wp-json\/wp\/v2\/pages"}],"about":[{"href":"https:\/\/swiftlifts.com\/mx\/wp-json\/wp\/v2\/types\/page"}],"author":[{"embeddable":true,"href":"https:\/\/swiftlifts.com\/mx\/wp-json\/wp\/v2\/users\/1"}],"replies":[{"embeddable":true,"href":"https:\/\/swiftlifts.com\/mx\/wp-json\/wp\/v2\/comments?post=45381"}],"version-history":[{"count":0,"href":"https:\/\/swiftlifts.com\/mx\/wp-json\/wp\/v2\/pages\/45381\/revisions"}],"up":[{"embeddable":true,"href":"https:\/\/swiftlifts.com\/mx\/wp-json\/wp\/v2\/pages\/45375"}],"wp:attachment":[{"href":"https:\/\/swiftlifts.com\/mx\/wp-json\/wp\/v2\/media?parent=45381"}],"curies":[{"name":"wp","href":"https:\/\/api.w.org\/{rel}","templated":true}]}}