{"id":45373,"date":"2024-05-24T12:07:21","date_gmt":"2024-05-24T12:07:21","guid":{"rendered":"https:\/\/swiftlifts.com\/soporte\/"},"modified":"2025-04-29T13:48:55","modified_gmt":"2025-04-29T13:48:55","slug":"soporte","status":"publish","type":"page","link":"https:\/\/swiftlifts.com\/mx\/soporte\/","title":{"rendered":"Soporte"},"content":{"rendered":"\n\t<section class=\"section why_a_home_lift\" id=\"section_890824386\">\n\t\t<div class=\"section-bg fill\" >\n\t\t\t<img loading=\"lazy\" decoding=\"async\" width=\"2560\" height=\"990\" src=\"https:\/\/swiftlifts.com\/wp-content\/uploads\/2022\/10\/swift-office-2.jpg\" class=\"bg attachment- size-\" alt=\"try SWIFT\" \/>\t\t\t\t\t\t\n\t\t\t\n\n\t\t<\/div>\n\n\t\t\n\n\t\t<div class=\"section-content relative\">\n\t\t\t\n<div class=\"row\" style=\"max-width:90%\" id=\"row-1578984132\">\n\n\t<div id=\"col-687940039\" class=\"col small-12 large-12\"  >\n\t\t\t\t<div class=\"col-inner\"  >\n\t\t\t\n\t\t\t\n\t\t<\/div>\n\t\t\t\t\n<style>\n#col-687940039 > .col-inner {\n  margin: 100px 0px 0px 0px;\n}\n<\/style>\n\t<\/div>\n\n\t\n\n<style>\n#row-1578984132 > .col > .col-inner {\n  padding: 25% 0px 0px 0px;\n}\n<\/style>\n<\/div>\n\t\t<\/div>\n\n\t\t\n<style>\n#section_890824386 {\n  padding-top: 30px;\n  padding-bottom: 30px;\n}\n<\/style>\n\t<\/section>\n\t\n\n\t<section class=\"section\" id=\"section_748573345\">\n\t\t<div class=\"section-bg fill\" >\n\t\t\t\t\t\t\t\t\t\n\t\t\t\n\n\t\t<\/div>\n\n\t\t\n\n\t\t<div class=\"section-content relative\">\n\t\t\t\n<div class=\"row align-equal\" style=\"max-width:80%\" id=\"row-2146707875\">\n\n\t<div id=\"col-2124105553\" class=\"col support-faq medium-4 small-12 large-4\"  >\n\t\t\t\t<div class=\"col-inner text-left\"  >\n\t\t\t\n\t\t\t\n\t<div id=\"text-2839753052\" class=\"text\">\n\t\t\n<h1>Soporte SWIFT<\/h1>\n<p>\u00bfNecesitas ayuda?<\/p>\n<p>Lea nuestras <a href=\"https:\/\/swiftlifts.com\/swift-faq\/\">preguntas frecuentes<\/a> o concierte una cita para una presentaci\u00f3n digital y una inspecci\u00f3n de su vivienda.<\/p>\n<p>O ll\u00e1menos.<\/p>\n<\/p>\n\t\t\n<style>\n#text-2839753052 {\n  font-size: 1.5rem;\n  color: rgb(219, 224, 209);\n}\n#text-2839753052 > * {\n  color: rgb(219, 224, 209);\n}\n@media (min-width:550px) {\n  #text-2839753052 {\n    font-size: 1.5rem;\n  }\n}\n<\/style>\n\t<\/div>\n\t\n\t\t<\/div>\n\t\t\t\t\n<style>\n#col-2124105553 > .col-inner {\n  padding: 0 0px 0px 0px;\n}\n<\/style>\n\t<\/div>\n\n\t\n\n\t<div id=\"col-1247263252\" class=\"col support-contact-us medium-4 small-12 large-4\"  >\n\t\t\t\t<div class=\"col-inner\"  >\n\t\t\t\n\t<div class=\"is-border\"\n\t\tstyle=\"border-color:rgb(32, 170, 183);border-width:5px 5px 5px 5px;\">\n\t<\/div>\n\t\t\t\n\t<div id=\"text-4131114912\" class=\"text\">\n\t\t\n<h3>Cont\u00e1ctanos<\/h3>\n<p>SWIFT es una empresa de ascensores dom\u00e9sticos con puntos de venta y exposici\u00f3n<br \/>en Suecia, China, Tailandia, Malasia, Corea, Arabia Saud\u00ed, Bahr\u00e9in y Dubai.<\/p>\n<p>Pronto se abrir\u00e1n m\u00e1s mercados. <\/p>\n<p>mexico@swiftlifts.com<\/p>\n<p><a href=\"https:\/\/swiftlifts.com\/mx\/contactenos\/\">Ver todas las salas de exposici\u00f3n de SWIFT &gt;&gt;<\/a><\/p>\n\t\t\n<style>\n#text-4131114912 {\n  font-size: 1.4rem;\n  color: rgb(32, 170, 183);\n}\n#text-4131114912 > * {\n  color: rgb(32, 170, 183);\n}\n<\/style>\n\t<\/div>\n\t\n\t\t<\/div>\n\t\t\t\t\n<style>\n#col-1247263252 > .col-inner {\n  padding: 20px 20px 0px 20px;\n}\n<\/style>\n\t<\/div>\n\n\t\n\n\t<div id=\"col-1369714177\" class=\"col support-how-to-buy medium-4 small-12 large-4\"  >\n\t\t\t\t<div class=\"col-inner\"  >\n\t\t\t\n\t<div class=\"is-border\"\n\t\tstyle=\"border-color:rgb(255, 145, 150);border-width:5px 5px 5px 5px;\">\n\t<\/div>\n\t\t\t\n\t<div id=\"text-3520129273\" class=\"text\">\n\t\t\n<h3>C\u00f3mo comprar<\/h3>\n<p>Comprar e instalar un ascensor dom\u00e9stico puede parecer complicado. \u00a1Pero no lo es!<\/p>\n<p>Hemos intentado resumir c\u00f3mo funciona y en qu\u00e9 hay que pensar.<\/p>\n<p><a href=\"https:\/\/swiftlifts.com\/mx\/como-comprar\/\">Seguir leyendo &gt;&gt;<\/a><\/p>\n\t\t\n<style>\n#text-3520129273 {\n  font-size: 1.4rem;\n  color: rgb(255, 145, 150);\n}\n#text-3520129273 > * {\n  color: rgb(255, 145, 150);\n}\n<\/style>\n\t<\/div>\n\t\n\t\t<\/div>\n\t\t\t\t\n<style>\n#col-1369714177 > .col-inner {\n  padding: 20px 20px 0px 20px;\n}\n<\/style>\n\t<\/div>\n\n\t\n<\/div>\n<div class=\"row align-equal\" style=\"max-width:80%\" id=\"row-683807196\">\n\n\t<div id=\"col-306307709\" class=\"col medium-4 small-12 large-4\"  >\n\t\t\t\t<div class=\"col-inner\"  >\n\t\t\t\n\t\t\t\n\t\t<\/div>\n\t\t\t\t\t<\/div>\n\n\t\n\n\t<div id=\"col-261221323\" class=\"col maintenance-and-warranties medium-4 small-12 large-4\"  >\n\t\t\t\t<div class=\"col-inner\"  >\n\t\t\t\n\t<div class=\"is-border\"\n\t\tstyle=\"border-color:rgb(255, 201, 189);border-width:5px 5px 5px 5px;\">\n\t<\/div>\n\t\t\t\n\t<div id=\"text-400075777\" class=\"text\">\n\t\t\n<h3>Garant\u00eda y mantenimiento<\/h3>\n<p>La forma en que instalamos y damos servicio a SWIFT<br \/>sigue los mismos principios inquebrantables<br \/>que utilizamos para dise\u00f1arlos y producirlos.. Ofrecemos una generosa garant\u00eda y un fiable paquete de servicio y mantenimiento.<\/p>\n<p><a href=\"https:\/\/swiftlifts.com\/mx\/warranty-and-maintenance\/\">M\u00e1s informaci\u00f3n sobre la garant\u00eda de ascensores dom\u00e9sticos &gt;&gt;<\/a><\/p>\n<p>\n\t\t\n<style>\n#text-400075777 {\n  font-size: 1.4rem;\n  color: rgb(255, 201, 189);\n}\n#text-400075777 > * {\n  color: rgb(255, 201, 189);\n}\n<\/style>\n\t<\/div>\n\t\n\t\t<\/div>\n\t\t\t\t\n<style>\n#col-261221323 > .col-inner {\n  padding: 20px 20px 0px 20px;\n}\n<\/style>\n\t<\/div>\n\n\t\n\n\t<div id=\"col-414090252\" class=\"col support-faq medium-4 small-12 large-4\"  >\n\t\t\t\t<div class=\"col-inner\"  >\n\t\t\t\n\t<div class=\"is-border\"\n\t\tstyle=\"border-color:rgb(219, 224, 209);border-width:5px 5px 5px 5px;\">\n\t<\/div>\n\t\t\t\n\t<div id=\"text-774807763\" class=\"text\">\n\t\t\n<h3>PREGUNTAS FRECUENTES<\/h3>\n<p>Todo lo que necesita saber. Navegue por temas para encontrar lo que busca.<\/p>\n<p><a href=\"https:\/\/swiftlifts.com\/mx\/faq\/\">Ver las preguntas m\u00e1s frecuentes &gt;&gt;<\/a><\/p>\n\t\t\n<style>\n#text-774807763 {\n  font-size: 1.4rem;\n  color: rgb(219, 224, 209);\n}\n#text-774807763 > * {\n  color: rgb(219, 224, 209);\n}\n<\/style>\n\t<\/div>\n\t\n\t\t<\/div>\n\t\t\t\t\n<style>\n#col-414090252 > .col-inner {\n  padding: 20px 20px 0px 20px;\n}\n<\/style>\n\t<\/div>\n\n\t\n<\/div>\n\t\t<\/div>\n\n\t\t\n<style>\n#section_748573345 {\n  padding-top: 30px;\n  padding-bottom: 30px;\n  margin-bottom: 0px;\n  min-height: 60vh;\n  background-color: rgb(30, 98, 122);\n}\n<\/style>\n\t<\/section>\n\t\n","protected":false},"excerpt":{"rendered":"","protected":false},"author":1,"featured_media":45374,"parent":0,"menu_order":0,"comment_status":"closed","ping_status":"closed","template":"page-transparent-header.php","meta":{"_acf_changed":false,"content-type":"","footnotes":""},"class_list":["post-45373","page","type-page","status-publish","has-post-thumbnail","hentry"],"acf":[],"yoast_head":"<!-- This site is optimized with the Yoast SEO Premium plugin v27.3 (Yoast SEO v27.3) - https:\/\/yoast.com\/product\/yoast-seo-premium-wordpress\/ -->\n<title>Asistencia y orientaci\u00f3n de ascensores dom\u00e9sticos swiftlifts.com<\/title>\n<meta name=\"description\" content=\"Si necesita ayuda a la hora de elegir su ascensor dom\u00e9stico o si tiene alguna pregunta sobre la instalaci\u00f3n. Cont\u00e1ctanos Ofrecemos visitas gratis\" \/>\n<meta name=\"robots\" content=\"index, follow, max-snippet:-1, max-image-preview:large, max-video-preview:-1\" \/>\n<link rel=\"canonical\" href=\"https:\/\/swiftlifts.com\/mx\/soporte\/\" \/>\n<meta property=\"og:locale\" content=\"es_MX\" \/>\n<meta property=\"og:type\" content=\"article\" \/>\n<meta property=\"og:title\" content=\"Soporte\" \/>\n<meta property=\"og:description\" content=\"Si necesita ayuda a la hora de elegir su ascensor dom\u00e9stico o si tiene alguna pregunta sobre la instalaci\u00f3n. Cont\u00e1ctanos Visitanos gratis\" \/>\n<meta property=\"og:url\" content=\"https:\/\/swiftlifts.com\/mx\/soporte\/\" \/>\n<meta property=\"og:site_name\" content=\"SWIFT - 100% battery driven home lifts\" \/>\n<meta property=\"article:publisher\" content=\"https:\/\/www.facebook.com\/swifthomelifts\" \/>\n<meta property=\"article:modified_time\" content=\"2025-04-29T13:48:55+00:00\" \/>\n<meta property=\"og:image\" content=\"https:\/\/swiftlifts.com\/wp-content\/uploads\/2021\/07\/safe-home-2.png\" \/>\n\t<meta property=\"og:image:width\" content=\"400\" \/>\n\t<meta property=\"og:image:height\" content=\"400\" \/>\n\t<meta property=\"og:image:type\" content=\"image\/png\" \/>\n<meta name=\"twitter:card\" content=\"summary_large_image\" \/>\n<meta name=\"twitter:description\" content=\"Si necesita ayuda a la hora de elegir su ascensor dom\u00e9stico o si tiene alguna pregunta sobre la instalaci\u00f3n. Cont\u00e1ctanos Visitanos gratis\" \/>\n<meta name=\"twitter:label1\" content=\"Tiempo de lectura\" \/>\n\t<meta name=\"twitter:data1\" content=\"2 minutos\" \/>\n<script type=\"application\/ld+json\" class=\"yoast-schema-graph\">{\"@context\":\"https:\\\/\\\/schema.org\",\"@graph\":[{\"@type\":\"WebPage\",\"@id\":\"https:\\\/\\\/swiftlifts.com\\\/mx\\\/soporte\\\/\",\"url\":\"https:\\\/\\\/swiftlifts.com\\\/mx\\\/soporte\\\/\",\"name\":\"Asistencia y orientaci\u00f3n de ascensores dom\u00e9sticos swiftlifts.com\",\"isPartOf\":{\"@id\":\"https:\\\/\\\/swiftlifts.com\\\/mx\\\/#website\"},\"primaryImageOfPage\":{\"@id\":\"https:\\\/\\\/swiftlifts.com\\\/mx\\\/soporte\\\/#primaryimage\"},\"image\":{\"@id\":\"https:\\\/\\\/swiftlifts.com\\\/mx\\\/soporte\\\/#primaryimage\"},\"thumbnailUrl\":\"https:\\\/\\\/swiftlifts.com\\\/wp-content\\\/uploads\\\/2021\\\/07\\\/safe-home-2.png\",\"datePublished\":\"2024-05-24T12:07:21+00:00\",\"dateModified\":\"2025-04-29T13:48:55+00:00\",\"description\":\"Si necesita ayuda a la hora de elegir su ascensor dom\u00e9stico o si tiene alguna pregunta sobre la instalaci\u00f3n. Cont\u00e1ctanos Ofrecemos visitas gratis\",\"breadcrumb\":{\"@id\":\"https:\\\/\\\/swiftlifts.com\\\/mx\\\/soporte\\\/#breadcrumb\"},\"inLanguage\":\"es\",\"potentialAction\":[{\"@type\":\"ReadAction\",\"target\":[\"https:\\\/\\\/swiftlifts.com\\\/mx\\\/soporte\\\/\"]}]},{\"@type\":\"ImageObject\",\"inLanguage\":\"es\",\"@id\":\"https:\\\/\\\/swiftlifts.com\\\/mx\\\/soporte\\\/#primaryimage\",\"url\":\"https:\\\/\\\/swiftlifts.com\\\/wp-content\\\/uploads\\\/2021\\\/07\\\/safe-home-2.png\",\"contentUrl\":\"https:\\\/\\\/swiftlifts.com\\\/wp-content\\\/uploads\\\/2021\\\/07\\\/safe-home-2.png\",\"width\":400,\"height\":400},{\"@type\":\"BreadcrumbList\",\"@id\":\"https:\\\/\\\/swiftlifts.com\\\/mx\\\/soporte\\\/#breadcrumb\",\"itemListElement\":[{\"@type\":\"ListItem\",\"position\":1,\"name\":\"Home\",\"item\":\"https:\\\/\\\/swiftlifts.com\\\/mx\\\/\"},{\"@type\":\"ListItem\",\"position\":2,\"name\":\"Soporte\"}]},{\"@type\":\"WebSite\",\"@id\":\"https:\\\/\\\/swiftlifts.com\\\/mx\\\/#website\",\"url\":\"https:\\\/\\\/swiftlifts.com\\\/mx\\\/\",\"name\":\"SWIFT - 100% battery driven home lifts\",\"description\":\"NEW WAYS TO MOVE\",\"publisher\":{\"@id\":\"https:\\\/\\\/swiftlifts.com\\\/mx\\\/#organization\"},\"potentialAction\":[{\"@type\":\"SearchAction\",\"target\":{\"@type\":\"EntryPoint\",\"urlTemplate\":\"https:\\\/\\\/swiftlifts.com\\\/mx\\\/?s={search_term_string}\"},\"query-input\":{\"@type\":\"PropertyValueSpecification\",\"valueRequired\":true,\"valueName\":\"search_term_string\"}}],\"inLanguage\":\"es\"},{\"@type\":\"Organization\",\"@id\":\"https:\\\/\\\/swiftlifts.com\\\/mx\\\/#organization\",\"name\":\"SWIFT Home Lifts\",\"url\":\"https:\\\/\\\/swiftlifts.com\\\/mx\\\/\",\"logo\":{\"@type\":\"ImageObject\",\"inLanguage\":\"es\",\"@id\":\"https:\\\/\\\/swiftlifts.com\\\/mx\\\/#\\\/schema\\\/logo\\\/image\\\/\",\"url\":\"https:\\\/\\\/swiftlifts.com\\\/wp-content\\\/uploads\\\/2025\\\/03\\\/cropped-SWIFT-Logo-Google.jpg\",\"contentUrl\":\"https:\\\/\\\/swiftlifts.com\\\/wp-content\\\/uploads\\\/2025\\\/03\\\/cropped-SWIFT-Logo-Google.jpg\",\"width\":512,\"height\":512,\"caption\":\"SWIFT Home Lifts\"},\"image\":{\"@id\":\"https:\\\/\\\/swiftlifts.com\\\/mx\\\/#\\\/schema\\\/logo\\\/image\\\/\"},\"sameAs\":[\"https:\\\/\\\/www.facebook.com\\\/swifthomelifts\",\"https:\\\/\\\/www.instagram.com\\\/swifthomelifts\\\/\",\"https:\\\/\\\/www.linkedin.com\\\/company\\\/swifthomelifts\\\/\",\"https:\\\/\\\/www.pinterest.se\\\/swifthomelifts\\\/\",\"https:\\\/\\\/www.youtube.com\\\/@swift5669\"]}]}<\/script>\n<!-- \/ Yoast SEO Premium plugin. -->","yoast_head_json":{"title":"Asistencia y orientaci\u00f3n de ascensores dom\u00e9sticos swiftlifts.com","description":"Si necesita ayuda a la hora de elegir su ascensor dom\u00e9stico o si tiene alguna pregunta sobre la instalaci\u00f3n. Cont\u00e1ctanos Ofrecemos visitas gratis","robots":{"index":"index","follow":"follow","max-snippet":"max-snippet:-1","max-image-preview":"max-image-preview:large","max-video-preview":"max-video-preview:-1"},"canonical":"https:\/\/swiftlifts.com\/mx\/soporte\/","og_locale":"es_MX","og_type":"article","og_title":"Soporte","og_description":"Si necesita ayuda a la hora de elegir su ascensor dom\u00e9stico o si tiene alguna pregunta sobre la instalaci\u00f3n. Cont\u00e1ctanos Visitanos gratis","og_url":"https:\/\/swiftlifts.com\/mx\/soporte\/","og_site_name":"SWIFT - 100% battery driven home lifts","article_publisher":"https:\/\/www.facebook.com\/swifthomelifts","article_modified_time":"2025-04-29T13:48:55+00:00","og_image":[{"width":400,"height":400,"url":"https:\/\/swiftlifts.com\/wp-content\/uploads\/2021\/07\/safe-home-2.png","type":"image\/png"}],"twitter_card":"summary_large_image","twitter_description":"Si necesita ayuda a la hora de elegir su ascensor dom\u00e9stico o si tiene alguna pregunta sobre la instalaci\u00f3n. Cont\u00e1ctanos Visitanos gratis","twitter_misc":{"Tiempo de lectura":"2 minutos"},"schema":{"@context":"https:\/\/schema.org","@graph":[{"@type":"WebPage","@id":"https:\/\/swiftlifts.com\/mx\/soporte\/","url":"https:\/\/swiftlifts.com\/mx\/soporte\/","name":"Asistencia y orientaci\u00f3n de ascensores dom\u00e9sticos swiftlifts.com","isPartOf":{"@id":"https:\/\/swiftlifts.com\/mx\/#website"},"primaryImageOfPage":{"@id":"https:\/\/swiftlifts.com\/mx\/soporte\/#primaryimage"},"image":{"@id":"https:\/\/swiftlifts.com\/mx\/soporte\/#primaryimage"},"thumbnailUrl":"https:\/\/swiftlifts.com\/wp-content\/uploads\/2021\/07\/safe-home-2.png","datePublished":"2024-05-24T12:07:21+00:00","dateModified":"2025-04-29T13:48:55+00:00","description":"Si necesita ayuda a la hora de elegir su ascensor dom\u00e9stico o si tiene alguna pregunta sobre la instalaci\u00f3n. Cont\u00e1ctanos Ofrecemos visitas gratis","breadcrumb":{"@id":"https:\/\/swiftlifts.com\/mx\/soporte\/#breadcrumb"},"inLanguage":"es","potentialAction":[{"@type":"ReadAction","target":["https:\/\/swiftlifts.com\/mx\/soporte\/"]}]},{"@type":"ImageObject","inLanguage":"es","@id":"https:\/\/swiftlifts.com\/mx\/soporte\/#primaryimage","url":"https:\/\/swiftlifts.com\/wp-content\/uploads\/2021\/07\/safe-home-2.png","contentUrl":"https:\/\/swiftlifts.com\/wp-content\/uploads\/2021\/07\/safe-home-2.png","width":400,"height":400},{"@type":"BreadcrumbList","@id":"https:\/\/swiftlifts.com\/mx\/soporte\/#breadcrumb","itemListElement":[{"@type":"ListItem","position":1,"name":"Home","item":"https:\/\/swiftlifts.com\/mx\/"},{"@type":"ListItem","position":2,"name":"Soporte"}]},{"@type":"WebSite","@id":"https:\/\/swiftlifts.com\/mx\/#website","url":"https:\/\/swiftlifts.com\/mx\/","name":"SWIFT - 100% battery driven home lifts","description":"NEW WAYS TO MOVE","publisher":{"@id":"https:\/\/swiftlifts.com\/mx\/#organization"},"potentialAction":[{"@type":"SearchAction","target":{"@type":"EntryPoint","urlTemplate":"https:\/\/swiftlifts.com\/mx\/?s={search_term_string}"},"query-input":{"@type":"PropertyValueSpecification","valueRequired":true,"valueName":"search_term_string"}}],"inLanguage":"es"},{"@type":"Organization","@id":"https:\/\/swiftlifts.com\/mx\/#organization","name":"SWIFT Home Lifts","url":"https:\/\/swiftlifts.com\/mx\/","logo":{"@type":"ImageObject","inLanguage":"es","@id":"https:\/\/swiftlifts.com\/mx\/#\/schema\/logo\/image\/","url":"https:\/\/swiftlifts.com\/wp-content\/uploads\/2025\/03\/cropped-SWIFT-Logo-Google.jpg","contentUrl":"https:\/\/swiftlifts.com\/wp-content\/uploads\/2025\/03\/cropped-SWIFT-Logo-Google.jpg","width":512,"height":512,"caption":"SWIFT Home Lifts"},"image":{"@id":"https:\/\/swiftlifts.com\/mx\/#\/schema\/logo\/image\/"},"sameAs":["https:\/\/www.facebook.com\/swifthomelifts","https:\/\/www.instagram.com\/swifthomelifts\/","https:\/\/www.linkedin.com\/company\/swifthomelifts\/","https:\/\/www.pinterest.se\/swifthomelifts\/","https:\/\/www.youtube.com\/@swift5669"]}]}},"_links":{"self":[{"href":"https:\/\/swiftlifts.com\/mx\/wp-json\/wp\/v2\/pages\/45373","targetHints":{"allow":["GET"]}}],"collection":[{"href":"https:\/\/swiftlifts.com\/mx\/wp-json\/wp\/v2\/pages"}],"about":[{"href":"https:\/\/swiftlifts.com\/mx\/wp-json\/wp\/v2\/types\/page"}],"author":[{"embeddable":true,"href":"https:\/\/swiftlifts.com\/mx\/wp-json\/wp\/v2\/users\/1"}],"replies":[{"embeddable":true,"href":"https:\/\/swiftlifts.com\/mx\/wp-json\/wp\/v2\/comments?post=45373"}],"version-history":[{"count":7,"href":"https:\/\/swiftlifts.com\/mx\/wp-json\/wp\/v2\/pages\/45373\/revisions"}],"predecessor-version":[{"id":46837,"href":"https:\/\/swiftlifts.com\/mx\/wp-json\/wp\/v2\/pages\/45373\/revisions\/46837"}],"wp:featuredmedia":[{"embeddable":true,"href":"https:\/\/swiftlifts.com\/mx\/wp-json\/wp\/v2\/media\/45374"}],"wp:attachment":[{"href":"https:\/\/swiftlifts.com\/mx\/wp-json\/wp\/v2\/media?parent=45373"}],"curies":[{"name":"wp","href":"https:\/\/api.w.org\/{rel}","templated":true}]}}