{"id":45372,"date":"2024-05-24T12:18:25","date_gmt":"2024-05-24T12:18:25","guid":{"rendered":"https:\/\/swiftlifts.com\/politica-de-cookies-de-swift\/"},"modified":"2024-05-24T12:18:25","modified_gmt":"2024-05-24T12:18:25","slug":"politica-de-cookies-de-swift","status":"publish","type":"page","link":"https:\/\/swiftlifts.com\/mx\/politica-de-cookies-de-swift\/","title":{"rendered":"Pol\u00edtica de cookies de SWIFT"},"content":{"rendered":"\n\t<section class=\"section pricing_sec\" id=\"section_1685474607\">\n\t\t<div class=\"section-bg fill\" >\n\t\t\t\t\t\t\t\t\t\n\t\t\t\n\n\t\t<\/div>\n\n\t\t\n\n\t\t<div class=\"section-content relative\">\n\t\t\t\n<div class=\"row\"  id=\"row-713305889\">\n\n\t<div id=\"col-488488535\" class=\"col medium-9 small-12 large-9\"  >\n\t\t\t\t<div class=\"col-inner\"  >\n\t\t\t\n\t\t\t\n<h1><strong>POL\u00cdTICA DE COOKIES DE SWIFT<\/strong><\/h1>\n<p>Para leer nuestra pol\u00edtica de integridad, haga clic aqu\u00ed<a href=\"https:\/\/swiftlifts.com\/swift-integrity-policy\/\"><\/a><\/p>\n<h2>Introducci\u00f3n SWIFT<\/h2>\n<p>Home Lifts Sweden AB <strong>(&#8220;SWIFT&#8221;)<\/strong> utiliza cookies en este sitio web. En esta pol\u00edtica le explicamos qu\u00e9 cookies utilizamos, d\u00f3nde se utilizan y qu\u00e9 opciones tiene a su disposici\u00f3n. La Pol\u00edtica de Cookies tambi\u00e9n describe sus derechos con respecto a nosotros y al uso que hacemos de sus datos personales.<\/p>\n<h2>Acerca de SWIFT<\/h2>\n<p>A continuaci\u00f3n encontrar\u00e1 los datos de contacto de SWIFT. En los casos en que las cookies contengan datos personales, SWIFT es responsable de mantenerlos a salvo.<\/p>\n<p><strong>SWIFT Home Lifts Suecia AB<\/strong><\/p>\n<p>N\u00famero de registro de la empresa: 559190-7737<\/p>\n<p>Styrmansgatan 14D<\/p>\n<p>114 54 Estocolmo<\/p>\n<p>Si tiene alguna pregunta sobre las cookies y c\u00f3mo las utilizamos, p\u00f3ngase en contacto con nosotros en hello@swiftlifts.com.<\/p>\n<h2>\u00bfQu\u00e9 es una cookie?<\/h2>\n<p>En su ordenador, dispositivo m\u00f3vil u otro dispositivo similar, una cookie es un peque\u00f1o archivo de texto que almacena datos sobre c\u00f3mo utiliza el sitio web. Las cookies pueden ser permanentes o transitorias. Mientras utiliza el navegador del sitio web, se guardan en su navegador cookies temporales, a veces denominadas cookies de sesi\u00f3n.<\/p>\n<p>Las diferentes cookies tienen una fecha de caducidad despu\u00e9s de la cual ya no pueden utilizarse cuando visite el sitio web que las instal\u00f3. Existen dos tipos de cookies: de origen y de terceros. Las cookies que se guardan en el sitio web de SWIFT se denominan cookies de origen. Las cookies que se colocan en una p\u00e1gina web que no son propiedad de SWIFT se conocen como cookies de terceros.<\/p>\n<h2><\/h2>\n<h2>\u00bfQu\u00e9 cookies se utilizan y con qu\u00e9 finalidad?<\/h2>\n<div id=\"ot-sdk-cookie-policy\"><\/div>\n<h2>\u00bfQu\u00e9 da derecho a SWIFT a tratar sus datos personales?<\/h2>\n<p>SWIFT gestiona sus datos personales de acuerdo con lo anterior con la aceptaci\u00f3n activa por su parte al entrar en nuestra p\u00e1gina web.<\/p>\n<h2>\u00bfPuedo decir que no a las cookies?<\/h2>\n<p>Tiene la opci\u00f3n de impedir que SWIFT instale cookies en su dispositivo. Puede ajustar la configuraci\u00f3n de su navegador para desactivar parcial o totalmente las cookies. Algunos navegadores permiten bloquear todas las cookies, s\u00f3lo algunas cookies de origen o eliminar todas las cookies al cerrar el navegador.<\/p>\n<p>Tambi\u00e9n puede eliminar las cookies guardadas anteriormente a trav\u00e9s de la configuraci\u00f3n de su navegador. No obstante, tenga en cuenta que si decide eliminar o bloquear las cookies, puede afectar al correcto funcionamiento de la p\u00e1gina web o los servicios de SWIFT.<\/p>\n<h2>\u00bfCon qui\u00e9n podemos compartir sus datos personales?<\/h2>\n<p>Los datos personales que recopilamos a trav\u00e9s de cookies de terceros tambi\u00e9n pueden ser compartidos con el tercero que proporciona las cookies (como se especifica en el cuadro anterior).<\/p>\n<h2>Tus derechos<\/h2>\n<p>En caso de que se traten datos personales mediante el uso de cookies, puede hacer valer sus derechos. Para m\u00e1s informaci\u00f3n sobre sus derechos, visite nuestra pol\u00edtica de privacidad.<\/p>\n<h2>Cambios en la pol\u00edtica de cookies<\/h2>\n<p>SWIFT puede introducir cambios o actualizaciones en la presente Pol\u00edtica de Cookies. cualquier cambio de este tipo se notificar\u00e1 aqu\u00ed, en la p\u00e1gina web de SWIFT.<\/p>\n\t\t<\/div>\n\t\t\t\t\t<\/div>\n\n\t\n\n<style>\n#row-713305889 > .col > .col-inner {\n  padding: 100px 0px 0px 0px;\n}\n<\/style>\n<\/div>\n<div class=\"row\"  id=\"row-408705383\">\n\n\t<div id=\"col-1133986610\" class=\"col medium-9 small-12 large-9\"  >\n\t\t\t\t<div class=\"col-inner\"  >\n\t\t\t\n\t\t\t\n\t\t<\/div>\n\t\t\t\t\t<\/div>\n\n\t\n<\/div>\n\t\t<\/div>\n\n\t\t\n<style>\n#section_1685474607 {\n  padding-top: 30px;\n  padding-bottom: 30px;\n  background-color: rgb(250, 245, 242);\n}\n<\/style>\n\t<\/section>\n\t\n","protected":false},"excerpt":{"rendered":"","protected":false},"author":1,"featured_media":0,"parent":0,"menu_order":0,"comment_status":"closed","ping_status":"closed","template":"page-transparent-header.php","meta":{"_acf_changed":false,"content-type":"","footnotes":""},"class_list":["post-45372","page","type-page","status-publish","hentry"],"acf":[],"yoast_head":"<!-- This site is optimized with the Yoast SEO Premium plugin v27.3 (Yoast SEO v27.3) - https:\/\/yoast.com\/product\/yoast-seo-premium-wordpress\/ -->\n<title>Pol\u00edtica de cookies de SWIFT - SWIFT - 100% battery driven home lifts<\/title>\n<meta name=\"robots\" content=\"index, follow, max-snippet:-1, max-image-preview:large, max-video-preview:-1\" \/>\n<link rel=\"canonical\" href=\"https:\/\/swiftlifts.com\/mx\/politica-de-cookies-de-swift\/\" \/>\n<meta property=\"og:locale\" content=\"es_MX\" \/>\n<meta property=\"og:type\" content=\"article\" \/>\n<meta property=\"og:title\" content=\"Pol\u00edtica de cookies de SWIFT\" \/>\n<meta property=\"og:url\" content=\"https:\/\/swiftlifts.com\/mx\/politica-de-cookies-de-swift\/\" \/>\n<meta property=\"og:site_name\" content=\"SWIFT - 100% battery driven home lifts\" \/>\n<meta property=\"article:publisher\" content=\"https:\/\/www.facebook.com\/swifthomelifts\" \/>\n<meta name=\"twitter:card\" content=\"summary_large_image\" \/>\n<meta name=\"twitter:label1\" content=\"Tiempo de lectura\" \/>\n\t<meta name=\"twitter:data1\" content=\"3 minutos\" \/>\n<script type=\"application\/ld+json\" class=\"yoast-schema-graph\">{\"@context\":\"https:\\\/\\\/schema.org\",\"@graph\":[{\"@type\":\"WebPage\",\"@id\":\"https:\\\/\\\/swiftlifts.com\\\/mx\\\/politica-de-cookies-de-swift\\\/\",\"url\":\"https:\\\/\\\/swiftlifts.com\\\/mx\\\/politica-de-cookies-de-swift\\\/\",\"name\":\"Pol\u00edtica de cookies de SWIFT - SWIFT - 100% battery driven home lifts\",\"isPartOf\":{\"@id\":\"https:\\\/\\\/swiftlifts.com\\\/mx\\\/#website\"},\"datePublished\":\"2024-05-24T12:18:25+00:00\",\"breadcrumb\":{\"@id\":\"https:\\\/\\\/swiftlifts.com\\\/mx\\\/politica-de-cookies-de-swift\\\/#breadcrumb\"},\"inLanguage\":\"es\",\"potentialAction\":[{\"@type\":\"ReadAction\",\"target\":[\"https:\\\/\\\/swiftlifts.com\\\/mx\\\/politica-de-cookies-de-swift\\\/\"]}]},{\"@type\":\"BreadcrumbList\",\"@id\":\"https:\\\/\\\/swiftlifts.com\\\/mx\\\/politica-de-cookies-de-swift\\\/#breadcrumb\",\"itemListElement\":[{\"@type\":\"ListItem\",\"position\":1,\"name\":\"Home\",\"item\":\"https:\\\/\\\/swiftlifts.com\\\/mx\\\/\"},{\"@type\":\"ListItem\",\"position\":2,\"name\":\"Pol\u00edtica de cookies de SWIFT\"}]},{\"@type\":\"WebSite\",\"@id\":\"https:\\\/\\\/swiftlifts.com\\\/mx\\\/#website\",\"url\":\"https:\\\/\\\/swiftlifts.com\\\/mx\\\/\",\"name\":\"SWIFT - 100% battery driven home lifts\",\"description\":\"NEW WAYS TO MOVE\",\"publisher\":{\"@id\":\"https:\\\/\\\/swiftlifts.com\\\/mx\\\/#organization\"},\"potentialAction\":[{\"@type\":\"SearchAction\",\"target\":{\"@type\":\"EntryPoint\",\"urlTemplate\":\"https:\\\/\\\/swiftlifts.com\\\/mx\\\/?s={search_term_string}\"},\"query-input\":{\"@type\":\"PropertyValueSpecification\",\"valueRequired\":true,\"valueName\":\"search_term_string\"}}],\"inLanguage\":\"es\"},{\"@type\":\"Organization\",\"@id\":\"https:\\\/\\\/swiftlifts.com\\\/mx\\\/#organization\",\"name\":\"SWIFT Home Lifts\",\"url\":\"https:\\\/\\\/swiftlifts.com\\\/mx\\\/\",\"logo\":{\"@type\":\"ImageObject\",\"inLanguage\":\"es\",\"@id\":\"https:\\\/\\\/swiftlifts.com\\\/mx\\\/#\\\/schema\\\/logo\\\/image\\\/\",\"url\":\"https:\\\/\\\/swiftlifts.com\\\/wp-content\\\/uploads\\\/2025\\\/03\\\/cropped-SWIFT-Logo-Google.jpg\",\"contentUrl\":\"https:\\\/\\\/swiftlifts.com\\\/wp-content\\\/uploads\\\/2025\\\/03\\\/cropped-SWIFT-Logo-Google.jpg\",\"width\":512,\"height\":512,\"caption\":\"SWIFT Home Lifts\"},\"image\":{\"@id\":\"https:\\\/\\\/swiftlifts.com\\\/mx\\\/#\\\/schema\\\/logo\\\/image\\\/\"},\"sameAs\":[\"https:\\\/\\\/www.facebook.com\\\/swifthomelifts\",\"https:\\\/\\\/www.instagram.com\\\/swifthomelifts\\\/\",\"https:\\\/\\\/www.linkedin.com\\\/company\\\/swifthomelifts\\\/\",\"https:\\\/\\\/www.pinterest.se\\\/swifthomelifts\\\/\",\"https:\\\/\\\/www.youtube.com\\\/@swift5669\"]}]}<\/script>\n<!-- \/ Yoast SEO Premium plugin. -->","yoast_head_json":{"title":"Pol\u00edtica de cookies de SWIFT - SWIFT - 100% battery driven home lifts","robots":{"index":"index","follow":"follow","max-snippet":"max-snippet:-1","max-image-preview":"max-image-preview:large","max-video-preview":"max-video-preview:-1"},"canonical":"https:\/\/swiftlifts.com\/mx\/politica-de-cookies-de-swift\/","og_locale":"es_MX","og_type":"article","og_title":"Pol\u00edtica de cookies de SWIFT","og_url":"https:\/\/swiftlifts.com\/mx\/politica-de-cookies-de-swift\/","og_site_name":"SWIFT - 100% battery driven home lifts","article_publisher":"https:\/\/www.facebook.com\/swifthomelifts","twitter_card":"summary_large_image","twitter_misc":{"Tiempo de lectura":"3 minutos"},"schema":{"@context":"https:\/\/schema.org","@graph":[{"@type":"WebPage","@id":"https:\/\/swiftlifts.com\/mx\/politica-de-cookies-de-swift\/","url":"https:\/\/swiftlifts.com\/mx\/politica-de-cookies-de-swift\/","name":"Pol\u00edtica de cookies de SWIFT - SWIFT - 100% battery driven home lifts","isPartOf":{"@id":"https:\/\/swiftlifts.com\/mx\/#website"},"datePublished":"2024-05-24T12:18:25+00:00","breadcrumb":{"@id":"https:\/\/swiftlifts.com\/mx\/politica-de-cookies-de-swift\/#breadcrumb"},"inLanguage":"es","potentialAction":[{"@type":"ReadAction","target":["https:\/\/swiftlifts.com\/mx\/politica-de-cookies-de-swift\/"]}]},{"@type":"BreadcrumbList","@id":"https:\/\/swiftlifts.com\/mx\/politica-de-cookies-de-swift\/#breadcrumb","itemListElement":[{"@type":"ListItem","position":1,"name":"Home","item":"https:\/\/swiftlifts.com\/mx\/"},{"@type":"ListItem","position":2,"name":"Pol\u00edtica de cookies de SWIFT"}]},{"@type":"WebSite","@id":"https:\/\/swiftlifts.com\/mx\/#website","url":"https:\/\/swiftlifts.com\/mx\/","name":"SWIFT - 100% battery driven home lifts","description":"NEW WAYS TO MOVE","publisher":{"@id":"https:\/\/swiftlifts.com\/mx\/#organization"},"potentialAction":[{"@type":"SearchAction","target":{"@type":"EntryPoint","urlTemplate":"https:\/\/swiftlifts.com\/mx\/?s={search_term_string}"},"query-input":{"@type":"PropertyValueSpecification","valueRequired":true,"valueName":"search_term_string"}}],"inLanguage":"es"},{"@type":"Organization","@id":"https:\/\/swiftlifts.com\/mx\/#organization","name":"SWIFT Home Lifts","url":"https:\/\/swiftlifts.com\/mx\/","logo":{"@type":"ImageObject","inLanguage":"es","@id":"https:\/\/swiftlifts.com\/mx\/#\/schema\/logo\/image\/","url":"https:\/\/swiftlifts.com\/wp-content\/uploads\/2025\/03\/cropped-SWIFT-Logo-Google.jpg","contentUrl":"https:\/\/swiftlifts.com\/wp-content\/uploads\/2025\/03\/cropped-SWIFT-Logo-Google.jpg","width":512,"height":512,"caption":"SWIFT Home Lifts"},"image":{"@id":"https:\/\/swiftlifts.com\/mx\/#\/schema\/logo\/image\/"},"sameAs":["https:\/\/www.facebook.com\/swifthomelifts","https:\/\/www.instagram.com\/swifthomelifts\/","https:\/\/www.linkedin.com\/company\/swifthomelifts\/","https:\/\/www.pinterest.se\/swifthomelifts\/","https:\/\/www.youtube.com\/@swift5669"]}]}},"_links":{"self":[{"href":"https:\/\/swiftlifts.com\/mx\/wp-json\/wp\/v2\/pages\/45372","targetHints":{"allow":["GET"]}}],"collection":[{"href":"https:\/\/swiftlifts.com\/mx\/wp-json\/wp\/v2\/pages"}],"about":[{"href":"https:\/\/swiftlifts.com\/mx\/wp-json\/wp\/v2\/types\/page"}],"author":[{"embeddable":true,"href":"https:\/\/swiftlifts.com\/mx\/wp-json\/wp\/v2\/users\/1"}],"replies":[{"embeddable":true,"href":"https:\/\/swiftlifts.com\/mx\/wp-json\/wp\/v2\/comments?post=45372"}],"version-history":[{"count":0,"href":"https:\/\/swiftlifts.com\/mx\/wp-json\/wp\/v2\/pages\/45372\/revisions"}],"wp:attachment":[{"href":"https:\/\/swiftlifts.com\/mx\/wp-json\/wp\/v2\/media?parent=45372"}],"curies":[{"name":"wp","href":"https:\/\/api.w.org\/{rel}","templated":true}]}}