{"id":45368,"date":"2024-05-24T12:22:21","date_gmt":"2024-05-24T12:22:21","guid":{"rendered":"https:\/\/swiftlifts.com\/retrato-swift-fredrik\/"},"modified":"2024-05-24T12:22:21","modified_gmt":"2024-05-24T12:22:21","slug":"retrato-swift-fredrik","status":"publish","type":"page","link":"https:\/\/swiftlifts.com\/mx\/personas-swift\/retrato-swift-fredrik\/","title":{"rendered":"Retrato SWIFT &#8211; Fredrik"},"content":{"rendered":"\n\t<section class=\"section\" id=\"section_298803200\">\n\t\t<div class=\"section-bg fill\" >\n\t\t\t\t\t\t\t\t\t\n\t\t\t\n\n\t\t<\/div>\n\n\t\t\n\n\t\t<div class=\"section-content relative\">\n\t\t\t\n<div class=\"row\"  id=\"row-763010084\">\n\n\t<div id=\"col-430998941\" class=\"col small-12 large-12\"  >\n\t\t\t\t<div class=\"col-inner\"  >\n\t\t\t\n\t\t\t\n\t\t<\/div>\n\t\t\t\t\t<\/div>\n\n\t\n<\/div>\n<div class=\"row align-center\" style=\"max-width:100%\" id=\"row-1620659775\">\n\n\t<div id=\"col-93684945\" class=\"col medium-10 small-12 large-10\"  >\n\t\t\t\t<div class=\"col-inner\"  >\n\t\t\t\n\t\t\t\n\t<div id=\"text-982044469\" class=\"text\">\n\t\t\n<h1>SWIFT People<\/h1>\n\t\t\n<style>\n#text-982044469 {\n  font-size: 1.75rem;\n  line-height: 0.75;\n  color: rgb(0, 10, 54);\n}\n#text-982044469 > * {\n  color: rgb(0, 10, 54);\n}\n<\/style>\n\t<\/div>\n\t\n\t<div id=\"text-2138605249\" class=\"text\">\n\t\t\n<p>Retrato del mes<br \/>\n\t\t\n<style>\n#text-2138605249 {\n  font-size: 1.6rem;\n  line-height: 0.75;\n}\n<\/style>\n\t<\/div>\n\t\n\t\t<\/div>\n\t\t\t\t\n<style>\n#col-93684945 > .col-inner {\n  padding: 50px 0px 0px 0px;\n}\n<\/style>\n\t<\/div>\n\n\t\n<\/div>\n<div class=\"row align-equal align-center\" style=\"max-width:100%\" id=\"row-1837669090\">\n\n\t<div id=\"col-1897557294\" class=\"col medium-5 small-12 large-5\"  >\n\t\t\t\t<div class=\"col-inner text-left\" style=\"background-color:rgb(30, 98, 122);\" >\n\t\t\t\n\t\t\t\n\t<div id=\"text-552742923\" class=\"text swift-people-text\">\n\t\t\n<p>NOMBRE: <b>Fredrik G\u00fclich<\/b> <br \/>CARGO<strong>:<\/strong> <b>Especialista en producci\u00f3n y BC<\/b><br \/>EDAD:<strong> 41<\/strong> <br \/>VIVE: <b>Shanghai, China<\/b><\/p>\n\t\t\n<style>\n#text-552742923 {\n  font-size: 1.5rem;\n  line-height: 1.65;\n  color: rgb(255, 255, 255);\n}\n#text-552742923 > * {\n  color: rgb(255, 255, 255);\n}\n<\/style>\n\t<\/div>\n\t\n\t\t<\/div>\n\t\t\t\t\n<style>\n#col-1897557294 > .col-inner {\n  padding: 30px 0px 0px 30px;\n  margin: 0px 0px 0px 0px;\n}\n@media (min-width:550px) {\n  #col-1897557294 > .col-inner {\n    padding: 20% 0px 0px 50px;\n  }\n}\n<\/style>\n\t<\/div>\n\n\t\n\n\t<div id=\"col-1061754390\" class=\"col medium-5 small-12 large-5\"  >\n\t\t\t\t<div class=\"col-inner\"  >\n\t\t\t\n\t\t\t\n\t<div class=\"img has-hover x md-x lg-x y md-y lg-y\" id=\"image_1577647596\">\n\t\t\t\t\t\t\t\t<div class=\"img-inner dark\" >\n\t\t\t<img loading=\"lazy\" decoding=\"async\" width=\"1400\" height=\"1050\" src=\"https:\/\/swiftlifts.com\/wp-content\/uploads\/2023\/11\/Fredrik_SWIFT_Portrait-scaled-e1701341406546.jpeg\" class=\"attachment-original size-original\" alt=\"Fredrik SWIFT Portrait\" \/>\t\t\t\t\t\t\n\t\t\t\t\t<\/div>\n\t\t\t\t\t\t\t\t\n<style>\n#image_1577647596 {\n  width: 100%;\n}\n<\/style>\n\t<\/div>\n\t\n\t\t<\/div>\n\t\t\t\t\n<style>\n#col-1061754390 > .col-inner {\n  margin: 0px 0px 0px 0px;\n}\n<\/style>\n\t<\/div>\n\n\t\n<\/div>\n<div class=\"row align-equal align-center\" style=\"max-width:100%\" id=\"row-1579245948\">\n\n\t<div id=\"col-1335288667\" class=\"col medium-10 small-12 large-10\"  >\n\t\t\t\t<div class=\"col-inner\"  >\n\t\t\t\n\t<div class=\"is-border\"\n\t\tstyle=\"border-color:rgb(30, 98, 122);border-width:5px 5px 5px 5px;\">\n\t<\/div>\n\t\t\t\n\t<div id=\"text-29173044\" class=\"text\">\n\t\t\n<p><strong>\u00bfSu viaje en pocas palabras? <br \/><\/strong>Llevo toda la vida trabajando con todo tipo de producciones diferentes. Desde trabajar en una cocina con la producci\u00f3n de alimentos hasta la producci\u00f3n mec\u00e1nica. Tras incorporarme a Aritco en 2008 para desarrollar procesos de producci\u00f3n y m\u00e9todos de trabajo, me di cuenta de lo grande que puede ser este campo. En 2021, pas\u00e9 a formar parte de SWIFT, para llevar nuestra producci\u00f3n de ascensores dom\u00e9sticos al siguiente nivel. \u23eb<span class=\"ui-provider hf bpg bls cbr cbs cbt cbu cbv cbw cbx cby cbz cca ccb ccc ccd cce ccf ccg cch cci ccj cck ccl ccm ccn cco ccp ccq ccr ccs cct ccu ccv ccw\" dir=\"ltr\"><\/span><\/p>\n<p><strong>Su funci\u00f3n en SWIFT es Especialista en Producci\u00f3n y Central de Negocios. \u00bfQu\u00e9 significa eso?<\/strong> <br \/>Construir procesos de producci\u00f3n y flujo de informaci\u00f3n en la f\u00e1brica, para que el operario sepa qu\u00e9 hacer y cu\u00e1ndo. En eso consiste la producci\u00f3n en pocas palabras. \ud83e\udd5c<span class=\"ui-provider hf bpg bls cbr cbs cbt cbu cbv cbw cbx cby cbz cca ccb ccc ccd cce ccf ccg cch cci ccj cck ccl ccm ccn cco ccp ccq ccr ccs cct ccu ccv ccw\" dir=\"ltr\"><\/span><\/p>\n<p><strong>En sus a\u00f1os mozos trabaj\u00f3 como chef, \u00bfcu\u00e1les son las similitudes y diferencias entre trabajar en una cocina y en una f\u00e1brica?<\/strong> <br \/>La mayor diferencia es que en una cocina se recibe informaci\u00f3n inmediata del cliente sobre lo que se hace, pero el env\u00edo de art\u00edculos de una f\u00e1brica al cliente lleva tiempo, y lo mismo ocurre con el circuito de informaci\u00f3n. Sin embargo, no hay diferencia en cuanto a calidad. Siempre hay que ofrecer excelencia para evitar las quejas de los clientes.<\/p>\n<p><strong>\u00bfSu plato estrella?<\/strong> <br \/>Alb\u00f3ndigas suecas con pur\u00e9 de patatas. \ud83e\udd54<span class=\"ui-provider hf bpg bls cbr cbs cbt cbu cbv cbw cbx cby cbz cca ccb ccc ccd cce ccf ccg cch cci ccj cck ccl ccm ccn cco ccp ccq ccr ccs cct ccu ccv ccw\" dir=\"ltr\"><\/span><\/p>\n<p><strong>\u00bfEstocolmo o Shanghai? <br \/><\/strong>Es dif\u00edcil decirlo, pero Estocolmo es mi ciudad natal. <\/p>\n<p><strong>\u00bfCampesino o pez en el agua?<br \/><\/strong> Pez en el agua. <span class=\"ui-provider hf bpg bls cbr cbs cbt cbu cbv cbw cbx cby cbz cca ccb ccc ccd cce ccf ccg cch cci ccj cck ccl ccm ccn cco ccp ccq ccr ccs cct ccu ccv ccw\" dir=\"ltr\">\ud83d\udc20<\/span><\/p>\n<p><strong>\u00bfTu lugar feliz?<\/strong> <br \/>En casa con mi familia y en el mar, buceando con amigos. <span class=\"ui-provider hf bpg bls cbr cbs cbt cbu cbv cbw cbx cby cbz cca ccb ccc ccd cce ccf ccg cch cci ccj cck ccl ccm ccn cco ccp ccq ccr ccs cct ccu ccv ccw\" dir=\"ltr\">\ud83e\udd3f<\/span><\/p>\n<p><strong>Cuando no est\u00e1s trabajando, \u00bfc\u00f3mo prefieres pasar el tiempo?<br \/><\/strong> Me gusta entrenar, hacer senderismo y nadar, pero lo que m\u00e1s me importa es pasar tiempo con la familia y los amigos. <span class=\"ui-provider hf bpg bls cbr cbs cbt cbu cbv cbw cbx cby cbz cca ccb ccc ccd cce ccf ccg cch cci ccj cck ccl ccm ccn cco ccp ccq ccr ccs cct ccu ccv ccw\" dir=\"ltr\">\ud83c\udfca<\/span><\/p>\n<p><strong>\u00bfSu funci\u00f3n favorita de SWIFT?<\/strong> <br \/>Que sea un ascensor 100% a bater\u00eda, para asegurarnos de que funciona en todo momento. \ud83d\udd0b<span class=\"ui-provider hf bpg bls cbr cbs cbt cbu cbv cbw cbx cby cbz cca ccb ccc ccd cce ccf ccg cch cci ccj cck ccl ccm ccn cco ccp ccq ccr ccs cct ccu ccv ccw\" dir=\"ltr\"><\/span><\/p>\n<p><strong>\u00bfSus 3 rutinas diarias?<\/strong> <br \/>Preparar el caf\u00e9, tomarlo y luego ir a la oficina y a la f\u00e1brica&#8230; despu\u00e9s de eso, nunca se sabe lo que puede pasar. Lo m\u00e1s probable es que cambie el plan que hizo la v\u00edspera. <span class=\"ui-provider hf bpg bls cbr cbs cbt cbu cbv cbw cbx cby cbz cca ccb ccc ccd cce ccf ccg cch cci ccj cck ccl ccm ccn cco ccp ccq ccr ccs cct ccu ccv ccw\" dir=\"ltr\">\u2615\ufe0f<\/span><\/p>\n<p><strong>\u00bfCu\u00e1l ha sido el momento m\u00e1s memorable de su viaje por SWIFT hasta ahora?<\/strong> <br \/>Empezando mi puesto en la f\u00e1brica de Shangai durante covid. \ud83c\udfd9<span class=\"ui-provider hf bpg bls cbr cbs cbt cbu cbv cbw cbx cby cbz cca ccb ccc ccd cce ccf ccg cch cci ccj cck ccl ccm ccn cco ccp ccq ccr ccs cct ccu ccv ccw\" dir=\"ltr\"><\/span><\/p>\n<p><strong>Mirando lo que ha conseguido hasta ahora, \u00bfde qu\u00e9 se siente m\u00e1s orgulloso?<\/strong> <br \/>Me enorgullece formar al equipo con el que trabajo. Hemos trabajado juntos para aumentar nuestra producci\u00f3n, y ver su crecimiento y contribuci\u00f3n es especialmente gratificante. <span class=\"ui-provider hf bpg bls cbr cbs cbt cbu cbv cbw cbx cby cbz cca ccb ccc ccd cce ccf ccg cch cci ccj cck ccl ccm ccn cco ccp ccq ccr ccs cct ccu ccv ccw\" dir=\"ltr\">\ud83e\udd32\ud83c\udffc<\/span><\/p>\n<p><strong>\u00bfCu\u00e1l es su lema en la vida? <br \/><\/strong>Haz lo que tengas que hacer. R\u00e1pido y 100% correcto a la primera. <span class=\"ui-provider hf bpg bls cbr cbs cbt cbu cbv cbw cbx cby cbz cca ccb ccc ccd cce ccf ccg cch cci ccj cck ccl ccm ccn cco ccp ccq ccr ccs cct ccu ccv ccw\" dir=\"ltr\">\u2714\ufe0f<\/span><\/p>\n<p><strong>\u00bfUna cosa sin la que no puede vivir cuando trabaja? <\/strong>M\u00fasica Cuando necesito estar concentrado al cien por cien para completar una tarea, la buena m\u00fasica ayuda. \ud83c\udfa7<span class=\"ui-provider hf bpg bls cbr cbs cbt cbu cbv cbw cbx cby cbz cca ccb ccc ccd cce ccf ccg cch cci ccj cck ccl ccm ccn cco ccp ccq ccr ccs cct ccu ccv ccw\" dir=\"ltr\"><\/span><\/p>\n<p><strong>\u00bfTu canci\u00f3n de karaoke favorita?<br \/><\/strong> Forever Young de Alphaville. <span class=\"ui-provider hf bpg bls cbr cbs cbt cbu cbv cbw cbx cby cbz cca ccb ccc ccd cce ccf ccg cch cci ccj cck ccl ccm ccn cco ccp ccq ccr ccs cct ccu ccv ccw\" dir=\"ltr\">\ud83c\udfa4 <\/span><\/p>\n<p><strong>\u00bfEn su lista de deseos?<\/strong> Viajar m\u00e1s y bucear. <span class=\"ui-provider hf bpg bls cbr cbs cbt cbu cbv cbw cbx cby cbz cca ccb ccc ccd cce ccf ccg cch cci ccj cck ccl ccm ccn cco ccp ccq ccr ccs cct ccu ccv ccw\" dir=\"ltr\">\ud83c\udf0f<\/span><\/p>\n\t\t\n<style>\n#text-29173044 {\n  font-size: 1.5rem;\n  color: rgb(30, 98, 122);\n}\n#text-29173044 > * {\n  color: rgb(30, 98, 122);\n}\n<\/style>\n\t<\/div>\n\t\n\t\t<\/div>\n\t\t\t\t\n<style>\n#col-1335288667 > .col-inner {\n  padding: 10px 10px 10px 10px;\n}\n@media (min-width:550px) {\n  #col-1335288667 > .col-inner {\n    padding: 50px 50px 50px 50px;\n  }\n}\n<\/style>\n\t<\/div>\n\n\t\n<\/div>\n\t\t<\/div>\n\n\t\t\n<style>\n#section_298803200 {\n  padding-top: 30px;\n  padding-bottom: 30px;\n}\n<\/style>\n\t<\/section>\n\t\n","protected":false},"excerpt":{"rendered":"","protected":false},"author":11,"featured_media":0,"parent":45375,"menu_order":0,"comment_status":"closed","ping_status":"closed","template":"page-transparent-header.php","meta":{"_acf_changed":false,"content-type":"","footnotes":""},"class_list":["post-45368","page","type-page","status-publish","hentry"],"acf":[],"yoast_head":"<!-- This site is optimized with the Yoast SEO Premium plugin v27.3 (Yoast SEO v27.4) - https:\/\/yoast.com\/product\/yoast-seo-premium-wordpress\/ -->\n<title>Retrato SWIFT - Fredrik - SWIFT - 100% battery driven home lifts<\/title>\n<meta name=\"robots\" content=\"index, follow, max-snippet:-1, max-image-preview:large, max-video-preview:-1\" \/>\n<link rel=\"canonical\" href=\"https:\/\/swiftlifts.com\/mx\/personas-swift\/retrato-swift-fredrik\/\" \/>\n<meta property=\"og:locale\" content=\"es_MX\" \/>\n<meta property=\"og:type\" content=\"article\" \/>\n<meta property=\"og:title\" content=\"Retrato SWIFT - Fredrik\" \/>\n<meta property=\"og:url\" content=\"https:\/\/swiftlifts.com\/mx\/personas-swift\/retrato-swift-fredrik\/\" \/>\n<meta property=\"og:site_name\" content=\"SWIFT - 100% battery driven home lifts\" \/>\n<meta property=\"article:publisher\" content=\"https:\/\/www.facebook.com\/swifthomelifts\" \/>\n<meta name=\"twitter:card\" content=\"summary_large_image\" \/>\n<meta name=\"twitter:label1\" content=\"Tiempo de lectura\" \/>\n\t<meta name=\"twitter:data1\" content=\"3 minutos\" \/>\n<script type=\"application\/ld+json\" class=\"yoast-schema-graph\">{\"@context\":\"https:\\\/\\\/schema.org\",\"@graph\":[{\"@type\":\"WebPage\",\"@id\":\"https:\\\/\\\/swiftlifts.com\\\/mx\\\/personas-swift\\\/retrato-swift-fredrik\\\/\",\"url\":\"https:\\\/\\\/swiftlifts.com\\\/mx\\\/personas-swift\\\/retrato-swift-fredrik\\\/\",\"name\":\"Retrato SWIFT - Fredrik - SWIFT - 100% battery driven home lifts\",\"isPartOf\":{\"@id\":\"https:\\\/\\\/swiftlifts.com\\\/mx\\\/#website\"},\"datePublished\":\"2024-05-24T12:22:21+00:00\",\"breadcrumb\":{\"@id\":\"https:\\\/\\\/swiftlifts.com\\\/mx\\\/personas-swift\\\/retrato-swift-fredrik\\\/#breadcrumb\"},\"inLanguage\":\"es\",\"potentialAction\":[{\"@type\":\"ReadAction\",\"target\":[\"https:\\\/\\\/swiftlifts.com\\\/mx\\\/personas-swift\\\/retrato-swift-fredrik\\\/\"]}]},{\"@type\":\"BreadcrumbList\",\"@id\":\"https:\\\/\\\/swiftlifts.com\\\/mx\\\/personas-swift\\\/retrato-swift-fredrik\\\/#breadcrumb\",\"itemListElement\":[{\"@type\":\"ListItem\",\"position\":1,\"name\":\"Home\",\"item\":\"https:\\\/\\\/swiftlifts.com\\\/mx\\\/\"},{\"@type\":\"ListItem\",\"position\":2,\"name\":\"SWIFT People\",\"item\":\"https:\\\/\\\/swiftlifts.com\\\/mx\\\/personas-swift\\\/\"},{\"@type\":\"ListItem\",\"position\":3,\"name\":\"Retrato SWIFT &#8211; Fredrik\"}]},{\"@type\":\"WebSite\",\"@id\":\"https:\\\/\\\/swiftlifts.com\\\/mx\\\/#website\",\"url\":\"https:\\\/\\\/swiftlifts.com\\\/mx\\\/\",\"name\":\"SWIFT - 100% battery driven home lifts\",\"description\":\"NEW WAYS TO MOVE\",\"publisher\":{\"@id\":\"https:\\\/\\\/swiftlifts.com\\\/mx\\\/#organization\"},\"potentialAction\":[{\"@type\":\"SearchAction\",\"target\":{\"@type\":\"EntryPoint\",\"urlTemplate\":\"https:\\\/\\\/swiftlifts.com\\\/mx\\\/?s={search_term_string}\"},\"query-input\":{\"@type\":\"PropertyValueSpecification\",\"valueRequired\":true,\"valueName\":\"search_term_string\"}}],\"inLanguage\":\"es\"},{\"@type\":\"Organization\",\"@id\":\"https:\\\/\\\/swiftlifts.com\\\/mx\\\/#organization\",\"name\":\"SWIFT Home Lifts\",\"url\":\"https:\\\/\\\/swiftlifts.com\\\/mx\\\/\",\"logo\":{\"@type\":\"ImageObject\",\"inLanguage\":\"es\",\"@id\":\"https:\\\/\\\/swiftlifts.com\\\/mx\\\/#\\\/schema\\\/logo\\\/image\\\/\",\"url\":\"https:\\\/\\\/swiftlifts.com\\\/wp-content\\\/uploads\\\/2025\\\/03\\\/cropped-SWIFT-Logo-Google.jpg\",\"contentUrl\":\"https:\\\/\\\/swiftlifts.com\\\/wp-content\\\/uploads\\\/2025\\\/03\\\/cropped-SWIFT-Logo-Google.jpg\",\"width\":512,\"height\":512,\"caption\":\"SWIFT Home Lifts\"},\"image\":{\"@id\":\"https:\\\/\\\/swiftlifts.com\\\/mx\\\/#\\\/schema\\\/logo\\\/image\\\/\"},\"sameAs\":[\"https:\\\/\\\/www.facebook.com\\\/swifthomelifts\",\"https:\\\/\\\/www.instagram.com\\\/swifthomelifts\\\/\",\"https:\\\/\\\/www.linkedin.com\\\/company\\\/swifthomelifts\\\/\",\"https:\\\/\\\/www.pinterest.se\\\/swifthomelifts\\\/\",\"https:\\\/\\\/www.youtube.com\\\/@swift5669\"]}]}<\/script>\n<!-- \/ Yoast SEO Premium plugin. -->","yoast_head_json":{"title":"Retrato SWIFT - Fredrik - SWIFT - 100% battery driven home lifts","robots":{"index":"index","follow":"follow","max-snippet":"max-snippet:-1","max-image-preview":"max-image-preview:large","max-video-preview":"max-video-preview:-1"},"canonical":"https:\/\/swiftlifts.com\/mx\/personas-swift\/retrato-swift-fredrik\/","og_locale":"es_MX","og_type":"article","og_title":"Retrato SWIFT - Fredrik","og_url":"https:\/\/swiftlifts.com\/mx\/personas-swift\/retrato-swift-fredrik\/","og_site_name":"SWIFT - 100% battery driven home lifts","article_publisher":"https:\/\/www.facebook.com\/swifthomelifts","twitter_card":"summary_large_image","twitter_misc":{"Tiempo de lectura":"3 minutos"},"schema":{"@context":"https:\/\/schema.org","@graph":[{"@type":"WebPage","@id":"https:\/\/swiftlifts.com\/mx\/personas-swift\/retrato-swift-fredrik\/","url":"https:\/\/swiftlifts.com\/mx\/personas-swift\/retrato-swift-fredrik\/","name":"Retrato SWIFT - Fredrik - SWIFT - 100% battery driven home lifts","isPartOf":{"@id":"https:\/\/swiftlifts.com\/mx\/#website"},"datePublished":"2024-05-24T12:22:21+00:00","breadcrumb":{"@id":"https:\/\/swiftlifts.com\/mx\/personas-swift\/retrato-swift-fredrik\/#breadcrumb"},"inLanguage":"es","potentialAction":[{"@type":"ReadAction","target":["https:\/\/swiftlifts.com\/mx\/personas-swift\/retrato-swift-fredrik\/"]}]},{"@type":"BreadcrumbList","@id":"https:\/\/swiftlifts.com\/mx\/personas-swift\/retrato-swift-fredrik\/#breadcrumb","itemListElement":[{"@type":"ListItem","position":1,"name":"Home","item":"https:\/\/swiftlifts.com\/mx\/"},{"@type":"ListItem","position":2,"name":"SWIFT People","item":"https:\/\/swiftlifts.com\/mx\/personas-swift\/"},{"@type":"ListItem","position":3,"name":"Retrato SWIFT &#8211; Fredrik"}]},{"@type":"WebSite","@id":"https:\/\/swiftlifts.com\/mx\/#website","url":"https:\/\/swiftlifts.com\/mx\/","name":"SWIFT - 100% battery driven home lifts","description":"NEW WAYS TO MOVE","publisher":{"@id":"https:\/\/swiftlifts.com\/mx\/#organization"},"potentialAction":[{"@type":"SearchAction","target":{"@type":"EntryPoint","urlTemplate":"https:\/\/swiftlifts.com\/mx\/?s={search_term_string}"},"query-input":{"@type":"PropertyValueSpecification","valueRequired":true,"valueName":"search_term_string"}}],"inLanguage":"es"},{"@type":"Organization","@id":"https:\/\/swiftlifts.com\/mx\/#organization","name":"SWIFT Home Lifts","url":"https:\/\/swiftlifts.com\/mx\/","logo":{"@type":"ImageObject","inLanguage":"es","@id":"https:\/\/swiftlifts.com\/mx\/#\/schema\/logo\/image\/","url":"https:\/\/swiftlifts.com\/wp-content\/uploads\/2025\/03\/cropped-SWIFT-Logo-Google.jpg","contentUrl":"https:\/\/swiftlifts.com\/wp-content\/uploads\/2025\/03\/cropped-SWIFT-Logo-Google.jpg","width":512,"height":512,"caption":"SWIFT Home Lifts"},"image":{"@id":"https:\/\/swiftlifts.com\/mx\/#\/schema\/logo\/image\/"},"sameAs":["https:\/\/www.facebook.com\/swifthomelifts","https:\/\/www.instagram.com\/swifthomelifts\/","https:\/\/www.linkedin.com\/company\/swifthomelifts\/","https:\/\/www.pinterest.se\/swifthomelifts\/","https:\/\/www.youtube.com\/@swift5669"]}]}},"_links":{"self":[{"href":"https:\/\/swiftlifts.com\/mx\/wp-json\/wp\/v2\/pages\/45368","targetHints":{"allow":["GET"]}}],"collection":[{"href":"https:\/\/swiftlifts.com\/mx\/wp-json\/wp\/v2\/pages"}],"about":[{"href":"https:\/\/swiftlifts.com\/mx\/wp-json\/wp\/v2\/types\/page"}],"author":[{"embeddable":true,"href":"https:\/\/swiftlifts.com\/mx\/wp-json\/wp\/v2\/users\/11"}],"replies":[{"embeddable":true,"href":"https:\/\/swiftlifts.com\/mx\/wp-json\/wp\/v2\/comments?post=45368"}],"version-history":[{"count":0,"href":"https:\/\/swiftlifts.com\/mx\/wp-json\/wp\/v2\/pages\/45368\/revisions"}],"up":[{"embeddable":true,"href":"https:\/\/swiftlifts.com\/mx\/wp-json\/wp\/v2\/pages\/45375"}],"wp:attachment":[{"href":"https:\/\/swiftlifts.com\/mx\/wp-json\/wp\/v2\/media?parent=45368"}],"curies":[{"name":"wp","href":"https:\/\/api.w.org\/{rel}","templated":true}]}}