{"id":45363,"date":"2024-05-27T09:27:20","date_gmt":"2024-05-27T09:27:20","guid":{"rendered":"https:\/\/swiftlifts.com\/100-accionado-por-bateria\/"},"modified":"2024-05-27T09:27:20","modified_gmt":"2024-05-27T09:27:20","slug":"100-accionado-por-bateria","status":"publish","type":"page","link":"https:\/\/swiftlifts.com\/mx\/100-accionado-por-bateria\/","title":{"rendered":"100% accionado por Bater\u00eda"},"content":{"rendered":"\n\t<section class=\"section\" id=\"section_6054138\">\n\t\t<div class=\"section-bg fill\" >\n\t\t\t\t\t\t\t\t\t\n\t\t\t\n\n\t\t<\/div>\n\n\t\t\n\n\t\t<div class=\"section-content relative\">\n\t\t\t\n<div class=\"row row-full-width align-center\"  id=\"row-2136619927\">\n\n\t<div id=\"col-647811292\" class=\"col small-12 large-12\"  >\n\t\t\t\t<div class=\"col-inner text-center\"  >\n\t\t\t\n\t\t\t\n\t<div id=\"text-3750796383\" class=\"text\">\n\t\t\n\t\t\n<style>\n#text-3750796383 {\n  font-size: 2rem;\n  color: rgb(255, 255, 255);\n}\n#text-3750796383 > * {\n  color: rgb(255, 255, 255);\n}\n<\/style>\n\t<\/div>\n\t\n\t\t<\/div>\n\t\t\t\t\n<style>\n#col-647811292 > .col-inner {\n  padding: 0px 0px 0px 0px;\n  margin: 0px 0px 0px 0px;\n}\n<\/style>\n\t<\/div>\n\n\t\n\n<style>\n#row-2136619927 > .col > .col-inner {\n  padding: 0px 0px 0px 0px;\n}\n<\/style>\n<\/div>\n\t\t<\/div>\n\n\t\t\n<style>\n#section_6054138 {\n  padding-top: 30px;\n  padding-bottom: 30px;\n  background-color: rgb(0,0,0);\n}\n<\/style>\n\t<\/section>\n\t\n\n\t<section class=\"section battery-video\" id=\"section_1441548252\">\n\t\t<div class=\"section-bg fill\" >\n\t\t\t\t\t\t\t\t\t\n\t\t\t\n\n\t\t<\/div>\n\n\t\t\n\n\t\t<div class=\"section-content relative\">\n\t\t\t\n<div class=\"row row-collapse row-full-width\"  id=\"row-1945428973\">\n\n\t<div id=\"col-859536582\" class=\"col small-12 large-12\"  >\n\t\t\t\t<div class=\"col-inner\"  >\n\t\t\t\n\t\t\t\n<div class=\"battery-video-container\">\n<div class=\"video-section active\"><video src=\"https:\/\/swiftlifts.com\/wp-content\/uploads\/2024\/04\/100_battery_driven-grafisk_svart_1.mp4\" preload=\"auto\" autoplay=\"autoplay\" loop=\"loop\" muted=\"\" width=\"300\" height=\"150\"><\/video><\/p>\n<div class=\"battery-overlay\">\n<h1>100% Accionado por Bater\u00eda<\/h1>\n<h2>El SWIFT inspirado en Tesla<br \/>\nsistema de bater\u00edas se basa en<br \/>\n3 componentes:<\/h2>\n<h2>M\u00e1s informaci\u00f3n<\/h2>\n<p><img decoding=\"async\" src=\"https:\/\/swiftlifts.com\/wp-content\/uploads\/2024\/03\/arrow-right.png\" width=\"100\"><\/p>\n<\/div>\n<\/div>\n<div class=\"video-section\"><video src=\"https:\/\/swiftlifts.com\/wp-content\/uploads\/2024\/04\/100_battery_driven-grafisk_svart_2.mp4\" preload=\"auto\" autoplay=\"autoplay\" loop=\"loop\" muted=\"\" width=\"300\" height=\"150\"><\/video><\/p>\n<div class=\"battery-overlay\">\n<h2>1. Un avanzado motor IPM SynRM<\/h2>\n<h2>Siguiente (1\/3)<\/h2>\n<p><img decoding=\"async\" src=\"https:\/\/swiftlifts.com\/wp-content\/uploads\/2024\/03\/arrow-right.png\" width=\"100\"><\/p>\n<\/div>\n<\/div>\n<div class=\"video-section\"><video src=\"https:\/\/swiftlifts.com\/wp-content\/uploads\/2024\/04\/100_battery_driven-grafisk_svart_3.mp4\" preload=\"auto\" autoplay=\"autoplay\" loop=\"loop\" muted=\"\" width=\"300\" height=\"150\"><\/video><\/p>\n<div class=\"battery-overlay\">\n<h2>2. Un controlador SWIFT Motor \u00fanico<\/h2>\n<h2>Siguiente (2\/3)<\/h2>\n<p><img decoding=\"async\" src=\"https:\/\/swiftlifts.com\/wp-content\/uploads\/2024\/03\/arrow-right.png\" width=\"100\"><\/p>\n<\/div>\n<\/div>\n<div class=\"video-section\"><video src=\"https:\/\/swiftlifts.com\/wp-content\/uploads\/2024\/04\/100_battery_driven-grafisk_svart_4.mp4\" preload=\"auto\" autoplay=\"autoplay\" loop=\"loop\" muted=\"\" width=\"300\" height=\"150\"><\/video><\/p>\n<div class=\"battery-overlay\">\n<h2>3. Una bater\u00eda especial SWIFT<\/h2>\n<h2>Siguiente (3\/3)<\/h2>\n<p><img decoding=\"async\" src=\"https:\/\/swiftlifts.com\/wp-content\/uploads\/2024\/03\/arrow-right.png\" width=\"100\"><\/p>\n<\/div>\n<\/div>\n<\/div>\n\t\t<\/div>\n\t\t\t\t\n<style>\n#col-859536582 > .col-inner {\n  padding: 0px 0px 0px 0px;\n  margin: 0px 0px 0px 0px;\n}\n<\/style>\n\t<\/div>\n\n\t\n\n<style>\n#row-1945428973 > .col > .col-inner {\n  padding: 0px 0px 0px 0px;\n}\n<\/style>\n<\/div>\n\t\t<\/div>\n\n\t\t\n<style>\n#section_1441548252 {\n  padding-top: 30px;\n  padding-bottom: 30px;\n  background-color: rgb(0, 0, 0);\n}\n<\/style>\n\t<\/section>\n\t\n\n\t<section class=\"section why_a_home_lift\" id=\"section_196094202\">\n\t\t<div class=\"section-bg fill\" >\n\t\t\t\t\t\t\t\t\t\n\t\t\t\n\n\t\t<\/div>\n\n\t\t\n\n\t\t<div class=\"section-content relative\">\n\t\t\t\n<div class=\"row\" style=\"max-width:100%\" id=\"row-1890341501\">\n\n\t<div id=\"col-1017311153\" class=\"col hide-for-medium medium-2 small-12 large-2\"  >\n\t\t\t\t<div class=\"col-inner\"  >\n\t\t\t\n\t\t\t\n\t\t<\/div>\n\t\t\t\t\t<\/div>\n\n\t\n\n\t<div id=\"col-2025332987\" class=\"col medium-4 small-12 large-4\"  >\n\t\t\t\t<div class=\"col-inner text-center\"  >\n\t\t\t\n\t\t\t\n\t<div class=\"img has-hover x md-x lg-x y md-y lg-y\" id=\"image_1461584625\">\n\t\t\t\t\t\t\t\t<div class=\"img-inner dark\" >\n\t\t\t<img loading=\"lazy\" decoding=\"async\" width=\"300\" height=\"250\" src=\"https:\/\/swiftlifts.com\/wp-content\/uploads\/2024\/03\/IPMSynRM-1.gif\" class=\"attachment-original size-original\" alt=\"\" \/>\t\t\t\t\t\t\n\t\t\t\t\t<\/div>\n\t\t\t\t\t\t\t\t\n<style>\n#image_1461584625 {\n  width: 60%;\n}\n<\/style>\n\t<\/div>\n\t\n\t\t<\/div>\n\t\t\t\t\n<style>\n#col-2025332987 > .col-inner {\n  margin: 70px 0px 0px 0px;\n}\n@media (min-width:550px) {\n  #col-2025332987 > .col-inner {\n    margin: 70px 0px 0px 0px;\n  }\n}\n<\/style>\n\t<\/div>\n\n\t\n\n\t<div id=\"col-1613889233\" class=\"col medium-4 small-12 large-4\"  >\n\t\t\t\t<div class=\"col-inner text-center\"  >\n\t\t\t\n\t\t\t\n\t<div id=\"text-1984353361\" class=\"text\">\n\t\t\n<h2>1. IPM SynRM Motor<\/h2>\n\t\t\n<style>\n#text-1984353361 {\n  font-size: 1.5rem;\n  text-align: left;\n  color: rgb(255, 255, 255);\n}\n#text-1984353361 > * {\n  color: rgb(255, 255, 255);\n}\n<\/style>\n\t<\/div>\n\t\n\t<div id=\"text-3145747347\" class=\"text\">\n\t\t\n<p>SWIFT utiliza el mismo tipo de motor que Tesla y otros coches el\u00e9ctricos: un <a href=\"https:\/\/swiftlifts.com\/en\/swift-faq\/swift-motor\/\">motor IPMSynRM.<\/a> Es m\u00e1s avanzado que un motor de inducci\u00f3n convencional y destaca por su eficiencia, rendimiento, capacidad de control y fiabilidad.<\/p>\n\t\t\n<style>\n#text-3145747347 {\n  font-size: 1.2rem;\n  text-align: left;\n  color: rgb(255, 201, 189);\n}\n#text-3145747347 > * {\n  color: rgb(255, 201, 189);\n}\n<\/style>\n\t<\/div>\n\t\n\t\t<\/div>\n\t\t\t\t\n<style>\n#col-1613889233 > .col-inner {\n  margin: 0px 0px 0px 0px;\n}\n@media (min-width:550px) {\n  #col-1613889233 > .col-inner {\n    margin: 70px 0px 0px 0px;\n  }\n}\n<\/style>\n\t<\/div>\n\n\t\n<\/div>\n\t\t<\/div>\n\n\t\t\n<style>\n#section_196094202 {\n  padding-top: 30px;\n  padding-bottom: 30px;\n  background-color: rgb(0,0,0);\n}\n<\/style>\n\t<\/section>\n\t\n\n\t<section class=\"section why_a_home_lift\" id=\"section_133299201\">\n\t\t<div class=\"section-bg fill\" >\n\t\t\t\t\t\t\t\t\t\n\t\t\t\n\n\t\t<\/div>\n\n\t\t\n\n\t\t<div class=\"section-content relative\">\n\t\t\t\n<div class=\"row\" style=\"max-width:100%\" id=\"row-61468505\">\n\n\t<div id=\"col-1589015962\" class=\"col hide-for-medium medium-2 small-12 large-2\"  >\n\t\t\t\t<div class=\"col-inner\"  >\n\t\t\t\n\t\t\t\n\t\t<\/div>\n\t\t\t\t\t<\/div>\n\n\t\n\n\t<div id=\"col-994812171\" class=\"col medium-4 small-12 large-4\"  >\n\t\t\t\t<div class=\"col-inner text-center\"  >\n\t\t\t\n\t\t\t\n\t<div class=\"img has-hover x md-x lg-x y md-y lg-y\" id=\"image_590900756\">\n\t\t\t\t\t\t\t\t<div class=\"img-inner dark\" >\n\t\t\t<img loading=\"lazy\" decoding=\"async\" width=\"300\" height=\"250\" src=\"https:\/\/swiftlifts.com\/wp-content\/uploads\/2024\/03\/motor-controller.gif\" class=\"attachment-original size-original\" alt=\"\" \/>\t\t\t\t\t\t\n\t\t\t\t\t<\/div>\n\t\t\t\t\t\t\t\t\n<style>\n#image_590900756 {\n  width: 60%;\n}\n<\/style>\n\t<\/div>\n\t\n\t\t<\/div>\n\t\t\t\t\n<style>\n#col-994812171 > .col-inner {\n  margin: 0px 0px 0px 0px;\n}\n@media (min-width:550px) {\n  #col-994812171 > .col-inner {\n    margin: 70px 0px 0px 0px;\n  }\n}\n<\/style>\n\t<\/div>\n\n\t\n\n\t<div id=\"col-2008774476\" class=\"col medium-4 small-12 large-4\"  >\n\t\t\t\t<div class=\"col-inner text-center\"  >\n\t\t\t\n\t\t\t\n\t<div id=\"text-3038882599\" class=\"text\">\n\t\t\n<h2>2. SWIFT Controlador del motor<\/h2>\n\t\t\n<style>\n#text-3038882599 {\n  font-size: 1.5rem;\n  text-align: left;\n  color: rgb(255, 255, 255);\n}\n#text-3038882599 > * {\n  color: rgb(255, 255, 255);\n}\n<\/style>\n\t<\/div>\n\t\n\t<div id=\"text-2514208286\" class=\"text\">\n\t\t\n<p>La combinaci\u00f3n de nuestro motor IPMSynRM con un controlador de motor SWIFT \u00fanico ofrece varias ventajas:<\/p>\n<ul>\n<li><strong>Aceleraci\u00f3n suave<\/strong><\/li>\n<li><strong>Velocidad precisa<\/strong><\/li>\n<li><strong>Aterrizaje suave<\/strong><\/li>\n<\/ul>\n\t\t\n<style>\n#text-2514208286 {\n  font-size: 1.2rem;\n  text-align: left;\n  color: rgb(255, 201, 189);\n}\n#text-2514208286 > * {\n  color: rgb(255, 201, 189);\n}\n<\/style>\n\t<\/div>\n\t\n\t\t<\/div>\n\t\t\t\t\n<style>\n#col-2008774476 > .col-inner {\n  margin: 0px 0px 0px 0px;\n}\n@media (min-width:550px) {\n  #col-2008774476 > .col-inner {\n    margin: 70px 0px 0px 0px;\n  }\n}\n<\/style>\n\t<\/div>\n\n\t\n<\/div>\n\t\t<\/div>\n\n\t\t\n<style>\n#section_133299201 {\n  padding-top: 30px;\n  padding-bottom: 30px;\n  background-color: rgb(0,0,0);\n}\n<\/style>\n\t<\/section>\n\t\n\n\t<section class=\"section why_a_home_lift\" id=\"section_105164282\">\n\t\t<div class=\"section-bg fill\" >\n\t\t\t\t\t\t\t\t\t\n\t\t\t\n\n\t\t<\/div>\n\n\t\t\n\n\t\t<div class=\"section-content relative\">\n\t\t\t\n<div class=\"row\" style=\"max-width:100%\" id=\"row-363592274\">\n\n\t<div id=\"col-1906804948\" class=\"col hide-for-medium medium-2 small-12 large-2\"  >\n\t\t\t\t<div class=\"col-inner\"  >\n\t\t\t\n\t\t\t\n\t\t<\/div>\n\t\t\t\t\t<\/div>\n\n\t\n\n\t<div id=\"col-2089332705\" class=\"col medium-4 small-12 large-4\"  >\n\t\t\t\t<div class=\"col-inner text-center\"  >\n\t\t\t\n\t\t\t\n\t<div class=\"img has-hover x md-x lg-x y md-y lg-y\" id=\"image_1960780830\">\n\t\t\t\t\t\t\t\t<div class=\"img-inner dark\" >\n\t\t\t<img loading=\"lazy\" decoding=\"async\" width=\"300\" height=\"250\" src=\"https:\/\/swiftlifts.com\/wp-content\/uploads\/2024\/03\/battery-pack.gif\" class=\"attachment-original size-original\" alt=\"\" \/>\t\t\t\t\t\t\n\t\t\t\t\t<\/div>\n\t\t\t\t\t\t\t\t\n<style>\n#image_1960780830 {\n  width: 60%;\n}\n<\/style>\n\t<\/div>\n\t\n\t\t<\/div>\n\t\t\t\t\n<style>\n#col-2089332705 > .col-inner {\n  margin: 0px 0px 0px 0px;\n}\n@media (min-width:550px) {\n  #col-2089332705 > .col-inner {\n    margin: 70px 0px 0px 0px;\n  }\n}\n<\/style>\n\t<\/div>\n\n\t\n\n\t<div id=\"col-1705108405\" class=\"col medium-4 small-12 large-4\"  >\n\t\t\t\t<div class=\"col-inner text-center\"  >\n\t\t\t\n\t\t\t\n\t<div id=\"text-2041715586\" class=\"text\">\n\t\t\n<h2>3. Bater\u00eda SWIFT<\/h2>\n\t\t\n<style>\n#text-2041715586 {\n  font-size: 1.5rem;\n  text-align: left;\n  color: rgb(255, 255, 255);\n}\n#text-2041715586 > * {\n  color: rgb(255, 255, 255);\n}\n<\/style>\n\t<\/div>\n\t\n\t<div id=\"text-2081537442\" class=\"text\">\n\t\t\n<p>La combinaci\u00f3n de SWIFT Motor + Motor Controller con <a href=\"https:\/\/swiftlifts.com\/en\/swift-faq\/difference-li-ion-batteries-and-lead-acid-batteries\/\">SWIFT Lead Acid Battery Pack<\/a>, completa la innovaci\u00f3n y permite funciones m\u00e1s exclusivas:<\/p>\n<ul>\n<li><strong>Ahorro de energ\u00eda &#8211; Al absorber la energ\u00eda de rotura en las bater\u00edas cuando el ascensor desciende, reutilizamos la energ\u00eda.<\/strong> B\u00e1sicamente, uno de cada cuatro viajes ser\u00e1 &#8220;gratis&#8221;. Lo llamamos SWIFT EcoDrive.<\/li>\n<li><strong>Alimentaci\u00f3n monof\u00e1sica &#8211; El uso del pack de bater\u00edas reduce la potencia pico, lo que permite cargar el ascensor con la alimentaci\u00f3n monof\u00e1sica est\u00e1ndar.<\/strong><\/li>\n<li><strong>Antiatrapamiento: el propio pack de bater\u00edas permite un funcionamiento continuo incluso si se produce un corte en la red el\u00e9ctrica de su hogar.<\/strong><\/li>\n<\/ul>\n\t\t\n<style>\n#text-2081537442 {\n  font-size: 1.2rem;\n  text-align: left;\n  color: rgb(255, 201, 189);\n}\n#text-2081537442 > * {\n  color: rgb(255, 201, 189);\n}\n<\/style>\n\t<\/div>\n\t\n\t\t<\/div>\n\t\t\t\t\n<style>\n#col-1705108405 > .col-inner {\n  margin: 0px 0px 0px 0px;\n}\n@media (min-width:550px) {\n  #col-1705108405 > .col-inner {\n    margin: 70px 0px 0px 0px;\n  }\n}\n<\/style>\n\t<\/div>\n\n\t\n<\/div>\n\t\t<\/div>\n\n\t\t\n<style>\n#section_105164282 {\n  padding-top: 30px;\n  padding-bottom: 30px;\n  background-color: rgb(0,0,0);\n}\n<\/style>\n\t<\/section>\n\t\n","protected":false},"excerpt":{"rendered":"","protected":false},"author":1,"featured_media":0,"parent":0,"menu_order":0,"comment_status":"closed","ping_status":"closed","template":"page-transparent-header.php","meta":{"_acf_changed":false,"content-type":"","footnotes":""},"class_list":["post-45363","page","type-page","status-publish","hentry"],"acf":[],"yoast_head":"<!-- This site is optimized with the Yoast SEO Premium plugin v27.3 (Yoast SEO v27.3) - https:\/\/yoast.com\/product\/yoast-seo-premium-wordpress\/ -->\n<title>100% accionado por Bater\u00eda - SWIFT - 100% battery driven home lifts<\/title>\n<meta name=\"robots\" content=\"index, follow, max-snippet:-1, max-image-preview:large, max-video-preview:-1\" \/>\n<link rel=\"canonical\" href=\"https:\/\/swiftlifts.com\/mx\/100-accionado-por-bateria\/\" \/>\n<meta property=\"og:locale\" content=\"es_MX\" \/>\n<meta property=\"og:type\" content=\"article\" \/>\n<meta property=\"og:title\" content=\"100% accionado por Bater\u00eda\" \/>\n<meta property=\"og:url\" content=\"https:\/\/swiftlifts.com\/mx\/100-accionado-por-bateria\/\" \/>\n<meta property=\"og:site_name\" content=\"SWIFT - 100% battery driven home lifts\" \/>\n<meta property=\"article:publisher\" content=\"https:\/\/www.facebook.com\/swifthomelifts\" \/>\n<meta property=\"og:image\" content=\"https:\/\/swiftlifts.com\/wp-content\/uploads\/2024\/03\/arrow-right.png\" \/>\n<meta name=\"twitter:card\" content=\"summary_large_image\" \/>\n<meta name=\"twitter:label1\" content=\"Tiempo de lectura\" \/>\n\t<meta name=\"twitter:data1\" content=\"3 minutos\" \/>\n<script type=\"application\/ld+json\" class=\"yoast-schema-graph\">{\"@context\":\"https:\\\/\\\/schema.org\",\"@graph\":[{\"@type\":\"WebPage\",\"@id\":\"https:\\\/\\\/swiftlifts.com\\\/mx\\\/100-accionado-por-bateria\\\/\",\"url\":\"https:\\\/\\\/swiftlifts.com\\\/mx\\\/100-accionado-por-bateria\\\/\",\"name\":\"100% accionado por Bater\u00eda - SWIFT - 100% battery driven home lifts\",\"isPartOf\":{\"@id\":\"https:\\\/\\\/swiftlifts.com\\\/mx\\\/#website\"},\"primaryImageOfPage\":{\"@id\":\"https:\\\/\\\/swiftlifts.com\\\/mx\\\/100-accionado-por-bateria\\\/#primaryimage\"},\"image\":{\"@id\":\"https:\\\/\\\/swiftlifts.com\\\/mx\\\/100-accionado-por-bateria\\\/#primaryimage\"},\"thumbnailUrl\":\"https:\\\/\\\/swiftlifts.com\\\/wp-content\\\/uploads\\\/2024\\\/03\\\/arrow-right.png\",\"datePublished\":\"2024-05-27T09:27:20+00:00\",\"breadcrumb\":{\"@id\":\"https:\\\/\\\/swiftlifts.com\\\/mx\\\/100-accionado-por-bateria\\\/#breadcrumb\"},\"inLanguage\":\"es\",\"potentialAction\":[{\"@type\":\"ReadAction\",\"target\":[\"https:\\\/\\\/swiftlifts.com\\\/mx\\\/100-accionado-por-bateria\\\/\"]}]},{\"@type\":\"ImageObject\",\"inLanguage\":\"es\",\"@id\":\"https:\\\/\\\/swiftlifts.com\\\/mx\\\/100-accionado-por-bateria\\\/#primaryimage\",\"url\":\"https:\\\/\\\/swiftlifts.com\\\/wp-content\\\/uploads\\\/2024\\\/03\\\/arrow-right.png\",\"contentUrl\":\"https:\\\/\\\/swiftlifts.com\\\/wp-content\\\/uploads\\\/2024\\\/03\\\/arrow-right.png\"},{\"@type\":\"BreadcrumbList\",\"@id\":\"https:\\\/\\\/swiftlifts.com\\\/mx\\\/100-accionado-por-bateria\\\/#breadcrumb\",\"itemListElement\":[{\"@type\":\"ListItem\",\"position\":1,\"name\":\"Home\",\"item\":\"https:\\\/\\\/swiftlifts.com\\\/mx\\\/\"},{\"@type\":\"ListItem\",\"position\":2,\"name\":\"100% accionado por Bater\u00eda\"}]},{\"@type\":\"WebSite\",\"@id\":\"https:\\\/\\\/swiftlifts.com\\\/mx\\\/#website\",\"url\":\"https:\\\/\\\/swiftlifts.com\\\/mx\\\/\",\"name\":\"SWIFT - 100% battery driven home lifts\",\"description\":\"NEW WAYS TO MOVE\",\"publisher\":{\"@id\":\"https:\\\/\\\/swiftlifts.com\\\/mx\\\/#organization\"},\"potentialAction\":[{\"@type\":\"SearchAction\",\"target\":{\"@type\":\"EntryPoint\",\"urlTemplate\":\"https:\\\/\\\/swiftlifts.com\\\/mx\\\/?s={search_term_string}\"},\"query-input\":{\"@type\":\"PropertyValueSpecification\",\"valueRequired\":true,\"valueName\":\"search_term_string\"}}],\"inLanguage\":\"es\"},{\"@type\":\"Organization\",\"@id\":\"https:\\\/\\\/swiftlifts.com\\\/mx\\\/#organization\",\"name\":\"SWIFT Home Lifts\",\"url\":\"https:\\\/\\\/swiftlifts.com\\\/mx\\\/\",\"logo\":{\"@type\":\"ImageObject\",\"inLanguage\":\"es\",\"@id\":\"https:\\\/\\\/swiftlifts.com\\\/mx\\\/#\\\/schema\\\/logo\\\/image\\\/\",\"url\":\"https:\\\/\\\/swiftlifts.com\\\/wp-content\\\/uploads\\\/2025\\\/03\\\/cropped-SWIFT-Logo-Google.jpg\",\"contentUrl\":\"https:\\\/\\\/swiftlifts.com\\\/wp-content\\\/uploads\\\/2025\\\/03\\\/cropped-SWIFT-Logo-Google.jpg\",\"width\":512,\"height\":512,\"caption\":\"SWIFT Home Lifts\"},\"image\":{\"@id\":\"https:\\\/\\\/swiftlifts.com\\\/mx\\\/#\\\/schema\\\/logo\\\/image\\\/\"},\"sameAs\":[\"https:\\\/\\\/www.facebook.com\\\/swifthomelifts\",\"https:\\\/\\\/www.instagram.com\\\/swifthomelifts\\\/\",\"https:\\\/\\\/www.linkedin.com\\\/company\\\/swifthomelifts\\\/\",\"https:\\\/\\\/www.pinterest.se\\\/swifthomelifts\\\/\",\"https:\\\/\\\/www.youtube.com\\\/@swift5669\"]}]}<\/script>\n<!-- \/ Yoast SEO Premium plugin. -->","yoast_head_json":{"title":"100% accionado por Bater\u00eda - SWIFT - 100% battery driven home lifts","robots":{"index":"index","follow":"follow","max-snippet":"max-snippet:-1","max-image-preview":"max-image-preview:large","max-video-preview":"max-video-preview:-1"},"canonical":"https:\/\/swiftlifts.com\/mx\/100-accionado-por-bateria\/","og_locale":"es_MX","og_type":"article","og_title":"100% accionado por Bater\u00eda","og_url":"https:\/\/swiftlifts.com\/mx\/100-accionado-por-bateria\/","og_site_name":"SWIFT - 100% battery driven home lifts","article_publisher":"https:\/\/www.facebook.com\/swifthomelifts","og_image":[{"url":"https:\/\/swiftlifts.com\/wp-content\/uploads\/2024\/03\/arrow-right.png","type":"","width":"","height":""}],"twitter_card":"summary_large_image","twitter_misc":{"Tiempo de lectura":"3 minutos"},"schema":{"@context":"https:\/\/schema.org","@graph":[{"@type":"WebPage","@id":"https:\/\/swiftlifts.com\/mx\/100-accionado-por-bateria\/","url":"https:\/\/swiftlifts.com\/mx\/100-accionado-por-bateria\/","name":"100% accionado por Bater\u00eda - SWIFT - 100% battery driven home lifts","isPartOf":{"@id":"https:\/\/swiftlifts.com\/mx\/#website"},"primaryImageOfPage":{"@id":"https:\/\/swiftlifts.com\/mx\/100-accionado-por-bateria\/#primaryimage"},"image":{"@id":"https:\/\/swiftlifts.com\/mx\/100-accionado-por-bateria\/#primaryimage"},"thumbnailUrl":"https:\/\/swiftlifts.com\/wp-content\/uploads\/2024\/03\/arrow-right.png","datePublished":"2024-05-27T09:27:20+00:00","breadcrumb":{"@id":"https:\/\/swiftlifts.com\/mx\/100-accionado-por-bateria\/#breadcrumb"},"inLanguage":"es","potentialAction":[{"@type":"ReadAction","target":["https:\/\/swiftlifts.com\/mx\/100-accionado-por-bateria\/"]}]},{"@type":"ImageObject","inLanguage":"es","@id":"https:\/\/swiftlifts.com\/mx\/100-accionado-por-bateria\/#primaryimage","url":"https:\/\/swiftlifts.com\/wp-content\/uploads\/2024\/03\/arrow-right.png","contentUrl":"https:\/\/swiftlifts.com\/wp-content\/uploads\/2024\/03\/arrow-right.png"},{"@type":"BreadcrumbList","@id":"https:\/\/swiftlifts.com\/mx\/100-accionado-por-bateria\/#breadcrumb","itemListElement":[{"@type":"ListItem","position":1,"name":"Home","item":"https:\/\/swiftlifts.com\/mx\/"},{"@type":"ListItem","position":2,"name":"100% accionado por Bater\u00eda"}]},{"@type":"WebSite","@id":"https:\/\/swiftlifts.com\/mx\/#website","url":"https:\/\/swiftlifts.com\/mx\/","name":"SWIFT - 100% battery driven home lifts","description":"NEW WAYS TO MOVE","publisher":{"@id":"https:\/\/swiftlifts.com\/mx\/#organization"},"potentialAction":[{"@type":"SearchAction","target":{"@type":"EntryPoint","urlTemplate":"https:\/\/swiftlifts.com\/mx\/?s={search_term_string}"},"query-input":{"@type":"PropertyValueSpecification","valueRequired":true,"valueName":"search_term_string"}}],"inLanguage":"es"},{"@type":"Organization","@id":"https:\/\/swiftlifts.com\/mx\/#organization","name":"SWIFT Home Lifts","url":"https:\/\/swiftlifts.com\/mx\/","logo":{"@type":"ImageObject","inLanguage":"es","@id":"https:\/\/swiftlifts.com\/mx\/#\/schema\/logo\/image\/","url":"https:\/\/swiftlifts.com\/wp-content\/uploads\/2025\/03\/cropped-SWIFT-Logo-Google.jpg","contentUrl":"https:\/\/swiftlifts.com\/wp-content\/uploads\/2025\/03\/cropped-SWIFT-Logo-Google.jpg","width":512,"height":512,"caption":"SWIFT Home Lifts"},"image":{"@id":"https:\/\/swiftlifts.com\/mx\/#\/schema\/logo\/image\/"},"sameAs":["https:\/\/www.facebook.com\/swifthomelifts","https:\/\/www.instagram.com\/swifthomelifts\/","https:\/\/www.linkedin.com\/company\/swifthomelifts\/","https:\/\/www.pinterest.se\/swifthomelifts\/","https:\/\/www.youtube.com\/@swift5669"]}]}},"_links":{"self":[{"href":"https:\/\/swiftlifts.com\/mx\/wp-json\/wp\/v2\/pages\/45363","targetHints":{"allow":["GET"]}}],"collection":[{"href":"https:\/\/swiftlifts.com\/mx\/wp-json\/wp\/v2\/pages"}],"about":[{"href":"https:\/\/swiftlifts.com\/mx\/wp-json\/wp\/v2\/types\/page"}],"author":[{"embeddable":true,"href":"https:\/\/swiftlifts.com\/mx\/wp-json\/wp\/v2\/users\/1"}],"replies":[{"embeddable":true,"href":"https:\/\/swiftlifts.com\/mx\/wp-json\/wp\/v2\/comments?post=45363"}],"version-history":[{"count":0,"href":"https:\/\/swiftlifts.com\/mx\/wp-json\/wp\/v2\/pages\/45363\/revisions"}],"wp:attachment":[{"href":"https:\/\/swiftlifts.com\/mx\/wp-json\/wp\/v2\/media?parent=45363"}],"curies":[{"name":"wp","href":"https:\/\/api.w.org\/{rel}","templated":true}]}}