{"id":45361,"date":"2024-05-27T10:41:02","date_gmt":"2024-05-27T10:41:02","guid":{"rendered":"https:\/\/swiftlifts.com\/proyectos\/proyectos-distrito-5-chalet-independiente\/"},"modified":"2024-05-27T10:41:02","modified_gmt":"2024-05-27T10:41:02","slug":"proyectos-distrito-5-chalet-independiente","status":"publish","type":"page","link":"https:\/\/swiftlifts.com\/mx\/proyectos\/proyectos-distrito-5-chalet-independiente\/","title":{"rendered":"Proyectos &#8211; Distrito 5 Chalet independiente"},"content":{"rendered":"\n\t<section class=\"section why_a_home_lift\" id=\"section_314484014\">\n\t\t<div class=\"section-bg fill\" >\n\t\t\t<img loading=\"lazy\" decoding=\"async\" width=\"2560\" height=\"633\" src=\"https:\/\/swiftlifts.com\/wp-content\/uploads\/2023\/11\/project_hero_Ho-chi-mihn.jpg\" class=\"bg attachment- size-\" alt=\"project hero Ho chi mihn\" \/>\t\t\t\t\t\t\n\t\t\t\n\n\t\t<\/div>\n\n\t\t\n\n\t\t<div class=\"section-content relative\">\n\t\t\t\n<div class=\"row\" style=\"max-width:90%\" id=\"row-1194689445\">\n\n\t<div id=\"col-1953119782\" class=\"col small-12 large-12\"  >\n\t\t\t\t<div class=\"col-inner text-center\"  >\n\t\t\t\n\t\t\t\n\t<div id=\"text-2603339785\" class=\"text\">\n\t\t\n<h1>Distrito 5 Chalet independiente<\/h1>\n\t\t\n<style>\n#text-2603339785 {\n  font-size: 2rem;\n  color: rgb(255, 255, 255);\n}\n#text-2603339785 > * {\n  color: rgb(255, 255, 255);\n}\n<\/style>\n\t<\/div>\n\t\n\t\t<\/div>\n\t\t\t\t\n<style>\n#col-1953119782 > .col-inner {\n  margin: 200px 0px 0px 0px;\n}\n<\/style>\n\t<\/div>\n\n\t\n<\/div>\n\t\t<\/div>\n\n\t\t\n<style>\n#section_314484014 {\n  padding-top: 30px;\n  padding-bottom: 30px;\n  background-color: #dbe0d1;\n}\n<\/style>\n\t<\/section>\n\t\n\n\t<section class=\"section\" id=\"section_767603281\">\n\t\t<div class=\"section-bg fill\" >\n\t\t\t\t\t\t\t\t\t\n\t\t\t\n\n\t\t<\/div>\n\n\t\t\n\n\t\t<div class=\"section-content relative\">\n\t\t\t\n<div class=\"row row-full-width align-middle\"  id=\"row-972002190\">\n\n\t<div id=\"col-1228163673\" class=\"col medium-6 small-12 large-6\"  >\n\t\t\t\t<div class=\"col-inner\"  >\n\t\t\t\n\t\t\t\n\t<div class=\"img has-hover x md-x lg-x y md-y lg-y\" id=\"image_1726456911\">\n\t\t\t\t\t\t\t\t<div class=\"img-inner dark\" >\n\t\t\t<img loading=\"lazy\" decoding=\"async\" width=\"600\" height=\"800\" src=\"https:\/\/swiftlifts.com\/wp-content\/uploads\/2023\/11\/project_portrait-ho-chi-minh_01-600x800.jpg\" class=\"attachment-large size-large\" alt=\"\" srcset=\"https:\/\/swiftlifts.com\/wp-content\/uploads\/2023\/11\/project_portrait-ho-chi-minh_01-600x800.jpg 600w, https:\/\/swiftlifts.com\/wp-content\/uploads\/2023\/11\/project_portrait-ho-chi-minh_01-300x400.jpg 300w, https:\/\/swiftlifts.com\/wp-content\/uploads\/2023\/11\/project_portrait-ho-chi-minh_01-768x1024.jpg 768w, https:\/\/swiftlifts.com\/wp-content\/uploads\/2023\/11\/project_portrait-ho-chi-minh_01-1152x1536.jpg 1152w, https:\/\/swiftlifts.com\/wp-content\/uploads\/2023\/11\/project_portrait-ho-chi-minh_01.jpg 1200w\" sizes=\"auto, (max-width: 600px) 100vw, 600px\" \/>\t\t\t\t\t\t\n\t\t\t\t\t<\/div>\n\t\t\t\t\t\t\t\t\n<style>\n#image_1726456911 {\n  width: 100%;\n}\n<\/style>\n\t<\/div>\n\t\n\t\t<\/div>\n\t\t\t\t\n<style>\n#col-1228163673 > .col-inner {\n  padding: 0px 0px 0px 0px;\n}\n@media (min-width:550px) {\n  #col-1228163673 > .col-inner {\n    padding: 0px 0px 0px 30%;\n  }\n}\n<\/style>\n\t<\/div>\n\n\t\n\n\t<div id=\"col-546262031\" class=\"col medium-6 small-12 large-6\"  >\n\t\t\t\t<div class=\"col-inner\"  >\n\t\t\t\n\t\t\t\n\t<div id=\"text-2052709278\" class=\"text\">\n\t\t\n<h2>Distrito 5 Chalet independiente<\/h2>\n\t\t\n<style>\n#text-2052709278 {\n  font-size: 1rem;\n  color: rgb(255, 145, 150);\n}\n#text-2052709278 > * {\n  color: rgb(255, 145, 150);\n}\n<\/style>\n\t<\/div>\n\t\n\t<div id=\"text-975903960\" class=\"text\">\n\t\t\n<p>Esta casa cl\u00e1sica vietnamita se inspira en las villas romanas, con interiores de madera y m\u00e1rmol. Una actualizaci\u00f3n reciente incluy\u00f3 la decisi\u00f3n previsora de a\u00f1adir un SWIFT Pro. La villa presenta colores c\u00e1lidos que combinan a la perfecci\u00f3n con SWIFT Pro y la ArtWall INK adornada con detalles en oro y bronce.<\/p>\n<\/p>\n<p><b>Modelo:<\/b> SWIFT Pro<br \/><b>Plantas: 2<\/b><br \/><b>Talla del ascensor:M<\/b><br \/><b>Color del ascensor: Blanco tr\u00e1fico<\/b><br \/><b>ArtWall: TINTA Bronce<\/b><br \/><b>Alfombra elevadora: Rayas vaqueras<\/b><br \/><b>Ubicaci\u00f3n: Distrito 5 &#8211; en el coraz\u00f3n del Barrio Chino de Ciudad Ho Chi Minh, Vietnam<\/b><\/p>\n\t\t\n<style>\n#text-975903960 {\n  font-size: 1rem;\n  color: rgb(255, 145, 150);\n}\n#text-975903960 > * {\n  color: rgb(255, 145, 150);\n}\n<\/style>\n\t<\/div>\n\t\n<div class=\"text-right\"><div class=\"is-divider divider clearfix\" style=\"max-width:100%;background-color:rgb(255, 145, 150);\"><\/div><\/div>\n\t\t<\/div>\n\t\t\t\t\n<style>\n#col-546262031 > .col-inner {\n  padding: 0px 0px 0px 0px;\n}\n@media (min-width:550px) {\n  #col-546262031 > .col-inner {\n    padding: 0px 30% 0px 0px;\n  }\n}\n<\/style>\n\t<\/div>\n\n\t\n<\/div>\n\t\t<\/div>\n\n\t\t\n<style>\n#section_767603281 {\n  padding-top: 30px;\n  padding-bottom: 30px;\n}\n<\/style>\n\t<\/section>\n\t\n\n\t<section class=\"section\" id=\"section_319614148\">\n\t\t<div class=\"section-bg fill\" >\n\t\t\t\t\t\t\t\t\t\n\t\t\t\n\n\t\t<\/div>\n\n\t\t\n\n\t\t<div class=\"section-content relative\">\n\t\t\t\n<div class=\"row row-full-width\"  id=\"row-1646634334\">\n\n\t<div id=\"col-301587949\" class=\"col small-12 large-12\"  >\n\t\t\t\t<div class=\"col-inner\"  >\n\t\t\t\n\t\t\t\n\t<div class=\"img has-hover x md-x lg-x y md-y lg-y\" id=\"image_1665929151\">\n\t\t\t\t\t\t\t\t<div class=\"img-inner dark\" >\n\t\t\t<img loading=\"lazy\" decoding=\"async\" width=\"1020\" height=\"538\" src=\"https:\/\/swiftlifts.com\/wp-content\/uploads\/2023\/11\/project_landscape-ho-chi-minh_09-1400x738.jpg\" class=\"attachment-large size-large\" alt=\"\" srcset=\"https:\/\/swiftlifts.com\/wp-content\/uploads\/2023\/11\/project_landscape-ho-chi-minh_09-1400x738.jpg 1400w, https:\/\/swiftlifts.com\/wp-content\/uploads\/2023\/11\/project_landscape-ho-chi-minh_09-759x400.jpg 759w, https:\/\/swiftlifts.com\/wp-content\/uploads\/2023\/11\/project_landscape-ho-chi-minh_09-768x405.jpg 768w, https:\/\/swiftlifts.com\/wp-content\/uploads\/2023\/11\/project_landscape-ho-chi-minh_09-1536x809.jpg 1536w, https:\/\/swiftlifts.com\/wp-content\/uploads\/2023\/11\/project_landscape-ho-chi-minh_09.jpg 2000w\" sizes=\"auto, (max-width: 1020px) 100vw, 1020px\" \/>\t\t\t\t\t\t\n\t\t\t\t\t<\/div>\n\t\t\t\t\t\t\t\t\n<style>\n#image_1665929151 {\n  width: 100%;\n}\n<\/style>\n\t<\/div>\n\t\n\t<div id=\"text-2827742671\" class=\"text\">\n\t\t\n<p>Esta casa cl\u00e1sica se inspira en las villas romanas y presenta interiores de madera y m\u00e1rmol.<\/p>\n\t\t\n<style>\n#text-2827742671 {\n  font-size: 1rem;\n  color: rgb(255, 145, 150);\n}\n#text-2827742671 > * {\n  color: rgb(255, 145, 150);\n}\n<\/style>\n\t<\/div>\n\t\n\t\t<\/div>\n\t\t\t\t\n<style>\n#col-301587949 > .col-inner {\n  padding: 0px 0px 0px 0px;\n}\n@media (min-width:550px) {\n  #col-301587949 > .col-inner {\n    padding: 0px 15% 0px 15%;\n  }\n}\n<\/style>\n\t<\/div>\n\n\t\n<\/div>\n\t\t<\/div>\n\n\t\t\n<style>\n#section_319614148 {\n  padding-top: 30px;\n  padding-bottom: 30px;\n}\n<\/style>\n\t<\/section>\n\t\n\n\t<section class=\"section\" id=\"section_943831571\">\n\t\t<div class=\"section-bg fill\" >\n\t\t\t\t\t\t\t\t\t\n\t\t\t\n\n\t\t<\/div>\n\n\t\t\n\n\t\t<div class=\"section-content relative\">\n\t\t\t\n<div class=\"row row-full-width\"  id=\"row-409190534\">\n\n\t<div id=\"col-1629383125\" class=\"col medium-6 small-12 large-6\"  >\n\t\t\t\t<div class=\"col-inner\"  >\n\t\t\t\n\t\t\t\n\t<div class=\"img has-hover x md-x lg-x y md-y lg-y\" id=\"image_477858054\">\n\t\t\t\t\t\t\t\t<div class=\"img-inner dark\" >\n\t\t\t<img loading=\"lazy\" decoding=\"async\" width=\"600\" height=\"800\" src=\"https:\/\/swiftlifts.com\/wp-content\/uploads\/2023\/11\/project_portrait-ho-chi-minh_05-600x800.jpg\" class=\"attachment-large size-large\" alt=\"\" srcset=\"https:\/\/swiftlifts.com\/wp-content\/uploads\/2023\/11\/project_portrait-ho-chi-minh_05-600x800.jpg 600w, https:\/\/swiftlifts.com\/wp-content\/uploads\/2023\/11\/project_portrait-ho-chi-minh_05-300x400.jpg 300w, https:\/\/swiftlifts.com\/wp-content\/uploads\/2023\/11\/project_portrait-ho-chi-minh_05-768x1024.jpg 768w, https:\/\/swiftlifts.com\/wp-content\/uploads\/2023\/11\/project_portrait-ho-chi-minh_05-1152x1536.jpg 1152w, https:\/\/swiftlifts.com\/wp-content\/uploads\/2023\/11\/project_portrait-ho-chi-minh_05.jpg 1200w\" sizes=\"auto, (max-width: 600px) 100vw, 600px\" \/>\t\t\t\t\t\t\n\t\t\t\t\t<\/div>\n\t\t\t\t\t\t\t\t\n<style>\n#image_477858054 {\n  width: 100%;\n}\n<\/style>\n\t<\/div>\n\t\n\t<div id=\"text-1533003242\" class=\"text\">\n\t\t\n<p>La Villa Distrito 5 se caracteriza por un interior dominado por los colores c\u00e1lidos.<\/p>\n\t\t\n<style>\n#text-1533003242 {\n  font-size: 1rem;\n  color: #ff9196;\n}\n#text-1533003242 > * {\n  color: #ff9196;\n}\n<\/style>\n\t<\/div>\n\t\n\t\t<\/div>\n\t\t\t\t\n<style>\n#col-1629383125 > .col-inner {\n  padding: 0px 0px 0px 0px;\n}\n@media (min-width:550px) {\n  #col-1629383125 > .col-inner {\n    padding: 0px 0px 0px 30%;\n  }\n}\n<\/style>\n\t<\/div>\n\n\t\n\n\t<div id=\"col-1101714985\" class=\"col medium-6 small-12 large-6\"  >\n\t\t\t\t<div class=\"col-inner\"  >\n\t\t\t\n\t\t\t\n\t<div class=\"img has-hover x md-x lg-x y md-y lg-y\" id=\"image_866662991\">\n\t\t\t\t\t\t\t\t<div class=\"img-inner dark\" >\n\t\t\t<img loading=\"lazy\" decoding=\"async\" width=\"600\" height=\"800\" src=\"https:\/\/swiftlifts.com\/wp-content\/uploads\/2023\/11\/project_portrait-ho-chi-minh_03-600x800.jpg\" class=\"attachment-large size-large\" alt=\"\" srcset=\"https:\/\/swiftlifts.com\/wp-content\/uploads\/2023\/11\/project_portrait-ho-chi-minh_03-600x800.jpg 600w, https:\/\/swiftlifts.com\/wp-content\/uploads\/2023\/11\/project_portrait-ho-chi-minh_03-300x400.jpg 300w, https:\/\/swiftlifts.com\/wp-content\/uploads\/2023\/11\/project_portrait-ho-chi-minh_03-768x1024.jpg 768w, https:\/\/swiftlifts.com\/wp-content\/uploads\/2023\/11\/project_portrait-ho-chi-minh_03-1152x1536.jpg 1152w, https:\/\/swiftlifts.com\/wp-content\/uploads\/2023\/11\/project_portrait-ho-chi-minh_03.jpg 1200w\" sizes=\"auto, (max-width: 600px) 100vw, 600px\" \/>\t\t\t\t\t\t\n\t\t\t\t\t<\/div>\n\t\t\t\t\t\t\t\t\n<style>\n#image_866662991 {\n  width: 100%;\n}\n<\/style>\n\t<\/div>\n\t\n\t<div id=\"text-1877688771\" class=\"text\">\n\t\t\n<p>Una sinfon\u00eda de elementos que se funden a la perfecci\u00f3n con la acogedora paleta interior.<\/p>\n\t\t\n<style>\n#text-1877688771 {\n  font-size: 1rem;\n  color: #ff9196;\n}\n#text-1877688771 > * {\n  color: #ff9196;\n}\n<\/style>\n\t<\/div>\n\t\n\t\t<\/div>\n\t\t\t\t\n<style>\n#col-1101714985 > .col-inner {\n  padding: 0px 0px 0px 0px;\n}\n@media (min-width:550px) {\n  #col-1101714985 > .col-inner {\n    padding: 0px 30% 0px 0px;\n  }\n}\n<\/style>\n\t<\/div>\n\n\t\n<\/div>\n\t\t<\/div>\n\n\t\t\n<style>\n#section_943831571 {\n  padding-top: 30px;\n  padding-bottom: 30px;\n}\n<\/style>\n\t<\/section>\n\t\n\n\t<section class=\"section\" id=\"section_1314859192\">\n\t\t<div class=\"section-bg fill\" >\n\t\t\t\t\t\t\t\t\t\n\t\t\t\n\n\t\t<\/div>\n\n\t\t\n\n\t\t<div class=\"section-content relative\">\n\t\t\t\n<div class=\"row row-full-width\"  id=\"row-86683550\">\n\n\t<div id=\"col-1796559217\" class=\"col small-12 large-12\"  >\n\t\t\t\t<div class=\"col-inner\"  >\n\t\t\t\n\t\t\t\n\t<div class=\"img has-hover x md-x lg-x y md-y lg-y\" id=\"image_940461520\">\n\t\t\t\t\t\t\t\t<div class=\"img-inner dark\" >\n\t\t\t<img loading=\"lazy\" decoding=\"async\" width=\"1020\" height=\"538\" src=\"https:\/\/swiftlifts.com\/wp-content\/uploads\/2023\/11\/project_landscape-ho-chi-minh_08-1400x738.jpg\" class=\"attachment-large size-large\" alt=\"\" srcset=\"https:\/\/swiftlifts.com\/wp-content\/uploads\/2023\/11\/project_landscape-ho-chi-minh_08-1400x738.jpg 1400w, https:\/\/swiftlifts.com\/wp-content\/uploads\/2023\/11\/project_landscape-ho-chi-minh_08-759x400.jpg 759w, https:\/\/swiftlifts.com\/wp-content\/uploads\/2023\/11\/project_landscape-ho-chi-minh_08-768x405.jpg 768w, https:\/\/swiftlifts.com\/wp-content\/uploads\/2023\/11\/project_landscape-ho-chi-minh_08-1536x809.jpg 1536w, https:\/\/swiftlifts.com\/wp-content\/uploads\/2023\/11\/project_landscape-ho-chi-minh_08.jpg 2000w\" sizes=\"auto, (max-width: 1020px) 100vw, 1020px\" \/>\t\t\t\t\t\t\n\t\t\t\t\t<\/div>\n\t\t\t\t\t\t\t\t\n<style>\n#image_940461520 {\n  width: 100%;\n}\n<\/style>\n\t<\/div>\n\t\n\t<div id=\"text-4219369964\" class=\"text\">\n\t\t\n<p>SWIFT Pro tambi\u00e9n sirve como fuente de luz adicional, personalizable seg\u00fan el estado de \u00e1nimo o el clima.<\/p>\n\t\t\n<style>\n#text-4219369964 {\n  font-size: 1rem;\n  color: rgb(255, 145, 150);\n}\n#text-4219369964 > * {\n  color: rgb(255, 145, 150);\n}\n<\/style>\n\t<\/div>\n\t\n\t\t<\/div>\n\t\t\t\t\n<style>\n#col-1796559217 > .col-inner {\n  padding: 0px 0px 0px 0px;\n}\n@media (min-width:550px) {\n  #col-1796559217 > .col-inner {\n    padding: 0px 15% 0px 15%;\n  }\n}\n<\/style>\n\t<\/div>\n\n\t\n<\/div>\n\t\t<\/div>\n\n\t\t\n<style>\n#section_1314859192 {\n  padding-top: 30px;\n  padding-bottom: 30px;\n}\n<\/style>\n\t<\/section>\n\t\n\n\t<section class=\"section\" id=\"section_1569627849\">\n\t\t<div class=\"section-bg fill\" >\n\t\t\t\t\t\t\t\t\t\n\t\t\t\n\n\t\t<\/div>\n\n\t\t\n\n\t\t<div class=\"section-content relative\">\n\t\t\t\n<div class=\"row row-full-width\"  id=\"row-203338160\">\n\n\t<div id=\"col-2025614918\" class=\"col medium-6 small-12 large-6\"  >\n\t\t\t\t<div class=\"col-inner\"  >\n\t\t\t\n\t\t\t\n\t<div class=\"img has-hover x md-x lg-x y md-y lg-y\" id=\"image_1653750619\">\n\t\t\t\t\t\t\t\t<div class=\"img-inner dark\" >\n\t\t\t<img loading=\"lazy\" decoding=\"async\" width=\"600\" height=\"800\" src=\"https:\/\/swiftlifts.com\/wp-content\/uploads\/2023\/11\/project_portrait-ho-chi-minh_04-600x800.jpg\" class=\"attachment-large size-large\" alt=\"\" srcset=\"https:\/\/swiftlifts.com\/wp-content\/uploads\/2023\/11\/project_portrait-ho-chi-minh_04-600x800.jpg 600w, https:\/\/swiftlifts.com\/wp-content\/uploads\/2023\/11\/project_portrait-ho-chi-minh_04-300x400.jpg 300w, https:\/\/swiftlifts.com\/wp-content\/uploads\/2023\/11\/project_portrait-ho-chi-minh_04-768x1024.jpg 768w, https:\/\/swiftlifts.com\/wp-content\/uploads\/2023\/11\/project_portrait-ho-chi-minh_04-1152x1536.jpg 1152w, https:\/\/swiftlifts.com\/wp-content\/uploads\/2023\/11\/project_portrait-ho-chi-minh_04.jpg 1200w\" sizes=\"auto, (max-width: 600px) 100vw, 600px\" \/>\t\t\t\t\t\t\n\t\t\t\t\t<\/div>\n\t\t\t\t\t\t\t\t\n<style>\n#image_1653750619 {\n  width: 100%;\n}\n<\/style>\n\t<\/div>\n\t\n\t<div id=\"text-756500346\" class=\"text\">\n\t\t\n<p>Una actualizaci\u00f3n reciente incluy\u00f3 la decisi\u00f3n previsora de a\u00f1adir un ascensor dom\u00e9stico SWIFT Pro<\/p>\n\t\t\n<style>\n#text-756500346 {\n  font-size: 1rem;\n  color: #ff9196;\n}\n#text-756500346 > * {\n  color: #ff9196;\n}\n<\/style>\n\t<\/div>\n\t\n\t\t<\/div>\n\t\t\t\t\n<style>\n#col-2025614918 > .col-inner {\n  padding: 0px 0px 0px 0px;\n}\n@media (min-width:550px) {\n  #col-2025614918 > .col-inner {\n    padding: 0px 0px 0px 30%;\n  }\n}\n<\/style>\n\t<\/div>\n\n\t\n\n\t<div id=\"col-2127294528\" class=\"col medium-6 small-12 large-6\"  >\n\t\t\t\t<div class=\"col-inner\"  >\n\t\t\t\n\t\t\t\n\t<div class=\"img has-hover x md-x lg-x y md-y lg-y\" id=\"image_2112626810\">\n\t\t\t\t\t\t\t\t<div class=\"img-inner dark\" >\n\t\t\t<img loading=\"lazy\" decoding=\"async\" width=\"600\" height=\"800\" src=\"https:\/\/swiftlifts.com\/wp-content\/uploads\/2023\/11\/project_portrait-ho-chi-minh_06-600x800.jpg\" class=\"attachment-large size-large\" alt=\"\" srcset=\"https:\/\/swiftlifts.com\/wp-content\/uploads\/2023\/11\/project_portrait-ho-chi-minh_06-600x800.jpg 600w, https:\/\/swiftlifts.com\/wp-content\/uploads\/2023\/11\/project_portrait-ho-chi-minh_06-300x400.jpg 300w, https:\/\/swiftlifts.com\/wp-content\/uploads\/2023\/11\/project_portrait-ho-chi-minh_06-768x1024.jpg 768w, https:\/\/swiftlifts.com\/wp-content\/uploads\/2023\/11\/project_portrait-ho-chi-minh_06-1152x1536.jpg 1152w, https:\/\/swiftlifts.com\/wp-content\/uploads\/2023\/11\/project_portrait-ho-chi-minh_06.jpg 1200w\" sizes=\"auto, (max-width: 600px) 100vw, 600px\" \/>\t\t\t\t\t\t\n\t\t\t\t\t<\/div>\n\t\t\t\t\t\t\t\t\n<style>\n#image_2112626810 {\n  width: 100%;\n}\n<\/style>\n\t<\/div>\n\t\n\t<div id=\"text-3471463984\" class=\"text\">\n\t\t\n<p>SWIFT Pro adornado con alfombra Ege en Denim Stripe y armonizado por ArtWall Ink.<\/p>\n\t\t\n<style>\n#text-3471463984 {\n  font-size: 1rem;\n  color: #ff9196;\n}\n#text-3471463984 > * {\n  color: #ff9196;\n}\n<\/style>\n\t<\/div>\n\t\n\t\t<\/div>\n\t\t\t\t\n<style>\n#col-2127294528 > .col-inner {\n  padding: 0px 0px 0px 0px;\n}\n@media (min-width:550px) {\n  #col-2127294528 > .col-inner {\n    padding: 0px 30% 0px 0px;\n  }\n}\n<\/style>\n\t<\/div>\n\n\t\n\n\t<div id=\"col-1096551791\" class=\"col medium-6 small-12 large-6\"  >\n\t\t\t\t<div class=\"col-inner text-center\"  >\n\t\t\t\n\t\t\t\n<a href=\"https:\/\/swiftlifts.com\/en\/projects\/\" class=\"button alert lowercase\" >\n\t\t<span>Haga clic aqu\u00ed para ver m\u00e1s proyectos<\/span>\n\t<\/a>\n\n\t\t<\/div>\n\t\t\t\t\n<style>\n#col-1096551791 > .col-inner {\n  padding: 0px 0px 0px 0px;\n}\n@media (min-width:550px) {\n  #col-1096551791 > .col-inner {\n    padding: 0px 0px 0px 30%;\n  }\n}\n<\/style>\n\t<\/div>\n\n\t\n\n\t<div id=\"col-705834351\" class=\"col medium-6 small-12 large-6\"  >\n\t\t\t\t<div class=\"col-inner text-center\"  >\n\t\t\t\n\t\t\t\n<a href=\"https:\/\/swiftlifts.com\/en\/products\/swift-pro-residential-lift\/\" class=\"button primary lowercase\" >\n\t\t<span>P\u00e1gina del producto SWIFT Pro<\/span>\n\t<\/a>\n\n\t\t<\/div>\n\t\t\t\t\n<style>\n#col-705834351 > .col-inner {\n  padding: 0px 0px 0px 0px;\n}\n@media (min-width:550px) {\n  #col-705834351 > .col-inner {\n    padding: 0px 30% 0px 0%;\n  }\n}\n<\/style>\n\t<\/div>\n\n\t\n<\/div>\n\t\t<\/div>\n\n\t\t\n<style>\n#section_1569627849 {\n  padding-top: 30px;\n  padding-bottom: 30px;\n}\n<\/style>\n\t<\/section>\n\t\n","protected":false},"excerpt":{"rendered":"","protected":false},"author":10,"featured_media":0,"parent":45349,"menu_order":0,"comment_status":"closed","ping_status":"closed","template":"page-transparent-header.php","meta":{"_acf_changed":false,"content-type":"","footnotes":""},"class_list":["post-45361","page","type-page","status-publish","hentry"],"acf":[],"yoast_head":"<!-- This site is optimized with the Yoast SEO Premium plugin v27.3 (Yoast SEO v27.4) - https:\/\/yoast.com\/product\/yoast-seo-premium-wordpress\/ -->\n<title>Proyectos - Distrito 5 Chalet independiente - SWIFT - 100% battery driven home lifts<\/title>\n<meta name=\"robots\" content=\"index, follow, max-snippet:-1, max-image-preview:large, max-video-preview:-1\" \/>\n<link rel=\"canonical\" href=\"https:\/\/swiftlifts.com\/mx\/proyectos\/proyectos-distrito-5-chalet-independiente\/\" \/>\n<meta property=\"og:locale\" content=\"es_MX\" \/>\n<meta property=\"og:type\" content=\"article\" \/>\n<meta property=\"og:title\" content=\"Proyectos - Distrito 5 Chalet independiente\" \/>\n<meta property=\"og:url\" content=\"https:\/\/swiftlifts.com\/mx\/proyectos\/proyectos-distrito-5-chalet-independiente\/\" \/>\n<meta property=\"og:site_name\" content=\"SWIFT - 100% battery driven home lifts\" \/>\n<meta property=\"article:publisher\" content=\"https:\/\/www.facebook.com\/swifthomelifts\" \/>\n<meta name=\"twitter:card\" content=\"summary_large_image\" \/>\n<meta name=\"twitter:label1\" content=\"Tiempo de lectura\" \/>\n\t<meta name=\"twitter:data1\" content=\"3 minutos\" \/>\n<script type=\"application\/ld+json\" class=\"yoast-schema-graph\">{\"@context\":\"https:\\\/\\\/schema.org\",\"@graph\":[{\"@type\":\"WebPage\",\"@id\":\"https:\\\/\\\/swiftlifts.com\\\/mx\\\/proyectos\\\/proyectos-distrito-5-chalet-independiente\\\/\",\"url\":\"https:\\\/\\\/swiftlifts.com\\\/mx\\\/proyectos\\\/proyectos-distrito-5-chalet-independiente\\\/\",\"name\":\"Proyectos - Distrito 5 Chalet independiente - SWIFT - 100% battery driven home lifts\",\"isPartOf\":{\"@id\":\"https:\\\/\\\/swiftlifts.com\\\/mx\\\/#website\"},\"datePublished\":\"2024-05-27T10:41:02+00:00\",\"breadcrumb\":{\"@id\":\"https:\\\/\\\/swiftlifts.com\\\/mx\\\/proyectos\\\/proyectos-distrito-5-chalet-independiente\\\/#breadcrumb\"},\"inLanguage\":\"es\",\"potentialAction\":[{\"@type\":\"ReadAction\",\"target\":[\"https:\\\/\\\/swiftlifts.com\\\/mx\\\/proyectos\\\/proyectos-distrito-5-chalet-independiente\\\/\"]}]},{\"@type\":\"BreadcrumbList\",\"@id\":\"https:\\\/\\\/swiftlifts.com\\\/mx\\\/proyectos\\\/proyectos-distrito-5-chalet-independiente\\\/#breadcrumb\",\"itemListElement\":[{\"@type\":\"ListItem\",\"position\":1,\"name\":\"Home\",\"item\":\"https:\\\/\\\/swiftlifts.com\\\/mx\\\/\"},{\"@type\":\"ListItem\",\"position\":2,\"name\":\"Proyectos\",\"item\":\"https:\\\/\\\/swiftlifts.com\\\/mx\\\/proyectos\\\/\"},{\"@type\":\"ListItem\",\"position\":3,\"name\":\"Proyectos &#8211; Distrito 5 Chalet independiente\"}]},{\"@type\":\"WebSite\",\"@id\":\"https:\\\/\\\/swiftlifts.com\\\/mx\\\/#website\",\"url\":\"https:\\\/\\\/swiftlifts.com\\\/mx\\\/\",\"name\":\"SWIFT - 100% battery driven home lifts\",\"description\":\"NEW WAYS TO MOVE\",\"publisher\":{\"@id\":\"https:\\\/\\\/swiftlifts.com\\\/mx\\\/#organization\"},\"potentialAction\":[{\"@type\":\"SearchAction\",\"target\":{\"@type\":\"EntryPoint\",\"urlTemplate\":\"https:\\\/\\\/swiftlifts.com\\\/mx\\\/?s={search_term_string}\"},\"query-input\":{\"@type\":\"PropertyValueSpecification\",\"valueRequired\":true,\"valueName\":\"search_term_string\"}}],\"inLanguage\":\"es\"},{\"@type\":\"Organization\",\"@id\":\"https:\\\/\\\/swiftlifts.com\\\/mx\\\/#organization\",\"name\":\"SWIFT Home Lifts\",\"url\":\"https:\\\/\\\/swiftlifts.com\\\/mx\\\/\",\"logo\":{\"@type\":\"ImageObject\",\"inLanguage\":\"es\",\"@id\":\"https:\\\/\\\/swiftlifts.com\\\/mx\\\/#\\\/schema\\\/logo\\\/image\\\/\",\"url\":\"https:\\\/\\\/swiftlifts.com\\\/wp-content\\\/uploads\\\/2025\\\/03\\\/cropped-SWIFT-Logo-Google.jpg\",\"contentUrl\":\"https:\\\/\\\/swiftlifts.com\\\/wp-content\\\/uploads\\\/2025\\\/03\\\/cropped-SWIFT-Logo-Google.jpg\",\"width\":512,\"height\":512,\"caption\":\"SWIFT Home Lifts\"},\"image\":{\"@id\":\"https:\\\/\\\/swiftlifts.com\\\/mx\\\/#\\\/schema\\\/logo\\\/image\\\/\"},\"sameAs\":[\"https:\\\/\\\/www.facebook.com\\\/swifthomelifts\",\"https:\\\/\\\/www.instagram.com\\\/swifthomelifts\\\/\",\"https:\\\/\\\/www.linkedin.com\\\/company\\\/swifthomelifts\\\/\",\"https:\\\/\\\/www.pinterest.se\\\/swifthomelifts\\\/\",\"https:\\\/\\\/www.youtube.com\\\/@swift5669\"]}]}<\/script>\n<!-- \/ Yoast SEO Premium plugin. -->","yoast_head_json":{"title":"Proyectos - Distrito 5 Chalet independiente - SWIFT - 100% battery driven home lifts","robots":{"index":"index","follow":"follow","max-snippet":"max-snippet:-1","max-image-preview":"max-image-preview:large","max-video-preview":"max-video-preview:-1"},"canonical":"https:\/\/swiftlifts.com\/mx\/proyectos\/proyectos-distrito-5-chalet-independiente\/","og_locale":"es_MX","og_type":"article","og_title":"Proyectos - Distrito 5 Chalet independiente","og_url":"https:\/\/swiftlifts.com\/mx\/proyectos\/proyectos-distrito-5-chalet-independiente\/","og_site_name":"SWIFT - 100% battery driven home lifts","article_publisher":"https:\/\/www.facebook.com\/swifthomelifts","twitter_card":"summary_large_image","twitter_misc":{"Tiempo de lectura":"3 minutos"},"schema":{"@context":"https:\/\/schema.org","@graph":[{"@type":"WebPage","@id":"https:\/\/swiftlifts.com\/mx\/proyectos\/proyectos-distrito-5-chalet-independiente\/","url":"https:\/\/swiftlifts.com\/mx\/proyectos\/proyectos-distrito-5-chalet-independiente\/","name":"Proyectos - Distrito 5 Chalet independiente - SWIFT - 100% battery driven home lifts","isPartOf":{"@id":"https:\/\/swiftlifts.com\/mx\/#website"},"datePublished":"2024-05-27T10:41:02+00:00","breadcrumb":{"@id":"https:\/\/swiftlifts.com\/mx\/proyectos\/proyectos-distrito-5-chalet-independiente\/#breadcrumb"},"inLanguage":"es","potentialAction":[{"@type":"ReadAction","target":["https:\/\/swiftlifts.com\/mx\/proyectos\/proyectos-distrito-5-chalet-independiente\/"]}]},{"@type":"BreadcrumbList","@id":"https:\/\/swiftlifts.com\/mx\/proyectos\/proyectos-distrito-5-chalet-independiente\/#breadcrumb","itemListElement":[{"@type":"ListItem","position":1,"name":"Home","item":"https:\/\/swiftlifts.com\/mx\/"},{"@type":"ListItem","position":2,"name":"Proyectos","item":"https:\/\/swiftlifts.com\/mx\/proyectos\/"},{"@type":"ListItem","position":3,"name":"Proyectos &#8211; Distrito 5 Chalet independiente"}]},{"@type":"WebSite","@id":"https:\/\/swiftlifts.com\/mx\/#website","url":"https:\/\/swiftlifts.com\/mx\/","name":"SWIFT - 100% battery driven home lifts","description":"NEW WAYS TO MOVE","publisher":{"@id":"https:\/\/swiftlifts.com\/mx\/#organization"},"potentialAction":[{"@type":"SearchAction","target":{"@type":"EntryPoint","urlTemplate":"https:\/\/swiftlifts.com\/mx\/?s={search_term_string}"},"query-input":{"@type":"PropertyValueSpecification","valueRequired":true,"valueName":"search_term_string"}}],"inLanguage":"es"},{"@type":"Organization","@id":"https:\/\/swiftlifts.com\/mx\/#organization","name":"SWIFT Home Lifts","url":"https:\/\/swiftlifts.com\/mx\/","logo":{"@type":"ImageObject","inLanguage":"es","@id":"https:\/\/swiftlifts.com\/mx\/#\/schema\/logo\/image\/","url":"https:\/\/swiftlifts.com\/wp-content\/uploads\/2025\/03\/cropped-SWIFT-Logo-Google.jpg","contentUrl":"https:\/\/swiftlifts.com\/wp-content\/uploads\/2025\/03\/cropped-SWIFT-Logo-Google.jpg","width":512,"height":512,"caption":"SWIFT Home Lifts"},"image":{"@id":"https:\/\/swiftlifts.com\/mx\/#\/schema\/logo\/image\/"},"sameAs":["https:\/\/www.facebook.com\/swifthomelifts","https:\/\/www.instagram.com\/swifthomelifts\/","https:\/\/www.linkedin.com\/company\/swifthomelifts\/","https:\/\/www.pinterest.se\/swifthomelifts\/","https:\/\/www.youtube.com\/@swift5669"]}]}},"_links":{"self":[{"href":"https:\/\/swiftlifts.com\/mx\/wp-json\/wp\/v2\/pages\/45361","targetHints":{"allow":["GET"]}}],"collection":[{"href":"https:\/\/swiftlifts.com\/mx\/wp-json\/wp\/v2\/pages"}],"about":[{"href":"https:\/\/swiftlifts.com\/mx\/wp-json\/wp\/v2\/types\/page"}],"author":[{"embeddable":true,"href":"https:\/\/swiftlifts.com\/mx\/wp-json\/wp\/v2\/users\/10"}],"replies":[{"embeddable":true,"href":"https:\/\/swiftlifts.com\/mx\/wp-json\/wp\/v2\/comments?post=45361"}],"version-history":[{"count":0,"href":"https:\/\/swiftlifts.com\/mx\/wp-json\/wp\/v2\/pages\/45361\/revisions"}],"up":[{"embeddable":true,"href":"https:\/\/swiftlifts.com\/mx\/wp-json\/wp\/v2\/pages\/45349"}],"wp:attachment":[{"href":"https:\/\/swiftlifts.com\/mx\/wp-json\/wp\/v2\/media?parent=45361"}],"curies":[{"name":"wp","href":"https:\/\/api.w.org\/{rel}","templated":true}]}}