{"id":45354,"date":"2024-05-27T11:15:54","date_gmt":"2024-05-27T11:15:54","guid":{"rendered":"https:\/\/swiftlifts.com\/proyectos\/proyectos-villa-golden-mile\/"},"modified":"2024-05-27T11:15:54","modified_gmt":"2024-05-27T11:15:54","slug":"proyectos-villa-golden-mile","status":"publish","type":"page","link":"https:\/\/swiftlifts.com\/mx\/proyectos\/proyectos-villa-golden-mile\/","title":{"rendered":"Proyectos &#8211; Villa Golden Mile"},"content":{"rendered":"\n\t<section class=\"section why_a_home_lift\" id=\"section_1746520563\">\n\t\t<div class=\"section-bg fill\" >\n\t\t\t<img loading=\"lazy\" decoding=\"async\" width=\"2560\" height=\"633\" src=\"https:\/\/swiftlifts.com\/wp-content\/uploads\/2024\/02\/project_hero.jpg\" class=\"bg attachment- size-\" alt=\"project hero\" \/>\t\t\t\t\t\t\n\t\t\t\n\n\t\t<\/div>\n\n\t\t\n\n\t\t<div class=\"section-content relative\">\n\t\t\t\n<div class=\"row\" style=\"max-width:90%\" id=\"row-777851232\">\n\n\t<div id=\"col-1681550422\" class=\"col small-12 large-12\"  >\n\t\t\t\t<div class=\"col-inner text-center\"  >\n\t\t\t\n\t\t\t\n\t<div id=\"text-1861488120\" class=\"text\">\n\t\t\n<h1>Villa Golden Mile<\/h1>\n\t\t\n<style>\n#text-1861488120 {\n  font-size: 2rem;\n  color: rgb(255, 255, 255);\n}\n#text-1861488120 > * {\n  color: rgb(255, 255, 255);\n}\n<\/style>\n\t<\/div>\n\t\n\t\t<\/div>\n\t\t\t\t\n<style>\n#col-1681550422 > .col-inner {\n  margin: 200px 0px 0px 0px;\n}\n<\/style>\n\t<\/div>\n\n\t\n<\/div>\n\t\t<\/div>\n\n\t\t\n<style>\n#section_1746520563 {\n  padding-top: 30px;\n  padding-bottom: 30px;\n  background-color: #dbe0d1;\n}\n<\/style>\n\t<\/section>\n\t\n\n\t<section class=\"section\" id=\"section_1583479788\">\n\t\t<div class=\"section-bg fill\" >\n\t\t\t\t\t\t\t\t\t\n\t\t\t\n\n\t\t<\/div>\n\n\t\t\n\n\t\t<div class=\"section-content relative\">\n\t\t\t\n<div class=\"row row-full-width align-middle\"  id=\"row-214529213\">\n\n\t<div id=\"col-1212997218\" class=\"col medium-6 small-12 large-6\"  >\n\t\t\t\t<div class=\"col-inner\"  >\n\t\t\t\n\t\t\t\n\t<div class=\"img has-hover x md-x lg-x y md-y lg-y\" id=\"image_689322423\">\n\t\t\t\t\t\t\t\t<div class=\"img-inner dark\" >\n\t\t\t<img loading=\"lazy\" decoding=\"async\" width=\"600\" height=\"800\" src=\"https:\/\/swiftlifts.com\/wp-content\/uploads\/2024\/02\/project_portrait_sw105082_01-600x800.jpg\" class=\"attachment-large size-large\" alt=\"\" srcset=\"https:\/\/swiftlifts.com\/wp-content\/uploads\/2024\/02\/project_portrait_sw105082_01-600x800.jpg 600w, https:\/\/swiftlifts.com\/wp-content\/uploads\/2024\/02\/project_portrait_sw105082_01-300x400.jpg 300w, https:\/\/swiftlifts.com\/wp-content\/uploads\/2024\/02\/project_portrait_sw105082_01-768x1024.jpg 768w, https:\/\/swiftlifts.com\/wp-content\/uploads\/2024\/02\/project_portrait_sw105082_01-1152x1536.jpg 1152w, https:\/\/swiftlifts.com\/wp-content\/uploads\/2024\/02\/project_portrait_sw105082_01.jpg 1200w\" sizes=\"auto, (max-width: 600px) 100vw, 600px\" \/>\t\t\t\t\t\t\n\t\t\t\t\t<\/div>\n\t\t\t\t\t\t\t\t\n<style>\n#image_689322423 {\n  width: 100%;\n}\n<\/style>\n\t<\/div>\n\t\n\t\t<\/div>\n\t\t\t\t\n<style>\n#col-1212997218 > .col-inner {\n  padding: 0px 0px 0px 0px;\n}\n@media (min-width:550px) {\n  #col-1212997218 > .col-inner {\n    padding: 0px 0px 0px 30%;\n  }\n}\n<\/style>\n\t<\/div>\n\n\t\n\n\t<div id=\"col-740939548\" class=\"col medium-6 small-12 large-6\"  >\n\t\t\t\t<div class=\"col-inner\"  >\n\t\t\t\n\t\t\t\n\t<div id=\"text-3022713855\" class=\"text\">\n\t\t\n<h2>Villa Golden Mile<\/h2>\n\t\t\n<style>\n#text-3022713855 {\n  font-size: 1rem;\n  color: rgb(255, 145, 150);\n}\n#text-3022713855 > * {\n  color: rgb(255, 145, 150);\n}\n<\/style>\n\t<\/div>\n\t\n\t<div id=\"text-648306749\" class=\"text\">\n\t\t\n<p>En la franja -la Milla de Oro- que recorre la costa entre el Casco Antiguo y el puerto de Marbella y Puerto Ban\u00fas, se encuentra Villa Golden Mile. Originalmente construida en estilo t\u00edpico andaluz, la villa est\u00e1 siendo renovada y actualizada sin perder caracter\u00edsticas \u00fanicas como el &#8220;arco morisco&#8221;. El objetivo de la renovaci\u00f3n -que incluye un SWIFT Pro- es hacer la casa m\u00e1s accesible, c\u00f3moda, luminosa, aireada y aprovechar plenamente la proximidad de la costa y el mar. <\/p>\n<\/p>\n<p><b>Modelo: SWIFT Pro<\/b><br \/><b>Pisos: 2<\/b><br \/><b>Talla del ascensor:XL<\/b><br \/><b>Color del ascensor: Negro Azabache<\/b><br \/><b>ArtWall: \u00d3palo el\u00e9ctrico<\/b><br \/><b>Alfombra de ascensor: Vinilo Negro<\/b><br \/><b>Ubicaci\u00f3n: Milla de Oro &#8211; una de las zonas m\u00e1s exclusivas y solicitadas en t\u00e9rminos de propiedades en Europa &#8211; en el coraz\u00f3n de Marbella, Espa\u00f1a.<\/b> <\/p>\n\t\t\n<style>\n#text-648306749 {\n  font-size: 1rem;\n  color: rgb(255, 145, 150);\n}\n#text-648306749 > * {\n  color: rgb(255, 145, 150);\n}\n<\/style>\n\t<\/div>\n\t\n<div class=\"text-right\"><div class=\"is-divider divider clearfix\" style=\"max-width:100%;background-color:rgb(255, 145, 150);\"><\/div><\/div>\n\t\t<\/div>\n\t\t\t\t\n<style>\n#col-740939548 > .col-inner {\n  padding: 0px 0px 0px 0px;\n}\n@media (min-width:550px) {\n  #col-740939548 > .col-inner {\n    padding: 0px 30% 0px 0px;\n  }\n}\n<\/style>\n\t<\/div>\n\n\t\n<\/div>\n\t\t<\/div>\n\n\t\t\n<style>\n#section_1583479788 {\n  padding-top: 30px;\n  padding-bottom: 30px;\n}\n<\/style>\n\t<\/section>\n\t\n\n\t<section class=\"section\" id=\"section_2135607302\">\n\t\t<div class=\"section-bg fill\" >\n\t\t\t\t\t\t\t\t\t\n\t\t\t\n\n\t\t<\/div>\n\n\t\t\n\n\t\t<div class=\"section-content relative\">\n\t\t\t\n<div class=\"row row-full-width\"  id=\"row-1690058575\">\n\n\t<div id=\"col-1435322435\" class=\"col medium-6 small-12 large-6\"  >\n\t\t\t\t<div class=\"col-inner\"  >\n\t\t\t\n\t\t\t\n\t<div class=\"img has-hover x md-x lg-x y md-y lg-y\" id=\"image_896454724\">\n\t\t\t\t\t\t\t\t<div class=\"img-inner dark\" >\n\t\t\t<img loading=\"lazy\" decoding=\"async\" width=\"600\" height=\"800\" src=\"https:\/\/swiftlifts.com\/wp-content\/uploads\/2024\/02\/project_portrait_sw105082_03-600x800.jpg\" class=\"attachment-large size-large\" alt=\"\" srcset=\"https:\/\/swiftlifts.com\/wp-content\/uploads\/2024\/02\/project_portrait_sw105082_03-600x800.jpg 600w, https:\/\/swiftlifts.com\/wp-content\/uploads\/2024\/02\/project_portrait_sw105082_03-300x400.jpg 300w, https:\/\/swiftlifts.com\/wp-content\/uploads\/2024\/02\/project_portrait_sw105082_03-768x1024.jpg 768w, https:\/\/swiftlifts.com\/wp-content\/uploads\/2024\/02\/project_portrait_sw105082_03-1152x1536.jpg 1152w, https:\/\/swiftlifts.com\/wp-content\/uploads\/2024\/02\/project_portrait_sw105082_03.jpg 1200w\" sizes=\"auto, (max-width: 600px) 100vw, 600px\" \/>\t\t\t\t\t\t\n\t\t\t\t\t<\/div>\n\t\t\t\t\t\t\t\t\n<style>\n#image_896454724 {\n  width: 100%;\n}\n<\/style>\n\t<\/div>\n\t\n\t<div id=\"text-46099152\" class=\"text\">\n\t\t\n<p>La familia eligi\u00f3 un SWIFT Pro por su dise\u00f1o elegante, su eficiencia de espacio, su funcionamiento sin problemas y la experiencia mejorada que permiten las funciones tecnol\u00f3gicas. <\/p>\n\t\t\n<style>\n#text-46099152 {\n  font-size: 1rem;\n  color: #ff9196;\n}\n#text-46099152 > * {\n  color: #ff9196;\n}\n<\/style>\n\t<\/div>\n\t\n\t\t<\/div>\n\t\t\t\t\n<style>\n#col-1435322435 > .col-inner {\n  padding: 0px 0px 0px 0px;\n}\n@media (min-width:550px) {\n  #col-1435322435 > .col-inner {\n    padding: 0px 0px 0px 30%;\n  }\n}\n<\/style>\n\t<\/div>\n\n\t\n\n\t<div id=\"col-2094201505\" class=\"col medium-6 small-12 large-6\"  >\n\t\t\t\t<div class=\"col-inner\"  >\n\t\t\t\n\t\t\t\n\t<div class=\"img has-hover x md-x lg-x y md-y lg-y\" id=\"image_1182610469\">\n\t\t\t\t\t\t\t\t<div class=\"img-inner dark\" >\n\t\t\t<img loading=\"lazy\" decoding=\"async\" width=\"600\" height=\"800\" src=\"https:\/\/swiftlifts.com\/wp-content\/uploads\/2024\/02\/project_portrait_sw105082_04-600x800.jpg\" class=\"attachment-large size-large\" alt=\"\" srcset=\"https:\/\/swiftlifts.com\/wp-content\/uploads\/2024\/02\/project_portrait_sw105082_04-600x800.jpg 600w, https:\/\/swiftlifts.com\/wp-content\/uploads\/2024\/02\/project_portrait_sw105082_04-300x400.jpg 300w, https:\/\/swiftlifts.com\/wp-content\/uploads\/2024\/02\/project_portrait_sw105082_04-768x1024.jpg 768w, https:\/\/swiftlifts.com\/wp-content\/uploads\/2024\/02\/project_portrait_sw105082_04-1152x1536.jpg 1152w, https:\/\/swiftlifts.com\/wp-content\/uploads\/2024\/02\/project_portrait_sw105082_04.jpg 1200w\" sizes=\"auto, (max-width: 600px) 100vw, 600px\" \/>\t\t\t\t\t\t\n\t\t\t\t\t<\/div>\n\t\t\t\t\t\t\t\t\n<style>\n#image_1182610469 {\n  width: 100%;\n}\n<\/style>\n\t<\/div>\n\t\n\t<div id=\"text-3357502225\" class=\"text\">\n\t\t\n<p>El blanco y negro siempre es una buena idea que nunca pasa de moda.<\/p>\n\t\t\n<style>\n#text-3357502225 {\n  font-size: 1rem;\n  color: #ff9196;\n}\n#text-3357502225 > * {\n  color: #ff9196;\n}\n<\/style>\n\t<\/div>\n\t\n\t\t<\/div>\n\t\t\t\t\n<style>\n#col-2094201505 > .col-inner {\n  padding: 0px 0px 0px 0px;\n}\n@media (min-width:550px) {\n  #col-2094201505 > .col-inner {\n    padding: 0px 30% 0px 0px;\n  }\n}\n<\/style>\n\t<\/div>\n\n\t\n<\/div>\n\t\t<\/div>\n\n\t\t\n<style>\n#section_2135607302 {\n  padding-top: 30px;\n  padding-bottom: 30px;\n}\n<\/style>\n\t<\/section>\n\t\n\n\t<section class=\"section\" id=\"section_975051129\">\n\t\t<div class=\"section-bg fill\" >\n\t\t\t\t\t\t\t\t\t\n\t\t\t\n\n\t\t<\/div>\n\n\t\t\n\n\t\t<div class=\"section-content relative\">\n\t\t\t\n<div class=\"row row-full-width\"  id=\"row-366368481\">\n\n\t<div id=\"col-1572751299\" class=\"col small-12 large-12\"  >\n\t\t\t\t<div class=\"col-inner\"  >\n\t\t\t\n\t\t\t\n\t<div class=\"img has-hover x md-x lg-x y md-y lg-y\" id=\"image_1732239925\">\n\t\t\t\t\t\t\t\t<div class=\"img-inner dark\" >\n\t\t\t<img loading=\"lazy\" decoding=\"async\" width=\"1020\" height=\"538\" src=\"https:\/\/swiftlifts.com\/wp-content\/uploads\/2024\/02\/project_landscape_sw105082_01-1400x738.jpg\" class=\"attachment-large size-large\" alt=\"\" srcset=\"https:\/\/swiftlifts.com\/wp-content\/uploads\/2024\/02\/project_landscape_sw105082_01-1400x738.jpg 1400w, https:\/\/swiftlifts.com\/wp-content\/uploads\/2024\/02\/project_landscape_sw105082_01-759x400.jpg 759w, https:\/\/swiftlifts.com\/wp-content\/uploads\/2024\/02\/project_landscape_sw105082_01-768x405.jpg 768w, https:\/\/swiftlifts.com\/wp-content\/uploads\/2024\/02\/project_landscape_sw105082_01-1536x809.jpg 1536w, https:\/\/swiftlifts.com\/wp-content\/uploads\/2024\/02\/project_landscape_sw105082_01.jpg 2000w\" sizes=\"auto, (max-width: 1020px) 100vw, 1020px\" \/>\t\t\t\t\t\t\n\t\t\t\t\t<\/div>\n\t\t\t\t\t\t\t\t\n<style>\n#image_1732239925 {\n  width: 100%;\n}\n<\/style>\n\t<\/div>\n\t\n\t<div id=\"text-4137997615\" class=\"text\">\n\t\t\n<p>El dise\u00f1o se inspira en las tradicionales haciendas espa\u00f1olas, incorporando elementos modernos para darles un aire atemporal y contempor\u00e1neo.<\/p>\n\t\t\n<style>\n#text-4137997615 {\n  font-size: 1rem;\n  color: rgb(255, 145, 150);\n}\n#text-4137997615 > * {\n  color: rgb(255, 145, 150);\n}\n<\/style>\n\t<\/div>\n\t\n\t\t<\/div>\n\t\t\t\t\n<style>\n#col-1572751299 > .col-inner {\n  padding: 0px 0px 0px 0px;\n}\n@media (min-width:550px) {\n  #col-1572751299 > .col-inner {\n    padding: 0px 15% 0px 15%;\n  }\n}\n<\/style>\n\t<\/div>\n\n\t\n<\/div>\n\t\t<\/div>\n\n\t\t\n<style>\n#section_975051129 {\n  padding-top: 30px;\n  padding-bottom: 30px;\n}\n<\/style>\n\t<\/section>\n\t\n\n\t<section class=\"section\" id=\"section_1568711723\">\n\t\t<div class=\"section-bg fill\" >\n\t\t\t\t\t\t\t\t\t\n\t\t\t\n\n\t\t<\/div>\n\n\t\t\n\n\t\t<div class=\"section-content relative\">\n\t\t\t\n<div class=\"row row-full-width\"  id=\"row-1445288580\">\n\n\t<div id=\"col-1805533431\" class=\"col medium-6 small-12 large-6\"  >\n\t\t\t\t<div class=\"col-inner\"  >\n\t\t\t\n\t\t\t\n\t<div class=\"img has-hover x md-x lg-x y md-y lg-y\" id=\"image_1330763901\">\n\t\t\t\t\t\t\t\t<div class=\"img-inner dark\" >\n\t\t\t<img loading=\"lazy\" decoding=\"async\" width=\"600\" height=\"800\" src=\"https:\/\/swiftlifts.com\/wp-content\/uploads\/2024\/02\/project_portrait_sw105082_05-600x800.jpg\" class=\"attachment-large size-large\" alt=\"\" srcset=\"https:\/\/swiftlifts.com\/wp-content\/uploads\/2024\/02\/project_portrait_sw105082_05-600x800.jpg 600w, https:\/\/swiftlifts.com\/wp-content\/uploads\/2024\/02\/project_portrait_sw105082_05-300x400.jpg 300w, https:\/\/swiftlifts.com\/wp-content\/uploads\/2024\/02\/project_portrait_sw105082_05-768x1024.jpg 768w, https:\/\/swiftlifts.com\/wp-content\/uploads\/2024\/02\/project_portrait_sw105082_05-1152x1536.jpg 1152w, https:\/\/swiftlifts.com\/wp-content\/uploads\/2024\/02\/project_portrait_sw105082_05.jpg 1200w\" sizes=\"auto, (max-width: 600px) 100vw, 600px\" \/>\t\t\t\t\t\t\n\t\t\t\t\t<\/div>\n\t\t\t\t\t\t\t\t\n<style>\n#image_1330763901 {\n  width: 100%;\n}\n<\/style>\n\t<\/div>\n\t\n\t<div id=\"text-759925921\" class=\"text\">\n\t\t\n<p>Desde la planta superior, que alberga una zona de dormitorios con cuartos de ba\u00f1o y vestidores, la familia baja f\u00e1cilmente las escaleras utilizando SWIFT.<\/p>\n\t\t\n<style>\n#text-759925921 {\n  font-size: 1rem;\n  color: #ff9196;\n}\n#text-759925921 > * {\n  color: #ff9196;\n}\n<\/style>\n\t<\/div>\n\t\n\t\t<\/div>\n\t\t\t\t\n<style>\n#col-1805533431 > .col-inner {\n  padding: 0px 0px 0px 0px;\n}\n@media (min-width:550px) {\n  #col-1805533431 > .col-inner {\n    padding: 0px 0px 0px 30%;\n  }\n}\n<\/style>\n\t<\/div>\n\n\t\n\n\t<div id=\"col-346240320\" class=\"col medium-6 small-12 large-6\"  >\n\t\t\t\t<div class=\"col-inner\"  >\n\t\t\t\n\t\t\t\n\t<div class=\"img has-hover x md-x lg-x y md-y lg-y\" id=\"image_1464939912\">\n\t\t\t\t\t\t\t\t<div class=\"img-inner dark\" >\n\t\t\t<img loading=\"lazy\" decoding=\"async\" width=\"600\" height=\"800\" src=\"https:\/\/swiftlifts.com\/wp-content\/uploads\/2024\/02\/project_portrait_sw105082_02-600x800.jpg\" class=\"attachment-large size-large\" alt=\"\" srcset=\"https:\/\/swiftlifts.com\/wp-content\/uploads\/2024\/02\/project_portrait_sw105082_02-600x800.jpg 600w, https:\/\/swiftlifts.com\/wp-content\/uploads\/2024\/02\/project_portrait_sw105082_02-300x400.jpg 300w, https:\/\/swiftlifts.com\/wp-content\/uploads\/2024\/02\/project_portrait_sw105082_02-768x1024.jpg 768w, https:\/\/swiftlifts.com\/wp-content\/uploads\/2024\/02\/project_portrait_sw105082_02-1152x1536.jpg 1152w, https:\/\/swiftlifts.com\/wp-content\/uploads\/2024\/02\/project_portrait_sw105082_02.jpg 1200w\" sizes=\"auto, (max-width: 600px) 100vw, 600px\" \/>\t\t\t\t\t\t\n\t\t\t\t\t<\/div>\n\t\t\t\t\t\t\t\t\n<style>\n#image_1464939912 {\n  width: 100%;\n}\n<\/style>\n\t<\/div>\n\t\n\t<div id=\"text-2237803673\" class=\"text\">\n\t\t\n<p>La planta baja consta de cocina, zonas sociales, habitaciones de invitados y el SWIFT Pro, situado en la entrada de la casa.<\/p>\n\t\t\n<style>\n#text-2237803673 {\n  font-size: 1rem;\n  color: #ff9196;\n}\n#text-2237803673 > * {\n  color: #ff9196;\n}\n<\/style>\n\t<\/div>\n\t\n\t\t<\/div>\n\t\t\t\t\n<style>\n#col-346240320 > .col-inner {\n  padding: 0px 0px 0px 0px;\n}\n@media (min-width:550px) {\n  #col-346240320 > .col-inner {\n    padding: 0px 30% 0px 0px;\n  }\n}\n<\/style>\n\t<\/div>\n\n\t\n\n\t<div id=\"col-1557469973\" class=\"col medium-6 small-12 large-6\"  >\n\t\t\t\t<div class=\"col-inner text-center\"  >\n\t\t\t\n\t\t\t\n<a href=\"https:\/\/swiftlifts.com\/en\/projects\/\" class=\"button alert lowercase\" >\n\t\t<span>Haga clic aqu\u00ed para ver m\u00e1s proyectos<\/span>\n\t<\/a>\n\n\t\t<\/div>\n\t\t\t\t\n<style>\n#col-1557469973 > .col-inner {\n  padding: 0px 0px 0px 0px;\n}\n@media (min-width:550px) {\n  #col-1557469973 > .col-inner {\n    padding: 0px 0px 0px 30%;\n  }\n}\n<\/style>\n\t<\/div>\n\n\t\n\n\t<div id=\"col-1937109383\" class=\"col medium-6 small-12 large-6\"  >\n\t\t\t\t<div class=\"col-inner text-center\"  >\n\t\t\t\n\t\t\t\n<a href=\"https:\/\/swiftlifts.com\/en\/products\/swift-pro-residential-lift\/\" class=\"button primary lowercase\" >\n\t\t<span>P\u00e1gina del producto SWIFT Pro<\/span>\n\t<\/a>\n\n\t\t<\/div>\n\t\t\t\t\n<style>\n#col-1937109383 > .col-inner {\n  padding: 0px 0px 0px 0px;\n}\n@media (min-width:550px) {\n  #col-1937109383 > .col-inner {\n    padding: 0px 30% 0px 0%;\n  }\n}\n<\/style>\n\t<\/div>\n\n\t\n<\/div>\n\t\t<\/div>\n\n\t\t\n<style>\n#section_1568711723 {\n  padding-top: 30px;\n  padding-bottom: 30px;\n}\n<\/style>\n\t<\/section>\n\t\n","protected":false},"excerpt":{"rendered":"","protected":false},"author":9,"featured_media":0,"parent":45349,"menu_order":0,"comment_status":"closed","ping_status":"closed","template":"page-transparent-header.php","meta":{"_acf_changed":false,"content-type":"","footnotes":""},"class_list":["post-45354","page","type-page","status-publish","hentry"],"acf":[],"yoast_head":"<!-- This site is optimized with the Yoast SEO Premium plugin v27.3 (Yoast SEO v27.4) - https:\/\/yoast.com\/product\/yoast-seo-premium-wordpress\/ -->\n<title>Proyectos - Villa Golden Mile - SWIFT - 100% battery driven home lifts<\/title>\n<meta name=\"robots\" content=\"index, follow, max-snippet:-1, max-image-preview:large, max-video-preview:-1\" \/>\n<link rel=\"canonical\" href=\"https:\/\/swiftlifts.com\/mx\/proyectos\/proyectos-villa-golden-mile\/\" \/>\n<meta property=\"og:locale\" content=\"es_MX\" \/>\n<meta property=\"og:type\" content=\"article\" \/>\n<meta property=\"og:title\" content=\"Proyectos - Villa Golden Mile\" \/>\n<meta property=\"og:url\" content=\"https:\/\/swiftlifts.com\/mx\/proyectos\/proyectos-villa-golden-mile\/\" \/>\n<meta property=\"og:site_name\" content=\"SWIFT - 100% battery driven home lifts\" \/>\n<meta property=\"article:publisher\" content=\"https:\/\/www.facebook.com\/swifthomelifts\" \/>\n<meta name=\"twitter:card\" content=\"summary_large_image\" \/>\n<meta name=\"twitter:label1\" content=\"Tiempo de lectura\" \/>\n\t<meta name=\"twitter:data1\" content=\"3 minutos\" \/>\n<script type=\"application\/ld+json\" class=\"yoast-schema-graph\">{\"@context\":\"https:\\\/\\\/schema.org\",\"@graph\":[{\"@type\":\"WebPage\",\"@id\":\"https:\\\/\\\/swiftlifts.com\\\/mx\\\/proyectos\\\/proyectos-villa-golden-mile\\\/\",\"url\":\"https:\\\/\\\/swiftlifts.com\\\/mx\\\/proyectos\\\/proyectos-villa-golden-mile\\\/\",\"name\":\"Proyectos - Villa Golden Mile - SWIFT - 100% battery driven home lifts\",\"isPartOf\":{\"@id\":\"https:\\\/\\\/swiftlifts.com\\\/mx\\\/#website\"},\"datePublished\":\"2024-05-27T11:15:54+00:00\",\"breadcrumb\":{\"@id\":\"https:\\\/\\\/swiftlifts.com\\\/mx\\\/proyectos\\\/proyectos-villa-golden-mile\\\/#breadcrumb\"},\"inLanguage\":\"es\",\"potentialAction\":[{\"@type\":\"ReadAction\",\"target\":[\"https:\\\/\\\/swiftlifts.com\\\/mx\\\/proyectos\\\/proyectos-villa-golden-mile\\\/\"]}]},{\"@type\":\"BreadcrumbList\",\"@id\":\"https:\\\/\\\/swiftlifts.com\\\/mx\\\/proyectos\\\/proyectos-villa-golden-mile\\\/#breadcrumb\",\"itemListElement\":[{\"@type\":\"ListItem\",\"position\":1,\"name\":\"Home\",\"item\":\"https:\\\/\\\/swiftlifts.com\\\/mx\\\/\"},{\"@type\":\"ListItem\",\"position\":2,\"name\":\"Proyectos\",\"item\":\"https:\\\/\\\/swiftlifts.com\\\/mx\\\/proyectos\\\/\"},{\"@type\":\"ListItem\",\"position\":3,\"name\":\"Proyectos &#8211; Villa Golden Mile\"}]},{\"@type\":\"WebSite\",\"@id\":\"https:\\\/\\\/swiftlifts.com\\\/mx\\\/#website\",\"url\":\"https:\\\/\\\/swiftlifts.com\\\/mx\\\/\",\"name\":\"SWIFT - 100% battery driven home lifts\",\"description\":\"NEW WAYS TO MOVE\",\"publisher\":{\"@id\":\"https:\\\/\\\/swiftlifts.com\\\/mx\\\/#organization\"},\"potentialAction\":[{\"@type\":\"SearchAction\",\"target\":{\"@type\":\"EntryPoint\",\"urlTemplate\":\"https:\\\/\\\/swiftlifts.com\\\/mx\\\/?s={search_term_string}\"},\"query-input\":{\"@type\":\"PropertyValueSpecification\",\"valueRequired\":true,\"valueName\":\"search_term_string\"}}],\"inLanguage\":\"es\"},{\"@type\":\"Organization\",\"@id\":\"https:\\\/\\\/swiftlifts.com\\\/mx\\\/#organization\",\"name\":\"SWIFT Home Lifts\",\"url\":\"https:\\\/\\\/swiftlifts.com\\\/mx\\\/\",\"logo\":{\"@type\":\"ImageObject\",\"inLanguage\":\"es\",\"@id\":\"https:\\\/\\\/swiftlifts.com\\\/mx\\\/#\\\/schema\\\/logo\\\/image\\\/\",\"url\":\"https:\\\/\\\/swiftlifts.com\\\/wp-content\\\/uploads\\\/2025\\\/03\\\/cropped-SWIFT-Logo-Google.jpg\",\"contentUrl\":\"https:\\\/\\\/swiftlifts.com\\\/wp-content\\\/uploads\\\/2025\\\/03\\\/cropped-SWIFT-Logo-Google.jpg\",\"width\":512,\"height\":512,\"caption\":\"SWIFT Home Lifts\"},\"image\":{\"@id\":\"https:\\\/\\\/swiftlifts.com\\\/mx\\\/#\\\/schema\\\/logo\\\/image\\\/\"},\"sameAs\":[\"https:\\\/\\\/www.facebook.com\\\/swifthomelifts\",\"https:\\\/\\\/www.instagram.com\\\/swifthomelifts\\\/\",\"https:\\\/\\\/www.linkedin.com\\\/company\\\/swifthomelifts\\\/\",\"https:\\\/\\\/www.pinterest.se\\\/swifthomelifts\\\/\",\"https:\\\/\\\/www.youtube.com\\\/@swift5669\"]}]}<\/script>\n<!-- \/ Yoast SEO Premium plugin. -->","yoast_head_json":{"title":"Proyectos - Villa Golden Mile - SWIFT - 100% battery driven home lifts","robots":{"index":"index","follow":"follow","max-snippet":"max-snippet:-1","max-image-preview":"max-image-preview:large","max-video-preview":"max-video-preview:-1"},"canonical":"https:\/\/swiftlifts.com\/mx\/proyectos\/proyectos-villa-golden-mile\/","og_locale":"es_MX","og_type":"article","og_title":"Proyectos - Villa Golden Mile","og_url":"https:\/\/swiftlifts.com\/mx\/proyectos\/proyectos-villa-golden-mile\/","og_site_name":"SWIFT - 100% battery driven home lifts","article_publisher":"https:\/\/www.facebook.com\/swifthomelifts","twitter_card":"summary_large_image","twitter_misc":{"Tiempo de lectura":"3 minutos"},"schema":{"@context":"https:\/\/schema.org","@graph":[{"@type":"WebPage","@id":"https:\/\/swiftlifts.com\/mx\/proyectos\/proyectos-villa-golden-mile\/","url":"https:\/\/swiftlifts.com\/mx\/proyectos\/proyectos-villa-golden-mile\/","name":"Proyectos - Villa Golden Mile - SWIFT - 100% battery driven home lifts","isPartOf":{"@id":"https:\/\/swiftlifts.com\/mx\/#website"},"datePublished":"2024-05-27T11:15:54+00:00","breadcrumb":{"@id":"https:\/\/swiftlifts.com\/mx\/proyectos\/proyectos-villa-golden-mile\/#breadcrumb"},"inLanguage":"es","potentialAction":[{"@type":"ReadAction","target":["https:\/\/swiftlifts.com\/mx\/proyectos\/proyectos-villa-golden-mile\/"]}]},{"@type":"BreadcrumbList","@id":"https:\/\/swiftlifts.com\/mx\/proyectos\/proyectos-villa-golden-mile\/#breadcrumb","itemListElement":[{"@type":"ListItem","position":1,"name":"Home","item":"https:\/\/swiftlifts.com\/mx\/"},{"@type":"ListItem","position":2,"name":"Proyectos","item":"https:\/\/swiftlifts.com\/mx\/proyectos\/"},{"@type":"ListItem","position":3,"name":"Proyectos &#8211; Villa Golden Mile"}]},{"@type":"WebSite","@id":"https:\/\/swiftlifts.com\/mx\/#website","url":"https:\/\/swiftlifts.com\/mx\/","name":"SWIFT - 100% battery driven home lifts","description":"NEW WAYS TO MOVE","publisher":{"@id":"https:\/\/swiftlifts.com\/mx\/#organization"},"potentialAction":[{"@type":"SearchAction","target":{"@type":"EntryPoint","urlTemplate":"https:\/\/swiftlifts.com\/mx\/?s={search_term_string}"},"query-input":{"@type":"PropertyValueSpecification","valueRequired":true,"valueName":"search_term_string"}}],"inLanguage":"es"},{"@type":"Organization","@id":"https:\/\/swiftlifts.com\/mx\/#organization","name":"SWIFT Home Lifts","url":"https:\/\/swiftlifts.com\/mx\/","logo":{"@type":"ImageObject","inLanguage":"es","@id":"https:\/\/swiftlifts.com\/mx\/#\/schema\/logo\/image\/","url":"https:\/\/swiftlifts.com\/wp-content\/uploads\/2025\/03\/cropped-SWIFT-Logo-Google.jpg","contentUrl":"https:\/\/swiftlifts.com\/wp-content\/uploads\/2025\/03\/cropped-SWIFT-Logo-Google.jpg","width":512,"height":512,"caption":"SWIFT Home Lifts"},"image":{"@id":"https:\/\/swiftlifts.com\/mx\/#\/schema\/logo\/image\/"},"sameAs":["https:\/\/www.facebook.com\/swifthomelifts","https:\/\/www.instagram.com\/swifthomelifts\/","https:\/\/www.linkedin.com\/company\/swifthomelifts\/","https:\/\/www.pinterest.se\/swifthomelifts\/","https:\/\/www.youtube.com\/@swift5669"]}]}},"_links":{"self":[{"href":"https:\/\/swiftlifts.com\/mx\/wp-json\/wp\/v2\/pages\/45354","targetHints":{"allow":["GET"]}}],"collection":[{"href":"https:\/\/swiftlifts.com\/mx\/wp-json\/wp\/v2\/pages"}],"about":[{"href":"https:\/\/swiftlifts.com\/mx\/wp-json\/wp\/v2\/types\/page"}],"author":[{"embeddable":true,"href":"https:\/\/swiftlifts.com\/mx\/wp-json\/wp\/v2\/users\/9"}],"replies":[{"embeddable":true,"href":"https:\/\/swiftlifts.com\/mx\/wp-json\/wp\/v2\/comments?post=45354"}],"version-history":[{"count":0,"href":"https:\/\/swiftlifts.com\/mx\/wp-json\/wp\/v2\/pages\/45354\/revisions"}],"up":[{"embeddable":true,"href":"https:\/\/swiftlifts.com\/mx\/wp-json\/wp\/v2\/pages\/45349"}],"wp:attachment":[{"href":"https:\/\/swiftlifts.com\/mx\/wp-json\/wp\/v2\/media?parent=45354"}],"curies":[{"name":"wp","href":"https:\/\/api.w.org\/{rel}","templated":true}]}}