{"id":45344,"date":"2024-05-27T12:07:08","date_gmt":"2024-05-27T12:07:08","guid":{"rendered":"https:\/\/swiftlifts.com\/proyectos-residencia-bay-suites\/"},"modified":"2024-05-27T12:07:08","modified_gmt":"2024-05-27T12:07:08","slug":"proyectos-residencia-bay-suites","status":"publish","type":"page","link":"https:\/\/swiftlifts.com\/mx\/proyectos\/proyectos-residencia-bay-suites\/","title":{"rendered":"Proyectos &#8211; Residencia Bay Suites"},"content":{"rendered":"\n\t<section class=\"section why_a_home_lift\" id=\"section_1256649565\">\n\t\t<div class=\"section-bg fill\" >\n\t\t\t<img loading=\"lazy\" decoding=\"async\" width=\"2560\" height=\"633\" src=\"https:\/\/swiftlifts.com\/wp-content\/uploads\/2023\/11\/project_hero_bay-suites.jpg\" class=\"bg attachment- size-\" alt=\"project hero bay suites\" \/>\t\t\t\t\t\t\n\t\t\t\n\n\t\t<\/div>\n\n\t\t\n\n\t\t<div class=\"section-content relative\">\n\t\t\t\n<div class=\"row\" style=\"max-width:90%\" id=\"row-296014558\">\n\n\t<div id=\"col-1920262779\" class=\"col small-12 large-12\"  >\n\t\t\t\t<div class=\"col-inner text-center\"  >\n\t\t\t\n\t\t\t\n\t<div id=\"text-885992972\" class=\"text\">\n\t\t\n<h1>Residencia Bay Suites<\/h1>\n\t\t\n<style>\n#text-885992972 {\n  font-size: 2rem;\n  color: rgb(255, 255, 255);\n}\n#text-885992972 > * {\n  color: rgb(255, 255, 255);\n}\n<\/style>\n\t<\/div>\n\t\n\t\t<\/div>\n\t\t\t\t\n<style>\n#col-1920262779 > .col-inner {\n  margin: 200px 0px 0px 0px;\n}\n<\/style>\n\t<\/div>\n\n\t\n<\/div>\n\t\t<\/div>\n\n\t\t\n<style>\n#section_1256649565 {\n  padding-top: 30px;\n  padding-bottom: 30px;\n  background-color: #dbe0d1;\n}\n<\/style>\n\t<\/section>\n\t\n\n\t<section class=\"section\" id=\"section_1901318498\">\n\t\t<div class=\"section-bg fill\" >\n\t\t\t\t\t\t\t\t\t\n\t\t\t\n\n\t\t<\/div>\n\n\t\t\n\n\t\t<div class=\"section-content relative\">\n\t\t\t\n<div class=\"row row-full-width align-middle\"  id=\"row-490431578\">\n\n\t<div id=\"col-1017774863\" class=\"col medium-6 small-12 large-6\"  >\n\t\t\t\t<div class=\"col-inner\"  >\n\t\t\t\n\t\t\t\n\t<div class=\"img has-hover x md-x lg-x y md-y lg-y\" id=\"image_1114551439\">\n\t\t\t\t\t\t\t\t<div class=\"img-inner dark\" >\n\t\t\t<img loading=\"lazy\" decoding=\"async\" width=\"600\" height=\"800\" src=\"https:\/\/swiftlifts.com\/wp-content\/uploads\/2023\/11\/project_portrait_bay-suites-02-600x800.jpg\" class=\"attachment-large size-large\" alt=\"\" srcset=\"https:\/\/swiftlifts.com\/wp-content\/uploads\/2023\/11\/project_portrait_bay-suites-02-600x800.jpg 600w, https:\/\/swiftlifts.com\/wp-content\/uploads\/2023\/11\/project_portrait_bay-suites-02-300x400.jpg 300w, https:\/\/swiftlifts.com\/wp-content\/uploads\/2023\/11\/project_portrait_bay-suites-02-768x1024.jpg 768w, https:\/\/swiftlifts.com\/wp-content\/uploads\/2023\/11\/project_portrait_bay-suites-02-1152x1536.jpg 1152w, https:\/\/swiftlifts.com\/wp-content\/uploads\/2023\/11\/project_portrait_bay-suites-02.jpg 1200w\" sizes=\"auto, (max-width: 600px) 100vw, 600px\" \/>\t\t\t\t\t\t\n\t\t\t\t\t<\/div>\n\t\t\t\t\t\t\t\t\n<style>\n#image_1114551439 {\n  width: 100%;\n}\n<\/style>\n\t<\/div>\n\t\n\t\t<\/div>\n\t\t\t\t\n<style>\n#col-1017774863 > .col-inner {\n  padding: 0px 0px 0px 0px;\n}\n@media (min-width:550px) {\n  #col-1017774863 > .col-inner {\n    padding: 0px 0px 0px 30%;\n  }\n}\n<\/style>\n\t<\/div>\n\n\t\n\n\t<div id=\"col-1541281647\" class=\"col medium-6 small-12 large-6\"  >\n\t\t\t\t<div class=\"col-inner\"  >\n\t\t\t\n\t\t\t\n\t<div id=\"text-136551821\" class=\"text\">\n\t\t\n<h2>Residencia Bay Suites<\/h2>\n\t\t\n<style>\n#text-136551821 {\n  font-size: 1rem;\n  color: rgb(30, 98, 122);\n}\n#text-136551821 > * {\n  color: rgb(30, 98, 122);\n}\n<\/style>\n\t<\/div>\n\t\n\t<div id=\"text-2408420125\" class=\"text\">\n\t\t\n<p>&#8211; Un edificio mixto de alta gama de 35 plantas con un hotel boutique y 20 apartamentos d\u00faplex. 6 de los apartamentos d\u00faplex incluyen SWIFT Lite.<\/p>\n<p>Bay Suites se basa en sistemas ecol\u00f3gicos naturales, ecol\u00f3gicos y sostenibles mediante la aplicaci\u00f3n de ventilaci\u00f3n natural, c\u00e9lulas solares fotovoltaicas en las cubiertas de los edificios y c\u00e9lulas OV.<\/p>\n<p>Bay Suites tambi\u00e9n utiliza cerraduras inteligentes, y desde el momento en que se entra por la puerta de la residencia, es como subirse a un tren de tecnolog\u00eda avanzada.<\/p>\n<p><b>Modelo: SWIFT Lite<\/b><br \/><b>Plantas: 2<\/b><br \/><b>Tama\u00f1o del elevador<\/b>:<b>M<br \/>Color del elevador:<\/b> Blanco tr\u00e1fico<br \/><b>ArtWall: Tablero de resina<\/b><br \/><b>Alfombra de ascensor: Vinilo Negro<\/b><br \/><b>Ubicaci\u00f3n: Kota Kinabalu, Sabah, Borneo en Malasia<\/b><\/p>\n\t\t\n<style>\n#text-2408420125 {\n  font-size: 1rem;\n  color: rgb(131, 175, 175);\n}\n#text-2408420125 > * {\n  color: rgb(131, 175, 175);\n}\n<\/style>\n\t<\/div>\n\t\n<div class=\"text-right\"><div class=\"is-divider divider clearfix\" style=\"max-width:100%;background-color:rgb(131, 175, 175);\"><\/div><\/div>\n\t\t<\/div>\n\t\t\t\t\n<style>\n#col-1541281647 > .col-inner {\n  padding: 0px 0px 0px 0px;\n}\n@media (min-width:550px) {\n  #col-1541281647 > .col-inner {\n    padding: 0px 30% 0px 0px;\n  }\n}\n<\/style>\n\t<\/div>\n\n\t\n<\/div>\n\t\t<\/div>\n\n\t\t\n<style>\n#section_1901318498 {\n  padding-top: 30px;\n  padding-bottom: 30px;\n}\n<\/style>\n\t<\/section>\n\t\n\n\t<section class=\"section\" id=\"section_2021465394\">\n\t\t<div class=\"section-bg fill\" >\n\t\t\t\t\t\t\t\t\t\n\t\t\t\n\n\t\t<\/div>\n\n\t\t\n\n\t\t<div class=\"section-content relative\">\n\t\t\t\n<div class=\"row row-full-width\"  id=\"row-1793869377\">\n\n\t<div id=\"col-2130344252\" class=\"col small-12 large-12\"  >\n\t\t\t\t<div class=\"col-inner\"  >\n\t\t\t\n\t\t\t\n\t<div class=\"img has-hover x md-x lg-x y md-y lg-y\" id=\"image_2053499055\">\n\t\t\t\t\t\t\t\t<div class=\"img-inner dark\" >\n\t\t\t<img loading=\"lazy\" decoding=\"async\" width=\"1020\" height=\"538\" src=\"https:\/\/swiftlifts.com\/wp-content\/uploads\/2023\/11\/project_landscape_bay-suites-01-1400x738.jpg\" class=\"attachment-large size-large\" alt=\"\" srcset=\"https:\/\/swiftlifts.com\/wp-content\/uploads\/2023\/11\/project_landscape_bay-suites-01-1400x738.jpg 1400w, https:\/\/swiftlifts.com\/wp-content\/uploads\/2023\/11\/project_landscape_bay-suites-01-759x400.jpg 759w, https:\/\/swiftlifts.com\/wp-content\/uploads\/2023\/11\/project_landscape_bay-suites-01-768x405.jpg 768w, https:\/\/swiftlifts.com\/wp-content\/uploads\/2023\/11\/project_landscape_bay-suites-01-1536x809.jpg 1536w, https:\/\/swiftlifts.com\/wp-content\/uploads\/2023\/11\/project_landscape_bay-suites-01.jpg 2000w\" sizes=\"auto, (max-width: 1020px) 100vw, 1020px\" \/>\t\t\t\t\t\t\n\t\t\t\t\t<\/div>\n\t\t\t\t\t\t\t\t\n<style>\n#image_2053499055 {\n  width: 100%;\n}\n<\/style>\n\t<\/div>\n\t\n\t<div id=\"text-3263284232\" class=\"text\">\n\t\t\n<p>Bay Suites se ha decorado con tonos terrosos -en una paleta de blanco, beige, marr\u00f3n, gris y verde- que crean una tranquilidad relajante.<\/p>\n\t\t\n<style>\n#text-3263284232 {\n  font-size: 1rem;\n  color: rgb(131, 175, 175);\n}\n#text-3263284232 > * {\n  color: rgb(131, 175, 175);\n}\n<\/style>\n\t<\/div>\n\t\n\t\t<\/div>\n\t\t\t\t\n<style>\n#col-2130344252 > .col-inner {\n  padding: 0px 0px 0px 0px;\n}\n@media (min-width:550px) {\n  #col-2130344252 > .col-inner {\n    padding: 0px 15% 0px 15%;\n  }\n}\n<\/style>\n\t<\/div>\n\n\t\n<\/div>\n\t\t<\/div>\n\n\t\t\n<style>\n#section_2021465394 {\n  padding-top: 30px;\n  padding-bottom: 30px;\n}\n<\/style>\n\t<\/section>\n\t\n\n\t<section class=\"section\" id=\"section_1477991371\">\n\t\t<div class=\"section-bg fill\" >\n\t\t\t\t\t\t\t\t\t\n\t\t\t\n\n\t\t<\/div>\n\n\t\t\n\n\t\t<div class=\"section-content relative\">\n\t\t\t\n<div class=\"row row-full-width\"  id=\"row-1792457863\">\n\n\t<div id=\"col-2068383196\" class=\"col medium-6 small-12 large-6\"  >\n\t\t\t\t<div class=\"col-inner\"  >\n\t\t\t\n\t\t\t\n\t<div class=\"img has-hover x md-x lg-x y md-y lg-y\" id=\"image_671385375\">\n\t\t\t\t\t\t\t\t<div class=\"img-inner dark\" >\n\t\t\t<img loading=\"lazy\" decoding=\"async\" width=\"600\" height=\"800\" src=\"https:\/\/swiftlifts.com\/wp-content\/uploads\/2023\/11\/project_portrait_bay-suites-01-600x800.jpg\" class=\"attachment-large size-large\" alt=\"\" srcset=\"https:\/\/swiftlifts.com\/wp-content\/uploads\/2023\/11\/project_portrait_bay-suites-01-600x800.jpg 600w, https:\/\/swiftlifts.com\/wp-content\/uploads\/2023\/11\/project_portrait_bay-suites-01-300x400.jpg 300w, https:\/\/swiftlifts.com\/wp-content\/uploads\/2023\/11\/project_portrait_bay-suites-01-768x1024.jpg 768w, https:\/\/swiftlifts.com\/wp-content\/uploads\/2023\/11\/project_portrait_bay-suites-01-1152x1536.jpg 1152w, https:\/\/swiftlifts.com\/wp-content\/uploads\/2023\/11\/project_portrait_bay-suites-01.jpg 1200w\" sizes=\"auto, (max-width: 600px) 100vw, 600px\" \/>\t\t\t\t\t\t\n\t\t\t\t\t<\/div>\n\t\t\t\t\t\t\t\t\n<style>\n#image_671385375 {\n  width: 100%;\n}\n<\/style>\n\t<\/div>\n\t\n\t<div id=\"text-1302857510\" class=\"text\">\n\t\t\n<p>SWIFT con vistas a la bah\u00eda de Likas y sus alrededores. <\/p>\n\t\t\n<style>\n#text-1302857510 {\n  font-size: 1rem;\n  color: rgb(131, 175, 175);\n}\n#text-1302857510 > * {\n  color: rgb(131, 175, 175);\n}\n<\/style>\n\t<\/div>\n\t\n\t\t<\/div>\n\t\t\t\t\n<style>\n#col-2068383196 > .col-inner {\n  padding: 0px 0px 0px 0px;\n}\n@media (min-width:550px) {\n  #col-2068383196 > .col-inner {\n    padding: 0px 0px 0px 30%;\n  }\n}\n<\/style>\n\t<\/div>\n\n\t\n\n\t<div id=\"col-1051773074\" class=\"col medium-6 small-12 large-6\"  >\n\t\t\t\t<div class=\"col-inner\"  >\n\t\t\t\n\t\t\t\n\t<div class=\"img has-hover x md-x lg-x y md-y lg-y\" id=\"image_898638476\">\n\t\t\t\t\t\t\t\t<div class=\"img-inner dark\" >\n\t\t\t<img loading=\"lazy\" decoding=\"async\" width=\"600\" height=\"800\" src=\"https:\/\/swiftlifts.com\/wp-content\/uploads\/2023\/11\/project_portrait_bay-suites-03-600x800.jpg\" class=\"attachment-large size-large\" alt=\"\" srcset=\"https:\/\/swiftlifts.com\/wp-content\/uploads\/2023\/11\/project_portrait_bay-suites-03-600x800.jpg 600w, https:\/\/swiftlifts.com\/wp-content\/uploads\/2023\/11\/project_portrait_bay-suites-03-300x400.jpg 300w, https:\/\/swiftlifts.com\/wp-content\/uploads\/2023\/11\/project_portrait_bay-suites-03-768x1024.jpg 768w, https:\/\/swiftlifts.com\/wp-content\/uploads\/2023\/11\/project_portrait_bay-suites-03-1152x1536.jpg 1152w, https:\/\/swiftlifts.com\/wp-content\/uploads\/2023\/11\/project_portrait_bay-suites-03.jpg 1200w\" sizes=\"auto, (max-width: 600px) 100vw, 600px\" \/>\t\t\t\t\t\t\n\t\t\t\t\t<\/div>\n\t\t\t\t\t\t\t\t\n<style>\n#image_898638476 {\n  width: 100%;\n}\n<\/style>\n\t<\/div>\n\t\n\t<div id=\"text-2999470914\" class=\"text\">\n\t\t\n<p>Mesa para m\u00e1s de dos y para pasar horas cenando, bebiendo y socializando. <\/p>\n\t\t\n<style>\n#text-2999470914 {\n  font-size: 1rem;\n  color: rgb(131, 175, 175);\n}\n#text-2999470914 > * {\n  color: rgb(131, 175, 175);\n}\n<\/style>\n\t<\/div>\n\t\n\t\t<\/div>\n\t\t\t\t\n<style>\n#col-1051773074 > .col-inner {\n  padding: 0px 0px 0px 0px;\n}\n@media (min-width:550px) {\n  #col-1051773074 > .col-inner {\n    padding: 0px 30% 0px 0px;\n  }\n}\n<\/style>\n\t<\/div>\n\n\t\n<\/div>\n\t\t<\/div>\n\n\t\t\n<style>\n#section_1477991371 {\n  padding-top: 30px;\n  padding-bottom: 30px;\n}\n<\/style>\n\t<\/section>\n\t\n\n\t<section class=\"section\" id=\"section_552969768\">\n\t\t<div class=\"section-bg fill\" >\n\t\t\t\t\t\t\t\t\t\n\t\t\t\n\n\t\t<\/div>\n\n\t\t\n\n\t\t<div class=\"section-content relative\">\n\t\t\t\n<div class=\"row row-full-width\"  id=\"row-235698988\">\n\n\t<div id=\"col-1679280784\" class=\"col small-12 large-12\"  >\n\t\t\t\t<div class=\"col-inner\"  >\n\t\t\t\n\t\t\t\n\t<div class=\"img has-hover x md-x lg-x y md-y lg-y\" id=\"image_137125060\">\n\t\t\t\t\t\t\t\t<div class=\"img-inner dark\" >\n\t\t\t<img loading=\"lazy\" decoding=\"async\" width=\"1020\" height=\"538\" src=\"https:\/\/swiftlifts.com\/wp-content\/uploads\/2023\/11\/project_landscape_bay-suites-02-1400x738.jpg\" class=\"attachment-large size-large\" alt=\"\" srcset=\"https:\/\/swiftlifts.com\/wp-content\/uploads\/2023\/11\/project_landscape_bay-suites-02-1400x738.jpg 1400w, https:\/\/swiftlifts.com\/wp-content\/uploads\/2023\/11\/project_landscape_bay-suites-02-759x400.jpg 759w, https:\/\/swiftlifts.com\/wp-content\/uploads\/2023\/11\/project_landscape_bay-suites-02-768x405.jpg 768w, https:\/\/swiftlifts.com\/wp-content\/uploads\/2023\/11\/project_landscape_bay-suites-02-1536x809.jpg 1536w, https:\/\/swiftlifts.com\/wp-content\/uploads\/2023\/11\/project_landscape_bay-suites-02.jpg 2000w\" sizes=\"auto, (max-width: 1020px) 100vw, 1020px\" \/>\t\t\t\t\t\t\n\t\t\t\t\t<\/div>\n\t\t\t\t\t\t\t\t\n<style>\n#image_137125060 {\n  width: 100%;\n}\n<\/style>\n\t<\/div>\n\t\n\t<div id=\"text-1517800307\" class=\"text\">\n\t\t\n<p>\u00a1Tome las escaleras o (el ascensor) SWIFT!<\/p>\n\t\t\n<style>\n#text-1517800307 {\n  font-size: 1rem;\n  color: rgb(131, 175, 175);\n}\n#text-1517800307 > * {\n  color: rgb(131, 175, 175);\n}\n<\/style>\n\t<\/div>\n\t\n\t\t<\/div>\n\t\t\t\t\n<style>\n#col-1679280784 > .col-inner {\n  padding: 0px 0px 0px 0px;\n}\n@media (min-width:550px) {\n  #col-1679280784 > .col-inner {\n    padding: 0px 15% 0px 15%;\n  }\n}\n<\/style>\n\t<\/div>\n\n\t\n<\/div>\n\t\t<\/div>\n\n\t\t\n<style>\n#section_552969768 {\n  padding-top: 30px;\n  padding-bottom: 30px;\n}\n<\/style>\n\t<\/section>\n\t\n\n\t<section class=\"section\" id=\"section_703796520\">\n\t\t<div class=\"section-bg fill\" >\n\t\t\t\t\t\t\t\t\t\n\t\t\t\n\n\t\t<\/div>\n\n\t\t\n\n\t\t<div class=\"section-content relative\">\n\t\t\t\n<div class=\"row row-full-width\"  id=\"row-1519129902\">\n\n\t<div id=\"col-869042314\" class=\"col small-12 large-12\"  >\n\t\t\t\t<div class=\"col-inner\"  >\n\t\t\t\n\t\t\t\n\t<div class=\"img has-hover x md-x lg-x y md-y lg-y\" id=\"image_1640079629\">\n\t\t\t\t\t\t\t\t<div class=\"img-inner dark\" >\n\t\t\t<img loading=\"lazy\" decoding=\"async\" width=\"1020\" height=\"538\" src=\"https:\/\/swiftlifts.com\/wp-content\/uploads\/2023\/11\/project_landscape_bay-suites-03-1400x738.jpg\" class=\"attachment-large size-large\" alt=\"\" srcset=\"https:\/\/swiftlifts.com\/wp-content\/uploads\/2023\/11\/project_landscape_bay-suites-03-1400x738.jpg 1400w, https:\/\/swiftlifts.com\/wp-content\/uploads\/2023\/11\/project_landscape_bay-suites-03-759x400.jpg 759w, https:\/\/swiftlifts.com\/wp-content\/uploads\/2023\/11\/project_landscape_bay-suites-03-768x405.jpg 768w, https:\/\/swiftlifts.com\/wp-content\/uploads\/2023\/11\/project_landscape_bay-suites-03-1536x809.jpg 1536w, https:\/\/swiftlifts.com\/wp-content\/uploads\/2023\/11\/project_landscape_bay-suites-03.jpg 2000w\" sizes=\"auto, (max-width: 1020px) 100vw, 1020px\" \/>\t\t\t\t\t\t\n\t\t\t\t\t<\/div>\n\t\t\t\t\t\t\t\t\n<style>\n#image_1640079629 {\n  width: 100%;\n}\n<\/style>\n\t<\/div>\n\t\n\t<div id=\"text-471518346\" class=\"text\">\n\t\t\n<p>Salga de la cama y p\u00f3ngase SWIFT, y estar\u00e1 en la mesa del desayuno en cuesti\u00f3n de segundos. <\/p>\n\t\t\n<style>\n#text-471518346 {\n  font-size: 1rem;\n  color: rgb(131, 175, 175);\n}\n#text-471518346 > * {\n  color: rgb(131, 175, 175);\n}\n<\/style>\n\t<\/div>\n\t\n\t\t<\/div>\n\t\t\t\t\n<style>\n#col-869042314 > .col-inner {\n  padding: 0px 0px 0px 0px;\n}\n@media (min-width:550px) {\n  #col-869042314 > .col-inner {\n    padding: 0px 15% 0px 15%;\n  }\n}\n<\/style>\n\t<\/div>\n\n\t\n\n\t<div id=\"col-212462478\" class=\"col medium-6 small-12 large-6\"  >\n\t\t\t\t<div class=\"col-inner text-center\"  >\n\t\t\t\n\t\t\t\n<a href=\"https:\/\/swiftlifts.com\/en\/projects\/\" class=\"button alert lowercase\" >\n\t\t<span>Haga clic aqu\u00ed para ver m\u00e1s proyectos<\/span>\n\t<\/a>\n\n\t\t<\/div>\n\t\t\t\t\n<style>\n#col-212462478 > .col-inner {\n  padding: 0px 0px 0px 0px;\n}\n@media (min-width:550px) {\n  #col-212462478 > .col-inner {\n    padding: 0px 0px 0px 30%;\n  }\n}\n<\/style>\n\t<\/div>\n\n\t\n\n\t<div id=\"col-1769274394\" class=\"col medium-6 small-12 large-6\"  >\n\t\t\t\t<div class=\"col-inner text-center\"  >\n\t\t\t\n\t\t\t\n<a href=\"https:\/\/swiftlifts.com\/en\/products\/swift-lite-a-small-house-lift\/\" class=\"button success lowercase\" >\n\t\t<span>P\u00e1gina del producto SWIFT Lite<\/span>\n\t<\/a>\n\n\t\t<\/div>\n\t\t\t\t\n<style>\n#col-1769274394 > .col-inner {\n  padding: 0px 0px 0px 0px;\n}\n@media (min-width:550px) {\n  #col-1769274394 > .col-inner {\n    padding: 0px 30% 0px 0%;\n  }\n}\n<\/style>\n\t<\/div>\n\n\t\n<\/div>\n\t\t<\/div>\n\n\t\t\n<style>\n#section_703796520 {\n  padding-top: 30px;\n  padding-bottom: 30px;\n}\n<\/style>\n\t<\/section>\n\t\n","protected":false},"excerpt":{"rendered":"","protected":false},"author":1,"featured_media":0,"parent":45349,"menu_order":0,"comment_status":"closed","ping_status":"closed","template":"page-transparent-header.php","meta":{"_acf_changed":false,"content-type":"","footnotes":""},"class_list":["post-45344","page","type-page","status-publish","hentry"],"acf":[],"yoast_head":"<!-- This site is optimized with the Yoast SEO Premium plugin v27.3 (Yoast SEO v27.4) - https:\/\/yoast.com\/product\/yoast-seo-premium-wordpress\/ -->\n<title>Proyectos - Residencia Bay Suites - SWIFT - 100% battery driven home lifts<\/title>\n<meta name=\"robots\" content=\"index, follow, max-snippet:-1, max-image-preview:large, max-video-preview:-1\" \/>\n<link rel=\"canonical\" href=\"https:\/\/swiftlifts.com\/mx\/proyectos\/proyectos-residencia-bay-suites\/\" \/>\n<meta property=\"og:locale\" content=\"es_MX\" \/>\n<meta property=\"og:type\" content=\"article\" \/>\n<meta property=\"og:title\" content=\"Proyectos - Residencia Bay Suites\" \/>\n<meta property=\"og:url\" content=\"https:\/\/swiftlifts.com\/mx\/proyectos\/proyectos-residencia-bay-suites\/\" \/>\n<meta property=\"og:site_name\" content=\"SWIFT - 100% battery driven home lifts\" \/>\n<meta property=\"article:publisher\" content=\"https:\/\/www.facebook.com\/swifthomelifts\" \/>\n<meta name=\"twitter:card\" content=\"summary_large_image\" \/>\n<meta name=\"twitter:label1\" content=\"Tiempo de lectura\" \/>\n\t<meta name=\"twitter:data1\" content=\"3 minutos\" \/>\n<script type=\"application\/ld+json\" class=\"yoast-schema-graph\">{\"@context\":\"https:\\\/\\\/schema.org\",\"@graph\":[{\"@type\":\"WebPage\",\"@id\":\"https:\\\/\\\/swiftlifts.com\\\/mx\\\/proyectos\\\/proyectos-residencia-bay-suites\\\/\",\"url\":\"https:\\\/\\\/swiftlifts.com\\\/mx\\\/proyectos\\\/proyectos-residencia-bay-suites\\\/\",\"name\":\"Proyectos - Residencia Bay Suites - SWIFT - 100% battery driven home lifts\",\"isPartOf\":{\"@id\":\"https:\\\/\\\/swiftlifts.com\\\/mx\\\/#website\"},\"datePublished\":\"2024-05-27T12:07:08+00:00\",\"breadcrumb\":{\"@id\":\"https:\\\/\\\/swiftlifts.com\\\/mx\\\/proyectos\\\/proyectos-residencia-bay-suites\\\/#breadcrumb\"},\"inLanguage\":\"es\",\"potentialAction\":[{\"@type\":\"ReadAction\",\"target\":[\"https:\\\/\\\/swiftlifts.com\\\/mx\\\/proyectos\\\/proyectos-residencia-bay-suites\\\/\"]}]},{\"@type\":\"BreadcrumbList\",\"@id\":\"https:\\\/\\\/swiftlifts.com\\\/mx\\\/proyectos\\\/proyectos-residencia-bay-suites\\\/#breadcrumb\",\"itemListElement\":[{\"@type\":\"ListItem\",\"position\":1,\"name\":\"Home\",\"item\":\"https:\\\/\\\/swiftlifts.com\\\/mx\\\/\"},{\"@type\":\"ListItem\",\"position\":2,\"name\":\"Proyectos\",\"item\":\"https:\\\/\\\/swiftlifts.com\\\/mx\\\/proyectos\\\/\"},{\"@type\":\"ListItem\",\"position\":3,\"name\":\"Proyectos &#8211; Residencia Bay Suites\"}]},{\"@type\":\"WebSite\",\"@id\":\"https:\\\/\\\/swiftlifts.com\\\/mx\\\/#website\",\"url\":\"https:\\\/\\\/swiftlifts.com\\\/mx\\\/\",\"name\":\"SWIFT - 100% battery driven home lifts\",\"description\":\"NEW WAYS TO MOVE\",\"publisher\":{\"@id\":\"https:\\\/\\\/swiftlifts.com\\\/mx\\\/#organization\"},\"potentialAction\":[{\"@type\":\"SearchAction\",\"target\":{\"@type\":\"EntryPoint\",\"urlTemplate\":\"https:\\\/\\\/swiftlifts.com\\\/mx\\\/?s={search_term_string}\"},\"query-input\":{\"@type\":\"PropertyValueSpecification\",\"valueRequired\":true,\"valueName\":\"search_term_string\"}}],\"inLanguage\":\"es\"},{\"@type\":\"Organization\",\"@id\":\"https:\\\/\\\/swiftlifts.com\\\/mx\\\/#organization\",\"name\":\"SWIFT Home Lifts\",\"url\":\"https:\\\/\\\/swiftlifts.com\\\/mx\\\/\",\"logo\":{\"@type\":\"ImageObject\",\"inLanguage\":\"es\",\"@id\":\"https:\\\/\\\/swiftlifts.com\\\/mx\\\/#\\\/schema\\\/logo\\\/image\\\/\",\"url\":\"https:\\\/\\\/swiftlifts.com\\\/wp-content\\\/uploads\\\/2025\\\/03\\\/cropped-SWIFT-Logo-Google.jpg\",\"contentUrl\":\"https:\\\/\\\/swiftlifts.com\\\/wp-content\\\/uploads\\\/2025\\\/03\\\/cropped-SWIFT-Logo-Google.jpg\",\"width\":512,\"height\":512,\"caption\":\"SWIFT Home Lifts\"},\"image\":{\"@id\":\"https:\\\/\\\/swiftlifts.com\\\/mx\\\/#\\\/schema\\\/logo\\\/image\\\/\"},\"sameAs\":[\"https:\\\/\\\/www.facebook.com\\\/swifthomelifts\",\"https:\\\/\\\/www.instagram.com\\\/swifthomelifts\\\/\",\"https:\\\/\\\/www.linkedin.com\\\/company\\\/swifthomelifts\\\/\",\"https:\\\/\\\/www.pinterest.se\\\/swifthomelifts\\\/\",\"https:\\\/\\\/www.youtube.com\\\/@swift5669\"]}]}<\/script>\n<!-- \/ Yoast SEO Premium plugin. -->","yoast_head_json":{"title":"Proyectos - Residencia Bay Suites - SWIFT - 100% battery driven home lifts","robots":{"index":"index","follow":"follow","max-snippet":"max-snippet:-1","max-image-preview":"max-image-preview:large","max-video-preview":"max-video-preview:-1"},"canonical":"https:\/\/swiftlifts.com\/mx\/proyectos\/proyectos-residencia-bay-suites\/","og_locale":"es_MX","og_type":"article","og_title":"Proyectos - Residencia Bay Suites","og_url":"https:\/\/swiftlifts.com\/mx\/proyectos\/proyectos-residencia-bay-suites\/","og_site_name":"SWIFT - 100% battery driven home lifts","article_publisher":"https:\/\/www.facebook.com\/swifthomelifts","twitter_card":"summary_large_image","twitter_misc":{"Tiempo de lectura":"3 minutos"},"schema":{"@context":"https:\/\/schema.org","@graph":[{"@type":"WebPage","@id":"https:\/\/swiftlifts.com\/mx\/proyectos\/proyectos-residencia-bay-suites\/","url":"https:\/\/swiftlifts.com\/mx\/proyectos\/proyectos-residencia-bay-suites\/","name":"Proyectos - Residencia Bay Suites - SWIFT - 100% battery driven home lifts","isPartOf":{"@id":"https:\/\/swiftlifts.com\/mx\/#website"},"datePublished":"2024-05-27T12:07:08+00:00","breadcrumb":{"@id":"https:\/\/swiftlifts.com\/mx\/proyectos\/proyectos-residencia-bay-suites\/#breadcrumb"},"inLanguage":"es","potentialAction":[{"@type":"ReadAction","target":["https:\/\/swiftlifts.com\/mx\/proyectos\/proyectos-residencia-bay-suites\/"]}]},{"@type":"BreadcrumbList","@id":"https:\/\/swiftlifts.com\/mx\/proyectos\/proyectos-residencia-bay-suites\/#breadcrumb","itemListElement":[{"@type":"ListItem","position":1,"name":"Home","item":"https:\/\/swiftlifts.com\/mx\/"},{"@type":"ListItem","position":2,"name":"Proyectos","item":"https:\/\/swiftlifts.com\/mx\/proyectos\/"},{"@type":"ListItem","position":3,"name":"Proyectos &#8211; Residencia Bay Suites"}]},{"@type":"WebSite","@id":"https:\/\/swiftlifts.com\/mx\/#website","url":"https:\/\/swiftlifts.com\/mx\/","name":"SWIFT - 100% battery driven home lifts","description":"NEW WAYS TO MOVE","publisher":{"@id":"https:\/\/swiftlifts.com\/mx\/#organization"},"potentialAction":[{"@type":"SearchAction","target":{"@type":"EntryPoint","urlTemplate":"https:\/\/swiftlifts.com\/mx\/?s={search_term_string}"},"query-input":{"@type":"PropertyValueSpecification","valueRequired":true,"valueName":"search_term_string"}}],"inLanguage":"es"},{"@type":"Organization","@id":"https:\/\/swiftlifts.com\/mx\/#organization","name":"SWIFT Home Lifts","url":"https:\/\/swiftlifts.com\/mx\/","logo":{"@type":"ImageObject","inLanguage":"es","@id":"https:\/\/swiftlifts.com\/mx\/#\/schema\/logo\/image\/","url":"https:\/\/swiftlifts.com\/wp-content\/uploads\/2025\/03\/cropped-SWIFT-Logo-Google.jpg","contentUrl":"https:\/\/swiftlifts.com\/wp-content\/uploads\/2025\/03\/cropped-SWIFT-Logo-Google.jpg","width":512,"height":512,"caption":"SWIFT Home Lifts"},"image":{"@id":"https:\/\/swiftlifts.com\/mx\/#\/schema\/logo\/image\/"},"sameAs":["https:\/\/www.facebook.com\/swifthomelifts","https:\/\/www.instagram.com\/swifthomelifts\/","https:\/\/www.linkedin.com\/company\/swifthomelifts\/","https:\/\/www.pinterest.se\/swifthomelifts\/","https:\/\/www.youtube.com\/@swift5669"]}]}},"_links":{"self":[{"href":"https:\/\/swiftlifts.com\/mx\/wp-json\/wp\/v2\/pages\/45344","targetHints":{"allow":["GET"]}}],"collection":[{"href":"https:\/\/swiftlifts.com\/mx\/wp-json\/wp\/v2\/pages"}],"about":[{"href":"https:\/\/swiftlifts.com\/mx\/wp-json\/wp\/v2\/types\/page"}],"author":[{"embeddable":true,"href":"https:\/\/swiftlifts.com\/mx\/wp-json\/wp\/v2\/users\/1"}],"replies":[{"embeddable":true,"href":"https:\/\/swiftlifts.com\/mx\/wp-json\/wp\/v2\/comments?post=45344"}],"version-history":[{"count":0,"href":"https:\/\/swiftlifts.com\/mx\/wp-json\/wp\/v2\/pages\/45344\/revisions"}],"up":[{"embeddable":true,"href":"https:\/\/swiftlifts.com\/mx\/wp-json\/wp\/v2\/pages\/45349"}],"wp:attachment":[{"href":"https:\/\/swiftlifts.com\/mx\/wp-json\/wp\/v2\/media?parent=45344"}],"curies":[{"name":"wp","href":"https:\/\/api.w.org\/{rel}","templated":true}]}}