{"id":45338,"date":"2024-05-28T08:28:24","date_gmt":"2024-05-28T08:28:24","guid":{"rendered":"https:\/\/swiftlifts.com\/productos\/"},"modified":"2024-05-28T08:28:24","modified_gmt":"2024-05-28T08:28:24","slug":"productos","status":"publish","type":"page","link":"https:\/\/swiftlifts.com\/mx\/productos\/","title":{"rendered":"Productos"},"content":{"rendered":"\n\t<section class=\"section show-for-medium\" id=\"section_414288065\">\n\t\t<div class=\"section-bg fill\" >\n\t\t\t\t\t\t\t\t\t\n\t\t\t\n\n\t\t<\/div>\n\n\t\t\n\n\t\t<div class=\"section-content relative\">\n\t\t\t\n<div class=\"row\"  id=\"row-1054296443\">\n\n\t<div id=\"col-1623874134\" class=\"col medium-4 small-12 large-4\"  >\n\t\t\t\t<div class=\"col-inner\"  >\n\t\t\t\n\t\t\t\n\t\t<\/div>\n\t\t\t\t\n<style>\n#col-1623874134 > .col-inner {\n  margin: 0px 0px 0px 0px;\n}\n<\/style>\n\t<\/div>\n\n\t\n<\/div>\n\t\t<\/div>\n\n\t\t\n<style>\n#section_414288065 {\n  padding-top: 30px;\n  padding-bottom: 30px;\n  background-color: rgb(250, 245, 242);\n}\n<\/style>\n\t<\/section>\n\t\n\n\t<section class=\"section products-page dark hide-for-medium is-full-height\" id=\"section_1692427610\">\n\t\t<div class=\"section-bg fill\" >\n\t\t\t<img loading=\"lazy\" decoding=\"async\" width=\"1920\" height=\"1080\" src=\"https:\/\/swiftlifts.com\/wp-content\/uploads\/2022\/09\/Lotti_Cartoon_Seq_000001.jpeg\" class=\"bg attachment- size-\" alt=\"Lotti Cartoon Seq\" \/>\t\t\t\t\t\t\n\t\t\t\n\n\t\t<\/div>\n\n\t\t\n\n\t\t<div class=\"section-content relative\">\n\t\t\t\n<div class=\"row align-middle\" style=\"max-width:90%\" id=\"row-284703411\">\n\n\t<div id=\"col-1199274742\" class=\"col medium-3 small-12 large-3\"  >\n\t\t\t\t<div class=\"col-inner text-left\"  >\n\t\t\t\n\t\t\t\n\t<div id=\"text-3034810495\" class=\"text\">\n\t\t\n<h1>SWIFT Pro<\/h1>\n\t\t\n<style>\n#text-3034810495 {\n  font-size: 1.9rem;\n  color: #ff9196;\n}\n#text-3034810495 > * {\n  color: #ff9196;\n}\n<\/style>\n\t<\/div>\n\t\n\t<div id=\"text-3008639607\" class=\"text\">\n\t\t\n\t\t\n<style>\n#text-3008639607 {\n  font-size: 2.25rem;\n  color: rgb(255, 201, 189);\n}\n#text-3008639607 > * {\n  color: rgb(255, 201, 189);\n}\n<\/style>\n\t<\/div>\n\t\n\t\t<\/div>\n\t\t\t\t\t<\/div>\n\n\t\n\n\t<div id=\"col-308009065\" class=\"col medium-6 small-12 large-6\"  >\n\t\t\t\t<div class=\"col-inner text-left\"  >\n\t\t\t\n\t\t\t\n\t\t<\/div>\n\t\t\t\t\t<\/div>\n\n\t\n\n\t<div id=\"col-120634650\" class=\"col medium-3 small-12 large-3\"  >\n\t\t\t\t<div class=\"col-inner text-left\"  >\n\t\t\t\n\t\t\t\n\t<div id=\"text-280842014\" class=\"text\">\n\t\t\n<h2>SWIFT Lite<\/h2>\n\t\t\n<style>\n#text-280842014 {\n  font-size: 1.9rem;\n  color: #ff9196;\n}\n#text-280842014 > * {\n  color: #ff9196;\n}\n<\/style>\n\t<\/div>\n\t\n\t<div id=\"text-3018888876\" class=\"text\">\n\t\t\n\t\t\n<style>\n#text-3018888876 {\n  font-size: 2.25rem;\n  color: rgb(255,255,255);\n}\n#text-3018888876 > * {\n  color: rgb(255,255,255);\n}\n<\/style>\n\t<\/div>\n\t\n\t\t<\/div>\n\t\t\t\t\n<style>\n#col-120634650 > .col-inner {\n  padding: 0px 0px 0px 30px;\n  margin: 0px 0px 0px 0;\n}\n<\/style>\n\t<\/div>\n\n\t\n<\/div>\n<div class=\"row align-middle\" style=\"max-width:90%\" id=\"row-1529436908\">\n\n\t<div id=\"col-71363303\" class=\"col medium-3 small-12 large-3\"  >\n\t\t\t\t<div class=\"col-inner text-left\"  >\n\t\t\t\n\t\t\t\n\t<div id=\"text-1631269173\" class=\"text\">\n\t\t\n<h4>El ascensor residencial m\u00e1s moderno y avanzado del mercado.<\/h4>\n\t\t\n<style>\n#text-1631269173 {\n  font-size: 1.5rem;\n  color: rgb(255, 201, 189);\n}\n#text-1631269173 > * {\n  color: rgb(255, 201, 189);\n}\n<\/style>\n\t<\/div>\n\t\n\t\t<\/div>\n\t\t\t\t\t<\/div>\n\n\t\n\n\t<div id=\"col-1422959170\" class=\"col medium-6 small-12 large-6\"  >\n\t\t\t\t<div class=\"col-inner text-left\"  >\n\t\t\t\n\t\t\t\n\t\t<\/div>\n\t\t\t\t\t<\/div>\n\n\t\n\n\t<div id=\"col-2062315520\" class=\"col medium-3 small-12 large-3\"  >\n\t\t\t\t<div class=\"col-inner text-left\"  >\n\t\t\t\n\t\t\t\n\t<div id=\"text-3135154074\" class=\"text\">\n\t\t\n<h4>Un peque\u00f1o ascensor<br \/>\npara un presupuesto menor.<\/h4>\n\t\t\n<style>\n#text-3135154074 {\n  font-size: 1.5rem;\n}\n<\/style>\n\t<\/div>\n\t\n\t\t<\/div>\n\t\t\t\t\n<style>\n#col-2062315520 > .col-inner {\n  padding: 0px 0px 0px 30px;\n  margin: 0px 0px 0px 0;\n}\n<\/style>\n\t<\/div>\n\n\t\n<\/div>\n<div class=\"row align-middle\" style=\"max-width:90%\" id=\"row-161370239\">\n\n\t<div id=\"col-461226037\" class=\"col medium-3 small-12 large-3\"  >\n\t\t\t\t<div class=\"col-inner text-left\"  >\n\t\t\t\n\t\t\t\n<a href=\"https:\/\/swiftlifts.com\/swift-pro\/\" class=\"button primary is-outline lowercase\" >\n\t\t<span>SWIFT Pro<\/span>\n\t<i class=\"icon-angle-right\" aria-hidden=\"true\"><\/i><\/a>\n\n\t\t<\/div>\n\t\t\t\t\t<\/div>\n\n\t\n\n\t<div id=\"col-1992549283\" class=\"col medium-6 small-12 large-6\"  >\n\t\t\t\t<div class=\"col-inner text-left\"  >\n\t\t\t\n\t\t\t\n\t\t<\/div>\n\t\t\t\t\t<\/div>\n\n\t\n\n\t<div id=\"col-204762026\" class=\"col medium-3 small-12 large-3\"  >\n\t\t\t\t<div class=\"col-inner text-left\"  >\n\t\t\t\n\t\t\t\n<a href=\"https:\/\/swiftlifts.com\/swift-lite\/\" class=\"button primary is-outline lowercase\" >\n\t\t<span>SWIFT Lite<\/span>\n\t<i class=\"icon-angle-right\" aria-hidden=\"true\"><\/i><\/a>\n\n\t\t<\/div>\n\t\t\t\t\n<style>\n#col-204762026 > .col-inner {\n  padding: 0px 0px 0px 30px;\n  margin: 0px 0px 0px 0px;\n}\n<\/style>\n\t<\/div>\n\n\t\n<\/div>\n\t\t<\/div>\n\n\t\t\n<style>\n#section_1692427610 {\n  padding-top: 0px;\n  padding-bottom: 0px;\n  min-height: 100vh;\n  background-color: rgb(0, 0, 0);\n}\n<\/style>\n\t<\/section>\n\t\n\n\t<section class=\"section show-for-medium\" id=\"section_724061585\">\n\t\t<div class=\"section-bg fill\" >\n\t\t\t\t\t\t\t\t\t\n\t\t\t\n\n\t\t<\/div>\n\n\t\t\n\n\t\t<div class=\"section-content relative\">\n\t\t\t\n<div class=\"row\"  id=\"row-71363680\">\n\n\t<div id=\"col-213198238\" class=\"col medium-5 small-12 large-5\"  >\n\t\t\t\t<div class=\"col-inner text-left\"  >\n\t\t\t\n\t\t\t\n\t<div id=\"text-988680595\" class=\"text\">\n\t\t\n<h2>SWIFT Pro<\/h2>\n\t\t\n<style>\n#text-988680595 {\n  font-size: 3rem;\n  color: rgb(255, 145, 150);\n}\n#text-988680595 > * {\n  color: rgb(255, 145, 150);\n}\n<\/style>\n\t<\/div>\n\t\n\t<div id=\"text-1309526448\" class=\"text\">\n\t\t\n<h4>El ascensor residencial m\u00e1s moderno y avanzado del mercado.<\/h4>\n\t\t\n<style>\n#text-1309526448 {\n  font-size: 2rem;\n  color: #ff9196;\n}\n#text-1309526448 > * {\n  color: #ff9196;\n}\n<\/style>\n\t<\/div>\n\t\n\t\t<\/div>\n\t\t\t\t\t<\/div>\n\n\t\n\n\t<div id=\"col-740113641\" class=\"col medium-2 small-12 large-2\"  >\n\t\t\t\t<div class=\"col-inner text-left\"  >\n\t\t\t\n\t\t\t\n<a href=\"https:\/\/swiftlifts.com\/swift-pro\/\" class=\"button primary is-outline lowercase\" >\n\t\t<span>SWIFT Pro<\/span>\n\t<i class=\"icon-angle-right\" aria-hidden=\"true\"><\/i><\/a>\n\n\t\t<\/div>\n\t\t\t\t\t<\/div>\n\n\t\n<\/div>\n\t\t<\/div>\n\n\t\t\n<style>\n#section_724061585 {\n  padding-top: 30px;\n  padding-bottom: 30px;\n  min-height: 500px;\n  background-color: rgb(250, 245, 242);\n}\n<\/style>\n\t<\/section>\n\t\n\n\t<section class=\"section show-for-medium\" id=\"section_1749484264\">\n\t\t<div class=\"section-bg fill\" >\n\t\t\t<img loading=\"lazy\" decoding=\"async\" width=\"960\" height=\"1080\" src=\"https:\/\/swiftlifts.com\/wp-content\/uploads\/2022\/06\/pro.jpg\" class=\"bg attachment- size-\" alt=\"SWIFT Pro\" \/>\t\t\t\t\t\t\n\t\t\t\n\n\t\t<\/div>\n\n\t\t\n\n\t\t<div class=\"section-content relative\">\n\t\t\t\n\t\t<\/div>\n\n\t\t\n<style>\n#section_1749484264 {\n  padding-top: 200px;\n  padding-bottom: 200px;\n}\n@media (min-width:550px) {\n  #section_1749484264 {\n    padding-top: 30px;\n    padding-bottom: 30px;\n  }\n}\n<\/style>\n\t<\/section>\n\t\n\n\t<section class=\"section show-for-medium\" id=\"section_1093146356\">\n\t\t<div class=\"section-bg fill\" >\n\t\t\t\t\t\t\t\t\t\n\t\t\t\n\n\t\t<\/div>\n\n\t\t\n\n\t\t<div class=\"section-content relative\">\n\t\t\t\n<div class=\"row\"  id=\"row-1291733837\">\n\n\t<div id=\"col-1214885061\" class=\"col medium-5 small-12 large-5\"  >\n\t\t\t\t<div class=\"col-inner text-left\"  >\n\t\t\t\n\t\t\t\n\t<div id=\"text-213333663\" class=\"text\">\n\t\t\n<h2>SWIFT Lite<\/h2>\n\t\t\n<style>\n#text-213333663 {\n  font-size: 3rem;\n}\n<\/style>\n\t<\/div>\n\t\n\t<div id=\"text-1042625660\" class=\"text\">\n\t\t\n<h4>Un peque\u00f1o ascensor dom\u00e9stico para un presupuesto m\u00e1s reducido.<\/h4>\n\t\t\n<style>\n#text-1042625660 {\n  font-size: 2rem;\n}\n<\/style>\n\t<\/div>\n\t\n\t\t<\/div>\n\t\t\t\t\n<style>\n#col-1214885061 > .col-inner {\n  margin: 50px 0px 0px 0px;\n}\n<\/style>\n\t<\/div>\n\n\t\n\n\t<div id=\"col-1059295271\" class=\"col medium-2 small-12 large-2\"  >\n\t\t\t\t<div class=\"col-inner text-left\"  >\n\t\t\t\n\t\t\t\n<a href=\"https:\/\/swiftlifts.com\/swift-lite\/\" class=\"button primary is-outline lowercase\" >\n\t\t<span>SWIFT Lite<\/span>\n\t<i class=\"icon-angle-right\" aria-hidden=\"true\"><\/i><\/a>\n\n\t\t<\/div>\n\t\t\t\t\t<\/div>\n\n\t\n<\/div>\n\t\t<\/div>\n\n\t\t\n<style>\n#section_1093146356 {\n  padding-top: 30px;\n  padding-bottom: 30px;\n  min-height: 500px;\n  background-color: rgb(250, 245, 242);\n}\n<\/style>\n\t<\/section>\n\t\n\n\t<section class=\"section show-for-medium\" id=\"section_1409918600\">\n\t\t<div class=\"section-bg fill\" >\n\t\t\t<img loading=\"lazy\" decoding=\"async\" width=\"960\" height=\"1080\" src=\"https:\/\/swiftlifts.com\/wp-content\/uploads\/2022\/06\/lite.jpg\" class=\"bg attachment- size-\" alt=\"SWIFT Lite\" \/>\t\t\t\t\t\t\n\t\t\t\n\n\t\t<\/div>\n\n\t\t\n\n\t\t<div class=\"section-content relative\">\n\t\t\t\n\t\t<\/div>\n\n\t\t\n<style>\n#section_1409918600 {\n  padding-top: 200px;\n  padding-bottom: 200px;\n}\n@media (min-width:550px) {\n  #section_1409918600 {\n    padding-top: 30px;\n    padding-bottom: 30px;\n  }\n}\n<\/style>\n\t<\/section>\n\t\n","protected":false},"excerpt":{"rendered":"","protected":false},"author":6,"featured_media":45339,"parent":0,"menu_order":0,"comment_status":"closed","ping_status":"closed","template":"page-transparent-header.php","meta":{"_acf_changed":false,"content-type":"","footnotes":""},"class_list":["post-45338","page","type-page","status-publish","has-post-thumbnail","hentry"],"acf":[],"yoast_head":"<!-- This site is optimized with the Yoast SEO Premium plugin v27.3 (Yoast SEO v27.4) - https:\/\/yoast.com\/product\/yoast-seo-premium-wordpress\/ -->\n<title>Elevadores personales para uso dom\u00e9stico - swiftlifts.com<\/title>\n<meta name=\"description\" content=\"Los ascensores personales para uso dom\u00e9stico representan el futuro de una vida elegante y c\u00f3moda. Explore nuestra versi\u00f3n SWIFT Pro y la versi\u00f3n econ\u00f3mica SWIFT Lite.\" \/>\n<meta name=\"robots\" content=\"index, follow, max-snippet:-1, max-image-preview:large, max-video-preview:-1\" \/>\n<link rel=\"canonical\" href=\"https:\/\/swiftlifts.com\/mx\/productos\/\" \/>\n<meta property=\"og:locale\" content=\"es_MX\" \/>\n<meta property=\"og:type\" content=\"article\" \/>\n<meta property=\"og:title\" content=\"Productos\" \/>\n<meta property=\"og:description\" content=\"Los ascensores personales para uso dom\u00e9stico representan el futuro de una vida elegante y c\u00f3moda. Explore nuestra versi\u00f3n SWIFT Pro y la versi\u00f3n econ\u00f3mica SWIFT Lite.\" \/>\n<meta property=\"og:url\" content=\"https:\/\/swiftlifts.com\/mx\/productos\/\" \/>\n<meta property=\"og:site_name\" content=\"SWIFT - 100% battery driven home lifts\" \/>\n<meta property=\"article:publisher\" content=\"https:\/\/www.facebook.com\/swifthomelifts\" \/>\n<meta property=\"og:image\" content=\"https:\/\/swiftlifts.com\/wp-content\/uploads\/2022\/06\/5-2.jpg\" \/>\n\t<meta property=\"og:image:width\" content=\"800\" \/>\n\t<meta property=\"og:image:height\" content=\"950\" \/>\n\t<meta property=\"og:image:type\" content=\"image\/jpeg\" \/>\n<meta name=\"twitter:card\" content=\"summary_large_image\" \/>\n<meta name=\"twitter:label1\" content=\"Tiempo de lectura\" \/>\n\t<meta name=\"twitter:data1\" content=\"2 minutos\" \/>\n<script type=\"application\/ld+json\" class=\"yoast-schema-graph\">{\"@context\":\"https:\\\/\\\/schema.org\",\"@graph\":[{\"@type\":\"WebPage\",\"@id\":\"https:\\\/\\\/swiftlifts.com\\\/mx\\\/productos\\\/\",\"url\":\"https:\\\/\\\/swiftlifts.com\\\/mx\\\/productos\\\/\",\"name\":\"Elevadores personales para uso dom\u00e9stico - swiftlifts.com\",\"isPartOf\":{\"@id\":\"https:\\\/\\\/swiftlifts.com\\\/mx\\\/#website\"},\"primaryImageOfPage\":{\"@id\":\"https:\\\/\\\/swiftlifts.com\\\/mx\\\/productos\\\/#primaryimage\"},\"image\":{\"@id\":\"https:\\\/\\\/swiftlifts.com\\\/mx\\\/productos\\\/#primaryimage\"},\"thumbnailUrl\":\"https:\\\/\\\/swiftlifts.com\\\/wp-content\\\/uploads\\\/2022\\\/06\\\/5-2.jpg\",\"datePublished\":\"2024-05-28T08:28:24+00:00\",\"description\":\"Los ascensores personales para uso dom\u00e9stico representan el futuro de una vida elegante y c\u00f3moda. Explore nuestra versi\u00f3n SWIFT Pro y la versi\u00f3n econ\u00f3mica SWIFT Lite.\",\"breadcrumb\":{\"@id\":\"https:\\\/\\\/swiftlifts.com\\\/mx\\\/productos\\\/#breadcrumb\"},\"inLanguage\":\"es\",\"potentialAction\":[{\"@type\":\"ReadAction\",\"target\":[\"https:\\\/\\\/swiftlifts.com\\\/mx\\\/productos\\\/\"]}]},{\"@type\":\"ImageObject\",\"inLanguage\":\"es\",\"@id\":\"https:\\\/\\\/swiftlifts.com\\\/mx\\\/productos\\\/#primaryimage\",\"url\":\"https:\\\/\\\/swiftlifts.com\\\/wp-content\\\/uploads\\\/2022\\\/06\\\/5-2.jpg\",\"contentUrl\":\"https:\\\/\\\/swiftlifts.com\\\/wp-content\\\/uploads\\\/2022\\\/06\\\/5-2.jpg\",\"width\":800,\"height\":950},{\"@type\":\"BreadcrumbList\",\"@id\":\"https:\\\/\\\/swiftlifts.com\\\/mx\\\/productos\\\/#breadcrumb\",\"itemListElement\":[{\"@type\":\"ListItem\",\"position\":1,\"name\":\"Home\",\"item\":\"https:\\\/\\\/swiftlifts.com\\\/mx\\\/\"},{\"@type\":\"ListItem\",\"position\":2,\"name\":\"Productos\"}]},{\"@type\":\"WebSite\",\"@id\":\"https:\\\/\\\/swiftlifts.com\\\/mx\\\/#website\",\"url\":\"https:\\\/\\\/swiftlifts.com\\\/mx\\\/\",\"name\":\"SWIFT - 100% battery driven home lifts\",\"description\":\"NEW WAYS TO MOVE\",\"publisher\":{\"@id\":\"https:\\\/\\\/swiftlifts.com\\\/mx\\\/#organization\"},\"potentialAction\":[{\"@type\":\"SearchAction\",\"target\":{\"@type\":\"EntryPoint\",\"urlTemplate\":\"https:\\\/\\\/swiftlifts.com\\\/mx\\\/?s={search_term_string}\"},\"query-input\":{\"@type\":\"PropertyValueSpecification\",\"valueRequired\":true,\"valueName\":\"search_term_string\"}}],\"inLanguage\":\"es\"},{\"@type\":\"Organization\",\"@id\":\"https:\\\/\\\/swiftlifts.com\\\/mx\\\/#organization\",\"name\":\"SWIFT Home Lifts\",\"url\":\"https:\\\/\\\/swiftlifts.com\\\/mx\\\/\",\"logo\":{\"@type\":\"ImageObject\",\"inLanguage\":\"es\",\"@id\":\"https:\\\/\\\/swiftlifts.com\\\/mx\\\/#\\\/schema\\\/logo\\\/image\\\/\",\"url\":\"https:\\\/\\\/swiftlifts.com\\\/wp-content\\\/uploads\\\/2025\\\/03\\\/cropped-SWIFT-Logo-Google.jpg\",\"contentUrl\":\"https:\\\/\\\/swiftlifts.com\\\/wp-content\\\/uploads\\\/2025\\\/03\\\/cropped-SWIFT-Logo-Google.jpg\",\"width\":512,\"height\":512,\"caption\":\"SWIFT Home Lifts\"},\"image\":{\"@id\":\"https:\\\/\\\/swiftlifts.com\\\/mx\\\/#\\\/schema\\\/logo\\\/image\\\/\"},\"sameAs\":[\"https:\\\/\\\/www.facebook.com\\\/swifthomelifts\",\"https:\\\/\\\/www.instagram.com\\\/swifthomelifts\\\/\",\"https:\\\/\\\/www.linkedin.com\\\/company\\\/swifthomelifts\\\/\",\"https:\\\/\\\/www.pinterest.se\\\/swifthomelifts\\\/\",\"https:\\\/\\\/www.youtube.com\\\/@swift5669\"]}]}<\/script>\n<!-- \/ Yoast SEO Premium plugin. -->","yoast_head_json":{"title":"Elevadores personales para uso dom\u00e9stico - swiftlifts.com","description":"Los ascensores personales para uso dom\u00e9stico representan el futuro de una vida elegante y c\u00f3moda. Explore nuestra versi\u00f3n SWIFT Pro y la versi\u00f3n econ\u00f3mica SWIFT Lite.","robots":{"index":"index","follow":"follow","max-snippet":"max-snippet:-1","max-image-preview":"max-image-preview:large","max-video-preview":"max-video-preview:-1"},"canonical":"https:\/\/swiftlifts.com\/mx\/productos\/","og_locale":"es_MX","og_type":"article","og_title":"Productos","og_description":"Los ascensores personales para uso dom\u00e9stico representan el futuro de una vida elegante y c\u00f3moda. Explore nuestra versi\u00f3n SWIFT Pro y la versi\u00f3n econ\u00f3mica SWIFT Lite.","og_url":"https:\/\/swiftlifts.com\/mx\/productos\/","og_site_name":"SWIFT - 100% battery driven home lifts","article_publisher":"https:\/\/www.facebook.com\/swifthomelifts","og_image":[{"width":800,"height":950,"url":"https:\/\/swiftlifts.com\/wp-content\/uploads\/2022\/06\/5-2.jpg","type":"image\/jpeg"}],"twitter_card":"summary_large_image","twitter_misc":{"Tiempo de lectura":"2 minutos"},"schema":{"@context":"https:\/\/schema.org","@graph":[{"@type":"WebPage","@id":"https:\/\/swiftlifts.com\/mx\/productos\/","url":"https:\/\/swiftlifts.com\/mx\/productos\/","name":"Elevadores personales para uso dom\u00e9stico - swiftlifts.com","isPartOf":{"@id":"https:\/\/swiftlifts.com\/mx\/#website"},"primaryImageOfPage":{"@id":"https:\/\/swiftlifts.com\/mx\/productos\/#primaryimage"},"image":{"@id":"https:\/\/swiftlifts.com\/mx\/productos\/#primaryimage"},"thumbnailUrl":"https:\/\/swiftlifts.com\/wp-content\/uploads\/2022\/06\/5-2.jpg","datePublished":"2024-05-28T08:28:24+00:00","description":"Los ascensores personales para uso dom\u00e9stico representan el futuro de una vida elegante y c\u00f3moda. Explore nuestra versi\u00f3n SWIFT Pro y la versi\u00f3n econ\u00f3mica SWIFT Lite.","breadcrumb":{"@id":"https:\/\/swiftlifts.com\/mx\/productos\/#breadcrumb"},"inLanguage":"es","potentialAction":[{"@type":"ReadAction","target":["https:\/\/swiftlifts.com\/mx\/productos\/"]}]},{"@type":"ImageObject","inLanguage":"es","@id":"https:\/\/swiftlifts.com\/mx\/productos\/#primaryimage","url":"https:\/\/swiftlifts.com\/wp-content\/uploads\/2022\/06\/5-2.jpg","contentUrl":"https:\/\/swiftlifts.com\/wp-content\/uploads\/2022\/06\/5-2.jpg","width":800,"height":950},{"@type":"BreadcrumbList","@id":"https:\/\/swiftlifts.com\/mx\/productos\/#breadcrumb","itemListElement":[{"@type":"ListItem","position":1,"name":"Home","item":"https:\/\/swiftlifts.com\/mx\/"},{"@type":"ListItem","position":2,"name":"Productos"}]},{"@type":"WebSite","@id":"https:\/\/swiftlifts.com\/mx\/#website","url":"https:\/\/swiftlifts.com\/mx\/","name":"SWIFT - 100% battery driven home lifts","description":"NEW WAYS TO MOVE","publisher":{"@id":"https:\/\/swiftlifts.com\/mx\/#organization"},"potentialAction":[{"@type":"SearchAction","target":{"@type":"EntryPoint","urlTemplate":"https:\/\/swiftlifts.com\/mx\/?s={search_term_string}"},"query-input":{"@type":"PropertyValueSpecification","valueRequired":true,"valueName":"search_term_string"}}],"inLanguage":"es"},{"@type":"Organization","@id":"https:\/\/swiftlifts.com\/mx\/#organization","name":"SWIFT Home Lifts","url":"https:\/\/swiftlifts.com\/mx\/","logo":{"@type":"ImageObject","inLanguage":"es","@id":"https:\/\/swiftlifts.com\/mx\/#\/schema\/logo\/image\/","url":"https:\/\/swiftlifts.com\/wp-content\/uploads\/2025\/03\/cropped-SWIFT-Logo-Google.jpg","contentUrl":"https:\/\/swiftlifts.com\/wp-content\/uploads\/2025\/03\/cropped-SWIFT-Logo-Google.jpg","width":512,"height":512,"caption":"SWIFT Home Lifts"},"image":{"@id":"https:\/\/swiftlifts.com\/mx\/#\/schema\/logo\/image\/"},"sameAs":["https:\/\/www.facebook.com\/swifthomelifts","https:\/\/www.instagram.com\/swifthomelifts\/","https:\/\/www.linkedin.com\/company\/swifthomelifts\/","https:\/\/www.pinterest.se\/swifthomelifts\/","https:\/\/www.youtube.com\/@swift5669"]}]}},"_links":{"self":[{"href":"https:\/\/swiftlifts.com\/mx\/wp-json\/wp\/v2\/pages\/45338","targetHints":{"allow":["GET"]}}],"collection":[{"href":"https:\/\/swiftlifts.com\/mx\/wp-json\/wp\/v2\/pages"}],"about":[{"href":"https:\/\/swiftlifts.com\/mx\/wp-json\/wp\/v2\/types\/page"}],"author":[{"embeddable":true,"href":"https:\/\/swiftlifts.com\/mx\/wp-json\/wp\/v2\/users\/6"}],"replies":[{"embeddable":true,"href":"https:\/\/swiftlifts.com\/mx\/wp-json\/wp\/v2\/comments?post=45338"}],"version-history":[{"count":0,"href":"https:\/\/swiftlifts.com\/mx\/wp-json\/wp\/v2\/pages\/45338\/revisions"}],"wp:featuredmedia":[{"embeddable":true,"href":"https:\/\/swiftlifts.com\/mx\/wp-json\/wp\/v2\/media\/45339"}],"wp:attachment":[{"href":"https:\/\/swiftlifts.com\/mx\/wp-json\/wp\/v2\/media?parent=45338"}],"curies":[{"name":"wp","href":"https:\/\/api.w.org\/{rel}","templated":true}]}}