{"id":45200,"date":"2025-04-18T03:53:44","date_gmt":"2025-04-18T03:53:44","guid":{"rendered":"https:\/\/swiftlifts.com\/gracias-cita\/"},"modified":"2025-04-18T05:42:29","modified_gmt":"2025-04-18T05:42:29","slug":"gracias-cita","status":"publish","type":"page","link":"https:\/\/swiftlifts.com\/es\/gracias-cita\/","title":{"rendered":"Gracias &#8211; Cita"},"content":{"rendered":"<div class=\"row\"  id=\"row-641497870\">\n\n\t<div id=\"col-25603381\" class=\"col medium-4 small-12 large-4\"  >\n\t\t\t\t<div class=\"col-inner\"  >\n\t\t\t\n\t\t\t\n\t\t<\/div>\n\t\t\t\t\t<\/div>\n\n\t\n\n\t<div id=\"col-85956352\" class=\"col medium-4 small-12 large-4\"  >\n\t\t\t\t<div class=\"col-inner text-center\"  >\n\t\t\t\n\t\t\t\n<div class=\"uxb-no-content uxb-image\">Upload Image...<\/div>\n\t\t<\/div>\n\t\t\t\t\t<\/div>\n\n\t\n\n\t<div id=\"col-1681559115\" class=\"col medium-4 small-12 large-4\"  >\n\t\t\t\t<div class=\"col-inner\"  >\n\t\t\t\n\t\t\t\n\t\t<\/div>\n\t\t\t\t\t<\/div>\n\n\t\n<\/div>\n<div class=\"container section-title-container\" ><h1 class=\"section-title section-title-center\"><b aria-hidden=\"true\"><\/b><span class=\"section-title-main\" >Gracias por solicitar una cotizaci\u00f3n!<\/span><b aria-hidden=\"true\"><\/b><\/h1><\/div>\n\t<div id=\"text-1307938751\" class=\"text\">\n\t\t\n<p class=\"lead\">Hemos recibido tus datos y actualmente estamos revisando tu solicitud. Nuestro equipo est\u00e1 comprometido a brindarte una soluci\u00f3n personalizada que se adapte a tus necesidades.<\/p>\n\t\t\n<style>\n#text-1307938751 {\n  font-size: 0.85rem;\n  text-align: center;\n}\n<\/style>\n\t<\/div>\n\t\n<div class=\"text-center\"><div class=\"is-divider divider clearfix\" style=\"background-color:#ffffff;\"><\/div><\/div>\n<div class=\"text-center\"><div class=\"is-divider divider clearfix\" style=\"background-color:#ffffff;\"><\/div><\/div>\n<div class=\"container section-title-container\" ><h2 class=\"section-title section-title-center\"><b aria-hidden=\"true\"><\/b><span class=\"section-title-main\" style=\"color:rgb(0, 0, 0);\">Explora nuestros productos<\/span><b aria-hidden=\"true\"><\/b><\/h2><\/div>\n<div class=\"row\"  id=\"row-249907139\">\n\n\t<div id=\"col-357240701\" class=\"col medium-6 small-12 large-6\"  >\n\t\t\t\t<div class=\"col-inner text-right\"  >\n\t\t\t\n\t\t\t\n<a href=\"https:\/\/swiftlifts.com\/es\/productos\/swift-pro\/\" class=\"button primary lowercase arrow-icon-button-mineral-earth\" >\n\t\t<span>SWIFT Pro<\/span>\n\t<\/a>\n\n\t\t<\/div>\n\t\t\t\t\t<\/div>\n\n\t\n\n\t<div id=\"col-1674698170\" class=\"col medium-6 small-12 large-6\"  >\n\t\t\t\t<div class=\"col-inner text-left\"  >\n\t\t\t\n\t\t\t\n<a href=\"https:\/\/swiftlifts.com\/es\/productos\/swift-lite\/\" class=\"button primary lowercase arrow-icon-button-nordic-sunset\" >\n\t\t<span>SWIFT Lite<\/span>\n\t<\/a>\n\n\t\t<\/div>\n\t\t\t\t\t<\/div>\n\n\t\n<\/div>\n<div class=\"text-center\"><div class=\"is-divider divider clearfix\" style=\"background-color:#ffffff;\"><\/div><\/div>\n","protected":false},"excerpt":{"rendered":"","protected":false},"author":20,"featured_media":0,"parent":0,"menu_order":0,"comment_status":"closed","ping_status":"closed","template":"","meta":{"_acf_changed":false,"content-type":"","footnotes":""},"class_list":["post-45200","page","type-page","status-publish","hentry"],"acf":[],"yoast_head":"<!-- This site is optimized with the Yoast SEO Premium plugin v27.3 (Yoast SEO v27.4) - https:\/\/yoast.com\/product\/yoast-seo-premium-wordpress\/ -->\n<title>Gracias por su solicitud de presupuesto | SWIFT Ascensores<\/title>\n<meta name=\"description\" content=\"Gracias por solicitar un presupuesto a SWIFT Ascensores! Nuestro equipo revisar\u00e1 tus datos y te responder\u00e1 r\u00e1pidamente con una soluci\u00f3n a medida.\" \/>\n<meta name=\"robots\" content=\"noindex, nofollow\" \/>\n<meta property=\"og:locale\" content=\"es_ES\" \/>\n<meta property=\"og:type\" content=\"article\" \/>\n<meta property=\"og:title\" content=\"Gracias - Cita\" \/>\n<meta property=\"og:description\" content=\"Gracias por solicitar un presupuesto a SWIFT Ascensores! Nuestro equipo revisar\u00e1 tus datos y te responder\u00e1 r\u00e1pidamente con una soluci\u00f3n a medida.\" \/>\n<meta property=\"og:url\" content=\"https:\/\/swiftlifts.com\/es\/gracias-cita\/\" \/>\n<meta property=\"og:site_name\" content=\"SWIFT - 100% battery driven home lifts\" \/>\n<meta property=\"article:publisher\" content=\"https:\/\/www.facebook.com\/swifthomelifts\" \/>\n<meta property=\"article:modified_time\" content=\"2025-04-18T05:42:29+00:00\" \/>\n<meta name=\"twitter:card\" content=\"summary_large_image\" \/>\n<meta name=\"twitter:label1\" content=\"Tiempo de lectura\" \/>\n\t<meta name=\"twitter:data1\" content=\"1 minuto\" \/>\n<script type=\"application\/ld+json\" class=\"yoast-schema-graph\">{\"@context\":\"https:\\\/\\\/schema.org\",\"@graph\":[{\"@type\":\"WebPage\",\"@id\":\"https:\\\/\\\/swiftlifts.com\\\/es\\\/gracias-cita\\\/\",\"url\":\"https:\\\/\\\/swiftlifts.com\\\/es\\\/gracias-cita\\\/\",\"name\":\"Gracias por su solicitud de presupuesto | SWIFT Ascensores\",\"isPartOf\":{\"@id\":\"https:\\\/\\\/swiftlifts.com\\\/es\\\/#website\"},\"datePublished\":\"2025-04-18T03:53:44+00:00\",\"dateModified\":\"2025-04-18T05:42:29+00:00\",\"description\":\"Gracias por solicitar un presupuesto a SWIFT Ascensores! Nuestro equipo revisar\u00e1 tus datos y te responder\u00e1 r\u00e1pidamente con una soluci\u00f3n a medida.\",\"breadcrumb\":{\"@id\":\"https:\\\/\\\/swiftlifts.com\\\/es\\\/gracias-cita\\\/#breadcrumb\"},\"inLanguage\":\"es\",\"potentialAction\":[{\"@type\":\"ReadAction\",\"target\":[\"https:\\\/\\\/swiftlifts.com\\\/es\\\/gracias-cita\\\/\"]}]},{\"@type\":\"BreadcrumbList\",\"@id\":\"https:\\\/\\\/swiftlifts.com\\\/es\\\/gracias-cita\\\/#breadcrumb\",\"itemListElement\":[{\"@type\":\"ListItem\",\"position\":1,\"name\":\"Home\",\"item\":\"https:\\\/\\\/swiftlifts.com\\\/es\\\/\"},{\"@type\":\"ListItem\",\"position\":2,\"name\":\"Gracias &#8211; Cita\"}]},{\"@type\":\"WebSite\",\"@id\":\"https:\\\/\\\/swiftlifts.com\\\/es\\\/#website\",\"url\":\"https:\\\/\\\/swiftlifts.com\\\/es\\\/\",\"name\":\"SWIFT - 100% battery driven home lifts\",\"description\":\"NEW WAYS TO MOVE\",\"publisher\":{\"@id\":\"https:\\\/\\\/swiftlifts.com\\\/es\\\/#organization\"},\"potentialAction\":[{\"@type\":\"SearchAction\",\"target\":{\"@type\":\"EntryPoint\",\"urlTemplate\":\"https:\\\/\\\/swiftlifts.com\\\/es\\\/?s={search_term_string}\"},\"query-input\":{\"@type\":\"PropertyValueSpecification\",\"valueRequired\":true,\"valueName\":\"search_term_string\"}}],\"inLanguage\":\"es\"},{\"@type\":\"Organization\",\"@id\":\"https:\\\/\\\/swiftlifts.com\\\/es\\\/#organization\",\"name\":\"SWIFT Home Lifts\",\"url\":\"https:\\\/\\\/swiftlifts.com\\\/es\\\/\",\"logo\":{\"@type\":\"ImageObject\",\"inLanguage\":\"es\",\"@id\":\"https:\\\/\\\/swiftlifts.com\\\/es\\\/#\\\/schema\\\/logo\\\/image\\\/\",\"url\":\"https:\\\/\\\/swiftlifts.com\\\/wp-content\\\/uploads\\\/2025\\\/03\\\/cropped-SWIFT-Logo-Google.jpg\",\"contentUrl\":\"https:\\\/\\\/swiftlifts.com\\\/wp-content\\\/uploads\\\/2025\\\/03\\\/cropped-SWIFT-Logo-Google.jpg\",\"width\":512,\"height\":512,\"caption\":\"SWIFT Home Lifts\"},\"image\":{\"@id\":\"https:\\\/\\\/swiftlifts.com\\\/es\\\/#\\\/schema\\\/logo\\\/image\\\/\"},\"sameAs\":[\"https:\\\/\\\/www.facebook.com\\\/swifthomelifts\",\"https:\\\/\\\/www.instagram.com\\\/swifthomelifts\\\/\",\"https:\\\/\\\/www.linkedin.com\\\/company\\\/swifthomelifts\\\/\",\"https:\\\/\\\/www.pinterest.se\\\/swifthomelifts\\\/\",\"https:\\\/\\\/www.youtube.com\\\/@swift5669\"]}]}<\/script>\n<!-- \/ Yoast SEO Premium plugin. -->","yoast_head_json":{"title":"Gracias por su solicitud de presupuesto | SWIFT Ascensores","description":"Gracias por solicitar un presupuesto a SWIFT Ascensores! Nuestro equipo revisar\u00e1 tus datos y te responder\u00e1 r\u00e1pidamente con una soluci\u00f3n a medida.","robots":{"index":"noindex","follow":"nofollow"},"og_locale":"es_ES","og_type":"article","og_title":"Gracias - Cita","og_description":"Gracias por solicitar un presupuesto a SWIFT Ascensores! Nuestro equipo revisar\u00e1 tus datos y te responder\u00e1 r\u00e1pidamente con una soluci\u00f3n a medida.","og_url":"https:\/\/swiftlifts.com\/es\/gracias-cita\/","og_site_name":"SWIFT - 100% battery driven home lifts","article_publisher":"https:\/\/www.facebook.com\/swifthomelifts","article_modified_time":"2025-04-18T05:42:29+00:00","twitter_card":"summary_large_image","twitter_misc":{"Tiempo de lectura":"1 minuto"},"schema":{"@context":"https:\/\/schema.org","@graph":[{"@type":"WebPage","@id":"https:\/\/swiftlifts.com\/es\/gracias-cita\/","url":"https:\/\/swiftlifts.com\/es\/gracias-cita\/","name":"Gracias por su solicitud de presupuesto | SWIFT Ascensores","isPartOf":{"@id":"https:\/\/swiftlifts.com\/es\/#website"},"datePublished":"2025-04-18T03:53:44+00:00","dateModified":"2025-04-18T05:42:29+00:00","description":"Gracias por solicitar un presupuesto a SWIFT Ascensores! Nuestro equipo revisar\u00e1 tus datos y te responder\u00e1 r\u00e1pidamente con una soluci\u00f3n a medida.","breadcrumb":{"@id":"https:\/\/swiftlifts.com\/es\/gracias-cita\/#breadcrumb"},"inLanguage":"es","potentialAction":[{"@type":"ReadAction","target":["https:\/\/swiftlifts.com\/es\/gracias-cita\/"]}]},{"@type":"BreadcrumbList","@id":"https:\/\/swiftlifts.com\/es\/gracias-cita\/#breadcrumb","itemListElement":[{"@type":"ListItem","position":1,"name":"Home","item":"https:\/\/swiftlifts.com\/es\/"},{"@type":"ListItem","position":2,"name":"Gracias &#8211; Cita"}]},{"@type":"WebSite","@id":"https:\/\/swiftlifts.com\/es\/#website","url":"https:\/\/swiftlifts.com\/es\/","name":"SWIFT - 100% battery driven home lifts","description":"NEW WAYS TO MOVE","publisher":{"@id":"https:\/\/swiftlifts.com\/es\/#organization"},"potentialAction":[{"@type":"SearchAction","target":{"@type":"EntryPoint","urlTemplate":"https:\/\/swiftlifts.com\/es\/?s={search_term_string}"},"query-input":{"@type":"PropertyValueSpecification","valueRequired":true,"valueName":"search_term_string"}}],"inLanguage":"es"},{"@type":"Organization","@id":"https:\/\/swiftlifts.com\/es\/#organization","name":"SWIFT Home Lifts","url":"https:\/\/swiftlifts.com\/es\/","logo":{"@type":"ImageObject","inLanguage":"es","@id":"https:\/\/swiftlifts.com\/es\/#\/schema\/logo\/image\/","url":"https:\/\/swiftlifts.com\/wp-content\/uploads\/2025\/03\/cropped-SWIFT-Logo-Google.jpg","contentUrl":"https:\/\/swiftlifts.com\/wp-content\/uploads\/2025\/03\/cropped-SWIFT-Logo-Google.jpg","width":512,"height":512,"caption":"SWIFT Home Lifts"},"image":{"@id":"https:\/\/swiftlifts.com\/es\/#\/schema\/logo\/image\/"},"sameAs":["https:\/\/www.facebook.com\/swifthomelifts","https:\/\/www.instagram.com\/swifthomelifts\/","https:\/\/www.linkedin.com\/company\/swifthomelifts\/","https:\/\/www.pinterest.se\/swifthomelifts\/","https:\/\/www.youtube.com\/@swift5669"]}]}},"_links":{"self":[{"href":"https:\/\/swiftlifts.com\/es\/wp-json\/wp\/v2\/pages\/45200","targetHints":{"allow":["GET"]}}],"collection":[{"href":"https:\/\/swiftlifts.com\/es\/wp-json\/wp\/v2\/pages"}],"about":[{"href":"https:\/\/swiftlifts.com\/es\/wp-json\/wp\/v2\/types\/page"}],"author":[{"embeddable":true,"href":"https:\/\/swiftlifts.com\/es\/wp-json\/wp\/v2\/users\/20"}],"replies":[{"embeddable":true,"href":"https:\/\/swiftlifts.com\/es\/wp-json\/wp\/v2\/comments?post=45200"}],"version-history":[{"count":1,"href":"https:\/\/swiftlifts.com\/es\/wp-json\/wp\/v2\/pages\/45200\/revisions"}],"predecessor-version":[{"id":45237,"href":"https:\/\/swiftlifts.com\/es\/wp-json\/wp\/v2\/pages\/45200\/revisions\/45237"}],"wp:attachment":[{"href":"https:\/\/swiftlifts.com\/es\/wp-json\/wp\/v2\/media?parent=45200"}],"curies":[{"name":"wp","href":"https:\/\/api.w.org\/{rel}","templated":true}]}}