{"id":25644,"date":"2024-05-27T12:00:02","date_gmt":"2024-05-27T12:00:02","guid":{"rendered":"https:\/\/swiftlifts.com\/proyectos\/proyectos-casa-lagenda\/"},"modified":"2024-12-10T10:02:38","modified_gmt":"2024-12-10T10:02:38","slug":"proyectos-casa-lagenda","status":"publish","type":"page","link":"https:\/\/swiftlifts.com\/es\/proyectos\/proyectos-casa-lagenda\/","title":{"rendered":"Proyectos &#8211; Casa Lagenda"},"content":{"rendered":"\n\t<section class=\"section why_a_home_lift\" id=\"section_1701270613\">\n\t\t<div class=\"section-bg fill\" >\n\t\t\t<img loading=\"lazy\" decoding=\"async\" width=\"2560\" height=\"633\" src=\"https:\/\/swiftlifts.com\/wp-content\/uploads\/2023\/11\/project_hero_lagenda.jpg\" class=\"bg attachment- size-\" alt=\"project hero lagenda\" \/>\t\t\t\t\t\t\n\t\t\t\n\n\t\t<\/div>\n\n\t\t\n\n\t\t<div class=\"section-content relative\">\n\t\t\t\n<div class=\"row\" style=\"max-width:90%\" id=\"row-1148722501\">\n\n\t<div id=\"col-102178452\" class=\"col small-12 large-12\"  >\n\t\t\t\t<div class=\"col-inner text-center\"  >\n\t\t\t\n\t\t\t\n\t<div id=\"text-3299132204\" class=\"text\">\n\t\t\n<h1>Villa Lagenda<\/h1>\n\t\t\n<style>\n#text-3299132204 {\n  font-size: 2rem;\n  color: rgb(255, 255, 255);\n}\n#text-3299132204 > * {\n  color: rgb(255, 255, 255);\n}\n<\/style>\n\t<\/div>\n\t\n\t\t<\/div>\n\t\t\t\t\n<style>\n#col-102178452 > .col-inner {\n  margin: 200px 0px 0px 0px;\n}\n<\/style>\n\t<\/div>\n\n\t\n<\/div>\n\t\t<\/div>\n\n\t\t\n<style>\n#section_1701270613 {\n  padding-top: 30px;\n  padding-bottom: 30px;\n  background-color: #dbe0d1;\n}\n<\/style>\n\t<\/section>\n\t\n\n\t<section class=\"section\" id=\"section_1091698834\">\n\t\t<div class=\"section-bg fill\" >\n\t\t\t\t\t\t\t\t\t\n\t\t\t\n\n\t\t<\/div>\n\n\t\t\n\n\t\t<div class=\"section-content relative\">\n\t\t\t\n<div class=\"row row-full-width align-middle\"  id=\"row-1344440536\">\n\n\t<div id=\"col-976653193\" class=\"col medium-6 small-12 large-6\"  >\n\t\t\t\t<div class=\"col-inner\"  >\n\t\t\t\n\t\t\t\n\t<div class=\"img has-hover x md-x lg-x y md-y lg-y\" id=\"image_797828967\">\n\t\t\t\t\t\t\t\t<div class=\"img-inner dark\" >\n\t\t\t<img loading=\"lazy\" decoding=\"async\" width=\"600\" height=\"800\" src=\"https:\/\/swiftlifts.com\/wp-content\/uploads\/2023\/11\/project_portrait_lagenda_01-600x800.jpg\" class=\"attachment-large size-large\" alt=\"\" srcset=\"https:\/\/swiftlifts.com\/wp-content\/uploads\/2023\/11\/project_portrait_lagenda_01-600x800.jpg 600w, https:\/\/swiftlifts.com\/wp-content\/uploads\/2023\/11\/project_portrait_lagenda_01-300x400.jpg 300w, https:\/\/swiftlifts.com\/wp-content\/uploads\/2023\/11\/project_portrait_lagenda_01-768x1024.jpg 768w, https:\/\/swiftlifts.com\/wp-content\/uploads\/2023\/11\/project_portrait_lagenda_01-1152x1536.jpg 1152w, https:\/\/swiftlifts.com\/wp-content\/uploads\/2023\/11\/project_portrait_lagenda_01.jpg 1200w\" sizes=\"auto, (max-width: 600px) 100vw, 600px\" \/>\t\t\t\t\t\t\n\t\t\t\t\t<\/div>\n\t\t\t\t\t\t\t\t\n<style>\n#image_797828967 {\n  width: 100%;\n}\n<\/style>\n\t<\/div>\n\t\n\t\t<\/div>\n\t\t\t\t\n<style>\n#col-976653193 > .col-inner {\n  padding: 0px 0px 0px 0px;\n}\n@media (min-width:550px) {\n  #col-976653193 > .col-inner {\n    padding: 0px 0px 0px 30%;\n  }\n}\n<\/style>\n\t<\/div>\n\n\t\n\n\t<div id=\"col-1327463000\" class=\"col medium-6 small-12 large-6\"  >\n\t\t\t\t<div class=\"col-inner\"  >\n\t\t\t\n\t\t\t\n\t<div id=\"text-2914100736\" class=\"text\">\n\t\t\n<h2>Villa Lagenda <\/h2>\n\t\t\n<style>\n#text-2914100736 {\n  font-size: 1rem;\n  color: rgb(255, 145, 150);\n}\n#text-2914100736 > * {\n  color: rgb(255, 145, 150);\n}\n<\/style>\n\t<\/div>\n\t\n\t<div id=\"text-3074382382\" class=\"text\">\n\t\t\n<p>&#8211; Un proyecto de cuatro plantas con un SWIFT Pro que ofrece impresionantes vistas de Kuala Lumpur y del emblem\u00e1tico Genting en las monta\u00f1as Titiwangsa.<br \/>\nLagenda combina la historia con el lujo contempor\u00e1neo, el minimalismo escandinavo con las frescas vibraciones locales de Malasia.<br \/>\nLos antecedentes art\u00edsticos de la familia y su papel en la publicidad se reflejan en cada decisi\u00f3n, en la elecci\u00f3n de materiales y en la fusi\u00f3n de arquitectura, arte y dise\u00f1o.  <\/p>\n<p><b>Modelo: SWIFT Pro<\/b> <br \/><b>Plantas: 4<\/b> <br \/><b>Tama\u00f1o del ascensor:L<\/b><br \/><b>Color del ascensor: Blanco tr\u00e1fico<\/b> <br \/><b>ArtWall: \u00d3palo el\u00e9ctrico<\/b> <br \/><b>Alfombra elevadora: Stitch Negro<\/b> <br \/><b>Ubicaci\u00f3n: Cheras &#8211; vibrante suburbio de Kuala Lumpur, Malasia<\/b><\/p>\n\t\t\n<style>\n#text-3074382382 {\n  font-size: 1rem;\n  color: rgb(255, 145, 150);\n}\n#text-3074382382 > * {\n  color: rgb(255, 145, 150);\n}\n<\/style>\n\t<\/div>\n\t\n<div class=\"text-right\"><div class=\"is-divider divider clearfix\" style=\"max-width:100%;background-color:rgb(255, 145, 150);\"><\/div><\/div>\n\t\t<\/div>\n\t\t\t\t\n<style>\n#col-1327463000 > .col-inner {\n  padding: 0px 0px 0px 0px;\n}\n@media (min-width:550px) {\n  #col-1327463000 > .col-inner {\n    padding: 0px 30% 0px 0px;\n  }\n}\n<\/style>\n\t<\/div>\n\n\t\n<\/div>\n\t\t<\/div>\n\n\t\t\n<style>\n#section_1091698834 {\n  padding-top: 30px;\n  padding-bottom: 30px;\n}\n<\/style>\n\t<\/section>\n\t\n\n\t<section class=\"section\" id=\"section_1754248596\">\n\t\t<div class=\"section-bg fill\" >\n\t\t\t\t\t\t\t\t\t\n\t\t\t\n\n\t\t<\/div>\n\n\t\t\n\n\t\t<div class=\"section-content relative\">\n\t\t\t\n<div class=\"row row-full-width\"  id=\"row-325669744\">\n\n\t<div id=\"col-1987942807\" class=\"col small-12 large-12\"  >\n\t\t\t\t<div class=\"col-inner\"  >\n\t\t\t\n\t\t\t\n\t<div class=\"img has-hover x md-x lg-x y md-y lg-y\" id=\"image_772586788\">\n\t\t\t\t\t\t\t\t<div class=\"img-inner dark\" >\n\t\t\t<img loading=\"lazy\" decoding=\"async\" width=\"1020\" height=\"538\" src=\"https:\/\/swiftlifts.com\/wp-content\/uploads\/2023\/11\/project_landscape_lagenda_01-1400x738.jpg\" class=\"attachment-large size-large\" alt=\"\" srcset=\"https:\/\/swiftlifts.com\/wp-content\/uploads\/2023\/11\/project_landscape_lagenda_01-1400x738.jpg 1400w, https:\/\/swiftlifts.com\/wp-content\/uploads\/2023\/11\/project_landscape_lagenda_01-759x400.jpg 759w, https:\/\/swiftlifts.com\/wp-content\/uploads\/2023\/11\/project_landscape_lagenda_01-768x405.jpg 768w, https:\/\/swiftlifts.com\/wp-content\/uploads\/2023\/11\/project_landscape_lagenda_01-1536x809.jpg 1536w, https:\/\/swiftlifts.com\/wp-content\/uploads\/2023\/11\/project_landscape_lagenda_01.jpg 2000w\" sizes=\"auto, (max-width: 1020px) 100vw, 1020px\" \/>\t\t\t\t\t\t\n\t\t\t\t\t<\/div>\n\t\t\t\t\t\t\t\t\n<style>\n#image_772586788 {\n  width: 100%;\n}\n<\/style>\n\t<\/div>\n\t\n\t<div id=\"text-1484083702\" class=\"text\">\n\t\t\n<p>Se caracteriza por espacios abiertos, mucho cristal, luz natural y materiales naturales como la madera sostenible de Malasia.<\/p>\n\t\t\n<style>\n#text-1484083702 {\n  font-size: 1rem;\n  color: rgb(255, 145, 150);\n}\n#text-1484083702 > * {\n  color: rgb(255, 145, 150);\n}\n<\/style>\n\t<\/div>\n\t\n\t\t<\/div>\n\t\t\t\t\n<style>\n#col-1987942807 > .col-inner {\n  padding: 0px 0px 0px 0px;\n}\n@media (min-width:550px) {\n  #col-1987942807 > .col-inner {\n    padding: 0px 15% 0px 15%;\n  }\n}\n<\/style>\n\t<\/div>\n\n\t\n<\/div>\n\t\t<\/div>\n\n\t\t\n<style>\n#section_1754248596 {\n  padding-top: 30px;\n  padding-bottom: 30px;\n}\n<\/style>\n\t<\/section>\n\t\n\n\t<section class=\"section\" id=\"section_1752368303\">\n\t\t<div class=\"section-bg fill\" >\n\t\t\t\t\t\t\t\t\t\n\t\t\t\n\n\t\t<\/div>\n\n\t\t\n\n\t\t<div class=\"section-content relative\">\n\t\t\t\n<div class=\"row row-full-width\"  id=\"row-681247859\">\n\n\t<div id=\"col-161484134\" class=\"col medium-6 small-12 large-6\"  >\n\t\t\t\t<div class=\"col-inner\"  >\n\t\t\t\n\t\t\t\n\t<div class=\"img has-hover x md-x lg-x y md-y lg-y\" id=\"image_735581181\">\n\t\t\t\t\t\t\t\t<div class=\"img-inner dark\" >\n\t\t\t<img loading=\"lazy\" decoding=\"async\" width=\"600\" height=\"800\" src=\"https:\/\/swiftlifts.com\/wp-content\/uploads\/2023\/11\/project_portrait_lagenda_02-600x800.jpg\" class=\"attachment-large size-large\" alt=\"\" srcset=\"https:\/\/swiftlifts.com\/wp-content\/uploads\/2023\/11\/project_portrait_lagenda_02-600x800.jpg 600w, https:\/\/swiftlifts.com\/wp-content\/uploads\/2023\/11\/project_portrait_lagenda_02-300x400.jpg 300w, https:\/\/swiftlifts.com\/wp-content\/uploads\/2023\/11\/project_portrait_lagenda_02-768x1024.jpg 768w, https:\/\/swiftlifts.com\/wp-content\/uploads\/2023\/11\/project_portrait_lagenda_02-1152x1536.jpg 1152w, https:\/\/swiftlifts.com\/wp-content\/uploads\/2023\/11\/project_portrait_lagenda_02.jpg 1200w\" sizes=\"auto, (max-width: 600px) 100vw, 600px\" \/>\t\t\t\t\t\t\n\t\t\t\t\t<\/div>\n\t\t\t\t\t\t\t\t\n<style>\n#image_735581181 {\n  width: 100%;\n}\n<\/style>\n\t<\/div>\n\t\n\t<div id=\"text-3064511969\" class=\"text\">\n\t\t\n<p>SWIFT con vistas a la ciudad desde Villa Lagenda.<\/p>\n\t\t\n<style>\n#text-3064511969 {\n  font-size: 1rem;\n  color: #ff9196;\n}\n#text-3064511969 > * {\n  color: #ff9196;\n}\n<\/style>\n\t<\/div>\n\t\n\t\t<\/div>\n\t\t\t\t\n<style>\n#col-161484134 > .col-inner {\n  padding: 0px 0px 0px 0px;\n}\n@media (min-width:550px) {\n  #col-161484134 > .col-inner {\n    padding: 0px 0px 0px 30%;\n  }\n}\n<\/style>\n\t<\/div>\n\n\t\n\n\t<div id=\"col-1325922569\" class=\"col medium-6 small-12 large-6\"  >\n\t\t\t\t<div class=\"col-inner\"  >\n\t\t\t\n\t\t\t\n\t<div class=\"img has-hover x md-x lg-x y md-y lg-y\" id=\"image_693706359\">\n\t\t\t\t\t\t\t\t<div class=\"img-inner dark\" >\n\t\t\t<img loading=\"lazy\" decoding=\"async\" width=\"600\" height=\"800\" src=\"https:\/\/swiftlifts.com\/wp-content\/uploads\/2023\/11\/project_portrait_lagenda_03-600x800.jpg\" class=\"attachment-large size-large\" alt=\"\" srcset=\"https:\/\/swiftlifts.com\/wp-content\/uploads\/2023\/11\/project_portrait_lagenda_03-600x800.jpg 600w, https:\/\/swiftlifts.com\/wp-content\/uploads\/2023\/11\/project_portrait_lagenda_03-300x400.jpg 300w, https:\/\/swiftlifts.com\/wp-content\/uploads\/2023\/11\/project_portrait_lagenda_03-768x1024.jpg 768w, https:\/\/swiftlifts.com\/wp-content\/uploads\/2023\/11\/project_portrait_lagenda_03-1152x1536.jpg 1152w, https:\/\/swiftlifts.com\/wp-content\/uploads\/2023\/11\/project_portrait_lagenda_03.jpg 1200w\" sizes=\"auto, (max-width: 600px) 100vw, 600px\" \/>\t\t\t\t\t\t\n\t\t\t\t\t<\/div>\n\t\t\t\t\t\t\t\t\n<style>\n#image_693706359 {\n  width: 100%;\n}\n<\/style>\n\t<\/div>\n\t\n\t<div id=\"text-2191414572\" class=\"text\">\n\t\t\n<p>\u00bfPiscina o ascensor en casa?<br \/>\nLa familia de Villa Lagenda no quiso hacer concesiones y opt\u00f3 por ambas.  <\/p>\n\t\t\n<style>\n#text-2191414572 {\n  font-size: 1rem;\n  color: #ff9196;\n}\n#text-2191414572 > * {\n  color: #ff9196;\n}\n<\/style>\n\t<\/div>\n\t\n\t\t<\/div>\n\t\t\t\t\n<style>\n#col-1325922569 > .col-inner {\n  padding: 0px 0px 0px 0px;\n}\n@media (min-width:550px) {\n  #col-1325922569 > .col-inner {\n    padding: 0px 30% 0px 0px;\n  }\n}\n<\/style>\n\t<\/div>\n\n\t\n<\/div>\n\t\t<\/div>\n\n\t\t\n<style>\n#section_1752368303 {\n  padding-top: 30px;\n  padding-bottom: 30px;\n}\n<\/style>\n\t<\/section>\n\t\n\n\t<section class=\"section\" id=\"section_1249245192\">\n\t\t<div class=\"section-bg fill\" >\n\t\t\t\t\t\t\t\t\t\n\t\t\t\n\n\t\t<\/div>\n\n\t\t\n\n\t\t<div class=\"section-content relative\">\n\t\t\t\n<div class=\"row row-full-width\"  id=\"row-425796509\">\n\n\t<div id=\"col-1558598367\" class=\"col small-12 large-12\"  >\n\t\t\t\t<div class=\"col-inner\"  >\n\t\t\t\n\t\t\t\n\t<div class=\"img has-hover x md-x lg-x y md-y lg-y\" id=\"image_1504913388\">\n\t\t\t\t\t\t\t\t<div class=\"img-inner dark\" >\n\t\t\t<img loading=\"lazy\" decoding=\"async\" width=\"1020\" height=\"538\" src=\"https:\/\/swiftlifts.com\/wp-content\/uploads\/2023\/11\/project_landscape_lagenda_02-1400x738.jpg\" class=\"attachment-large size-large\" alt=\"\" srcset=\"https:\/\/swiftlifts.com\/wp-content\/uploads\/2023\/11\/project_landscape_lagenda_02-1400x738.jpg 1400w, https:\/\/swiftlifts.com\/wp-content\/uploads\/2023\/11\/project_landscape_lagenda_02-759x400.jpg 759w, https:\/\/swiftlifts.com\/wp-content\/uploads\/2023\/11\/project_landscape_lagenda_02-768x405.jpg 768w, https:\/\/swiftlifts.com\/wp-content\/uploads\/2023\/11\/project_landscape_lagenda_02-1536x809.jpg 1536w, https:\/\/swiftlifts.com\/wp-content\/uploads\/2023\/11\/project_landscape_lagenda_02.jpg 2000w\" sizes=\"auto, (max-width: 1020px) 100vw, 1020px\" \/>\t\t\t\t\t\t\n\t\t\t\t\t<\/div>\n\t\t\t\t\t\t\t\t\n<style>\n#image_1504913388 {\n  width: 100%;\n}\n<\/style>\n\t<\/div>\n\t\n\t<div id=\"text-2747706562\" class=\"text\">\n\t\t\n<p>Entornos verdes exuberantes, una piscina infinita y un SWIFT Pro, como piezas \u00fanicas en Villa Lagenda. <\/p>\n\t\t\n<style>\n#text-2747706562 {\n  font-size: 1rem;\n  color: #ff9196;\n}\n#text-2747706562 > * {\n  color: #ff9196;\n}\n<\/style>\n\t<\/div>\n\t\n\t\t<\/div>\n\t\t\t\t\n<style>\n#col-1558598367 > .col-inner {\n  padding: 0px 0px 0px 0px;\n}\n@media (min-width:550px) {\n  #col-1558598367 > .col-inner {\n    padding: 0px 15% 0px 15%;\n  }\n}\n<\/style>\n\t<\/div>\n\n\t\n\n\t<div id=\"col-780679868\" class=\"col medium-6 small-12 large-6\"  >\n\t\t\t\t<div class=\"col-inner text-center\"  >\n\t\t\t\n\t\t\t\n<a href=\"https:\/\/swiftlifts.com\/en\/projects\/\" class=\"button alert lowercase\" >\n\t\t<span>Haga clic aqu\u00ed para ver m\u00e1s proyectos<\/span>\n\t<\/a>\n\n\t\t<\/div>\n\t\t\t\t\n<style>\n#col-780679868 > .col-inner {\n  padding: 0px 0px 0px 0px;\n}\n@media (min-width:550px) {\n  #col-780679868 > .col-inner {\n    padding: 0px 0px 0px 30%;\n  }\n}\n<\/style>\n\t<\/div>\n\n\t\n\n\t<div id=\"col-1200814837\" class=\"col medium-6 small-12 large-6\"  >\n\t\t\t\t<div class=\"col-inner text-center\"  >\n\t\t\t\n\t\t\t\n<a href=\"https:\/\/swiftlifts.com\/en\/products\/swift-pro-residential-lift\/\" class=\"button primary lowercase\" >\n\t\t<span>P\u00e1gina del producto SWIFT Pro<\/span>\n\t<\/a>\n\n\t\t<\/div>\n\t\t\t\t\n<style>\n#col-1200814837 > .col-inner {\n  padding: 0px 0px 0px 0px;\n}\n@media (min-width:550px) {\n  #col-1200814837 > .col-inner {\n    padding: 0px 30% 0px 0%;\n  }\n}\n<\/style>\n\t<\/div>\n\n\t\n<\/div>\n\t\t<\/div>\n\n\t\t\n<style>\n#section_1249245192 {\n  padding-top: 30px;\n  padding-bottom: 30px;\n}\n<\/style>\n\t<\/section>\n\t\n","protected":false},"excerpt":{"rendered":"","protected":false},"author":1,"featured_media":0,"parent":25631,"menu_order":0,"comment_status":"closed","ping_status":"closed","template":"page-transparent-header.php","meta":{"_acf_changed":false,"content-type":"","footnotes":""},"class_list":["post-25644","page","type-page","status-publish","hentry"],"acf":[],"yoast_head":"<!-- This site is optimized with the Yoast SEO Premium plugin v27.3 (Yoast SEO v27.3) - https:\/\/yoast.com\/product\/yoast-seo-premium-wordpress\/ -->\n<title>Proyectos - Casa Lagenda - SWIFT - 100% battery driven home lifts<\/title>\n<meta name=\"robots\" content=\"index, follow, max-snippet:-1, max-image-preview:large, max-video-preview:-1\" \/>\n<link rel=\"canonical\" href=\"https:\/\/swiftlifts.com\/es\/proyectos\/proyectos-casa-lagenda\/\" \/>\n<meta property=\"og:locale\" content=\"es_ES\" \/>\n<meta property=\"og:type\" content=\"article\" \/>\n<meta property=\"og:title\" content=\"Proyectos - Casa Lagenda\" \/>\n<meta property=\"og:url\" content=\"https:\/\/swiftlifts.com\/es\/proyectos\/proyectos-casa-lagenda\/\" \/>\n<meta property=\"og:site_name\" content=\"SWIFT - 100% battery driven home lifts\" \/>\n<meta property=\"article:publisher\" content=\"https:\/\/www.facebook.com\/swifthomelifts\" \/>\n<meta property=\"article:modified_time\" content=\"2024-12-10T10:02:38+00:00\" \/>\n<meta name=\"twitter:card\" content=\"summary_large_image\" \/>\n<meta name=\"twitter:label1\" content=\"Tiempo de lectura\" \/>\n\t<meta name=\"twitter:data1\" content=\"2 minutos\" \/>\n<script type=\"application\/ld+json\" class=\"yoast-schema-graph\">{\"@context\":\"https:\\\/\\\/schema.org\",\"@graph\":[{\"@type\":\"WebPage\",\"@id\":\"https:\\\/\\\/swiftlifts.com\\\/es\\\/proyectos\\\/proyectos-casa-lagenda\\\/\",\"url\":\"https:\\\/\\\/swiftlifts.com\\\/es\\\/proyectos\\\/proyectos-casa-lagenda\\\/\",\"name\":\"Proyectos - Casa Lagenda - SWIFT - 100% battery driven home lifts\",\"isPartOf\":{\"@id\":\"https:\\\/\\\/swiftlifts.com\\\/es\\\/#website\"},\"datePublished\":\"2024-05-27T12:00:02+00:00\",\"dateModified\":\"2024-12-10T10:02:38+00:00\",\"breadcrumb\":{\"@id\":\"https:\\\/\\\/swiftlifts.com\\\/es\\\/proyectos\\\/proyectos-casa-lagenda\\\/#breadcrumb\"},\"inLanguage\":\"es\",\"potentialAction\":[{\"@type\":\"ReadAction\",\"target\":[\"https:\\\/\\\/swiftlifts.com\\\/es\\\/proyectos\\\/proyectos-casa-lagenda\\\/\"]}]},{\"@type\":\"BreadcrumbList\",\"@id\":\"https:\\\/\\\/swiftlifts.com\\\/es\\\/proyectos\\\/proyectos-casa-lagenda\\\/#breadcrumb\",\"itemListElement\":[{\"@type\":\"ListItem\",\"position\":1,\"name\":\"Home\",\"item\":\"https:\\\/\\\/swiftlifts.com\\\/es\\\/\"},{\"@type\":\"ListItem\",\"position\":2,\"name\":\"Proyectos\",\"item\":\"https:\\\/\\\/swiftlifts.com\\\/es\\\/proyectos\\\/\"},{\"@type\":\"ListItem\",\"position\":3,\"name\":\"Proyectos &#8211; Casa Lagenda\"}]},{\"@type\":\"WebSite\",\"@id\":\"https:\\\/\\\/swiftlifts.com\\\/es\\\/#website\",\"url\":\"https:\\\/\\\/swiftlifts.com\\\/es\\\/\",\"name\":\"SWIFT - 100% battery driven home lifts\",\"description\":\"NEW WAYS TO MOVE\",\"publisher\":{\"@id\":\"https:\\\/\\\/swiftlifts.com\\\/es\\\/#organization\"},\"potentialAction\":[{\"@type\":\"SearchAction\",\"target\":{\"@type\":\"EntryPoint\",\"urlTemplate\":\"https:\\\/\\\/swiftlifts.com\\\/es\\\/?s={search_term_string}\"},\"query-input\":{\"@type\":\"PropertyValueSpecification\",\"valueRequired\":true,\"valueName\":\"search_term_string\"}}],\"inLanguage\":\"es\"},{\"@type\":\"Organization\",\"@id\":\"https:\\\/\\\/swiftlifts.com\\\/es\\\/#organization\",\"name\":\"SWIFT Home Lifts\",\"url\":\"https:\\\/\\\/swiftlifts.com\\\/es\\\/\",\"logo\":{\"@type\":\"ImageObject\",\"inLanguage\":\"es\",\"@id\":\"https:\\\/\\\/swiftlifts.com\\\/es\\\/#\\\/schema\\\/logo\\\/image\\\/\",\"url\":\"https:\\\/\\\/swiftlifts.com\\\/wp-content\\\/uploads\\\/2025\\\/03\\\/cropped-SWIFT-Logo-Google.jpg\",\"contentUrl\":\"https:\\\/\\\/swiftlifts.com\\\/wp-content\\\/uploads\\\/2025\\\/03\\\/cropped-SWIFT-Logo-Google.jpg\",\"width\":512,\"height\":512,\"caption\":\"SWIFT Home Lifts\"},\"image\":{\"@id\":\"https:\\\/\\\/swiftlifts.com\\\/es\\\/#\\\/schema\\\/logo\\\/image\\\/\"},\"sameAs\":[\"https:\\\/\\\/www.facebook.com\\\/swifthomelifts\",\"https:\\\/\\\/www.instagram.com\\\/swifthomelifts\\\/\",\"https:\\\/\\\/www.linkedin.com\\\/company\\\/swifthomelifts\\\/\",\"https:\\\/\\\/www.pinterest.se\\\/swifthomelifts\\\/\",\"https:\\\/\\\/www.youtube.com\\\/@swift5669\"]}]}<\/script>\n<!-- \/ Yoast SEO Premium plugin. -->","yoast_head_json":{"title":"Proyectos - Casa Lagenda - SWIFT - 100% battery driven home lifts","robots":{"index":"index","follow":"follow","max-snippet":"max-snippet:-1","max-image-preview":"max-image-preview:large","max-video-preview":"max-video-preview:-1"},"canonical":"https:\/\/swiftlifts.com\/es\/proyectos\/proyectos-casa-lagenda\/","og_locale":"es_ES","og_type":"article","og_title":"Proyectos - Casa Lagenda","og_url":"https:\/\/swiftlifts.com\/es\/proyectos\/proyectos-casa-lagenda\/","og_site_name":"SWIFT - 100% battery driven home lifts","article_publisher":"https:\/\/www.facebook.com\/swifthomelifts","article_modified_time":"2024-12-10T10:02:38+00:00","twitter_card":"summary_large_image","twitter_misc":{"Tiempo de lectura":"2 minutos"},"schema":{"@context":"https:\/\/schema.org","@graph":[{"@type":"WebPage","@id":"https:\/\/swiftlifts.com\/es\/proyectos\/proyectos-casa-lagenda\/","url":"https:\/\/swiftlifts.com\/es\/proyectos\/proyectos-casa-lagenda\/","name":"Proyectos - Casa Lagenda - SWIFT - 100% battery driven home lifts","isPartOf":{"@id":"https:\/\/swiftlifts.com\/es\/#website"},"datePublished":"2024-05-27T12:00:02+00:00","dateModified":"2024-12-10T10:02:38+00:00","breadcrumb":{"@id":"https:\/\/swiftlifts.com\/es\/proyectos\/proyectos-casa-lagenda\/#breadcrumb"},"inLanguage":"es","potentialAction":[{"@type":"ReadAction","target":["https:\/\/swiftlifts.com\/es\/proyectos\/proyectos-casa-lagenda\/"]}]},{"@type":"BreadcrumbList","@id":"https:\/\/swiftlifts.com\/es\/proyectos\/proyectos-casa-lagenda\/#breadcrumb","itemListElement":[{"@type":"ListItem","position":1,"name":"Home","item":"https:\/\/swiftlifts.com\/es\/"},{"@type":"ListItem","position":2,"name":"Proyectos","item":"https:\/\/swiftlifts.com\/es\/proyectos\/"},{"@type":"ListItem","position":3,"name":"Proyectos &#8211; Casa Lagenda"}]},{"@type":"WebSite","@id":"https:\/\/swiftlifts.com\/es\/#website","url":"https:\/\/swiftlifts.com\/es\/","name":"SWIFT - 100% battery driven home lifts","description":"NEW WAYS TO MOVE","publisher":{"@id":"https:\/\/swiftlifts.com\/es\/#organization"},"potentialAction":[{"@type":"SearchAction","target":{"@type":"EntryPoint","urlTemplate":"https:\/\/swiftlifts.com\/es\/?s={search_term_string}"},"query-input":{"@type":"PropertyValueSpecification","valueRequired":true,"valueName":"search_term_string"}}],"inLanguage":"es"},{"@type":"Organization","@id":"https:\/\/swiftlifts.com\/es\/#organization","name":"SWIFT Home Lifts","url":"https:\/\/swiftlifts.com\/es\/","logo":{"@type":"ImageObject","inLanguage":"es","@id":"https:\/\/swiftlifts.com\/es\/#\/schema\/logo\/image\/","url":"https:\/\/swiftlifts.com\/wp-content\/uploads\/2025\/03\/cropped-SWIFT-Logo-Google.jpg","contentUrl":"https:\/\/swiftlifts.com\/wp-content\/uploads\/2025\/03\/cropped-SWIFT-Logo-Google.jpg","width":512,"height":512,"caption":"SWIFT Home Lifts"},"image":{"@id":"https:\/\/swiftlifts.com\/es\/#\/schema\/logo\/image\/"},"sameAs":["https:\/\/www.facebook.com\/swifthomelifts","https:\/\/www.instagram.com\/swifthomelifts\/","https:\/\/www.linkedin.com\/company\/swifthomelifts\/","https:\/\/www.pinterest.se\/swifthomelifts\/","https:\/\/www.youtube.com\/@swift5669"]}]}},"_links":{"self":[{"href":"https:\/\/swiftlifts.com\/es\/wp-json\/wp\/v2\/pages\/25644","targetHints":{"allow":["GET"]}}],"collection":[{"href":"https:\/\/swiftlifts.com\/es\/wp-json\/wp\/v2\/pages"}],"about":[{"href":"https:\/\/swiftlifts.com\/es\/wp-json\/wp\/v2\/types\/page"}],"author":[{"embeddable":true,"href":"https:\/\/swiftlifts.com\/es\/wp-json\/wp\/v2\/users\/1"}],"replies":[{"embeddable":true,"href":"https:\/\/swiftlifts.com\/es\/wp-json\/wp\/v2\/comments?post=25644"}],"version-history":[{"count":1,"href":"https:\/\/swiftlifts.com\/es\/wp-json\/wp\/v2\/pages\/25644\/revisions"}],"predecessor-version":[{"id":38122,"href":"https:\/\/swiftlifts.com\/es\/wp-json\/wp\/v2\/pages\/25644\/revisions\/38122"}],"up":[{"embeddable":true,"href":"https:\/\/swiftlifts.com\/es\/wp-json\/wp\/v2\/pages\/25631"}],"wp:attachment":[{"href":"https:\/\/swiftlifts.com\/es\/wp-json\/wp\/v2\/media?parent=25644"}],"curies":[{"name":"wp","href":"https:\/\/api.w.org\/{rel}","templated":true}]}}